{"id":1572,"date":"2020-10-28T12:31:18","date_gmt":"2020-10-28T12:31:18","guid":{"rendered":"http:\/\/grupo.us.es\/newtutsosmodhum\/?page_id=1572"},"modified":"2020-12-11T12:00:46","modified_gmt":"2020-12-11T12:00:46","slug":"1572-2","status":"publish","type":"page","link":"https:\/\/grupo.us.es\/newtutsosmodhum\/?page_id=1572","title":{"rendered":"VII SEMINARIO ECP"},"content":{"rendered":"<h4 style=\"text-align: center;\"><span style=\"color: #000000;\"><strong>VII\u00a0SEMINARIO DE ESTRATEGIAS PARA<\/strong><\/span><\/h4>\n<h4 style=\"text-align: center;\"><span style=\"color: #000000;\"><strong>EL CONOCIMIENTO DEL PATRIMONIO ARQUITECT\u00d3NICO<\/strong><\/span><\/h4>\n<p style=\"text-align: center;\"><span style=\"color: #000000;\">Transferencia de conocimiento.\u00a0<\/span><span style=\"color: #000000;\">Debates metodol\u00f3gicos.<\/span><\/p>\n<p style=\"text-align: center;\"><span style=\"color: #000000;\">Sevilla 26 y 27 de NOVIEMBRE 2020.\u00a0<\/span><span style=\"color: #000000;\">Sevilla<\/span><\/p>\n<p style=\"text-align: center;\"><span style=\"color: #000000;\">ONLINE<\/span><\/p>\n<p><img loading=\"lazy\" decoding=\"async\" class=\"size-full wp-image-1585 aligncenter\" src=\"http:\/\/grupo.us.es\/newtutsosmodhum\/wp-content\/uploads\/2020\/10\/imagen2.png\" alt=\"\" width=\"297\" height=\"269\" data-action=\"zoom\" \/><\/p>\n<p style=\"text-align: center;\"><span style=\"color: #000000;\">Reconocida como actividad de grado de la Universidad de Sevilla:<\/span><\/p>\n<p style=\"text-align: center;\"><span style=\"color: #000000;\">Acuerdo Comisi\u00f3n Reconocimiento Acad\u00e9mico 10\/06\/2020<\/span><\/p>\n<p style=\"text-align: center;\"><span style=\"color: #000000;\">10 horas lectivas, 1 cr\u00e9dito LRU y 0,4 cr\u00e9ditos ECTS (Certificado de asistencia).<\/span><\/p>\n<p>&nbsp;<\/p>\n<p><span style=\"color: #000000;\">ANTECEDENTES<\/span><\/p>\n<p><span style=\"color: #000000;\">La <strong>Reuni\u00f3n cient\u00edfica sobre Estrategias para el Conocimiento del Patrimonio<\/strong> <strong>Arquitect\u00f3nico<\/strong> se inici\u00f3 en 2011 como una jornada peri\u00f3dica, dirigida al intercambio y convergencia de ideas, procedimientos y experiencias entre diferentes \u00e1reas de conocimiento dedicadas al estudio y gesti\u00f3n del patrimonio arquitect\u00f3nico. Su objeto es generar un espacio para la reflexi\u00f3n, el debate y la innovaci\u00f3n metodol\u00f3gica, que contribuyera a su conocimiento cient\u00edfico, desde la interdisciplinariedad. Desde entonces se han celebrado seis jornadas (2011, 2012, 2014, 2016, 2018 y 2019) que han abordado el debate e intercambio entre enfoques como el arqueol\u00f3gico, el historiogr\u00e1fico, el urbano, o el digital y algor\u00edtmico, as\u00ed como contrastar resultados con otros grupos de investigaci\u00f3n. Estas sesiones de trabajo han contado con la participaci\u00f3n de investigadores externos de reconocido prestigio, junto a investigadores n\u00f3veles, entre los que hemos podido confrontar opiniones, m\u00e9todos y estrategias de trabajo. Estas jornadas, a su vez, han servido para preparar el camino a los cuatro proyectos I+D del Plan Nacional conseguidos por el grupo HUM799 desde 2012, compartir sus resultados con el colectivo investigador y el p\u00fablico en general.<\/span><\/p>\n<p>&nbsp;<\/p>\n<p><span style=\"color: #000000;\">OBJETIVOS<\/span><\/p>\n<p><span style=\"color: #000000;\">\u00a0\u00a0\u00a0\u00a0\u00a0\u00a0\u00a0\u00a0\u00a0\u00a0\u00a0 En esta s\u00e9ptima edici\u00f3n, que forma parte de las acciones del proyecto HAR2016-78113-R, se pretende difundir <strong>los resultados obtenidos, ya sean propios o de grupos de investigaci\u00f3n con los que colaboramos,<\/strong> y <strong>mostrar futuras l\u00edneas de transferencia a instituciones y empresas, as\u00ed como cooperaciones<\/strong>. Esta edici\u00f3n se produce en el contexto del cierre de \u00e9ste proyecto del Plan Nacional citado y el desarrollo del proyecto bianual 2020-21 bajo la convocatoria RIS3.<\/span><\/p>\n<p><span style=\"color: #000000;\">Los avances que se muestran en este seminario se han producido en relaci\u00f3n al uso de las tecnolog\u00edas de la informaci\u00f3n, bases de datos y sistemas de modelizaci\u00f3n digital 3d y su uso sostenible aplicados a la conservaci\u00f3n y gesti\u00f3n del Patrimonio.<\/span><\/p>\n<p><span style=\"color: #000000;\">La conservaci\u00f3n del patrimonio arquitect\u00f3nico que englobamos bajo el t\u00e9rmino gen\u00e9rico de tutela es, ante todo, un proceso complejo y sostenido en el tiempo donde la pieza clave es el conocimiento. En ese proceso, la informaci\u00f3n es fundamental porque es la que nos permite crear conocimiento y gestionarlo con distintos objetivos y con la participaci\u00f3n de agentes muy diversos. Sin este conocimiento no es posible abordar el acercamiento al bien cultural ni discernir sobre los criterios de tutela. Para ello los sistemas de registro de informaci\u00f3n, gr\u00e1fica, fotogr\u00e1fica, cartogr\u00e1fica y alfanum\u00e9rica resultan fundamentales. En ese contexto los Sistemas de Informaci\u00f3n Geogr\u00e1fica y los BIM son herramientas o instrumentos fundamentales para la gesti\u00f3n masiva de informaci\u00f3n y para vincular la misma a las coberturas geoespaciales de cada bien cultural. Pero estas herramientas contribuyen cualitativamente a los procesos de an\u00e1lisis, a la generaci\u00f3n de nueva informaci\u00f3n antes inabarcables y ampl\u00edan el conocimiento, en un proceso de constante crecimiento. Esto \u00faltimo hace imprescindible considerar los problemas para la difusi\u00f3n y conservaci\u00f3n de la informaci\u00f3n de una manera sostenible.<\/span><\/p>\n<p><span style=\"color: #000000;\">Como es habitual en nuestro seminario, estas cuestiones se plantean entre un plano te\u00f3rico de discusi\u00f3n y el desarrollo de experiencias concretas que han intentado aproximar la investigaci\u00f3n a problemas reales relacionados con la conservaci\u00f3n del patrimonio, desde los procesos de sensibilizaci\u00f3n social, como punto de partida para la puesta en valor del patrimonio, la contribuci\u00f3n a la planificaci\u00f3n de dicha conservaci\u00f3n, el acompa\u00f1amiento y registro de los procesos de restauraci\u00f3n y conservaci\u00f3n preventiva, o la gesti\u00f3n eficiente del uso p\u00fablico de este patrimonio.<\/span><\/p>\n<p><span style=\"color: #000000;\">En esta convocatoria contamos con la colaboraci\u00f3n de dos grupos de investigaci\u00f3n: el primero del Pa\u00eds Vasco, Grupo de Investigaci\u00f3n de Patrimonio Construido (GPAC) en concreto el Laboratorio de Documentaci\u00f3n Geom\u00e9trica del Patrimonio (LDGP) representado por Jaione Korro Ba\u00f1uelos, y el otro del grupo Reconocimiento, puesta en valor y gesti\u00f3n del patrimonio a trav\u00e9s de modelos HBIM adscrito al Centro de Investigaci\u00f3n en Arquitectura, Patrimonio y Gesti\u00f3n para el desarrollo (PEGASO), de la Universitat Polit\u00e8cnica de Val\u00e8ncia, representado por Elena Salvador Garc\u00eda, Jorge Garc\u00eda-Valldecabres y Mar\u00eda Jos\u00e9 Vi\u00f1als Blasco. Por otro lado, contamos con la participaci\u00f3n de Jos\u00e9 Pablo Bulgarelli Bola\u00f1os y Rosa Elena Malavassi Aguilar en representaci\u00f3n del Instituto Tecnol\u00f3gico de Costa Rica y los doctorandos Raffaele Pontrandolfi de la Universidad de Roma Tre y Arianna Santoni de la Universit\u00e1 Politecnica delle Marche. A todos ellos agradecemos su colaboraci\u00f3n en estas jornadas. \u00a0<\/span><\/p>\n<h4><span style=\"color: #ffffff;\">.<\/span><\/h4>\n<h4><span style=\"color: #ffffff;\">.<\/span><\/h4>\n<h4 style=\"text-align: center;\"><span style=\"color: #000000;\">SESI\u00d3N I. SIG y GRAFOS<\/span><\/h4>\n<p>&nbsp;<\/p>\n<p style=\"text-align: center;\"><span style=\"color: #000000;\">Primera parte. <strong>La organizaci\u00f3n y gesti\u00f3n de la informaci\u00f3n. Las bases de datos y los Sistemas de Informaci\u00f3n. \u00a0<\/strong><\/span><\/p>\n<p>&nbsp;<\/p>\n<p style=\"text-align: center;\"><span style=\"color: #000000;\">Pilar Acosta Iba\u00f1ez &#8211;\u00a0<em>Las Historias Cl\u00ednicas del Patrimonio Arquitect\u00f3nico: documentar para intervenir en el siglo XXI.<\/em><\/span><\/p>\n<p style=\"text-align: center;\"><iframe loading=\"lazy\" src=\"https:\/\/www.youtube.com\/embed\/Wm2gxZDHrfk\" width=\"560\" height=\"315\" frameborder=\"1\" allowfullscreen=\"allowfullscreen\"><span data-mce-type=\"bookmark\" style=\"display: inline-block; width: 0px; overflow: hidden; line-height: 0;\" class=\"mce_SELRES_start\">\ufeff<\/span><\/iframe><\/p>\n<p>&nbsp;<\/p>\n<p style=\"text-align: center;\"><span style=\"color: #000000;\">Patricia Wanderley Ferreira Lopes &#8211;\u00a0<em>Gesti\u00f3n de la informaci\u00f3n y modelos digitales \u2013 SIG y Grafos \u2013 aplicados a la comprensi\u00f3n hist\u00f3rica del patrimonio.<\/em><\/span><\/p>\n<p style=\"text-align: center;\"><iframe loading=\"lazy\" src=\"https:\/\/www.youtube.com\/embed\/PFM5DZDlIpI\" width=\"560\" height=\"315\" frameborder=\"1\" allowfullscreen=\"allowfullscreen\"><span data-mce-type=\"bookmark\" style=\"display: inline-block; width: 0px; overflow: hidden; line-height: 0;\" class=\"mce_SELRES_start\">\ufeff<\/span><\/iframe><\/p>\n<p>&nbsp;<\/p>\n<p style=\"text-align: center;\"><span style=\"color: #000000;\">Jorge Garc\u00eda Valldecabres y Elena Salvador Garc\u00eda &#8211;\u00a0<em><span style=\"color: #000000;\">Sincronizaci\u00f3n de una base de dat<\/span>os externa con modelos HBIM para centralizar el conocimiento interdisciplinar del patrimonio arquitect\u00f3nico.<\/em><\/span><\/p>\n<p style=\"text-align: center;\"><iframe loading=\"lazy\" src=\"https:\/\/www.youtube.com\/embed\/XsY7BxtExo4\" width=\"560\" height=\"315\" frameborder=\"1\" allowfullscreen=\"allowfullscreen\"><span data-mce-type=\"bookmark\" style=\"display: inline-block; width: 0px; overflow: hidden; line-height: 0;\" class=\"mce_SELRES_start\">\ufeff<\/span><\/iframe><\/p>\n<p>&nbsp;<\/p>\n<p style=\"text-align: center;\"><span style=\"color: #000000;\">Jaione Korro Ba\u00f1uelos &#8211;\u00a0<em>La gesti\u00f3n documental de la restauraci\u00f3n del Patrimonio Arquitect\u00f3nico. Implementaci\u00f3n, mantenimiento y repercusi\u00f3n en la puesta en valor del Patrimonio y de los proyectos de conservaci\u00f3n-restauraci\u00f3n. El caso de San Mill\u00e1n de la Cogolla. Patrimonio de la Humanidad.<\/em><\/span><\/p>\n<p style=\"text-align: center;\"><iframe loading=\"lazy\" src=\"https:\/\/www.youtube.com\/embed\/O6x3WoI1Wok\" width=\"560\" height=\"315\" frameborder=\"1\" allowfullscreen=\"allowfullscreen\"><span data-mce-type=\"bookmark\" style=\"display: inline-block; width: 0px; overflow: hidden; line-height: 0;\" class=\"mce_SELRES_start\">\ufeff<\/span><\/iframe><\/p>\n<p>&nbsp;<\/p>\n<p style=\"text-align: center;\"><span style=\"color: #000000;\">Segunda parte. <strong>Los modelos territoriales en el an\u00e1lisis y puesta en valor del patrimonio disperso y la activaci\u00f3n de redes patrimoniales.<\/strong><\/span><\/p>\n<p>&nbsp;<\/p>\n<p style=\"text-align: center;\"><span style=\"color: #000000;\">Julia Rey y Victoria Dominguez &#8211;\u00a0<em>Investigaci\u00f3n aplicada en el patrimonio cultural a trav\u00e9s de los SIG. El caso del patrimonio rural en Valverde de Burguillos, Badajoz (Espa\u00f1a).<\/em><\/span><\/p>\n<p style=\"text-align: center;\"><iframe loading=\"lazy\" src=\"https:\/\/www.youtube.com\/embed\/wQu7PlUst1o\" width=\"560\" height=\"315\" frameborder=\"1\" allowfullscreen=\"allowfullscreen\"><span data-mce-type=\"bookmark\" style=\"display: inline-block; width: 0px; overflow: hidden; line-height: 0;\" class=\"mce_SELRES_start\">\ufeff<\/span><\/iframe><\/p>\n<p>&nbsp;<\/p>\n<p style=\"text-align: center;\"><span style=\"color: #000000;\">Juan Jos\u00e9 Fondevilla Aparicio &#8211;\u00a0<em>An\u00e1lisis geospacial y producci\u00f3n de cartograf\u00eda predictiva en el estudio y detecci\u00f3n de nuevos yacimientos. El caso de las fortalezas bajomedievales de La Banda Gallega.<\/em><\/span><\/p>\n<p style=\"text-align: center;\"><iframe loading=\"lazy\" src=\"https:\/\/www.youtube.com\/embed\/X_ihJXp-V-g\" width=\"560\" height=\"315\" frameborder=\"1\" allowfullscreen=\"allowfullscreen\"><span data-mce-type=\"bookmark\" style=\"display: inline-block; width: 0px; overflow: hidden; line-height: 0;\" class=\"mce_SELRES_start\">\ufeff<\/span><\/iframe><\/p>\n<p>&nbsp;<\/p>\n<p style=\"text-align: center;\"><span style=\"color: #000000;\">Jorge Moya Mu\u00f1oz &#8211;\u00a0<em>El olivar hist\u00f3rico de \u00c9cija. Desarrollo metodol\u00f3gico para su puesta en valor a partir de los modelos digitales SIG y HBIM.<\/em><\/span><\/p>\n<h4 style=\"text-align: center;\"><iframe loading=\"lazy\" src=\"https:\/\/www.youtube.com\/embed\/gfdD5RO7_qc\" width=\"560\" height=\"315\" frameborder=\"1\" allowfullscreen=\"allowfullscreen\"><span data-mce-type=\"bookmark\" style=\"display: inline-block; width: 0px; overflow: hidden; line-height: 0;\" class=\"mce_SELRES_start\">\ufeff<\/span><\/iframe><\/h4>\n<h4 style=\"text-align: center;\"><span style=\"color: #ffffff;\">.<\/span><\/h4>\n<h4 style=\"text-align: center;\"><span style=\"color: #000000;\">SESI\u00d3N II. HBIM<\/span><\/h4>\n<p>&nbsp;<\/p>\n<p style=\"text-align: center;\"><span style=\"color: #000000;\">Primera parte. <strong>El papel de los modelos HBIM en la tutela del patrimonio.<\/strong><\/span><\/p>\n<p>&nbsp;<\/p>\n<p style=\"text-align: center;\"><span style=\"color: #000000;\">Jos\u00e9 Pablo Bulgarelli Bola\u00f1os y Rosa Elena Malavassi Aguilar &#8211;\u00a0<em>Reflexiones en torno a los avances en el uso de los modelos HBIM en las intervenciones patrimoniales y el concepto de Conservaci\u00f3n Programada. Hacia un estado de la cuesti\u00f3n.<\/em><\/span><\/p>\n<p style=\"text-align: center;\"><iframe loading=\"lazy\" src=\"https:\/\/www.youtube.com\/embed\/6JwFLrBN1X0\" width=\"560\" height=\"315\" frameborder=\"1\" allowfullscreen=\"allowfullscreen\"><span data-mce-type=\"bookmark\" style=\"display: inline-block; width: 0px; overflow: hidden; line-height: 0;\" class=\"mce_SELRES_start\">\ufeff<\/span><\/iframe><\/p>\n<p>&nbsp;<\/p>\n<p style=\"text-align: center;\"><span style=\"color: #000000;\">Roque Angulo Fornos y Manuel Castellano Rom\u00e1n &#8211;\u00a0<em>Modelos HBIM en los procesos de tutela. Las figuras de planificaci\u00f3n de la conservaci\u00f3n de la escala local a modelos de alta precisi\u00f3n para el soporte de acciones de conservaci\u00f3n en edificios hist\u00f3ricos.<\/em><\/span><\/p>\n<p style=\"text-align: center;\"><iframe loading=\"lazy\" src=\"https:\/\/www.youtube.com\/embed\/ecbSntSDGqQ\" width=\"560\" height=\"315\" frameborder=\"1\" allowfullscreen=\"allowfullscreen\"><span data-mce-type=\"bookmark\" style=\"display: inline-block; width: 0px; overflow: hidden; line-height: 0;\" class=\"mce_SELRES_start\">\ufeff<\/span><\/iframe><\/p>\n<p>&nbsp;<\/p>\n<p style=\"text-align: center;\"><span style=\"color: #000000;\">Raffaelo Pontrandolfi &#8211;\u00a0<em>An\u00e1lisis cognitivo, herramientas y metodolog\u00edas para la valorizaci\u00f3n y recuperaci\u00f3n hist\u00f3rica del patrimonio residencial p\u00fablico de la segunda posguerra en Italia.<\/em> <em>El caso del pueblo rural La Martella en Matera.<\/em><\/span><\/p>\n<p style=\"text-align: center;\"><iframe loading=\"lazy\" src=\"https:\/\/www.youtube.com\/embed\/XbQUFJ8-d1o\" width=\"560\" height=\"315\" frameborder=\"1\" allowfullscreen=\"allowfullscreen\"><span data-mce-type=\"bookmark\" style=\"display: inline-block; width: 0px; overflow: hidden; line-height: 0;\" class=\"mce_SELRES_start\">\ufeff<\/span><\/iframe><\/p>\n<p>&nbsp;<\/p>\n<p style=\"text-align: center;\"><span style=\"color: #000000;\">Segunda parte. <strong>El papel de los modelos HBIM en el an\u00e1lisis del patrimonio arquitect\u00f3nico.<\/strong><\/span><\/p>\n<p>&nbsp;<\/p>\n<p style=\"text-align: center;\"><span style=\"color: #000000;\">Rafael Mart\u00edn Talaverano y Jos\u00e9 Ignacio Murillo Fragero &#8211;\u00a0<em>La consideraci\u00f3n hist\u00f3rica y arqueol\u00f3gica en la\u00a0creaci\u00f3n\u00a0de\u00a0modelos\u00a0HBIM. Los estudios previos.<\/em><\/span><\/p>\n<p style=\"text-align: center;\"><iframe loading=\"lazy\" src=\"https:\/\/www.youtube.com\/embed\/SiiN_SQjty8\" width=\"560\" height=\"315\" frameborder=\"1\" allowfullscreen=\"allowfullscreen\"><span data-mce-type=\"bookmark\" style=\"display: inline-block; width: 0px; overflow: hidden; line-height: 0;\" class=\"mce_SELRES_start\">\ufeff<\/span><\/iframe><\/p>\n<p>&nbsp;<\/p>\n<p style=\"text-align: center;\"><span style=\"color: #000000;\">\u00a0\u00a0\u00a0\u00a0\u00a0\u00a0\u00a0\u00a0\u00a0\u00a0\u00a0\u00a0\u00a0\u00a0\u00a0 Arianna Santoni &#8211;\u00a0<em>Implementaci\u00f3n de la informaci\u00f3n hist\u00f3rico-constructiva mediante modelos HBIM: el caso de la Real Colegiata de San Isidoro de Le\u00f3n.<\/em><\/span><\/p>\n<p style=\"text-align: center;\"><iframe loading=\"lazy\" src=\"https:\/\/www.youtube.com\/embed\/39xcAXfVUqg\" width=\"560\" height=\"315\" frameborder=\"1\" allowfullscreen=\"allowfullscreen\"><span data-mce-type=\"bookmark\" style=\"display: inline-block; width: 0px; overflow: hidden; line-height: 0;\" class=\"mce_SELRES_start\">\ufeff<\/span><\/iframe><\/p>\n<p>&nbsp;<\/p>\n<p style=\"text-align: center;\"><span style=\"color: #000000;\">Jos\u00e9 Mar\u00eda Guerrero Vega y Gregorio Mora Vicente &#8211;\u00a0<em>La consideraci\u00f3n hist\u00f3rica y arqueol\u00f3gica en la creaci\u00f3n de modelos HBIM. El proyecto de intervenci\u00f3n.<\/em><\/span><\/p>\n<p style=\"text-align: center;\"><iframe loading=\"lazy\" src=\"https:\/\/www.youtube.com\/embed\/rcNnNbUq9AU\" width=\"560\" height=\"315\" frameborder=\"0\" allowfullscreen=\"allowfullscreen\"><\/iframe><\/p>\n<p>&nbsp;<\/p>\n<p>&nbsp;<\/p>\n<p style=\"text-align: center;\"><span style=\"color: #000000;\"><a href=\"http:\/\/grupo.us.es\/newtutsosmodhum\/wp-content\/uploads\/2020\/11\/PROGRAMA-VII-JORNADAS-ECP.pdf\"><span style=\"color: #ff0000;\"><strong><u>Descarga aqu\u00ed<\/u><\/strong><\/span><\/a> <strong>el programa y toda la informaci\u00f3n de las jornadas.<\/strong><\/span><\/p>\n<p>&nbsp;<\/p>\n<p>&nbsp;<\/p>\n<p><img loading=\"lazy\" decoding=\"async\" class=\"alignnone size-full wp-image-1627\" src=\"http:\/\/grupo.us.es\/newtutsosmodhum\/wp-content\/uploads\/2020\/11\/CARTEL-VII-JORNADAS.jpg\" alt=\"\" width=\"5551\" height=\"3508\" data-action=\"zoom\" srcset=\"https:\/\/grupo.us.es\/newtutsosmodhum\/wp-content\/uploads\/2020\/11\/CARTEL-VII-JORNADAS.jpg 5551w, https:\/\/grupo.us.es\/newtutsosmodhum\/wp-content\/uploads\/2020\/11\/CARTEL-VII-JORNADAS-300x190.jpg 300w, https:\/\/grupo.us.es\/newtutsosmodhum\/wp-content\/uploads\/2020\/11\/CARTEL-VII-JORNADAS-768x485.jpg 768w, https:\/\/grupo.us.es\/newtutsosmodhum\/wp-content\/uploads\/2020\/11\/CARTEL-VII-JORNADAS-1024x647.jpg 1024w\" sizes=\"auto, (max-width: 5551px) 100vw, 5551px\" \/><\/p>\n","protected":false},"excerpt":{"rendered":"<p>VII\u00a0SEMINARIO DE ESTRATEGIAS PARA EL CONOCIMIENTO DEL PATRIMONIO ARQUITECT\u00d3NICO Transferencia de conocimiento.\u00a0Debates metodol\u00f3gicos. Sevilla 26 y 27 de NOVIEMBRE 2020.\u00a0Sevilla [&hellip;]<\/p>\n","protected":false},"author":1,"featured_media":0,"parent":997,"menu_order":0,"comment_status":"closed","ping_status":"closed","template":"","meta":{"footnotes":""},"class_list":["post-1572","page","type-page","status-publish","hentry"],"_links":{"self":[{"href":"https:\/\/grupo.us.es\/newtutsosmodhum\/index.php?rest_route=\/wp\/v2\/pages\/1572","targetHints":{"allow":["GET"]}}],"collection":[{"href":"https:\/\/grupo.us.es\/newtutsosmodhum\/index.php?rest_route=\/wp\/v2\/pages"}],"about":[{"href":"https:\/\/grupo.us.es\/newtutsosmodhum\/index.php?rest_route=\/wp\/v2\/types\/page"}],"author":[{"embeddable":true,"href":"https:\/\/grupo.us.es\/newtutsosmodhum\/index.php?rest_route=\/wp\/v2\/users\/1"}],"replies":[{"embeddable":true,"href":"https:\/\/grupo.us.es\/newtutsosmodhum\/index.php?rest_route=%2Fwp%2Fv2%2Fcomments&post=1572"}],"version-history":[{"count":0,"href":"https:\/\/grupo.us.es\/newtutsosmodhum\/index.php?rest_route=\/wp\/v2\/pages\/1572\/revisions"}],"up":[{"embeddable":true,"href":"https:\/\/grupo.us.es\/newtutsosmodhum\/index.php?rest_route=\/wp\/v2\/pages\/997"}],"wp:attachment":[{"href":"https:\/\/grupo.us.es\/newtutsosmodhum\/index.php?rest_route=%2Fwp%2Fv2%2Fmedia&parent=1572"}],"curies":[{"name":"wp","href":"https:\/\/api.w.org\/{rel}","templated":true}]}}