{"id":141,"date":"2018-02-20T15:22:32","date_gmt":"2018-02-20T15:22:32","guid":{"rendered":"http:\/\/grupo.us.es\/newtutsosmodhum\/?page_id=141"},"modified":"2020-07-23T09:49:23","modified_gmt":"2020-07-23T09:49:23","slug":"tesis-doctorales","status":"publish","type":"page","link":"https:\/\/grupo.us.es\/newtutsosmodhum\/?page_id=141","title":{"rendered":"Tesis Doctorales"},"content":{"rendered":"<p style=\"text-align: center;\"><span style=\"color: #000000;\"><strong>\u00a0<a style=\"color: #000000;\" href=\"http:\/\/grupo.us.es\/newtutsosmodhum\/?page_id=141\">Tesis Doctorales<\/a><\/strong>\u00a0 \u00a0 \u00a0<a style=\"color: #000000;\" href=\"http:\/\/grupo.us.es\/newtutsosmodhum\/?page_id=144\">Monograf\u00edas<\/a>\u00a0 \u00a0 \u00a0<a style=\"color: #000000;\" href=\"http:\/\/grupo.us.es\/newtutsosmodhum\/?page_id=146\">Art\u00edculos<\/a>\u00a0 \u00a0 \u00a0\u00a0<a style=\"color: #000000;\" href=\"http:\/\/grupo.us.es\/newtutsosmodhum\/?page_id=148\">Seminarios y congresos<\/a>\u00a0 \u00a0 \u00a0<a style=\"color: #000000;\" href=\"http:\/\/grupo.us.es\/newtutsosmodhum\/?page_id=657\">Talleres<\/a>\u00a0 \u00a0 \u00a0\u00a0<a style=\"color: #000000;\" href=\"http:\/\/grupo.us.es\/newtutsosmodhum\/?page_id=150\">Visitas<\/a>\u00a0 \u00a0 \u00a0<a style=\"color: #000000;\" href=\"http:\/\/grupo.us.es\/newtutsosmodhum\/?page_id=152\">Estancias<\/a>\u00a0 \u00a0 <a href=\"http:\/\/grupo.us.es\/newtutsosmodhum\/?page_id=1371\">Premios<\/a>\u00a0 \u00a0 <a href=\"http:\/\/grupo.us.es\/newtutsosmodhum\/?page_id=1374\">Otros proyectos I+D+i<\/a><\/span><\/p>\n<p>&nbsp;<\/p>\n<p style=\"padding-left: 30px;\"><span style=\"color: #000000;\"><strong><u><a href=\"http:\/\/grupo.us.es\/newtutsosmodhum\/wp-content\/uploads\/2018\/05\/B2_TES_01.jpg\"><img loading=\"lazy\" decoding=\"async\" class=\"wp-image-1037 alignleft\" src=\"http:\/\/grupo.us.es\/newtutsosmodhum\/wp-content\/uploads\/2018\/05\/B2_TES_01.jpg\" alt=\"\" width=\"200\" height=\"200\" data-action=\"zoom\" srcset=\"https:\/\/grupo.us.es\/newtutsosmodhum\/wp-content\/uploads\/2018\/05\/B2_TES_01.jpg 825w, https:\/\/grupo.us.es\/newtutsosmodhum\/wp-content\/uploads\/2018\/05\/B2_TES_01-150x150.jpg 150w, https:\/\/grupo.us.es\/newtutsosmodhum\/wp-content\/uploads\/2018\/05\/B2_TES_01-300x300.jpg 300w, https:\/\/grupo.us.es\/newtutsosmodhum\/wp-content\/uploads\/2018\/05\/B2_TES_01-768x768.jpg 768w\" sizes=\"auto, (max-width: 200px) 100vw, 200px\" \/><\/a><\/u><\/strong><\/span><\/p>\n<p>&nbsp;<\/p>\n<p style=\"padding-left: 30px;\"><span style=\"color: #000000;\"><strong><u><a style=\"color: #000000;\" href=\"http:\/\/grupo.us.es\/newtutsosmodhum\/?page_id=340\">Angulo Fornos, Roque<\/a><\/u><\/strong>\u00a0(Dir. Tesis\u00a0<strong><u><a style=\"color: #000000;\" href=\"http:\/\/grupo.us.es\/newtutsosmodhum\/?page_id=203\">Pinto Puerto, Francisco<\/a><\/u><\/strong>). <em>Desarrollo de modelos digitales de informaci\u00f3n como base para el conocimiento, la intervenci\u00f3n y la gesti\u00f3n en el patrimonio arquitect\u00f3nico: de la captura digital al modelo HBIM<\/em>,\u00a0Escuela T\u00e9cnica Superior de Arquitectura de Sevilla, 2020.<\/span><\/p>\n<p><span style=\"color: #000000;\">Enlace a\u00a0<\/span><a href=\"https:\/\/idus.us.es\/handle\/11441\/98088\"><strong><span style=\"color: #ff0000;\"><u>idUS<\/u><\/span><\/strong><\/a><span style=\"color: #000000;\">.<\/span><\/p>\n<p>&nbsp;<\/p>\n<p>&nbsp;<\/p>\n<p style=\"padding-left: 30px;\"><span style=\"color: #000000;\"><u><strong><a href=\"http:\/\/grupo.us.es\/newtutsosmodhum\/wp-content\/uploads\/2018\/05\/A2_TES_01-1.jpg\"><img loading=\"lazy\" decoding=\"async\" class=\"wp-image-1051 alignleft\" src=\"http:\/\/grupo.us.es\/newtutsosmodhum\/wp-content\/uploads\/2018\/05\/A2_TES_01.jpg\" alt=\"\" width=\"200\" height=\"200\" data-action=\"zoom\" srcset=\"https:\/\/grupo.us.es\/newtutsosmodhum\/wp-content\/uploads\/2018\/05\/A2_TES_01.jpg 221w, https:\/\/grupo.us.es\/newtutsosmodhum\/wp-content\/uploads\/2018\/05\/A2_TES_01-150x150.jpg 150w\" sizes=\"auto, (max-width: 200px) 100vw, 200px\" \/><\/a><\/strong><\/u><\/span><\/p>\n<p>&nbsp;<\/p>\n<p style=\"padding-left: 30px;\"><span style=\"color: #000000;\"><u><strong><a style=\"color: #000000;\" href=\"http:\/\/grupo.us.es\/newtutsosmodhum\/?page_id=370\">Ferreira Lopes, Patricia<\/a><\/strong><\/u>\u00a0(Dir. Tesis\u00a0<strong><u><a style=\"color: #000000;\" href=\"http:\/\/grupo.us.es\/newtutsosmodhum\/?page_id=203\">Pinto Puerto, Francisco<\/a><\/u><\/strong>). <em>Modelos digitales de informaci\u00f3n-sig y grafos- aplicados en el patrimonio: la f\u00e1brica edilicia en el antiguo reino de Sevilla en el tr\u00e1nsito a la edad moderna<\/em>, Escuela Superior T\u00e9cnica de Arquitectura, 2018.\u00a0\u00a0<\/span><\/p>\n<p><span style=\"color: #000000;\">Enlace a\u00a0<\/span><a href=\"https:\/\/idus.us.es\/handle\/11441\/81525\"><strong><span style=\"color: #ff0000;\"><u>idUS<\/u><\/span><\/strong><\/a><span style=\"color: #000000;\">.<\/span><\/p>\n<p>&nbsp;<\/p>\n<p>&nbsp;<\/p>\n<p style=\"padding-left: 30px;\"><a href=\"http:\/\/grupo.us.es\/newtutsosmodhum\/wp-content\/uploads\/2018\/03\/B1_TES_01.jpg\"><img loading=\"lazy\" decoding=\"async\" class=\"wp-image-585 alignleft\" src=\"http:\/\/grupo.us.es\/newtutsosmodhum\/wp-content\/uploads\/2018\/03\/B1_TES_01.jpg\" alt=\"\" width=\"200\" height=\"200\" data-action=\"zoom\" srcset=\"https:\/\/grupo.us.es\/newtutsosmodhum\/wp-content\/uploads\/2018\/03\/B1_TES_01.jpg 652w, https:\/\/grupo.us.es\/newtutsosmodhum\/wp-content\/uploads\/2018\/03\/B1_TES_01-150x150.jpg 150w, https:\/\/grupo.us.es\/newtutsosmodhum\/wp-content\/uploads\/2018\/03\/B1_TES_01-300x300.jpg 300w\" sizes=\"auto, (max-width: 200px) 100vw, 200px\" \/><\/a><\/p>\n<p>&nbsp;<\/p>\n<p><span style=\"color: #000000;\"><a style=\"color: #000000;\" href=\"http:\/\/grupo.us.es\/newtutsosmodhum\/?page_id=368\"><strong><u>Castellano Rom\u00e1n, Manuel<\/u><\/strong><\/a>\u00a0(Dir. Tesis\u00a0<strong><u><a style=\"color: #000000;\" href=\"http:\/\/grupo.us.es\/newtutsosmodhum\/?page_id=203\">Pinto Puerto, Francisco<\/a><\/u><\/strong>).\u00a0<em>La Cartuja de Nuestra Se\u00f1ora de la Defensi\u00f3n en Jerez de la Frontera. Un modelo digital de informaci\u00f3n para la tutela de los bienes inmuebles del patrimonio cultural<\/em>,\u00a0Escuela T\u00e9cnica Superior de Arquitectura de Sevilla, 2017.<\/span><\/p>\n<p><span style=\"color: #000000;\">Enlace a\u00a0<\/span><a href=\"https:\/\/idus.us.es\/xmlui\/handle\/11441\/65027\"><strong><span style=\"color: #ff0000;\"><u>idUS<\/u><\/span><\/strong><\/a><span style=\"color: #000000;\">.<\/span><\/p>\n<p>&nbsp;<\/p>\n<p>&nbsp;<\/p>\n<p style=\"text-align: left; padding-left: 30px;\"><span style=\"color: #000000;\"><a href=\"http:\/\/grupo.us.es\/newtutsosmodhum\/wp-content\/uploads\/2018\/03\/A1.3_GEN_01.jpg\"><img loading=\"lazy\" decoding=\"async\" class=\"wp-image-724 alignleft\" src=\"http:\/\/grupo.us.es\/newtutsosmodhum\/wp-content\/uploads\/2018\/03\/A1.3_TES_01.jpg\" alt=\"\" width=\"200\" height=\"200\" data-action=\"zoom\" srcset=\"https:\/\/grupo.us.es\/newtutsosmodhum\/wp-content\/uploads\/2018\/03\/A1.3_TES_01.jpg 1116w, https:\/\/grupo.us.es\/newtutsosmodhum\/wp-content\/uploads\/2018\/03\/A1.3_TES_01-150x150.jpg 150w, https:\/\/grupo.us.es\/newtutsosmodhum\/wp-content\/uploads\/2018\/03\/A1.3_TES_01-300x300.jpg 300w, https:\/\/grupo.us.es\/newtutsosmodhum\/wp-content\/uploads\/2018\/03\/A1.3_TES_01-768x768.jpg 768w, https:\/\/grupo.us.es\/newtutsosmodhum\/wp-content\/uploads\/2018\/03\/A1.3_TES_01-1024x1024.jpg 1024w\" sizes=\"auto, (max-width: 200px) 100vw, 200px\" \/><\/a><\/span><\/p>\n<p>&nbsp;<\/p>\n<p><span style=\"color: #000000;\"><strong><u><a style=\"color: #000000;\" href=\"http:\/\/grupo.us.es\/newtutsosmodhum\/?page_id=356\">Atanasio Guisado, Alberto<\/a><\/u><\/strong>\u00a0(Dir. Tesis\u00a0<a style=\"color: #000000;\" href=\"http:\/\/grupo.us.es\/newtutsosmodhum\/?page_id=321\"><strong><u>Ar\u00e9valo Rodr\u00edguez, Federico<\/u><\/strong><\/a>). <em>Arquitectura defensiva del siglo XX en el Campo de Gibraltar. Implantaci\u00f3n territorial, an\u00e1lisis tipol\u00f3gico y valor patrimonial de los b\u00fankeres,<\/em>\u00a0Escuela T\u00e9cnica Superior de Arquitectura de Sevilla, 2017.<\/span><\/p>\n<p><span style=\"color: #000000;\">Enlace a\u00a0<\/span><a href=\"https:\/\/idus.us.es\/xmlui\/handle\/11441\/71055\"><strong><span style=\"color: #ff0000;\"><u>idUS<\/u><\/span><\/strong><\/a><span style=\"color: #000000;\">.<\/span><\/p>\n<p>&nbsp;<\/p>\n","protected":false},"excerpt":{"rendered":"<p>\u00a0Tesis Doctorales\u00a0 \u00a0 \u00a0Monograf\u00edas\u00a0 \u00a0 \u00a0Art\u00edculos\u00a0 \u00a0 \u00a0\u00a0Seminarios y congresos\u00a0 \u00a0 \u00a0Talleres\u00a0 \u00a0 \u00a0\u00a0Visitas\u00a0 \u00a0 \u00a0Estancias\u00a0 \u00a0 Premios\u00a0 \u00a0 Otros [&hellip;]<\/p>\n","protected":false},"author":1,"featured_media":0,"parent":94,"menu_order":0,"comment_status":"closed","ping_status":"closed","template":"","meta":{"footnotes":""},"class_list":["post-141","page","type-page","status-publish","hentry"],"_links":{"self":[{"href":"https:\/\/grupo.us.es\/newtutsosmodhum\/index.php?rest_route=\/wp\/v2\/pages\/141","targetHints":{"allow":["GET"]}}],"collection":[{"href":"https:\/\/grupo.us.es\/newtutsosmodhum\/index.php?rest_route=\/wp\/v2\/pages"}],"about":[{"href":"https:\/\/grupo.us.es\/newtutsosmodhum\/index.php?rest_route=\/wp\/v2\/types\/page"}],"author":[{"embeddable":true,"href":"https:\/\/grupo.us.es\/newtutsosmodhum\/index.php?rest_route=\/wp\/v2\/users\/1"}],"replies":[{"embeddable":true,"href":"https:\/\/grupo.us.es\/newtutsosmodhum\/index.php?rest_route=%2Fwp%2Fv2%2Fcomments&post=141"}],"version-history":[{"count":0,"href":"https:\/\/grupo.us.es\/newtutsosmodhum\/index.php?rest_route=\/wp\/v2\/pages\/141\/revisions"}],"up":[{"embeddable":true,"href":"https:\/\/grupo.us.es\/newtutsosmodhum\/index.php?rest_route=\/wp\/v2\/pages\/94"}],"wp:attachment":[{"href":"https:\/\/grupo.us.es\/newtutsosmodhum\/index.php?rest_route=%2Fwp%2Fv2%2Fmedia&parent=141"}],"curies":[{"name":"wp","href":"https:\/\/api.w.org\/{rel}","templated":true}]}}