{"id":1374,"date":"2020-06-30T10:51:34","date_gmt":"2020-06-30T10:51:34","guid":{"rendered":"http:\/\/grupo.us.es\/newtutsosmodhum\/?page_id=1374"},"modified":"2020-11-08T18:31:11","modified_gmt":"2020-11-08T18:31:11","slug":"otros-proyectos-idi","status":"publish","type":"page","link":"https:\/\/grupo.us.es\/newtutsosmodhum\/?page_id=1374","title":{"rendered":"Otros Proyectos I+D+i"},"content":{"rendered":"<p style=\"text-align: center;\"><span style=\"color: #000000;\">\u00a0<a style=\"color: #000000;\" href=\"http:\/\/grupo.us.es\/newtutsosmodhum\/?page_id=141\">Tesis Doctorales<\/a>\u00a0 \u00a0 \u00a0<a style=\"color: #000000;\" href=\"http:\/\/grupo.us.es\/newtutsosmodhum\/?page_id=144\">Monograf\u00edas<\/a>\u00a0 \u00a0 \u00a0<a style=\"color: #000000;\" href=\"http:\/\/grupo.us.es\/newtutsosmodhum\/?page_id=146\">Art\u00edculos<\/a>\u00a0 \u00a0 \u00a0\u00a0<a style=\"color: #000000;\" href=\"http:\/\/grupo.us.es\/newtutsosmodhum\/?page_id=148\">Seminarios y congresos<\/a>\u00a0 \u00a0 \u00a0<a style=\"color: #000000;\" href=\"http:\/\/grupo.us.es\/newtutsosmodhum\/?page_id=657\">Talleres<\/a>\u00a0 \u00a0 \u00a0\u00a0<a style=\"color: #000000;\" href=\"http:\/\/grupo.us.es\/newtutsosmodhum\/?page_id=150\">Visitas<\/a>\u00a0 \u00a0 \u00a0<a style=\"color: #000000;\" href=\"http:\/\/grupo.us.es\/newtutsosmodhum\/?page_id=152\">Estancias<\/a>\u00a0 \u00a0 <a href=\"http:\/\/grupo.us.es\/newtutsosmodhum\/?page_id=1371\">Premios<\/a>\u00a0 \u00a0 <strong><a href=\"http:\/\/grupo.us.es\/newtutsosmodhum\/?page_id=1374\">Otros proyectos I+D+i<\/a><\/strong><\/span><\/p>\n<p>&nbsp;<\/p>\n<p style=\"padding-left: 30px;\"><span style=\"color: #000000;\">Otros Proyectos I+D+i surgidos a partir del proyecto\u00a0<strong>HAR2016-78113-R <\/strong>del equipo TUTSOSMOD:<\/span><\/p>\n<p>&nbsp;<\/p>\n<h3 class=\"node__title\" style=\"padding-left: 30px;\"><a href=\"https:\/\/andaluciatech.org\/ecosistema-innovador\/proyectos-singulares\/turismo-cultura-y-ocio\/desarrollo-de-modelos-bim-hbim-sig\"><span class=\"field field-name-title field-formatter-string field-type-string field-label-hidden\" style=\"color: #000000;\">Desarrollo de modelos BIM-HBIM-SIG aplicados al conocimiento, conservaci\u00f3n, difusi\u00f3n y gesti\u00f3n del Patrimonio Cultural Arquitect\u00f3nico.<\/span><\/a><\/h3>\n<p style=\"padding-left: 30px;\"><span lang=\"ES-TRAD\" style=\"color: #000000;\">ENTIDAD FINANCIADORA: Fondo Europeo de Desarrollo Regional.<\/span><\/p>\n<p style=\"padding-left: 30px;\"><span lang=\"ES-TRAD\" style=\"color: #000000;\">INVESTIGADOR PRINCIPAL: Francisco Pinto Puerto.<\/span><\/p>\n<p style=\"padding-left: 30px;\"><span lang=\"ES-TRAD\" style=\"color: #000000;\">ORGANISMO: Universidad de Sevilla. Espa\u00f1a.<\/span><\/p>\n<p style=\"padding-left: 30px;\"><span lang=\"ES-TRAD\" style=\"color: #000000;\">DURACI\u00d3N DESDE: 1 de marzo de 2020 al 31 de septiembre de 2021.<\/span><\/p>\n<p style=\"padding-left: 30px;\"><span style=\"color: #000000;\">AGENTES AGREGADOS:\u00a0Cabildo Catedral de Sevilla, Instituto Andaluz del Patrimonio Hist\u00f3rico (IAPH), Empresa de restauraci\u00f3n de ARTYCO S.L., y la empresa de gesti\u00f3n cultural Abomelic Cultural Heritage S.L., y se ha ofrecido a la Agencia para la Vivienda y Rehabilitaci\u00f3n de Andaluc\u00eda (AVRA).<\/span><\/p>\n<p style=\"padding-left: 30px;\"><span style=\"color: #000000;\">OBJETIVO DEL PROYECTO:\u00a0El objetivo del presente proyecto ser\u00eda desarrollar y aplicar modelos digitales, fundamentalmente basados en BIM (Building Information Modelling) y SIG (Sistemas de Informaci\u00f3n Geogr\u00e1fica), a la gesti\u00f3n integral y sostenible del patrimonio arquitect\u00f3nico del que son responsables las empresas e instituciones agregadas. Se trata de ejemplos de diversas escalas y complejidades, que ser\u00e1n abordados desde su conocimiento, conservaci\u00f3n hasta su difusi\u00f3n, procesos que englobamos dentro del t\u00e9rmino \u201ctutela patrimonial\u201d. Estos modelos digitales permiten que la ingente informaci\u00f3n fundada sobre la participaci\u00f3n de diversas disciplinas (Arquitectura, Arqueolog\u00eda, Historia, Ingenier\u00edas, Geograf\u00eda, etc.) quede orientada hacia una convergencia operativa de conocimiento que facilite la aplicaci\u00f3n racional de resultados pr\u00e1cticos para la conservaci\u00f3n y gesti\u00f3n del patrimonio arquitect\u00f3nico de una sociedad o empresa, hasta aquel de car\u00e1cter hist\u00f3rico y cultural sobre el que ejercen la tutela las administraciones p\u00fablicas. Se propone el desarrollo de un n\u00famero limitado de casos pilotos para cada empresa o instituci\u00f3n. Los esfuerzos se centrar\u00edan en la discusi\u00f3n de estos modelos y en poder definir una metodolog\u00eda y protocolo de trabajo adaptada a cada uno de las necesidades de las instituciones agregadas.<\/span><\/p>\n<p style=\"padding-left: 30px;\"><span style=\"color: #000000;\"><a href=\"https:\/\/andaluciatech.org\/ecosistema-innovador\/proyectos-singulares\/turismo-cultura-y-ocio\/desarrollo-de-modelos-bim-hbim-sig\"><span style=\"color: #ff0000;\"><strong><u>M\u00e1s informaci\u00f3n<\/u><\/strong><\/span><\/a><\/span><\/p>\n<p>&nbsp;<\/p>\n<h3 style=\"padding-left: 30px;\"><span style=\"color: #000000;\">Herramientas de gesti\u00f3n y conservaci\u00f3n programada en intervenciones de bienes inmuebles patrimoniales en Costa Rica.\u00a0VIE-892-19.<\/span><\/h3>\n<p style=\"padding-left: 30px;\"><span lang=\"ES-TRAD\" style=\"color: #000000;\">ENTIDAD FINANCIADORA: Vicerrector\u00eda de Investigaci\u00f3n y Extensi\u00f3n. Campus Tecnol\u00f3gico Local de San Jos\u00e9. Costa Rica.<\/span><\/p>\n<p style=\"padding-left: 30px;\"><span lang=\"ES-TRAD\" style=\"color: #000000;\">INVESTIGADOR PRINCIPAL: Jos\u00e9 Pablo Bulgarelli Bola\u00f1os.<\/span><\/p>\n<p style=\"padding-left: 30px;\"><span lang=\"ES-TRAD\" style=\"color: #000000;\">ORGANISMO: Escuela de Arquitectura y Urbanismo. Campus Tecnol\u00f3gico Local de San Jos\u00e9. Costa Rica.<\/span><\/p>\n<p style=\"padding-left: 30px;\"><span lang=\"ES-TRAD\" style=\"color: #000000;\">DURACI\u00d3N DESDE: 1 de enero de 2020 al 31 de diciembre de 2021.<\/span><\/p>\n<p style=\"padding-left: 30px;\"><span style=\"color: #000000;\">Miembros del equipo TUTSOSMOD colaboran en este proyecto mediante la participaci\u00f3n en publicaciones conjuntas y encuentros como el <a href=\"https:\/\/www.tec.ac.cr\/agendas\/innovacion-tecnologias-gestion-patrimonio\"><u>VI de Investigaci\u00f3n y Extensi\u00f3n de la Escuela de Arquitectura y Urbanismo<\/u><\/a>, foro para discutir aspectos de innovaci\u00f3n y tecnolog\u00edas en la gesti\u00f3n del patrimonio, desde la consideraci\u00f3n del paisaje y los aspectos sociales antes de la intervenci\u00f3n al objeto construido hasta la vinculaci\u00f3n de los modelos tridimensionales y los Sistemas de Informaci\u00f3n Geogr\u00e1fica en el dise\u00f1o y ejecuci\u00f3n de dicha intervenci\u00f3n. A su vez, investigadores de Costa Rica participan en el <a href=\"http:\/\/grupo.us.es\/newtutsosmodhum\/?page_id=1572\"><u>VII Jornadas ECP<\/u><\/a>\u00a0organizadas por TUTSOSMOD.<\/span><\/p>\n<p>&nbsp;<\/p>\n<p>&nbsp;<\/p>\n<p>&nbsp;<\/p>\n<p>&nbsp;<\/p>\n<p>&nbsp;<\/p>\n","protected":false},"excerpt":{"rendered":"<p>\u00a0Tesis Doctorales\u00a0 \u00a0 \u00a0Monograf\u00edas\u00a0 \u00a0 \u00a0Art\u00edculos\u00a0 \u00a0 \u00a0\u00a0Seminarios y congresos\u00a0 \u00a0 \u00a0Talleres\u00a0 \u00a0 \u00a0\u00a0Visitas\u00a0 \u00a0 \u00a0Estancias\u00a0 \u00a0 Premios\u00a0 \u00a0 Otros [&hellip;]<\/p>\n","protected":false},"author":1,"featured_media":0,"parent":94,"menu_order":0,"comment_status":"closed","ping_status":"closed","template":"","meta":{"footnotes":""},"class_list":["post-1374","page","type-page","status-publish","hentry"],"_links":{"self":[{"href":"https:\/\/grupo.us.es\/newtutsosmodhum\/index.php?rest_route=\/wp\/v2\/pages\/1374","targetHints":{"allow":["GET"]}}],"collection":[{"href":"https:\/\/grupo.us.es\/newtutsosmodhum\/index.php?rest_route=\/wp\/v2\/pages"}],"about":[{"href":"https:\/\/grupo.us.es\/newtutsosmodhum\/index.php?rest_route=\/wp\/v2\/types\/page"}],"author":[{"embeddable":true,"href":"https:\/\/grupo.us.es\/newtutsosmodhum\/index.php?rest_route=\/wp\/v2\/users\/1"}],"replies":[{"embeddable":true,"href":"https:\/\/grupo.us.es\/newtutsosmodhum\/index.php?rest_route=%2Fwp%2Fv2%2Fcomments&post=1374"}],"version-history":[{"count":0,"href":"https:\/\/grupo.us.es\/newtutsosmodhum\/index.php?rest_route=\/wp\/v2\/pages\/1374\/revisions"}],"up":[{"embeddable":true,"href":"https:\/\/grupo.us.es\/newtutsosmodhum\/index.php?rest_route=\/wp\/v2\/pages\/94"}],"wp:attachment":[{"href":"https:\/\/grupo.us.es\/newtutsosmodhum\/index.php?rest_route=%2Fwp%2Fv2%2Fmedia&parent=1374"}],"curies":[{"name":"wp","href":"https:\/\/api.w.org\/{rel}","templated":true}]}}