{"id":1371,"date":"2020-06-30T10:50:34","date_gmt":"2020-06-30T10:50:34","guid":{"rendered":"http:\/\/grupo.us.es\/newtutsosmodhum\/?page_id=1371"},"modified":"2020-12-29T11:43:02","modified_gmt":"2020-12-29T11:43:02","slug":"premios-y-menciones","status":"publish","type":"page","link":"https:\/\/grupo.us.es\/newtutsosmodhum\/?page_id=1371","title":{"rendered":"Premios y menciones"},"content":{"rendered":"<p style=\"text-align: center;\"><span style=\"color: #000000;\">\u00a0<a style=\"color: #000000;\" href=\"http:\/\/grupo.us.es\/newtutsosmodhum\/?page_id=141\">Tesis Doctorales<\/a>\u00a0 \u00a0 \u00a0<a style=\"color: #000000;\" href=\"http:\/\/grupo.us.es\/newtutsosmodhum\/?page_id=144\">Monograf\u00edas<\/a>\u00a0 \u00a0 \u00a0<a style=\"color: #000000;\" href=\"http:\/\/grupo.us.es\/newtutsosmodhum\/?page_id=146\">Art\u00edculos<\/a>\u00a0 \u00a0 \u00a0\u00a0<a style=\"color: #000000;\" href=\"http:\/\/grupo.us.es\/newtutsosmodhum\/?page_id=148\">Seminarios y congresos<\/a>\u00a0 \u00a0 \u00a0<a style=\"color: #000000;\" href=\"http:\/\/grupo.us.es\/newtutsosmodhum\/?page_id=657\">Talleres<\/a>\u00a0 \u00a0 \u00a0\u00a0<a style=\"color: #000000;\" href=\"http:\/\/grupo.us.es\/newtutsosmodhum\/?page_id=150\">Visitas<\/a>\u00a0 \u00a0 \u00a0<a style=\"color: #000000;\" href=\"http:\/\/grupo.us.es\/newtutsosmodhum\/?page_id=152\">Estancias<\/a>\u00a0 \u00a0 <strong><a href=\"http:\/\/grupo.us.es\/newtutsosmodhum\/?page_id=1371\">Premios<\/a><\/strong>\u00a0 \u00a0 <a href=\"http:\/\/grupo.us.es\/newtutsosmodhum\/?page_id=1374\">Otros proyectos I+D+i<\/a><\/span><\/p>\n<p>&nbsp;<\/p>\n<p>&nbsp;<\/p>\n<p style=\"padding-left: 30px;\"><span style=\"color: #000000;\"><u><strong><a href=\"http:\/\/grupo.us.es\/newtutsosmodhum\/wp-content\/uploads\/2020\/12\/Premio-1.jpg\"><img loading=\"lazy\" decoding=\"async\" class=\"wp-image-1734 alignleft\" src=\"http:\/\/grupo.us.es\/newtutsosmodhum\/wp-content\/uploads\/2020\/12\/Premio-1.jpg\" alt=\"\" width=\"200\" height=\"70\" data-action=\"zoom\" srcset=\"https:\/\/grupo.us.es\/newtutsosmodhum\/wp-content\/uploads\/2020\/12\/Premio-1.jpg 400w, https:\/\/grupo.us.es\/newtutsosmodhum\/wp-content\/uploads\/2020\/12\/Premio-1-300x105.jpg 300w\" sizes=\"auto, (max-width: 200px) 100vw, 200px\" \/><\/a><\/strong><\/u><\/span><\/p>\n<p><span style=\"color: #000000;\"><u><strong><a style=\"color: #000000;\" href=\"http:\/\/grupo.us.es\/newtutsosmodhum\/?page_id=370\">Ferreira Lopes, Patricia<\/a><\/strong><\/u>. ADHO Bursary Award Digital Humanities 2019 (550,00\u20ac), 08\/07\/2019 \u2013 12\/07\/2019.<\/span><\/p>\n<p>&nbsp;<\/p>\n<p>&nbsp;<\/p>\n<p style=\"padding-left: 30px;\"><span style=\"color: #000000;\"><a href=\"http:\/\/grupo.us.es\/newtutsosmodhum\/wp-content\/uploads\/2020\/06\/7.jpg\"><img loading=\"lazy\" decoding=\"async\" class=\"alignleft wp-image-1341\" src=\"http:\/\/grupo.us.es\/newtutsosmodhum\/wp-content\/uploads\/2020\/06\/7.jpg\" alt=\"\" width=\"200\" height=\"144\" data-action=\"zoom\" srcset=\"https:\/\/grupo.us.es\/newtutsosmodhum\/wp-content\/uploads\/2020\/06\/7.jpg 3432w, https:\/\/grupo.us.es\/newtutsosmodhum\/wp-content\/uploads\/2020\/06\/7-300x216.jpg 300w, https:\/\/grupo.us.es\/newtutsosmodhum\/wp-content\/uploads\/2020\/06\/7-768x554.jpg 768w, https:\/\/grupo.us.es\/newtutsosmodhum\/wp-content\/uploads\/2020\/06\/7-1024x739.jpg 1024w\" sizes=\"auto, (max-width: 200px) 100vw, 200px\" \/><\/a><\/span><\/p>\n<p>&nbsp;<\/p>\n<p><span style=\"color: #000000;\"><a style=\"color: #000000;\" href=\"http:\/\/grupo.us.es\/newtutsosmodhum\/?page_id=814\"><strong><u>Moya Mu\u00f1oz, Jorge<\/u><\/strong><\/a>. Primer Premio de Arquitectura Terra Ib\u00e9rica. Categor\u00eda de divulgaci\u00f3n. Premio promovido por el Colegio Oficial de Arquitectos de Le\u00f3n y la Diputaci\u00f3n de Palencia. El galard\u00f3n tiene como objetivo\u00a0reconocer la calidad de proyectos, obras, trabajos, publicaciones o ensayos que tengan el material tierra como elemento diferenciador.<\/span><\/p>\n<p>&nbsp;<\/p>\n<p style=\"padding-left: 30px;\"><span style=\"color: #000000;\"><u><strong><a href=\"http:\/\/grupo.us.es\/newtutsosmodhum\/wp-content\/uploads\/2020\/12\/Premio-2.jpg\"><img loading=\"lazy\" decoding=\"async\" class=\"wp-image-1735 alignleft\" src=\"http:\/\/grupo.us.es\/newtutsosmodhum\/wp-content\/uploads\/2020\/12\/Premio-2.jpg\" alt=\"\" width=\"200\" height=\"200\" data-action=\"zoom\" srcset=\"https:\/\/grupo.us.es\/newtutsosmodhum\/wp-content\/uploads\/2020\/12\/Premio-2.jpg 332w, https:\/\/grupo.us.es\/newtutsosmodhum\/wp-content\/uploads\/2020\/12\/Premio-2-150x150.jpg 150w, https:\/\/grupo.us.es\/newtutsosmodhum\/wp-content\/uploads\/2020\/12\/Premio-2-300x300.jpg 300w\" sizes=\"auto, (max-width: 200px) 100vw, 200px\" \/><\/a><\/strong><\/u><\/span><\/p>\n<p>&nbsp;<\/p>\n<p>&nbsp;<\/p>\n<p><span style=\"color: #000000;\"><u><strong><a style=\"color: #000000;\" href=\"http:\/\/grupo.us.es\/newtutsosmodhum\/?page_id=370\">Ferreira Lopes, Patricia<\/a><\/strong><\/u>. Premio\u00a0Mejor Publicaci\u00f3n\u00a0en Arquitectura por el IUACC, octubre de 2018.<\/span><\/p>\n<p>&nbsp;<\/p>\n<p>&nbsp;<\/p>\n<p>&nbsp;<\/p>\n<p style=\"padding-left: 30px;\"><span style=\"color: #000000;\"><u><strong><a href=\"http:\/\/grupo.us.es\/newtutsosmodhum\/wp-content\/uploads\/2020\/12\/Premio-3.jpg\"><img loading=\"lazy\" decoding=\"async\" class=\"wp-image-1736 alignleft\" src=\"http:\/\/grupo.us.es\/newtutsosmodhum\/wp-content\/uploads\/2020\/12\/Premio-3.jpg\" alt=\"\" width=\"200\" height=\"143\" data-action=\"zoom\" srcset=\"https:\/\/grupo.us.es\/newtutsosmodhum\/wp-content\/uploads\/2020\/12\/Premio-3.jpg 700w, https:\/\/grupo.us.es\/newtutsosmodhum\/wp-content\/uploads\/2020\/12\/Premio-3-300x214.jpg 300w\" sizes=\"auto, (max-width: 200px) 100vw, 200px\" \/><\/a><\/strong><\/u><\/span><\/p>\n<p>&nbsp;<\/p>\n<p><span style=\"color: #000000;\"><u><strong><a style=\"color: #000000;\" href=\"http:\/\/grupo.us.es\/newtutsosmodhum\/?page_id=370\">Ferreira Lopes, Patricia<\/a><\/strong><\/u>. Mejor Ponencia\u00a0en la Jornada \u00abLa formaci\u00f3n investigadora: habilidades y carencias para acceder al mercado laboral\u00bb. Organizada por AMIT-Andaluc\u00eda en el 9 de febrero de 2018.\u00a0\u00a0<\/span><\/p>\n<p>&nbsp;<\/p>\n<p>&nbsp;<\/p>\n<p>&nbsp;<\/p>\n<p style=\"padding-left: 30px;\"><span style=\"color: #000000;\"><u><strong><a href=\"http:\/\/grupo.us.es\/newtutsosmodhum\/wp-content\/uploads\/2020\/12\/Premio-4.jpg\"><img loading=\"lazy\" decoding=\"async\" class=\"wp-image-1737 alignleft\" src=\"http:\/\/grupo.us.es\/newtutsosmodhum\/wp-content\/uploads\/2020\/12\/Premio-4.jpg\" alt=\"\" width=\"200\" height=\"137\" data-action=\"zoom\" srcset=\"https:\/\/grupo.us.es\/newtutsosmodhum\/wp-content\/uploads\/2020\/12\/Premio-4.jpg 815w, https:\/\/grupo.us.es\/newtutsosmodhum\/wp-content\/uploads\/2020\/12\/Premio-4-300x206.jpg 300w, https:\/\/grupo.us.es\/newtutsosmodhum\/wp-content\/uploads\/2020\/12\/Premio-4-768x528.jpg 768w\" sizes=\"auto, (max-width: 200px) 100vw, 200px\" \/><\/a><\/strong><\/u><\/span><\/p>\n<p>&nbsp;<\/p>\n<p><span style=\"color: #000000;\"><u><strong><a style=\"color: #000000;\" href=\"http:\/\/grupo.us.es\/newtutsosmodhum\/?page_id=370\">Ferreira Lopes, Patricia<\/a><\/strong><\/u>. Mejor\u00a0Presentaci\u00f3n de P\u00f3ster\u00a0en el III Congreso HDH 2017, Sociedades, Pol\u00edticas y Saberes. celebrado en M\u00e1laga del 18 al 20 de octubre de 2017. Organiza Universidad de M\u00e1laga,\u00a0<a style=\"color: #000000;\" href=\"https:\/\/adho.org\/\">Allience of Digital Humanities Organizations<\/a>, Fundaci\u00f3n M\u00e1laga M\u00e1s Cultura,\u00a0<a style=\"color: #000000;\" href=\"http:\/\/www.humanidadesdigitales.org\/inicio.htm;jsessionid=DEA75816412F0E1E1EB7AF417208D4AB\">Asociaci\u00f3n Humanidades Digitales Hisp\u00e1nicas<\/a>.\u00a0<\/span><\/p>\n<p>&nbsp;<\/p>\n<p>&nbsp;<\/p>\n","protected":false},"excerpt":{"rendered":"<p>\u00a0Tesis Doctorales\u00a0 \u00a0 \u00a0Monograf\u00edas\u00a0 \u00a0 \u00a0Art\u00edculos\u00a0 \u00a0 \u00a0\u00a0Seminarios y congresos\u00a0 \u00a0 \u00a0Talleres\u00a0 \u00a0 \u00a0\u00a0Visitas\u00a0 \u00a0 \u00a0Estancias\u00a0 \u00a0 Premios\u00a0 \u00a0 Otros [&hellip;]<\/p>\n","protected":false},"author":1,"featured_media":0,"parent":94,"menu_order":0,"comment_status":"closed","ping_status":"closed","template":"","meta":{"footnotes":""},"class_list":["post-1371","page","type-page","status-publish","hentry"],"_links":{"self":[{"href":"https:\/\/grupo.us.es\/newtutsosmodhum\/index.php?rest_route=\/wp\/v2\/pages\/1371","targetHints":{"allow":["GET"]}}],"collection":[{"href":"https:\/\/grupo.us.es\/newtutsosmodhum\/index.php?rest_route=\/wp\/v2\/pages"}],"about":[{"href":"https:\/\/grupo.us.es\/newtutsosmodhum\/index.php?rest_route=\/wp\/v2\/types\/page"}],"author":[{"embeddable":true,"href":"https:\/\/grupo.us.es\/newtutsosmodhum\/index.php?rest_route=\/wp\/v2\/users\/1"}],"replies":[{"embeddable":true,"href":"https:\/\/grupo.us.es\/newtutsosmodhum\/index.php?rest_route=%2Fwp%2Fv2%2Fcomments&post=1371"}],"version-history":[{"count":0,"href":"https:\/\/grupo.us.es\/newtutsosmodhum\/index.php?rest_route=\/wp\/v2\/pages\/1371\/revisions"}],"up":[{"embeddable":true,"href":"https:\/\/grupo.us.es\/newtutsosmodhum\/index.php?rest_route=\/wp\/v2\/pages\/94"}],"wp:attachment":[{"href":"https:\/\/grupo.us.es\/newtutsosmodhum\/index.php?rest_route=%2Fwp%2Fv2%2Fmedia&parent=1371"}],"curies":[{"name":"wp","href":"https:\/\/api.w.org\/{rel}","templated":true}]}}