{"id":2173,"date":"2025-03-20T13:20:40","date_gmt":"2025-03-20T12:20:40","guid":{"rendered":"https:\/\/grupo.us.es\/newanquimed\/?p=2173"},"modified":"2025-03-20T13:38:15","modified_gmt":"2025-03-20T12:38:15","slug":"sobre-nosotros","status":"publish","type":"page","link":"https:\/\/grupo.us.es\/newanquimed\/sobre-nosotros\/","title":{"rendered":"Sobre nosotros"},"content":{"rendered":"\n<div class=\"wp-block-uagb-container uagb-block-4d6a9794 alignfull uagb-is-root-container\"><div class=\"uagb-container-inner-blocks-wrap\">\n<figure class=\"wp-block-image size-full\"><img loading=\"lazy\" decoding=\"async\" width=\"1459\" height=\"430\" src=\"https:\/\/grupo.us.es\/newanquimed\/wp-content\/uploads\/2025\/03\/grupo-laboratorio.avif\" alt=\"\" class=\"wp-image-2174\"\/><\/figure>\n\n\n\n<p>El <strong>Grupo de Investigaci\u00f3n An\u00e1lisis Qu\u00edmico Industrial y Medioambiental<\/strong> (ANQUIMED) tiene sede en la Escuela Polit\u00e9cnica Superior y est\u00e1 adscrito al <strong>Departamento de Qu\u00edmica Anal\u00edtica de la Universidad de Sevilla<\/strong> e inscrito en el Plan Andaluz de Investigaci\u00f3n, Desarrollo e Innovaci\u00f3n de la Junta de Andaluc\u00eda con el c\u00f3digo FQM-344.<\/p>\n\n\n\n<p>Se fund\u00f3 en el a\u00f1o 2004 con objeto de profundizar de modo monogr\u00e1fico en la din\u00e1mica de contaminantes prioritarios y emergentes en distintos escenarios ambientales e instalaciones industriales, en cuatros l\u00edneas diferenciadas: i) <strong>desarrollo de nuevos m\u00e9todos anal\u00edticos<\/strong>; ii) <strong>estudios de monitorizaci\u00f3n, distribuci\u00f3n y degradaci\u00f3n;<\/strong> iii) <strong>evaluaci\u00f3n de tecnolog\u00edas avanzadas en el tratamiento de residuos<\/strong>; y iv) <strong>evaluaci\u00f3n de riesgos ambientales.<\/strong><\/p>\n\n\n\n<p><strong>\u200b<\/strong><\/p>\n\n\n\n<p>El <strong>car\u00e1cter multidisciplinar<\/strong> de la investigaci\u00f3n del Grupo tiene reflejo en su composici\u00f3n, con profesionales doctores de distintos centros, en sus colaboraciones con otros grupos de investigaci\u00f3n nacionales e internacionales de diferentes \u00e1reas de conocimiento, y en su actividad de transferencia de resultados con empresas e instituciones.<\/p>\n<\/div><\/div>\n","protected":false},"excerpt":{"rendered":"<p>El Grupo de Investigaci\u00f3n An\u00e1lisis Qu\u00edmico Industrial y Medioambiental (ANQUIMED) tiene sede en la Escuela Polit\u00e9cnica Superior y est\u00e1 adscrito al Departamento de Qu\u00edmica Anal\u00edtica de la Universidad de Sevilla e inscrito en el Plan Andaluz de Investigaci\u00f3n, Desarrollo e Innovaci\u00f3n de la Junta de Andaluc\u00eda con el c\u00f3digo FQM-344. Se fund\u00f3 en el a\u00f1o [&hellip;]<\/p>\n","protected":false},"author":1,"featured_media":0,"parent":0,"menu_order":0,"comment_status":"closed","ping_status":"closed","template":"","meta":{"_uag_custom_page_level_css":"","site-sidebar-layout":"default","site-content-layout":"","ast-site-content-layout":"default","site-content-style":"default","site-sidebar-style":"default","ast-global-header-display":"","ast-banner-title-visibility":"","ast-main-header-display":"","ast-hfb-above-header-display":"","ast-hfb-below-header-display":"","ast-hfb-mobile-header-display":"","site-post-title":"","ast-breadcrumbs-content":"","ast-featured-img":"","footer-sml-layout":"","theme-transparent-header-meta":"","adv-header-id-meta":"","stick-header-meta":"","header-above-stick-meta":"","header-main-stick-meta":"","header-below-stick-meta":"","astra-migrate-meta-layouts":"set","ast-page-background-enabled":"default","ast-page-background-meta":{"desktop":{"background-color":"","background-image":"","background-repeat":"repeat","background-position":"center center","background-size":"auto","background-attachment":"scroll","background-type":"","background-media":"","overlay-type":"","overlay-color":"","overlay-opacity":"","overlay-gradient":""},"tablet":{"background-color":"","background-image":"","background-repeat":"repeat","background-position":"center center","background-size":"auto","background-attachment":"scroll","background-type":"","background-media":"","overlay-type":"","overlay-color":"","overlay-opacity":"","overlay-gradient":""},"mobile":{"background-color":"","background-image":"","background-repeat":"repeat","background-position":"center center","background-size":"auto","background-attachment":"scroll","background-type":"","background-media":"","overlay-type":"","overlay-color":"","overlay-opacity":"","overlay-gradient":""}},"ast-content-background-meta":{"desktop":{"background-color":"var(--ast-global-color-5)","background-image":"","background-repeat":"repeat","background-position":"center center","background-size":"auto","background-attachment":"scroll","background-type":"","background-media":"","overlay-type":"","overlay-color":"","overlay-opacity":"","overlay-gradient":""},"tablet":{"background-color":"var(--ast-global-color-5)","background-image":"","background-repeat":"repeat","background-position":"center center","background-size":"auto","background-attachment":"scroll","background-type":"","background-media":"","overlay-type":"","overlay-color":"","overlay-opacity":"","overlay-gradient":""},"mobile":{"background-color":"var(--ast-global-color-5)","background-image":"","background-repeat":"repeat","background-position":"center center","background-size":"auto","background-attachment":"scroll","background-type":"","background-media":"","overlay-type":"","overlay-color":"","overlay-opacity":"","overlay-gradient":""}},"footnotes":""},"class_list":["post-2173","page","type-page","status-publish","hentry"],"uagb_featured_image_src":{"full":false,"thumbnail":false,"medium":false,"medium_large":false,"large":false,"1536x1536":false,"2048x2048":false},"uagb_author_info":{"display_name":"anquimed","author_link":"https:\/\/grupo.us.es\/newanquimed\/author\/anquimed\/"},"uagb_comment_info":0,"uagb_excerpt":"El Grupo de Investigaci\u00f3n An\u00e1lisis Qu\u00edmico Industrial y Medioambiental (ANQUIMED) tiene sede en la Escuela Polit\u00e9cnica Superior y est\u00e1 adscrito al Departamento de Qu\u00edmica Anal\u00edtica de la Universidad de Sevilla e inscrito en el Plan Andaluz de Investigaci\u00f3n, Desarrollo e Innovaci\u00f3n de la Junta de Andaluc\u00eda con el c\u00f3digo FQM-344. Se fund\u00f3 en el a\u00f1o&hellip;","_links":{"self":[{"href":"https:\/\/grupo.us.es\/newanquimed\/wp-json\/wp\/v2\/pages\/2173","targetHints":{"allow":["GET"]}}],"collection":[{"href":"https:\/\/grupo.us.es\/newanquimed\/wp-json\/wp\/v2\/pages"}],"about":[{"href":"https:\/\/grupo.us.es\/newanquimed\/wp-json\/wp\/v2\/types\/page"}],"author":[{"embeddable":true,"href":"https:\/\/grupo.us.es\/newanquimed\/wp-json\/wp\/v2\/users\/1"}],"replies":[{"embeddable":true,"href":"https:\/\/grupo.us.es\/newanquimed\/wp-json\/wp\/v2\/comments?post=2173"}],"version-history":[{"count":2,"href":"https:\/\/grupo.us.es\/newanquimed\/wp-json\/wp\/v2\/pages\/2173\/revisions"}],"predecessor-version":[{"id":2188,"href":"https:\/\/grupo.us.es\/newanquimed\/wp-json\/wp\/v2\/pages\/2173\/revisions\/2188"}],"wp:attachment":[{"href":"https:\/\/grupo.us.es\/newanquimed\/wp-json\/wp\/v2\/media?parent=2173"}],"curies":[{"name":"wp","href":"https:\/\/api.w.org\/{rel}","templated":true}]}}