{"id":383,"date":"2021-07-15T10:52:16","date_gmt":"2021-07-15T10:52:16","guid":{"rendered":"https:\/\/grupo.us.es\/neuroreg\/?page_id=383"},"modified":"2024-01-04T19:44:52","modified_gmt":"2024-01-04T19:44:52","slug":"publicaciones","status":"publish","type":"page","link":"https:\/\/grupo.us.es\/neuroreg\/publicaciones\/","title":{"rendered":"Publicaciones"},"content":{"rendered":"<p>[et_pb_section fb_built=\u00bb1&#8243; _builder_version=\u00bb4.16&#8243; _module_preset=\u00bbdefault\u00bb global_colors_info=\u00bb{}\u00bb][et_pb_row _builder_version=\u00bb4.16&#8243; _module_preset=\u00bbdefault\u00bb global_colors_info=\u00bb{}\u00bb][et_pb_column type=\u00bb4_4&#8243; _builder_version=\u00bb4.16&#8243; _module_preset=\u00bbdefault\u00bb global_colors_info=\u00bb{}\u00bb][et_pb_post_title title=\u00bboff\u00bb author=\u00bboff\u00bb date=\u00bboff\u00bb comments=\u00bboff\u00bb _builder_version=\u00bb4.16&#8243; _module_preset=\u00bbdefault\u00bb global_colors_info=\u00bb{}\u00bb][\/et_pb_post_title][et_pb_text _builder_version=\u00bb4.16&#8243; _module_preset=\u00bbdefault\u00bb custom_padding=\u00bb||14px|||\u00bb global_colors_info=\u00bb{}\u00bb]<\/p>\n<h2>Publicaciones m\u00e1s recientes<\/h2>\n<p>[\/et_pb_text][et_pb_text _builder_version=\u00bb4.18.1&#8243; _module_preset=\u00bbdefault\u00bb link_option_url_new_window=\u00bbon\u00bb global_colors_info=\u00bb{}\u00bb]<\/p>\n<p><a href=\"https:\/\/grupo.us.es\/neuroreg\/wp-content\/uploads\/2024\/01\/1.-New-pharmacological-tools.pdf\" target=\"_blank\" rel=\"noopener\">1. New pharmacological tools. The use of diterpenes. Ricardo G\u00f3mez-Oliva, Pedro Nunez-Abades, Carmen Castro. Neural Regen Res 2024.<\/a><\/p>\n<p>&nbsp;<\/p>\n<p><a href=\"https:\/\/grupo.us.es\/neuroreg\/wp-content\/uploads\/2024\/01\/2.-Targeting-epidermal.pdf\" target=\"_blank\" rel=\"noopener\">2. Targeting epidermal growth factor receptor signaling to facilitate cortical injury repair. Ricardo G\u00f3mez-Oliva, Pedro Nunez-Abades, Carmen Castro. Neural Regen Res 2024.<\/a><\/p>\n<p>&nbsp;<\/p>\n<p><a href=\"https:\/\/grupo.us.es\/neuroreg\/wp-content\/uploads\/2024\/01\/3.Targeting-epidermal.pdf\" target=\"_blank\" rel=\"noopener\">3. Targeting epidermal growth factor receptor to recruit newly generated neuroblasts in cortical brain injuries. G\u00f3mez\u2011Oliva et al. Journal of Translational Medicine 2023.<\/a><\/p>\n<p>&nbsp;<\/p>\n<p><a href=\"https:\/\/grupo.us.es\/neuroreg\/wp-content\/uploads\/2023\/09\/Rescue-of-neurogenesis_compressed.pdf\" target=\"_blank\" rel=\"noopener\">4. Rescue of neurogenesis and age-associated cognitive decline in SAMP8 mouse: Role of transforming growth factor-alpha.<br \/>G\u00f3mez-Oliva R, Mart\u00ednez-Ortega S, Atienza-Navarro I, Dom\u00ednguez-Garc\u00eda S, Bernal-Utrera C, Geribaldi-Dold\u00e1n N, Ver\u00e1stegui C, Ezzanad A, Hern\u00e1ndez-Gal\u00e1n R, Nunez-Abades P, Garcia-Alloza M, Castro C.Aging Cell. 2023 Jun;22(6):e13829. <br \/><\/a><\/p>\n<p>&nbsp;<\/p>\n<p><a href=\"https:\/\/grupo.us.es\/neuroreg\/wp-content\/uploads\/2023\/09\/Migratory-Response.pdf\" target=\"_blank\" rel=\"noopener\">5. Migratory Response of Cells in Neurogenic Niches to Neuronal Death: The Onset of Harmonic Repair?<br \/>Geribaldi-Dold\u00e1n N, Carrascal L, P\u00e9rez-Garc\u00eda P, Oliva-Montero JM, Pardillo-D\u00edaz R, Dom\u00ednguez-Garc\u00eda S, Bernal-Utrera C, G\u00f3mez-Oliva R, Mart\u00ednez-Ortega S, Ver\u00e1stegui C, Nunez-Abades P, Castro C.Int J Mol Sci. 2023 Apr 1;24(7):6587. <\/a><\/p>\n<p>&nbsp;<\/p>\n<p><a href=\"https:\/\/grupo.us.es\/neuroreg\/wp-content\/uploads\/2023\/01\/1.oxidative-stress.pdf\" target=\"_blank\" rel=\"noopener\">6. Oxidative Stress as a Potential Mechanism Underlying Membrane Hyperexcitability in Neurodegenerative Diseases. Pardillo-D\u00edaz R, P\u00e9rez-Garc\u00eda P, Castro C, Nunez-Abades P, Carrascal L. <strong>Antioxidants (Basel)<\/strong>. 2022 Aug 2;11(8):1511.<\/a><\/p>\n<p>&nbsp;<\/p>\n<p><a href=\"https:\/\/grupo.us.es\/neuroreg\/wp-content\/uploads\/2023\/01\/2.acute-colon-inflammation.pdf\" target=\"_blank\" rel=\"noopener\">7. Acute Colon Inflammation Triggers Primary Motor Cortex Glial Activation, Neuroinflammation, Neuronal Hyperexcitability, and Motor Coordination Deficits. Carrascal L, V\u00e1zquez-Carretero MD, Garc\u00eda-Miranda P, Font\u00e1n-Lozano \u00c1, Calonge ML, Ilund\u00e1in AA, Castro C, Nunez-Abades P, Peral MJ. <strong>Int J Mol Sci<\/strong>. 2022 May 11;23(10):5347.<\/a><\/p>\n<p>&nbsp;<\/p>\n<p><a href=\"https:\/\/grupo.us.es\/neuroreg\/wp-content\/uploads\/2023\/01\/3.poliphosphatase.pdf\" target=\"_blank\" rel=\"noopener\">8. Polyphosphate Activates von Willebrand Factor Interaction with Glycoprotein Ib in the Absence of Factor VIII In Vitro. Montilla M, Atienza-Navarro I, Garc\u00eda-Cozar FJ, Castro C, Rodr\u00edguez-Martorell FJ, Ruiz FA. <strong>Int J Mol Sci<\/strong>. 2022 Nov 15;23(22):14118.<\/a><\/p>\n<p>&nbsp;<\/p>\n<p><a href=\"https:\/\/grupo.us.es\/neuroreg\/wp-content\/uploads\/2023\/01\/4.correction-to-Phorbol.pdf\" target=\"_blank\" rel=\"noopener\">9. Correction to \u00abPhorbol Diesters and 12-Deoxy-16-hydroxyphorbol 13,16-Diesters Induce TGF\u03b1 Release and Adult Mouse Neurogenesis\u00bb. Ezzanad A, G\u00f3mez-Oliva R, Escobar-Monta\u00f1o F, D\u00edez-Salguero M, Geribaldi-Doldan N, Dominguez-Garcia S, Botubol-Ares JM, de Los Reyes C, Dur\u00e1n-Patr\u00f3n R, Nunez-Abades P, Mac\u00edas-S\u00e1nchez AJ, Castro C, Hern\u00e1ndez-Gal\u00e1n R. <strong>J Med Chem.<\/strong> 2022 Aug 11;65(15):10707-10708.<\/a><\/p>\n<p>&nbsp;<\/p>\n<p><a href=\"https:\/\/grupo.us.es\/neuroreg\/wp-content\/uploads\/2023\/01\/5.refinement.pdf\" target=\"_blank\" rel=\"noopener\">10. Refinement of Active and Passive Membrane Properties of Layer V Pyramidal Neurons in Rat Primary Motor Cortex During Postnatal Development. Perez-Garc\u00eda P, Pardillo-D\u00edaz R, Geribaldi-Dold\u00e1n N, G\u00f3mez-Oliva R, Dom\u00ednguez-Garc\u00eda S, Castro C, Nunez-Abades P, Carrascal L. Front Mol Neurosci. 2021 Dec 1;14:754393.<\/a><\/p>\n<p>&nbsp;<\/p>\n<p><a href=\"https:\/\/grupo.us.es\/neuroreg\/wp-content\/uploads\/2023\/01\/6.editorial.pdf\" target=\"_blank\" rel=\"noopener\">11. Editorial: Neural Stem Cells of the Subventricular Zone: From Neurogenesis to Glioblastoma Origin. Matarredona ER, Zarco N, Castro C, Guerrero-Cazares H. <strong>Front Oncol<\/strong>. 2021 Sep 17;11:750116.<\/a><\/p>\n<p>&nbsp;<\/p>\n<p><a href=\"https:\/\/grupo.us.es\/neuroreg\/wp-content\/uploads\/2021\/08\/1.-Ezzanad-et-al.-2021.pdf\" target=\"_blank\" rel=\"noopener\">12. Ezzanad, A; Gomez-Oliva, R; Escobar-Monta\u00f1o, F; Diez-Salguero, M; Geribaldi-Doldan, N; Dom\u00ednguez-Garc\u00eda, S; Botubol-Ares, J; de los Reyes, C; Dur\u00e1n-Patr\u00f3n, R; Nunez-Abades, P; Mac\u00edas-S\u00e1nchez, A; Castro, C; Hern\u00e1ndez-Gal\u00e1n, R. Phorbol diesters and 12-deoxy-16- hydroxyphorbol 13,16-diesters induce TGF\u03b1 release and adult mouse neurogenesis.<strong> Journal of Medicinal Chemistry<\/strong> 2021 May 13;64(9):6070-6084.<\/a><\/p>\n<p>&nbsp;<\/p>\n<p><a href=\"https:\/\/grupo.us.es\/neuroreg\/wp-content\/uploads\/2021\/08\/2.-Geribaldi-Doldan-2021.pdf\" target=\"_blank\" rel=\"noopener\">13. Geribaldi-Dold\u00e1n, N.; Herv\u00e1s-Corpi\u00f3n, I.; G\u00f3mez-Oliva, R.; Dom\u00ednguez-Garc\u00eda, S.; Ruiz, F.A.; Iglesias-Lozano, I.; Carrascal, L.; Pardillo-D\u00edaz, R.; Gil-Sal\u00fa, J.L.; Nunez-Abades, P.; Valor, L.M.; Castro, C. Targeting Protein Kinase C in Glioblastoma Treatment. <strong>Biomedicines <\/strong>2021, 9, 381.<\/a><\/p>\n<p>&nbsp;<\/p>\n<p><a href=\"https:\/\/grupo.us.es\/neuroreg\/wp-content\/uploads\/2021\/08\/3.-Gomez-Oliva-2021.pdf\" target=\"_blank\" rel=\"noopener\">14. G\u00f3mez-Oliva R, Dom\u00ednguez-Garc\u00eda S, Carrascal L, Abalos-Mart\u00ednez J, Pardillo-D\u00edaz R, Ver\u00e1stegui C, Castro C, Nunez-Abades P, Geribaldi-Dold\u00e1n N. Evolution of experimental models in the study of glioblastoma: toward finding efficient treatments. <strong>Frontiers in Oncology<\/strong> 2021, 10, 614295.<\/a><\/p>\n<p>&nbsp;<\/p>\n<p><a href=\"https:\/\/grupo.us.es\/neuroreg\/wp-content\/uploads\/2021\/08\/4.-Dominguez-Garcia-2021.pdf\" target=\"_blank\" rel=\"noopener\">15. Dom\u00ednguez-Garc\u00eda S, G\u00f3mez-Oliva R, Geribaldi-Dold\u00e1n N, Hierro-Bujalance C, Sendra M, Ruiz FA, Carrascal L, Mac\u00edas-S\u00e1nchez AJ, Ver\u00e1stegui C, Hern\u00e1ndez-Gal\u00e1n R, Garc\u00eda-Alloza M, Nunez-Abades P, Castro C. Effects of classical PKC activation on hippocampal neurogenesis and cognitive performance: mechanism of action. <strong>Neuropsychopharmacology.<\/strong> 2021. May;46(6):1207-1219.<\/a><\/p>\n<p>&nbsp;<\/p>\n<p><a href=\"https:\/\/grupo.us.es\/neuroreg\/wp-content\/uploads\/2021\/08\/5.-Carrascal-2021..pdf\" target=\"_blank\" rel=\"noopener\">16. Carrascal L, Gorton E, Pardillo-D\u00edaz R, Perez-Garc\u00eda P, G\u00f3mez-Oliva R, Castro C, Nunez-Abades P. Age-Dependent Vulnerability to Oxidative Stress of Postnatal Rat Pyramidal Motor Cortex Neurons. <strong>Antioxidants.<\/strong> 2020 Dec 19;9(12):1307.<\/a><\/p>\n<p>&nbsp;<\/p>\n<p><a href=\"https:\/\/grupo.us.es\/neuroreg\/wp-content\/uploads\/2021\/08\/6.-Delgado-Sequera2021.pdf\" target=\"_blank\" rel=\"noopener\">17. Delgado-Sequera, A, Hidalgo-Figueroa M, Barrera-Conde M, Duran-Ruiz MC, Castro C, Fern\u00e1ndez-Avil\u00e9s C, de la Torre R, S\u00e1nchez-Gomar I, P\u00e9rez V, Geribaldi-Dold\u00e1n N, Robledo P and Berrocoso E. Olfactory Neuroepithelium Cells from Cannabis Users Display Alterations to the Cytoskeleton and to Markers of Adhesion, Proliferation and Apoptosis. <strong>Molecular Neurobiology<\/strong> 2021 Apr;58(4):1695-1710.<\/a><\/p>\n<p>&nbsp;<\/p>\n<p><a href=\"https:\/\/grupo.us.es\/neuroreg\/wp-content\/uploads\/2021\/08\/7.-Gomez-Oliva-2020.pdf\" target=\"_blank\" rel=\"noopener\">18. G\u00f3mez Oliva R, Geribaldi-Dold\u00e1n N, Dom\u00ednguez-Garc\u00eda R, Ver\u00e1stegui C, Carrascal L, Nunez-Abades P and Castro C. Vitamin D deficiency a risk factor for reduced neurogenesis, aging and cognitive decline. <strong>Aging <\/strong>(Albany NY). 2020 Jun 17;12(13):13824-13844.<\/a><\/p>\n<p>&nbsp;<\/p>\n<p><a href=\"https:\/\/grupo.us.es\/neuroreg\/wp-content\/uploads\/2021\/08\/8.-Dominguez-Garcia-2020.pdf\" target=\"_blank\" rel=\"noopener\">19. Dom\u00ednguez-Garc\u00eda S, Geribaldi-Dold\u00e1n N, G\u00f3mez-Oliva R, Ruiz FA, Carrascal L, Bol\u00edvar J, Ver\u00e1stegui C, Garcia-Alloza M, Mac\u00edas-S\u00e1nchez AJ, Hern\u00e1ndez-Gal\u00e1n R, Nunez-Abades P, Castro C. A novel PKC activating molecule promotes neuroblast differentiation and delivery of newborn neurons in brain injuries. <strong>Cell Death Dis<\/strong>. 2020; 11(4):262.<\/a><\/p>\n<p>&nbsp;<\/p>\n<p><a href=\"https:\/\/grupo.us.es\/neuroreg\/wp-content\/uploads\/2021\/08\/9.-Flores-Giubi-acs.jnatprod.-2019.pdf\" target=\"_blank\" rel=\"noopener\">20. Flores-Giubi E, Geribaldi-Dold\u00e1n N, Murillo-Carretero M, Castro C, Dur\u00e1n-Patr\u00f3n R, Mac\u00edas-S\u00e1nchez AJ, Hern\u00e1ndez-Gal\u00e1n R. Lathyrane, Premyrsinane, and Related Diterpenes from Euphorbia boetica: Effect on in Vitro Neural Progenitor Cell Proliferation. <strong>J Nat Prod.<\/strong> 2019; 82:2517-2528.<\/a><\/p>\n<p>&nbsp;<\/p>\n<p><a href=\"https:\/\/grupo.us.es\/neuroreg\/wp-content\/uploads\/2021\/08\/10.-Dominguez-Garcia-2019.pdf\" target=\"_blank\" rel=\"noopener\">21. Dominguez-Garcia S, Castro C, Geribaldi-Dold\u00e1n N. ADAM17\/TACE: a key molecule in brain injury regeneration. <strong>Neural Regen Res<\/strong>. 2019; 14:1378-1379.<\/a><\/p>\n<p>&nbsp;<\/p>\n<p><a href=\"https:\/\/grupo.us.es\/neuroreg\/wp-content\/uploads\/2021\/08\/11.-Geribaldi-Doldan.-2019.pdf\" target=\"_blank\" rel=\"noopener\">22. Geribaldi-Dold\u00e1n N, G\u00f3mez-Oliva R, Dom\u00ednguez-Garc\u00eda S, Nunez-Abades P, Castro C. Protein Kinase C: Targets to Regenerate Brain Injuries? <strong>Front Cell Dev Biol.<\/strong> 2019 20;7:39.<\/a><\/p>\n<p>&nbsp;<\/p>\n<p><a href=\"https:\/\/grupo.us.es\/neuroreg\/wp-content\/uploads\/2021\/08\/12.-Garcia-Bernal-2018.pdf\" target=\"_blank\" rel=\"noopener\">23. Garc\u00eda-Bernal F, Geribaldi-Dold\u00e1n N, Dom\u00ednguez Garc\u00eda S., Carrasco M, Murillo-Carretero M, Delgado-Ariza A, Ver\u00e1stegui C y Castro C. Protein kinase C inhibition facilitates neuroblast enrichment in brain injuries. <strong>Frontiers in Cell Neuroscience.<\/strong> 2018 Nov 27;12:462.<\/a><\/p>\n<p>&nbsp;<\/p>\n<p><a href=\"https:\/\/grupo.us.es\/neuroreg\/wp-content\/uploads\/2021\/08\/13.-Geribaldi-Doldan-2018.pdf\" target=\"_blank\" rel=\"noopener\">24. Geribaldi-Dold\u00e1n N, Carrasco M, Murillo-Carretero M, Dom\u00ednguez-Garc\u00eda S, Garc\u00eda-C\u00f3zar F, Mu\u00f1oz-Miranda JP, Del R\u00edo-Garc\u00eda V, Ver\u00e1stegui C, Castro C. Specific inhibition of ADAM17\/TACE promotes neurogenesis in the injured motor cortex. <strong>Cell Death Dis.<\/strong> 2018; 9:862.<\/a><\/p>\n<p>&nbsp;<\/p>\n<p><a href=\"https:\/\/grupo.us.es\/neuroreg\/wp-content\/uploads\/2021\/08\/14.-Carrascal-2018.pdf\" target=\"_blank\" rel=\"noopener\">25. Carrascal L, Nunez-Abades P, Ayala A, Cano M. Role of melatonin in the inflammatory process and its therapeutic potential. Curr Pharm Des. 2018. 2018;24(14):1563-1588.\u00a0<\/a><\/p>\n<p>&nbsp;<\/p>\n<p><a href=\"https:\/\/grupo.us.es\/neuroreg\/wp-content\/uploads\/2021\/08\/15.-Murillo-Carretero-2017.pdf\" target=\"_blank\" rel=\"noopener\">26. Murillo-Carretero M, Geribaldi-Dold\u00e1n N, Flores-Giubi E, Garc\u00eda-Bernal F, Navarro-Quiroz EA, Carrasco M, Mac\u00edas-S\u00e1nchez AJ, Herrero-Foncubierta P, Delgado-Ariza A, Ver\u00e1stegui C, Dom\u00ednguez-Riscart J, Daoubi M, Hern\u00e1ndez-Gal\u00e1n R, Castro C. ELAC (3,12-di-O-acetyl-8-O-3 tigloilingol), a plant-derived lathyrane diterpene, induces subventricular zone neural progenitor cell proliferation through PKC\u03b2 activation. <strong>British J. Pharmacol.<\/strong> 2017 174:2373-2392.<\/a><\/p>\n<p>&nbsp;<\/p>\n<p><a href=\"https:\/\/grupo.us.es\/neuroreg\/wp-content\/uploads\/2021\/08\/16.-Pardillo-Diaz-2017.pdf\" target=\"_blank\" rel=\"noopener\">27. Pardillo-D\u00edaz R, Carrascal L, Barrionuevo G, Nunez-Abades P. Oxidative stress induced by cumene hydroperoxide produces synaptic depression and transient hyperexcitability in rat primary motor cortex neurons. <strong>Mol Cell Neurosci.<\/strong> 2017; 82:204-217.<\/a><\/p>\n<p>&nbsp;<\/p>\n<p><a href=\"https:\/\/grupo.us.es\/neuroreg\/wp-content\/uploads\/2021\/08\/17.-Rabaneda-2016.pdf\" target=\"_blank\" rel=\"noopener\">28. Rabaneda LG, Geribaldi-Dold\u00e1n N, Murillo-Carretero M, Carrasco M, Mart\u00ednez-Salas JM, Ver\u00e1stegui C, Castro C. Altered regulation of the Spry2\/Dyrk1A\/PP2A triad by homocysteine impairs neural progenitor cell proliferation. <strong>Biochim Biophys Acta<\/strong>. 2016 1863:3015-3026.<\/a><\/p>\n<p>&nbsp;<\/p>\n<p><a href=\"https:\/\/grupo.us.es\/neuroreg\/wp-content\/uploads\/2021\/08\/18.-Lopez-soto-2016.pdf\" target=\"_blank\" rel=\"noopener\">29. Lopez-Soto T, Postigo-Madueno A, Nunez-Abades P. Evaluating long-latency auditory evoked potentials in the diagnosis of cortical hearing loss in children. <strong>Oxf Med Case Reports<\/strong>. 2016 Mar 21;2016(3):51-4.<\/a><\/p>\n<p>&nbsp;<\/p>\n<p><a href=\"https:\/\/grupo.us.es\/neuroreg\/wp-content\/uploads\/2021\/08\/19.-Pardillo-Diaz-2016.pdf\" target=\"_blank\" rel=\"noopener\">30. Pardillo-D\u00edaz R, Carrascal L, Mu\u00f1oz MF, Ayala A, Nunez-Abades P. Time and dose dependent effects of oxidative stress induced by cumene hydroperoxide in neuronal excitability of rat motor cortex neurons. <strong>Neurotoxicology.<\/strong> 2016 Mar;53:201-214.<\/a><\/p>\n<p>&nbsp;<\/p>\n<p><a href=\"https:\/\/grupo.us.es\/neuroreg\/wp-content\/uploads\/2021\/08\/20.-Nomura-2016.pdf\" target=\"_blank\" rel=\"noopener\">31. Nomura J, Jaaro-Peled H, Lewis E, Nu\u00f1ez-Abades P, Huppe-Gourgues F, Cash-Padgett T, Emiliani F, Kondo MA, Furuya A, Landek-Salgado MA, Ayhan Y, Kamiya A, Takumi T, Huganir R, Pletnikov M, O&#8217;Donnell P. Altered glutamate signaling in the prefrontal cortex of PICK1 knockout mice. <strong>Mol Psychiatry<\/strong>. 2016 Mar;21(3):386-93.<\/a><\/p>\n<p>[\/et_pb_text][\/et_pb_column][\/et_pb_row][\/et_pb_section]<\/p>\n<div class=\"pvc_clear\"><\/div>\n<p id=\"pvc_stats_383\" class=\"pvc_stats total_only  \" data-element-id=\"383\" style=\"\"><i class=\"pvc-stats-icon small\" aria-hidden=\"true\"><svg aria-hidden=\"true\" focusable=\"false\" data-prefix=\"far\" data-icon=\"chart-bar\" role=\"img\" xmlns=\"http:\/\/www.w3.org\/2000\/svg\" viewBox=\"0 0 512 512\" class=\"svg-inline--fa fa-chart-bar fa-w-16 fa-2x\"><path fill=\"currentColor\" d=\"M396.8 352h22.4c6.4 0 12.8-6.4 12.8-12.8V108.8c0-6.4-6.4-12.8-12.8-12.8h-22.4c-6.4 0-12.8 6.4-12.8 12.8v230.4c0 6.4 6.4 12.8 12.8 12.8zm-192 0h22.4c6.4 0 12.8-6.4 12.8-12.8V140.8c0-6.4-6.4-12.8-12.8-12.8h-22.4c-6.4 0-12.8 6.4-12.8 12.8v198.4c0 6.4 6.4 12.8 12.8 12.8zm96 0h22.4c6.4 0 12.8-6.4 12.8-12.8V204.8c0-6.4-6.4-12.8-12.8-12.8h-22.4c-6.4 0-12.8 6.4-12.8 12.8v134.4c0 6.4 6.4 12.8 12.8 12.8zM496 400H48V80c0-8.84-7.16-16-16-16H16C7.16 64 0 71.16 0 80v336c0 17.67 14.33 32 32 32h464c8.84 0 16-7.16 16-16v-16c0-8.84-7.16-16-16-16zm-387.2-48h22.4c6.4 0 12.8-6.4 12.8-12.8v-70.4c0-6.4-6.4-12.8-12.8-12.8h-22.4c-6.4 0-12.8 6.4-12.8 12.8v70.4c0 6.4 6.4 12.8 12.8 12.8z\" class=\"\"><\/path><\/svg><\/i> <img loading=\"lazy\" decoding=\"async\" width=\"16\" height=\"16\" alt=\"Loading\" src=\"https:\/\/grupo.us.es\/neuroreg\/wp-content\/plugins\/page-views-count\/ajax-loader-2x.gif\" border=0 \/><\/p>\n<div class=\"pvc_clear\"><\/div>\n","protected":false},"excerpt":{"rendered":"<p>Publicaciones m\u00e1s recientes1. New pharmacological tools. The use of diterpenes. Ricardo G\u00f3mez-Oliva, Pedro Nunez-Abades, Carmen Castro. Neural Regen Res 2024. &nbsp; 2. Targeting epidermal growth factor receptor signaling to facilitate cortical injury repair. Ricardo G\u00f3mez-Oliva, Pedro Nunez-Abades, Carmen Castro. Neural Regen Res 2024. &nbsp; 3. Targeting epidermal growth factor receptor to recruit newly generated neuroblasts [&hellip;]<\/p>\n<div class=\"pvc_clear\"><\/div>\n<p id=\"pvc_stats_383\" class=\"pvc_stats total_only  \" data-element-id=\"383\" style=\"\"><i class=\"pvc-stats-icon small\" aria-hidden=\"true\"><svg aria-hidden=\"true\" focusable=\"false\" data-prefix=\"far\" data-icon=\"chart-bar\" role=\"img\" xmlns=\"http:\/\/www.w3.org\/2000\/svg\" viewBox=\"0 0 512 512\" class=\"svg-inline--fa fa-chart-bar fa-w-16 fa-2x\"><path fill=\"currentColor\" d=\"M396.8 352h22.4c6.4 0 12.8-6.4 12.8-12.8V108.8c0-6.4-6.4-12.8-12.8-12.8h-22.4c-6.4 0-12.8 6.4-12.8 12.8v230.4c0 6.4 6.4 12.8 12.8 12.8zm-192 0h22.4c6.4 0 12.8-6.4 12.8-12.8V140.8c0-6.4-6.4-12.8-12.8-12.8h-22.4c-6.4 0-12.8 6.4-12.8 12.8v198.4c0 6.4 6.4 12.8 12.8 12.8zm96 0h22.4c6.4 0 12.8-6.4 12.8-12.8V204.8c0-6.4-6.4-12.8-12.8-12.8h-22.4c-6.4 0-12.8 6.4-12.8 12.8v134.4c0 6.4 6.4 12.8 12.8 12.8zM496 400H48V80c0-8.84-7.16-16-16-16H16C7.16 64 0 71.16 0 80v336c0 17.67 14.33 32 32 32h464c8.84 0 16-7.16 16-16v-16c0-8.84-7.16-16-16-16zm-387.2-48h22.4c6.4 0 12.8-6.4 12.8-12.8v-70.4c0-6.4-6.4-12.8-12.8-12.8h-22.4c-6.4 0-12.8 6.4-12.8 12.8v70.4c0 6.4 6.4 12.8 12.8 12.8z\" class=\"\"><\/path><\/svg><\/i> <img loading=\"lazy\" decoding=\"async\" width=\"16\" height=\"16\" alt=\"Loading\" src=\"https:\/\/grupo.us.es\/neuroreg\/wp-content\/plugins\/page-views-count\/ajax-loader-2x.gif\" border=0 \/><\/p>\n<div class=\"pvc_clear\"><\/div>\n","protected":false},"author":1,"featured_media":0,"parent":0,"menu_order":0,"comment_status":"closed","ping_status":"closed","template":"","meta":{"_et_pb_use_builder":"on","_et_pb_old_content":"","_et_gb_content_width":"","footnotes":""},"class_list":["post-383","page","type-page","status-publish","hentry"],"_links":{"self":[{"href":"https:\/\/grupo.us.es\/neuroreg\/wp-json\/wp\/v2\/pages\/383","targetHints":{"allow":["GET"]}}],"collection":[{"href":"https:\/\/grupo.us.es\/neuroreg\/wp-json\/wp\/v2\/pages"}],"about":[{"href":"https:\/\/grupo.us.es\/neuroreg\/wp-json\/wp\/v2\/types\/page"}],"author":[{"embeddable":true,"href":"https:\/\/grupo.us.es\/neuroreg\/wp-json\/wp\/v2\/users\/1"}],"replies":[{"embeddable":true,"href":"https:\/\/grupo.us.es\/neuroreg\/wp-json\/wp\/v2\/comments?post=383"}],"version-history":[{"count":22,"href":"https:\/\/grupo.us.es\/neuroreg\/wp-json\/wp\/v2\/pages\/383\/revisions"}],"predecessor-version":[{"id":649,"href":"https:\/\/grupo.us.es\/neuroreg\/wp-json\/wp\/v2\/pages\/383\/revisions\/649"}],"wp:attachment":[{"href":"https:\/\/grupo.us.es\/neuroreg\/wp-json\/wp\/v2\/media?parent=383"}],"curies":[{"name":"wp","href":"https:\/\/api.w.org\/{rel}","templated":true}]}}