{"id":290,"date":"2021-04-30T21:45:41","date_gmt":"2021-04-30T21:45:41","guid":{"rendered":"https:\/\/grupo.us.es\/neuroreg\/?page_id=290"},"modified":"2024-02-16T21:55:41","modified_gmt":"2024-02-16T21:55:41","slug":"noticias","status":"publish","type":"page","link":"https:\/\/grupo.us.es\/neuroreg\/noticias\/","title":{"rendered":"Noticias"},"content":{"rendered":"<p>[et_pb_section fb_built=\u00bb1&#8243; _builder_version=\u00bb4.16&#8243; _module_preset=\u00bbdefault\u00bb global_colors_info=\u00bb{}\u00bb][et_pb_row _builder_version=\u00bb4.16&#8243; _module_preset=\u00bbdefault\u00bb custom_padding=\u00bb||0px|||\u00bb global_colors_info=\u00bb{}\u00bb][et_pb_column type=\u00bb4_4&#8243; _builder_version=\u00bb4.16&#8243; _module_preset=\u00bbdefault\u00bb global_colors_info=\u00bb{}\u00bb][et_pb_post_title meta=\u00bboff\u00bb featured_image=\u00bboff\u00bb _builder_version=\u00bb4.16&#8243; _module_preset=\u00bbdefault\u00bb global_colors_info=\u00bb{}\u00bb][\/et_pb_post_title][\/et_pb_column][\/et_pb_row][et_pb_row _builder_version=\u00bb4.16&#8243; _module_preset=\u00bbdefault\u00bb custom_margin=\u00bb||||false|false\u00bb custom_padding=\u00bb||||false|false\u00bb global_colors_info=\u00bb{}\u00bb][et_pb_column type=\u00bb4_4&#8243; _builder_version=\u00bb4.16&#8243; _module_preset=\u00bbdefault\u00bb global_colors_info=\u00bb{}\u00bb][et_pb_blurb title=\u00bbInvestigadores de C\u00e1diz y Sevilla descubren un nuevo uso de un f\u00e1rmaco para tratar lesiones cerebrales.\u00bb url=\u00bbhttps:\/\/www.diariodecadiz.es\/noticias-provincia-cadiz\/Investigadores-Cadiz-Sevilla-lesiones-cerebrales-farmaco_0_1873013650.html\u00bb url_new_window=\u00bbon\u00bb image=\u00bbhttp:\/\/grupo.us.es\/neuroreg\/wp-content\/uploads\/2024\/02\/Varios-investigadores-implicados-proyecto_1873023224_203255589_667x375.jpg\u00bb _builder_version=\u00bb4.24.0&#8243; _module_preset=\u00bbdefault\u00bb custom_margin=\u00bb|10px||||\u00bb custom_padding=\u00bb|0px||||\u00bb link_option_url=\u00bbhttps:\/\/www.diariodecadiz.es\/noticias-provincia-cadiz\/Investigadores-Cadiz-Sevilla-lesiones-cerebrales-farmaco_0_1873013650.html\u00bb link_option_url_new_window=\u00bbon\u00bb hover_enabled=\u00bb0&#8243; global_colors_info=\u00bb{}\u00bb sticky_enabled=\u00bb0&#8243; title_text=\u00bbVarios-investigadores-implicados-proyecto_1873023224_203255589_667x375&#8243;]<\/p>\n<p style=\"text-align: justify;\"><span class=\"main\" id=\"provincia\"><span class=\"cuerpo-texto \">Investigadores de la Universidad de C\u00e1diz, coordinados por la catedr\u00e1tica en el \u00e1rea de Fisiolog\u00eda, Carmen Castro, en colaboraci\u00f3n con el profesor Pedro N\u00fa\u00f1ez, de la Universidad de Sevilla, han identificado que un f\u00e1rmaco, que se utiliza en la actualidad para el tratamiento de c\u00e1ncer de pulm\u00f3n, facilita la repoblaci\u00f3n con nuevas neuronas de regiones cerebrales da\u00f1adas por lesiones traum\u00e1ticas. Este importante hallazgo, publicado en la prestigiosa revista internacional Journal of Translational Medicine (perteneciente a Springer Nature), es fruto de un estudio precl\u00ednico realizado en animales de experimentaci\u00f3n.<\/span><\/span><span class=\"main\"><span class=\"cuerpo-texto \"><\/span><\/span><\/p>\n<p>[\/et_pb_blurb][\/et_pb_column][\/et_pb_row][et_pb_row column_structure=\u00bb1_2,1_2&#8243; _builder_version=\u00bb4.16&#8243; _module_preset=\u00bbdefault\u00bb custom_margin=\u00bb||||false|false\u00bb custom_padding=\u00bb||||false|false\u00bb global_colors_info=\u00bb{}\u00bb][et_pb_column type=\u00bb1_2&#8243; _builder_version=\u00bb4.16&#8243; _module_preset=\u00bbdefault\u00bb global_colors_info=\u00bb{}\u00bb][et_pb_blurb title=\u00bbInvestigadores de Sevilla y C\u00e1diz hallan una nueva mol\u00e9cula que mejora la memoria.\u00bb url=\u00bbhttps:\/\/www.elconfidencial.com\/tecnologia\/ciencia\/2023-06-30\/investigadores-sevilla-cadiz-nueva-molecula-memoria_3683725\/\u00bb url_new_window=\u00bbon\u00bb image=\u00bbhttps:\/\/images.ecestaticos.com\/GrHhA_eejTqqVqsnKFSjH1ZtOhU=\/0x0:640&#215;360\/996&#215;747\/filters:fill(white):format(jpg)\/f.elconfidencial.com%2Foriginal%2F879%2F212%2F4b5%2F8792124b513014ca4afa632eb6f26fd9.jpg\u00bb _builder_version=\u00bb4.18.1&#8243; _module_preset=\u00bbdefault\u00bb custom_margin=\u00bb|10px||||\u00bb custom_padding=\u00bb|0px||||\u00bb link_option_url=\u00bbhttps:\/\/www.elconfidencial.com\/tecnologia\/ciencia\/2023-06-30\/investigadores-sevilla-cadiz-nueva-molecula-memoria_3683725\/\u00bb link_option_url_new_window=\u00bbon\u00bb hover_enabled=\u00bb0&#8243; global_colors_info=\u00bb{}\u00bb sticky_enabled=\u00bb0&#8243;]<\/p>\n<p style=\"text-align: justify;\"><span class=\"main\" id=\"provincia\"><span class=\"cuerpo-texto \">Un grupo multidisciplinar de investigadores pertenecientes a las \u00e1reas de Fisiolog\u00eda, Qu\u00edmica Org\u00e1nica y Anatom\u00eda de las universidades de Sevilla y C\u00e1diz, adscritos al Instituto de Investigaci\u00f3n e Innovaci\u00f3n en Biomedicina de C\u00e1diz (Inibica), y coordinados por la profesora Carmen Castro, ha publicado un \u00abimportante hallazgo\u00bb &#8211;una nueva mol\u00e9cula que mejora la memoria&#8211; en la prestigiosa revista internacional de geriatr\u00eda Aging Cell. <\/span><\/span><span class=\"main\"><span class=\"cuerpo-texto \"><\/span><\/span><\/p>\n<p>[\/et_pb_blurb][\/et_pb_column][et_pb_column type=\u00bb1_2&#8243; _builder_version=\u00bb4.16&#8243; _module_preset=\u00bbdefault\u00bb global_colors_info=\u00bb{}\u00bb][et_pb_blurb title=\u00bbInvestigadores de Sevilla y C\u00e1diz hallan una nueva mol\u00e9cula que mejora la memoria.\u00bb url=\u00bbhttps:\/\/www.europapress.es\/andalucia\/noticia-investigadores-sevilla-cadiz-hallan-nueva-molecula-mejora-memoria-20230630134933.html\u00bb url_new_window=\u00bbon\u00bb image=\u00bbhttps:\/\/img.europapress.es\/fotoweb\/fotonoticia_20230630134933_640.webp\u00bb _builder_version=\u00bb4.18.1&#8243; _module_preset=\u00bbdefault\u00bb width=\u00bb100%\u00bb link_option_url=\u00bbhttps:\/\/www.europapress.es\/andalucia\/noticia-investigadores-sevilla-cadiz-hallan-nueva-molecula-mejora-memoria-20230630134933.html\u00bb link_option_url_new_window=\u00bbon\u00bb global_colors_info=\u00bb{}\u00bb]<\/p>\n<p style=\"text-align: justify;\">Un grupo multidisciplinar de investigadores pertenecientes a las \u00e1reas de Fisiolog\u00eda, Qu\u00edmica Org\u00e1nica y Anatom\u00eda de las universidades de Sevilla y C\u00e1diz, adscritos al Instituto de Investigaci\u00f3n e Innovaci\u00f3n en Biomedicina de C\u00e1diz (Inibica), y coordinados por la profesora Carmen Castro, ha publicado un \u00abimportante hallazgo\u00bb &#8211;una nueva mol\u00e9cula que mejora la memoria&#8211; en la prestigiosa revista internacional de geriatr\u00eda &#8216;Aging Cell&#8217;.<\/p>\n<p>[\/et_pb_blurb][\/et_pb_column][\/et_pb_row][et_pb_row column_structure=\u00bb1_2,1_2&#8243; _builder_version=\u00bb4.16&#8243; _module_preset=\u00bbdefault\u00bb custom_margin=\u00bb||||false|false\u00bb custom_padding=\u00bb||||false|false\u00bb global_colors_info=\u00bb{}\u00bb][et_pb_column type=\u00bb1_2&#8243; _builder_version=\u00bb4.16&#8243; _module_preset=\u00bbdefault\u00bb global_colors_info=\u00bb{}\u00bb][et_pb_blurb title=\u00bbHallan una mol\u00e9cula que ayuda a la regeneraci\u00f3n de neuronas y mejora la memoria y el aprendizaje.\u00bb url=\u00bbhttps:\/\/www.lavozdigital.es\/cadiz\/provincia\/lvdi-hallan-molecula-ayuda-regeneracion-neuronas-y-mejora-memoria-y-aprendizaje-202101292140_noticia.html\u00bb url_new_window=\u00bbon\u00bb image=\u00bbhttps:\/\/grupo.us.es\/neuroreg\/wp-content\/uploads\/2021\/08\/neurona-uca-kjfE-620&#215;349@abc.jpg\u00bb _builder_version=\u00bb4.16&#8243; _module_preset=\u00bbdefault\u00bb custom_margin=\u00bb|10px||||\u00bb custom_padding=\u00bb|0px||||\u00bb link_option_url=\u00bbhttps:\/\/www.lavozdigital.es\/cadiz\/provincia\/lvdi-hallan-molecula-ayuda-regeneracion-neuronas-y-mejora-memoria-y-aprendizaje-202101292140_noticia.html\u00bb link_option_url_new_window=\u00bbon\u00bb global_colors_info=\u00bb{}\u00bb]<\/p>\n<p style=\"text-align: justify;\"><span class=\"main\" id=\"provincia\"><span class=\"cuerpo-texto \">Un grupo multidisciplinar de investigadores, pertenecientes a las \u00e1reas de Fisiolog\u00eda, Nutrici\u00f3n y Qu\u00edmica Org\u00e1nica de la Universidad de C\u00e1diz y de la Universidad de Sevilla, coordinados por la profesora de la UCA, Carmen Castro, han descubierto los efectos beneficiosos de una <strong>nueva mol\u00e9cula<\/strong> que act\u00faa como <strong>regeneradora neuronal<\/strong>, mejorando la memoria y el aprendizaje.<\/span><\/span><span class=\"main\"><span class=\"cuerpo-texto \"><\/span><\/span><\/p>\n<p>[\/et_pb_blurb][\/et_pb_column][et_pb_column type=\u00bb1_2&#8243; _builder_version=\u00bb4.16&#8243; _module_preset=\u00bbdefault\u00bb global_colors_info=\u00bb{}\u00bb][et_pb_blurb title=\u00bbInvestigan en C\u00e1diz c\u00f3mo regenerar da\u00f1os cerebrales.\u00bb url=\u00bbhttps:\/\/www.canalsur.es\/noticias\/andaluc%C3%ADa\/cadiz\/investigan-en-cadiz-como-regenerar-danos-cerebrales\/1509997.html\u00bb url_new_window=\u00bbon\u00bb image=\u00bbhttps:\/\/grupo.us.es\/neuroreg\/wp-content\/uploads\/2021\/08\/NOTICIAS.png\u00bb _builder_version=\u00bb4.16&#8243; _module_preset=\u00bbdefault\u00bb width=\u00bb100%\u00bb link_option_url=\u00bbhttps:\/\/www.canalsur.es\/noticias\/andaluc%C3%ADa\/cadiz\/investigan-en-cadiz-como-regenerar-danos-cerebrales\/1509997.html\u00bb link_option_url_new_window=\u00bbon\u00bb global_colors_info=\u00bb{}\u00bb]<\/p>\n<p style=\"text-align: justify;\">Un equipo de investigaci\u00f3n de la Universidad de C\u00e1diz \u00faltima un f\u00e1rmaco para <strong>regenerar lesiones en el cerebro, por ejemplo, despu\u00e9s de un ictus.<\/strong> Est\u00e1n realizando, con \u00e9xito, ensayos en el laboratorio y esperan poder probarlo pronto en seres humanos. Tras un ictus o un accidente de tr\u00e1fico hay una p\u00e9rdida de neuronas y de funciones cerebrales.<\/p>\n<p>[\/et_pb_blurb][\/et_pb_column][\/et_pb_row][et_pb_row _builder_version=\u00bb4.16&#8243; _module_preset=\u00bbdefault\u00bb global_colors_info=\u00bb{}\u00bb][et_pb_column type=\u00bb4_4&#8243; _builder_version=\u00bb4.16&#8243; _module_preset=\u00bbdefault\u00bb global_colors_info=\u00bb{}\u00bb][et_pb_blurb title=\u00bbInvestigan los efectos beneficiosos de una nueva mol\u00e9cula que act\u00faa como regeneradora neuronal.\u00bb url=\u00bbhttps:\/\/www.aulamagna.com.es\/investigacion-uca-us-regeneracion-neuronal\/\u00bb url_new_window=\u00bbon\u00bb image=\u00bbhttps:\/\/grupo.us.es\/neuroreg\/wp-content\/uploads\/2021\/08\/neurona-uca-kjfE-620&#215;349@abc.jpg\u00bb _builder_version=\u00bb4.16&#8243; _module_preset=\u00bbdefault\u00bb link_option_url=\u00bbhttps:\/\/www.aulamagna.com.es\/investigacion-uca-us-regeneracion-neuronal\/\u00bb link_option_url_new_window=\u00bbon\u00bb global_colors_info=\u00bb{}\u00bb]<\/p>\n<p style=\"text-align: justify;\">Investigadores de las universidades de <a href=\"https:\/\/www.aulamagna.com.es\/category\/andalucia\/cadiz\/\" target=\"_blank\" rel=\"noopener noreferrer\">C\u00e1diz<\/a> y <a href=\"https:\/\/www.aulamagna.com.es\/category\/andalucia\/sevilla\/\" target=\"_blank\" rel=\"noopener noreferrer\">Sevilla<\/a> analizan los efectos beneficiosos de <strong>una nueva mol\u00e9cula que act\u00faa como regeneradora neuronal<\/strong>, mejorando la memoria y el aprendizaje. El estudio se centra en el hallazgo de una sustancia qu\u00edmica (extra\u00edda de una planta del g\u00e9nero <em>Euphorbia<\/em>) que activa la prote\u00edna quinasa C, que a su vez promueve la formaci\u00f3n de nuevas neuronas en zonas del cerebro que trabajan el aprendizaje y la memoria. Este trabajo ha sido publicado en la revista internacional de farmacolog\u00eda <em><a href=\"https:\/\/www.nature.com\/npp\/\" target=\"_blank\" rel=\"noopener noreferrer\">Neuropsychopharmacology<\/a>.<\/em><\/p>\n<p>[\/et_pb_blurb][\/et_pb_column][\/et_pb_row][et_pb_row column_structure=\u00bb2_5,3_5&#8243; _builder_version=\u00bb4.16&#8243; _module_preset=\u00bbdefault\u00bb global_colors_info=\u00bb{}\u00bb][et_pb_column type=\u00bb2_5&#8243; _builder_version=\u00bb4.16&#8243; _module_preset=\u00bbdefault\u00bb global_colors_info=\u00bb{}\u00bb][et_pb_blurb title=\u00bbUn compuesto ayuda a regenerar neuronas en zonas da\u00f1adas del cerebro.\u00bb url=\u00bbhttps:\/\/www.agenciasinc.es\/Noticias\/Un-compuesto-ayuda-a-regenerar-neuronas-en-zonas-danadas-del-cerebro\/(reply)\/110662&#8243; url_new_window=\u00bbon\u00bb image=\u00bbhttps:\/\/grupo.us.es\/neuroreg\/wp-content\/uploads\/2021\/08\/Un-compuesto-ayuda-a-regenerar-neuronas-en-zonas-danadas-del-cerebro.jpg\u00bb _builder_version=\u00bb4.16&#8243; _module_preset=\u00bbdefault\u00bb link_option_url=\u00bbhttps:\/\/www.agenciasinc.es\/Noticias\/Un-compuesto-ayuda-a-regenerar-neuronas-en-zonas-danadas-del-cerebro\/(reply)\/110662&#8243; link_option_url_new_window=\u00bbon\u00bb global_colors_info=\u00bb{}\u00bb]<\/p>\n<p style=\"text-align: justify;\">Investigadores de la Universidad de C\u00e1diz han participado en el hallazgo de un componente capaz de producir un aumento importante de la neurog\u00e9nesis, lo que puede ser el primer paso en la elaboraci\u00f3n de futuros medicamentos para pacientes con ciertas enfermedades neurol\u00f3gicas. Los resultados se publican en el <em>International <\/em><em>Journal of Neuropsychopharmacology<\/em>.<\/p>\n<p>[\/et_pb_blurb][\/et_pb_column][et_pb_column type=\u00bb3_5&#8243; _builder_version=\u00bb4.16&#8243; _module_preset=\u00bbdefault\u00bb global_colors_info=\u00bb{}\u00bb][et_pb_blurb title=\u00bbCarmen Castro, Premio Iberoamericano Cortes de C\u00e1diz de Investigaci\u00f3n Cient\u00edfica.\u00bb url=\u00bbhttps:\/\/fundaciondescubre.es\/noticias\/carmen-castro-premio-iberoamericano-cortes-de-cadiz-de-investigacion-cientifica\/\u00bb url_new_window=\u00bbon\u00bb image=\u00bbhttps:\/\/grupo.us.es\/neuroreg\/wp-content\/uploads\/2021\/08\/carmenW.gif\u00bb _builder_version=\u00bb4.16&#8243; _module_preset=\u00bbdefault\u00bb link_option_url=\u00bbhttps:\/\/fundaciondescubre.es\/noticias\/carmen-castro-premio-iberoamericano-cortes-de-cadiz-de-investigacion-cientifica\/\u00bb link_option_url_new_window=\u00bbon\u00bb global_colors_info=\u00bb{}\u00bb]<\/p>\n<p style=\"text-align: justify;\">Carmen Castro Gonz\u00e1lez, profesora de Biomedicina, Biotecnolog\u00eda y Salud P\u00fablica de la Facultad de Medicina de la <a href=\"http:\/\/www.uca.es\/\" target=\"_blank\" rel=\"noopener\">Universidad de C\u00e1diz<\/a>, recibi\u00f3 ayer el Premio Iberoamericano Cortes de C\u00e1diz de Investigaci\u00f3n Cient\u00edfica que, en su octava edici\u00f3n, ha reconocido la excelencia de su trabajo sobre regeneraci\u00f3n neuronal mediante el dise\u00f1o de un vector viral que favorece la formaci\u00f3n de neuronas a partir de c\u00e9lulas madre en lesiones cerebrales de rat\u00f3n adulto.<\/p>\n<p>[\/et_pb_blurb][\/et_pb_column][\/et_pb_row][et_pb_row column_structure=\u00bb1_3,1_3,1_3&#8243; _builder_version=\u00bb4.16&#8243; _module_preset=\u00bbdefault\u00bb global_colors_info=\u00bb{}\u00bb][et_pb_column type=\u00bb1_3&#8243; _builder_version=\u00bb4.16&#8243; _module_preset=\u00bbdefault\u00bb global_colors_info=\u00bb{}\u00bb][et_pb_blurb title=\u00bb28F: La fortaleza de la ciencia en Andaluc\u00eda en la era pos-COVID.\u00bb url=\u00bbhttps:\/\/idescubre.fundaciondescubre.es\/revista\/28f-la-fortaleza-de-la-ciencia-en-andalucia-en-la-era-post-covid\/\u00bb url_new_window=\u00bbon\u00bb image=\u00bbhttps:\/\/grupo.us.es\/neuroreg\/wp-content\/uploads\/2021\/08\/ilustracion_1614340750-800&#215;590-1.jpg\u00bb _builder_version=\u00bb4.16&#8243; _module_preset=\u00bbdefault\u00bb custom_padding=\u00bb|19px||||\u00bb link_option_url=\u00bbhttps:\/\/idescubre.fundaciondescubre.es\/revista\/28f-la-fortaleza-de-la-ciencia-en-andalucia-en-la-era-post-covid\/\u00bb link_option_url_new_window=\u00bbon\u00bb global_colors_info=\u00bb{}\u00bb]<\/p>\n<p style=\"text-align: justify;\">Las universidades, organismos de investigaci\u00f3n y centros tecnol\u00f3gicos han continuado su actividad, pese a las limitaciones de la situaci\u00f3n sanitaria. El coronavirus ha ocupado el grueso de la atenci\u00f3n social y medi\u00e1tica, pero detr\u00e1s de ello la I+D andaluza mantiene el pulso a los grandes retos cient\u00edficos a trav\u00e9s del conocimiento. Este 28 de febrero repasamos algunos de los proyectos en marcha en \u00e1reas de conocimiento emblem\u00e1ticas para Andaluc\u00eda.<\/p>\n<p>[\/et_pb_blurb][\/et_pb_column][et_pb_column type=\u00bb1_3&#8243; _builder_version=\u00bb4.16&#8243; _module_preset=\u00bbdefault\u00bb global_colors_info=\u00bb{}\u00bb][et_pb_blurb title=\u00bbEnsayan con \u00e9xito en estudios precl\u00ednicos una nueva mol\u00e9cula para la regeneraci\u00f3n neuronal.\u00bb url=\u00bbhttps:\/\/fundaciondescubre.es\/noticias\/ensayan-con-exito-en-estudios-preclinicos-una-nueva-molecula-para-la-regeneracion-neuronal\/\u00bb url_new_window=\u00bbon\u00bb image=\u00bbhttps:\/\/grupo.us.es\/neuroreg\/wp-content\/uploads\/2021\/08\/neurona-uca-kjfE-620&#215;349@abc.jpg\u00bb _builder_version=\u00bb4.16&#8243; _module_preset=\u00bbdefault\u00bb custom_padding=\u00bb|25px||||\u00bb link_option_url=\u00bbhttps:\/\/fundaciondescubre.es\/noticias\/ensayan-con-exito-en-estudios-preclinicos-una-nueva-molecula-para-la-regeneracion-neuronal\/\u00bb link_option_url_new_window=\u00bbon\u00bb global_colors_info=\u00bb{}\u00bb]<\/p>\n<p style=\"text-align: justify;\">Un grupo multidisciplinar de investigadores, adscritos al <a href=\"http:\/\/inibica.es\/\">Instituto de Investigaci\u00f3n e Innovaci\u00f3n en Biomedicina de C\u00e1diz (INiBICA)<\/a> y pertenecientes a las \u00e1reas de Fisiolog\u00eda y Qu\u00edmica Org\u00e1nica con la coordinaci\u00f3n de las profesoras Carmen Castro Gonz\u00e1lez y Rosario Hern\u00e1ndez Gal\u00e1n de la <a href=\"http:\/\/www.uca.es\">Universidad de C\u00e1diz<\/a> y del profesor Pedro N\u00fa\u00f1ez Abades de la <a href=\"http:\/\/www.us.es\">Universidad de Sevilla<\/a>, han publicado un importante hallazgo en la prestigiosa revista internacional\u00a0<em>Cell Death &amp; Disease<\/em> (<em>Nature Publishing Group<\/em>) centrado en una nueva mol\u00e9cula activadora de la prote\u00edna quinasa C (m\u00e1s conocida como PKC, del ingl\u00e9s\u00a0Protein Kinase\u00a0C) que puede promover la regeneraci\u00f3n neuronal tras una lesi\u00f3n cerebral.<\/p>\n<p>[\/et_pb_blurb][\/et_pb_column][et_pb_column type=\u00bb1_3&#8243; _builder_version=\u00bb4.16&#8243; _module_preset=\u00bbdefault\u00bb global_colors_info=\u00bb{}\u00bb][et_pb_blurb title=\u00bbUn trabajo de la US sobre su el efecto de la inflamaci\u00f3n intestinal en el sistema nervioso central, premiado en el Congreso Europeo de la FEPS 2019.\u00bb url=\u00bbhttps:\/\/investigacion.us.es\/noticias\/3952&#8243; url_new_window=\u00bbon\u00bb image=\u00bbhttps:\/\/grupo.us.es\/neuroreg\/wp-content\/uploads\/2021\/08\/w_premio_farmacia.jpg\u00bb _builder_version=\u00bb4.16&#8243; _module_preset=\u00bbdefault\u00bb link_option_url=\u00bbhttps:\/\/investigacion.us.es\/noticias\/3952&#8243; link_option_url_new_window=\u00bbon\u00bb global_colors_info=\u00bb{}\u00bb]<\/p>\n<p style=\"text-align: justify;\">Un trabajo de investigaci\u00f3n de la Facultad de Farmacia de la Universidad de Sevilla ha recibido el premio a la mejor comunicaci\u00f3n del <a href=\"https:\/\/www.feps-sif2019.com\/\">Congreso FEPS SIF 2019<\/a> de la <a href=\"https:\/\/www.feps.org\/index.php\">Federation of European Physiological Societies FEPS<\/a> celebrado del 10 al 13 de septiembre en Bolonia, Italia.<\/p>\n<p>[\/et_pb_blurb][\/et_pb_column][\/et_pb_row][et_pb_row _builder_version=\u00bb4.18.1&#8243; _module_preset=\u00bbdefault\u00bb global_colors_info=\u00bb{}\u00bb][et_pb_column type=\u00bb4_4&#8243; _builder_version=\u00bb4.18.1&#8243; _module_preset=\u00bbdefault\u00bb global_colors_info=\u00bb{}\u00bb][et_pb_blurb title=\u00bbLa inflamaci\u00f3n del colon puede ser un factor de riesgo en el desarrollo de algunas patolog\u00edas\u00bb url=\u00bbhttps:\/\/www.us.es\/actualidad-de-la-us\/la-inflamacion-del-colon-puede-ser-un-factor-de-riesgo-en-el-desarrollo-de#:~:text=Investigadores%20de%20la%20Universidad%20de%20Sevilla%20y%20la,motora.%20Adem%C3%A1s%2C%20esta%20afecci%C3%B3n%20altera%20la%20coordinaci%C3%B3n%20motora.\u00bb url_new_window=\u00bbon\u00bb image=\u00bbhttps:\/\/grupo.us.es\/neuroreg\/wp-content\/uploads\/2022\/11\/Imagen1.jpg\u00bb _builder_version=\u00bb4.18.1&#8243; _module_preset=\u00bbdefault\u00bb custom_padding=\u00bb|19px||||\u00bb link_option_url=\u00bbhttps:\/\/www.us.es\/actualidad-de-la-us\/la-inflamacion-del-colon-puede-ser-un-factor-de-riesgo-en-el-desarrollo-de#:~:text=Investigadores%20de%20la%20Universidad%20de%20Sevilla%20y%20la,motora.%20Adem%C3%A1s%2C%20esta%20afecci%C3%B3n%20altera%20la%20coordinaci%C3%B3n%20motora.\u00bb link_option_url_new_window=\u00bbon\u00bb locked=\u00bboff\u00bb global_colors_info=\u00bb{}\u00bb]<\/p>\n<p style=\"text-align: justify;\">Investigadores de la <strong>Universidad de Sevilla y la Universidad de C\u00e1diz <\/strong>demuestran por primera vez que una inflamaci\u00f3n intestinal aguda produce hiperexcitabilidad y neuroinflamaci\u00f3n en la corteza motora. Adem\u00e1s, esta afecci\u00f3n altera la coordinaci\u00f3n motora. Por todo ello, los investigadores concluyen que la inflamaci\u00f3n del colon o colitis podr\u00eda ser un factor de riesgo en el desarrollo de algunas patolog\u00edas neurodegenerativas.<\/p>\n<p>[\/et_pb_blurb][\/et_pb_column][\/et_pb_row][\/et_pb_section]<\/p>\n<div class=\"pvc_clear\"><\/div>\n<p id=\"pvc_stats_290\" class=\"pvc_stats total_only  \" data-element-id=\"290\" style=\"\"><i class=\"pvc-stats-icon small\" aria-hidden=\"true\"><svg aria-hidden=\"true\" focusable=\"false\" data-prefix=\"far\" data-icon=\"chart-bar\" role=\"img\" xmlns=\"http:\/\/www.w3.org\/2000\/svg\" viewBox=\"0 0 512 512\" class=\"svg-inline--fa fa-chart-bar fa-w-16 fa-2x\"><path fill=\"currentColor\" d=\"M396.8 352h22.4c6.4 0 12.8-6.4 12.8-12.8V108.8c0-6.4-6.4-12.8-12.8-12.8h-22.4c-6.4 0-12.8 6.4-12.8 12.8v230.4c0 6.4 6.4 12.8 12.8 12.8zm-192 0h22.4c6.4 0 12.8-6.4 12.8-12.8V140.8c0-6.4-6.4-12.8-12.8-12.8h-22.4c-6.4 0-12.8 6.4-12.8 12.8v198.4c0 6.4 6.4 12.8 12.8 12.8zm96 0h22.4c6.4 0 12.8-6.4 12.8-12.8V204.8c0-6.4-6.4-12.8-12.8-12.8h-22.4c-6.4 0-12.8 6.4-12.8 12.8v134.4c0 6.4 6.4 12.8 12.8 12.8zM496 400H48V80c0-8.84-7.16-16-16-16H16C7.16 64 0 71.16 0 80v336c0 17.67 14.33 32 32 32h464c8.84 0 16-7.16 16-16v-16c0-8.84-7.16-16-16-16zm-387.2-48h22.4c6.4 0 12.8-6.4 12.8-12.8v-70.4c0-6.4-6.4-12.8-12.8-12.8h-22.4c-6.4 0-12.8 6.4-12.8 12.8v70.4c0 6.4 6.4 12.8 12.8 12.8z\" class=\"\"><\/path><\/svg><\/i> <img loading=\"lazy\" decoding=\"async\" width=\"16\" height=\"16\" alt=\"Loading\" src=\"https:\/\/grupo.us.es\/neuroreg\/wp-content\/plugins\/page-views-count\/ajax-loader-2x.gif\" border=0 \/><\/p>\n<div class=\"pvc_clear\"><\/div>\n","protected":false},"excerpt":{"rendered":"<p>Investigadores de la Universidad de C\u00e1diz, coordinados por la catedr\u00e1tica en el \u00e1rea de Fisiolog\u00eda, Carmen Castro, en colaboraci\u00f3n con el profesor Pedro N\u00fa\u00f1ez, de la Universidad de Sevilla, han identificado que un f\u00e1rmaco, que se utiliza en la actualidad para el tratamiento de c\u00e1ncer de pulm\u00f3n, facilita la repoblaci\u00f3n con nuevas neuronas de regiones [&hellip;]<\/p>\n<div class=\"pvc_clear\"><\/div>\n<p id=\"pvc_stats_290\" class=\"pvc_stats total_only  \" data-element-id=\"290\" style=\"\"><i class=\"pvc-stats-icon small\" aria-hidden=\"true\"><svg aria-hidden=\"true\" focusable=\"false\" data-prefix=\"far\" data-icon=\"chart-bar\" role=\"img\" xmlns=\"http:\/\/www.w3.org\/2000\/svg\" viewBox=\"0 0 512 512\" class=\"svg-inline--fa fa-chart-bar fa-w-16 fa-2x\"><path fill=\"currentColor\" d=\"M396.8 352h22.4c6.4 0 12.8-6.4 12.8-12.8V108.8c0-6.4-6.4-12.8-12.8-12.8h-22.4c-6.4 0-12.8 6.4-12.8 12.8v230.4c0 6.4 6.4 12.8 12.8 12.8zm-192 0h22.4c6.4 0 12.8-6.4 12.8-12.8V140.8c0-6.4-6.4-12.8-12.8-12.8h-22.4c-6.4 0-12.8 6.4-12.8 12.8v198.4c0 6.4 6.4 12.8 12.8 12.8zm96 0h22.4c6.4 0 12.8-6.4 12.8-12.8V204.8c0-6.4-6.4-12.8-12.8-12.8h-22.4c-6.4 0-12.8 6.4-12.8 12.8v134.4c0 6.4 6.4 12.8 12.8 12.8zM496 400H48V80c0-8.84-7.16-16-16-16H16C7.16 64 0 71.16 0 80v336c0 17.67 14.33 32 32 32h464c8.84 0 16-7.16 16-16v-16c0-8.84-7.16-16-16-16zm-387.2-48h22.4c6.4 0 12.8-6.4 12.8-12.8v-70.4c0-6.4-6.4-12.8-12.8-12.8h-22.4c-6.4 0-12.8 6.4-12.8 12.8v70.4c0 6.4 6.4 12.8 12.8 12.8z\" class=\"\"><\/path><\/svg><\/i> <img loading=\"lazy\" decoding=\"async\" width=\"16\" height=\"16\" alt=\"Loading\" src=\"https:\/\/grupo.us.es\/neuroreg\/wp-content\/plugins\/page-views-count\/ajax-loader-2x.gif\" border=0 \/><\/p>\n<div class=\"pvc_clear\"><\/div>\n","protected":false},"author":1,"featured_media":0,"parent":0,"menu_order":0,"comment_status":"closed","ping_status":"closed","template":"","meta":{"_et_pb_use_builder":"on","_et_pb_old_content":"","_et_gb_content_width":"2880","footnotes":""},"class_list":["post-290","page","type-page","status-publish","hentry"],"_links":{"self":[{"href":"https:\/\/grupo.us.es\/neuroreg\/wp-json\/wp\/v2\/pages\/290","targetHints":{"allow":["GET"]}}],"collection":[{"href":"https:\/\/grupo.us.es\/neuroreg\/wp-json\/wp\/v2\/pages"}],"about":[{"href":"https:\/\/grupo.us.es\/neuroreg\/wp-json\/wp\/v2\/types\/page"}],"author":[{"embeddable":true,"href":"https:\/\/grupo.us.es\/neuroreg\/wp-json\/wp\/v2\/users\/1"}],"replies":[{"embeddable":true,"href":"https:\/\/grupo.us.es\/neuroreg\/wp-json\/wp\/v2\/comments?post=290"}],"version-history":[{"count":17,"href":"https:\/\/grupo.us.es\/neuroreg\/wp-json\/wp\/v2\/pages\/290\/revisions"}],"predecessor-version":[{"id":666,"href":"https:\/\/grupo.us.es\/neuroreg\/wp-json\/wp\/v2\/pages\/290\/revisions\/666"}],"wp:attachment":[{"href":"https:\/\/grupo.us.es\/neuroreg\/wp-json\/wp\/v2\/media?parent=290"}],"curies":[{"name":"wp","href":"https:\/\/api.w.org\/{rel}","templated":true}]}}