{"id":528,"date":"2021-08-15T23:32:58","date_gmt":"2021-08-15T23:32:58","guid":{"rendered":"https:\/\/grupo.us.es\/neuroreg\/?page_id=457"},"modified":"2023-09-08T15:08:22","modified_gmt":"2023-09-08T15:08:22","slug":"patents","status":"publish","type":"page","link":"https:\/\/grupo.us.es\/neuroreg\/en\/patents\/","title":{"rendered":"Patents"},"content":{"rendered":"<p>[et_pb_section fb_built=\u00bb1&#8243; _builder_version=\u00bb4.16&#8243; _module_preset=\u00bbdefault\u00bb global_colors_info=\u00bb{}\u00bb][et_pb_row _builder_version=\u00bb4.16&#8243; _module_preset=\u00bbdefault\u00bb global_colors_info=\u00bb{}\u00bb][et_pb_column type=\u00bb4_4&#8243; _builder_version=\u00bb4.16&#8243; _module_preset=\u00bbdefault\u00bb global_colors_info=\u00bb{}\u00bb][et_pb_post_title meta=\u00bboff\u00bb featured_image=\u00bboff\u00bb admin_label=\u00bbPatentes\u00bb _builder_version=\u00bb4.16&#8243; _module_preset=\u00bbdefault\u00bb custom_margin=\u00bb||19px|||\u00bb global_colors_info=\u00bb{}\u00bb][\/et_pb_post_title][et_pb_text _builder_version=\u00bb4.16&#8243; _module_preset=\u00bbdefault\u00bb background_enable_image=\u00bboff\u00bb background_size=\u00bbcontain\u00bb background_position=\u00bbtop_right\u00bb background_blend=\u00bbdifference\u00bb global_colors_info=\u00bb{}\u00bb]<\/p>\n<p><strong><\/strong><\/p>\n<p><strong>\u00b7 Derivados de 12-desoxiforboles y usos de los mismos.<\/strong> Hern\u00e1ndez-Gal\u00e1n R, Mac\u00edas-S\u00e1nchez A, Dom\u00ednguez-Garc\u00eda S, Geribaldi-Dold\u00e1n N, G\u00f3mez-Oliva R, Nunez-Abades P, Castro C. \u201cDerivados de 12-desoxiforboles y usos de los mismos\u201d. La fecha de prioridad es el 29-12-2020 y el n\u00famero de registro P202031312. Pa\u00eds de prioridad: Espa\u00f1a. Pa\u00edses a los que se ha extendido: Internacional \/ PCT Int. Appl: PCT\/ES2021\/070942<strong><\/strong><\/p>\n<p><strong><\/strong><\/p>\n<p><strong><\/strong><\/p>\n<p><strong>\u00b7 Composition capable of promoting neuronal differentiation from neural stem cells.<\/strong><br \/>INVENTORES: Castro C, Geribaldi-Dold\u00e1n N, Murillo-Carretero M, Carrasco M, Mac\u00edas-S\u00e1nchez AJ, Dom\u00ednguez-Garc\u00eda S, Hern\u00e1ndez-Gal\u00e1n R, Ver\u00e1stegui,C Navarro-Quiroz E, Garc\u00eda Alloza M. N\u00ba DE SOLICITUD: P201800246. PA\u00cdS DE PRIORIDAD: Espa\u00f1a. FECHA DE PRIORIDAD: 29-10-2018. Concedida con ex\u00e1men previo B2.<img loading=\"lazy\" decoding=\"async\" src=\"https:\/\/grupo.us.es\/neuroreg\/wp-content\/uploads\/2022\/04\/4439606-300x231.jpg\" alt=\"\" class=\"wp-image-569 alignnone size-medium\" style=\"float: right;\" width=\"240\" height=\"185\" \/><\/p>\n<p>&nbsp;<\/p>\n<p style=\"text-align: right;\"><strong>\u00b7 Uso de extracto de hoja de mango Manguifera \u00cdndica, para el tratamiento de enfermedades neurodegenerativas.<\/strong><br \/>INVENTORES: Garcia-Alloza M, Infante-Garcia, Ramos-Rodriguez, Castro C, Mantell, Ferdandez, Casas, Martinez de la Ossa.<br \/>N\u00ba DE SOLICITUD:201600136. FECHA DE PRIORIDAD 16-02-2016.<\/p>\n<p style=\"text-align: right;\">\n<p style=\"text-align: right;\">\n<p style=\"text-align: right;\">\n<p style=\"text-align: right;\">\n<p style=\"text-align: right;\"><strong>\u00b7 Kit y m\u00e9todo de cuantificaci\u00f3n de la toxicidad en neuronas de la corteza cerebral para la detecci\u00f3n de enfermedades neurodegenerativas.<\/strong><br \/>INVENTORES: N\u00fa\u00f1ez-Abades P, Pardillo-D\u00edaz R, Carrascal L, Cano M, Mu\u00f1oz M, Ayala A. N\u00famero de registro P201500766. Fecha de prioridad 21-10-2015.<\/p>\n<p>&nbsp;<\/p>\n<p style=\"text-align: right;\"><strong>\u00b7 Uso de 12-desoxiforboles para promover la expansi\u00f3n de c\u00e9lulas madre neurales.<\/strong><br \/>INVENTORES: Noelia Geribaldi, Eugenia Flores-Giubi, Maribel Murillo, Francisco Garc\u00eda Bernal, Cristina Ver\u00e1stegui, Antonio J. Mac\u00edas-S\u00e1nchez, Rosario Hern\u00e1ndez Gal\u00e1n y Carmen Castro. N\u00ba DE SOLICITUD: 201301153 PA\u00cdS DE PRIORIDAD: Espa\u00f1a. FECHA DE PRIORIDAD: 12\/12\/2013 ENTIDAD TITULAR: Universidad de C\u00e1diz. Concedida con examen previo B2.<\/p>\n<p><strong><\/strong><\/p>\n<p><strong>\u00b7 Anticuerpo Monoclonal anti-Her2 y su procedimiento de obtenci\u00f3n.<\/strong><br \/>INVENTORES: Iv\u00e1n S\u00e1nchez de Melo, Laura Hern\u00e1ndez, Enrique Villegas, Jorge Bol\u00edvar P\u00e9rez, Carmen Castro Gonz\u00e1lez, Francisco Garc\u00eda-C\u00f3zar, Carlos Pend\u00f3n, Jes\u00fas Cantorla Fern\u00e1ndez, Francisco Fern\u00e1ndez Acero, Carlos garrido Crespo.<br \/>N\u00ba DE SOLICITUD: P201200465. PA\u00cdS DE PRIORIDAD: Espa\u00f1a.<br \/>FECHA DE PRIORIDAD: 21 Octubre 2013.<\/p>\n<p><strong><\/strong><\/p>\n<p style=\"text-align: right;\"><strong>\u00b7 Medio de cultivo capaz de promover la proliferaci\u00f3n de las c\u00e9lulas madre neurales.<\/strong><br \/>INVENTORES: Noelia Geribaldo Dold\u00e1n, Almudena Aguilera D\u00edaz, Jes\u00fas Dom\u00ednguez Riscart, \u00c1ngeles Castillo Rodr\u00edguez, Maribel Murillo Carretero, Fernanado Echeverri, Antonio J. Mac\u00edas S\u00e1nchez, Rosario hern\u00e1ndez y Carmen Castro. N\u00ba DE SOLICITUD: P201201149. PA\u00cdS DE PRIORIDAD: Espa\u00f1a. FECHA DE PRIORIDAD: 21 Octubre 2011.<\/p>\n<p>&nbsp;<\/p>\n<p><strong>\u00b7 Composici\u00f3n capaz de promover la proliferaci\u00f3n de las c\u00e9lulas madre neurales.<\/strong><br \/>INVENTORES: Noelia Geribaldi Dold\u00e1n, Almudena Aguilera D\u00edaz, Jes\u00fas Dom\u00ednguez Riscart, \u00c1ngeles Castillo Rodr\u00edguez, Maribel Murillo Carretero, Fernanado Echeverri, Antonio J. Mac\u00edas S\u00e1nchez, Rosario hern\u00e1ndez y Carmen Castro. N\u00ba DE SOLICITUD: P201101149 PA\u00cdS DE PRIORIDAD: Espa\u00f1a. FECHA DE PRIORIDAD: 21 Octubre 2011. ENTIDAD TITULAR: Universidad de C\u00e1diz.<\/p>\n<p>&nbsp;<\/p>\n<p style=\"text-align: right;\"><strong>\u00b7 Empleo de inhibidores de ADAM-17 en la regeneraci\u00f3n neuronal.<\/strong><br \/>INVENTORES: Carmen Estrada, Maribel Murillo-Carretero, Carmen Romero-Grimaldi, Miguel Angel L\u00f3pez-Toledano, Manuel Carrasco y Carmen Castro.<br \/>N\u00ba DE SOLICITUD: P200901758. PA\u00cdS DE PRIORIDAD: Espa\u00f1a. FECHA DE PRIORIDAD: 7 Agosto 2009. ENTIDAD TITULAR: Universidad de C\u00e1diz. PAISES A LOS QUE SE HA EXTENDIDO: PCT en Agosto 2010.<\/p>\n<p>[\/et_pb_text][\/et_pb_column][\/et_pb_row][et_pb_row column_structure=\u00bb1_3,1_3,1_3&#8243; _builder_version=\u00bb4.16&#8243; _module_preset=\u00bbdefault\u00bb global_colors_info=\u00bb{}\u00bb][et_pb_column type=\u00bb1_3&#8243; _builder_version=\u00bb4.16&#8243; _module_preset=\u00bbdefault\u00bb global_colors_info=\u00bb{}\u00bb][\/et_pb_column][et_pb_column type=\u00bb1_3&#8243; _builder_version=\u00bb4.16&#8243; _module_preset=\u00bbdefault\u00bb global_colors_info=\u00bb{}\u00bb][et_pb_image src=\u00bbhttps:\/\/grupo.us.es\/neuroreg\/wp-content\/uploads\/2022\/04\/4584501-scaled.jpg\u00bb title_text=\u00bb4584501&#8243; _builder_version=\u00bb4.16&#8243; _module_preset=\u00bbdefault\u00bb global_colors_info=\u00bb{}\u00bb][\/et_pb_image][\/et_pb_column][et_pb_column type=\u00bb1_3&#8243; _builder_version=\u00bb4.16&#8243; _module_preset=\u00bbdefault\u00bb global_colors_info=\u00bb{}\u00bb][\/et_pb_column][\/et_pb_row][\/et_pb_section]<\/p>\n<div class=\"pvc_clear\"><\/div>\n<p id=\"pvc_stats_528\" class=\"pvc_stats total_only  \" data-element-id=\"528\" style=\"\"><i class=\"pvc-stats-icon small\" aria-hidden=\"true\"><svg aria-hidden=\"true\" focusable=\"false\" data-prefix=\"far\" data-icon=\"chart-bar\" role=\"img\" xmlns=\"http:\/\/www.w3.org\/2000\/svg\" viewBox=\"0 0 512 512\" class=\"svg-inline--fa fa-chart-bar fa-w-16 fa-2x\"><path fill=\"currentColor\" d=\"M396.8 352h22.4c6.4 0 12.8-6.4 12.8-12.8V108.8c0-6.4-6.4-12.8-12.8-12.8h-22.4c-6.4 0-12.8 6.4-12.8 12.8v230.4c0 6.4 6.4 12.8 12.8 12.8zm-192 0h22.4c6.4 0 12.8-6.4 12.8-12.8V140.8c0-6.4-6.4-12.8-12.8-12.8h-22.4c-6.4 0-12.8 6.4-12.8 12.8v198.4c0 6.4 6.4 12.8 12.8 12.8zm96 0h22.4c6.4 0 12.8-6.4 12.8-12.8V204.8c0-6.4-6.4-12.8-12.8-12.8h-22.4c-6.4 0-12.8 6.4-12.8 12.8v134.4c0 6.4 6.4 12.8 12.8 12.8zM496 400H48V80c0-8.84-7.16-16-16-16H16C7.16 64 0 71.16 0 80v336c0 17.67 14.33 32 32 32h464c8.84 0 16-7.16 16-16v-16c0-8.84-7.16-16-16-16zm-387.2-48h22.4c6.4 0 12.8-6.4 12.8-12.8v-70.4c0-6.4-6.4-12.8-12.8-12.8h-22.4c-6.4 0-12.8 6.4-12.8 12.8v70.4c0 6.4 6.4 12.8 12.8 12.8z\" class=\"\"><\/path><\/svg><\/i> <img loading=\"lazy\" decoding=\"async\" width=\"16\" height=\"16\" alt=\"Loading\" src=\"https:\/\/grupo.us.es\/neuroreg\/en\/wp-content\/plugins\/page-views-count\/ajax-loader-2x.gif\" border=0 \/><\/p>\n<div class=\"pvc_clear\"><\/div>\n","protected":false},"excerpt":{"rendered":"<p>\u00b7 Derivados de 12-desoxiforboles y usos de los mismos. Hern\u00e1ndez-Gal\u00e1n R, Mac\u00edas-S\u00e1nchez A, Dom\u00ednguez-Garc\u00eda S, Geribaldi-Dold\u00e1n N, G\u00f3mez-Oliva R, Nunez-Abades P, Castro C. \u201cDerivados de 12-desoxiforboles y usos de los mismos\u201d. La fecha de prioridad es el 29-12-2020 y el n\u00famero de registro P202031312. Pa\u00eds de prioridad: Espa\u00f1a. Pa\u00edses a los que se ha extendido: [&hellip;]<\/p>\n<div class=\"pvc_clear\"><\/div>\n<p id=\"pvc_stats_528\" class=\"pvc_stats total_only  \" data-element-id=\"528\" style=\"\"><i class=\"pvc-stats-icon small\" aria-hidden=\"true\"><svg aria-hidden=\"true\" focusable=\"false\" data-prefix=\"far\" data-icon=\"chart-bar\" role=\"img\" xmlns=\"http:\/\/www.w3.org\/2000\/svg\" viewBox=\"0 0 512 512\" class=\"svg-inline--fa fa-chart-bar fa-w-16 fa-2x\"><path fill=\"currentColor\" d=\"M396.8 352h22.4c6.4 0 12.8-6.4 12.8-12.8V108.8c0-6.4-6.4-12.8-12.8-12.8h-22.4c-6.4 0-12.8 6.4-12.8 12.8v230.4c0 6.4 6.4 12.8 12.8 12.8zm-192 0h22.4c6.4 0 12.8-6.4 12.8-12.8V140.8c0-6.4-6.4-12.8-12.8-12.8h-22.4c-6.4 0-12.8 6.4-12.8 12.8v198.4c0 6.4 6.4 12.8 12.8 12.8zm96 0h22.4c6.4 0 12.8-6.4 12.8-12.8V204.8c0-6.4-6.4-12.8-12.8-12.8h-22.4c-6.4 0-12.8 6.4-12.8 12.8v134.4c0 6.4 6.4 12.8 12.8 12.8zM496 400H48V80c0-8.84-7.16-16-16-16H16C7.16 64 0 71.16 0 80v336c0 17.67 14.33 32 32 32h464c8.84 0 16-7.16 16-16v-16c0-8.84-7.16-16-16-16zm-387.2-48h22.4c6.4 0 12.8-6.4 12.8-12.8v-70.4c0-6.4-6.4-12.8-12.8-12.8h-22.4c-6.4 0-12.8 6.4-12.8 12.8v70.4c0 6.4 6.4 12.8 12.8 12.8z\" class=\"\"><\/path><\/svg><\/i> <img loading=\"lazy\" decoding=\"async\" width=\"16\" height=\"16\" alt=\"Loading\" src=\"https:\/\/grupo.us.es\/neuroreg\/en\/wp-content\/plugins\/page-views-count\/ajax-loader-2x.gif\" border=0 \/><\/p>\n<div class=\"pvc_clear\"><\/div>\n","protected":false},"author":1,"featured_media":0,"parent":0,"menu_order":0,"comment_status":"closed","ping_status":"closed","template":"","meta":{"_et_pb_use_builder":"on","_et_pb_old_content":"","_et_gb_content_width":"","footnotes":""},"class_list":["post-528","page","type-page","status-publish","hentry"],"_links":{"self":[{"href":"https:\/\/grupo.us.es\/neuroreg\/en\/wp-json\/wp\/v2\/pages\/528","targetHints":{"allow":["GET"]}}],"collection":[{"href":"https:\/\/grupo.us.es\/neuroreg\/en\/wp-json\/wp\/v2\/pages"}],"about":[{"href":"https:\/\/grupo.us.es\/neuroreg\/en\/wp-json\/wp\/v2\/types\/page"}],"author":[{"embeddable":true,"href":"https:\/\/grupo.us.es\/neuroreg\/en\/wp-json\/wp\/v2\/users\/1"}],"replies":[{"embeddable":true,"href":"https:\/\/grupo.us.es\/neuroreg\/en\/wp-json\/wp\/v2\/comments?post=528"}],"version-history":[{"count":3,"href":"https:\/\/grupo.us.es\/neuroreg\/en\/wp-json\/wp\/v2\/pages\/528\/revisions"}],"predecessor-version":[{"id":587,"href":"https:\/\/grupo.us.es\/neuroreg\/en\/wp-json\/wp\/v2\/pages\/528\/revisions\/587"}],"wp:attachment":[{"href":"https:\/\/grupo.us.es\/neuroreg\/en\/wp-json\/wp\/v2\/media?parent=528"}],"curies":[{"name":"wp","href":"https:\/\/api.w.org\/{rel}","templated":true}]}}