{"id":125,"date":"2021-04-30T11:51:33","date_gmt":"2021-04-30T11:51:33","guid":{"rendered":"https:\/\/grupo.us.es\/neuroreg\/home\/"},"modified":"2024-01-05T00:03:33","modified_gmt":"2024-01-05T00:03:33","slug":"home","status":"publish","type":"page","link":"https:\/\/grupo.us.es\/neuroreg\/en\/","title":{"rendered":"Home"},"content":{"rendered":"<p>[et_pb_section fb_built=\u00bb1&#8243; fullwidth=\u00bbon\u00bb _builder_version=\u00bb4.16&#8243; _module_preset=\u00bbdefault\u00bb global_colors_info=\u00bb{}\u00bb][et_pb_fullwidth_image src=\u00bbhttps:\/\/grupo.us.es\/neuroreg\/en\/wp-content\/uploads\/2023\/01\/cabezera2023en-scaled.jpg\u00bb title_text=\u00bbcabezera2023en\u00bb _builder_version=\u00bb4.18.1&#8243; _module_preset=\u00bbdefault\u00bb global_colors_info=\u00bb{}\u00bb][\/et_pb_fullwidth_image][\/et_pb_section][et_pb_section fb_built=\u00bb1&#8243; _builder_version=\u00bb4.16&#8243; _module_preset=\u00bbdefault\u00bb custom_padding=\u00bb0px||0px|||\u00bb global_colors_info=\u00bb{}\u00bb][et_pb_row column_structure=\u00bb1_3,2_3&#8243; _builder_version=\u00bb4.16&#8243; _module_preset=\u00bbdefault\u00bb global_colors_info=\u00bb{}\u00bb][et_pb_column type=\u00bb1_3&#8243; _builder_version=\u00bb4.16&#8243; _module_preset=\u00bbdefault\u00bb global_colors_info=\u00bb{}\u00bb][et_pb_text _builder_version=\u00bb4.16&#8243; _module_preset=\u00bbdefault\u00bb text_font=\u00bb|||||on|||\u00bb text_font_size=\u00bb22px\u00bb custom_margin=\u00bb38px|-18px||||\u00bb custom_padding=\u00bb|17px||||\u00bb text_text_shadow_style=\u00bbpreset3&#8243; text_text_shadow_blur_strength=\u00bb1em\u00bb border_width_right=\u00bb2px\u00bb global_colors_info=\u00bb{}\u00bb]<\/p>\n<h4 style=\"text-align: center;\"><strong>PRINCIPAL INVESTIGATOR<br \/><\/strong><\/h4>\n<p><a href=\"https:\/\/produccioncientifica.uca.es\/investigadores\/112294\/detalle\">Dra. Carmen Castro Gonz\u00e1lez<\/a> <span style=\"font-size: medium;\">(Catedr\u00e1tica Fisiolog\u00eda, UCA)<\/span><\/p>\n<p><a href=\"https:\/\/personal.us.es\/pnunez\/\">Dr. Pedro N\u00fa\u00f1ez Abades<\/a> <span style=\"font-size: medium;\">(Catedr\u00e1tico Fisiolog\u00eda, US)<\/span><\/p>\n<h4 style=\"text-align: center;\"><strong>GROUP MEMBERS<br \/><\/strong><\/h4>\n<p><a href=\"https:\/\/produccioncientifica.uca.es\/investigadores\/113605\/detalle\">Dra. Cristina Ver\u00e1stegui Escolano<\/a> <span style=\"font-size: medium;\">(Profesora Titular Anatom\u00eda y Embriolog\u00eda, UCA)<\/span><\/p>\n<p><a href=\"https:\/\/bibliometria.us.es\/prisma\/investigador\/691\">Dra. Livia Carrascal Moreno<\/a> <span style=\"font-size: medium;\">(Profesora Titular Fisiolog\u00eda, US)<\/span><\/p>\n<p><a href=\"https:\/\/produccioncientifica.uca.es\/investigadores\/112634\/detalle\">Dra. Noelia Geribaldi Dold\u00e1n<\/a> <span style=\"font-size: medium;\">(Profesora Contratada Anatom\u00eda y Embriolog\u00eda, UCA)<\/span><\/p>\n<p><a href=\"https:\/\/produccioncientifica.uca.es\/investigadores\/113145\/detalle\">Dr. Ricardo Pardillo D\u00edaz<\/a> <span style=\"font-size: medium;\">(Contratado Postdoctoral)<\/span><\/p>\n<p><a href=\"https:\/\/produccioncientifica.uca.es\/investigadores\/167610\/detalle\">Dr. Jos\u00e9 M. Oliva<\/a> <span style=\"font-size: medium;\">(Contratado Postdoctoral)<\/span><\/p>\n<p><a href=\"https:\/\/produccioncientifica.uca.es\/investigadores\/120258\/detalle\">Dr. Samuel Dom\u00ednguez Garc\u00eda<\/a> <span style=\"font-size: medium;\">(Contratado Postdoctoral)<\/span><\/p>\n<p><a href=\"https:\/\/produccioncientifica.uca.es\/investigadores\/112648\/detalle\">Dr. Ricardo G\u00f3mez Oliva<\/a> <span style=\"font-size: medium;\">(Contratado Postdoctoral)<\/span><\/p>\n<p><a href=\"https:\/\/produccioncientifica.uca.es\/investigadores\/189813\/detalle\">Patricia P\u00e9rez Garc\u00eda<\/a> <span style=\"font-size: medium;\">(Contratada Predoctoral)<\/span><\/p>\n<p>Sonia V\u00e1zquez de G\u00f3rgolas<br \/><span style=\"font-size: medium;\">(Contratado Predoctoral)<\/span><\/p>\n<p><a href=\"https:\/\/produccioncientifica.uca.es\/investigadores\/351755\/detalle\">Dra. Mar\u00eda Ortego Dom\u00ednguez<\/a> <span style=\"font-size: medium;\">(Contratada Postdoctoral)<\/span><\/p>\n<h4 style=\"text-align: center;\"><strong>PhD STUDENTS<br \/><\/strong><\/h4>\n<p>Borja Sanz Pe\u00f1a<\/p>\n<p>Gin\u00e9s Montero Almagro<\/p>\n<p>Andrea Chamorro Francisco<\/p>\n<p>Nora Mart\u00ednez G\u00f3mez<\/p>\n<h4 style=\"text-align: center;\"><strong>VISITING RESEARCHERS<\/strong><\/h4>\n<p><a href=\"https:\/\/bibliometria.us.es\/prisma\/investigador\/7301\">Carlos Bernal Utrera<\/a><\/p>\n<p>[\/et_pb_text][\/et_pb_column][et_pb_column type=\u00bb2_3&#8243; _builder_version=\u00bb4.16&#8243; _module_preset=\u00bbdefault\u00bb global_colors_info=\u00bb{}\u00bb][et_pb_image src=\u00bbhttps:\/\/grupo.us.es\/neuroreg\/en\/wp-content\/uploads\/2023\/12\/IMG-1139_cr-rotated.jpg\u00bb title_text=\u00bbIMG-1139_cr\u00bb show_in_lightbox=\u00bbon\u00bb show_bottom_space=\u00bboff\u00bb align=\u00bbcenter\u00bb align_phone=\u00bbcenter\u00bb align_last_edited=\u00bboff|phone\u00bb _builder_version=\u00bb4.18.1&#8243; _module_preset=\u00bbdefault\u00bb custom_margin=\u00bb50px|||||\u00bb box_shadow_style=\u00bbpreset1&#8243; global_colors_info=\u00bb{}\u00bb][\/et_pb_image][et_pb_text _builder_version=\u00bb4.18.1&#8243; _module_preset=\u00bbdefault\u00bb global_colors_info=\u00bb{}\u00bb]<\/p>\n<p style=\"text-align: center;\">Top row: Andrea Chamorro, Ricardo Pardillo, Ricardo G\u00f3mez, Livia Carrascal, Patricia P\u00e9rez, Carlos Bernal, Jose Mar\u00eda Oliva, Mar\u00eda Ortego, Gin\u00e9s Montero. <br \/> Bottom row: Sonia V\u00e1zquez, Pedro N\u00fa\u00f1ez, Carmen Castro, Nora Mart\u00ednez.<\/p>\n<p>[\/et_pb_text][et_pb_divider _builder_version=\u00bb4.16&#8243; _module_preset=\u00bbdefault\u00bb global_colors_info=\u00bb{}\u00bb][\/et_pb_divider][et_pb_text _builder_version=\u00bb4.16&#8243; _module_preset=\u00bbdefault\u00bb text_font_size=\u00bb18px\u00bb global_colors_info=\u00bb{}\u00bb]<\/p>\n<div class=\"et_pb_column et_pb_column_4_4 et_pb_column_2  et_pb_css_mix_blend_mode_passthrough et-last-child\">\n<div class=\"et_pb_module et_pb_text et_pb_text_2  et_pb_text_align_left et_pb_bg_layout_light\">\n<div class=\"et_pb_text_inner\">\n<h1>Lines of Research<\/h1>\n<ol>\n<li>Neurogenesis in brain injuries.<span><br \/><\/span><\/li>\n<li><span>Study of Glioblastoma: Toward Finding Efficient Treatments.<\/span><\/li>\n<li><span>Oxidative stress and neuroinflammation.<\/span><\/li>\n<li><span>Neuronal plasticity during postnatal development and aging.<\/span><\/li>\n<\/ol>\n<p><span><\/span><\/p>\n<p><span><\/span><\/p>\n<p><span><\/span><\/p>\n<\/div>\n<\/div>\n<\/div>\n<p>[\/et_pb_text][et_pb_text _builder_version=\u00bb4.16&#8243; _module_preset=\u00bbdefault\u00bb global_colors_info=\u00bb{}\u00bb]<\/p>\n<p><span style=\"font-size: xx-large;\">Collaborators:<\/span><\/p>\n<p><a href=\"https:\/\/produccioncientifica.uca.es\/investigadores\/112758\/detalle\"><span style=\"font-size: large;\">Rosario Hern\u00e1ndez Gal\u00e1n<\/span><\/a><\/p>\n<p><a href=\"https:\/\/produccioncientifica.uca.es\/investigadores\/112898\/detalle\"><span style=\"font-size: large;\">Antonio Mac\u00edas S\u00e1nchez<\/span><\/a><\/p>\n<p><a href=\"https:\/\/produccioncientifica.uca.es\/investigadores\/112438\/detalle\"><span style=\"font-size: large;\">Rosa Dur\u00e1n Patr\u00f3n<\/span><\/a><\/p>\n<p><span style=\"font-size: large;\"><\/span><\/p>\n<p><span style=\"font-size: large;\"><\/span><\/p>\n<p><span style=\"font-size: x-large;\">Research Groups:<\/span><\/p>\n<p><span style=\"font-size: large;\">The members of this group belongs to the research groups <a href=\"https:\/\/cts562.uca.es\/\"><span style=\"font-size: x-large;\">CTS-562<\/span><\/a> and <a href=\"https:\/\/inibica.es\/co5-neurogenesis-y-neurorregeneracion\/\"><span style=\"font-size: x-large;\">INIBICA CO5<\/span><\/a>.<\/span><\/p>\n<p>[\/et_pb_text][\/et_pb_column][\/et_pb_row][\/et_pb_section][et_pb_section fb_built=\u00bb1&#8243; _builder_version=\u00bb4.16&#8243; _module_preset=\u00bbdefault\u00bb global_colors_info=\u00bb{}\u00bb][\/et_pb_section]<\/p>\n<div class=\"pvc_clear\"><\/div>\n<p id=\"pvc_stats_125\" class=\"pvc_stats total_only  \" data-element-id=\"125\" style=\"\"><i class=\"pvc-stats-icon small\" aria-hidden=\"true\"><svg aria-hidden=\"true\" focusable=\"false\" data-prefix=\"far\" data-icon=\"chart-bar\" role=\"img\" xmlns=\"http:\/\/www.w3.org\/2000\/svg\" viewBox=\"0 0 512 512\" class=\"svg-inline--fa fa-chart-bar fa-w-16 fa-2x\"><path fill=\"currentColor\" d=\"M396.8 352h22.4c6.4 0 12.8-6.4 12.8-12.8V108.8c0-6.4-6.4-12.8-12.8-12.8h-22.4c-6.4 0-12.8 6.4-12.8 12.8v230.4c0 6.4 6.4 12.8 12.8 12.8zm-192 0h22.4c6.4 0 12.8-6.4 12.8-12.8V140.8c0-6.4-6.4-12.8-12.8-12.8h-22.4c-6.4 0-12.8 6.4-12.8 12.8v198.4c0 6.4 6.4 12.8 12.8 12.8zm96 0h22.4c6.4 0 12.8-6.4 12.8-12.8V204.8c0-6.4-6.4-12.8-12.8-12.8h-22.4c-6.4 0-12.8 6.4-12.8 12.8v134.4c0 6.4 6.4 12.8 12.8 12.8zM496 400H48V80c0-8.84-7.16-16-16-16H16C7.16 64 0 71.16 0 80v336c0 17.67 14.33 32 32 32h464c8.84 0 16-7.16 16-16v-16c0-8.84-7.16-16-16-16zm-387.2-48h22.4c6.4 0 12.8-6.4 12.8-12.8v-70.4c0-6.4-6.4-12.8-12.8-12.8h-22.4c-6.4 0-12.8 6.4-12.8 12.8v70.4c0 6.4 6.4 12.8 12.8 12.8z\" class=\"\"><\/path><\/svg><\/i> <img loading=\"lazy\" decoding=\"async\" width=\"16\" height=\"16\" alt=\"Loading\" src=\"https:\/\/grupo.us.es\/neuroreg\/en\/wp-content\/plugins\/page-views-count\/ajax-loader-2x.gif\" border=0 \/><\/p>\n<div class=\"pvc_clear\"><\/div>\n","protected":false},"excerpt":{"rendered":"<p>PRINCIPAL INVESTIGATOR Dra. Carmen Castro Gonz\u00e1lez (Catedr\u00e1tica Fisiolog\u00eda, UCA) Dr. Pedro N\u00fa\u00f1ez Abades (Catedr\u00e1tico Fisiolog\u00eda, US) GROUP MEMBERS Dra. Cristina Ver\u00e1stegui Escolano (Profesora Titular Anatom\u00eda y Embriolog\u00eda, UCA) Dra. Livia Carrascal Moreno (Profesora Titular Fisiolog\u00eda, US) Dra. Noelia Geribaldi Dold\u00e1n (Profesora Contratada Anatom\u00eda y Embriolog\u00eda, UCA) Dr. Ricardo Pardillo D\u00edaz (Contratado Postdoctoral) Dr. Jos\u00e9 M. [&hellip;]<\/p>\n<div class=\"pvc_clear\"><\/div>\n<p id=\"pvc_stats_125\" class=\"pvc_stats total_only  \" data-element-id=\"125\" style=\"\"><i class=\"pvc-stats-icon small\" aria-hidden=\"true\"><svg aria-hidden=\"true\" focusable=\"false\" data-prefix=\"far\" data-icon=\"chart-bar\" role=\"img\" xmlns=\"http:\/\/www.w3.org\/2000\/svg\" viewBox=\"0 0 512 512\" class=\"svg-inline--fa fa-chart-bar fa-w-16 fa-2x\"><path fill=\"currentColor\" d=\"M396.8 352h22.4c6.4 0 12.8-6.4 12.8-12.8V108.8c0-6.4-6.4-12.8-12.8-12.8h-22.4c-6.4 0-12.8 6.4-12.8 12.8v230.4c0 6.4 6.4 12.8 12.8 12.8zm-192 0h22.4c6.4 0 12.8-6.4 12.8-12.8V140.8c0-6.4-6.4-12.8-12.8-12.8h-22.4c-6.4 0-12.8 6.4-12.8 12.8v198.4c0 6.4 6.4 12.8 12.8 12.8zm96 0h22.4c6.4 0 12.8-6.4 12.8-12.8V204.8c0-6.4-6.4-12.8-12.8-12.8h-22.4c-6.4 0-12.8 6.4-12.8 12.8v134.4c0 6.4 6.4 12.8 12.8 12.8zM496 400H48V80c0-8.84-7.16-16-16-16H16C7.16 64 0 71.16 0 80v336c0 17.67 14.33 32 32 32h464c8.84 0 16-7.16 16-16v-16c0-8.84-7.16-16-16-16zm-387.2-48h22.4c6.4 0 12.8-6.4 12.8-12.8v-70.4c0-6.4-6.4-12.8-12.8-12.8h-22.4c-6.4 0-12.8 6.4-12.8 12.8v70.4c0 6.4 6.4 12.8 12.8 12.8z\" class=\"\"><\/path><\/svg><\/i> <img loading=\"lazy\" decoding=\"async\" width=\"16\" height=\"16\" alt=\"Loading\" src=\"https:\/\/grupo.us.es\/neuroreg\/en\/wp-content\/plugins\/page-views-count\/ajax-loader-2x.gif\" border=0 \/><\/p>\n<div class=\"pvc_clear\"><\/div>\n","protected":false},"author":1,"featured_media":0,"parent":0,"menu_order":0,"comment_status":"closed","ping_status":"closed","template":"","meta":{"_et_pb_use_builder":"on","_et_pb_old_content":"","_et_gb_content_width":"","footnotes":""},"class_list":["post-125","page","type-page","status-publish","hentry"],"_links":{"self":[{"href":"https:\/\/grupo.us.es\/neuroreg\/en\/wp-json\/wp\/v2\/pages\/125","targetHints":{"allow":["GET"]}}],"collection":[{"href":"https:\/\/grupo.us.es\/neuroreg\/en\/wp-json\/wp\/v2\/pages"}],"about":[{"href":"https:\/\/grupo.us.es\/neuroreg\/en\/wp-json\/wp\/v2\/types\/page"}],"author":[{"embeddable":true,"href":"https:\/\/grupo.us.es\/neuroreg\/en\/wp-json\/wp\/v2\/users\/1"}],"replies":[{"embeddable":true,"href":"https:\/\/grupo.us.es\/neuroreg\/en\/wp-json\/wp\/v2\/comments?post=125"}],"version-history":[{"count":18,"href":"https:\/\/grupo.us.es\/neuroreg\/en\/wp-json\/wp\/v2\/pages\/125\/revisions"}],"predecessor-version":[{"id":603,"href":"https:\/\/grupo.us.es\/neuroreg\/en\/wp-json\/wp\/v2\/pages\/125\/revisions\/603"}],"wp:attachment":[{"href":"https:\/\/grupo.us.es\/neuroreg\/en\/wp-json\/wp\/v2\/media?parent=125"}],"curies":[{"name":"wp","href":"https:\/\/api.w.org\/{rel}","templated":true}]}}