{"id":63,"date":"2014-11-06T18:55:18","date_gmt":"2014-11-06T17:55:18","guid":{"rendered":"http:\/\/grupo.us.es\/naturib\/?page_id=63"},"modified":"2015-12-21T08:43:02","modified_gmt":"2015-12-21T07:43:02","slug":"congresos-2","status":"publish","type":"page","link":"https:\/\/grupo.us.es\/naturib\/publicaciones\/congresos-2\/","title":{"rendered":"Congresos"},"content":{"rendered":"<p>Franco Salas, Antonio; Egea, Gregorio; P\u00e9rez Urrestarazu, Luis; Fern\u00e1ndez Ca\u00f1ero, Rafael. 2015. Optimizaci\u00f3n del riego y consumo de agua en jardines verticales exteriores a soluci\u00f3n perdida en clima mediterr\u00e1neo. VIII Congreso Ib\u00e9rico de Agroingenier\u00eda. Orihuela (Alicante, Espa\u00f1a).<\/p>\n<p>P\u00e9rez-Urrestarazu, Luis; Blasco-Romero, Ana; Fern\u00e1ndez-Ca\u00f1ero, Rafael. 2015. Social impact assessment of a living wall installed in a hospital. International Conference on Living Walls and Ecosytem Services. Greenwich, Londres (Reino Unido).<\/p>\n<p>P\u00e9rez Urrestarazu, Luis; Egea, Gregorio; Fern\u00e1ndez Ca\u00f1ero, Rafael. 2014. Influence of different variables on living wall irrigation. International Green Wall Conference. Stoke-on-Trent, Reino Unido.<\/p>\n<p>Egea, Gregorio; P\u00e9rez Urrestarazu, Luis; Fern\u00e1ndez Ca\u00f1ero, Rafael; Franco Salas, Antonio. 2014. Design and operation control of active living walls for indoor air conditioning. International Green Wall Conference. Stoke-on-Trent, Reino Unido.<\/p>\n<p>P\u00e9rez Urrestarazu, Luis, Rold\u00e1n Olmo, Fuensanta, Ruiz Alcal\u00e1, Cecilia, Egea, Gregorio, Fern\u00e1ndez Ca\u00f1ero, Rafael. 2014. Caracterizaci\u00f3n y an\u00e1lisis de la gesti\u00f3n del agua en un jard\u00edn hist\u00f3rico. XXXII Congreso Nacional de Riegos. AERYD. Madrid.<\/p>\n<p>P\u00e9rez Urrestarazu, Luis; Burt, Charles M. 2011. Caracterizaci\u00f3n energ\u00e9tica de bombas. Un caso pr\u00e1ctico en California. VI Congreso Ib\u00e9rico de Agroingenier\u00eda. \u00c9vora (Portugal)<\/p>\n<p>Rodr\u00edguez D\u00edaz, Juan Antonio; P\u00e9rez Urrestarazu, Luis; Camacho Poyato, Emilio; Montesinos Barrios, Pilar; Murcia, Jose Luis. 2011. Uso de los indicadores de gesti\u00f3n para la evaluaci\u00f3n de la modernizaci\u00f3n de la zona regable de Bemb\u00e9zar Margen Derecha. XXIX Congreso Nacional de Riegos. AERYD. C\u00f3rdoba.<\/p>\n<p>P\u00e9rez Urrestarazu, Luis; Burt, Charles M. 2011. Caracterizaci\u00f3n energ\u00e9tica de bombas. Un caso pr\u00e1ctico en California. VI Congreso Ib\u00e9rico de Agroingenier\u00eda. \u00c9vora (Portugal).<\/p>\n<p>Smout, Ian K.; P\u00e9rez Urrestarazu, Luis. 2010. Predicted Performance of an Irrigation Network in Spain under Climate Change. ASCE-EWRI International Conference: 3rd International Perspective on Current &amp; Future State of Water Resources &amp; the Environment. Chenai (India)<\/p>\n<p>P\u00e9rez Urrestarazu, Luis; Rodr\u00edguez D\u00edaz, Juan Antonio; Camacho Poyato, Emilio. 2010. Modelo integral de gesti\u00f3n hidr\u00e1ulica para el estudio de redes de distribuci\u00f3n para riego. XXVIII Congreso Nacional de Riegos. AERYD. Le\u00f3n<\/p>\n<p>P\u00e9rez Urrestarazu, Luis; Rodr\u00edguez D\u00edaz, Juan Antonio, Carrillo Cobo, M.Teresa; Smout, Ian K. 2009. Influencia del cambio clim\u00e1tico y de cultivos sobre el comportamiento de una red de distribuci\u00f3n para riego. XXVII Congreso Nacional de Riegos. AERYD. Murcia<\/p>\n<p>P\u00e9rez Urrestarazu, Luis; Rodr\u00edguez D\u00edaz, Juan Antonio; Carrillo Cobo, M.Teresa; Smout, Ian K. 2009. Vulnerabilidad de las redes de distribuci\u00f3n para riego ante el cambio clim\u00e1tico. V Congreso Nacional y II Congreso Ib\u00e9rico de Agroingenier\u00eda. Sociedad espa\u00f1ola de Agroingenier\u00eda. Lugo<\/p>\n<p>P\u00e9rez Urrestarazu, Luis. 2008. Nuevas tendencias en el riego (Ponencia invitada). I Jornada de aplicaci\u00f3n de nuevas tecnolog\u00edas en el sector agr\u00edcola: Agricultura de Precisi\u00f3n (AP). Escuela Universitaria de Ingenieros T\u00e9cnicos Agr\u00edcolas, Universidad de Sevilla. Sevilla<\/p>\n<p>P\u00e9rez Urrestarazu, Luis; Camacho Poyato, Emilio; Lopez Luque, Rafael; Rodr\u00edguez D\u00edaz, Juan Antonio. 2008. Evaluaci\u00f3n de la calidad del servicio en redes de riego a presi\u00f3n. XXVI Congreso Nacional de Riegos. AERYD. Huesca<\/p>\n<p>P\u00e9rez Urrestarazu, Luis; Rodr\u00edguez D\u00edaz, Juan Antonio ; Camacho Poyato, Emilio; Lopez Luque, Rafael. 2008. Remote control systems and GIS applied to agricultural water management. 10th Internacional Drainage Workshop of ICID working group on Drainage. Helsinki University of Technology. Helsinki (Finlandia) \/ Tallinn (Estonia)<\/p>\n<p>P\u00e9rez Urrestarazu, Luis; Torrent, Pedro; Juan y Seva, Alberto; Fern\u00e1ndez Ca\u00f1ero, Rafael. 2008. Proyecto de jardiner\u00eda vertical: una experiencia de formaci\u00f3n multidisciplinar en la Universidad de Sevilla. VII Jornadas sobre la actividad docente e investigadora en Ingenier\u00eda Agroforestal. Almer\u00eda<\/p>\n<p>P\u00e9rez Urrestarazu, Luis; Rodr\u00edguez D\u00edaz, Juan Antonio; Camacho Poyato, Emilio; L\u00f3pez Luque, Rafael. 2007. Irrigation as a way to mitigate yield reduction due to droughts. ICID 22nd European Regional Conference. Pav\u00eda (Italia)<\/p>\n<p>Camacho Poyato, Emilio; Rodr\u00edguez D\u00edaz, Juan Antonio; P\u00e9rez Urrestarazu, Luis; Parias Fern\u00e1ndez de Heredia, Pedro. 2007. Debilidades del regad\u00edo en la cuenca del Guadalquivir. XXV Congreso Nacional de Riegos. AERYD. Pamplona<\/p>\n<p>Camacho Poyato, Emilio; Detell, Gema; Rodr\u00edguez D\u00edaz, Juan Antonio; P\u00e9rez Urrestarazu, Luis. 2007. An\u00e1lisis de un servicio de asesoramiento al regante. Red Inter-Regional de Innovaci\u00f3n Tecnol\u00f3gica en Agricultura de Regad\u00edo. Universidad de C\u00f3rdoba. C\u00f3rdoba.<\/p>\n<p>P\u00e9rez Urrestarazu, Luis; Rodr\u00edguez D\u00edaz, Juan Antonio; Camacho Poyato, Emilio; L\u00f3pez Luque, Rafael. 2006. Spatial and seasonal analysis of irrigation water management using performance indicators. Water and land management for sustainable irrigated agriculture. Universidad de Kukurova. Adana (Turqu\u00eda)<\/p>\n<p>P\u00e9rez Urrestarazu, Luis; Rodr\u00edguez D\u00edaz, Juan Antonio; Camacho Poyato, Emilio. 2006. Caracterizaci\u00f3n de la adecuaci\u00f3n de los aportes de agua en una zona regable. XXIV Congreso Nacional de Riegos. AERYD. Lugo<\/p>\n<p>Rodr\u00edguez D\u00edaz, Juan Antonio; P\u00e9rez Urrestarazu, Luis; Camacho Poyato, Emilio; L\u00f3pez Luque, Rafael; Rold\u00e1n Ca\u00f1as, Jos\u00e9. 2006. Indicadores de gesti\u00f3n: una herramienta para el an\u00e1lisis de las Comunidades de Regantes. I Reuni\u00f3n de coordinaci\u00f3n de la Red Iberoamericana para la Gesti\u00f3n del Agua en Agricultura, Riego y Fertirriego. Universidad Agraria \u201cLa Molina\u201d de Lima. Lima (Per\u00fa)<\/p>\n<p>P\u00e9rez Urrestarazu, Luis; Rodr\u00edguez D\u00edaz, Juan Antonio; Camacho Poyato, Emilio; L\u00f3pez Luque, Rafael. 2005. Monitoring and evaluation of irrigation using quality performance indicators (P\u00f3ster). ICID 21st European Regional Conference 2005. Integrated Land and Water Resources Management: Towards Sustainable Rural Development. Frankfurt (Oder), Alemania<\/p>\n<p>Rold\u00e1n Ca\u00f1as, Jos\u00e9; P\u00e9rez Urrestarazu, Luis; Moreno P\u00e9rez, F\u00e1tima. 2005. Canalones hidr\u00e1ulicos en los tejados de la Mezquita. V Seminario Internacional de Ingenier\u00eda Gr\u00e1fica. Associazione Nazionale Disegno de Macchine (ADM) y Asociaci\u00f3n de Profesores de Ingenier\u00eda Gr\u00e1fica (INGEGRAF). C\u00f3rdoba<\/p>\n<p>P\u00e9rez Urrestarazu, Luis; Rodr\u00edguez D\u00edaz, Juan Antonio; Camacho Poyato, Emilio; Ib\u00e1\u00f1ez Verd\u00fa, Marta; Deltell Padilla, Gema. 2005. An\u00e1lisis estacional y espacial del uso del agua en una zona regable. XXIII Congreso Nacional de Riegos. AERYD. Elche<\/p>\n<p>Rodr\u00edguez D\u00edaz, Juan Antonio; Camacho Poyato, Emilio; Lopez Luque, Rafael; P\u00e9rez Urrestarazu, Luis. 2005. Benchmarking techniques applied to irrigation districts of Andalusia (Spain). 19th International Congress on Irrigation and Drainage. ICID. Pek\u00edn (China)<\/p>\n<p>P\u00e9rez Urrestarazu, Luis; Rodr\u00edguez D\u00edaz, Juan Antonio; Camacho Poyato, Emilio; Alcaide Garc\u00eda, Miguel. 2004. Metodolog\u00eda para el c\u00e1lculo de indicadores de gesti\u00f3n en zonas regables. XXII Congreso Nacional de Riegos. AERYD. Logro\u00f1o<\/p>\n<p>Rodr\u00edguez D\u00edaz, Juan Antonio; P\u00e9rez Urrestarazu, Luis; Camacho Poyato, Emilio; L\u00f3pez Luque, Rafael; Rold\u00e1n Ca\u00f1as, Jos\u00e9. 2004. Indicadores de gesti\u00f3n: una herramienta para el an\u00e1lisis de las Comunidades de Regantes. XXII Congreso Nacional de Riegos. AERYD. Logro\u00f1o<\/p>\n<p>P\u00e9rez Urrestarazu, Luis; Rodr\u00edguez D\u00edaz, Juan Antonio; Camacho Poyato, Emilio; Lopez Luque, Rafael. 2003. IGRA. Aplicaci\u00f3n inform\u00e1tica para el c\u00e1lculo y comparaci\u00f3n de los indicadores de gesti\u00f3n de zonas regables. XXI Congreso Nacional de Riegos. AERYD. M\u00e9rida<\/p>\n<p>P\u00e9rez Urrestarazu, Luis; Rodr\u00edguez D\u00edaz, Juan Antonio; Camacho Poyato, Emilio; Lopez Luque, Rafael; Rold\u00e1n Ca\u00f1as, Jos\u00e9; Alcaide Garc\u00eda, Miguel; Ortiz Fdez.-Urrutia, Jos\u00e9 Antonio; Segura Gra\u00ed\u00f1o, Ricardo. 2003. IGRA. An approach for the application of the benchmarking initiative to irrigation areas. 54th International Executive Council. 20th European Regional Conference. ICID. Montpellier (Francia)<\/p>\n","protected":false},"excerpt":{"rendered":"<p>Franco Salas, Antonio; Egea, Gregorio; P\u00e9rez Urrestarazu, Luis; Fern\u00e1ndez Ca\u00f1ero, Rafael. 2015. Optimizaci\u00f3n del riego y consumo de agua en jardines verticales exteriores a soluci\u00f3n perdida en clima mediterr\u00e1neo. VIII Congreso Ib\u00e9rico de Agroingenier\u00eda. Orihuela (Alicante, Espa\u00f1a). P\u00e9rez-Urrestarazu, Luis; Blasco-Romero, Ana; Fern\u00e1ndez-Ca\u00f1ero, Rafael. 2015. Social impact assessment of a living wall installed in a hospital. [&hellip;]<\/p>\n","protected":false},"author":1,"featured_media":0,"parent":43,"menu_order":0,"comment_status":"closed","ping_status":"open","template":"","meta":{"site-sidebar-layout":"default","site-content-layout":"","ast-site-content-layout":"default","site-content-style":"default","site-sidebar-style":"default","ast-global-header-display":"","ast-banner-title-visibility":"","ast-main-header-display":"","ast-hfb-above-header-display":"","ast-hfb-below-header-display":"","ast-hfb-mobile-header-display":"","site-post-title":"","ast-breadcrumbs-content":"","ast-featured-img":"","footer-sml-layout":"","ast-disable-related-posts":"","theme-transparent-header-meta":"","adv-header-id-meta":"","stick-header-meta":"","header-above-stick-meta":"","header-main-stick-meta":"","header-below-stick-meta":"","astra-migrate-meta-layouts":"default","ast-page-background-enabled":"default","ast-page-background-meta":{"desktop":{"background-color":"var(--ast-global-color-4)","background-image":"","background-repeat":"repeat","background-position":"center center","background-size":"auto","background-attachment":"scroll","background-type":"","background-media":"","overlay-type":"","overlay-color":"","overlay-opacity":"","overlay-gradient":""},"tablet":{"background-color":"","background-image":"","background-repeat":"repeat","background-position":"center center","background-size":"auto","background-attachment":"scroll","background-type":"","background-media":"","overlay-type":"","overlay-color":"","overlay-opacity":"","overlay-gradient":""},"mobile":{"background-color":"","background-image":"","background-repeat":"repeat","background-position":"center center","background-size":"auto","background-attachment":"scroll","background-type":"","background-media":"","overlay-type":"","overlay-color":"","overlay-opacity":"","overlay-gradient":""}},"ast-content-background-meta":{"desktop":{"background-color":"var(--ast-global-color-5)","background-image":"","background-repeat":"repeat","background-position":"center center","background-size":"auto","background-attachment":"scroll","background-type":"","background-media":"","overlay-type":"","overlay-color":"","overlay-opacity":"","overlay-gradient":""},"tablet":{"background-color":"var(--ast-global-color-5)","background-image":"","background-repeat":"repeat","background-position":"center center","background-size":"auto","background-attachment":"scroll","background-type":"","background-media":"","overlay-type":"","overlay-color":"","overlay-opacity":"","overlay-gradient":""},"mobile":{"background-color":"var(--ast-global-color-5)","background-image":"","background-repeat":"repeat","background-position":"center center","background-size":"auto","background-attachment":"scroll","background-type":"","background-media":"","overlay-type":"","overlay-color":"","overlay-opacity":"","overlay-gradient":""}},"footnotes":""},"class_list":["post-63","page","type-page","status-publish","hentry"],"yoast_head":"<!-- This site is optimized with the Yoast SEO plugin v27.4 - https:\/\/yoast.com\/product\/yoast-seo-wordpress\/ -->\n<title>CongresosConferences - NATURIB<\/title>\n<meta name=\"robots\" content=\"index, follow, max-snippet:-1, max-image-preview:large, max-video-preview:-1\" \/>\n<link rel=\"canonical\" href=\"https:\/\/grupo.us.es\/naturib\/publicaciones\/congresos-2\/\" \/>\n<meta property=\"og:locale\" content=\"es_ES\" \/>\n<meta property=\"og:type\" content=\"article\" \/>\n<meta property=\"og:title\" content=\"CongresosConferences - NATURIB\" \/>\n<meta property=\"og:description\" content=\"Franco Salas, Antonio; Egea, Gregorio; P\u00e9rez Urrestarazu, Luis; Fern\u00e1ndez Ca\u00f1ero, Rafael. 2015. Optimizaci\u00f3n del riego y consumo de agua en jardines verticales exteriores a soluci\u00f3n perdida en clima mediterr\u00e1neo. VIII Congreso Ib\u00e9rico de Agroingenier\u00eda. Orihuela (Alicante, Espa\u00f1a). P\u00e9rez-Urrestarazu, Luis; Blasco-Romero, Ana; Fern\u00e1ndez-Ca\u00f1ero, Rafael. 2015. Social impact assessment of a living wall installed in a hospital. [&hellip;]\" \/>\n<meta property=\"og:url\" content=\"https:\/\/grupo.us.es\/naturib\/publicaciones\/congresos-2\/\" \/>\n<meta property=\"og:site_name\" content=\"NATURIB\" \/>\n<meta property=\"article:modified_time\" content=\"2015-12-21T07:43:02+00:00\" \/>\n<meta name=\"twitter:label1\" content=\"Tiempo de lectura\" \/>\n\t<meta name=\"twitter:data1\" content=\"12 minutes\" \/>\n<script type=\"application\/ld+json\" class=\"yoast-schema-graph\">{\"@context\":\"https:\\\/\\\/schema.org\",\"@graph\":[{\"@type\":\"WebPage\",\"@id\":\"https:\\\/\\\/grupo.us.es\\\/naturib\\\/publicaciones\\\/congresos-2\\\/\",\"url\":\"https:\\\/\\\/grupo.us.es\\\/naturib\\\/publicaciones\\\/congresos-2\\\/\",\"name\":\"CongresosConferences - NATURIB\",\"isPartOf\":{\"@id\":\"https:\\\/\\\/grupo.us.es\\\/naturib\\\/#website\"},\"datePublished\":\"2014-11-06T17:55:18+00:00\",\"dateModified\":\"2015-12-21T07:43:02+00:00\",\"breadcrumb\":{\"@id\":\"https:\\\/\\\/grupo.us.es\\\/naturib\\\/publicaciones\\\/congresos-2\\\/#breadcrumb\"},\"inLanguage\":\"es-ES\",\"potentialAction\":[{\"@type\":\"ReadAction\",\"target\":[\"https:\\\/\\\/grupo.us.es\\\/naturib\\\/publicaciones\\\/congresos-2\\\/\"]}]},{\"@type\":\"BreadcrumbList\",\"@id\":\"https:\\\/\\\/grupo.us.es\\\/naturib\\\/publicaciones\\\/congresos-2\\\/#breadcrumb\",\"itemListElement\":[{\"@type\":\"ListItem\",\"position\":1,\"name\":\"Home\",\"item\":\"https:\\\/\\\/grupo.us.es\\\/naturib\\\/\"},{\"@type\":\"ListItem\",\"position\":2,\"name\":\"Publicaciones\",\"item\":\"https:\\\/\\\/grupo.us.es\\\/naturib\\\/publicaciones\\\/\"},{\"@type\":\"ListItem\",\"position\":3,\"name\":\"Congresos\"}]},{\"@type\":\"WebSite\",\"@id\":\"https:\\\/\\\/grupo.us.es\\\/naturib\\\/#website\",\"url\":\"https:\\\/\\\/grupo.us.es\\\/naturib\\\/\",\"name\":\"NATURIB\",\"description\":\"Grupo de Investigaci\u00f3n de Naturaci\u00f3n Urbana e Ingenier\u00eda de Biosistemas\",\"publisher\":{\"@id\":\"https:\\\/\\\/grupo.us.es\\\/naturib\\\/#organization\"},\"potentialAction\":[{\"@type\":\"SearchAction\",\"target\":{\"@type\":\"EntryPoint\",\"urlTemplate\":\"https:\\\/\\\/grupo.us.es\\\/naturib\\\/?s={search_term_string}\"},\"query-input\":{\"@type\":\"PropertyValueSpecification\",\"valueRequired\":true,\"valueName\":\"search_term_string\"}}],\"inLanguage\":\"es-ES\"},{\"@type\":\"Organization\",\"@id\":\"https:\\\/\\\/grupo.us.es\\\/naturib\\\/#organization\",\"name\":\"NATURIB\",\"url\":\"https:\\\/\\\/grupo.us.es\\\/naturib\\\/\",\"logo\":{\"@type\":\"ImageObject\",\"inLanguage\":\"es-ES\",\"@id\":\"https:\\\/\\\/grupo.us.es\\\/naturib\\\/#\\\/schema\\\/logo\\\/image\\\/\",\"url\":\"https:\\\/\\\/grupo.us.es\\\/naturib\\\/wp-content\\\/uploads\\\/2022\\\/09\\\/logo-web-transparente.png\",\"contentUrl\":\"https:\\\/\\\/grupo.us.es\\\/naturib\\\/wp-content\\\/uploads\\\/2022\\\/09\\\/logo-web-transparente.png\",\"width\":249,\"height\":250,\"caption\":\"NATURIB\"},\"image\":{\"@id\":\"https:\\\/\\\/grupo.us.es\\\/naturib\\\/#\\\/schema\\\/logo\\\/image\\\/\"}}]}<\/script>\n<!-- \/ Yoast SEO plugin. -->","yoast_head_json":{"title":"CongresosConferences - NATURIB","robots":{"index":"index","follow":"follow","max-snippet":"max-snippet:-1","max-image-preview":"max-image-preview:large","max-video-preview":"max-video-preview:-1"},"canonical":"https:\/\/grupo.us.es\/naturib\/publicaciones\/congresos-2\/","og_locale":"es_ES","og_type":"article","og_title":"CongresosConferences - NATURIB","og_description":"Franco Salas, Antonio; Egea, Gregorio; P\u00e9rez Urrestarazu, Luis; Fern\u00e1ndez Ca\u00f1ero, Rafael. 2015. Optimizaci\u00f3n del riego y consumo de agua en jardines verticales exteriores a soluci\u00f3n perdida en clima mediterr\u00e1neo. VIII Congreso Ib\u00e9rico de Agroingenier\u00eda. Orihuela (Alicante, Espa\u00f1a). P\u00e9rez-Urrestarazu, Luis; Blasco-Romero, Ana; Fern\u00e1ndez-Ca\u00f1ero, Rafael. 2015. Social impact assessment of a living wall installed in a hospital. [&hellip;]","og_url":"https:\/\/grupo.us.es\/naturib\/publicaciones\/congresos-2\/","og_site_name":"NATURIB","article_modified_time":"2015-12-21T07:43:02+00:00","twitter_misc":{"Tiempo de lectura":"12 minutes"},"schema":{"@context":"https:\/\/schema.org","@graph":[{"@type":"WebPage","@id":"https:\/\/grupo.us.es\/naturib\/publicaciones\/congresos-2\/","url":"https:\/\/grupo.us.es\/naturib\/publicaciones\/congresos-2\/","name":"CongresosConferences - NATURIB","isPartOf":{"@id":"https:\/\/grupo.us.es\/naturib\/#website"},"datePublished":"2014-11-06T17:55:18+00:00","dateModified":"2015-12-21T07:43:02+00:00","breadcrumb":{"@id":"https:\/\/grupo.us.es\/naturib\/publicaciones\/congresos-2\/#breadcrumb"},"inLanguage":"es-ES","potentialAction":[{"@type":"ReadAction","target":["https:\/\/grupo.us.es\/naturib\/publicaciones\/congresos-2\/"]}]},{"@type":"BreadcrumbList","@id":"https:\/\/grupo.us.es\/naturib\/publicaciones\/congresos-2\/#breadcrumb","itemListElement":[{"@type":"ListItem","position":1,"name":"Home","item":"https:\/\/grupo.us.es\/naturib\/"},{"@type":"ListItem","position":2,"name":"Publicaciones","item":"https:\/\/grupo.us.es\/naturib\/publicaciones\/"},{"@type":"ListItem","position":3,"name":"Congresos"}]},{"@type":"WebSite","@id":"https:\/\/grupo.us.es\/naturib\/#website","url":"https:\/\/grupo.us.es\/naturib\/","name":"NATURIB","description":"Grupo de Investigaci\u00f3n de Naturaci\u00f3n Urbana e Ingenier\u00eda de Biosistemas","publisher":{"@id":"https:\/\/grupo.us.es\/naturib\/#organization"},"potentialAction":[{"@type":"SearchAction","target":{"@type":"EntryPoint","urlTemplate":"https:\/\/grupo.us.es\/naturib\/?s={search_term_string}"},"query-input":{"@type":"PropertyValueSpecification","valueRequired":true,"valueName":"search_term_string"}}],"inLanguage":"es-ES"},{"@type":"Organization","@id":"https:\/\/grupo.us.es\/naturib\/#organization","name":"NATURIB","url":"https:\/\/grupo.us.es\/naturib\/","logo":{"@type":"ImageObject","inLanguage":"es-ES","@id":"https:\/\/grupo.us.es\/naturib\/#\/schema\/logo\/image\/","url":"https:\/\/grupo.us.es\/naturib\/wp-content\/uploads\/2022\/09\/logo-web-transparente.png","contentUrl":"https:\/\/grupo.us.es\/naturib\/wp-content\/uploads\/2022\/09\/logo-web-transparente.png","width":249,"height":250,"caption":"NATURIB"},"image":{"@id":"https:\/\/grupo.us.es\/naturib\/#\/schema\/logo\/image\/"}}]}},"_links":{"self":[{"href":"https:\/\/grupo.us.es\/naturib\/wp-json\/wp\/v2\/pages\/63","targetHints":{"allow":["GET"]}}],"collection":[{"href":"https:\/\/grupo.us.es\/naturib\/wp-json\/wp\/v2\/pages"}],"about":[{"href":"https:\/\/grupo.us.es\/naturib\/wp-json\/wp\/v2\/types\/page"}],"author":[{"embeddable":true,"href":"https:\/\/grupo.us.es\/naturib\/wp-json\/wp\/v2\/users\/1"}],"replies":[{"embeddable":true,"href":"https:\/\/grupo.us.es\/naturib\/wp-json\/wp\/v2\/comments?post=63"}],"version-history":[{"count":5,"href":"https:\/\/grupo.us.es\/naturib\/wp-json\/wp\/v2\/pages\/63\/revisions"}],"predecessor-version":[{"id":190,"href":"https:\/\/grupo.us.es\/naturib\/wp-json\/wp\/v2\/pages\/63\/revisions\/190"}],"up":[{"embeddable":true,"href":"https:\/\/grupo.us.es\/naturib\/wp-json\/wp\/v2\/pages\/43"}],"wp:attachment":[{"href":"https:\/\/grupo.us.es\/naturib\/wp-json\/wp\/v2\/media?parent=63"}],"curies":[{"name":"wp","href":"https:\/\/api.w.org\/{rel}","templated":true}]}}