{"id":47,"date":"2014-11-06T18:14:26","date_gmt":"2014-11-06T17:14:26","guid":{"rendered":"http:\/\/grupo.us.es\/naturib\/?page_id=47"},"modified":"2020-04-12T14:50:41","modified_gmt":"2020-04-12T13:50:41","slug":"transferencia-de-conocimientos","status":"publish","type":"page","link":"https:\/\/grupo.us.es\/naturib\/transferencia-de-conocimientos\/","title":{"rendered":"Transferencia de conocimientos"},"content":{"rendered":"<p>En Naturib somos conscientes de la gran importancia que tiene la divulgaci\u00f3n de conocimientos no solo a nivel cient\u00edfico sino tambi\u00e9n de transferencia de los mismos a la sociedad (desarrollos tecnol\u00f3gicos, cursos y seminarios, etc.) para lo cual colaboramos con empresas nacionales (<a href=\"http:\/\/www.terapiaurbana.es\/\">Terapia Urbana<\/a>, <a href=\"http:\/\/www.idener.es\/\">Idener<\/a>) e internacionales (<a href=\"http:\/\/www.scotscape.net\/\">Scotscape<\/a>).<\/p>\n<p><a title=\"terapiaurbana.es\" href=\"http:\/\/www.terapiaurbana.es\/\" target=\"_blank\"><img decoding=\"async\" class=\"aligncenter\" src=\"http:\/\/www.terapiaurbana.es\/wp-content\/themes\/terapia_urbana\/images\/logo.gif\" alt=\"Terapia Urbana, dise\u00f1o de jardines verticales\" \/><\/a><\/p>\n<p>Por otro lado, dadas las caracter\u00edsticas de los integrantes del grupo, tambi\u00e9n estamos en disposici\u00f3n de ofrecer una serie de <a title=\"Servicios\" href=\"http:\/\/grupo.us.es\/naturib\/transferencia-de-conocimientos\/servicios\/\">servicios<\/a>.<\/p>\n<p>Ayudas para la transferencia del conocimiento recibidas:<\/p>\n<ul>\n<li><a title=\"Internacionalizaci\u00f3n de patente nacional 201330289, \u201cSistema para el cultivo de plantas en planos verticales o inclinados\u201d\" href=\"http:\/\/grupo.us.es\/naturib\/transferencia-de-conocimientos\/internacionalizacion-de-patente-nacional-201330289-sistema-para-el-cultivo-de-plantas-en-planos-verticales-o-inclinados\/\"><strong>Internacionalizaci\u00f3n de patente nacional 201330289, \u201c<em>Sistema para el cultivo de plantas en planos verticales o inclinados\u201d<\/em><\/strong><\/a><\/li>\n<\/ul>\n","protected":false},"excerpt":{"rendered":"<p>En Naturib somos conscientes de la gran importancia que tiene la divulgaci\u00f3n de conocimientos no solo a nivel cient\u00edfico sino tambi\u00e9n de transferencia de los mismos a la sociedad (desarrollos tecnol\u00f3gicos, cursos y seminarios, etc.) para lo cual colaboramos con empresas nacionales (Terapia Urbana, Idener) e internacionales (Scotscape). Por otro lado, dadas las caracter\u00edsticas de [&hellip;]<\/p>\n","protected":false},"author":1,"featured_media":0,"parent":0,"menu_order":0,"comment_status":"closed","ping_status":"open","template":"","meta":{"site-sidebar-layout":"default","site-content-layout":"","ast-site-content-layout":"default","site-content-style":"default","site-sidebar-style":"default","ast-global-header-display":"","ast-banner-title-visibility":"","ast-main-header-display":"","ast-hfb-above-header-display":"","ast-hfb-below-header-display":"","ast-hfb-mobile-header-display":"","site-post-title":"","ast-breadcrumbs-content":"","ast-featured-img":"","footer-sml-layout":"","ast-disable-related-posts":"","theme-transparent-header-meta":"","adv-header-id-meta":"","stick-header-meta":"","header-above-stick-meta":"","header-main-stick-meta":"","header-below-stick-meta":"","astra-migrate-meta-layouts":"default","ast-page-background-enabled":"default","ast-page-background-meta":{"desktop":{"background-color":"var(--ast-global-color-4)","background-image":"","background-repeat":"repeat","background-position":"center center","background-size":"auto","background-attachment":"scroll","background-type":"","background-media":"","overlay-type":"","overlay-color":"","overlay-opacity":"","overlay-gradient":""},"tablet":{"background-color":"","background-image":"","background-repeat":"repeat","background-position":"center center","background-size":"auto","background-attachment":"scroll","background-type":"","background-media":"","overlay-type":"","overlay-color":"","overlay-opacity":"","overlay-gradient":""},"mobile":{"background-color":"","background-image":"","background-repeat":"repeat","background-position":"center center","background-size":"auto","background-attachment":"scroll","background-type":"","background-media":"","overlay-type":"","overlay-color":"","overlay-opacity":"","overlay-gradient":""}},"ast-content-background-meta":{"desktop":{"background-color":"var(--ast-global-color-5)","background-image":"","background-repeat":"repeat","background-position":"center center","background-size":"auto","background-attachment":"scroll","background-type":"","background-media":"","overlay-type":"","overlay-color":"","overlay-opacity":"","overlay-gradient":""},"tablet":{"background-color":"var(--ast-global-color-5)","background-image":"","background-repeat":"repeat","background-position":"center center","background-size":"auto","background-attachment":"scroll","background-type":"","background-media":"","overlay-type":"","overlay-color":"","overlay-opacity":"","overlay-gradient":""},"mobile":{"background-color":"var(--ast-global-color-5)","background-image":"","background-repeat":"repeat","background-position":"center center","background-size":"auto","background-attachment":"scroll","background-type":"","background-media":"","overlay-type":"","overlay-color":"","overlay-opacity":"","overlay-gradient":""}},"footnotes":""},"class_list":["post-47","page","type-page","status-publish","hentry"],"yoast_head":"<!-- This site is optimized with the Yoast SEO plugin v27.4 - https:\/\/yoast.com\/product\/yoast-seo-wordpress\/ -->\n<title>Transferencia de conocimientosKnowledge transfer - NATURIB<\/title>\n<meta name=\"robots\" content=\"index, follow, max-snippet:-1, max-image-preview:large, max-video-preview:-1\" \/>\n<link rel=\"canonical\" href=\"https:\/\/grupo.us.es\/naturib\/transferencia-de-conocimientos\/\" \/>\n<meta property=\"og:locale\" content=\"es_ES\" \/>\n<meta property=\"og:type\" content=\"article\" \/>\n<meta property=\"og:title\" content=\"Transferencia de conocimientosKnowledge transfer - NATURIB\" \/>\n<meta property=\"og:description\" content=\"En Naturib somos conscientes de la gran importancia que tiene la divulgaci\u00f3n de conocimientos no solo a nivel cient\u00edfico sino tambi\u00e9n de transferencia de los mismos a la sociedad (desarrollos tecnol\u00f3gicos, cursos y seminarios, etc.) para lo cual colaboramos con empresas nacionales (Terapia Urbana, Idener) e internacionales (Scotscape). Por otro lado, dadas las caracter\u00edsticas de [&hellip;]\" \/>\n<meta property=\"og:url\" content=\"https:\/\/grupo.us.es\/naturib\/transferencia-de-conocimientos\/\" \/>\n<meta property=\"og:site_name\" content=\"NATURIB\" \/>\n<meta property=\"article:modified_time\" content=\"2020-04-12T13:50:41+00:00\" \/>\n<meta property=\"og:image\" content=\"http:\/\/www.terapiaurbana.es\/wp-content\/themes\/terapia_urbana\/images\/logo.gif\" \/>\n<meta name=\"twitter:label1\" content=\"Tiempo de lectura\" \/>\n\t<meta name=\"twitter:data1\" content=\"1 minute\" \/>\n<script type=\"application\/ld+json\" class=\"yoast-schema-graph\">{\"@context\":\"https:\\\/\\\/schema.org\",\"@graph\":[{\"@type\":\"WebPage\",\"@id\":\"https:\\\/\\\/grupo.us.es\\\/naturib\\\/transferencia-de-conocimientos\\\/\",\"url\":\"https:\\\/\\\/grupo.us.es\\\/naturib\\\/transferencia-de-conocimientos\\\/\",\"name\":\"Transferencia de conocimientosKnowledge transfer - NATURIB\",\"isPartOf\":{\"@id\":\"https:\\\/\\\/grupo.us.es\\\/naturib\\\/#website\"},\"primaryImageOfPage\":{\"@id\":\"https:\\\/\\\/grupo.us.es\\\/naturib\\\/transferencia-de-conocimientos\\\/#primaryimage\"},\"image\":{\"@id\":\"https:\\\/\\\/grupo.us.es\\\/naturib\\\/transferencia-de-conocimientos\\\/#primaryimage\"},\"thumbnailUrl\":\"http:\\\/\\\/www.terapiaurbana.es\\\/wp-content\\\/themes\\\/terapia_urbana\\\/images\\\/logo.gif\",\"datePublished\":\"2014-11-06T17:14:26+00:00\",\"dateModified\":\"2020-04-12T13:50:41+00:00\",\"breadcrumb\":{\"@id\":\"https:\\\/\\\/grupo.us.es\\\/naturib\\\/transferencia-de-conocimientos\\\/#breadcrumb\"},\"inLanguage\":\"es-ES\",\"potentialAction\":[{\"@type\":\"ReadAction\",\"target\":[\"https:\\\/\\\/grupo.us.es\\\/naturib\\\/transferencia-de-conocimientos\\\/\"]}]},{\"@type\":\"ImageObject\",\"inLanguage\":\"es-ES\",\"@id\":\"https:\\\/\\\/grupo.us.es\\\/naturib\\\/transferencia-de-conocimientos\\\/#primaryimage\",\"url\":\"http:\\\/\\\/www.terapiaurbana.es\\\/wp-content\\\/themes\\\/terapia_urbana\\\/images\\\/logo.gif\",\"contentUrl\":\"http:\\\/\\\/www.terapiaurbana.es\\\/wp-content\\\/themes\\\/terapia_urbana\\\/images\\\/logo.gif\"},{\"@type\":\"BreadcrumbList\",\"@id\":\"https:\\\/\\\/grupo.us.es\\\/naturib\\\/transferencia-de-conocimientos\\\/#breadcrumb\",\"itemListElement\":[{\"@type\":\"ListItem\",\"position\":1,\"name\":\"Home\",\"item\":\"https:\\\/\\\/grupo.us.es\\\/naturib\\\/\"},{\"@type\":\"ListItem\",\"position\":2,\"name\":\"Transferencia de conocimientos\"}]},{\"@type\":\"WebSite\",\"@id\":\"https:\\\/\\\/grupo.us.es\\\/naturib\\\/#website\",\"url\":\"https:\\\/\\\/grupo.us.es\\\/naturib\\\/\",\"name\":\"NATURIB\",\"description\":\"Grupo de Investigaci\u00f3n de Naturaci\u00f3n Urbana e Ingenier\u00eda de Biosistemas\",\"publisher\":{\"@id\":\"https:\\\/\\\/grupo.us.es\\\/naturib\\\/#organization\"},\"potentialAction\":[{\"@type\":\"SearchAction\",\"target\":{\"@type\":\"EntryPoint\",\"urlTemplate\":\"https:\\\/\\\/grupo.us.es\\\/naturib\\\/?s={search_term_string}\"},\"query-input\":{\"@type\":\"PropertyValueSpecification\",\"valueRequired\":true,\"valueName\":\"search_term_string\"}}],\"inLanguage\":\"es-ES\"},{\"@type\":\"Organization\",\"@id\":\"https:\\\/\\\/grupo.us.es\\\/naturib\\\/#organization\",\"name\":\"NATURIB\",\"url\":\"https:\\\/\\\/grupo.us.es\\\/naturib\\\/\",\"logo\":{\"@type\":\"ImageObject\",\"inLanguage\":\"es-ES\",\"@id\":\"https:\\\/\\\/grupo.us.es\\\/naturib\\\/#\\\/schema\\\/logo\\\/image\\\/\",\"url\":\"https:\\\/\\\/grupo.us.es\\\/naturib\\\/wp-content\\\/uploads\\\/2022\\\/09\\\/logo-web-transparente.png\",\"contentUrl\":\"https:\\\/\\\/grupo.us.es\\\/naturib\\\/wp-content\\\/uploads\\\/2022\\\/09\\\/logo-web-transparente.png\",\"width\":249,\"height\":250,\"caption\":\"NATURIB\"},\"image\":{\"@id\":\"https:\\\/\\\/grupo.us.es\\\/naturib\\\/#\\\/schema\\\/logo\\\/image\\\/\"}}]}<\/script>\n<!-- \/ Yoast SEO plugin. -->","yoast_head_json":{"title":"Transferencia de conocimientosKnowledge transfer - NATURIB","robots":{"index":"index","follow":"follow","max-snippet":"max-snippet:-1","max-image-preview":"max-image-preview:large","max-video-preview":"max-video-preview:-1"},"canonical":"https:\/\/grupo.us.es\/naturib\/transferencia-de-conocimientos\/","og_locale":"es_ES","og_type":"article","og_title":"Transferencia de conocimientosKnowledge transfer - NATURIB","og_description":"En Naturib somos conscientes de la gran importancia que tiene la divulgaci\u00f3n de conocimientos no solo a nivel cient\u00edfico sino tambi\u00e9n de transferencia de los mismos a la sociedad (desarrollos tecnol\u00f3gicos, cursos y seminarios, etc.) para lo cual colaboramos con empresas nacionales (Terapia Urbana, Idener) e internacionales (Scotscape). Por otro lado, dadas las caracter\u00edsticas de [&hellip;]","og_url":"https:\/\/grupo.us.es\/naturib\/transferencia-de-conocimientos\/","og_site_name":"NATURIB","article_modified_time":"2020-04-12T13:50:41+00:00","og_image":[{"url":"http:\/\/www.terapiaurbana.es\/wp-content\/themes\/terapia_urbana\/images\/logo.gif","type":"","width":"","height":""}],"twitter_misc":{"Tiempo de lectura":"1 minute"},"schema":{"@context":"https:\/\/schema.org","@graph":[{"@type":"WebPage","@id":"https:\/\/grupo.us.es\/naturib\/transferencia-de-conocimientos\/","url":"https:\/\/grupo.us.es\/naturib\/transferencia-de-conocimientos\/","name":"Transferencia de conocimientosKnowledge transfer - NATURIB","isPartOf":{"@id":"https:\/\/grupo.us.es\/naturib\/#website"},"primaryImageOfPage":{"@id":"https:\/\/grupo.us.es\/naturib\/transferencia-de-conocimientos\/#primaryimage"},"image":{"@id":"https:\/\/grupo.us.es\/naturib\/transferencia-de-conocimientos\/#primaryimage"},"thumbnailUrl":"http:\/\/www.terapiaurbana.es\/wp-content\/themes\/terapia_urbana\/images\/logo.gif","datePublished":"2014-11-06T17:14:26+00:00","dateModified":"2020-04-12T13:50:41+00:00","breadcrumb":{"@id":"https:\/\/grupo.us.es\/naturib\/transferencia-de-conocimientos\/#breadcrumb"},"inLanguage":"es-ES","potentialAction":[{"@type":"ReadAction","target":["https:\/\/grupo.us.es\/naturib\/transferencia-de-conocimientos\/"]}]},{"@type":"ImageObject","inLanguage":"es-ES","@id":"https:\/\/grupo.us.es\/naturib\/transferencia-de-conocimientos\/#primaryimage","url":"http:\/\/www.terapiaurbana.es\/wp-content\/themes\/terapia_urbana\/images\/logo.gif","contentUrl":"http:\/\/www.terapiaurbana.es\/wp-content\/themes\/terapia_urbana\/images\/logo.gif"},{"@type":"BreadcrumbList","@id":"https:\/\/grupo.us.es\/naturib\/transferencia-de-conocimientos\/#breadcrumb","itemListElement":[{"@type":"ListItem","position":1,"name":"Home","item":"https:\/\/grupo.us.es\/naturib\/"},{"@type":"ListItem","position":2,"name":"Transferencia de conocimientos"}]},{"@type":"WebSite","@id":"https:\/\/grupo.us.es\/naturib\/#website","url":"https:\/\/grupo.us.es\/naturib\/","name":"NATURIB","description":"Grupo de Investigaci\u00f3n de Naturaci\u00f3n Urbana e Ingenier\u00eda de Biosistemas","publisher":{"@id":"https:\/\/grupo.us.es\/naturib\/#organization"},"potentialAction":[{"@type":"SearchAction","target":{"@type":"EntryPoint","urlTemplate":"https:\/\/grupo.us.es\/naturib\/?s={search_term_string}"},"query-input":{"@type":"PropertyValueSpecification","valueRequired":true,"valueName":"search_term_string"}}],"inLanguage":"es-ES"},{"@type":"Organization","@id":"https:\/\/grupo.us.es\/naturib\/#organization","name":"NATURIB","url":"https:\/\/grupo.us.es\/naturib\/","logo":{"@type":"ImageObject","inLanguage":"es-ES","@id":"https:\/\/grupo.us.es\/naturib\/#\/schema\/logo\/image\/","url":"https:\/\/grupo.us.es\/naturib\/wp-content\/uploads\/2022\/09\/logo-web-transparente.png","contentUrl":"https:\/\/grupo.us.es\/naturib\/wp-content\/uploads\/2022\/09\/logo-web-transparente.png","width":249,"height":250,"caption":"NATURIB"},"image":{"@id":"https:\/\/grupo.us.es\/naturib\/#\/schema\/logo\/image\/"}}]}},"_links":{"self":[{"href":"https:\/\/grupo.us.es\/naturib\/wp-json\/wp\/v2\/pages\/47","targetHints":{"allow":["GET"]}}],"collection":[{"href":"https:\/\/grupo.us.es\/naturib\/wp-json\/wp\/v2\/pages"}],"about":[{"href":"https:\/\/grupo.us.es\/naturib\/wp-json\/wp\/v2\/types\/page"}],"author":[{"embeddable":true,"href":"https:\/\/grupo.us.es\/naturib\/wp-json\/wp\/v2\/users\/1"}],"replies":[{"embeddable":true,"href":"https:\/\/grupo.us.es\/naturib\/wp-json\/wp\/v2\/comments?post=47"}],"version-history":[{"count":7,"href":"https:\/\/grupo.us.es\/naturib\/wp-json\/wp\/v2\/pages\/47\/revisions"}],"predecessor-version":[{"id":229,"href":"https:\/\/grupo.us.es\/naturib\/wp-json\/wp\/v2\/pages\/47\/revisions\/229"}],"wp:attachment":[{"href":"https:\/\/grupo.us.es\/naturib\/wp-json\/wp\/v2\/media?parent=47"}],"curies":[{"name":"wp","href":"https:\/\/api.w.org\/{rel}","templated":true}]}}