{"id":38,"date":"2014-11-06T18:04:06","date_gmt":"2014-11-06T17:04:06","guid":{"rendered":"http:\/\/grupo.us.es\/naturib\/?page_id=38"},"modified":"2021-10-26T18:20:40","modified_gmt":"2021-10-26T17:20:40","slug":"proyectos","status":"publish","type":"page","link":"https:\/\/grupo.us.es\/naturib\/proyectos\/","title":{"rendered":"Proyectos"},"content":{"rendered":"<p>Los miembros de Naturib\u00a0participan en muy diversos proyectos de investigaci\u00f3n de variadas tem\u00e1ticas. Aqu\u00ed se describen algunos de ellos:<\/p>\n<ul>\n<li><a title=\"UGreenS\" href=\"http:\/\/grupo.us.es\/naturib\/proyectos\/ugreens\/\">Proyecto Leonardo Transfer of innovation \u2018Urban Greening Systems for the Mediterranean Region\u2019<\/a> (<a title=\"www.ugreens.eu\" href=\"http:\/\/www.ugreens.eu\/\" target=\"_blank\" rel=\"noopener\">UGreenS<\/a>).<\/li>\n<li><a href=\"http:\/\/wp.iaia.lcc.uma.es\/nuevos-desarrollos-en-mineria-de-datos-para-su-utilizacion-en-la-sostenibilidad-urbana\/\">Nuevos desarrollos en mineri\u0301a de datos para su utilizacio\u0301n en la sostenibilidad urbana<\/a><\/li>\n<li><a href=\"http:\/\/grupo.us.es\/naturib\/proyectos\/fitorremediacion-de-aire-y-agua-mediante-jardines-verticales\/\">Fitorremediaci\u00f3n de aire y agua mediante Jardines Verticales<\/a><\/li>\n<li><a title=\"Acuapon\u00eda\" href=\"http:\/\/grupo.us.es\/naturib\/acuaponia\/\">Acuapon\u00eda<\/a><\/li>\n<\/ul>\n","protected":false},"excerpt":{"rendered":"<p>Los miembros de Naturib\u00a0participan en muy diversos proyectos de investigaci\u00f3n de variadas tem\u00e1ticas. Aqu\u00ed se describen algunos de ellos: Proyecto Leonardo Transfer of innovation \u2018Urban Greening Systems for the Mediterranean Region\u2019 (UGreenS). Nuevos desarrollos en mineri\u0301a de datos para su utilizacio\u0301n en la sostenibilidad urbana Fitorremediaci\u00f3n de aire y agua mediante Jardines Verticales Acuapon\u00eda<\/p>\n","protected":false},"author":1,"featured_media":0,"parent":0,"menu_order":0,"comment_status":"closed","ping_status":"open","template":"","meta":{"site-sidebar-layout":"default","site-content-layout":"","ast-site-content-layout":"default","site-content-style":"default","site-sidebar-style":"default","ast-global-header-display":"","ast-banner-title-visibility":"","ast-main-header-display":"","ast-hfb-above-header-display":"","ast-hfb-below-header-display":"","ast-hfb-mobile-header-display":"","site-post-title":"","ast-breadcrumbs-content":"","ast-featured-img":"","footer-sml-layout":"","ast-disable-related-posts":"","theme-transparent-header-meta":"","adv-header-id-meta":"","stick-header-meta":"","header-above-stick-meta":"","header-main-stick-meta":"","header-below-stick-meta":"","astra-migrate-meta-layouts":"default","ast-page-background-enabled":"default","ast-page-background-meta":{"desktop":{"background-color":"var(--ast-global-color-4)","background-image":"","background-repeat":"repeat","background-position":"center center","background-size":"auto","background-attachment":"scroll","background-type":"","background-media":"","overlay-type":"","overlay-color":"","overlay-opacity":"","overlay-gradient":""},"tablet":{"background-color":"","background-image":"","background-repeat":"repeat","background-position":"center center","background-size":"auto","background-attachment":"scroll","background-type":"","background-media":"","overlay-type":"","overlay-color":"","overlay-opacity":"","overlay-gradient":""},"mobile":{"background-color":"","background-image":"","background-repeat":"repeat","background-position":"center center","background-size":"auto","background-attachment":"scroll","background-type":"","background-media":"","overlay-type":"","overlay-color":"","overlay-opacity":"","overlay-gradient":""}},"ast-content-background-meta":{"desktop":{"background-color":"var(--ast-global-color-5)","background-image":"","background-repeat":"repeat","background-position":"center center","background-size":"auto","background-attachment":"scroll","background-type":"","background-media":"","overlay-type":"","overlay-color":"","overlay-opacity":"","overlay-gradient":""},"tablet":{"background-color":"var(--ast-global-color-5)","background-image":"","background-repeat":"repeat","background-position":"center center","background-size":"auto","background-attachment":"scroll","background-type":"","background-media":"","overlay-type":"","overlay-color":"","overlay-opacity":"","overlay-gradient":""},"mobile":{"background-color":"var(--ast-global-color-5)","background-image":"","background-repeat":"repeat","background-position":"center center","background-size":"auto","background-attachment":"scroll","background-type":"","background-media":"","overlay-type":"","overlay-color":"","overlay-opacity":"","overlay-gradient":""}},"footnotes":""},"class_list":["post-38","page","type-page","status-publish","hentry"],"yoast_head":"<!-- This site is optimized with the Yoast SEO plugin v27.4 - https:\/\/yoast.com\/product\/yoast-seo-wordpress\/ -->\n<title>ProyectosProyects - NATURIB<\/title>\n<meta name=\"robots\" content=\"index, follow, max-snippet:-1, max-image-preview:large, max-video-preview:-1\" \/>\n<link rel=\"canonical\" href=\"https:\/\/grupo.us.es\/naturib\/proyectos\/\" \/>\n<meta property=\"og:locale\" content=\"es_ES\" \/>\n<meta property=\"og:type\" content=\"article\" \/>\n<meta property=\"og:title\" content=\"ProyectosProyects - NATURIB\" \/>\n<meta property=\"og:description\" content=\"Los miembros de Naturib\u00a0participan en muy diversos proyectos de investigaci\u00f3n de variadas tem\u00e1ticas. Aqu\u00ed se describen algunos de ellos: Proyecto Leonardo Transfer of innovation \u2018Urban Greening Systems for the Mediterranean Region\u2019 (UGreenS). Nuevos desarrollos en mineri\u0301a de datos para su utilizacio\u0301n en la sostenibilidad urbana Fitorremediaci\u00f3n de aire y agua mediante Jardines Verticales Acuapon\u00eda\" \/>\n<meta property=\"og:url\" content=\"https:\/\/grupo.us.es\/naturib\/proyectos\/\" \/>\n<meta property=\"og:site_name\" content=\"NATURIB\" \/>\n<meta property=\"article:modified_time\" content=\"2021-10-26T17:20:40+00:00\" \/>\n<meta name=\"twitter:label1\" content=\"Tiempo de lectura\" \/>\n\t<meta name=\"twitter:data1\" content=\"1 minute\" \/>\n<script type=\"application\/ld+json\" class=\"yoast-schema-graph\">{\"@context\":\"https:\\\/\\\/schema.org\",\"@graph\":[{\"@type\":\"WebPage\",\"@id\":\"https:\\\/\\\/grupo.us.es\\\/naturib\\\/proyectos\\\/\",\"url\":\"https:\\\/\\\/grupo.us.es\\\/naturib\\\/proyectos\\\/\",\"name\":\"ProyectosProyects - NATURIB\",\"isPartOf\":{\"@id\":\"https:\\\/\\\/grupo.us.es\\\/naturib\\\/#website\"},\"datePublished\":\"2014-11-06T17:04:06+00:00\",\"dateModified\":\"2021-10-26T17:20:40+00:00\",\"breadcrumb\":{\"@id\":\"https:\\\/\\\/grupo.us.es\\\/naturib\\\/proyectos\\\/#breadcrumb\"},\"inLanguage\":\"es-ES\",\"potentialAction\":[{\"@type\":\"ReadAction\",\"target\":[\"https:\\\/\\\/grupo.us.es\\\/naturib\\\/proyectos\\\/\"]}]},{\"@type\":\"BreadcrumbList\",\"@id\":\"https:\\\/\\\/grupo.us.es\\\/naturib\\\/proyectos\\\/#breadcrumb\",\"itemListElement\":[{\"@type\":\"ListItem\",\"position\":1,\"name\":\"Home\",\"item\":\"https:\\\/\\\/grupo.us.es\\\/naturib\\\/\"},{\"@type\":\"ListItem\",\"position\":2,\"name\":\"Proyects\"}]},{\"@type\":\"WebSite\",\"@id\":\"https:\\\/\\\/grupo.us.es\\\/naturib\\\/#website\",\"url\":\"https:\\\/\\\/grupo.us.es\\\/naturib\\\/\",\"name\":\"NATURIB\",\"description\":\"Grupo de Investigaci\u00f3n de Naturaci\u00f3n Urbana e Ingenier\u00eda de Biosistemas\",\"publisher\":{\"@id\":\"https:\\\/\\\/grupo.us.es\\\/naturib\\\/#organization\"},\"potentialAction\":[{\"@type\":\"SearchAction\",\"target\":{\"@type\":\"EntryPoint\",\"urlTemplate\":\"https:\\\/\\\/grupo.us.es\\\/naturib\\\/?s={search_term_string}\"},\"query-input\":{\"@type\":\"PropertyValueSpecification\",\"valueRequired\":true,\"valueName\":\"search_term_string\"}}],\"inLanguage\":\"es-ES\"},{\"@type\":\"Organization\",\"@id\":\"https:\\\/\\\/grupo.us.es\\\/naturib\\\/#organization\",\"name\":\"NATURIB\",\"url\":\"https:\\\/\\\/grupo.us.es\\\/naturib\\\/\",\"logo\":{\"@type\":\"ImageObject\",\"inLanguage\":\"es-ES\",\"@id\":\"https:\\\/\\\/grupo.us.es\\\/naturib\\\/#\\\/schema\\\/logo\\\/image\\\/\",\"url\":\"https:\\\/\\\/grupo.us.es\\\/naturib\\\/wp-content\\\/uploads\\\/2022\\\/09\\\/logo-web-transparente.png\",\"contentUrl\":\"https:\\\/\\\/grupo.us.es\\\/naturib\\\/wp-content\\\/uploads\\\/2022\\\/09\\\/logo-web-transparente.png\",\"width\":249,\"height\":250,\"caption\":\"NATURIB\"},\"image\":{\"@id\":\"https:\\\/\\\/grupo.us.es\\\/naturib\\\/#\\\/schema\\\/logo\\\/image\\\/\"}}]}<\/script>\n<!-- \/ Yoast SEO plugin. -->","yoast_head_json":{"title":"ProyectosProyects - NATURIB","robots":{"index":"index","follow":"follow","max-snippet":"max-snippet:-1","max-image-preview":"max-image-preview:large","max-video-preview":"max-video-preview:-1"},"canonical":"https:\/\/grupo.us.es\/naturib\/proyectos\/","og_locale":"es_ES","og_type":"article","og_title":"ProyectosProyects - NATURIB","og_description":"Los miembros de Naturib\u00a0participan en muy diversos proyectos de investigaci\u00f3n de variadas tem\u00e1ticas. Aqu\u00ed se describen algunos de ellos: Proyecto Leonardo Transfer of innovation \u2018Urban Greening Systems for the Mediterranean Region\u2019 (UGreenS). Nuevos desarrollos en mineri\u0301a de datos para su utilizacio\u0301n en la sostenibilidad urbana Fitorremediaci\u00f3n de aire y agua mediante Jardines Verticales Acuapon\u00eda","og_url":"https:\/\/grupo.us.es\/naturib\/proyectos\/","og_site_name":"NATURIB","article_modified_time":"2021-10-26T17:20:40+00:00","twitter_misc":{"Tiempo de lectura":"1 minute"},"schema":{"@context":"https:\/\/schema.org","@graph":[{"@type":"WebPage","@id":"https:\/\/grupo.us.es\/naturib\/proyectos\/","url":"https:\/\/grupo.us.es\/naturib\/proyectos\/","name":"ProyectosProyects - NATURIB","isPartOf":{"@id":"https:\/\/grupo.us.es\/naturib\/#website"},"datePublished":"2014-11-06T17:04:06+00:00","dateModified":"2021-10-26T17:20:40+00:00","breadcrumb":{"@id":"https:\/\/grupo.us.es\/naturib\/proyectos\/#breadcrumb"},"inLanguage":"es-ES","potentialAction":[{"@type":"ReadAction","target":["https:\/\/grupo.us.es\/naturib\/proyectos\/"]}]},{"@type":"BreadcrumbList","@id":"https:\/\/grupo.us.es\/naturib\/proyectos\/#breadcrumb","itemListElement":[{"@type":"ListItem","position":1,"name":"Home","item":"https:\/\/grupo.us.es\/naturib\/"},{"@type":"ListItem","position":2,"name":"Proyects"}]},{"@type":"WebSite","@id":"https:\/\/grupo.us.es\/naturib\/#website","url":"https:\/\/grupo.us.es\/naturib\/","name":"NATURIB","description":"Grupo de Investigaci\u00f3n de Naturaci\u00f3n Urbana e Ingenier\u00eda de Biosistemas","publisher":{"@id":"https:\/\/grupo.us.es\/naturib\/#organization"},"potentialAction":[{"@type":"SearchAction","target":{"@type":"EntryPoint","urlTemplate":"https:\/\/grupo.us.es\/naturib\/?s={search_term_string}"},"query-input":{"@type":"PropertyValueSpecification","valueRequired":true,"valueName":"search_term_string"}}],"inLanguage":"es-ES"},{"@type":"Organization","@id":"https:\/\/grupo.us.es\/naturib\/#organization","name":"NATURIB","url":"https:\/\/grupo.us.es\/naturib\/","logo":{"@type":"ImageObject","inLanguage":"es-ES","@id":"https:\/\/grupo.us.es\/naturib\/#\/schema\/logo\/image\/","url":"https:\/\/grupo.us.es\/naturib\/wp-content\/uploads\/2022\/09\/logo-web-transparente.png","contentUrl":"https:\/\/grupo.us.es\/naturib\/wp-content\/uploads\/2022\/09\/logo-web-transparente.png","width":249,"height":250,"caption":"NATURIB"},"image":{"@id":"https:\/\/grupo.us.es\/naturib\/#\/schema\/logo\/image\/"}}]}},"_links":{"self":[{"href":"https:\/\/grupo.us.es\/naturib\/wp-json\/wp\/v2\/pages\/38","targetHints":{"allow":["GET"]}}],"collection":[{"href":"https:\/\/grupo.us.es\/naturib\/wp-json\/wp\/v2\/pages"}],"about":[{"href":"https:\/\/grupo.us.es\/naturib\/wp-json\/wp\/v2\/types\/page"}],"author":[{"embeddable":true,"href":"https:\/\/grupo.us.es\/naturib\/wp-json\/wp\/v2\/users\/1"}],"replies":[{"embeddable":true,"href":"https:\/\/grupo.us.es\/naturib\/wp-json\/wp\/v2\/comments?post=38"}],"version-history":[{"count":7,"href":"https:\/\/grupo.us.es\/naturib\/wp-json\/wp\/v2\/pages\/38\/revisions"}],"predecessor-version":[{"id":256,"href":"https:\/\/grupo.us.es\/naturib\/wp-json\/wp\/v2\/pages\/38\/revisions\/256"}],"wp:attachment":[{"href":"https:\/\/grupo.us.es\/naturib\/wp-json\/wp\/v2\/media?parent=38"}],"curies":[{"name":"wp","href":"https:\/\/api.w.org\/{rel}","templated":true}]}}