{"id":28,"date":"2014-11-06T17:53:51","date_gmt":"2014-11-06T16:53:51","guid":{"rendered":"http:\/\/grupo.us.es\/naturib\/?page_id=28"},"modified":"2015-01-22T12:49:47","modified_gmt":"2015-01-22T11:49:47","slug":"quienes-somos-instalaciones-y-equipamiento","status":"publish","type":"page","link":"https:\/\/grupo.us.es\/naturib\/quienes-somos-instalaciones-y-equipamiento\/","title":{"rendered":"Instalaciones y equipamiento"},"content":{"rendered":"<p>La sede del grupo se encuentra en la <a href=\"http:\/\/centro.us.es\/etsia\/\">Escuela T\u00e9cnica Superior de Ingenier\u00eda Agron\u00f3mica<\/a> (ETSIA) que cuenta con diversos laboratorios, invernaderos, c\u00e1maras de cultivo y campos de ensayo. En ella, se encuentra el Laboratorio de Naturaci\u00f3n Urbana, espacio equipado con la instrumentaci\u00f3n adecuada para llevar a cabo distintos experimentos.<\/p>\n<p>Adem\u00e1s, en la ETSIA tenemos dos prototipos de jard\u00edn vertical (uno pasivo y otro activo) usados en distintos experimentos. En un laboratorio de la E.T.S. de Ingenier\u00eda se ha instalado otro jard\u00edn vertical activo controlado totalmente de forma remota gracias a un sistema SCADA.<\/p>\n<figure id=\"attachment_20\" aria-describedby=\"caption-attachment-20\" style=\"width: 419px\" class=\"wp-caption aligncenter\"><a href=\"http:\/\/grupo.us.es\/naturib\/wp-content\/uploads\/2014\/11\/JVP2.jpg\"><img loading=\"lazy\" decoding=\"async\" class=\"wp-image-20 size-full\" src=\"http:\/\/grupo.us.es\/naturib\/wp-content\/uploads\/2014\/11\/JVP2.jpg\" alt=\"JVP2\" width=\"419\" height=\"280\" srcset=\"https:\/\/grupo.us.es\/naturib\/wp-content\/uploads\/2014\/11\/JVP2.jpg 419w, https:\/\/grupo.us.es\/naturib\/wp-content\/uploads\/2014\/11\/JVP2-300x200.jpg 300w\" sizes=\"auto, (max-width: 419px) 100vw, 419px\" \/><\/a><figcaption id=\"caption-attachment-20\" class=\"wp-caption-text\">Prototipo de Jard\u00edn Vertical Pasivo en la ETSIA<\/figcaption><\/figure>\n<figure id=\"attachment_18\" aria-describedby=\"caption-attachment-18\" style=\"width: 310px\" class=\"wp-caption aligncenter\"><a href=\"http:\/\/grupo.us.es\/naturib\/wp-content\/uploads\/2014\/11\/JVA-ETSIA2.jpg\"><img loading=\"lazy\" decoding=\"async\" class=\"wp-image-18 size-full\" src=\"http:\/\/grupo.us.es\/naturib\/wp-content\/uploads\/2014\/11\/JVA-ETSIA2.jpg\" alt=\"JVA ETSIA2\" width=\"310\" height=\"462\" srcset=\"https:\/\/grupo.us.es\/naturib\/wp-content\/uploads\/2014\/11\/JVA-ETSIA2.jpg 310w, https:\/\/grupo.us.es\/naturib\/wp-content\/uploads\/2014\/11\/JVA-ETSIA2-201x300.jpg 201w\" sizes=\"auto, (max-width: 310px) 100vw, 310px\" \/><\/a><figcaption id=\"caption-attachment-18\" class=\"wp-caption-text\">Prototipo de Jard\u00edn Vertical Activo en la ETSIA<\/figcaption><\/figure>\n<figure id=\"attachment_19\" aria-describedby=\"caption-attachment-19\" style=\"width: 474px\" class=\"wp-caption aligncenter\"><a href=\"http:\/\/grupo.us.es\/naturib\/wp-content\/uploads\/2014\/11\/JVAETSI2.jpg\"><img loading=\"lazy\" decoding=\"async\" class=\"size-large wp-image-19\" src=\"http:\/\/grupo.us.es\/naturib\/wp-content\/uploads\/2014\/11\/JVAETSI2-1024x683.jpg\" alt=\"Jard\u00edn Vertical Activo en la ETSI\" width=\"474\" height=\"316\" srcset=\"https:\/\/grupo.us.es\/naturib\/wp-content\/uploads\/2014\/11\/JVAETSI2-1024x683.jpg 1024w, https:\/\/grupo.us.es\/naturib\/wp-content\/uploads\/2014\/11\/JVAETSI2-300x200.jpg 300w, https:\/\/grupo.us.es\/naturib\/wp-content\/uploads\/2014\/11\/JVAETSI2.jpg 1060w\" sizes=\"auto, (max-width: 474px) 100vw, 474px\" \/><\/a><figcaption id=\"caption-attachment-19\" class=\"wp-caption-text\">Jard\u00edn Vertical Activo en la ETSI<\/figcaption><\/figure>\n<figure id=\"attachment_29\" aria-describedby=\"caption-attachment-29\" style=\"width: 300px\" class=\"wp-caption aligncenter\"><img loading=\"lazy\" decoding=\"async\" class=\"wp-image-29 size-medium\" src=\"http:\/\/grupo.us.es\/naturib\/wp-content\/uploads\/2014\/11\/scada-300x168.jpg\" alt=\"scada\" width=\"300\" height=\"168\" srcset=\"https:\/\/grupo.us.es\/naturib\/wp-content\/uploads\/2014\/11\/scada-300x168.jpg 300w, https:\/\/grupo.us.es\/naturib\/wp-content\/uploads\/2014\/11\/scada.jpg 888w\" sizes=\"auto, (max-width: 300px) 100vw, 300px\" \/><figcaption id=\"caption-attachment-29\" class=\"wp-caption-text\">Sistema SCADA para controlar el jard\u00edn vertical<\/figcaption><\/figure>\n","protected":false},"excerpt":{"rendered":"<p>La sede del grupo se encuentra en la Escuela T\u00e9cnica Superior de Ingenier\u00eda Agron\u00f3mica (ETSIA) que cuenta con diversos laboratorios, invernaderos, c\u00e1maras de cultivo y campos de ensayo. En ella, se encuentra el Laboratorio de Naturaci\u00f3n Urbana, espacio equipado con la instrumentaci\u00f3n adecuada para llevar a cabo distintos experimentos. Adem\u00e1s, en la ETSIA tenemos dos [&hellip;]<\/p>\n","protected":false},"author":1,"featured_media":0,"parent":0,"menu_order":0,"comment_status":"closed","ping_status":"open","template":"","meta":{"site-sidebar-layout":"default","site-content-layout":"","ast-site-content-layout":"default","site-content-style":"default","site-sidebar-style":"default","ast-global-header-display":"","ast-banner-title-visibility":"","ast-main-header-display":"","ast-hfb-above-header-display":"","ast-hfb-below-header-display":"","ast-hfb-mobile-header-display":"","site-post-title":"","ast-breadcrumbs-content":"","ast-featured-img":"","footer-sml-layout":"","ast-disable-related-posts":"","theme-transparent-header-meta":"","adv-header-id-meta":"","stick-header-meta":"","header-above-stick-meta":"","header-main-stick-meta":"","header-below-stick-meta":"","astra-migrate-meta-layouts":"default","ast-page-background-enabled":"default","ast-page-background-meta":{"desktop":{"background-color":"var(--ast-global-color-4)","background-image":"","background-repeat":"repeat","background-position":"center center","background-size":"auto","background-attachment":"scroll","background-type":"","background-media":"","overlay-type":"","overlay-color":"","overlay-opacity":"","overlay-gradient":""},"tablet":{"background-color":"","background-image":"","background-repeat":"repeat","background-position":"center center","background-size":"auto","background-attachment":"scroll","background-type":"","background-media":"","overlay-type":"","overlay-color":"","overlay-opacity":"","overlay-gradient":""},"mobile":{"background-color":"","background-image":"","background-repeat":"repeat","background-position":"center center","background-size":"auto","background-attachment":"scroll","background-type":"","background-media":"","overlay-type":"","overlay-color":"","overlay-opacity":"","overlay-gradient":""}},"ast-content-background-meta":{"desktop":{"background-color":"var(--ast-global-color-5)","background-image":"","background-repeat":"repeat","background-position":"center center","background-size":"auto","background-attachment":"scroll","background-type":"","background-media":"","overlay-type":"","overlay-color":"","overlay-opacity":"","overlay-gradient":""},"tablet":{"background-color":"var(--ast-global-color-5)","background-image":"","background-repeat":"repeat","background-position":"center center","background-size":"auto","background-attachment":"scroll","background-type":"","background-media":"","overlay-type":"","overlay-color":"","overlay-opacity":"","overlay-gradient":""},"mobile":{"background-color":"var(--ast-global-color-5)","background-image":"","background-repeat":"repeat","background-position":"center center","background-size":"auto","background-attachment":"scroll","background-type":"","background-media":"","overlay-type":"","overlay-color":"","overlay-opacity":"","overlay-gradient":""}},"footnotes":""},"class_list":["post-28","page","type-page","status-publish","hentry"],"yoast_head":"<!-- This site is optimized with the Yoast SEO plugin v27.5 - https:\/\/yoast.com\/product\/yoast-seo-wordpress\/ -->\n<title>Instalaciones y equipamientoFacilities and equipment - NATURIB<\/title>\n<meta name=\"robots\" content=\"index, follow, max-snippet:-1, max-image-preview:large, max-video-preview:-1\" \/>\n<link rel=\"canonical\" href=\"https:\/\/grupo.us.es\/naturib\/quienes-somos-instalaciones-y-equipamiento\/\" \/>\n<meta property=\"og:locale\" content=\"es_ES\" \/>\n<meta property=\"og:type\" content=\"article\" \/>\n<meta property=\"og:title\" content=\"Instalaciones y equipamientoFacilities and equipment - NATURIB\" \/>\n<meta property=\"og:description\" content=\"La sede del grupo se encuentra en la Escuela T\u00e9cnica Superior de Ingenier\u00eda Agron\u00f3mica (ETSIA) que cuenta con diversos laboratorios, invernaderos, c\u00e1maras de cultivo y campos de ensayo. En ella, se encuentra el Laboratorio de Naturaci\u00f3n Urbana, espacio equipado con la instrumentaci\u00f3n adecuada para llevar a cabo distintos experimentos. Adem\u00e1s, en la ETSIA tenemos dos [&hellip;]\" \/>\n<meta property=\"og:url\" content=\"https:\/\/grupo.us.es\/naturib\/quienes-somos-instalaciones-y-equipamiento\/\" \/>\n<meta property=\"og:site_name\" content=\"NATURIB\" \/>\n<meta property=\"article:modified_time\" content=\"2015-01-22T11:49:47+00:00\" \/>\n<meta property=\"og:image\" content=\"http:\/\/grupo.us.es\/naturib\/wp-content\/uploads\/2014\/11\/JVP2.jpg\" \/>\n<meta name=\"twitter:label1\" content=\"Tiempo de lectura\" \/>\n\t<meta name=\"twitter:data1\" content=\"2 minutes\" \/>\n<script type=\"application\/ld+json\" class=\"yoast-schema-graph\">{\"@context\":\"https:\\\/\\\/schema.org\",\"@graph\":[{\"@type\":\"WebPage\",\"@id\":\"https:\\\/\\\/grupo.us.es\\\/naturib\\\/quienes-somos-instalaciones-y-equipamiento\\\/\",\"url\":\"https:\\\/\\\/grupo.us.es\\\/naturib\\\/quienes-somos-instalaciones-y-equipamiento\\\/\",\"name\":\"Instalaciones y equipamientoFacilities and equipment - NATURIB\",\"isPartOf\":{\"@id\":\"https:\\\/\\\/grupo.us.es\\\/naturib\\\/#website\"},\"primaryImageOfPage\":{\"@id\":\"https:\\\/\\\/grupo.us.es\\\/naturib\\\/quienes-somos-instalaciones-y-equipamiento\\\/#primaryimage\"},\"image\":{\"@id\":\"https:\\\/\\\/grupo.us.es\\\/naturib\\\/quienes-somos-instalaciones-y-equipamiento\\\/#primaryimage\"},\"thumbnailUrl\":\"http:\\\/\\\/grupo.us.es\\\/naturib\\\/wp-content\\\/uploads\\\/2014\\\/11\\\/JVP2.jpg\",\"datePublished\":\"2014-11-06T16:53:51+00:00\",\"dateModified\":\"2015-01-22T11:49:47+00:00\",\"breadcrumb\":{\"@id\":\"https:\\\/\\\/grupo.us.es\\\/naturib\\\/quienes-somos-instalaciones-y-equipamiento\\\/#breadcrumb\"},\"inLanguage\":\"es-ES\",\"potentialAction\":[{\"@type\":\"ReadAction\",\"target\":[\"https:\\\/\\\/grupo.us.es\\\/naturib\\\/quienes-somos-instalaciones-y-equipamiento\\\/\"]}]},{\"@type\":\"ImageObject\",\"inLanguage\":\"es-ES\",\"@id\":\"https:\\\/\\\/grupo.us.es\\\/naturib\\\/quienes-somos-instalaciones-y-equipamiento\\\/#primaryimage\",\"url\":\"https:\\\/\\\/grupo.us.es\\\/naturib\\\/wp-content\\\/uploads\\\/2014\\\/11\\\/JVP2.jpg\",\"contentUrl\":\"https:\\\/\\\/grupo.us.es\\\/naturib\\\/wp-content\\\/uploads\\\/2014\\\/11\\\/JVP2.jpg\",\"width\":419,\"height\":280},{\"@type\":\"BreadcrumbList\",\"@id\":\"https:\\\/\\\/grupo.us.es\\\/naturib\\\/quienes-somos-instalaciones-y-equipamiento\\\/#breadcrumb\",\"itemListElement\":[{\"@type\":\"ListItem\",\"position\":1,\"name\":\"Home\",\"item\":\"https:\\\/\\\/grupo.us.es\\\/naturib\\\/\"},{\"@type\":\"ListItem\",\"position\":2,\"name\":\"Instalaciones y equipamiento\"}]},{\"@type\":\"WebSite\",\"@id\":\"https:\\\/\\\/grupo.us.es\\\/naturib\\\/#website\",\"url\":\"https:\\\/\\\/grupo.us.es\\\/naturib\\\/\",\"name\":\"NATURIB\",\"description\":\"Grupo de Investigaci\u00f3n de Naturaci\u00f3n Urbana e Ingenier\u00eda de Biosistemas\",\"publisher\":{\"@id\":\"https:\\\/\\\/grupo.us.es\\\/naturib\\\/#organization\"},\"potentialAction\":[{\"@type\":\"SearchAction\",\"target\":{\"@type\":\"EntryPoint\",\"urlTemplate\":\"https:\\\/\\\/grupo.us.es\\\/naturib\\\/?s={search_term_string}\"},\"query-input\":{\"@type\":\"PropertyValueSpecification\",\"valueRequired\":true,\"valueName\":\"search_term_string\"}}],\"inLanguage\":\"es-ES\"},{\"@type\":\"Organization\",\"@id\":\"https:\\\/\\\/grupo.us.es\\\/naturib\\\/#organization\",\"name\":\"NATURIB\",\"url\":\"https:\\\/\\\/grupo.us.es\\\/naturib\\\/\",\"logo\":{\"@type\":\"ImageObject\",\"inLanguage\":\"es-ES\",\"@id\":\"https:\\\/\\\/grupo.us.es\\\/naturib\\\/#\\\/schema\\\/logo\\\/image\\\/\",\"url\":\"https:\\\/\\\/grupo.us.es\\\/naturib\\\/wp-content\\\/uploads\\\/2022\\\/09\\\/logo-web-transparente.png\",\"contentUrl\":\"https:\\\/\\\/grupo.us.es\\\/naturib\\\/wp-content\\\/uploads\\\/2022\\\/09\\\/logo-web-transparente.png\",\"width\":249,\"height\":250,\"caption\":\"NATURIB\"},\"image\":{\"@id\":\"https:\\\/\\\/grupo.us.es\\\/naturib\\\/#\\\/schema\\\/logo\\\/image\\\/\"}}]}<\/script>\n<!-- \/ Yoast SEO plugin. -->","yoast_head_json":{"title":"Instalaciones y equipamientoFacilities and equipment - NATURIB","robots":{"index":"index","follow":"follow","max-snippet":"max-snippet:-1","max-image-preview":"max-image-preview:large","max-video-preview":"max-video-preview:-1"},"canonical":"https:\/\/grupo.us.es\/naturib\/quienes-somos-instalaciones-y-equipamiento\/","og_locale":"es_ES","og_type":"article","og_title":"Instalaciones y equipamientoFacilities and equipment - NATURIB","og_description":"La sede del grupo se encuentra en la Escuela T\u00e9cnica Superior de Ingenier\u00eda Agron\u00f3mica (ETSIA) que cuenta con diversos laboratorios, invernaderos, c\u00e1maras de cultivo y campos de ensayo. En ella, se encuentra el Laboratorio de Naturaci\u00f3n Urbana, espacio equipado con la instrumentaci\u00f3n adecuada para llevar a cabo distintos experimentos. Adem\u00e1s, en la ETSIA tenemos dos [&hellip;]","og_url":"https:\/\/grupo.us.es\/naturib\/quienes-somos-instalaciones-y-equipamiento\/","og_site_name":"NATURIB","article_modified_time":"2015-01-22T11:49:47+00:00","og_image":[{"url":"http:\/\/grupo.us.es\/naturib\/wp-content\/uploads\/2014\/11\/JVP2.jpg","type":"","width":"","height":""}],"twitter_misc":{"Tiempo de lectura":"2 minutes"},"schema":{"@context":"https:\/\/schema.org","@graph":[{"@type":"WebPage","@id":"https:\/\/grupo.us.es\/naturib\/quienes-somos-instalaciones-y-equipamiento\/","url":"https:\/\/grupo.us.es\/naturib\/quienes-somos-instalaciones-y-equipamiento\/","name":"Instalaciones y equipamientoFacilities and equipment - NATURIB","isPartOf":{"@id":"https:\/\/grupo.us.es\/naturib\/#website"},"primaryImageOfPage":{"@id":"https:\/\/grupo.us.es\/naturib\/quienes-somos-instalaciones-y-equipamiento\/#primaryimage"},"image":{"@id":"https:\/\/grupo.us.es\/naturib\/quienes-somos-instalaciones-y-equipamiento\/#primaryimage"},"thumbnailUrl":"http:\/\/grupo.us.es\/naturib\/wp-content\/uploads\/2014\/11\/JVP2.jpg","datePublished":"2014-11-06T16:53:51+00:00","dateModified":"2015-01-22T11:49:47+00:00","breadcrumb":{"@id":"https:\/\/grupo.us.es\/naturib\/quienes-somos-instalaciones-y-equipamiento\/#breadcrumb"},"inLanguage":"es-ES","potentialAction":[{"@type":"ReadAction","target":["https:\/\/grupo.us.es\/naturib\/quienes-somos-instalaciones-y-equipamiento\/"]}]},{"@type":"ImageObject","inLanguage":"es-ES","@id":"https:\/\/grupo.us.es\/naturib\/quienes-somos-instalaciones-y-equipamiento\/#primaryimage","url":"https:\/\/grupo.us.es\/naturib\/wp-content\/uploads\/2014\/11\/JVP2.jpg","contentUrl":"https:\/\/grupo.us.es\/naturib\/wp-content\/uploads\/2014\/11\/JVP2.jpg","width":419,"height":280},{"@type":"BreadcrumbList","@id":"https:\/\/grupo.us.es\/naturib\/quienes-somos-instalaciones-y-equipamiento\/#breadcrumb","itemListElement":[{"@type":"ListItem","position":1,"name":"Home","item":"https:\/\/grupo.us.es\/naturib\/"},{"@type":"ListItem","position":2,"name":"Instalaciones y equipamiento"}]},{"@type":"WebSite","@id":"https:\/\/grupo.us.es\/naturib\/#website","url":"https:\/\/grupo.us.es\/naturib\/","name":"NATURIB","description":"Grupo de Investigaci\u00f3n de Naturaci\u00f3n Urbana e Ingenier\u00eda de Biosistemas","publisher":{"@id":"https:\/\/grupo.us.es\/naturib\/#organization"},"potentialAction":[{"@type":"SearchAction","target":{"@type":"EntryPoint","urlTemplate":"https:\/\/grupo.us.es\/naturib\/?s={search_term_string}"},"query-input":{"@type":"PropertyValueSpecification","valueRequired":true,"valueName":"search_term_string"}}],"inLanguage":"es-ES"},{"@type":"Organization","@id":"https:\/\/grupo.us.es\/naturib\/#organization","name":"NATURIB","url":"https:\/\/grupo.us.es\/naturib\/","logo":{"@type":"ImageObject","inLanguage":"es-ES","@id":"https:\/\/grupo.us.es\/naturib\/#\/schema\/logo\/image\/","url":"https:\/\/grupo.us.es\/naturib\/wp-content\/uploads\/2022\/09\/logo-web-transparente.png","contentUrl":"https:\/\/grupo.us.es\/naturib\/wp-content\/uploads\/2022\/09\/logo-web-transparente.png","width":249,"height":250,"caption":"NATURIB"},"image":{"@id":"https:\/\/grupo.us.es\/naturib\/#\/schema\/logo\/image\/"}}]}},"_links":{"self":[{"href":"https:\/\/grupo.us.es\/naturib\/wp-json\/wp\/v2\/pages\/28","targetHints":{"allow":["GET"]}}],"collection":[{"href":"https:\/\/grupo.us.es\/naturib\/wp-json\/wp\/v2\/pages"}],"about":[{"href":"https:\/\/grupo.us.es\/naturib\/wp-json\/wp\/v2\/types\/page"}],"author":[{"embeddable":true,"href":"https:\/\/grupo.us.es\/naturib\/wp-json\/wp\/v2\/users\/1"}],"replies":[{"embeddable":true,"href":"https:\/\/grupo.us.es\/naturib\/wp-json\/wp\/v2\/comments?post=28"}],"version-history":[{"count":3,"href":"https:\/\/grupo.us.es\/naturib\/wp-json\/wp\/v2\/pages\/28\/revisions"}],"predecessor-version":[{"id":110,"href":"https:\/\/grupo.us.es\/naturib\/wp-json\/wp\/v2\/pages\/28\/revisions\/110"}],"wp:attachment":[{"href":"https:\/\/grupo.us.es\/naturib\/wp-json\/wp\/v2\/media?parent=28"}],"curies":[{"name":"wp","href":"https:\/\/api.w.org\/{rel}","templated":true}]}}