{"id":25,"date":"2014-11-06T17:38:25","date_gmt":"2014-11-06T16:38:25","guid":{"rendered":"http:\/\/grupo.us.es\/naturib\/?page_id=25"},"modified":"2020-05-07T14:27:13","modified_gmt":"2020-05-07T13:27:13","slug":"quienes-somos","status":"publish","type":"page","link":"https:\/\/grupo.us.es\/naturib\/quienes-somos\/","title":{"rendered":"Qui\u00e9nes somos"},"content":{"rendered":"<p>El grupo de investigaci\u00f3n AGR-268 de Naturaci\u00f3n Urbana e Ingenier\u00eda de Biosistemas (Naturib) agrupa a una serie de investigadores ingenieros agr\u00f3nomos y profesores de la <a href=\"http:\/\/centro.us.es\/etsia\/\">Escuela T\u00e9cnica Superior de Ingenier\u00eda Agron\u00f3mica<\/a> de la <a href=\"https:\/\/investigacion.us.es\/sisius\/grupo\/AGR268\">Universidad de Sevilla<\/a> que abarcan un amplio rango de especialidades (jardiner\u00eda y paisajismo, riego y gesti\u00f3n del agua, edafolog\u00eda\u2026).<\/p>\n<p>Desde el grupo Naturib se trabaja en numerosos proyectos de investigaci\u00f3n y desarrollos tecnol\u00f3gicos fundamentalmente relacionados con la Naturaci\u00f3n Urbana. Este concepto agrupa a todas las iniciativas para integrar la naturaleza en las zonas urbanas, tanto de forma tradicional (zonas verdes, arbolado urbano\u2026), como m\u00e1s espec\u00edficamente nuevas tendencias en uso de vegetaci\u00f3n en edificaciones (techos verdes y jardines verticales). Dentro de los objetivos que Naturib pretende conseguir se pueden destacar la b\u00fasqueda de soluciones y optimizaci\u00f3n de sistemas que integren elementos vegetales en nuestras poblaciones. Por otro lado se intenta cuantificar los beneficios asociados con estas iniciativas de modo que se les d\u00e9 valor y se potencie su uso.<\/p>\n<p>Tambi\u00e9n se desarrollan otros proyectos y estudios en el \u00e1mbito de la Agronom\u00eda, asociados con el empleo de nuevas tecnolog\u00edas o la optimizaci\u00f3n de t\u00e9cnicas ya existentes.<\/p>\n<p>Los proyectos y estudios llevados a cabo se compendian en las siguientes grandes l\u00edneas de investigaci\u00f3n:<\/p>\n<ul>\n<li>Desarrollo y Evaluaci\u00f3n de Nuevos Sistemas de Naturaci\u00f3n Urbana<\/li>\n<li>Climatizaci\u00f3n y Eficiencia Energ\u00e9tica en Construcciones con Sistemas Naturados<\/li>\n<li>Optimizaci\u00f3n del Uso de Agua en Agricultura y Jardiner\u00eda<\/li>\n<li><a title=\"Acuapon\u00eda\" href=\"http:\/\/grupo.us.es\/naturib\/acuaponia\/\">Acuapon\u00eda<\/a><\/li>\n<\/ul>\n<p>Los miembros de Naturib participan en el programa de doctorado <a href=\"http:\/\/www.doctorado.us.es\/oferta-estudios-doctorado\/oferta-plan-2011\/ingenieria-agraria-alimentaria-forestal-y-del-desarrollo-rural-plan-2011\">Ingenier\u00eda Agraria, Alimentaria, Forestal y del Desarrollo Rural Sostenible<\/a> en cuyo marco se est\u00e1n dirigiendo varias tesis doctorales.<\/p>\n","protected":false},"excerpt":{"rendered":"<p>El grupo de investigaci\u00f3n AGR-268 de Naturaci\u00f3n Urbana e Ingenier\u00eda de Biosistemas (Naturib) agrupa a una serie de investigadores ingenieros agr\u00f3nomos y profesores de la Escuela T\u00e9cnica Superior de Ingenier\u00eda Agron\u00f3mica de la Universidad de Sevilla que abarcan un amplio rango de especialidades (jardiner\u00eda y paisajismo, riego y gesti\u00f3n del agua, edafolog\u00eda\u2026). Desde el grupo [&hellip;]<\/p>\n","protected":false},"author":1,"featured_media":0,"parent":0,"menu_order":0,"comment_status":"closed","ping_status":"open","template":"","meta":{"site-sidebar-layout":"default","site-content-layout":"","ast-site-content-layout":"default","site-content-style":"default","site-sidebar-style":"default","ast-global-header-display":"","ast-banner-title-visibility":"","ast-main-header-display":"","ast-hfb-above-header-display":"","ast-hfb-below-header-display":"","ast-hfb-mobile-header-display":"","site-post-title":"","ast-breadcrumbs-content":"","ast-featured-img":"","footer-sml-layout":"","ast-disable-related-posts":"","theme-transparent-header-meta":"","adv-header-id-meta":"","stick-header-meta":"","header-above-stick-meta":"","header-main-stick-meta":"","header-below-stick-meta":"","astra-migrate-meta-layouts":"default","ast-page-background-enabled":"default","ast-page-background-meta":{"desktop":{"background-color":"var(--ast-global-color-4)","background-image":"","background-repeat":"repeat","background-position":"center center","background-size":"auto","background-attachment":"scroll","background-type":"","background-media":"","overlay-type":"","overlay-color":"","overlay-opacity":"","overlay-gradient":""},"tablet":{"background-color":"","background-image":"","background-repeat":"repeat","background-position":"center center","background-size":"auto","background-attachment":"scroll","background-type":"","background-media":"","overlay-type":"","overlay-color":"","overlay-opacity":"","overlay-gradient":""},"mobile":{"background-color":"","background-image":"","background-repeat":"repeat","background-position":"center center","background-size":"auto","background-attachment":"scroll","background-type":"","background-media":"","overlay-type":"","overlay-color":"","overlay-opacity":"","overlay-gradient":""}},"ast-content-background-meta":{"desktop":{"background-color":"var(--ast-global-color-5)","background-image":"","background-repeat":"repeat","background-position":"center center","background-size":"auto","background-attachment":"scroll","background-type":"","background-media":"","overlay-type":"","overlay-color":"","overlay-opacity":"","overlay-gradient":""},"tablet":{"background-color":"var(--ast-global-color-5)","background-image":"","background-repeat":"repeat","background-position":"center center","background-size":"auto","background-attachment":"scroll","background-type":"","background-media":"","overlay-type":"","overlay-color":"","overlay-opacity":"","overlay-gradient":""},"mobile":{"background-color":"var(--ast-global-color-5)","background-image":"","background-repeat":"repeat","background-position":"center center","background-size":"auto","background-attachment":"scroll","background-type":"","background-media":"","overlay-type":"","overlay-color":"","overlay-opacity":"","overlay-gradient":""}},"footnotes":""},"class_list":["post-25","page","type-page","status-publish","hentry"],"yoast_head":"<!-- This site is optimized with the Yoast SEO plugin v27.4 - https:\/\/yoast.com\/product\/yoast-seo-wordpress\/ -->\n<title>Qui\u00e9nes somosWho we are - NATURIB<\/title>\n<meta name=\"robots\" content=\"index, follow, max-snippet:-1, max-image-preview:large, max-video-preview:-1\" \/>\n<link rel=\"canonical\" href=\"https:\/\/grupo.us.es\/naturib\/quienes-somos\/\" \/>\n<meta property=\"og:locale\" content=\"es_ES\" \/>\n<meta property=\"og:type\" content=\"article\" \/>\n<meta property=\"og:title\" content=\"Qui\u00e9nes somosWho we are - NATURIB\" \/>\n<meta property=\"og:description\" content=\"El grupo de investigaci\u00f3n AGR-268 de Naturaci\u00f3n Urbana e Ingenier\u00eda de Biosistemas (Naturib) agrupa a una serie de investigadores ingenieros agr\u00f3nomos y profesores de la Escuela T\u00e9cnica Superior de Ingenier\u00eda Agron\u00f3mica de la Universidad de Sevilla que abarcan un amplio rango de especialidades (jardiner\u00eda y paisajismo, riego y gesti\u00f3n del agua, edafolog\u00eda\u2026). Desde el grupo [&hellip;]\" \/>\n<meta property=\"og:url\" content=\"https:\/\/grupo.us.es\/naturib\/quienes-somos\/\" \/>\n<meta property=\"og:site_name\" content=\"NATURIB\" \/>\n<meta property=\"article:modified_time\" content=\"2020-05-07T13:27:13+00:00\" \/>\n<meta name=\"twitter:label1\" content=\"Tiempo de lectura\" \/>\n\t<meta name=\"twitter:data1\" content=\"3 minutes\" \/>\n<script type=\"application\/ld+json\" class=\"yoast-schema-graph\">{\"@context\":\"https:\\\/\\\/schema.org\",\"@graph\":[{\"@type\":\"WebPage\",\"@id\":\"https:\\\/\\\/grupo.us.es\\\/naturib\\\/quienes-somos\\\/\",\"url\":\"https:\\\/\\\/grupo.us.es\\\/naturib\\\/quienes-somos\\\/\",\"name\":\"Qui\u00e9nes somosWho we are - NATURIB\",\"isPartOf\":{\"@id\":\"https:\\\/\\\/grupo.us.es\\\/naturib\\\/#website\"},\"datePublished\":\"2014-11-06T16:38:25+00:00\",\"dateModified\":\"2020-05-07T13:27:13+00:00\",\"breadcrumb\":{\"@id\":\"https:\\\/\\\/grupo.us.es\\\/naturib\\\/quienes-somos\\\/#breadcrumb\"},\"inLanguage\":\"es-ES\",\"potentialAction\":[{\"@type\":\"ReadAction\",\"target\":[\"https:\\\/\\\/grupo.us.es\\\/naturib\\\/quienes-somos\\\/\"]}]},{\"@type\":\"BreadcrumbList\",\"@id\":\"https:\\\/\\\/grupo.us.es\\\/naturib\\\/quienes-somos\\\/#breadcrumb\",\"itemListElement\":[{\"@type\":\"ListItem\",\"position\":1,\"name\":\"Home\",\"item\":\"https:\\\/\\\/grupo.us.es\\\/naturib\\\/\"},{\"@type\":\"ListItem\",\"position\":2,\"name\":\"Qui\u00e9nes somos\"}]},{\"@type\":\"WebSite\",\"@id\":\"https:\\\/\\\/grupo.us.es\\\/naturib\\\/#website\",\"url\":\"https:\\\/\\\/grupo.us.es\\\/naturib\\\/\",\"name\":\"NATURIB\",\"description\":\"Grupo de Investigaci\u00f3n de Naturaci\u00f3n Urbana e Ingenier\u00eda de Biosistemas\",\"publisher\":{\"@id\":\"https:\\\/\\\/grupo.us.es\\\/naturib\\\/#organization\"},\"potentialAction\":[{\"@type\":\"SearchAction\",\"target\":{\"@type\":\"EntryPoint\",\"urlTemplate\":\"https:\\\/\\\/grupo.us.es\\\/naturib\\\/?s={search_term_string}\"},\"query-input\":{\"@type\":\"PropertyValueSpecification\",\"valueRequired\":true,\"valueName\":\"search_term_string\"}}],\"inLanguage\":\"es-ES\"},{\"@type\":\"Organization\",\"@id\":\"https:\\\/\\\/grupo.us.es\\\/naturib\\\/#organization\",\"name\":\"NATURIB\",\"url\":\"https:\\\/\\\/grupo.us.es\\\/naturib\\\/\",\"logo\":{\"@type\":\"ImageObject\",\"inLanguage\":\"es-ES\",\"@id\":\"https:\\\/\\\/grupo.us.es\\\/naturib\\\/#\\\/schema\\\/logo\\\/image\\\/\",\"url\":\"https:\\\/\\\/grupo.us.es\\\/naturib\\\/wp-content\\\/uploads\\\/2022\\\/09\\\/logo-web-transparente.png\",\"contentUrl\":\"https:\\\/\\\/grupo.us.es\\\/naturib\\\/wp-content\\\/uploads\\\/2022\\\/09\\\/logo-web-transparente.png\",\"width\":249,\"height\":250,\"caption\":\"NATURIB\"},\"image\":{\"@id\":\"https:\\\/\\\/grupo.us.es\\\/naturib\\\/#\\\/schema\\\/logo\\\/image\\\/\"}}]}<\/script>\n<!-- \/ Yoast SEO plugin. -->","yoast_head_json":{"title":"Qui\u00e9nes somosWho we are - NATURIB","robots":{"index":"index","follow":"follow","max-snippet":"max-snippet:-1","max-image-preview":"max-image-preview:large","max-video-preview":"max-video-preview:-1"},"canonical":"https:\/\/grupo.us.es\/naturib\/quienes-somos\/","og_locale":"es_ES","og_type":"article","og_title":"Qui\u00e9nes somosWho we are - NATURIB","og_description":"El grupo de investigaci\u00f3n AGR-268 de Naturaci\u00f3n Urbana e Ingenier\u00eda de Biosistemas (Naturib) agrupa a una serie de investigadores ingenieros agr\u00f3nomos y profesores de la Escuela T\u00e9cnica Superior de Ingenier\u00eda Agron\u00f3mica de la Universidad de Sevilla que abarcan un amplio rango de especialidades (jardiner\u00eda y paisajismo, riego y gesti\u00f3n del agua, edafolog\u00eda\u2026). Desde el grupo [&hellip;]","og_url":"https:\/\/grupo.us.es\/naturib\/quienes-somos\/","og_site_name":"NATURIB","article_modified_time":"2020-05-07T13:27:13+00:00","twitter_misc":{"Tiempo de lectura":"3 minutes"},"schema":{"@context":"https:\/\/schema.org","@graph":[{"@type":"WebPage","@id":"https:\/\/grupo.us.es\/naturib\/quienes-somos\/","url":"https:\/\/grupo.us.es\/naturib\/quienes-somos\/","name":"Qui\u00e9nes somosWho we are - NATURIB","isPartOf":{"@id":"https:\/\/grupo.us.es\/naturib\/#website"},"datePublished":"2014-11-06T16:38:25+00:00","dateModified":"2020-05-07T13:27:13+00:00","breadcrumb":{"@id":"https:\/\/grupo.us.es\/naturib\/quienes-somos\/#breadcrumb"},"inLanguage":"es-ES","potentialAction":[{"@type":"ReadAction","target":["https:\/\/grupo.us.es\/naturib\/quienes-somos\/"]}]},{"@type":"BreadcrumbList","@id":"https:\/\/grupo.us.es\/naturib\/quienes-somos\/#breadcrumb","itemListElement":[{"@type":"ListItem","position":1,"name":"Home","item":"https:\/\/grupo.us.es\/naturib\/"},{"@type":"ListItem","position":2,"name":"Qui\u00e9nes somos"}]},{"@type":"WebSite","@id":"https:\/\/grupo.us.es\/naturib\/#website","url":"https:\/\/grupo.us.es\/naturib\/","name":"NATURIB","description":"Grupo de Investigaci\u00f3n de Naturaci\u00f3n Urbana e Ingenier\u00eda de Biosistemas","publisher":{"@id":"https:\/\/grupo.us.es\/naturib\/#organization"},"potentialAction":[{"@type":"SearchAction","target":{"@type":"EntryPoint","urlTemplate":"https:\/\/grupo.us.es\/naturib\/?s={search_term_string}"},"query-input":{"@type":"PropertyValueSpecification","valueRequired":true,"valueName":"search_term_string"}}],"inLanguage":"es-ES"},{"@type":"Organization","@id":"https:\/\/grupo.us.es\/naturib\/#organization","name":"NATURIB","url":"https:\/\/grupo.us.es\/naturib\/","logo":{"@type":"ImageObject","inLanguage":"es-ES","@id":"https:\/\/grupo.us.es\/naturib\/#\/schema\/logo\/image\/","url":"https:\/\/grupo.us.es\/naturib\/wp-content\/uploads\/2022\/09\/logo-web-transparente.png","contentUrl":"https:\/\/grupo.us.es\/naturib\/wp-content\/uploads\/2022\/09\/logo-web-transparente.png","width":249,"height":250,"caption":"NATURIB"},"image":{"@id":"https:\/\/grupo.us.es\/naturib\/#\/schema\/logo\/image\/"}}]}},"_links":{"self":[{"href":"https:\/\/grupo.us.es\/naturib\/wp-json\/wp\/v2\/pages\/25","targetHints":{"allow":["GET"]}}],"collection":[{"href":"https:\/\/grupo.us.es\/naturib\/wp-json\/wp\/v2\/pages"}],"about":[{"href":"https:\/\/grupo.us.es\/naturib\/wp-json\/wp\/v2\/types\/page"}],"author":[{"embeddable":true,"href":"https:\/\/grupo.us.es\/naturib\/wp-json\/wp\/v2\/users\/1"}],"replies":[{"embeddable":true,"href":"https:\/\/grupo.us.es\/naturib\/wp-json\/wp\/v2\/comments?post=25"}],"version-history":[{"count":6,"href":"https:\/\/grupo.us.es\/naturib\/wp-json\/wp\/v2\/pages\/25\/revisions"}],"predecessor-version":[{"id":234,"href":"https:\/\/grupo.us.es\/naturib\/wp-json\/wp\/v2\/pages\/25\/revisions\/234"}],"wp:attachment":[{"href":"https:\/\/grupo.us.es\/naturib\/wp-json\/wp\/v2\/media?parent=25"}],"curies":[{"name":"wp","href":"https:\/\/api.w.org\/{rel}","templated":true}]}}