{"id":231,"date":"2020-05-07T14:18:25","date_gmt":"2020-05-07T13:18:25","guid":{"rendered":"http:\/\/grupo.us.es\/naturib\/?page_id=231"},"modified":"2022-09-09T09:37:51","modified_gmt":"2022-09-09T08:37:51","slug":"acuaponia","status":"publish","type":"page","link":"https:\/\/grupo.us.es\/naturib\/acuaponia\/","title":{"rendered":"Acuapon\u00eda"},"content":{"rendered":"<p>La acuapon\u00eda es una t\u00e9cnica productiva que combina la producci\u00f3n de organismos acu\u00e1ticos (<strong>acu<\/strong>icultura) con la producci\u00f3n hort\u00edcola en cultivos sin suelo (hidro<strong>pon\u00eda<\/strong>), de manera que los desechos metab\u00f3licos del primer sistema, una vez transformados por una comunidad de bacterias asociadas, son utilizados como fertilizantes en el segundo. Esta sinergia productiva permite ahorros importantes de agua y fertilizantes, as\u00ed como ventajas sustanciales para el medio ambiente al no necesitar de elevados inputs ni propiciar vertidos potencialmente contaminantes. Podr\u00eda decirse que este sistema se acerca al paradigma de la econom\u00eda circular, al promover la reutilizaci\u00f3n de nutrientes, agua, etc. entre los distintos componentes del sistema, minimizando el uso de recursos externos.<\/p>\n<p>En un sistema acuap\u00f3nico las plantas utilizan los desechos metab\u00f3licos de los peces y del pienso no consumido, transformados por una comunidad bacteriana en nutrientes f\u00e1cilmente asimilables por \u00e9stas (nitratos, fosfatos), para crecer. Con la extracci\u00f3n realizada por su sistema radicular, depuran el agua del exceso de nitratos y fosfatos, manteniendo unos niveles adecuados para el desarrollo de los peces y reduciendo el consumo de agua y la potencial degradaci\u00f3n del medio ambiente.<\/p>\n<p>La presencia en el mismo medio de tres poblaciones biol\u00f3gicas (plantas, peces y microorganismos responsables de la mineralizaci\u00f3n) con requerimientos diferentes y m\u00faltiples interrelaciones entre ellas imposibilita el uso de pesticidas, antibi\u00f3ticos y otras sustancias que podr\u00edan tener efectos negativos sobre la salud de los consumidores o sobre el medio ambiente, por lo que se circunscribe habitualmente en el marco de las producciones sostenibles y saludables. Este sistema reproduce el ciclo de la mineralizaci\u00f3n de la materia org\u00e1nica en la naturaleza en condiciones controladas, produciendo adem\u00e1s alimento para los seres humanos en forma de peces y de plantas. Por este motivo, la acuapon\u00eda se presenta como una alternativa interesante para la implementaci\u00f3n de sistemas productivos basados en la econom\u00eda circular (reducir, reusar, reutilizar), frente a los cl\u00e1sicos basados en la econom\u00eda lineal (extracci\u00f3n, fabricaci\u00f3n, utilizaci\u00f3n, eliminaci\u00f3n). Con este nuevo sistema se consiguen evitar algunos de los problemas asociados a la acuicultura convencional (potencial contaminaci\u00f3n de acu\u00edferos con los efluentes, sobreexplotaci\u00f3n de la pesca extractiva para fabricar piensos para peces, gasto de agua, etc.) y de la agricultura (limitaci\u00f3n de fertilizantes como el f\u00f3sforo, gasto de agua, uso excesivo de pesticidas y de combustibles f\u00f3siles, etc.).<\/p>\n<p>Todas estas ventajas de los sistemas acuap\u00f3nicos permiten la obtenci\u00f3n de hortalizas y peces muy saludables y de alta calidad, que en muchos pa\u00edses son certificados ya como producci\u00f3n sostenible y ecol\u00f3gica. Los sistemas acuap\u00f3nicos se est\u00e1n convirtiendo tambi\u00e9n en un medio con gran potencial para contribuir al autoconsumo familiar y a la soberan\u00eda alimentaria, vehiculado a trav\u00e9s de sistemas de peque\u00f1a escala y bajo coste.<\/p>\n<h2><\/h2>\n","protected":false},"excerpt":{"rendered":"<p>La acuapon\u00eda es una t\u00e9cnica productiva que combina la producci\u00f3n de organismos acu\u00e1ticos (acuicultura) con la producci\u00f3n hort\u00edcola en cultivos sin suelo (hidropon\u00eda), de manera que los desechos metab\u00f3licos del primer sistema, una vez transformados por una comunidad de bacterias asociadas, son utilizados como fertilizantes en el segundo. Esta sinergia productiva permite ahorros importantes de [&hellip;]<\/p>\n","protected":false},"author":1,"featured_media":0,"parent":0,"menu_order":0,"comment_status":"closed","ping_status":"open","template":"","meta":{"site-sidebar-layout":"default","site-content-layout":"","ast-site-content-layout":"default","site-content-style":"default","site-sidebar-style":"default","ast-global-header-display":"","ast-banner-title-visibility":"","ast-main-header-display":"","ast-hfb-above-header-display":"","ast-hfb-below-header-display":"","ast-hfb-mobile-header-display":"","site-post-title":"","ast-breadcrumbs-content":"","ast-featured-img":"","footer-sml-layout":"","ast-disable-related-posts":"","theme-transparent-header-meta":"","adv-header-id-meta":"","stick-header-meta":"","header-above-stick-meta":"","header-main-stick-meta":"","header-below-stick-meta":"","astra-migrate-meta-layouts":"default","ast-page-background-enabled":"default","ast-page-background-meta":{"desktop":{"background-color":"var(--ast-global-color-4)","background-image":"","background-repeat":"repeat","background-position":"center center","background-size":"auto","background-attachment":"scroll","background-type":"","background-media":"","overlay-type":"","overlay-color":"","overlay-opacity":"","overlay-gradient":""},"tablet":{"background-color":"","background-image":"","background-repeat":"repeat","background-position":"center center","background-size":"auto","background-attachment":"scroll","background-type":"","background-media":"","overlay-type":"","overlay-color":"","overlay-opacity":"","overlay-gradient":""},"mobile":{"background-color":"","background-image":"","background-repeat":"repeat","background-position":"center center","background-size":"auto","background-attachment":"scroll","background-type":"","background-media":"","overlay-type":"","overlay-color":"","overlay-opacity":"","overlay-gradient":""}},"ast-content-background-meta":{"desktop":{"background-color":"var(--ast-global-color-5)","background-image":"","background-repeat":"repeat","background-position":"center center","background-size":"auto","background-attachment":"scroll","background-type":"","background-media":"","overlay-type":"","overlay-color":"","overlay-opacity":"","overlay-gradient":""},"tablet":{"background-color":"var(--ast-global-color-5)","background-image":"","background-repeat":"repeat","background-position":"center center","background-size":"auto","background-attachment":"scroll","background-type":"","background-media":"","overlay-type":"","overlay-color":"","overlay-opacity":"","overlay-gradient":""},"mobile":{"background-color":"var(--ast-global-color-5)","background-image":"","background-repeat":"repeat","background-position":"center center","background-size":"auto","background-attachment":"scroll","background-type":"","background-media":"","overlay-type":"","overlay-color":"","overlay-opacity":"","overlay-gradient":""}},"footnotes":""},"class_list":["post-231","page","type-page","status-publish","hentry"],"yoast_head":"<!-- This site is optimized with the Yoast SEO plugin v27.4 - https:\/\/yoast.com\/product\/yoast-seo-wordpress\/ -->\n<title>Acuapon\u00edaAquaponics - NATURIB<\/title>\n<meta name=\"robots\" content=\"index, follow, max-snippet:-1, max-image-preview:large, max-video-preview:-1\" \/>\n<link rel=\"canonical\" href=\"https:\/\/grupo.us.es\/naturib\/acuaponia\/\" \/>\n<meta property=\"og:locale\" content=\"es_ES\" \/>\n<meta property=\"og:type\" content=\"article\" \/>\n<meta property=\"og:title\" content=\"Acuapon\u00edaAquaponics - NATURIB\" \/>\n<meta property=\"og:description\" content=\"La acuapon\u00eda es una t\u00e9cnica productiva que combina la producci\u00f3n de organismos acu\u00e1ticos (acuicultura) con la producci\u00f3n hort\u00edcola en cultivos sin suelo (hidropon\u00eda), de manera que los desechos metab\u00f3licos del primer sistema, una vez transformados por una comunidad de bacterias asociadas, son utilizados como fertilizantes en el segundo. Esta sinergia productiva permite ahorros importantes de [&hellip;]\" \/>\n<meta property=\"og:url\" content=\"https:\/\/grupo.us.es\/naturib\/acuaponia\/\" \/>\n<meta property=\"og:site_name\" content=\"NATURIB\" \/>\n<meta property=\"article:modified_time\" content=\"2022-09-09T08:37:51+00:00\" \/>\n<meta name=\"twitter:label1\" content=\"Tiempo de lectura\" \/>\n\t<meta name=\"twitter:data1\" content=\"4 minutes\" \/>\n<script type=\"application\/ld+json\" class=\"yoast-schema-graph\">{\"@context\":\"https:\\\/\\\/schema.org\",\"@graph\":[{\"@type\":\"WebPage\",\"@id\":\"https:\\\/\\\/grupo.us.es\\\/naturib\\\/acuaponia\\\/\",\"url\":\"https:\\\/\\\/grupo.us.es\\\/naturib\\\/acuaponia\\\/\",\"name\":\"Acuapon\u00edaAquaponics - NATURIB\",\"isPartOf\":{\"@id\":\"https:\\\/\\\/grupo.us.es\\\/naturib\\\/#website\"},\"datePublished\":\"2020-05-07T13:18:25+00:00\",\"dateModified\":\"2022-09-09T08:37:51+00:00\",\"breadcrumb\":{\"@id\":\"https:\\\/\\\/grupo.us.es\\\/naturib\\\/acuaponia\\\/#breadcrumb\"},\"inLanguage\":\"es-ES\",\"potentialAction\":[{\"@type\":\"ReadAction\",\"target\":[\"https:\\\/\\\/grupo.us.es\\\/naturib\\\/acuaponia\\\/\"]}]},{\"@type\":\"BreadcrumbList\",\"@id\":\"https:\\\/\\\/grupo.us.es\\\/naturib\\\/acuaponia\\\/#breadcrumb\",\"itemListElement\":[{\"@type\":\"ListItem\",\"position\":1,\"name\":\"Home\",\"item\":\"https:\\\/\\\/grupo.us.es\\\/naturib\\\/\"},{\"@type\":\"ListItem\",\"position\":2,\"name\":\"Aquaponics\"}]},{\"@type\":\"WebSite\",\"@id\":\"https:\\\/\\\/grupo.us.es\\\/naturib\\\/#website\",\"url\":\"https:\\\/\\\/grupo.us.es\\\/naturib\\\/\",\"name\":\"NATURIB\",\"description\":\"Grupo de Investigaci\u00f3n de Naturaci\u00f3n Urbana e Ingenier\u00eda de Biosistemas\",\"publisher\":{\"@id\":\"https:\\\/\\\/grupo.us.es\\\/naturib\\\/#organization\"},\"potentialAction\":[{\"@type\":\"SearchAction\",\"target\":{\"@type\":\"EntryPoint\",\"urlTemplate\":\"https:\\\/\\\/grupo.us.es\\\/naturib\\\/?s={search_term_string}\"},\"query-input\":{\"@type\":\"PropertyValueSpecification\",\"valueRequired\":true,\"valueName\":\"search_term_string\"}}],\"inLanguage\":\"es-ES\"},{\"@type\":\"Organization\",\"@id\":\"https:\\\/\\\/grupo.us.es\\\/naturib\\\/#organization\",\"name\":\"NATURIB\",\"url\":\"https:\\\/\\\/grupo.us.es\\\/naturib\\\/\",\"logo\":{\"@type\":\"ImageObject\",\"inLanguage\":\"es-ES\",\"@id\":\"https:\\\/\\\/grupo.us.es\\\/naturib\\\/#\\\/schema\\\/logo\\\/image\\\/\",\"url\":\"https:\\\/\\\/grupo.us.es\\\/naturib\\\/wp-content\\\/uploads\\\/2022\\\/09\\\/logo-web-transparente.png\",\"contentUrl\":\"https:\\\/\\\/grupo.us.es\\\/naturib\\\/wp-content\\\/uploads\\\/2022\\\/09\\\/logo-web-transparente.png\",\"width\":249,\"height\":250,\"caption\":\"NATURIB\"},\"image\":{\"@id\":\"https:\\\/\\\/grupo.us.es\\\/naturib\\\/#\\\/schema\\\/logo\\\/image\\\/\"}}]}<\/script>\n<!-- \/ Yoast SEO plugin. -->","yoast_head_json":{"title":"Acuapon\u00edaAquaponics - NATURIB","robots":{"index":"index","follow":"follow","max-snippet":"max-snippet:-1","max-image-preview":"max-image-preview:large","max-video-preview":"max-video-preview:-1"},"canonical":"https:\/\/grupo.us.es\/naturib\/acuaponia\/","og_locale":"es_ES","og_type":"article","og_title":"Acuapon\u00edaAquaponics - NATURIB","og_description":"La acuapon\u00eda es una t\u00e9cnica productiva que combina la producci\u00f3n de organismos acu\u00e1ticos (acuicultura) con la producci\u00f3n hort\u00edcola en cultivos sin suelo (hidropon\u00eda), de manera que los desechos metab\u00f3licos del primer sistema, una vez transformados por una comunidad de bacterias asociadas, son utilizados como fertilizantes en el segundo. Esta sinergia productiva permite ahorros importantes de [&hellip;]","og_url":"https:\/\/grupo.us.es\/naturib\/acuaponia\/","og_site_name":"NATURIB","article_modified_time":"2022-09-09T08:37:51+00:00","twitter_misc":{"Tiempo de lectura":"4 minutes"},"schema":{"@context":"https:\/\/schema.org","@graph":[{"@type":"WebPage","@id":"https:\/\/grupo.us.es\/naturib\/acuaponia\/","url":"https:\/\/grupo.us.es\/naturib\/acuaponia\/","name":"Acuapon\u00edaAquaponics - NATURIB","isPartOf":{"@id":"https:\/\/grupo.us.es\/naturib\/#website"},"datePublished":"2020-05-07T13:18:25+00:00","dateModified":"2022-09-09T08:37:51+00:00","breadcrumb":{"@id":"https:\/\/grupo.us.es\/naturib\/acuaponia\/#breadcrumb"},"inLanguage":"es-ES","potentialAction":[{"@type":"ReadAction","target":["https:\/\/grupo.us.es\/naturib\/acuaponia\/"]}]},{"@type":"BreadcrumbList","@id":"https:\/\/grupo.us.es\/naturib\/acuaponia\/#breadcrumb","itemListElement":[{"@type":"ListItem","position":1,"name":"Home","item":"https:\/\/grupo.us.es\/naturib\/"},{"@type":"ListItem","position":2,"name":"Aquaponics"}]},{"@type":"WebSite","@id":"https:\/\/grupo.us.es\/naturib\/#website","url":"https:\/\/grupo.us.es\/naturib\/","name":"NATURIB","description":"Grupo de Investigaci\u00f3n de Naturaci\u00f3n Urbana e Ingenier\u00eda de Biosistemas","publisher":{"@id":"https:\/\/grupo.us.es\/naturib\/#organization"},"potentialAction":[{"@type":"SearchAction","target":{"@type":"EntryPoint","urlTemplate":"https:\/\/grupo.us.es\/naturib\/?s={search_term_string}"},"query-input":{"@type":"PropertyValueSpecification","valueRequired":true,"valueName":"search_term_string"}}],"inLanguage":"es-ES"},{"@type":"Organization","@id":"https:\/\/grupo.us.es\/naturib\/#organization","name":"NATURIB","url":"https:\/\/grupo.us.es\/naturib\/","logo":{"@type":"ImageObject","inLanguage":"es-ES","@id":"https:\/\/grupo.us.es\/naturib\/#\/schema\/logo\/image\/","url":"https:\/\/grupo.us.es\/naturib\/wp-content\/uploads\/2022\/09\/logo-web-transparente.png","contentUrl":"https:\/\/grupo.us.es\/naturib\/wp-content\/uploads\/2022\/09\/logo-web-transparente.png","width":249,"height":250,"caption":"NATURIB"},"image":{"@id":"https:\/\/grupo.us.es\/naturib\/#\/schema\/logo\/image\/"}}]}},"_links":{"self":[{"href":"https:\/\/grupo.us.es\/naturib\/wp-json\/wp\/v2\/pages\/231","targetHints":{"allow":["GET"]}}],"collection":[{"href":"https:\/\/grupo.us.es\/naturib\/wp-json\/wp\/v2\/pages"}],"about":[{"href":"https:\/\/grupo.us.es\/naturib\/wp-json\/wp\/v2\/types\/page"}],"author":[{"embeddable":true,"href":"https:\/\/grupo.us.es\/naturib\/wp-json\/wp\/v2\/users\/1"}],"replies":[{"embeddable":true,"href":"https:\/\/grupo.us.es\/naturib\/wp-json\/wp\/v2\/comments?post=231"}],"version-history":[{"count":4,"href":"https:\/\/grupo.us.es\/naturib\/wp-json\/wp\/v2\/pages\/231\/revisions"}],"predecessor-version":[{"id":332,"href":"https:\/\/grupo.us.es\/naturib\/wp-json\/wp\/v2\/pages\/231\/revisions\/332"}],"wp:attachment":[{"href":"https:\/\/grupo.us.es\/naturib\/wp-json\/wp\/v2\/media?parent=231"}],"curies":[{"name":"wp","href":"https:\/\/api.w.org\/{rel}","templated":true}]}}