{"id":222,"date":"2020-04-12T14:49:00","date_gmt":"2020-04-12T13:49:00","guid":{"rendered":"http:\/\/grupo.us.es\/naturib\/?page_id=222"},"modified":"2022-04-22T18:34:06","modified_gmt":"2022-04-22T17:34:06","slug":"internacionalizacion-de-patente-nacional-201330289-sistema-para-el-cultivo-de-plantas-en-planos-verticales-o-inclinados","status":"publish","type":"page","link":"https:\/\/grupo.us.es\/naturib\/transferencia-de-conocimientos\/internacionalizacion-de-patente-nacional-201330289-sistema-para-el-cultivo-de-plantas-en-planos-verticales-o-inclinados\/","title":{"rendered":"Internacionalizaci\u00f3n de patente nacional 201330289, \u201cSistema para el cultivo de plantas en planos verticales o inclinados\u201d"},"content":{"rendered":"<p><strong>\u00a0<\/strong><\/p>\n<p style=\"text-align: center;\"><strong>\u00a0<a href=\"http:\/\/grupo.us.es\/naturib\/wp-content\/uploads\/2020\/04\/junta.bmp.jpg\"><img loading=\"lazy\" decoding=\"async\" class=\"alignleft wp-image-225\" src=\"http:\/\/grupo.us.es\/naturib\/wp-content\/uploads\/2020\/04\/junta.bmp.jpg\" alt=\"junta.bmp\" width=\"181\" height=\"119\" \/><\/a><a href=\"http:\/\/grupo.us.es\/naturib\/wp-content\/uploads\/2020\/04\/union-europea.jpg\"><img loading=\"lazy\" decoding=\"async\" class=\"alignright wp-image-224\" src=\"http:\/\/grupo.us.es\/naturib\/wp-content\/uploads\/2020\/04\/union-europea.jpg\" alt=\"union europea\" width=\"142\" height=\"109\" \/><\/a><\/strong><strong>\u00a0<\/strong><strong>INCENTIVOS A LOS AGENTES DEL SISTEMA \u00a0 \u00a0 ANDALUZ DEL CONOCIMIENTO<\/strong><\/p>\n<p style=\"text-align: center;\"><strong>AYUDAS A LA I+D+<\/strong><strong>i, EN EL \u00c1MBITO DEL PLAN ANDALUZ DE INVESTIGACI\u00d3N, DESARROLLO E INNOVACI\u00d3N (PAIDI 2020)<\/strong><\/p>\n<p><strong>\u00a0<\/strong><\/p>\n<p><strong>ACTIVIDADES DE TRANSFERENCIA DE CONOCIMIENTO ENTRE LOS AGENTES DEL SISTEMA ANDALUZ DEL CONOCIMIENTO Y EL TEJIDO PRODUCTIVO (ORDEN DE 7 DE\u00a0<\/strong><strong>ABRIL DE 2017, CONVOCATORIA 2017)<\/strong><\/p>\n<p>Tipo de ayuda recibida: <strong><a href=\"https:\/\/www.juntadeandalucia.es\/servicios\/procedimientos\/detalle\/11704\/datos-basicos.html\">Ayudas para la realizaci\u00f3n de actividades de transferencias de conocimiento. PAIDI 2020. Junta de Andaluc\u00eda<\/a>.<\/strong><\/p>\n<p><strong>N\u00famero de expediente: 1155743<\/strong><\/p>\n<p><strong>Responsable de la ayuda: Luis P\u00e9rez Urrestarazu<\/strong><\/p>\n<p><strong>Beneficiaria: Universidad de Sevilla<\/strong><\/p>\n<p><strong>Objeto de la ayuda: <\/strong>realizaci\u00f3n de los tr\u00e1mites para la internacionalizaci\u00f3n de la patente nacional 201330289 denominada <em>\u201cSistema para el cultivo de plantas en planos verticales o inclinados\u201d<\/em>, as\u00ed como la entrada en fase nacional en distintos pa\u00edses seleccionados:<\/p>\n<ul>\n<li>Austria<\/li>\n<li>B\u00e9lgica<\/li>\n<li>Reino Unido<\/li>\n<li>Francia<\/li>\n<li>Rep\u00fablica Checa<\/li>\n<li>Italia<\/li>\n<li>Irlanda<\/li>\n<li>Luxemburgo<\/li>\n<li>Alemania<\/li>\n<li>Dinamarca<\/li>\n<li>Eslovaquia<\/li>\n<\/ul>\n<p>El sistema objeto de esta ayuda es el Fytotextile, que est\u00e1 explotado por la empresa <a href=\"https:\/\/www.terapiaurbana.es\/sistema-fytotextile-para-jardin-vertical\/jardin-vertical-sistema-fytotextile\/\">Terapia Urbana S.L.<\/a><\/p>\n<p><strong>\u00a0<\/strong><\/p>\n","protected":false},"excerpt":{"rendered":"<p>\u00a0 \u00a0\u00a0INCENTIVOS A LOS AGENTES DEL SISTEMA \u00a0 \u00a0 ANDALUZ DEL CONOCIMIENTO AYUDAS A LA I+D+i, EN EL \u00c1MBITO DEL PLAN ANDALUZ DE INVESTIGACI\u00d3N, DESARROLLO E INNOVACI\u00d3N (PAIDI 2020) \u00a0 ACTIVIDADES DE TRANSFERENCIA DE CONOCIMIENTO ENTRE LOS AGENTES DEL SISTEMA ANDALUZ DEL CONOCIMIENTO Y EL TEJIDO PRODUCTIVO (ORDEN DE 7 DE\u00a0ABRIL DE 2017, CONVOCATORIA 2017) [&hellip;]<\/p>\n","protected":false},"author":1,"featured_media":0,"parent":47,"menu_order":0,"comment_status":"closed","ping_status":"open","template":"","meta":{"site-sidebar-layout":"default","site-content-layout":"","ast-site-content-layout":"default","site-content-style":"default","site-sidebar-style":"default","ast-global-header-display":"","ast-banner-title-visibility":"","ast-main-header-display":"","ast-hfb-above-header-display":"","ast-hfb-below-header-display":"","ast-hfb-mobile-header-display":"","site-post-title":"","ast-breadcrumbs-content":"","ast-featured-img":"","footer-sml-layout":"","ast-disable-related-posts":"","theme-transparent-header-meta":"","adv-header-id-meta":"","stick-header-meta":"","header-above-stick-meta":"","header-main-stick-meta":"","header-below-stick-meta":"","astra-migrate-meta-layouts":"default","ast-page-background-enabled":"default","ast-page-background-meta":{"desktop":{"background-color":"var(--ast-global-color-4)","background-image":"","background-repeat":"repeat","background-position":"center center","background-size":"auto","background-attachment":"scroll","background-type":"","background-media":"","overlay-type":"","overlay-color":"","overlay-opacity":"","overlay-gradient":""},"tablet":{"background-color":"","background-image":"","background-repeat":"repeat","background-position":"center center","background-size":"auto","background-attachment":"scroll","background-type":"","background-media":"","overlay-type":"","overlay-color":"","overlay-opacity":"","overlay-gradient":""},"mobile":{"background-color":"","background-image":"","background-repeat":"repeat","background-position":"center center","background-size":"auto","background-attachment":"scroll","background-type":"","background-media":"","overlay-type":"","overlay-color":"","overlay-opacity":"","overlay-gradient":""}},"ast-content-background-meta":{"desktop":{"background-color":"var(--ast-global-color-5)","background-image":"","background-repeat":"repeat","background-position":"center center","background-size":"auto","background-attachment":"scroll","background-type":"","background-media":"","overlay-type":"","overlay-color":"","overlay-opacity":"","overlay-gradient":""},"tablet":{"background-color":"var(--ast-global-color-5)","background-image":"","background-repeat":"repeat","background-position":"center center","background-size":"auto","background-attachment":"scroll","background-type":"","background-media":"","overlay-type":"","overlay-color":"","overlay-opacity":"","overlay-gradient":""},"mobile":{"background-color":"var(--ast-global-color-5)","background-image":"","background-repeat":"repeat","background-position":"center center","background-size":"auto","background-attachment":"scroll","background-type":"","background-media":"","overlay-type":"","overlay-color":"","overlay-opacity":"","overlay-gradient":""}},"footnotes":""},"class_list":["post-222","page","type-page","status-publish","hentry"],"yoast_head":"<!-- This site is optimized with the Yoast SEO plugin v27.5 - https:\/\/yoast.com\/product\/yoast-seo-wordpress\/ -->\n<title>Internacionalizaci\u00f3n de patente nacional 201330289, \u201cSistema para el cultivo de plantas en planos verticales o inclinados\u201dPatent internationalization 201330289, &quot;System for growing plants in vertical or inclined planes&quot; - NATURIB<\/title>\n<meta name=\"robots\" content=\"index, follow, max-snippet:-1, max-image-preview:large, max-video-preview:-1\" \/>\n<link rel=\"canonical\" href=\"https:\/\/grupo.us.es\/naturib\/transferencia-de-conocimientos\/internacionalizacion-de-patente-nacional-201330289-sistema-para-el-cultivo-de-plantas-en-planos-verticales-o-inclinados\/\" \/>\n<meta property=\"og:locale\" content=\"es_ES\" \/>\n<meta property=\"og:type\" content=\"article\" \/>\n<meta property=\"og:title\" content=\"Internacionalizaci\u00f3n de patente nacional 201330289, \u201cSistema para el cultivo de plantas en planos verticales o inclinados\u201dPatent internationalization 201330289, &quot;System for growing plants in vertical or inclined planes&quot; - NATURIB\" \/>\n<meta property=\"og:description\" content=\"\u00a0 \u00a0\u00a0INCENTIVOS A LOS AGENTES DEL SISTEMA \u00a0 \u00a0 ANDALUZ DEL CONOCIMIENTO AYUDAS A LA I+D+i, EN EL \u00c1MBITO DEL PLAN ANDALUZ DE INVESTIGACI\u00d3N, DESARROLLO E INNOVACI\u00d3N (PAIDI 2020) \u00a0 ACTIVIDADES DE TRANSFERENCIA DE CONOCIMIENTO ENTRE LOS AGENTES DEL SISTEMA ANDALUZ DEL CONOCIMIENTO Y EL TEJIDO PRODUCTIVO (ORDEN DE 7 DE\u00a0ABRIL DE 2017, CONVOCATORIA 2017) [&hellip;]\" \/>\n<meta property=\"og:url\" content=\"https:\/\/grupo.us.es\/naturib\/transferencia-de-conocimientos\/internacionalizacion-de-patente-nacional-201330289-sistema-para-el-cultivo-de-plantas-en-planos-verticales-o-inclinados\/\" \/>\n<meta property=\"og:site_name\" content=\"NATURIB\" \/>\n<meta property=\"article:modified_time\" content=\"2022-04-22T17:34:06+00:00\" \/>\n<meta property=\"og:image\" content=\"http:\/\/grupo.us.es\/naturib\/wp-content\/uploads\/2020\/04\/junta.bmp.jpg\" \/>\n<meta name=\"twitter:label1\" content=\"Tiempo de lectura\" \/>\n\t<meta name=\"twitter:data1\" content=\"2 minutes\" \/>\n<script type=\"application\/ld+json\" class=\"yoast-schema-graph\">{\"@context\":\"https:\\\/\\\/schema.org\",\"@graph\":[{\"@type\":\"WebPage\",\"@id\":\"https:\\\/\\\/grupo.us.es\\\/naturib\\\/transferencia-de-conocimientos\\\/internacionalizacion-de-patente-nacional-201330289-sistema-para-el-cultivo-de-plantas-en-planos-verticales-o-inclinados\\\/\",\"url\":\"https:\\\/\\\/grupo.us.es\\\/naturib\\\/transferencia-de-conocimientos\\\/internacionalizacion-de-patente-nacional-201330289-sistema-para-el-cultivo-de-plantas-en-planos-verticales-o-inclinados\\\/\",\"name\":\"Internacionalizaci\u00f3n de patente nacional 201330289, \u201cSistema para el cultivo de plantas en planos verticales o inclinados\u201dPatent internationalization 201330289, \\\"System for growing plants in vertical or inclined planes\\\" - NATURIB\",\"isPartOf\":{\"@id\":\"https:\\\/\\\/grupo.us.es\\\/naturib\\\/#website\"},\"primaryImageOfPage\":{\"@id\":\"https:\\\/\\\/grupo.us.es\\\/naturib\\\/transferencia-de-conocimientos\\\/internacionalizacion-de-patente-nacional-201330289-sistema-para-el-cultivo-de-plantas-en-planos-verticales-o-inclinados\\\/#primaryimage\"},\"image\":{\"@id\":\"https:\\\/\\\/grupo.us.es\\\/naturib\\\/transferencia-de-conocimientos\\\/internacionalizacion-de-patente-nacional-201330289-sistema-para-el-cultivo-de-plantas-en-planos-verticales-o-inclinados\\\/#primaryimage\"},\"thumbnailUrl\":\"http:\\\/\\\/grupo.us.es\\\/naturib\\\/wp-content\\\/uploads\\\/2020\\\/04\\\/junta.bmp.jpg\",\"datePublished\":\"2020-04-12T13:49:00+00:00\",\"dateModified\":\"2022-04-22T17:34:06+00:00\",\"breadcrumb\":{\"@id\":\"https:\\\/\\\/grupo.us.es\\\/naturib\\\/transferencia-de-conocimientos\\\/internacionalizacion-de-patente-nacional-201330289-sistema-para-el-cultivo-de-plantas-en-planos-verticales-o-inclinados\\\/#breadcrumb\"},\"inLanguage\":\"es-ES\",\"potentialAction\":[{\"@type\":\"ReadAction\",\"target\":[\"https:\\\/\\\/grupo.us.es\\\/naturib\\\/transferencia-de-conocimientos\\\/internacionalizacion-de-patente-nacional-201330289-sistema-para-el-cultivo-de-plantas-en-planos-verticales-o-inclinados\\\/\"]}]},{\"@type\":\"ImageObject\",\"inLanguage\":\"es-ES\",\"@id\":\"https:\\\/\\\/grupo.us.es\\\/naturib\\\/transferencia-de-conocimientos\\\/internacionalizacion-de-patente-nacional-201330289-sistema-para-el-cultivo-de-plantas-en-planos-verticales-o-inclinados\\\/#primaryimage\",\"url\":\"https:\\\/\\\/grupo.us.es\\\/naturib\\\/wp-content\\\/uploads\\\/2020\\\/04\\\/junta.bmp.jpg\",\"contentUrl\":\"https:\\\/\\\/grupo.us.es\\\/naturib\\\/wp-content\\\/uploads\\\/2020\\\/04\\\/junta.bmp.jpg\",\"width\":277,\"height\":182},{\"@type\":\"BreadcrumbList\",\"@id\":\"https:\\\/\\\/grupo.us.es\\\/naturib\\\/transferencia-de-conocimientos\\\/internacionalizacion-de-patente-nacional-201330289-sistema-para-el-cultivo-de-plantas-en-planos-verticales-o-inclinados\\\/#breadcrumb\",\"itemListElement\":[{\"@type\":\"ListItem\",\"position\":1,\"name\":\"Home\",\"item\":\"https:\\\/\\\/grupo.us.es\\\/naturib\\\/\"},{\"@type\":\"ListItem\",\"position\":2,\"name\":\"Transferencia de conocimientos\",\"item\":\"https:\\\/\\\/grupo.us.es\\\/naturib\\\/transferencia-de-conocimientos\\\/\"},{\"@type\":\"ListItem\",\"position\":3,\"name\":\"Internacionalizaci\u00f3n de patente nacional 201330289, \u201cSistema para el cultivo de plantas en planos verticales o inclinados\u201d\"}]},{\"@type\":\"WebSite\",\"@id\":\"https:\\\/\\\/grupo.us.es\\\/naturib\\\/#website\",\"url\":\"https:\\\/\\\/grupo.us.es\\\/naturib\\\/\",\"name\":\"NATURIB\",\"description\":\"Grupo de Investigaci\u00f3n de Naturaci\u00f3n Urbana e Ingenier\u00eda de Biosistemas\",\"publisher\":{\"@id\":\"https:\\\/\\\/grupo.us.es\\\/naturib\\\/#organization\"},\"potentialAction\":[{\"@type\":\"SearchAction\",\"target\":{\"@type\":\"EntryPoint\",\"urlTemplate\":\"https:\\\/\\\/grupo.us.es\\\/naturib\\\/?s={search_term_string}\"},\"query-input\":{\"@type\":\"PropertyValueSpecification\",\"valueRequired\":true,\"valueName\":\"search_term_string\"}}],\"inLanguage\":\"es-ES\"},{\"@type\":\"Organization\",\"@id\":\"https:\\\/\\\/grupo.us.es\\\/naturib\\\/#organization\",\"name\":\"NATURIB\",\"url\":\"https:\\\/\\\/grupo.us.es\\\/naturib\\\/\",\"logo\":{\"@type\":\"ImageObject\",\"inLanguage\":\"es-ES\",\"@id\":\"https:\\\/\\\/grupo.us.es\\\/naturib\\\/#\\\/schema\\\/logo\\\/image\\\/\",\"url\":\"https:\\\/\\\/grupo.us.es\\\/naturib\\\/wp-content\\\/uploads\\\/2022\\\/09\\\/logo-web-transparente.png\",\"contentUrl\":\"https:\\\/\\\/grupo.us.es\\\/naturib\\\/wp-content\\\/uploads\\\/2022\\\/09\\\/logo-web-transparente.png\",\"width\":249,\"height\":250,\"caption\":\"NATURIB\"},\"image\":{\"@id\":\"https:\\\/\\\/grupo.us.es\\\/naturib\\\/#\\\/schema\\\/logo\\\/image\\\/\"}}]}<\/script>\n<!-- \/ Yoast SEO plugin. -->","yoast_head_json":{"title":"Internacionalizaci\u00f3n de patente nacional 201330289, \u201cSistema para el cultivo de plantas en planos verticales o inclinados\u201dPatent internationalization 201330289, \"System for growing plants in vertical or inclined planes\" - NATURIB","robots":{"index":"index","follow":"follow","max-snippet":"max-snippet:-1","max-image-preview":"max-image-preview:large","max-video-preview":"max-video-preview:-1"},"canonical":"https:\/\/grupo.us.es\/naturib\/transferencia-de-conocimientos\/internacionalizacion-de-patente-nacional-201330289-sistema-para-el-cultivo-de-plantas-en-planos-verticales-o-inclinados\/","og_locale":"es_ES","og_type":"article","og_title":"Internacionalizaci\u00f3n de patente nacional 201330289, \u201cSistema para el cultivo de plantas en planos verticales o inclinados\u201dPatent internationalization 201330289, \"System for growing plants in vertical or inclined planes\" - NATURIB","og_description":"\u00a0 \u00a0\u00a0INCENTIVOS A LOS AGENTES DEL SISTEMA \u00a0 \u00a0 ANDALUZ DEL CONOCIMIENTO AYUDAS A LA I+D+i, EN EL \u00c1MBITO DEL PLAN ANDALUZ DE INVESTIGACI\u00d3N, DESARROLLO E INNOVACI\u00d3N (PAIDI 2020) \u00a0 ACTIVIDADES DE TRANSFERENCIA DE CONOCIMIENTO ENTRE LOS AGENTES DEL SISTEMA ANDALUZ DEL CONOCIMIENTO Y EL TEJIDO PRODUCTIVO (ORDEN DE 7 DE\u00a0ABRIL DE 2017, CONVOCATORIA 2017) [&hellip;]","og_url":"https:\/\/grupo.us.es\/naturib\/transferencia-de-conocimientos\/internacionalizacion-de-patente-nacional-201330289-sistema-para-el-cultivo-de-plantas-en-planos-verticales-o-inclinados\/","og_site_name":"NATURIB","article_modified_time":"2022-04-22T17:34:06+00:00","og_image":[{"url":"http:\/\/grupo.us.es\/naturib\/wp-content\/uploads\/2020\/04\/junta.bmp.jpg","type":"","width":"","height":""}],"twitter_misc":{"Tiempo de lectura":"2 minutes"},"schema":{"@context":"https:\/\/schema.org","@graph":[{"@type":"WebPage","@id":"https:\/\/grupo.us.es\/naturib\/transferencia-de-conocimientos\/internacionalizacion-de-patente-nacional-201330289-sistema-para-el-cultivo-de-plantas-en-planos-verticales-o-inclinados\/","url":"https:\/\/grupo.us.es\/naturib\/transferencia-de-conocimientos\/internacionalizacion-de-patente-nacional-201330289-sistema-para-el-cultivo-de-plantas-en-planos-verticales-o-inclinados\/","name":"Internacionalizaci\u00f3n de patente nacional 201330289, \u201cSistema para el cultivo de plantas en planos verticales o inclinados\u201dPatent internationalization 201330289, \"System for growing plants in vertical or inclined planes\" - NATURIB","isPartOf":{"@id":"https:\/\/grupo.us.es\/naturib\/#website"},"primaryImageOfPage":{"@id":"https:\/\/grupo.us.es\/naturib\/transferencia-de-conocimientos\/internacionalizacion-de-patente-nacional-201330289-sistema-para-el-cultivo-de-plantas-en-planos-verticales-o-inclinados\/#primaryimage"},"image":{"@id":"https:\/\/grupo.us.es\/naturib\/transferencia-de-conocimientos\/internacionalizacion-de-patente-nacional-201330289-sistema-para-el-cultivo-de-plantas-en-planos-verticales-o-inclinados\/#primaryimage"},"thumbnailUrl":"http:\/\/grupo.us.es\/naturib\/wp-content\/uploads\/2020\/04\/junta.bmp.jpg","datePublished":"2020-04-12T13:49:00+00:00","dateModified":"2022-04-22T17:34:06+00:00","breadcrumb":{"@id":"https:\/\/grupo.us.es\/naturib\/transferencia-de-conocimientos\/internacionalizacion-de-patente-nacional-201330289-sistema-para-el-cultivo-de-plantas-en-planos-verticales-o-inclinados\/#breadcrumb"},"inLanguage":"es-ES","potentialAction":[{"@type":"ReadAction","target":["https:\/\/grupo.us.es\/naturib\/transferencia-de-conocimientos\/internacionalizacion-de-patente-nacional-201330289-sistema-para-el-cultivo-de-plantas-en-planos-verticales-o-inclinados\/"]}]},{"@type":"ImageObject","inLanguage":"es-ES","@id":"https:\/\/grupo.us.es\/naturib\/transferencia-de-conocimientos\/internacionalizacion-de-patente-nacional-201330289-sistema-para-el-cultivo-de-plantas-en-planos-verticales-o-inclinados\/#primaryimage","url":"https:\/\/grupo.us.es\/naturib\/wp-content\/uploads\/2020\/04\/junta.bmp.jpg","contentUrl":"https:\/\/grupo.us.es\/naturib\/wp-content\/uploads\/2020\/04\/junta.bmp.jpg","width":277,"height":182},{"@type":"BreadcrumbList","@id":"https:\/\/grupo.us.es\/naturib\/transferencia-de-conocimientos\/internacionalizacion-de-patente-nacional-201330289-sistema-para-el-cultivo-de-plantas-en-planos-verticales-o-inclinados\/#breadcrumb","itemListElement":[{"@type":"ListItem","position":1,"name":"Home","item":"https:\/\/grupo.us.es\/naturib\/"},{"@type":"ListItem","position":2,"name":"Transferencia de conocimientos","item":"https:\/\/grupo.us.es\/naturib\/transferencia-de-conocimientos\/"},{"@type":"ListItem","position":3,"name":"Internacionalizaci\u00f3n de patente nacional 201330289, \u201cSistema para el cultivo de plantas en planos verticales o inclinados\u201d"}]},{"@type":"WebSite","@id":"https:\/\/grupo.us.es\/naturib\/#website","url":"https:\/\/grupo.us.es\/naturib\/","name":"NATURIB","description":"Grupo de Investigaci\u00f3n de Naturaci\u00f3n Urbana e Ingenier\u00eda de Biosistemas","publisher":{"@id":"https:\/\/grupo.us.es\/naturib\/#organization"},"potentialAction":[{"@type":"SearchAction","target":{"@type":"EntryPoint","urlTemplate":"https:\/\/grupo.us.es\/naturib\/?s={search_term_string}"},"query-input":{"@type":"PropertyValueSpecification","valueRequired":true,"valueName":"search_term_string"}}],"inLanguage":"es-ES"},{"@type":"Organization","@id":"https:\/\/grupo.us.es\/naturib\/#organization","name":"NATURIB","url":"https:\/\/grupo.us.es\/naturib\/","logo":{"@type":"ImageObject","inLanguage":"es-ES","@id":"https:\/\/grupo.us.es\/naturib\/#\/schema\/logo\/image\/","url":"https:\/\/grupo.us.es\/naturib\/wp-content\/uploads\/2022\/09\/logo-web-transparente.png","contentUrl":"https:\/\/grupo.us.es\/naturib\/wp-content\/uploads\/2022\/09\/logo-web-transparente.png","width":249,"height":250,"caption":"NATURIB"},"image":{"@id":"https:\/\/grupo.us.es\/naturib\/#\/schema\/logo\/image\/"}}]}},"_links":{"self":[{"href":"https:\/\/grupo.us.es\/naturib\/wp-json\/wp\/v2\/pages\/222","targetHints":{"allow":["GET"]}}],"collection":[{"href":"https:\/\/grupo.us.es\/naturib\/wp-json\/wp\/v2\/pages"}],"about":[{"href":"https:\/\/grupo.us.es\/naturib\/wp-json\/wp\/v2\/types\/page"}],"author":[{"embeddable":true,"href":"https:\/\/grupo.us.es\/naturib\/wp-json\/wp\/v2\/users\/1"}],"replies":[{"embeddable":true,"href":"https:\/\/grupo.us.es\/naturib\/wp-json\/wp\/v2\/comments?post=222"}],"version-history":[{"count":5,"href":"https:\/\/grupo.us.es\/naturib\/wp-json\/wp\/v2\/pages\/222\/revisions"}],"predecessor-version":[{"id":268,"href":"https:\/\/grupo.us.es\/naturib\/wp-json\/wp\/v2\/pages\/222\/revisions\/268"}],"up":[{"embeddable":true,"href":"https:\/\/grupo.us.es\/naturib\/wp-json\/wp\/v2\/pages\/47"}],"wp:attachment":[{"href":"https:\/\/grupo.us.es\/naturib\/wp-json\/wp\/v2\/media?parent=222"}],"curies":[{"name":"wp","href":"https:\/\/api.w.org\/{rel}","templated":true}]}}