{"id":183,"date":"2015-10-05T15:36:00","date_gmt":"2015-10-05T14:36:00","guid":{"rendered":"http:\/\/grupo.us.es\/naturib\/?page_id=183"},"modified":"2015-10-05T15:36:00","modified_gmt":"2015-10-05T14:36:00","slug":"ugreens-conferencia-final","status":"publish","type":"page","link":"https:\/\/grupo.us.es\/naturib\/proyectos\/ugreens\/ugreens-conferencia-final\/","title":{"rendered":"UGreenS Conferencia final"},"content":{"rendered":"<p>El 24 de septiembre de 2015 se celebr\u00f3 en las dependencias de la Frederick University (Nicosia, Chipre) la conferencia final para cerrar el proyecto UGreenS.<\/p>\n<p>Se presentaron cinco ponencias relacionadas con los temas desarrollados en el proyecto, entre ellas destacaron las charlas sobre \u201cUrban gardening and productive landscapes: a green vision for open space Planning\u201d (Byron Ioannou, Frederick University) y \u201c Green Roof Researh\u201d (Panayiotis Nektarios, Agricultural University of Athens).<\/p>\n<p>Los miembros de nuestro grupo de investigaci\u00f3n presentaron trabajos sobre los beneficios intangibles de los Jardines Verticales (Intangible Benefits of Living Walls \u2013 A Case Study \u2013 Luis P\u00e9rez, \u00a0University of Seville) y Jardines Verticales Activos (Active Living Walls as Indoor Air Conditioning Systems \u2013 Gregorio Egea, University of Seville). Fernando Hidalgo, de Terapia Urbana detall\u00f3 varios casos pr\u00e1cticos de Jardines Verticales recientemente instalados.<\/p>\n<p><a href=\"http:\/\/grupo.us.es\/naturib\/wp-content\/uploads\/2015\/10\/05-10-2015-16-29-40.jpg\"><img loading=\"lazy\" decoding=\"async\" class=\"aligncenter  wp-image-184\" src=\"http:\/\/grupo.us.es\/naturib\/wp-content\/uploads\/2015\/10\/05-10-2015-16-29-40-300x224.jpg\" alt=\"05-10-2015 16-29-40\" width=\"443\" height=\"331\" srcset=\"https:\/\/grupo.us.es\/naturib\/wp-content\/uploads\/2015\/10\/05-10-2015-16-29-40-300x224.jpg 300w, https:\/\/grupo.us.es\/naturib\/wp-content\/uploads\/2015\/10\/05-10-2015-16-29-40.jpg 498w\" sizes=\"auto, (max-width: 443px) 100vw, 443px\" \/><\/a><\/p>\n","protected":false},"excerpt":{"rendered":"<p>El 24 de septiembre de 2015 se celebr\u00f3 en las dependencias de la Frederick University (Nicosia, Chipre) la conferencia final para cerrar el proyecto UGreenS. Se presentaron cinco ponencias relacionadas con los temas desarrollados en el proyecto, entre ellas destacaron las charlas sobre \u201cUrban gardening and productive landscapes: a green vision for open space Planning\u201d [&hellip;]<\/p>\n","protected":false},"author":1,"featured_media":0,"parent":112,"menu_order":0,"comment_status":"closed","ping_status":"open","template":"","meta":{"site-sidebar-layout":"default","site-content-layout":"","ast-site-content-layout":"default","site-content-style":"default","site-sidebar-style":"default","ast-global-header-display":"","ast-banner-title-visibility":"","ast-main-header-display":"","ast-hfb-above-header-display":"","ast-hfb-below-header-display":"","ast-hfb-mobile-header-display":"","site-post-title":"","ast-breadcrumbs-content":"","ast-featured-img":"","footer-sml-layout":"","ast-disable-related-posts":"","theme-transparent-header-meta":"","adv-header-id-meta":"","stick-header-meta":"","header-above-stick-meta":"","header-main-stick-meta":"","header-below-stick-meta":"","astra-migrate-meta-layouts":"default","ast-page-background-enabled":"default","ast-page-background-meta":{"desktop":{"background-color":"var(--ast-global-color-4)","background-image":"","background-repeat":"repeat","background-position":"center center","background-size":"auto","background-attachment":"scroll","background-type":"","background-media":"","overlay-type":"","overlay-color":"","overlay-opacity":"","overlay-gradient":""},"tablet":{"background-color":"","background-image":"","background-repeat":"repeat","background-position":"center center","background-size":"auto","background-attachment":"scroll","background-type":"","background-media":"","overlay-type":"","overlay-color":"","overlay-opacity":"","overlay-gradient":""},"mobile":{"background-color":"","background-image":"","background-repeat":"repeat","background-position":"center center","background-size":"auto","background-attachment":"scroll","background-type":"","background-media":"","overlay-type":"","overlay-color":"","overlay-opacity":"","overlay-gradient":""}},"ast-content-background-meta":{"desktop":{"background-color":"var(--ast-global-color-5)","background-image":"","background-repeat":"repeat","background-position":"center center","background-size":"auto","background-attachment":"scroll","background-type":"","background-media":"","overlay-type":"","overlay-color":"","overlay-opacity":"","overlay-gradient":""},"tablet":{"background-color":"var(--ast-global-color-5)","background-image":"","background-repeat":"repeat","background-position":"center center","background-size":"auto","background-attachment":"scroll","background-type":"","background-media":"","overlay-type":"","overlay-color":"","overlay-opacity":"","overlay-gradient":""},"mobile":{"background-color":"var(--ast-global-color-5)","background-image":"","background-repeat":"repeat","background-position":"center center","background-size":"auto","background-attachment":"scroll","background-type":"","background-media":"","overlay-type":"","overlay-color":"","overlay-opacity":"","overlay-gradient":""}},"footnotes":""},"class_list":["post-183","page","type-page","status-publish","hentry"],"yoast_head":"<!-- This site is optimized with the Yoast SEO plugin v27.5 - https:\/\/yoast.com\/product\/yoast-seo-wordpress\/ -->\n<title>UGreenS Conferencia finalUGreenS Final Conference - NATURIB<\/title>\n<meta name=\"robots\" content=\"index, follow, max-snippet:-1, max-image-preview:large, max-video-preview:-1\" \/>\n<link rel=\"canonical\" href=\"https:\/\/grupo.us.es\/naturib\/proyectos\/ugreens\/ugreens-conferencia-final\/\" \/>\n<meta property=\"og:locale\" content=\"es_ES\" \/>\n<meta property=\"og:type\" content=\"article\" \/>\n<meta property=\"og:title\" content=\"UGreenS Conferencia finalUGreenS Final Conference - NATURIB\" \/>\n<meta property=\"og:description\" content=\"El 24 de septiembre de 2015 se celebr\u00f3 en las dependencias de la Frederick University (Nicosia, Chipre) la conferencia final para cerrar el proyecto UGreenS. Se presentaron cinco ponencias relacionadas con los temas desarrollados en el proyecto, entre ellas destacaron las charlas sobre \u201cUrban gardening and productive landscapes: a green vision for open space Planning\u201d [&hellip;]\" \/>\n<meta property=\"og:url\" content=\"https:\/\/grupo.us.es\/naturib\/proyectos\/ugreens\/ugreens-conferencia-final\/\" \/>\n<meta property=\"og:site_name\" content=\"NATURIB\" \/>\n<meta property=\"og:image\" content=\"http:\/\/grupo.us.es\/naturib\/wp-content\/uploads\/2015\/10\/05-10-2015-16-29-40-300x224.jpg\" \/>\n<meta name=\"twitter:label1\" content=\"Tiempo de lectura\" \/>\n\t<meta name=\"twitter:data1\" content=\"1 minute\" \/>\n<script type=\"application\/ld+json\" class=\"yoast-schema-graph\">{\"@context\":\"https:\\\/\\\/schema.org\",\"@graph\":[{\"@type\":\"WebPage\",\"@id\":\"https:\\\/\\\/grupo.us.es\\\/naturib\\\/proyectos\\\/ugreens\\\/ugreens-conferencia-final\\\/\",\"url\":\"https:\\\/\\\/grupo.us.es\\\/naturib\\\/proyectos\\\/ugreens\\\/ugreens-conferencia-final\\\/\",\"name\":\"UGreenS Conferencia finalUGreenS Final Conference - NATURIB\",\"isPartOf\":{\"@id\":\"https:\\\/\\\/grupo.us.es\\\/naturib\\\/#website\"},\"primaryImageOfPage\":{\"@id\":\"https:\\\/\\\/grupo.us.es\\\/naturib\\\/proyectos\\\/ugreens\\\/ugreens-conferencia-final\\\/#primaryimage\"},\"image\":{\"@id\":\"https:\\\/\\\/grupo.us.es\\\/naturib\\\/proyectos\\\/ugreens\\\/ugreens-conferencia-final\\\/#primaryimage\"},\"thumbnailUrl\":\"http:\\\/\\\/grupo.us.es\\\/naturib\\\/wp-content\\\/uploads\\\/2015\\\/10\\\/05-10-2015-16-29-40-300x224.jpg\",\"datePublished\":\"2015-10-05T14:36:00+00:00\",\"breadcrumb\":{\"@id\":\"https:\\\/\\\/grupo.us.es\\\/naturib\\\/proyectos\\\/ugreens\\\/ugreens-conferencia-final\\\/#breadcrumb\"},\"inLanguage\":\"es-ES\",\"potentialAction\":[{\"@type\":\"ReadAction\",\"target\":[\"https:\\\/\\\/grupo.us.es\\\/naturib\\\/proyectos\\\/ugreens\\\/ugreens-conferencia-final\\\/\"]}]},{\"@type\":\"ImageObject\",\"inLanguage\":\"es-ES\",\"@id\":\"https:\\\/\\\/grupo.us.es\\\/naturib\\\/proyectos\\\/ugreens\\\/ugreens-conferencia-final\\\/#primaryimage\",\"url\":\"http:\\\/\\\/grupo.us.es\\\/naturib\\\/wp-content\\\/uploads\\\/2015\\\/10\\\/05-10-2015-16-29-40-300x224.jpg\",\"contentUrl\":\"http:\\\/\\\/grupo.us.es\\\/naturib\\\/wp-content\\\/uploads\\\/2015\\\/10\\\/05-10-2015-16-29-40-300x224.jpg\"},{\"@type\":\"BreadcrumbList\",\"@id\":\"https:\\\/\\\/grupo.us.es\\\/naturib\\\/proyectos\\\/ugreens\\\/ugreens-conferencia-final\\\/#breadcrumb\",\"itemListElement\":[{\"@type\":\"ListItem\",\"position\":1,\"name\":\"Home\",\"item\":\"https:\\\/\\\/grupo.us.es\\\/naturib\\\/\"},{\"@type\":\"ListItem\",\"position\":2,\"name\":\"Proyects\",\"item\":\"https:\\\/\\\/grupo.us.es\\\/naturib\\\/proyectos\\\/\"},{\"@type\":\"ListItem\",\"position\":3,\"name\":\"UGreenS\",\"item\":\"https:\\\/\\\/grupo.us.es\\\/naturib\\\/proyectos\\\/ugreens\\\/\"},{\"@type\":\"ListItem\",\"position\":4,\"name\":\"UGreenS Conferencia final\"}]},{\"@type\":\"WebSite\",\"@id\":\"https:\\\/\\\/grupo.us.es\\\/naturib\\\/#website\",\"url\":\"https:\\\/\\\/grupo.us.es\\\/naturib\\\/\",\"name\":\"NATURIB\",\"description\":\"Grupo de Investigaci\u00f3n de Naturaci\u00f3n Urbana e Ingenier\u00eda de Biosistemas\",\"publisher\":{\"@id\":\"https:\\\/\\\/grupo.us.es\\\/naturib\\\/#organization\"},\"potentialAction\":[{\"@type\":\"SearchAction\",\"target\":{\"@type\":\"EntryPoint\",\"urlTemplate\":\"https:\\\/\\\/grupo.us.es\\\/naturib\\\/?s={search_term_string}\"},\"query-input\":{\"@type\":\"PropertyValueSpecification\",\"valueRequired\":true,\"valueName\":\"search_term_string\"}}],\"inLanguage\":\"es-ES\"},{\"@type\":\"Organization\",\"@id\":\"https:\\\/\\\/grupo.us.es\\\/naturib\\\/#organization\",\"name\":\"NATURIB\",\"url\":\"https:\\\/\\\/grupo.us.es\\\/naturib\\\/\",\"logo\":{\"@type\":\"ImageObject\",\"inLanguage\":\"es-ES\",\"@id\":\"https:\\\/\\\/grupo.us.es\\\/naturib\\\/#\\\/schema\\\/logo\\\/image\\\/\",\"url\":\"https:\\\/\\\/grupo.us.es\\\/naturib\\\/wp-content\\\/uploads\\\/2022\\\/09\\\/logo-web-transparente.png\",\"contentUrl\":\"https:\\\/\\\/grupo.us.es\\\/naturib\\\/wp-content\\\/uploads\\\/2022\\\/09\\\/logo-web-transparente.png\",\"width\":249,\"height\":250,\"caption\":\"NATURIB\"},\"image\":{\"@id\":\"https:\\\/\\\/grupo.us.es\\\/naturib\\\/#\\\/schema\\\/logo\\\/image\\\/\"}}]}<\/script>\n<!-- \/ Yoast SEO plugin. -->","yoast_head_json":{"title":"UGreenS Conferencia finalUGreenS Final Conference - NATURIB","robots":{"index":"index","follow":"follow","max-snippet":"max-snippet:-1","max-image-preview":"max-image-preview:large","max-video-preview":"max-video-preview:-1"},"canonical":"https:\/\/grupo.us.es\/naturib\/proyectos\/ugreens\/ugreens-conferencia-final\/","og_locale":"es_ES","og_type":"article","og_title":"UGreenS Conferencia finalUGreenS Final Conference - NATURIB","og_description":"El 24 de septiembre de 2015 se celebr\u00f3 en las dependencias de la Frederick University (Nicosia, Chipre) la conferencia final para cerrar el proyecto UGreenS. Se presentaron cinco ponencias relacionadas con los temas desarrollados en el proyecto, entre ellas destacaron las charlas sobre \u201cUrban gardening and productive landscapes: a green vision for open space Planning\u201d [&hellip;]","og_url":"https:\/\/grupo.us.es\/naturib\/proyectos\/ugreens\/ugreens-conferencia-final\/","og_site_name":"NATURIB","og_image":[{"url":"http:\/\/grupo.us.es\/naturib\/wp-content\/uploads\/2015\/10\/05-10-2015-16-29-40-300x224.jpg","type":"","width":"","height":""}],"twitter_misc":{"Tiempo de lectura":"1 minute"},"schema":{"@context":"https:\/\/schema.org","@graph":[{"@type":"WebPage","@id":"https:\/\/grupo.us.es\/naturib\/proyectos\/ugreens\/ugreens-conferencia-final\/","url":"https:\/\/grupo.us.es\/naturib\/proyectos\/ugreens\/ugreens-conferencia-final\/","name":"UGreenS Conferencia finalUGreenS Final Conference - NATURIB","isPartOf":{"@id":"https:\/\/grupo.us.es\/naturib\/#website"},"primaryImageOfPage":{"@id":"https:\/\/grupo.us.es\/naturib\/proyectos\/ugreens\/ugreens-conferencia-final\/#primaryimage"},"image":{"@id":"https:\/\/grupo.us.es\/naturib\/proyectos\/ugreens\/ugreens-conferencia-final\/#primaryimage"},"thumbnailUrl":"http:\/\/grupo.us.es\/naturib\/wp-content\/uploads\/2015\/10\/05-10-2015-16-29-40-300x224.jpg","datePublished":"2015-10-05T14:36:00+00:00","breadcrumb":{"@id":"https:\/\/grupo.us.es\/naturib\/proyectos\/ugreens\/ugreens-conferencia-final\/#breadcrumb"},"inLanguage":"es-ES","potentialAction":[{"@type":"ReadAction","target":["https:\/\/grupo.us.es\/naturib\/proyectos\/ugreens\/ugreens-conferencia-final\/"]}]},{"@type":"ImageObject","inLanguage":"es-ES","@id":"https:\/\/grupo.us.es\/naturib\/proyectos\/ugreens\/ugreens-conferencia-final\/#primaryimage","url":"http:\/\/grupo.us.es\/naturib\/wp-content\/uploads\/2015\/10\/05-10-2015-16-29-40-300x224.jpg","contentUrl":"http:\/\/grupo.us.es\/naturib\/wp-content\/uploads\/2015\/10\/05-10-2015-16-29-40-300x224.jpg"},{"@type":"BreadcrumbList","@id":"https:\/\/grupo.us.es\/naturib\/proyectos\/ugreens\/ugreens-conferencia-final\/#breadcrumb","itemListElement":[{"@type":"ListItem","position":1,"name":"Home","item":"https:\/\/grupo.us.es\/naturib\/"},{"@type":"ListItem","position":2,"name":"Proyects","item":"https:\/\/grupo.us.es\/naturib\/proyectos\/"},{"@type":"ListItem","position":3,"name":"UGreenS","item":"https:\/\/grupo.us.es\/naturib\/proyectos\/ugreens\/"},{"@type":"ListItem","position":4,"name":"UGreenS Conferencia final"}]},{"@type":"WebSite","@id":"https:\/\/grupo.us.es\/naturib\/#website","url":"https:\/\/grupo.us.es\/naturib\/","name":"NATURIB","description":"Grupo de Investigaci\u00f3n de Naturaci\u00f3n Urbana e Ingenier\u00eda de Biosistemas","publisher":{"@id":"https:\/\/grupo.us.es\/naturib\/#organization"},"potentialAction":[{"@type":"SearchAction","target":{"@type":"EntryPoint","urlTemplate":"https:\/\/grupo.us.es\/naturib\/?s={search_term_string}"},"query-input":{"@type":"PropertyValueSpecification","valueRequired":true,"valueName":"search_term_string"}}],"inLanguage":"es-ES"},{"@type":"Organization","@id":"https:\/\/grupo.us.es\/naturib\/#organization","name":"NATURIB","url":"https:\/\/grupo.us.es\/naturib\/","logo":{"@type":"ImageObject","inLanguage":"es-ES","@id":"https:\/\/grupo.us.es\/naturib\/#\/schema\/logo\/image\/","url":"https:\/\/grupo.us.es\/naturib\/wp-content\/uploads\/2022\/09\/logo-web-transparente.png","contentUrl":"https:\/\/grupo.us.es\/naturib\/wp-content\/uploads\/2022\/09\/logo-web-transparente.png","width":249,"height":250,"caption":"NATURIB"},"image":{"@id":"https:\/\/grupo.us.es\/naturib\/#\/schema\/logo\/image\/"}}]}},"_links":{"self":[{"href":"https:\/\/grupo.us.es\/naturib\/wp-json\/wp\/v2\/pages\/183","targetHints":{"allow":["GET"]}}],"collection":[{"href":"https:\/\/grupo.us.es\/naturib\/wp-json\/wp\/v2\/pages"}],"about":[{"href":"https:\/\/grupo.us.es\/naturib\/wp-json\/wp\/v2\/types\/page"}],"author":[{"embeddable":true,"href":"https:\/\/grupo.us.es\/naturib\/wp-json\/wp\/v2\/users\/1"}],"replies":[{"embeddable":true,"href":"https:\/\/grupo.us.es\/naturib\/wp-json\/wp\/v2\/comments?post=183"}],"version-history":[{"count":1,"href":"https:\/\/grupo.us.es\/naturib\/wp-json\/wp\/v2\/pages\/183\/revisions"}],"predecessor-version":[{"id":185,"href":"https:\/\/grupo.us.es\/naturib\/wp-json\/wp\/v2\/pages\/183\/revisions\/185"}],"up":[{"embeddable":true,"href":"https:\/\/grupo.us.es\/naturib\/wp-json\/wp\/v2\/pages\/112"}],"wp:attachment":[{"href":"https:\/\/grupo.us.es\/naturib\/wp-json\/wp\/v2\/media?parent=183"}],"curies":[{"name":"wp","href":"https:\/\/api.w.org\/{rel}","templated":true}]}}