{"id":154,"date":"2015-01-23T12:47:30","date_gmt":"2015-01-23T11:47:30","guid":{"rendered":"http:\/\/grupo.us.es\/naturib\/?page_id=154"},"modified":"2015-01-23T12:47:30","modified_gmt":"2015-01-23T11:47:30","slug":"libros","status":"publish","type":"page","link":"https:\/\/grupo.us.es\/naturib\/publicaciones\/libros\/","title":{"rendered":"Libros"},"content":{"rendered":"<ul>\n<li>P\u00e9rez Urrestarazu, L., Rodr\u00edguez D\u00edaz, J.A., Camacho Poyato, E., L\u00f3pez Luque, R., Rold\u00e1n Ca\u00f1as, J., Alcaide Garc\u00eda, M., Ortiz Fern\u00e1ndez-Urrutia, J.A., Segura Gra\u00ed\u00f1o, R. 2008. Cap\u00edtulo de libro en: Water Saving in Agriculture. International Commission on Irrigation and Drainage. Pg 1-15. ISBN. 81-89610-08-2<\/li>\n<li>P\u00e9rez Urrestarazu, L., Rodr\u00edguez D\u00edaz, J.A., Camacho Poyato, E., L\u00f3pez Luque, R. 2009. Gesti\u00f3n sostenible del agua de riego. Analistas Econ\u00f3micos de Andaluc\u00eda. 130 pp. ISBN. 978-84-92443-04-8<\/li>\n<\/ul>\n","protected":false},"excerpt":{"rendered":"<p>P\u00e9rez Urrestarazu, L., Rodr\u00edguez D\u00edaz, J.A., Camacho Poyato, E., L\u00f3pez Luque, R., Rold\u00e1n Ca\u00f1as, J., Alcaide Garc\u00eda, M., Ortiz Fern\u00e1ndez-Urrutia, J.A., Segura Gra\u00ed\u00f1o, R. 2008. Cap\u00edtulo de libro en: Water Saving in Agriculture. International Commission on Irrigation and Drainage. Pg 1-15. ISBN. 81-89610-08-2 P\u00e9rez Urrestarazu, L., Rodr\u00edguez D\u00edaz, J.A., Camacho Poyato, E., L\u00f3pez Luque, R. [&hellip;]<\/p>\n","protected":false},"author":1,"featured_media":0,"parent":43,"menu_order":0,"comment_status":"closed","ping_status":"open","template":"","meta":{"site-sidebar-layout":"default","site-content-layout":"","ast-site-content-layout":"default","site-content-style":"default","site-sidebar-style":"default","ast-global-header-display":"","ast-banner-title-visibility":"","ast-main-header-display":"","ast-hfb-above-header-display":"","ast-hfb-below-header-display":"","ast-hfb-mobile-header-display":"","site-post-title":"","ast-breadcrumbs-content":"","ast-featured-img":"","footer-sml-layout":"","ast-disable-related-posts":"","theme-transparent-header-meta":"","adv-header-id-meta":"","stick-header-meta":"","header-above-stick-meta":"","header-main-stick-meta":"","header-below-stick-meta":"","astra-migrate-meta-layouts":"default","ast-page-background-enabled":"default","ast-page-background-meta":{"desktop":{"background-color":"var(--ast-global-color-4)","background-image":"","background-repeat":"repeat","background-position":"center center","background-size":"auto","background-attachment":"scroll","background-type":"","background-media":"","overlay-type":"","overlay-color":"","overlay-opacity":"","overlay-gradient":""},"tablet":{"background-color":"","background-image":"","background-repeat":"repeat","background-position":"center center","background-size":"auto","background-attachment":"scroll","background-type":"","background-media":"","overlay-type":"","overlay-color":"","overlay-opacity":"","overlay-gradient":""},"mobile":{"background-color":"","background-image":"","background-repeat":"repeat","background-position":"center center","background-size":"auto","background-attachment":"scroll","background-type":"","background-media":"","overlay-type":"","overlay-color":"","overlay-opacity":"","overlay-gradient":""}},"ast-content-background-meta":{"desktop":{"background-color":"var(--ast-global-color-5)","background-image":"","background-repeat":"repeat","background-position":"center center","background-size":"auto","background-attachment":"scroll","background-type":"","background-media":"","overlay-type":"","overlay-color":"","overlay-opacity":"","overlay-gradient":""},"tablet":{"background-color":"var(--ast-global-color-5)","background-image":"","background-repeat":"repeat","background-position":"center center","background-size":"auto","background-attachment":"scroll","background-type":"","background-media":"","overlay-type":"","overlay-color":"","overlay-opacity":"","overlay-gradient":""},"mobile":{"background-color":"var(--ast-global-color-5)","background-image":"","background-repeat":"repeat","background-position":"center center","background-size":"auto","background-attachment":"scroll","background-type":"","background-media":"","overlay-type":"","overlay-color":"","overlay-opacity":"","overlay-gradient":""}},"footnotes":""},"class_list":["post-154","page","type-page","status-publish","hentry"],"yoast_head":"<!-- This site is optimized with the Yoast SEO plugin v27.4 - https:\/\/yoast.com\/product\/yoast-seo-wordpress\/ -->\n<title>LibrosBooks - NATURIB<\/title>\n<meta name=\"robots\" content=\"index, follow, max-snippet:-1, max-image-preview:large, max-video-preview:-1\" \/>\n<link rel=\"canonical\" href=\"https:\/\/grupo.us.es\/naturib\/publicaciones\/libros\/\" \/>\n<meta property=\"og:locale\" content=\"es_ES\" \/>\n<meta property=\"og:type\" content=\"article\" \/>\n<meta property=\"og:title\" content=\"LibrosBooks - NATURIB\" \/>\n<meta property=\"og:description\" content=\"P\u00e9rez Urrestarazu, L., Rodr\u00edguez D\u00edaz, J.A., Camacho Poyato, E., L\u00f3pez Luque, R., Rold\u00e1n Ca\u00f1as, J., Alcaide Garc\u00eda, M., Ortiz Fern\u00e1ndez-Urrutia, J.A., Segura Gra\u00ed\u00f1o, R. 2008. Cap\u00edtulo de libro en: Water Saving in Agriculture. International Commission on Irrigation and Drainage. Pg 1-15. ISBN. 81-89610-08-2 P\u00e9rez Urrestarazu, L., Rodr\u00edguez D\u00edaz, J.A., Camacho Poyato, E., L\u00f3pez Luque, R. [&hellip;]\" \/>\n<meta property=\"og:url\" content=\"https:\/\/grupo.us.es\/naturib\/publicaciones\/libros\/\" \/>\n<meta property=\"og:site_name\" content=\"NATURIB\" \/>\n<meta name=\"twitter:label1\" content=\"Tiempo de lectura\" \/>\n\t<meta name=\"twitter:data1\" content=\"1 minute\" \/>\n<script type=\"application\/ld+json\" class=\"yoast-schema-graph\">{\"@context\":\"https:\\\/\\\/schema.org\",\"@graph\":[{\"@type\":\"WebPage\",\"@id\":\"https:\\\/\\\/grupo.us.es\\\/naturib\\\/publicaciones\\\/libros\\\/\",\"url\":\"https:\\\/\\\/grupo.us.es\\\/naturib\\\/publicaciones\\\/libros\\\/\",\"name\":\"LibrosBooks - NATURIB\",\"isPartOf\":{\"@id\":\"https:\\\/\\\/grupo.us.es\\\/naturib\\\/#website\"},\"datePublished\":\"2015-01-23T11:47:30+00:00\",\"breadcrumb\":{\"@id\":\"https:\\\/\\\/grupo.us.es\\\/naturib\\\/publicaciones\\\/libros\\\/#breadcrumb\"},\"inLanguage\":\"es-ES\",\"potentialAction\":[{\"@type\":\"ReadAction\",\"target\":[\"https:\\\/\\\/grupo.us.es\\\/naturib\\\/publicaciones\\\/libros\\\/\"]}]},{\"@type\":\"BreadcrumbList\",\"@id\":\"https:\\\/\\\/grupo.us.es\\\/naturib\\\/publicaciones\\\/libros\\\/#breadcrumb\",\"itemListElement\":[{\"@type\":\"ListItem\",\"position\":1,\"name\":\"Home\",\"item\":\"https:\\\/\\\/grupo.us.es\\\/naturib\\\/\"},{\"@type\":\"ListItem\",\"position\":2,\"name\":\"Publicaciones\",\"item\":\"https:\\\/\\\/grupo.us.es\\\/naturib\\\/publicaciones\\\/\"},{\"@type\":\"ListItem\",\"position\":3,\"name\":\"Books\"}]},{\"@type\":\"WebSite\",\"@id\":\"https:\\\/\\\/grupo.us.es\\\/naturib\\\/#website\",\"url\":\"https:\\\/\\\/grupo.us.es\\\/naturib\\\/\",\"name\":\"NATURIB\",\"description\":\"Grupo de Investigaci\u00f3n de Naturaci\u00f3n Urbana e Ingenier\u00eda de Biosistemas\",\"publisher\":{\"@id\":\"https:\\\/\\\/grupo.us.es\\\/naturib\\\/#organization\"},\"potentialAction\":[{\"@type\":\"SearchAction\",\"target\":{\"@type\":\"EntryPoint\",\"urlTemplate\":\"https:\\\/\\\/grupo.us.es\\\/naturib\\\/?s={search_term_string}\"},\"query-input\":{\"@type\":\"PropertyValueSpecification\",\"valueRequired\":true,\"valueName\":\"search_term_string\"}}],\"inLanguage\":\"es-ES\"},{\"@type\":\"Organization\",\"@id\":\"https:\\\/\\\/grupo.us.es\\\/naturib\\\/#organization\",\"name\":\"NATURIB\",\"url\":\"https:\\\/\\\/grupo.us.es\\\/naturib\\\/\",\"logo\":{\"@type\":\"ImageObject\",\"inLanguage\":\"es-ES\",\"@id\":\"https:\\\/\\\/grupo.us.es\\\/naturib\\\/#\\\/schema\\\/logo\\\/image\\\/\",\"url\":\"https:\\\/\\\/grupo.us.es\\\/naturib\\\/wp-content\\\/uploads\\\/2022\\\/09\\\/logo-web-transparente.png\",\"contentUrl\":\"https:\\\/\\\/grupo.us.es\\\/naturib\\\/wp-content\\\/uploads\\\/2022\\\/09\\\/logo-web-transparente.png\",\"width\":249,\"height\":250,\"caption\":\"NATURIB\"},\"image\":{\"@id\":\"https:\\\/\\\/grupo.us.es\\\/naturib\\\/#\\\/schema\\\/logo\\\/image\\\/\"}}]}<\/script>\n<!-- \/ Yoast SEO plugin. -->","yoast_head_json":{"title":"LibrosBooks - NATURIB","robots":{"index":"index","follow":"follow","max-snippet":"max-snippet:-1","max-image-preview":"max-image-preview:large","max-video-preview":"max-video-preview:-1"},"canonical":"https:\/\/grupo.us.es\/naturib\/publicaciones\/libros\/","og_locale":"es_ES","og_type":"article","og_title":"LibrosBooks - NATURIB","og_description":"P\u00e9rez Urrestarazu, L., Rodr\u00edguez D\u00edaz, J.A., Camacho Poyato, E., L\u00f3pez Luque, R., Rold\u00e1n Ca\u00f1as, J., Alcaide Garc\u00eda, M., Ortiz Fern\u00e1ndez-Urrutia, J.A., Segura Gra\u00ed\u00f1o, R. 2008. Cap\u00edtulo de libro en: Water Saving in Agriculture. International Commission on Irrigation and Drainage. Pg 1-15. ISBN. 81-89610-08-2 P\u00e9rez Urrestarazu, L., Rodr\u00edguez D\u00edaz, J.A., Camacho Poyato, E., L\u00f3pez Luque, R. [&hellip;]","og_url":"https:\/\/grupo.us.es\/naturib\/publicaciones\/libros\/","og_site_name":"NATURIB","twitter_misc":{"Tiempo de lectura":"1 minute"},"schema":{"@context":"https:\/\/schema.org","@graph":[{"@type":"WebPage","@id":"https:\/\/grupo.us.es\/naturib\/publicaciones\/libros\/","url":"https:\/\/grupo.us.es\/naturib\/publicaciones\/libros\/","name":"LibrosBooks - NATURIB","isPartOf":{"@id":"https:\/\/grupo.us.es\/naturib\/#website"},"datePublished":"2015-01-23T11:47:30+00:00","breadcrumb":{"@id":"https:\/\/grupo.us.es\/naturib\/publicaciones\/libros\/#breadcrumb"},"inLanguage":"es-ES","potentialAction":[{"@type":"ReadAction","target":["https:\/\/grupo.us.es\/naturib\/publicaciones\/libros\/"]}]},{"@type":"BreadcrumbList","@id":"https:\/\/grupo.us.es\/naturib\/publicaciones\/libros\/#breadcrumb","itemListElement":[{"@type":"ListItem","position":1,"name":"Home","item":"https:\/\/grupo.us.es\/naturib\/"},{"@type":"ListItem","position":2,"name":"Publicaciones","item":"https:\/\/grupo.us.es\/naturib\/publicaciones\/"},{"@type":"ListItem","position":3,"name":"Books"}]},{"@type":"WebSite","@id":"https:\/\/grupo.us.es\/naturib\/#website","url":"https:\/\/grupo.us.es\/naturib\/","name":"NATURIB","description":"Grupo de Investigaci\u00f3n de Naturaci\u00f3n Urbana e Ingenier\u00eda de Biosistemas","publisher":{"@id":"https:\/\/grupo.us.es\/naturib\/#organization"},"potentialAction":[{"@type":"SearchAction","target":{"@type":"EntryPoint","urlTemplate":"https:\/\/grupo.us.es\/naturib\/?s={search_term_string}"},"query-input":{"@type":"PropertyValueSpecification","valueRequired":true,"valueName":"search_term_string"}}],"inLanguage":"es-ES"},{"@type":"Organization","@id":"https:\/\/grupo.us.es\/naturib\/#organization","name":"NATURIB","url":"https:\/\/grupo.us.es\/naturib\/","logo":{"@type":"ImageObject","inLanguage":"es-ES","@id":"https:\/\/grupo.us.es\/naturib\/#\/schema\/logo\/image\/","url":"https:\/\/grupo.us.es\/naturib\/wp-content\/uploads\/2022\/09\/logo-web-transparente.png","contentUrl":"https:\/\/grupo.us.es\/naturib\/wp-content\/uploads\/2022\/09\/logo-web-transparente.png","width":249,"height":250,"caption":"NATURIB"},"image":{"@id":"https:\/\/grupo.us.es\/naturib\/#\/schema\/logo\/image\/"}}]}},"_links":{"self":[{"href":"https:\/\/grupo.us.es\/naturib\/wp-json\/wp\/v2\/pages\/154","targetHints":{"allow":["GET"]}}],"collection":[{"href":"https:\/\/grupo.us.es\/naturib\/wp-json\/wp\/v2\/pages"}],"about":[{"href":"https:\/\/grupo.us.es\/naturib\/wp-json\/wp\/v2\/types\/page"}],"author":[{"embeddable":true,"href":"https:\/\/grupo.us.es\/naturib\/wp-json\/wp\/v2\/users\/1"}],"replies":[{"embeddable":true,"href":"https:\/\/grupo.us.es\/naturib\/wp-json\/wp\/v2\/comments?post=154"}],"version-history":[{"count":1,"href":"https:\/\/grupo.us.es\/naturib\/wp-json\/wp\/v2\/pages\/154\/revisions"}],"predecessor-version":[{"id":156,"href":"https:\/\/grupo.us.es\/naturib\/wp-json\/wp\/v2\/pages\/154\/revisions\/156"}],"up":[{"embeddable":true,"href":"https:\/\/grupo.us.es\/naturib\/wp-json\/wp\/v2\/pages\/43"}],"wp:attachment":[{"href":"https:\/\/grupo.us.es\/naturib\/wp-json\/wp\/v2\/media?parent=154"}],"curies":[{"name":"wp","href":"https:\/\/api.w.org\/{rel}","templated":true}]}}