{"id":12,"date":"2014-11-06T17:24:22","date_gmt":"2014-11-06T16:24:22","guid":{"rendered":"http:\/\/grupo.us.es\/naturib\/?page_id=12"},"modified":"2015-03-10T13:49:56","modified_gmt":"2015-03-10T12:49:56","slug":"inicio","status":"publish","type":"page","link":"https:\/\/grupo.us.es\/naturib\/","title":{"rendered":"Naturib"},"content":{"rendered":"<hr \/>\n<p style=\"text-align: justify;\">El Grupo de investigaci\u00f3n AGR-268 de <span style=\"color: #008000;\">Naturaci\u00f3n Urbana e Ingenier\u00eda de Biosistemas<\/span> (Naturib) agrupa a una serie de investigadores ingenieros agr\u00f3nomos y profesores de la <a href=\"http:\/\/centro.us.es\/etsia\/\">Escuela T\u00e9cnica Superior de Ingenier\u00eda Agron\u00f3mica<\/a> de la <a href=\"https:\/\/investigacion.us.es\/sisius\/grupo\/AGR268\">Universidad de Sevilla<\/a> que abarcan un amplio rango de especialidades (jardiner\u00eda y paisajismo, riego y gesti\u00f3n del agua, edafolog\u00eda\u2026).<\/p>\n<hr \/>\n<p><a href=\"http:\/\/grupo.us.es\/naturib\/wp-content\/uploads\/2015\/03\/foto-intro.jpg\"><img loading=\"lazy\" decoding=\"async\" class=\"aligncenter  wp-image-177\" src=\"http:\/\/grupo.us.es\/naturib\/wp-content\/uploads\/2015\/03\/foto-intro.jpg\" alt=\"foto intro\" width=\"520\" height=\"275\" srcset=\"https:\/\/grupo.us.es\/naturib\/wp-content\/uploads\/2015\/03\/foto-intro.jpg 734w, https:\/\/grupo.us.es\/naturib\/wp-content\/uploads\/2015\/03\/foto-intro-300x158.jpg 300w\" sizes=\"auto, (max-width: 520px) 100vw, 520px\" \/><\/a><\/p>\n","protected":false},"excerpt":{"rendered":"<p>El Grupo de investigaci\u00f3n AGR-268 de Naturaci\u00f3n Urbana e Ingenier\u00eda de Biosistemas (Naturib) agrupa a una serie de investigadores ingenieros agr\u00f3nomos y profesores de la Escuela T\u00e9cnica Superior de Ingenier\u00eda Agron\u00f3mica de la Universidad de Sevilla que abarcan un amplio rango de especialidades (jardiner\u00eda y paisajismo, riego y gesti\u00f3n del agua, edafolog\u00eda\u2026).<\/p>\n","protected":false},"author":1,"featured_media":0,"parent":0,"menu_order":0,"comment_status":"closed","ping_status":"open","template":"","meta":{"site-sidebar-layout":"default","site-content-layout":"","ast-site-content-layout":"default","site-content-style":"default","site-sidebar-style":"default","ast-global-header-display":"","ast-banner-title-visibility":"","ast-main-header-display":"","ast-hfb-above-header-display":"","ast-hfb-below-header-display":"","ast-hfb-mobile-header-display":"","site-post-title":"","ast-breadcrumbs-content":"","ast-featured-img":"","footer-sml-layout":"","ast-disable-related-posts":"","theme-transparent-header-meta":"","adv-header-id-meta":"","stick-header-meta":"","header-above-stick-meta":"","header-main-stick-meta":"","header-below-stick-meta":"","astra-migrate-meta-layouts":"default","ast-page-background-enabled":"default","ast-page-background-meta":{"desktop":{"background-color":"var(--ast-global-color-4)","background-image":"","background-repeat":"repeat","background-position":"center center","background-size":"auto","background-attachment":"scroll","background-type":"","background-media":"","overlay-type":"","overlay-color":"","overlay-opacity":"","overlay-gradient":""},"tablet":{"background-color":"","background-image":"","background-repeat":"repeat","background-position":"center center","background-size":"auto","background-attachment":"scroll","background-type":"","background-media":"","overlay-type":"","overlay-color":"","overlay-opacity":"","overlay-gradient":""},"mobile":{"background-color":"","background-image":"","background-repeat":"repeat","background-position":"center center","background-size":"auto","background-attachment":"scroll","background-type":"","background-media":"","overlay-type":"","overlay-color":"","overlay-opacity":"","overlay-gradient":""}},"ast-content-background-meta":{"desktop":{"background-color":"var(--ast-global-color-5)","background-image":"","background-repeat":"repeat","background-position":"center center","background-size":"auto","background-attachment":"scroll","background-type":"","background-media":"","overlay-type":"","overlay-color":"","overlay-opacity":"","overlay-gradient":""},"tablet":{"background-color":"var(--ast-global-color-5)","background-image":"","background-repeat":"repeat","background-position":"center center","background-size":"auto","background-attachment":"scroll","background-type":"","background-media":"","overlay-type":"","overlay-color":"","overlay-opacity":"","overlay-gradient":""},"mobile":{"background-color":"var(--ast-global-color-5)","background-image":"","background-repeat":"repeat","background-position":"center center","background-size":"auto","background-attachment":"scroll","background-type":"","background-media":"","overlay-type":"","overlay-color":"","overlay-opacity":"","overlay-gradient":""}},"footnotes":""},"class_list":["post-12","page","type-page","status-publish","hentry"],"yoast_head":"<!-- This site is optimized with the Yoast SEO plugin v27.4 - https:\/\/yoast.com\/product\/yoast-seo-wordpress\/ -->\n<title>Naturib - NATURIB<\/title>\n<meta name=\"robots\" content=\"index, follow, max-snippet:-1, max-image-preview:large, max-video-preview:-1\" \/>\n<link rel=\"canonical\" href=\"https:\/\/grupo.us.es\/naturib\/\" \/>\n<meta property=\"og:locale\" content=\"es_ES\" \/>\n<meta property=\"og:type\" content=\"article\" \/>\n<meta property=\"og:title\" content=\"Naturib - NATURIB\" \/>\n<meta property=\"og:description\" content=\"El Grupo de investigaci\u00f3n AGR-268 de Naturaci\u00f3n Urbana e Ingenier\u00eda de Biosistemas (Naturib) agrupa a una serie de investigadores ingenieros agr\u00f3nomos y profesores de la Escuela T\u00e9cnica Superior de Ingenier\u00eda Agron\u00f3mica de la Universidad de Sevilla que abarcan un amplio rango de especialidades (jardiner\u00eda y paisajismo, riego y gesti\u00f3n del agua, edafolog\u00eda\u2026).\" \/>\n<meta property=\"og:url\" content=\"https:\/\/grupo.us.es\/naturib\/\" \/>\n<meta property=\"og:site_name\" content=\"NATURIB\" \/>\n<meta property=\"article:modified_time\" content=\"2015-03-10T12:49:56+00:00\" \/>\n<meta property=\"og:image\" content=\"http:\/\/grupo.us.es\/naturib\/wp-content\/uploads\/2015\/03\/foto-intro.jpg\" \/>\n<meta name=\"twitter:label1\" content=\"Tiempo de lectura\" \/>\n\t<meta name=\"twitter:data1\" content=\"1 minute\" \/>\n<script type=\"application\/ld+json\" class=\"yoast-schema-graph\">{\"@context\":\"https:\\\/\\\/schema.org\",\"@graph\":[{\"@type\":\"WebPage\",\"@id\":\"https:\\\/\\\/grupo.us.es\\\/naturib\\\/\",\"url\":\"https:\\\/\\\/grupo.us.es\\\/naturib\\\/\",\"name\":\"Naturib - NATURIB\",\"isPartOf\":{\"@id\":\"https:\\\/\\\/grupo.us.es\\\/naturib\\\/#website\"},\"primaryImageOfPage\":{\"@id\":\"https:\\\/\\\/grupo.us.es\\\/naturib\\\/#primaryimage\"},\"image\":{\"@id\":\"https:\\\/\\\/grupo.us.es\\\/naturib\\\/#primaryimage\"},\"thumbnailUrl\":\"http:\\\/\\\/grupo.us.es\\\/naturib\\\/wp-content\\\/uploads\\\/2015\\\/03\\\/foto-intro.jpg\",\"datePublished\":\"2014-11-06T16:24:22+00:00\",\"dateModified\":\"2015-03-10T12:49:56+00:00\",\"breadcrumb\":{\"@id\":\"https:\\\/\\\/grupo.us.es\\\/naturib\\\/#breadcrumb\"},\"inLanguage\":\"es-ES\",\"potentialAction\":[{\"@type\":\"ReadAction\",\"target\":[\"https:\\\/\\\/grupo.us.es\\\/naturib\\\/\"]}]},{\"@type\":\"ImageObject\",\"inLanguage\":\"es-ES\",\"@id\":\"https:\\\/\\\/grupo.us.es\\\/naturib\\\/#primaryimage\",\"url\":\"https:\\\/\\\/grupo.us.es\\\/naturib\\\/wp-content\\\/uploads\\\/2015\\\/03\\\/foto-intro.jpg\",\"contentUrl\":\"https:\\\/\\\/grupo.us.es\\\/naturib\\\/wp-content\\\/uploads\\\/2015\\\/03\\\/foto-intro.jpg\",\"width\":734,\"height\":388},{\"@type\":\"BreadcrumbList\",\"@id\":\"https:\\\/\\\/grupo.us.es\\\/naturib\\\/#breadcrumb\",\"itemListElement\":[{\"@type\":\"ListItem\",\"position\":1,\"name\":\"Home\",\"item\":\"https:\\\/\\\/grupo.us.es\\\/naturib\\\/\"},{\"@type\":\"ListItem\",\"position\":2,\"name\":\"Naturib\"}]},{\"@type\":\"WebSite\",\"@id\":\"https:\\\/\\\/grupo.us.es\\\/naturib\\\/#website\",\"url\":\"https:\\\/\\\/grupo.us.es\\\/naturib\\\/\",\"name\":\"NATURIB\",\"description\":\"Grupo de Investigaci\u00f3n de Naturaci\u00f3n Urbana e Ingenier\u00eda de Biosistemas\",\"publisher\":{\"@id\":\"https:\\\/\\\/grupo.us.es\\\/naturib\\\/#organization\"},\"potentialAction\":[{\"@type\":\"SearchAction\",\"target\":{\"@type\":\"EntryPoint\",\"urlTemplate\":\"https:\\\/\\\/grupo.us.es\\\/naturib\\\/?s={search_term_string}\"},\"query-input\":{\"@type\":\"PropertyValueSpecification\",\"valueRequired\":true,\"valueName\":\"search_term_string\"}}],\"inLanguage\":\"es-ES\"},{\"@type\":\"Organization\",\"@id\":\"https:\\\/\\\/grupo.us.es\\\/naturib\\\/#organization\",\"name\":\"NATURIB\",\"url\":\"https:\\\/\\\/grupo.us.es\\\/naturib\\\/\",\"logo\":{\"@type\":\"ImageObject\",\"inLanguage\":\"es-ES\",\"@id\":\"https:\\\/\\\/grupo.us.es\\\/naturib\\\/#\\\/schema\\\/logo\\\/image\\\/\",\"url\":\"https:\\\/\\\/grupo.us.es\\\/naturib\\\/wp-content\\\/uploads\\\/2022\\\/09\\\/logo-web-transparente.png\",\"contentUrl\":\"https:\\\/\\\/grupo.us.es\\\/naturib\\\/wp-content\\\/uploads\\\/2022\\\/09\\\/logo-web-transparente.png\",\"width\":249,\"height\":250,\"caption\":\"NATURIB\"},\"image\":{\"@id\":\"https:\\\/\\\/grupo.us.es\\\/naturib\\\/#\\\/schema\\\/logo\\\/image\\\/\"}}]}<\/script>\n<!-- \/ Yoast SEO plugin. -->","yoast_head_json":{"title":"Naturib - NATURIB","robots":{"index":"index","follow":"follow","max-snippet":"max-snippet:-1","max-image-preview":"max-image-preview:large","max-video-preview":"max-video-preview:-1"},"canonical":"https:\/\/grupo.us.es\/naturib\/","og_locale":"es_ES","og_type":"article","og_title":"Naturib - NATURIB","og_description":"El Grupo de investigaci\u00f3n AGR-268 de Naturaci\u00f3n Urbana e Ingenier\u00eda de Biosistemas (Naturib) agrupa a una serie de investigadores ingenieros agr\u00f3nomos y profesores de la Escuela T\u00e9cnica Superior de Ingenier\u00eda Agron\u00f3mica de la Universidad de Sevilla que abarcan un amplio rango de especialidades (jardiner\u00eda y paisajismo, riego y gesti\u00f3n del agua, edafolog\u00eda\u2026).","og_url":"https:\/\/grupo.us.es\/naturib\/","og_site_name":"NATURIB","article_modified_time":"2015-03-10T12:49:56+00:00","og_image":[{"url":"http:\/\/grupo.us.es\/naturib\/wp-content\/uploads\/2015\/03\/foto-intro.jpg","type":"","width":"","height":""}],"twitter_misc":{"Tiempo de lectura":"1 minute"},"schema":{"@context":"https:\/\/schema.org","@graph":[{"@type":"WebPage","@id":"https:\/\/grupo.us.es\/naturib\/","url":"https:\/\/grupo.us.es\/naturib\/","name":"Naturib - NATURIB","isPartOf":{"@id":"https:\/\/grupo.us.es\/naturib\/#website"},"primaryImageOfPage":{"@id":"https:\/\/grupo.us.es\/naturib\/#primaryimage"},"image":{"@id":"https:\/\/grupo.us.es\/naturib\/#primaryimage"},"thumbnailUrl":"http:\/\/grupo.us.es\/naturib\/wp-content\/uploads\/2015\/03\/foto-intro.jpg","datePublished":"2014-11-06T16:24:22+00:00","dateModified":"2015-03-10T12:49:56+00:00","breadcrumb":{"@id":"https:\/\/grupo.us.es\/naturib\/#breadcrumb"},"inLanguage":"es-ES","potentialAction":[{"@type":"ReadAction","target":["https:\/\/grupo.us.es\/naturib\/"]}]},{"@type":"ImageObject","inLanguage":"es-ES","@id":"https:\/\/grupo.us.es\/naturib\/#primaryimage","url":"https:\/\/grupo.us.es\/naturib\/wp-content\/uploads\/2015\/03\/foto-intro.jpg","contentUrl":"https:\/\/grupo.us.es\/naturib\/wp-content\/uploads\/2015\/03\/foto-intro.jpg","width":734,"height":388},{"@type":"BreadcrumbList","@id":"https:\/\/grupo.us.es\/naturib\/#breadcrumb","itemListElement":[{"@type":"ListItem","position":1,"name":"Home","item":"https:\/\/grupo.us.es\/naturib\/"},{"@type":"ListItem","position":2,"name":"Naturib"}]},{"@type":"WebSite","@id":"https:\/\/grupo.us.es\/naturib\/#website","url":"https:\/\/grupo.us.es\/naturib\/","name":"NATURIB","description":"Grupo de Investigaci\u00f3n de Naturaci\u00f3n Urbana e Ingenier\u00eda de Biosistemas","publisher":{"@id":"https:\/\/grupo.us.es\/naturib\/#organization"},"potentialAction":[{"@type":"SearchAction","target":{"@type":"EntryPoint","urlTemplate":"https:\/\/grupo.us.es\/naturib\/?s={search_term_string}"},"query-input":{"@type":"PropertyValueSpecification","valueRequired":true,"valueName":"search_term_string"}}],"inLanguage":"es-ES"},{"@type":"Organization","@id":"https:\/\/grupo.us.es\/naturib\/#organization","name":"NATURIB","url":"https:\/\/grupo.us.es\/naturib\/","logo":{"@type":"ImageObject","inLanguage":"es-ES","@id":"https:\/\/grupo.us.es\/naturib\/#\/schema\/logo\/image\/","url":"https:\/\/grupo.us.es\/naturib\/wp-content\/uploads\/2022\/09\/logo-web-transparente.png","contentUrl":"https:\/\/grupo.us.es\/naturib\/wp-content\/uploads\/2022\/09\/logo-web-transparente.png","width":249,"height":250,"caption":"NATURIB"},"image":{"@id":"https:\/\/grupo.us.es\/naturib\/#\/schema\/logo\/image\/"}}]}},"_links":{"self":[{"href":"https:\/\/grupo.us.es\/naturib\/wp-json\/wp\/v2\/pages\/12","targetHints":{"allow":["GET"]}}],"collection":[{"href":"https:\/\/grupo.us.es\/naturib\/wp-json\/wp\/v2\/pages"}],"about":[{"href":"https:\/\/grupo.us.es\/naturib\/wp-json\/wp\/v2\/types\/page"}],"author":[{"embeddable":true,"href":"https:\/\/grupo.us.es\/naturib\/wp-json\/wp\/v2\/users\/1"}],"replies":[{"embeddable":true,"href":"https:\/\/grupo.us.es\/naturib\/wp-json\/wp\/v2\/comments?post=12"}],"version-history":[{"count":12,"href":"https:\/\/grupo.us.es\/naturib\/wp-json\/wp\/v2\/pages\/12\/revisions"}],"predecessor-version":[{"id":182,"href":"https:\/\/grupo.us.es\/naturib\/wp-json\/wp\/v2\/pages\/12\/revisions\/182"}],"wp:attachment":[{"href":"https:\/\/grupo.us.es\/naturib\/wp-json\/wp\/v2\/media?parent=12"}],"curies":[{"name":"wp","href":"https:\/\/api.w.org\/{rel}","templated":true}]}}