{"id":112,"date":"2015-01-22T13:04:26","date_gmt":"2015-01-22T12:04:26","guid":{"rendered":"http:\/\/grupo.us.es\/naturib\/?page_id=112"},"modified":"2015-10-05T15:38:10","modified_gmt":"2015-10-05T14:38:10","slug":"ugreens","status":"publish","type":"page","link":"https:\/\/grupo.us.es\/naturib\/proyectos\/ugreens\/","title":{"rendered":"UGreenS"},"content":{"rendered":"<p><a href=\"http:\/\/grupo.us.es\/naturib\/wp-content\/uploads\/2014\/11\/ugreens.png\"><img loading=\"lazy\" decoding=\"async\" class=\"aligncenter wp-image-39 size-medium\" src=\"http:\/\/grupo.us.es\/naturib\/wp-content\/uploads\/2014\/11\/ugreens-300x145.png\" alt=\"ugreens\" width=\"300\" height=\"145\" srcset=\"https:\/\/grupo.us.es\/naturib\/wp-content\/uploads\/2014\/11\/ugreens-300x145.png 300w, https:\/\/grupo.us.es\/naturib\/wp-content\/uploads\/2014\/11\/ugreens.png 480w\" sizes=\"auto, (max-width: 300px) 100vw, 300px\" \/><\/a><\/p>\n<p>La Universidad de Sevilla participa en el proyecto Leonardo Transfer of innovation titulado \u2018Urban Greening Systems for the Mediterranean Region\u2019 (<a title=\"www.ugreens.eu\" href=\"http:\/\/www.ugreens.eu\/\" target=\"_blank\">UGreenS<\/a>). El profesor de la US Luis P\u00e9rez Urrestarazu es el coordinador espa\u00f1ol del proyecto y tambi\u00e9n participan Rafael Fern\u00e1ndez Ca\u00f1ero, Gregorio Egea Cegarra y Antonio Franco Salas.<\/p>\n<p>UGreenS est\u00e1 formado por un consorcio de cuatro universidades europeas con investigadores expertos en el campo de los techos verdes y jardines verticales junto con PYMEs que se dedican al desarrollo y la aplicaci\u00f3n de esas tecnolog\u00edas en Europa. El consorcio est\u00e1 liderado por el Frederick Research Center e incluye adem\u00e1s de la Universidad de Sevilla, a la Universidad Agr\u00edcola de Atenas, la Universidad de Malta, el Instituto de Investigaci\u00f3n Agr\u00edcola de Chipre y la spin off de la US Terapia Urbana.\u00a0 Tambi\u00e9n participan las empresas chipriotas P. Papadopoulos Consulting Engineers, Thageko I4 Engineering Consulting Services y Technovation Solutions.<br \/>\nLos techos verdes y jardines verticales aportan m\u00faltiples beneficios medioambientales, est\u00e9ticos, sociales y econ\u00f3micos. Estas tecnolog\u00edas ayudan a mitigar el efecto isla de calor, mejoran la hidrolog\u00eda urbana (captando agua de lluvia) y la biodiversidad en las ciudades. Por otro lado,\u00a0 favorecen un mejor aislamiento t\u00e9rmico de los edificios, originando ahorros de energ\u00eda por la mejora de la eficiencia energ\u00e9tica. Adem\u00e1s, enriquecen significativamente la est\u00e9tica de las ciudades. Como resultado de todo lo anteriormente mencionado, se pueden lograr entornos urbanos m\u00e1s sostenibles.<br \/>\nEn los pa\u00edses mediterr\u00e1neos, sin embargo, estas tecnolog\u00edas de Naturaci\u00f3n Urbana han tenido una aplicaci\u00f3n limitada, posiblemente debido a la falta de conocimiento (tanto de la sociedad en general como del sector de la construcci\u00f3n) o la limitada experiencia t\u00e9cnica que apoye la aplicaci\u00f3n efectiva de estos sistemas. Por lo tanto, el objetivo principal de este proyecto es aprovechar el conocimiento innovador desarrollado por los investigadores de la Universidad de Sevilla y la Universidad Agr\u00edcola de Atenas y transferirlo a profesionales de pa\u00edses como Chipre o Malta.<br \/>\nLas tareas espec\u00edficas de esta iniciativa incluyen:<\/p>\n<p>1) el desarrollo de material did\u00e1ctico sobre techos verdes y jardines verticales<\/p>\n<p>2) la formaci\u00f3n de un peque\u00f1o n\u00famero de ingenieros y cient\u00edficos de modo que puedan dar difusi\u00f3n a tales tecnolog\u00edas en sus respectivos pa\u00edses<\/p>\n<p>3) la creaci\u00f3n de unidades piloto de demostraci\u00f3n. UGreenS pretende transferir el conocimiento especializado de una manera pragm\u00e1tica y tangible para posibilitar su implementaci\u00f3n en los pa\u00edses receptores.<\/p>\n<p><a title=\"ir a la web de UGREENS\" href=\"http:\/\/www.ugreens.eu\/index.php\/training\/forthcoming-training\" target=\"_blank\"><strong>\u201cTraining the trainers\u201d<\/strong><\/a><\/p>\n<p>Dentro de las actividades incluidas en el mismo, del 9 al 11 de septiembre en Sevilla hemos celebrado la fase<a title=\"ir a la web de UGREENS\" href=\"http:\/\/www.ugreens.eu\/index.php\/training\/forthcoming-training\" target=\"_blank\">\u00a0<strong>\u201cTraining the trainers\u201d<\/strong>.<\/a><\/p>\n<p><a href=\"http:\/\/jardineriaypaisajismo.es\/wp-content\/uploads\/2014\/10\/ugreens.jpg\"><img loading=\"lazy\" decoding=\"async\" class=\"aligncenter size-full wp-image-2016\" src=\"http:\/\/jardineriaypaisajismo.es\/wp-content\/uploads\/2014\/10\/ugreens.jpg\" alt=\"ugreens\" width=\"410\" height=\"182\" \/><\/a><\/p>\n<p>Esta fase ha estado compuesta por una serie de jornadas formativas dirigidas a\u00a0 futuros formadores en estas nuevas tecnolog\u00edas, que se encargar\u00e1n de\u00a0<strong>transmitir esta tecnolog\u00eda y know-how en su zona.<\/strong><strong><a href=\"http:\/\/jardineriaypaisajismo.es\/wp-content\/uploads\/2014\/10\/UGREENS-Terapia-Urbana-jornada-jardin-vertical-Sevilla-5.jpg\"><img loading=\"lazy\" decoding=\"async\" class=\"aligncenter size-large wp-image-2017\" src=\"http:\/\/jardineriaypaisajismo.es\/wp-content\/uploads\/2014\/10\/UGREENS-Terapia-Urbana-jornada-jardin-vertical-Sevilla-5.jpg\" alt=\"UGREENS-Terapia-Urbana-jornada-jardin-vertical-Sevilla-5\" width=\"474\" height=\"355\" \/><\/a><\/strong><\/p>\n<p>Miembros de\u00a0<a title=\"www.terapiaurbana.es\" href=\"http:\/\/www.terapiaurbana.es\/2014\/09\/terapia-urbana-celebra-en-sevilla-jornada-train-the-trainers-del-proyecto-ugreens\/\" target=\"_blank\"><strong>Terapia\u00a0<\/strong><strong>Urb<\/strong><strong>ana<\/strong><\/a>\u00a0y de la\u00a0<a title=\"ir a la web de Universidad de Sevilla\" href=\"http:\/\/www.us.es\/\" target=\"_blank\"><strong>Universidad de Sevilla<\/strong><\/a>, hemos expuesto, a lo largo de tres jornadas de trabajo conjunto,\u00a0 diversos aspectos cient\u00edficos, t\u00e9cnicos y pr\u00e1cticos, derivados de nuestra experiencia e investigaci\u00f3n sobre\u00a0<a title=\"ir a sistemas de jardin vertical\" href=\"http:\/\/www.terapiaurbana.es\/sistemas-y-productos-jardin-vertical\/\" target=\"_blank\"><strong>jardines verticales<\/strong><\/a>.<\/p>\n<p><a href=\"http:\/\/jardineriaypaisajismo.es\/wp-content\/uploads\/2014\/10\/UGREENS-Terapia-Urbana-jornada-jardin-vertical-Sevilla-6.jpg\"><img loading=\"lazy\" decoding=\"async\" class=\"aligncenter size-large wp-image-2018\" src=\"http:\/\/jardineriaypaisajismo.es\/wp-content\/uploads\/2014\/10\/UGREENS-Terapia-Urbana-jornada-jardin-vertical-Sevilla-6.jpg\" alt=\"UGREENS-Terapia-Urbana-jornada-jardin-vertical-Sevilla-6\" width=\"474\" height=\"355\" \/><\/a><\/p>\n<p><a title=\"UGreenS Conferencia final\" href=\"http:\/\/grupo.us.es\/naturib\/proyectos\/ugreens\/ugreens-conferencia-final\/\">Conferencia final<\/a><\/p>\n","protected":false},"excerpt":{"rendered":"<p>La Universidad de Sevilla participa en el proyecto Leonardo Transfer of innovation titulado \u2018Urban Greening Systems for the Mediterranean Region\u2019 (UGreenS). El profesor de la US Luis P\u00e9rez Urrestarazu es el coordinador espa\u00f1ol del proyecto y tambi\u00e9n participan Rafael Fern\u00e1ndez Ca\u00f1ero, Gregorio Egea Cegarra y Antonio Franco Salas. UGreenS est\u00e1 formado por un consorcio de [&hellip;]<\/p>\n","protected":false},"author":1,"featured_media":0,"parent":38,"menu_order":0,"comment_status":"closed","ping_status":"open","template":"","meta":{"site-sidebar-layout":"default","site-content-layout":"","ast-site-content-layout":"default","site-content-style":"default","site-sidebar-style":"default","ast-global-header-display":"","ast-banner-title-visibility":"","ast-main-header-display":"","ast-hfb-above-header-display":"","ast-hfb-below-header-display":"","ast-hfb-mobile-header-display":"","site-post-title":"","ast-breadcrumbs-content":"","ast-featured-img":"","footer-sml-layout":"","ast-disable-related-posts":"","theme-transparent-header-meta":"","adv-header-id-meta":"","stick-header-meta":"","header-above-stick-meta":"","header-main-stick-meta":"","header-below-stick-meta":"","astra-migrate-meta-layouts":"default","ast-page-background-enabled":"default","ast-page-background-meta":{"desktop":{"background-color":"var(--ast-global-color-4)","background-image":"","background-repeat":"repeat","background-position":"center center","background-size":"auto","background-attachment":"scroll","background-type":"","background-media":"","overlay-type":"","overlay-color":"","overlay-opacity":"","overlay-gradient":""},"tablet":{"background-color":"","background-image":"","background-repeat":"repeat","background-position":"center center","background-size":"auto","background-attachment":"scroll","background-type":"","background-media":"","overlay-type":"","overlay-color":"","overlay-opacity":"","overlay-gradient":""},"mobile":{"background-color":"","background-image":"","background-repeat":"repeat","background-position":"center center","background-size":"auto","background-attachment":"scroll","background-type":"","background-media":"","overlay-type":"","overlay-color":"","overlay-opacity":"","overlay-gradient":""}},"ast-content-background-meta":{"desktop":{"background-color":"var(--ast-global-color-5)","background-image":"","background-repeat":"repeat","background-position":"center center","background-size":"auto","background-attachment":"scroll","background-type":"","background-media":"","overlay-type":"","overlay-color":"","overlay-opacity":"","overlay-gradient":""},"tablet":{"background-color":"var(--ast-global-color-5)","background-image":"","background-repeat":"repeat","background-position":"center center","background-size":"auto","background-attachment":"scroll","background-type":"","background-media":"","overlay-type":"","overlay-color":"","overlay-opacity":"","overlay-gradient":""},"mobile":{"background-color":"var(--ast-global-color-5)","background-image":"","background-repeat":"repeat","background-position":"center center","background-size":"auto","background-attachment":"scroll","background-type":"","background-media":"","overlay-type":"","overlay-color":"","overlay-opacity":"","overlay-gradient":""}},"footnotes":""},"class_list":["post-112","page","type-page","status-publish","hentry"],"yoast_head":"<!-- This site is optimized with the Yoast SEO plugin v27.4 - https:\/\/yoast.com\/product\/yoast-seo-wordpress\/ -->\n<title>UGreenSUGreenS - NATURIB<\/title>\n<meta name=\"robots\" content=\"index, follow, max-snippet:-1, max-image-preview:large, max-video-preview:-1\" \/>\n<link rel=\"canonical\" href=\"https:\/\/grupo.us.es\/naturib\/proyectos\/ugreens\/\" \/>\n<meta property=\"og:locale\" content=\"es_ES\" \/>\n<meta property=\"og:type\" content=\"article\" \/>\n<meta property=\"og:title\" content=\"UGreenSUGreenS - NATURIB\" \/>\n<meta property=\"og:description\" content=\"La Universidad de Sevilla participa en el proyecto Leonardo Transfer of innovation titulado \u2018Urban Greening Systems for the Mediterranean Region\u2019 (UGreenS). El profesor de la US Luis P\u00e9rez Urrestarazu es el coordinador espa\u00f1ol del proyecto y tambi\u00e9n participan Rafael Fern\u00e1ndez Ca\u00f1ero, Gregorio Egea Cegarra y Antonio Franco Salas. UGreenS est\u00e1 formado por un consorcio de [&hellip;]\" \/>\n<meta property=\"og:url\" content=\"https:\/\/grupo.us.es\/naturib\/proyectos\/ugreens\/\" \/>\n<meta property=\"og:site_name\" content=\"NATURIB\" \/>\n<meta property=\"article:modified_time\" content=\"2015-10-05T14:38:10+00:00\" \/>\n<meta property=\"og:image\" content=\"http:\/\/grupo.us.es\/naturib\/wp-content\/uploads\/2014\/11\/ugreens-300x145.png\" \/>\n<meta name=\"twitter:label1\" content=\"Tiempo de lectura\" \/>\n\t<meta name=\"twitter:data1\" content=\"5 minutes\" \/>\n<script type=\"application\/ld+json\" class=\"yoast-schema-graph\">{\"@context\":\"https:\\\/\\\/schema.org\",\"@graph\":[{\"@type\":\"WebPage\",\"@id\":\"https:\\\/\\\/grupo.us.es\\\/naturib\\\/proyectos\\\/ugreens\\\/\",\"url\":\"https:\\\/\\\/grupo.us.es\\\/naturib\\\/proyectos\\\/ugreens\\\/\",\"name\":\"UGreenSUGreenS - NATURIB\",\"isPartOf\":{\"@id\":\"https:\\\/\\\/grupo.us.es\\\/naturib\\\/#website\"},\"primaryImageOfPage\":{\"@id\":\"https:\\\/\\\/grupo.us.es\\\/naturib\\\/proyectos\\\/ugreens\\\/#primaryimage\"},\"image\":{\"@id\":\"https:\\\/\\\/grupo.us.es\\\/naturib\\\/proyectos\\\/ugreens\\\/#primaryimage\"},\"thumbnailUrl\":\"http:\\\/\\\/grupo.us.es\\\/naturib\\\/wp-content\\\/uploads\\\/2014\\\/11\\\/ugreens-300x145.png\",\"datePublished\":\"2015-01-22T12:04:26+00:00\",\"dateModified\":\"2015-10-05T14:38:10+00:00\",\"breadcrumb\":{\"@id\":\"https:\\\/\\\/grupo.us.es\\\/naturib\\\/proyectos\\\/ugreens\\\/#breadcrumb\"},\"inLanguage\":\"es-ES\",\"potentialAction\":[{\"@type\":\"ReadAction\",\"target\":[\"https:\\\/\\\/grupo.us.es\\\/naturib\\\/proyectos\\\/ugreens\\\/\"]}]},{\"@type\":\"ImageObject\",\"inLanguage\":\"es-ES\",\"@id\":\"https:\\\/\\\/grupo.us.es\\\/naturib\\\/proyectos\\\/ugreens\\\/#primaryimage\",\"url\":\"http:\\\/\\\/grupo.us.es\\\/naturib\\\/wp-content\\\/uploads\\\/2014\\\/11\\\/ugreens-300x145.png\",\"contentUrl\":\"http:\\\/\\\/grupo.us.es\\\/naturib\\\/wp-content\\\/uploads\\\/2014\\\/11\\\/ugreens-300x145.png\"},{\"@type\":\"BreadcrumbList\",\"@id\":\"https:\\\/\\\/grupo.us.es\\\/naturib\\\/proyectos\\\/ugreens\\\/#breadcrumb\",\"itemListElement\":[{\"@type\":\"ListItem\",\"position\":1,\"name\":\"Home\",\"item\":\"https:\\\/\\\/grupo.us.es\\\/naturib\\\/\"},{\"@type\":\"ListItem\",\"position\":2,\"name\":\"Proyects\",\"item\":\"https:\\\/\\\/grupo.us.es\\\/naturib\\\/proyectos\\\/\"},{\"@type\":\"ListItem\",\"position\":3,\"name\":\"UGreenS\"}]},{\"@type\":\"WebSite\",\"@id\":\"https:\\\/\\\/grupo.us.es\\\/naturib\\\/#website\",\"url\":\"https:\\\/\\\/grupo.us.es\\\/naturib\\\/\",\"name\":\"NATURIB\",\"description\":\"Grupo de Investigaci\u00f3n de Naturaci\u00f3n Urbana e Ingenier\u00eda de Biosistemas\",\"publisher\":{\"@id\":\"https:\\\/\\\/grupo.us.es\\\/naturib\\\/#organization\"},\"potentialAction\":[{\"@type\":\"SearchAction\",\"target\":{\"@type\":\"EntryPoint\",\"urlTemplate\":\"https:\\\/\\\/grupo.us.es\\\/naturib\\\/?s={search_term_string}\"},\"query-input\":{\"@type\":\"PropertyValueSpecification\",\"valueRequired\":true,\"valueName\":\"search_term_string\"}}],\"inLanguage\":\"es-ES\"},{\"@type\":\"Organization\",\"@id\":\"https:\\\/\\\/grupo.us.es\\\/naturib\\\/#organization\",\"name\":\"NATURIB\",\"url\":\"https:\\\/\\\/grupo.us.es\\\/naturib\\\/\",\"logo\":{\"@type\":\"ImageObject\",\"inLanguage\":\"es-ES\",\"@id\":\"https:\\\/\\\/grupo.us.es\\\/naturib\\\/#\\\/schema\\\/logo\\\/image\\\/\",\"url\":\"https:\\\/\\\/grupo.us.es\\\/naturib\\\/wp-content\\\/uploads\\\/2022\\\/09\\\/logo-web-transparente.png\",\"contentUrl\":\"https:\\\/\\\/grupo.us.es\\\/naturib\\\/wp-content\\\/uploads\\\/2022\\\/09\\\/logo-web-transparente.png\",\"width\":249,\"height\":250,\"caption\":\"NATURIB\"},\"image\":{\"@id\":\"https:\\\/\\\/grupo.us.es\\\/naturib\\\/#\\\/schema\\\/logo\\\/image\\\/\"}}]}<\/script>\n<!-- \/ Yoast SEO plugin. -->","yoast_head_json":{"title":"UGreenSUGreenS - NATURIB","robots":{"index":"index","follow":"follow","max-snippet":"max-snippet:-1","max-image-preview":"max-image-preview:large","max-video-preview":"max-video-preview:-1"},"canonical":"https:\/\/grupo.us.es\/naturib\/proyectos\/ugreens\/","og_locale":"es_ES","og_type":"article","og_title":"UGreenSUGreenS - NATURIB","og_description":"La Universidad de Sevilla participa en el proyecto Leonardo Transfer of innovation titulado \u2018Urban Greening Systems for the Mediterranean Region\u2019 (UGreenS). El profesor de la US Luis P\u00e9rez Urrestarazu es el coordinador espa\u00f1ol del proyecto y tambi\u00e9n participan Rafael Fern\u00e1ndez Ca\u00f1ero, Gregorio Egea Cegarra y Antonio Franco Salas. UGreenS est\u00e1 formado por un consorcio de [&hellip;]","og_url":"https:\/\/grupo.us.es\/naturib\/proyectos\/ugreens\/","og_site_name":"NATURIB","article_modified_time":"2015-10-05T14:38:10+00:00","og_image":[{"url":"http:\/\/grupo.us.es\/naturib\/wp-content\/uploads\/2014\/11\/ugreens-300x145.png","type":"","width":"","height":""}],"twitter_misc":{"Tiempo de lectura":"5 minutes"},"schema":{"@context":"https:\/\/schema.org","@graph":[{"@type":"WebPage","@id":"https:\/\/grupo.us.es\/naturib\/proyectos\/ugreens\/","url":"https:\/\/grupo.us.es\/naturib\/proyectos\/ugreens\/","name":"UGreenSUGreenS - NATURIB","isPartOf":{"@id":"https:\/\/grupo.us.es\/naturib\/#website"},"primaryImageOfPage":{"@id":"https:\/\/grupo.us.es\/naturib\/proyectos\/ugreens\/#primaryimage"},"image":{"@id":"https:\/\/grupo.us.es\/naturib\/proyectos\/ugreens\/#primaryimage"},"thumbnailUrl":"http:\/\/grupo.us.es\/naturib\/wp-content\/uploads\/2014\/11\/ugreens-300x145.png","datePublished":"2015-01-22T12:04:26+00:00","dateModified":"2015-10-05T14:38:10+00:00","breadcrumb":{"@id":"https:\/\/grupo.us.es\/naturib\/proyectos\/ugreens\/#breadcrumb"},"inLanguage":"es-ES","potentialAction":[{"@type":"ReadAction","target":["https:\/\/grupo.us.es\/naturib\/proyectos\/ugreens\/"]}]},{"@type":"ImageObject","inLanguage":"es-ES","@id":"https:\/\/grupo.us.es\/naturib\/proyectos\/ugreens\/#primaryimage","url":"http:\/\/grupo.us.es\/naturib\/wp-content\/uploads\/2014\/11\/ugreens-300x145.png","contentUrl":"http:\/\/grupo.us.es\/naturib\/wp-content\/uploads\/2014\/11\/ugreens-300x145.png"},{"@type":"BreadcrumbList","@id":"https:\/\/grupo.us.es\/naturib\/proyectos\/ugreens\/#breadcrumb","itemListElement":[{"@type":"ListItem","position":1,"name":"Home","item":"https:\/\/grupo.us.es\/naturib\/"},{"@type":"ListItem","position":2,"name":"Proyects","item":"https:\/\/grupo.us.es\/naturib\/proyectos\/"},{"@type":"ListItem","position":3,"name":"UGreenS"}]},{"@type":"WebSite","@id":"https:\/\/grupo.us.es\/naturib\/#website","url":"https:\/\/grupo.us.es\/naturib\/","name":"NATURIB","description":"Grupo de Investigaci\u00f3n de Naturaci\u00f3n Urbana e Ingenier\u00eda de Biosistemas","publisher":{"@id":"https:\/\/grupo.us.es\/naturib\/#organization"},"potentialAction":[{"@type":"SearchAction","target":{"@type":"EntryPoint","urlTemplate":"https:\/\/grupo.us.es\/naturib\/?s={search_term_string}"},"query-input":{"@type":"PropertyValueSpecification","valueRequired":true,"valueName":"search_term_string"}}],"inLanguage":"es-ES"},{"@type":"Organization","@id":"https:\/\/grupo.us.es\/naturib\/#organization","name":"NATURIB","url":"https:\/\/grupo.us.es\/naturib\/","logo":{"@type":"ImageObject","inLanguage":"es-ES","@id":"https:\/\/grupo.us.es\/naturib\/#\/schema\/logo\/image\/","url":"https:\/\/grupo.us.es\/naturib\/wp-content\/uploads\/2022\/09\/logo-web-transparente.png","contentUrl":"https:\/\/grupo.us.es\/naturib\/wp-content\/uploads\/2022\/09\/logo-web-transparente.png","width":249,"height":250,"caption":"NATURIB"},"image":{"@id":"https:\/\/grupo.us.es\/naturib\/#\/schema\/logo\/image\/"}}]}},"_links":{"self":[{"href":"https:\/\/grupo.us.es\/naturib\/wp-json\/wp\/v2\/pages\/112","targetHints":{"allow":["GET"]}}],"collection":[{"href":"https:\/\/grupo.us.es\/naturib\/wp-json\/wp\/v2\/pages"}],"about":[{"href":"https:\/\/grupo.us.es\/naturib\/wp-json\/wp\/v2\/types\/page"}],"author":[{"embeddable":true,"href":"https:\/\/grupo.us.es\/naturib\/wp-json\/wp\/v2\/users\/1"}],"replies":[{"embeddable":true,"href":"https:\/\/grupo.us.es\/naturib\/wp-json\/wp\/v2\/comments?post=112"}],"version-history":[{"count":5,"href":"https:\/\/grupo.us.es\/naturib\/wp-json\/wp\/v2\/pages\/112\/revisions"}],"predecessor-version":[{"id":186,"href":"https:\/\/grupo.us.es\/naturib\/wp-json\/wp\/v2\/pages\/112\/revisions\/186"}],"up":[{"embeddable":true,"href":"https:\/\/grupo.us.es\/naturib\/wp-json\/wp\/v2\/pages\/38"}],"wp:attachment":[{"href":"https:\/\/grupo.us.es\/naturib\/wp-json\/wp\/v2\/media?parent=112"}],"curies":[{"name":"wp","href":"https:\/\/api.w.org\/{rel}","templated":true}]}}