{"id":5575,"date":"2024-06-19T15:40:28","date_gmt":"2024-06-19T15:40:28","guid":{"rendered":"https:\/\/grupo.us.es\/mujeryeducacion\/?page_id=5575"},"modified":"2024-06-27T07:07:59","modified_gmt":"2024-06-27T07:07:59","slug":"148-mapa-de-espana","status":"publish","type":"page","link":"https:\/\/grupo.us.es\/mujeryeducacion\/148-mapa-de-espana\/","title":{"rendered":"148. Mapa de espa\u00f1a"},"content":{"rendered":"<p>[et_pb_section fb_built=\u00bb1&#8243; _builder_version=\u00bb4.17.4&#8243; _module_preset=\u00bbdefault\u00bb background_color=\u00bb#F6EFE7&#8243; custom_padding=\u00bb2px|||||\u00bb custom_css_main_element=\u00bbdisplay=flex;\u00bb global_colors_info=\u00bb{}\u00bb][et_pb_row _builder_version=\u00bb4.17.4&#8243; _module_preset=\u00bbdefault\u00bb width=\u00bb100%\u00bb max_width=\u00bb2560px\u00bb custom_padding=\u00bb0px|||||\u00bb global_colors_info=\u00bb{}\u00bb][et_pb_column type=\u00bb4_4&#8243; _builder_version=\u00bb4.17.4&#8243; _module_preset=\u00bbdefault\u00bb global_colors_info=\u00bb{}\u00bb][et_pb_slider _builder_version=\u00bb4.17.4&#8243; _module_preset=\u00bbdefault\u00bb global_colors_info=\u00bb{}\u00bb][et_pb_slide image=\u00bbhttps:\/\/grupo.us.es\/mujeryeducacion\/wp-content\/uploads\/2024\/06\/Mapa-de-espana.jpg\u00bb _builder_version=\u00bb4.17.4&#8243; _module_preset=\u00bbdefault\u00bb background_color=\u00bbRGBA(255,255,255,0)\u00bb background_enable_color=\u00bbon\u00bb background_image=\u00bbhttps:\/\/grupo.us.es\/mujeryeducacion\/wp-content\/uploads\/2024\/06\/Mapa-de-espana.jpg\u00bb background_enable_image=\u00bbon\u00bb global_colors_info=\u00bb{}\u00bb sticky_transition=\u00bbon\u00bb][\/et_pb_slide][\/et_pb_slider][\/et_pb_column][\/et_pb_row][et_pb_row column_structure=\u00bb2_5,3_5&#8243; make_equal=\u00bbon\u00bb _builder_version=\u00bb4.17.4&#8243; _module_preset=\u00bbdefault\u00bb width=\u00bb100%\u00bb max_width=\u00bb2560px\u00bb global_colors_info=\u00bb{}\u00bb][et_pb_column type=\u00bb2_5&#8243; _builder_version=\u00bb4.17.4&#8243; _module_preset=\u00bbdefault\u00bb global_colors_info=\u00bb{}\u00bb][et_pb_image src=\u00bbhttps:\/\/grupo.us.es\/mujeryeducacion\/wp-content\/uploads\/2023\/07\/0-Logo-Museo-Pedagogico-transparente-e1689854632950.png\u00bb title_text=\u00bb0-Logo-Museo-Pedagogico-transparente-recortado\u00bb align_tablet=\u00bb\u00bb align_phone=\u00bbcenter\u00bb align_last_edited=\u00bbon|phone\u00bb _builder_version=\u00bb4.17.4&#8243; _module_preset=\u00bbdefault\u00bb width=\u00bb50%\u00bb width_tablet=\u00bb70%\u00bb width_phone=\u00bb70%\u00bb width_last_edited=\u00bbon|tablet\u00bb module_alignment_tablet=\u00bbcenter\u00bb module_alignment_phone=\u00bbcenter\u00bb module_alignment_last_edited=\u00bbon|tablet\u00bb global_colors_info=\u00bb{}\u00bb][\/et_pb_image][\/et_pb_column][et_pb_column type=\u00bb3_5&#8243; _builder_version=\u00bb4.17.4&#8243; _module_preset=\u00bbdefault\u00bb global_colors_info=\u00bb{}\u00bb][et_pb_text content_tablet=\u00bb<\/p>\n<p><strong><\/strong><\/p>\n<p style=%22text-align: center;%22><strong>MAPA DE ESPA\u00d1A<\/strong><\/p>\n<p>\u00bb content_phone=\u00bb<\/p>\n<p><strong><\/strong><\/p>\n<p style=%22text-align: center;%22><strong>MAPA DE ESPA\u00d1A<\/strong><\/p>\n<p>\u00bb content_last_edited=\u00bbon|phone\u00bb _builder_version=\u00bb4.17.4&#8243; _module_preset=\u00bbdefault\u00bb text_text_color=\u00bb#000000&#8243; text_font_size=\u00bb58px\u00bb transform_scale_tablet=\u00bb\u00bb transform_scale_phone=\u00bb\u00bb transform_scale_last_edited=\u00bbon|tablet\u00bb transform_translate=\u00bb-104px|-26px\u00bb transform_translate_tablet=\u00bb72px|-7px\u00bb transform_translate_phone=\u00bb64px|-7px\u00bb transform_translate_last_edited=\u00bbon|tablet\u00bb transform_rotate_tablet=\u00bb\u00bb transform_rotate_phone=\u00bb\u00bb transform_rotate_last_edited=\u00bbon|tablet\u00bb transform_skew_tablet=\u00bb\u00bb transform_skew_phone=\u00bb\u00bb transform_skew_last_edited=\u00bbon|tablet\u00bb transform_origin_tablet=\u00bb\u00bb transform_origin_phone=\u00bb\u00bb transform_origin_last_edited=\u00bbon|tablet\u00bb transform_styles_last_edited=\u00bbon|tablet\u00bb custom_margin=\u00bb|||-127px||\u00bb text_font_size_tablet=\u00bb58px\u00bb text_font_size_phone=\u00bb42px\u00bb text_font_size_last_edited=\u00bbon|phone\u00bb transform_styles_tablet=\u00bb\u00bb transform_styles_phone=\u00bb\u00bb module_alignment_tablet=\u00bbcenter\u00bb module_alignment_phone=\u00bbcenter\u00bb module_alignment_last_edited=\u00bbon|tablet\u00bb global_colors_info=\u00bb{}\u00bb]<\/p>\n<p><strong><\/strong><\/p>\n<p><strong>\u00a0 \u00a0 \u00a0 \u00a0\u00a0 MAPA DE ESPA\u00d1A<\/strong><\/p>\n<p>[\/et_pb_text][et_pb_text content_tablet=\u00bb<\/p>\n<p style=%22text-align: center;%22><strong><\/strong><\/p>\n<p style=%22text-align: center;%22><strong>DESCUBRIENDO LA PEN\u00cdNSULA<\/strong><\/p>\n<p style=%22text-align: center;%22><strong> IB\u00c9RICA Y SUS MARES. <\/strong><\/p>\n<p style=%22text-align: center;%22><strong>EL MAPA A RELIEVE <\/strong><\/p>\n<p style=%22text-align: center;%22><strong>COMO RECURSO DID\u00c1CTICO EN ESPA\u00d1A<\/strong><\/p>\n<p>\u00bb content_phone=\u00bb<\/p>\n<p style=%22text-align: center;%22><strong><\/strong><\/p>\n<p style=%22text-align: center;%22><strong>DESCUBRIENDO LA <\/strong><\/p>\n<p style=%22text-align: center;%22><strong>PEN\u00cdNSULA IB\u00c9RICA Y <\/strong><\/p>\n<p style=%22text-align: center;%22><strong>SUS MARES. EL MAPA A <\/strong><\/p>\n<p style=%22text-align: center;%22><strong>RELIEVE COMO <\/strong><\/p>\n<p style=%22text-align: center;%22><strong>RECURSO DID\u00c1CTICO <\/strong><\/p>\n<p style=%22text-align: center;%22><strong>EN ESPA\u00d1A<\/strong><\/p>\n<p>\u00bb content_last_edited=\u00bbon|phone\u00bb _builder_version=\u00bb4.17.4&#8243; _module_preset=\u00bbdefault\u00bb text_text_color=\u00bb#8E8E8E\u00bb text_font_size=\u00bb32px\u00bb text_line_height=\u00bb1.8em\u00bb transform_scale_tablet=\u00bb\u00bb transform_scale_phone=\u00bb\u00bb transform_scale_last_edited=\u00bbon|tablet\u00bb transform_translate_tablet=\u00bb151px|-10px\u00bb transform_translate_phone=\u00bb151px|-10px\u00bb transform_translate_last_edited=\u00bbon|tablet\u00bb transform_rotate_tablet=\u00bb\u00bb transform_rotate_phone=\u00bb\u00bb transform_rotate_last_edited=\u00bbon|tablet\u00bb transform_skew_tablet=\u00bb\u00bb transform_skew_phone=\u00bb\u00bb transform_skew_last_edited=\u00bbon|tablet\u00bb transform_origin_tablet=\u00bb\u00bb transform_origin_phone=\u00bb\u00bb transform_origin_last_edited=\u00bbon|tablet\u00bb transform_styles_last_edited=\u00bbon|tablet\u00bb custom_margin=\u00bb|||-295px||\u00bb hover_enabled=\u00bb0&#8243; text_font_size_tablet=\u00bb32px\u00bb text_font_size_phone=\u00bb24px\u00bb text_font_size_last_edited=\u00bbon|desktop\u00bb transform_styles_tablet=\u00bb\u00bb transform_styles_phone=\u00bb\u00bb global_colors_info=\u00bb{}\u00bb sticky_enabled=\u00bb0&#8243;]<\/p>\n<p><strong>\u00a0 DESCUBRIENDO LA PEN\u00cdNSULA IB\u00c9RICA Y SUS MARES. <\/strong><\/p>\n<p><strong>\u00a0 \u00a0 \u00a0 \u00a0 \u00a0 \u00a0 \u00a0 \u00a0 \u00a0 EL MAPA A RELIEVE COMO RECURSO<\/strong><\/p>\n<p><strong>\u00a0 \u00a0 \u00a0 \u00a0 \u00a0 \u00a0 \u00a0 \u00a0 \u00a0 \u00a0 \u00a0 \u00a0 \u00a0 \u00a0 \u00a0 \u00a0 DID\u00c1CTICO EN ESPA\u00d1A<\/strong><\/p>\n<p>[\/et_pb_text][\/et_pb_column][\/et_pb_row][et_pb_row _builder_version=\u00bb4.17.4&#8243; _module_preset=\u00bbdefault\u00bb global_colors_info=\u00bb{}\u00bb][et_pb_column type=\u00bb4_4&#8243; _builder_version=\u00bb4.17.4&#8243; _module_preset=\u00bbdefault\u00bb global_colors_info=\u00bb{}\u00bb][et_pb_text _builder_version=\u00bb4.17.4&#8243; _module_preset=\u00bbdefault\u00bb global_colors_info=\u00bb{}\u00bb]<\/p>\n<h1 style=\"text-align: center;\">Carlos Sanz Sim\u00f3n<\/h1>\n<p><span class=\"EOP SCXW150617363 BCX9\" data-ccp-props=\"{&quot;201341983&quot;:0,&quot;335551550&quot;:3,&quot;335551620&quot;:3,&quot;335559739&quot;:0,&quot;335559740&quot;:240}\"><span class=\"EOP SCXW184100114 BCX9\" data-ccp-props=\"{&quot;201341983&quot;:0,&quot;335551550&quot;:3,&quot;335551620&quot;:3,&quot;335559739&quot;:0,&quot;335559740&quot;:240}\"><span data-contrast=\"auto\" xml:lang=\"ES-ES\" lang=\"ES-ES\" class=\"TextRun SCXW37953205 BCX9\"><span class=\"NormalTextRun SCXW37953205 BCX9\"><span data-contrast=\"auto\" xml:lang=\"ES-ES\" lang=\"ES-ES\" class=\"TextRun SCXW144867011 BCX9\"><span class=\"NormalTextRun SCXW144867011 BCX9\"><span class=\"EOP SCXW91137730 BCX9\" data-ccp-props=\"{&quot;335551550&quot;:3,&quot;335551620&quot;:3}\"><\/span><\/span><\/span><\/span><\/span><\/span><\/span><\/p>\n<h4 style=\"text-align: center;\">Universidad Complutense de Madrid<\/h4>\n<p><span data-contrast=\"auto\" xml:lang=\"ES-ES\" lang=\"ES-ES\" class=\"TextRun SCXW38795511 BCX9\"><span class=\"NormalTextRun SCXW38795511 BCX9\"><\/span><\/span><\/p>\n<p style=\"text-align: center;\"><span data-contrast=\"auto\"><\/span><\/p>\n<h6 style=\"text-align: center;\"><span style=\"color: #8e8e8e;\"><span data-contrast=\"none\" xml:lang=\"ES-ES\" lang=\"ES-ES\" class=\"TextRun Underlined SCXW183494506 BCX9\" style=\"color: #8e8e8e;\"><span class=\"NormalTextRun SCXW183494506 BCX9\" data-ccp-charstyle=\"Hyperlink\"><a class=\"Hyperlink SCXW183494506 BCX9\" href=\"mailto:eulalia@uvic.cat\" target=\"_blank\" rel=\"noreferrer noopener\">csa02@ucm.es<\/a><\/span><\/span><\/span><\/h6>\n<p>[\/et_pb_text][\/et_pb_column][\/et_pb_row][et_pb_row column_structure=\u00bb1_4,3_4&#8243; _builder_version=\u00bb4.17.4&#8243; _module_preset=\u00bbdefault\u00bb width=\u00bb100%\u00bb max_width=\u00bb2560px\u00bb global_colors_info=\u00bb{}\u00bb][et_pb_column type=\u00bb1_4&#8243; _builder_version=\u00bb4.17.4&#8243; _module_preset=\u00bbdefault\u00bb global_colors_info=\u00bb{}\u00bb][et_pb_image src=\u00bbhttps:\/\/grupo.us.es\/mujeryeducacion\/wp-content\/uploads\/2024\/06\/Mapa-de-espana.jpg\u00bb title_text=\u00bbMapa de espa\u00f1a\u00bb align_tablet=\u00bbcenter\u00bb align_phone=\u00bbcenter\u00bb align_last_edited=\u00bbon|tablet\u00bb _builder_version=\u00bb4.17.4&#8243; _module_preset=\u00bbdefault\u00bb width=\u00bb100%\u00bb max_width=\u00bb100%\u00bb max_width_tablet=\u00bb100%\u00bb max_width_phone=\u00bb89%\u00bb max_width_last_edited=\u00bbon|phone\u00bb custom_margin=\u00bb||28px|20px|false|false\u00bb global_colors_info=\u00bb{}\u00bb][\/et_pb_image][et_pb_text content_tablet=\u00bb<\/p>\n<p style=%22text-align: center;%22><strong>Pandereta. Museo Pedag\u00f3gico de la Facultad de Ciencias de la Educaci\u00f3n de la Universidad de Sevilla<\/strong><\/p>\n<p>\u00bb content_phone=\u00bb<\/p>\n<p style=%22text-align: center;%22><strong>Pandereta. Museo Pedag\u00f3gico de la Facultad de Ciencias de la Educaci\u00f3n de la Universidad de Sevilla<\/strong><\/p>\n<p>\u00bb content_last_edited=\u00bboff|desktop\u00bb _builder_version=\u00bb4.17.4&#8243; _module_preset=\u00bbdefault\u00bb custom_margin=\u00bb|||20px|false|false\u00bb global_colors_info=\u00bb{}\u00bb]<\/p>\n<p><strong>Imagen: Cuadro de mapa de Espa\u00f1a en relieve.<\/strong><\/p>\n<p><strong>Museo Complutense de Educaci\u00f3n. Universidad Complutense de Madrid.<\/strong><\/p>\n<p>[\/et_pb_text][\/et_pb_column][et_pb_column type=\u00bb3_4&#8243; _builder_version=\u00bb4.17.4&#8243; _module_preset=\u00bbdefault\u00bb global_colors_info=\u00bb{}\u00bb][et_pb_text _builder_version=\u00bb4.17.4&#8243; _module_preset=\u00bbdefault\u00bb text_text_color=\u00bb#000000&#8243; text_font_size=\u00bb18px\u00bb text_line_height=\u00bb1.8em\u00bb max_width_tablet=\u00bb95%\u00bb max_width_phone=\u00bb90%\u00bb max_width_last_edited=\u00bbon|tablet\u00bb custom_margin_tablet=\u00bb|||20px|false|false\u00bb custom_margin_phone=\u00bb|||20px|false|false\u00bb custom_margin_last_edited=\u00bbon|tablet\u00bb text_font_size_tablet=\u00bb16px\u00bb text_font_size_phone=\u00bb16px\u00bb text_font_size_last_edited=\u00bbon|tablet\u00bb global_colors_info=\u00bb{}\u00bb]<\/p>\n<p><strong>La ense\u00f1anza de la Geograf\u00eda ha formado parte del sistema educativo espa\u00f1ol desde su origen. El Informe Quintana, en 1813, incorporaba esta materia como parte de la segunda ense\u00f1anza. Adem\u00e1s, era requisito superarla para poder acceder a la tercera ense\u00f1anza, esto es, los estudios superiores.<\/strong><strong>\u00a0<\/strong><\/p>\n<p><strong>Desde entonces, la conformaci\u00f3n de esta disciplina ha perdurado en nuestra educaci\u00f3n, expl\u00edcita o impl\u00edcitamente. Y tambi\u00e9n ha sido sujeto de replanteamientos y renovaciones pedag\u00f3gicas en sus metodolog\u00edas y materiales. Uno de los m\u00e1s utilizados han sido los mapas.<\/strong><strong>\u00a0<\/strong><\/p>\n<p><strong>Con la instauraci\u00f3n de la Ley de Instrucci\u00f3n Primaria de 1857 comenz\u00f3 la distribuci\u00f3n a gran escala de manuales escolares y otros materiales complementarios. Ya entonces en los manuales de geograf\u00eda se colaban los mapas generales del reino como un recurso indispensable para este saber. Tal fue su importancia que el <em>Reglamento de Instrucci\u00f3n Primaria <\/em>publicado en junio de 1868 afirmaba que \u201cen Geograf\u00eda el principal auxiliar de la ense\u00f1anza ha de ser el mapa, que debe preceder al libro y a\u00fan suplirlo\u201d (Real Orden, 1868: 3).<\/strong><\/p>\n<p><strong>As\u00ed las cosas, este material se convirti\u00f3 en una herramienta b\u00e1sica tanto en papel, como en libros, paredes\u2026 y tambi\u00e9n en fachadas y suelos. Precisamente, hacia finales del siglo XIX y principios del XX, y auspiciado por las nuevas corrientes pedag\u00f3gicas europeas, el mapa fue objeto de transformaciones para hacer de \u00e9l un recurso intuitivo y vivencial. Llegaron as\u00ed los mapas a relieve de la pen\u00ednsula ib\u00e9rica.<\/strong><\/p>\n<p>[\/et_pb_text][\/et_pb_column][\/et_pb_row][et_pb_row column_structure=\u00bb2_3,1_3&#8243; _builder_version=\u00bb4.17.4&#8243; _module_preset=\u00bbdefault\u00bb width=\u00bb100%\u00bb max_width=\u00bb2560px\u00bb custom_padding=\u00bb41px|||||\u00bb global_colors_info=\u00bb{}\u00bb][et_pb_column type=\u00bb2_3&#8243; _builder_version=\u00bb4.17.4&#8243; _module_preset=\u00bbdefault\u00bb global_colors_info=\u00bb{}\u00bb][et_pb_text _builder_version=\u00bb4.17.4&#8243; _module_preset=\u00bbdefault\u00bb text_text_color=\u00bb#000000&#8243; text_font_size=\u00bb18px\u00bb text_line_height=\u00bb1.8em\u00bb max_width_tablet=\u00bb95%\u00bb max_width_phone=\u00bb90%\u00bb max_width_last_edited=\u00bbon|tablet\u00bb custom_margin=\u00bb|||20px|false|false\u00bb text_font_size_tablet=\u00bb16px\u00bb text_font_size_phone=\u00bb16px\u00bb text_font_size_last_edited=\u00bbon|tablet\u00bb global_colors_info=\u00bb{}\u00bb]<\/p>\n<p><strong>En 1861 existen ya pruebas de la adquisici\u00f3n de mapas de Espa\u00f1a a relieve, y en 1892 se presentar\u00edan sus bondades did\u00e1cticas. <em>La Escuela Moderna <\/em>se har\u00eda eco del mapa peninsular hipsom\u00e9trico dise\u00f1ado por Federico de Botella, inspector general del Cuerpo de Ingenieros de Minas y vicepresidente de la Sociedad Geogr\u00e1fica de Madrid. En dicho mapa \u2014de una escala de 1 por 2.000.000\u2014 se contaba con numerosos detalles topogr\u00e1ficos, tales como itinerarios de ferrocarril o cuencas hidrogr\u00e1ficas (Coello, 1892). Sus ventajas no solo se estudiaron en el \u00e1mbito educativo, sino tambi\u00e9n en el militar y en las comunicaciones.<\/strong><\/p>\n<p><strong>No obstante, su recomendaci\u00f3n masiva llegar\u00eda a nivel estatal a principios del siglo XX de la mano de una mujer. Desde 1900, con el reci\u00e9n creado ministerio de Instrucci\u00f3n P\u00fablica y Bellas Artes, se sugiri\u00f3 a los directores de los centros educativos y de escuelas normales la adquisici\u00f3n de este mapa, el cual figuraba en propiedad de Regina P\u00e9rez Alem\u00e1n, maestra nacional de Guadamur (Toledo)<a href=\"#_ftn1\" name=\"_ftnref1\">[1]<\/a>. Pese a que se reconoc\u00eda la dificultad de su adquisici\u00f3n por su elevado coste, esta se recomendaba por ser \u201cun medio de instrucci\u00f3n tan gr\u00e1fico en orden a la hidrolog\u00eda y orograf\u00eda de la Pen\u00ednsula Ib\u00e9rica\u201d (Ministerio de Instrucci\u00f3n P\u00fablica y Bellas Artes, 1902: 525). Posteriormente, su uso se extender\u00eda a partir de la primera d\u00e9cada (Pozo, 1993-94), y se prorrog\u00f3 durante el siglo XX en escuelas de distinta titularidad (\u00c1lvarez, 2012; Fern\u00e1ndez, 2019; Viz, 2021). Por su material y disposici\u00f3n, fue una herramienta asociada a la ense\u00f1anza al aire libre.<\/strong><\/p>\n<p><strong><a href=\"#_ftnref1\" name=\"_ftn1\">[1]<\/a> El tama\u00f1o de los mapas oscilaba entre los 0,46 por 0,40 metros a los 1,00 por 1,31 metros y ten\u00edan un precio de entre 80 y 300 pesetas en 1909, tal y como figuraban en los anuncios de la prensa pedag\u00f3gica de la \u00e9poca.<\/strong><\/p>\n<p>[\/et_pb_text][\/et_pb_column][et_pb_column type=\u00bb1_3&#8243; _builder_version=\u00bb4.17.4&#8243; _module_preset=\u00bbdefault\u00bb global_colors_info=\u00bb{}\u00bb][et_pb_image src=\u00bbhttps:\/\/grupo.us.es\/mujeryeducacion\/wp-content\/uploads\/2024\/06\/Mapa-de-espana.jpg\u00bb title_text=\u00bbMapa de espa\u00f1a\u00bb align_tablet=\u00bbcenter\u00bb align_phone=\u00bbcenter\u00bb align_last_edited=\u00bbon|tablet\u00bb _builder_version=\u00bb4.17.4&#8243; _module_preset=\u00bbdefault\u00bb global_colors_info=\u00bb{}\u00bb][\/et_pb_image][\/et_pb_column][\/et_pb_row][et_pb_row _builder_version=\u00bb4.17.4&#8243; _module_preset=\u00bbdefault\u00bb width=\u00bb90%\u00bb max_width=\u00bb2560px\u00bb custom_margin=\u00bb|||20px|false|false\u00bb global_colors_info=\u00bb{}\u00bb][et_pb_column type=\u00bb4_4&#8243; _builder_version=\u00bb4.17.4&#8243; _module_preset=\u00bbdefault\u00bb global_colors_info=\u00bb{}\u00bb][et_pb_text _builder_version=\u00bb4.17.4&#8243; _module_preset=\u00bbdefault\u00bb text_text_color=\u00bb#000000&#8243; text_font_size=\u00bb18px\u00bb text_line_height=\u00bb1.8em\u00bb max_width_tablet=\u00bb100%\u00bb max_width_phone=\u00bb100%\u00bb max_width_last_edited=\u00bbon|tablet\u00bb text_font_size_tablet=\u00bb16px\u00bb text_font_size_phone=\u00bb16px\u00bb text_font_size_last_edited=\u00bbon|tablet\u00bb global_colors_info=\u00bb{}\u00bb]<\/p>\n<p><strong>Su formato desde entonces ha sido variable y su uso e instalaci\u00f3n se prolongaron durante varias d\u00e9cadas. De estar ubicado en fachadas o pavimentos externos a ser enmarcados y utilizados en las aulas. De una geograf\u00eda f\u00edsica peninsular a la regional. Indicando con mayor o menor escala la serpenteante geograf\u00eda ib\u00e9rica y las principales ciudades y capitales, cubriendo de agua el Atl\u00e1ntico, Cant\u00e1brico y Mediterr\u00e1neo. Generando un aprendizaje significativo de la orograf\u00eda desde la infancia de ni\u00f1as y ni\u00f1os. A\u00fan hoy se puede disfrutar de estos mapas centenarios, lo que demuestra la vigencia de su innovaci\u00f3n y el inter\u00e9s por este patrimonio hist\u00f3rico-educativo.<\/strong><\/p>\n<p>[\/et_pb_text][et_pb_text _builder_version=\u00bb4.17.4&#8243; _module_preset=\u00bbdefault\u00bb text_text_color=\u00bb#000000&#8243; text_font_size=\u00bb18px\u00bb text_line_height=\u00bb1.8em\u00bb max_width_tablet=\u00bb100%\u00bb max_width_phone=\u00bb100%\u00bb max_width_last_edited=\u00bbon|tablet\u00bb text_font_size_tablet=\u00bb16px\u00bb text_font_size_phone=\u00bb16px\u00bb text_font_size_last_edited=\u00bbon|tablet\u00bb global_colors_info=\u00bb{}\u00bb]<\/p>\n<p><strong>Referencias bibliogr\u00e1ficas<\/strong><\/p>\n<p>\u00c1lvarez L\u00e1zaro, Pedro (2012): Pinceladas hist\u00f3ricas sobre la formaci\u00f3n de maestros en Espa\u00f1a. <em>Padres y Maestros, 345<\/em>, 7-8.<\/p>\n<p>Coello, Francisco (1892): Un mapa hipsom\u00e9trico. <em>La Escuela Moderna, Tomo segundo <\/em>(enero-junio).<\/p>\n<p>Fern\u00e1ndez G\u00f3mez, Elena (2019): \u00bbTransformando el jard\u00edn en escuela\u00bb. Las escrituras expuestas en las Escuelas del Ave-Mar\u00eda del Padre Manj\u00f3n. <em>History of Education &amp; Children\u2019s Literature, 14<\/em>(1), 421-447.<\/p>\n<p>Ministerio de Instrucci\u00f3n P\u00fablica y Bellas Artes (1902). Real Orden recomendando a todos los Directores de Centros docentes la adquisici\u00f3n de un mapa de Espa\u00f1a y Portugal, a relieve, propiedad de Do\u00f1a Regina P\u00e9rez Alem\u00e1n. <em>Gaceta de Madrid de 2 de febrero de 1902<\/em>, <em>122<\/em>, 525.<\/p>\n<p>Montero-Pedrera, Ana Mar\u00eda y Real Apolo, Carmelo (2018). La historia oral como recurso hist\u00f3rico-educativo: Testimonios de antiguos alumnos de las escuelas del Ave Mar\u00eda de Dos Hermanas (Sevilla). En Sara Gonz\u00e1lez, Juri Meda, Xavier Motilla Salas y Luigiaurelio Pomante (Eds.): <em>La pr\u00e1ctica educativa. Historia, Memoria y Patrimonio <\/em>(pp. 615-626). Espa\u00f1a: Fahrenhouse.<\/p>\n<p>Pozo Andr\u00e9s, Mar\u00eda del Mar del (1993-94): La utilizaci\u00f3n de parques y jardines como espacios educativos alternativos en Madrid: 1900-1931. <em>Historia de la Educaci\u00f3n: Revista interuniversitaria<\/em>, 12-13, 149-184.<\/p>\n<p>Real Orden de 13 de junio de 1868. <em>Gaceta de Madrid de 19 de junio de 1868, 171<\/em>, 2-5.<\/p>\n<p>Viz Gonz\u00e1lez, Jorge (2021). Docencia y arquitectura en la escuela Tras do Eixo (Teo, Galicia). <em>Cab\u00e1s, 26, <\/em>93-112. En l\u00ednea: <a href=\"https:\/\/doi.org\/10.35072\/CABAS.2021.10.51.016\">https:\/\/doi.org\/10.35072\/CABAS.2021.10.51.016<\/a><\/p>\n<p>[\/et_pb_text][\/et_pb_column][\/et_pb_row][\/et_pb_section]<\/p>\n","protected":false},"excerpt":{"rendered":"<p>\u00a0 \u00a0 \u00a0 \u00a0\u00a0 MAPA DE ESPA\u00d1A\u00a0 DESCUBRIENDO LA PEN\u00cdNSULA IB\u00c9RICA Y SUS MARES. \u00a0 \u00a0 \u00a0 \u00a0 \u00a0 \u00a0 \u00a0 \u00a0 \u00a0 EL MAPA A RELIEVE COMO RECURSO \u00a0 \u00a0 \u00a0 \u00a0 \u00a0 \u00a0 \u00a0 \u00a0 \u00a0 \u00a0 \u00a0 \u00a0 \u00a0 \u00a0 \u00a0 \u00a0 DID\u00c1CTICO EN ESPA\u00d1ACarlos Sanz Sim\u00f3n Universidad Complutense de Madrid csa02@ucm.esImagen: [&hellip;]<\/p>\n","protected":false},"author":1,"featured_media":0,"parent":0,"menu_order":0,"comment_status":"closed","ping_status":"closed","template":"","meta":{"_et_pb_use_builder":"on","_et_pb_old_content":"","_et_gb_content_width":"","footnotes":""},"class_list":["post-5575","page","type-page","status-publish","hentry"],"_links":{"self":[{"href":"https:\/\/grupo.us.es\/mujeryeducacion\/wp-json\/wp\/v2\/pages\/5575","targetHints":{"allow":["GET"]}}],"collection":[{"href":"https:\/\/grupo.us.es\/mujeryeducacion\/wp-json\/wp\/v2\/pages"}],"about":[{"href":"https:\/\/grupo.us.es\/mujeryeducacion\/wp-json\/wp\/v2\/types\/page"}],"author":[{"embeddable":true,"href":"https:\/\/grupo.us.es\/mujeryeducacion\/wp-json\/wp\/v2\/users\/1"}],"replies":[{"embeddable":true,"href":"https:\/\/grupo.us.es\/mujeryeducacion\/wp-json\/wp\/v2\/comments?post=5575"}],"version-history":[{"count":3,"href":"https:\/\/grupo.us.es\/mujeryeducacion\/wp-json\/wp\/v2\/pages\/5575\/revisions"}],"predecessor-version":[{"id":5946,"href":"https:\/\/grupo.us.es\/mujeryeducacion\/wp-json\/wp\/v2\/pages\/5575\/revisions\/5946"}],"wp:attachment":[{"href":"https:\/\/grupo.us.es\/mujeryeducacion\/wp-json\/wp\/v2\/media?parent=5575"}],"curies":[{"name":"wp","href":"https:\/\/api.w.org\/{rel}","templated":true}]}}