{"id":4921,"date":"2023-07-28T10:08:18","date_gmt":"2023-07-28T10:08:18","guid":{"rendered":"https:\/\/grupo.us.es\/mujeryeducacion\/?page_id=4921"},"modified":"2023-09-07T11:06:36","modified_gmt":"2023-09-07T11:06:36","slug":"098-estampas-de-primera-comunion","status":"publish","type":"page","link":"https:\/\/grupo.us.es\/mujeryeducacion\/098-estampas-de-primera-comunion\/","title":{"rendered":"098. Estampas de primera comuni\u00f3n"},"content":{"rendered":"<p>[et_pb_section fb_built=\u00bb1&#8243; _builder_version=\u00bb4.17.4&#8243; _module_preset=\u00bbdefault\u00bb background_color=\u00bb#F6EFE7&#8243; custom_padding=\u00bb2px|||||\u00bb custom_css_main_element=\u00bbdisplay=flex;\u00bb global_colors_info=\u00bb{}\u00bb][et_pb_row _builder_version=\u00bb4.17.4&#8243; _module_preset=\u00bbdefault\u00bb width=\u00bb100%\u00bb max_width=\u00bb2560px\u00bb custom_padding=\u00bb0px|||||\u00bb global_colors_info=\u00bb{}\u00bb][et_pb_column type=\u00bb4_4&#8243; _builder_version=\u00bb4.17.4&#8243; _module_preset=\u00bbdefault\u00bb global_colors_info=\u00bb{}\u00bb][et_pb_slider _builder_version=\u00bb4.17.4&#8243; _module_preset=\u00bbdefault\u00bb global_colors_info=\u00bb{}\u00bb][et_pb_slide image=\u00bbhttps:\/\/grupo.us.es\/mujeryeducacion\/wp-content\/uploads\/2023\/06\/98.jpg\u00bb _builder_version=\u00bb4.17.4&#8243; _module_preset=\u00bbdefault\u00bb background_color=\u00bbRGBA(255,255,255,0)\u00bb background_enable_color=\u00bbon\u00bb background_image=\u00bbhttps:\/\/grupo.us.es\/mujeryeducacion\/wp-content\/uploads\/2023\/06\/98.jpg\u00bb background_enable_image=\u00bbon\u00bb global_colors_info=\u00bb{}\u00bb sticky_transition=\u00bbon\u00bb][\/et_pb_slide][\/et_pb_slider][\/et_pb_column][\/et_pb_row][et_pb_row column_structure=\u00bb2_5,3_5&#8243; make_equal=\u00bbon\u00bb _builder_version=\u00bb4.17.4&#8243; _module_preset=\u00bbdefault\u00bb width=\u00bb100%\u00bb max_width=\u00bb2560px\u00bb global_colors_info=\u00bb{}\u00bb][et_pb_column type=\u00bb2_5&#8243; _builder_version=\u00bb4.17.4&#8243; _module_preset=\u00bbdefault\u00bb global_colors_info=\u00bb{}\u00bb][et_pb_image src=\u00bbhttps:\/\/grupo.us.es\/mujeryeducacion\/wp-content\/uploads\/2023\/07\/0-Logo-Museo-Pedagogico-transparente-e1689854632950.png\u00bb title_text=\u00bb0-Logo-Museo-Pedagogico-transparente-recortado\u00bb align_tablet=\u00bb\u00bb align_phone=\u00bbcenter\u00bb align_last_edited=\u00bbon|phone\u00bb _builder_version=\u00bb4.17.4&#8243; _module_preset=\u00bbdefault\u00bb width=\u00bb50%\u00bb hover_enabled=\u00bb0&#8243; global_colors_info=\u00bb{}\u00bb width_last_edited=\u00bbon|tablet\u00bb sticky_enabled=\u00bb0&#8243; width_tablet=\u00bb70%\u00bb module_alignment_last_edited=\u00bbon|tablet\u00bb module_alignment_tablet=\u00bbcenter\u00bb width_phone=\u00bb70%\u00bb module_alignment_phone=\u00bbcenter\u00bb][\/et_pb_image][\/et_pb_column][et_pb_column type=\u00bb3_5&#8243; _builder_version=\u00bb4.17.4&#8243; _module_preset=\u00bbdefault\u00bb global_colors_info=\u00bb{}\u00bb][et_pb_text content_tablet=\u00bb<\/p>\n<p><strong><\/strong><\/p>\n<p style=%22text-align: center;%22><strong>ESTAMPAS DE PRIMERA<\/strong><\/p>\n<p style=%22text-align: center;%22><strong> COMUNI\u00d3N<\/strong><\/p>\n<p>\u00bb content_phone=\u00bb<\/p>\n<p><strong><\/strong><\/p>\n<p style=%22text-align: center;%22><strong>ESTAMPAS DE <\/strong><\/p>\n<p style=%22text-align: center;%22><strong>PRIMERA <\/strong><\/p>\n<p style=%22text-align: center;%22><strong>COMUNI\u00d3N<\/strong><\/p>\n<p>\u00bb content_last_edited=\u00bbon|phone\u00bb _builder_version=\u00bb4.17.4&#8243; _module_preset=\u00bbdefault\u00bb text_text_color=\u00bb#000000&#8243; text_font_size=\u00bb58px\u00bb transform_scale_tablet=\u00bb\u00bb transform_scale_phone=\u00bb\u00bb transform_scale_last_edited=\u00bbon|tablet\u00bb transform_translate_tablet=\u00bb72px|-7px\u00bb transform_translate_phone=\u00bb64px|-7px\u00bb transform_translate_last_edited=\u00bbon|tablet\u00bb transform_rotate_tablet=\u00bb\u00bb transform_rotate_phone=\u00bb\u00bb transform_rotate_last_edited=\u00bbon|tablet\u00bb transform_skew_tablet=\u00bb\u00bb transform_skew_phone=\u00bb\u00bb transform_skew_last_edited=\u00bbon|tablet\u00bb transform_origin_tablet=\u00bb\u00bb transform_origin_phone=\u00bb\u00bb transform_origin_last_edited=\u00bbon|tablet\u00bb transform_styles_last_edited=\u00bbon|tablet\u00bb custom_margin=\u00bb|||-127px||\u00bb hover_enabled=\u00bb0&#8243; text_font_size_tablet=\u00bb58px\u00bb text_font_size_phone=\u00bb42px\u00bb text_font_size_last_edited=\u00bbon|phone\u00bb transform_styles_tablet=\u00bb\u00bb transform_styles_phone=\u00bb\u00bb module_alignment_tablet=\u00bbcenter\u00bb module_alignment_phone=\u00bbcenter\u00bb module_alignment_last_edited=\u00bbon|tablet\u00bb global_colors_info=\u00bb{}\u00bb transform_translate=\u00bb-104px|-26px\u00bb sticky_enabled=\u00bb0&#8243;]<\/p>\n<p><strong><\/strong><\/p>\n<p><strong>ESTAMPAS DE PRIMERA<\/strong><\/p>\n<p><strong>\u00a0 \u00a0 \u00a0 \u00a0 \u00a0 COMUNI\u00d3N<\/strong><\/p>\n<p>[\/et_pb_text][et_pb_text content_tablet=\u00bb<\/p>\n<p style=%22text-align: center;%22><strong><\/strong><\/p>\n<p style=%22text-align: center;%22><strong>LOS TONOS PASTEL DE MIS RECORDATORIOS <\/strong><\/p>\n<p style=%22text-align: center;%22><strong>DE PRIMERA COMUNI\u00d3N<\/strong><\/p>\n<p>\u00bb content_phone=\u00bb<\/p>\n<p style=%22text-align: center;%22><strong><\/strong><\/p>\n<p style=%22text-align: center;%22><strong>LOS TONOS PASTEL DE MIS <\/strong><\/p>\n<p style=%22text-align: center;%22><strong>RECORDATORIOS DE PRIMERA <\/strong><\/p>\n<p style=%22text-align: center;%22><strong><\/strong><\/p>\n<p style=%22text-align: center;%22><strong>COMUNI\u00d3N<\/strong><\/p>\n<p>\u00bb content_last_edited=\u00bbon|phone\u00bb _builder_version=\u00bb4.17.4&#8243; _module_preset=\u00bbdefault\u00bb text_text_color=\u00bb#8E8E8E\u00bb text_font_size=\u00bb32px\u00bb text_line_height=\u00bb1.8em\u00bb transform_scale_tablet=\u00bb\u00bb transform_scale_phone=\u00bb\u00bb transform_scale_last_edited=\u00bbon|tablet\u00bb transform_translate_tablet=\u00bb151px|-10px\u00bb transform_translate_phone=\u00bb151px|-10px\u00bb transform_translate_last_edited=\u00bbon|tablet\u00bb transform_rotate_tablet=\u00bb\u00bb transform_rotate_phone=\u00bb\u00bb transform_rotate_last_edited=\u00bbon|tablet\u00bb transform_skew_tablet=\u00bb\u00bb transform_skew_phone=\u00bb\u00bb transform_skew_last_edited=\u00bbon|tablet\u00bb transform_origin_tablet=\u00bb\u00bb transform_origin_phone=\u00bb\u00bb transform_origin_last_edited=\u00bbon|tablet\u00bb transform_styles_last_edited=\u00bbon|tablet\u00bb custom_margin=\u00bb|||-295px||\u00bb text_font_size_tablet=\u00bb32px\u00bb text_font_size_phone=\u00bb24px\u00bb text_font_size_last_edited=\u00bbon|desktop\u00bb transform_styles_tablet=\u00bb\u00bb transform_styles_phone=\u00bb\u00bb global_colors_info=\u00bb{}\u00bb]<\/p>\n<p><strong>\u00a0 \u00a0 LOS TONOS PASTEL DE MIS RECORDATORIOS DE <\/strong><\/p>\n<p><strong>\u00a0 \u00a0 \u00a0 \u00a0 \u00a0 \u00a0 \u00a0 \u00a0 \u00a0 \u00a0 \u00a0 \u00a0 \u00a0 \u00a0 \u00a0PRIMERA COMUNI\u00d3N<\/strong><\/p>\n<p>[\/et_pb_text][\/et_pb_column][\/et_pb_row][et_pb_row _builder_version=\u00bb4.17.4&#8243; _module_preset=\u00bbdefault\u00bb global_colors_info=\u00bb{}\u00bb][et_pb_column type=\u00bb4_4&#8243; _builder_version=\u00bb4.17.4&#8243; _module_preset=\u00bbdefault\u00bb global_colors_info=\u00bb{}\u00bb][et_pb_text _builder_version=\u00bb4.17.4&#8243; _module_preset=\u00bbdefault\u00bb global_colors_info=\u00bb{}\u00bb]<\/p>\n<h1 style=\"text-align: center;\">Montserrat Gonz\u00e1lez Fern\u00e1ndez<\/h1>\n<p><span class=\"EOP SCXW150617363 BCX9\" data-ccp-props=\"{&quot;201341983&quot;:0,&quot;335551550&quot;:3,&quot;335551620&quot;:3,&quot;335559739&quot;:0,&quot;335559740&quot;:240}\"><span class=\"EOP SCXW184100114 BCX9\" data-ccp-props=\"{&quot;201341983&quot;:0,&quot;335551550&quot;:3,&quot;335551620&quot;:3,&quot;335559739&quot;:0,&quot;335559740&quot;:240}\"><span data-contrast=\"auto\" xml:lang=\"ES-ES\" lang=\"ES-ES\" class=\"TextRun SCXW37953205 BCX9\"><span class=\"NormalTextRun SCXW37953205 BCX9\"><span data-contrast=\"auto\" xml:lang=\"ES-ES\" lang=\"ES-ES\" class=\"TextRun SCXW144867011 BCX9\"><span class=\"NormalTextRun SCXW144867011 BCX9\"><span class=\"EOP SCXW91137730 BCX9\" data-ccp-props=\"{&quot;335551550&quot;:3,&quot;335551620&quot;:3}\"><\/span><\/span><\/span><\/span><\/span><\/span><\/span><\/p>\n<h4 style=\"text-align: center;\">Universidad de Oviedo<\/h4>\n<p><span data-contrast=\"auto\" xml:lang=\"ES-ES\" lang=\"ES-ES\" class=\"TextRun SCXW38795511 BCX9\"><span class=\"NormalTextRun SCXW38795511 BCX9\"><\/span><\/span><\/p>\n<p style=\"text-align: center;\"><span data-contrast=\"auto\"><\/span><\/p>\n<h6 style=\"text-align: center;\"><span style=\"color: #8e8e8e;\"><span data-contrast=\"none\" xml:lang=\"ES-ES\" lang=\"ES-ES\" class=\"TextRun Underlined SCXW183494506 BCX9\" style=\"color: #8e8e8e;\"><span class=\"NormalTextRun SCXW183494506 BCX9\" data-ccp-charstyle=\"Hyperlink\"><a class=\"Hyperlink SCXW183494506 BCX9\" href=\"mailto:eulalia@uvic.cat\" target=\"_blank\" rel=\"noreferrer noopener\">montseg@uniovi.es<\/a><\/span><\/span><\/span><\/h6>\n<p>[\/et_pb_text][\/et_pb_column][\/et_pb_row][et_pb_row column_structure=\u00bb1_4,3_4&#8243; _builder_version=\u00bb4.17.4&#8243; _module_preset=\u00bbdefault\u00bb width=\u00bb100%\u00bb max_width=\u00bb2560px\u00bb global_colors_info=\u00bb{}\u00bb][et_pb_column type=\u00bb1_4&#8243; _builder_version=\u00bb4.17.4&#8243; _module_preset=\u00bbdefault\u00bb global_colors_info=\u00bb{}\u00bb][et_pb_image src=\u00bbhttps:\/\/grupo.us.es\/mujeryeducacion\/wp-content\/uploads\/2023\/06\/98.jpg\u00bb title_text=\u00bb98&#8243; align_tablet=\u00bbcenter\u00bb align_phone=\u00bbcenter\u00bb align_last_edited=\u00bbon|tablet\u00bb _builder_version=\u00bb4.17.4&#8243; _module_preset=\u00bbdefault\u00bb width=\u00bb100%\u00bb max_width=\u00bb100%\u00bb max_width_tablet=\u00bb100%\u00bb max_width_phone=\u00bb89%\u00bb max_width_last_edited=\u00bbon|phone\u00bb custom_margin=\u00bb||28px|20px|false|false\u00bb global_colors_info=\u00bb{}\u00bb][\/et_pb_image][et_pb_text content_tablet=\u00bb<\/p>\n<p style=%22text-align: center;%22><strong>Pandereta. Museo Pedag\u00f3gico de la Facultad de Ciencias de la Educaci\u00f3n de la Universidad de Sevilla<\/strong><\/p>\n<p>\u00bb content_phone=\u00bb<\/p>\n<p style=%22text-align: center;%22><strong>Pandereta. Museo Pedag\u00f3gico de la Facultad de Ciencias de la Educaci\u00f3n de la Universidad de Sevilla<\/strong><\/p>\n<p>\u00bb content_last_edited=\u00bboff|desktop\u00bb _builder_version=\u00bb4.17.4&#8243; _module_preset=\u00bbdefault\u00bb custom_margin=\u00bb|||20px|false|false\u00bb global_colors_info=\u00bb{}\u00bb]<\/p>\n<p><strong>Estampas recordat\u00f3rias de Primera Comuni\u00f3n.<\/strong><br \/><strong>Museo Pedag\u00f3gico de la Facultad de Ciencias de la Educaci\u00f3n de la Universidad de Sevilla<\/strong><\/p>\n<p>[\/et_pb_text][\/et_pb_column][et_pb_column type=\u00bb3_4&#8243; _builder_version=\u00bb4.17.4&#8243; _module_preset=\u00bbdefault\u00bb global_colors_info=\u00bb{}\u00bb][et_pb_text _builder_version=\u00bb4.17.4&#8243; _module_preset=\u00bbdefault\u00bb text_text_color=\u00bb#000000&#8243; text_font_size=\u00bb18px\u00bb text_line_height=\u00bb1.8em\u00bb max_width_tablet=\u00bb95%\u00bb max_width_phone=\u00bb90%\u00bb max_width_last_edited=\u00bbon|tablet\u00bb custom_margin_tablet=\u00bb|||20px|false|false\u00bb custom_margin_phone=\u00bb|||20px|false|false\u00bb custom_margin_last_edited=\u00bbon|tablet\u00bb text_font_size_tablet=\u00bb16px\u00bb text_font_size_phone=\u00bb16px\u00bb text_font_size_last_edited=\u00bbon|tablet\u00bb global_colors_info=\u00bb{}\u00bb]<\/p>\n<p><strong>La evoluci\u00f3n de las artes gr\u00e1ficas y la mejora de la calidad en la reproducci\u00f3n de im\u00e1genes trajo como consecuencia la rebaja de los costes y con ello la aparici\u00f3n de impresores especializados en la edici\u00f3n de estampas con im\u00e1genes religiosas, que servir\u00edan para recordar a los fieles momentos significativos de su vida: bautismo, primera comuni\u00f3n, matrimonio, defunci\u00f3n. Sol\u00edan ser peque\u00f1as tarjetas de cartulina o papel, poroso o satinado y de diferente gramaje, rectangulares y generalmente de orientaci\u00f3n vertical, impresas por una o por las dos caras, elaboradas con cierto esmero aplicando todo tipo de t\u00e9cnicas como aguafuertes, xilograf\u00edas, cromolitograf\u00edas, animando as\u00ed a la conservaci\u00f3n de los recordatorios, que han atravesado el tiempo y han llegado hasta nuestros d\u00edas, a pesar de considerarlos hoy como materiales ephemera. Hubo \u00e9pocas en las que predomin\u00f3 la imagen en una sola tinta, generalmente negra, otras, ya en el siglo XX, con gran colorido, estampaciones doradas impresas con punz\u00f3n en relieve, solo al alcance de adinerados. Conten\u00edan im\u00e1genes sagradas, s\u00edmbolos, citas b\u00edblicas u oraciones, as\u00ed como motivos florales, adem\u00e1s de los propios datos de la comulgante. A mitad de siglo, los recordatorios de primera comuni\u00f3n ya se hab\u00edan generalizado entre las clases m\u00e1s populares y el ilustrador de cuentos infantiles Juan Ferr\u00e1ndiz, que llegar\u00eda a ser el m\u00e1s estimado y reconocible en su iconograf\u00eda de tem\u00e1tica navide\u00f1a con figuras de caritas redondeadas que irradiaban humildad y ternura, las llev\u00f3 tambi\u00e9n al mundo del recordatorio de comuni\u00f3n, con un gran \u00e9xito e inspirando el trabajo de otros artistas como Constanza Armengol o Juan Vernet.<\/strong><\/p>\n<p>[\/et_pb_text][\/et_pb_column][\/et_pb_row][et_pb_row column_structure=\u00bb2_3,1_3&#8243; _builder_version=\u00bb4.17.4&#8243; _module_preset=\u00bbdefault\u00bb width=\u00bb100%\u00bb max_width=\u00bb2560px\u00bb custom_padding=\u00bb41px|||||\u00bb global_colors_info=\u00bb{}\u00bb][et_pb_column type=\u00bb2_3&#8243; _builder_version=\u00bb4.17.4&#8243; _module_preset=\u00bbdefault\u00bb global_colors_info=\u00bb{}\u00bb][et_pb_text _builder_version=\u00bb4.17.4&#8243; _module_preset=\u00bbdefault\u00bb text_text_color=\u00bb#000000&#8243; text_font_size=\u00bb18px\u00bb text_line_height=\u00bb1.8em\u00bb max_width_tablet=\u00bb95%\u00bb max_width_phone=\u00bb90%\u00bb max_width_last_edited=\u00bbon|tablet\u00bb custom_margin=\u00bb|||20px|false|false\u00bb text_font_size_tablet=\u00bb16px\u00bb text_font_size_phone=\u00bb16px\u00bb text_font_size_last_edited=\u00bbon|tablet\u00bb global_colors_info=\u00bb{}\u00bb]<\/p>\n<p><strong>Los motivos pascuales como el cordero, la paloma y el trigo dejan paso o conviven con tiernas escenas piadosas protagonizadas por ni\u00f1os y ni\u00f1as y se empiezan a incorporar tambi\u00e9n a los recordatorios fotograf\u00edas de las propias protagonistas, vestidas con sus trajes de comuni\u00f3n, portando en las manos devocionario y rosario, en actitud cuasi m\u00edstica.<\/strong><\/p>\n<p><strong>Es dif\u00edcil encontrar literatura sobre los recordatorios si exceptuamos el reciente trabajo de la etnobot\u00e1nica Beatriz T. \u00c1lvarez, que analiza el fondo digitalizado que conserva la Biblioteca Nacional (integrado en la Biblioteca Digital Hisp\u00e1nica), centrando su an\u00e1lisis en los motivos vegetales que aparecen en los m\u00e1s del centenar de recordatorios de bautismo y primera comuni\u00f3n que analiza, y nos habla, entre otras, de azucenas y rosas que forman parte de la iconograf\u00eda cat\u00f3lica y simbolizan pureza y castidad, as\u00ed como del trigo y la vid, s\u00edmbolos eucar\u00edsticos por excelencia.<\/strong><\/p>\n<p>&nbsp;<\/p>\n<p>[\/et_pb_text][\/et_pb_column][et_pb_column type=\u00bb1_3&#8243; _builder_version=\u00bb4.17.4&#8243; _module_preset=\u00bbdefault\u00bb global_colors_info=\u00bb{}\u00bb][et_pb_image src=\u00bbhttps:\/\/grupo.us.es\/mujeryeducacion\/wp-content\/uploads\/2023\/06\/98.jpg\u00bb title_text=\u00bb98&#8243; align_tablet=\u00bbcenter\u00bb align_phone=\u00bbcenter\u00bb align_last_edited=\u00bbon|tablet\u00bb _builder_version=\u00bb4.17.4&#8243; _module_preset=\u00bbdefault\u00bb global_colors_info=\u00bb{}\u00bb][\/et_pb_image][\/et_pb_column][\/et_pb_row][et_pb_row _builder_version=\u00bb4.17.4&#8243; _module_preset=\u00bbdefault\u00bb width=\u00bb90%\u00bb max_width=\u00bb2560px\u00bb custom_margin=\u00bb|||20px|false|false\u00bb global_colors_info=\u00bb{}\u00bb][et_pb_column type=\u00bb4_4&#8243; _builder_version=\u00bb4.17.4&#8243; _module_preset=\u00bbdefault\u00bb global_colors_info=\u00bb{}\u00bb][et_pb_text _builder_version=\u00bb4.17.4&#8243; _module_preset=\u00bbdefault\u00bb text_text_color=\u00bb#000000&#8243; text_font_size=\u00bb18px\u00bb text_line_height=\u00bb1.8em\u00bb max_width_tablet=\u00bb100%\u00bb max_width_phone=\u00bb100%\u00bb max_width_last_edited=\u00bbon|tablet\u00bb text_font_size_tablet=\u00bb16px\u00bb text_font_size_phone=\u00bb16px\u00bb text_font_size_last_edited=\u00bbon|tablet\u00bb global_colors_info=\u00bb{}\u00bb]<\/p>\n<p><strong>En la actualidad, tambi\u00e9n podemos encontrar a la venta estampas para primera comuni\u00f3n que recrean los recordatorios antiguos, como el que presenta una imprenta indicando que es el m\u00e1s elaborado de su cat\u00e1logo, aludiendo al troquelado de los bordes y a los gramos de la cartulina verjurada que servir\u00e1 para incorporar un texto opcional con imagen antigua o fotograf\u00eda actual, advirtiendo que no es una tosca imitaci\u00f3n sino que aprovecha las ventajas de la tecnolog\u00eda y anunci\u00e1ndolo como diferente, que deja huella y perdura en el tiempo, asegurando que se conservar\u00e1 y pasar\u00e1 de generaci\u00f3n en generaci\u00f3n. Tambi\u00e9n tenemos la web tienda oficial Memory Ferr\u00e1ndiz, S.L. para todos aquellos que a\u00f1oren los recordatorios de su \u00e9poca. El siglo XXI ha tra\u00eddo una variedad inmensa de recordatorios, para todos los gustos y estilos, hasta el h\u00e1gaselo usted mismo, con plantillas para imprimir gratis, \u00bfse guardar\u00e1n con esmero y resistir\u00e1n el paso del tiempo? Hoy d\u00eda el sacramento de la primera comuni\u00f3n trasciende de lo religioso y ese crecer hacia una edad responsable se evidencia en nuestros d\u00edas incluso con ceremonias o \u201cprimeras comuniones\u201d civiles, incluyendo otro tipo de recordatorios.<\/strong><\/p>\n<p><strong>Guardo en el recuerdo momentos muy concretos de mi primera comuni\u00f3n que recib\u00ed con siete a\u00f1os reci\u00e9n cumplidos a finales de los a\u00f1os sesenta y sobrevuela a todos ellos el nerviosismo de aquellos d\u00edas, a\u00fan recuerdo la preocupaci\u00f3n en la confesi\u00f3n por lo poco que yo ten\u00eda para contarle al cura, mis peque\u00f1os pecados, en su mayor\u00eda inventados tras preguntar a las otras ni\u00f1as. Pero el relajo lleg\u00f3 cuando acompa\u00f1ada de mi s\u00e9quito (amiguitas invitadas) y tras sortear el barro de la calle con mi flamante vestido de segunda o tercera mano, sub\u00eda a todas las viviendas de los edificios cercanos a entregar mi recordatorio (mis padres ten\u00edan un peque\u00f1o negocio en el barrio), nos divert\u00eda y ve\u00edamos como se iba llenando de monedas mi limosnera; de ese dinero y del recibido de mi familia surgi\u00f3 mi primera libreta de la Caja de Ahorros y con ella la indefectible hucha. Al a\u00f1o siguiente fui invitada a la comuni\u00f3n del hermano de mi mejor amiga y ah\u00ed fui consciente por primera vez de las diferencias si no de clase s\u00ed de econom\u00eda: recuerdo estar encantada porque yo estrenaba un pichi que me hab\u00eda confeccionado mi hermana, pero aquello no fue una merienda en casa hecha por tu madre para los amigos y familia, sino en un bar-mes\u00f3n, con alguna comida que yo nunca hab\u00eda probado, y sus recordatorios se abr\u00edan y conten\u00edan adem\u00e1s una elegante foto del ni\u00f1o.<\/strong><\/p>\n<p><strong>Es curioso, pero en casa no se conserv\u00f3 ning\u00fan recordatorio m\u00edo y yo con los a\u00f1os lo sigo echando de menos, pues solo recuerdo que me gustaban sus tonos pastel\u2026<\/strong><\/p>\n<p>[\/et_pb_text][et_pb_text _builder_version=\u00bb4.17.4&#8243; _module_preset=\u00bbdefault\u00bb text_text_color=\u00bb#000000&#8243; text_font_size=\u00bb18px\u00bb text_line_height=\u00bb1.8em\u00bb max_width_tablet=\u00bb100%\u00bb max_width_phone=\u00bb100%\u00bb max_width_last_edited=\u00bbon|tablet\u00bb text_font_size_tablet=\u00bb16px\u00bb text_font_size_phone=\u00bb16px\u00bb text_font_size_last_edited=\u00bbon|tablet\u00bb global_colors_info=\u00bb{}\u00bb]<\/p>\n<p><strong>Referencias bibliogr\u00e1ficas<\/strong><\/p>\n<p>\u00c1lvarez Arias, Beatriz T. (2022): Bot\u00e1nica ef\u00edmera. Las plantas en los recordatorios de bautizo y primera comuni\u00f3n de la Biblioteca Digital Hisp\u00e1nica (bdh). <em>Revista de Folklore<\/em>, 489, 15-32.<\/p>\n<p>[\/et_pb_text][\/et_pb_column][\/et_pb_row][\/et_pb_section]<\/p>\n","protected":false},"excerpt":{"rendered":"<p>ESTAMPAS DE PRIMERA \u00a0 \u00a0 \u00a0 \u00a0 \u00a0 COMUNI\u00d3N\u00a0 \u00a0 LOS TONOS PASTEL DE MIS RECORDATORIOS DE \u00a0 \u00a0 \u00a0 \u00a0 \u00a0 \u00a0 \u00a0 \u00a0 \u00a0 \u00a0 \u00a0 \u00a0 \u00a0 \u00a0 \u00a0PRIMERA COMUNI\u00d3NMontserrat Gonz\u00e1lez Fern\u00e1ndez Universidad de Oviedo montseg@uniovi.esEstampas recordat\u00f3rias de Primera Comuni\u00f3n.Museo Pedag\u00f3gico de la Facultad de Ciencias de la Educaci\u00f3n de la Universidad [&hellip;]<\/p>\n","protected":false},"author":1,"featured_media":0,"parent":0,"menu_order":0,"comment_status":"closed","ping_status":"closed","template":"","meta":{"_et_pb_use_builder":"on","_et_pb_old_content":"","_et_gb_content_width":"","footnotes":""},"class_list":["post-4921","page","type-page","status-publish","hentry"],"_links":{"self":[{"href":"https:\/\/grupo.us.es\/mujeryeducacion\/wp-json\/wp\/v2\/pages\/4921","targetHints":{"allow":["GET"]}}],"collection":[{"href":"https:\/\/grupo.us.es\/mujeryeducacion\/wp-json\/wp\/v2\/pages"}],"about":[{"href":"https:\/\/grupo.us.es\/mujeryeducacion\/wp-json\/wp\/v2\/types\/page"}],"author":[{"embeddable":true,"href":"https:\/\/grupo.us.es\/mujeryeducacion\/wp-json\/wp\/v2\/users\/1"}],"replies":[{"embeddable":true,"href":"https:\/\/grupo.us.es\/mujeryeducacion\/wp-json\/wp\/v2\/comments?post=4921"}],"version-history":[{"count":6,"href":"https:\/\/grupo.us.es\/mujeryeducacion\/wp-json\/wp\/v2\/pages\/4921\/revisions"}],"predecessor-version":[{"id":5199,"href":"https:\/\/grupo.us.es\/mujeryeducacion\/wp-json\/wp\/v2\/pages\/4921\/revisions\/5199"}],"wp:attachment":[{"href":"https:\/\/grupo.us.es\/mujeryeducacion\/wp-json\/wp\/v2\/media?parent=4921"}],"curies":[{"name":"wp","href":"https:\/\/api.w.org\/{rel}","templated":true}]}}