{"id":4916,"date":"2023-07-28T10:03:10","date_gmt":"2023-07-28T10:03:10","guid":{"rendered":"https:\/\/grupo.us.es\/mujeryeducacion\/?page_id=4916"},"modified":"2023-09-07T11:05:30","modified_gmt":"2023-09-07T11:05:30","slug":"097-clicks-playmobil","status":"publish","type":"page","link":"https:\/\/grupo.us.es\/mujeryeducacion\/097-clicks-playmobil\/","title":{"rendered":"097. Clicks\/playmobil"},"content":{"rendered":"<p>[et_pb_section fb_built=\u00bb1&#8243; _builder_version=\u00bb4.17.4&#8243; _module_preset=\u00bbdefault\u00bb background_color=\u00bb#F6EFE7&#8243; custom_padding=\u00bb2px|||||\u00bb custom_css_main_element=\u00bbdisplay=flex;\u00bb global_colors_info=\u00bb{}\u00bb][et_pb_row _builder_version=\u00bb4.17.4&#8243; _module_preset=\u00bbdefault\u00bb width=\u00bb100%\u00bb max_width=\u00bb2560px\u00bb custom_padding=\u00bb0px|||||\u00bb global_colors_info=\u00bb{}\u00bb][et_pb_column type=\u00bb4_4&#8243; _builder_version=\u00bb4.17.4&#8243; _module_preset=\u00bbdefault\u00bb global_colors_info=\u00bb{}\u00bb][et_pb_slider _builder_version=\u00bb4.17.4&#8243; _module_preset=\u00bbdefault\u00bb global_colors_info=\u00bb{}\u00bb][et_pb_slide image=\u00bbhttps:\/\/grupo.us.es\/mujeryeducacion\/wp-content\/uploads\/2023\/07\/playmobil-1.png\u00bb _builder_version=\u00bb4.17.4&#8243; _module_preset=\u00bbdefault\u00bb background_color=\u00bbRGBA(255,255,255,0)\u00bb background_enable_color=\u00bbon\u00bb background_image=\u00bbhttps:\/\/grupo.us.es\/mujeryeducacion\/wp-content\/uploads\/2023\/07\/playmobil-1.png\u00bb background_enable_image=\u00bbon\u00bb global_colors_info=\u00bb{}\u00bb sticky_transition=\u00bbon\u00bb][\/et_pb_slide][\/et_pb_slider][\/et_pb_column][\/et_pb_row][et_pb_row column_structure=\u00bb2_5,3_5&#8243; make_equal=\u00bbon\u00bb _builder_version=\u00bb4.17.4&#8243; _module_preset=\u00bbdefault\u00bb width=\u00bb100%\u00bb max_width=\u00bb2560px\u00bb global_colors_info=\u00bb{}\u00bb][et_pb_column type=\u00bb2_5&#8243; _builder_version=\u00bb4.17.4&#8243; _module_preset=\u00bbdefault\u00bb global_colors_info=\u00bb{}\u00bb][et_pb_image src=\u00bbhttps:\/\/grupo.us.es\/mujeryeducacion\/wp-content\/uploads\/2023\/07\/0-Logo-Museo-Pedagogico-transparente-e1689854632950.png\u00bb title_text=\u00bb0-Logo-Museo-Pedagogico-transparente-recortado\u00bb align_tablet=\u00bb\u00bb align_phone=\u00bbcenter\u00bb align_last_edited=\u00bbon|phone\u00bb _builder_version=\u00bb4.17.4&#8243; _module_preset=\u00bbdefault\u00bb width=\u00bb50%\u00bb hover_enabled=\u00bb0&#8243; global_colors_info=\u00bb{}\u00bb width_last_edited=\u00bbon|tablet\u00bb sticky_enabled=\u00bb0&#8243; width_tablet=\u00bb70%\u00bb module_alignment_last_edited=\u00bbon|tablet\u00bb module_alignment_tablet=\u00bbcenter\u00bb width_phone=\u00bb70%\u00bb module_alignment_phone=\u00bbcenter\u00bb][\/et_pb_image][\/et_pb_column][et_pb_column type=\u00bb3_5&#8243; _builder_version=\u00bb4.17.4&#8243; _module_preset=\u00bbdefault\u00bb global_colors_info=\u00bb{}\u00bb][et_pb_text content_tablet=\u00bb<\/p>\n<p><strong><\/strong><\/p>\n<p style=%22text-align: center;%22><strong>CLIKS\/PLAYMOBIL<\/strong><\/p>\n<p>\u00bb content_phone=\u00bb<\/p>\n<p><strong><\/strong><\/p>\n<p style=%22text-align: center;%22><strong>CLIKS\/PLAYMOBIL<\/strong><\/p>\n<p>\u00bb content_last_edited=\u00bbon|phone\u00bb _builder_version=\u00bb4.17.4&#8243; _module_preset=\u00bbdefault\u00bb text_text_color=\u00bb#000000&#8243; text_font_size=\u00bb58px\u00bb transform_scale_tablet=\u00bb\u00bb transform_scale_phone=\u00bb\u00bb transform_scale_last_edited=\u00bbon|tablet\u00bb transform_translate_tablet=\u00bb72px|-7px\u00bb transform_translate_phone=\u00bb64px|-7px\u00bb transform_translate_last_edited=\u00bbon|tablet\u00bb transform_rotate_tablet=\u00bb\u00bb transform_rotate_phone=\u00bb\u00bb transform_rotate_last_edited=\u00bbon|tablet\u00bb transform_skew_tablet=\u00bb\u00bb transform_skew_phone=\u00bb\u00bb transform_skew_last_edited=\u00bbon|tablet\u00bb transform_origin_tablet=\u00bb\u00bb transform_origin_phone=\u00bb\u00bb transform_origin_last_edited=\u00bbon|tablet\u00bb transform_styles_last_edited=\u00bbon|tablet\u00bb custom_margin=\u00bb|||-127px||\u00bb text_font_size_tablet=\u00bb58px\u00bb text_font_size_phone=\u00bb42px\u00bb text_font_size_last_edited=\u00bbon|phone\u00bb transform_styles_tablet=\u00bb\u00bb transform_styles_phone=\u00bb\u00bb module_alignment_tablet=\u00bbcenter\u00bb module_alignment_phone=\u00bbcenter\u00bb module_alignment_last_edited=\u00bbon|tablet\u00bb global_colors_info=\u00bb{}\u00bb]<\/p>\n<p><strong><\/strong><\/p>\n<p><strong>CLIKS\/PLAYMOBIL<\/strong><\/p>\n<p>[\/et_pb_text][et_pb_text content_tablet=\u00bb<\/p>\n<p style=%22text-align: center;%22><strong><\/strong><\/p>\n<p style=%22text-align: center;%22><strong>\u00bfJUGAMOS A LOS CLIKS?<\/strong><\/p>\n<p>\u00bb content_phone=\u00bb<\/p>\n<p style=%22text-align: center;%22><strong><\/strong><\/p>\n<p style=%22text-align: center;%22><strong>\u00bfJUGAMOS A LOS CLIKS?<\/strong><\/p>\n<p>\u00bb content_last_edited=\u00bbon|phone\u00bb _builder_version=\u00bb4.17.4&#8243; _module_preset=\u00bbdefault\u00bb text_text_color=\u00bb#8E8E8E\u00bb text_font_size=\u00bb32px\u00bb text_line_height=\u00bb1.8em\u00bb transform_scale_tablet=\u00bb\u00bb transform_scale_phone=\u00bb\u00bb transform_scale_last_edited=\u00bbon|tablet\u00bb transform_translate_tablet=\u00bb151px|-10px\u00bb transform_translate_phone=\u00bb151px|-10px\u00bb transform_translate_last_edited=\u00bbon|tablet\u00bb transform_rotate_tablet=\u00bb\u00bb transform_rotate_phone=\u00bb\u00bb transform_rotate_last_edited=\u00bbon|tablet\u00bb transform_skew_tablet=\u00bb\u00bb transform_skew_phone=\u00bb\u00bb transform_skew_last_edited=\u00bbon|tablet\u00bb transform_origin_tablet=\u00bb\u00bb transform_origin_phone=\u00bb\u00bb transform_origin_last_edited=\u00bbon|tablet\u00bb transform_styles_last_edited=\u00bbon|tablet\u00bb custom_margin=\u00bb|||-295px||\u00bb text_font_size_tablet=\u00bb32px\u00bb text_font_size_phone=\u00bb24px\u00bb text_font_size_last_edited=\u00bbon|desktop\u00bb transform_styles_tablet=\u00bb\u00bb transform_styles_phone=\u00bb\u00bb global_colors_info=\u00bb{}\u00bb]<\/p>\n<p><strong>\u00a0 \u00a0 \u00a0 \u00a0 \u00a0 \u00a0 \u00a0 \u00a0 \u00a0 \u00a0 \u00a0 \u00a0 \u00a0 \u00a0 \u00bfJUGAMOS A LOS CLIKS?<\/strong><\/p>\n<p>[\/et_pb_text][\/et_pb_column][\/et_pb_row][et_pb_row _builder_version=\u00bb4.17.4&#8243; _module_preset=\u00bbdefault\u00bb global_colors_info=\u00bb{}\u00bb][et_pb_column type=\u00bb4_4&#8243; _builder_version=\u00bb4.17.4&#8243; _module_preset=\u00bbdefault\u00bb global_colors_info=\u00bb{}\u00bb][et_pb_text _builder_version=\u00bb4.17.4&#8243; _module_preset=\u00bbdefault\u00bb global_colors_info=\u00bb{}\u00bb]<\/p>\n<h1 style=\"text-align: center;\">Cristina Yanes Cabrera | Marta Yanes Cabrera<\/h1>\n<p><span class=\"EOP SCXW150617363 BCX9\" data-ccp-props=\"{&quot;201341983&quot;:0,&quot;335551550&quot;:3,&quot;335551620&quot;:3,&quot;335559739&quot;:0,&quot;335559740&quot;:240}\"><span class=\"EOP SCXW184100114 BCX9\" data-ccp-props=\"{&quot;201341983&quot;:0,&quot;335551550&quot;:3,&quot;335551620&quot;:3,&quot;335559739&quot;:0,&quot;335559740&quot;:240}\"><span data-contrast=\"auto\" xml:lang=\"ES-ES\" lang=\"ES-ES\" class=\"TextRun SCXW37953205 BCX9\"><span class=\"NormalTextRun SCXW37953205 BCX9\"><span data-contrast=\"auto\" xml:lang=\"ES-ES\" lang=\"ES-ES\" class=\"TextRun SCXW144867011 BCX9\"><span class=\"NormalTextRun SCXW144867011 BCX9\"><span class=\"EOP SCXW91137730 BCX9\" data-ccp-props=\"{&quot;335551550&quot;:3,&quot;335551620&quot;:3}\"><\/span><\/span><\/span><\/span><\/span><\/span><\/span><\/p>\n<h4 style=\"text-align: center;\">Universidad de Sevilla | Fuerzas Armadas<\/h4>\n<p><span data-contrast=\"auto\" xml:lang=\"ES-ES\" lang=\"ES-ES\" class=\"TextRun SCXW38795511 BCX9\"><span class=\"NormalTextRun SCXW38795511 BCX9\"><\/span><\/span><\/p>\n<p style=\"text-align: center;\"><span data-contrast=\"auto\"><\/span><\/p>\n<h6 style=\"text-align: center;\"><span style=\"color: #8e8e8e;\"><span data-contrast=\"none\" xml:lang=\"ES-ES\" lang=\"ES-ES\" class=\"TextRun Underlined SCXW183494506 BCX9\" style=\"color: #8e8e8e;\"><span class=\"NormalTextRun SCXW183494506 BCX9\" data-ccp-charstyle=\"Hyperlink\"><a class=\"Hyperlink SCXW183494506 BCX9\" href=\"mailto:eulalia@uvic.cat\" target=\"_blank\" rel=\"noreferrer noopener\">yanes@us.es\u00a0<\/a><\/span><\/span><\/span><\/h6>\n<p>[\/et_pb_text][\/et_pb_column][\/et_pb_row][et_pb_row column_structure=\u00bb1_4,3_4&#8243; _builder_version=\u00bb4.17.4&#8243; _module_preset=\u00bbdefault\u00bb width=\u00bb100%\u00bb max_width=\u00bb2560px\u00bb global_colors_info=\u00bb{}\u00bb][et_pb_column type=\u00bb1_4&#8243; _builder_version=\u00bb4.17.4&#8243; _module_preset=\u00bbdefault\u00bb global_colors_info=\u00bb{}\u00bb][et_pb_image src=\u00bbhttps:\/\/grupo.us.es\/mujeryeducacion\/wp-content\/uploads\/2023\/07\/playmobil-1.png\u00bb title_text=\u00bbplaymobil\u00bb align_tablet=\u00bbcenter\u00bb align_phone=\u00bbcenter\u00bb align_last_edited=\u00bbon|tablet\u00bb _builder_version=\u00bb4.17.4&#8243; _module_preset=\u00bbdefault\u00bb width=\u00bb100%\u00bb max_width=\u00bb100%\u00bb max_width_tablet=\u00bb100%\u00bb max_width_phone=\u00bb89%\u00bb max_width_last_edited=\u00bbon|phone\u00bb custom_margin=\u00bb||28px|20px|false|false\u00bb global_colors_info=\u00bb{}\u00bb][\/et_pb_image][et_pb_text content_tablet=\u00bb<\/p>\n<p style=%22text-align: center;%22><strong>Pandereta. Museo Pedag\u00f3gico de la Facultad de Ciencias de la Educaci\u00f3n de la Universidad de Sevilla<\/strong><\/p>\n<p>\u00bb content_phone=\u00bb<\/p>\n<p style=%22text-align: center;%22><strong>Pandereta. Museo Pedag\u00f3gico de la Facultad de Ciencias de la Educaci\u00f3n de la Universidad de Sevilla<\/strong><\/p>\n<p>\u00bb content_last_edited=\u00bboff|desktop\u00bb _builder_version=\u00bb4.17.4&#8243; _module_preset=\u00bbdefault\u00bb custom_margin=\u00bb|||20px|false|false\u00bb global_colors_info=\u00bb{}\u00bb]<\/p>\n<p><strong>Figuras femeninas de Playmobil.<\/strong><br \/><strong>Museo Pedag\u00f3gico de la Facultad de Ciencias de la Educaci\u00f3n de la Universidad de Sevilla<\/strong><\/p>\n<p>[\/et_pb_text][\/et_pb_column][et_pb_column type=\u00bb3_4&#8243; _builder_version=\u00bb4.17.4&#8243; _module_preset=\u00bbdefault\u00bb global_colors_info=\u00bb{}\u00bb][et_pb_text _builder_version=\u00bb4.17.4&#8243; _module_preset=\u00bbdefault\u00bb text_text_color=\u00bb#000000&#8243; text_font_size=\u00bb18px\u00bb text_line_height=\u00bb1.8em\u00bb max_width_tablet=\u00bb95%\u00bb max_width_phone=\u00bb90%\u00bb max_width_last_edited=\u00bbon|tablet\u00bb custom_margin_tablet=\u00bb|||20px|false|false\u00bb custom_margin_phone=\u00bb|||20px|false|false\u00bb custom_margin_last_edited=\u00bbon|tablet\u00bb text_font_size_tablet=\u00bb16px\u00bb text_font_size_phone=\u00bb16px\u00bb text_font_size_last_edited=\u00bbon|tablet\u00bb global_colors_info=\u00bb{}\u00bb]<\/p>\n<p><strong>Uno de los bienes m\u00e1s preciados que tenemos los seres humanos es el recuerdo compartido. Esos momentos bonitos de la infancia que acompa\u00f1an toda la vida a las hermanas y que evoca una simple imagen de un juguete de la infancia. La imagen que se presenta en este caso es una llamada a la memoria, a un reencuentro con lo que percibimos y vivimos como dos ni\u00f1as que anta\u00f1o fuimos. Somos conscientes de que la memoria es selectiva, opera junto al olvido, y de que es posible que lo recordado sea tan solo una peque\u00f1a parte de lo realmente acontecido (Vi\u00f1ao, 2010). Pero sea o no el relato fiable, lo que s\u00ed sabemos es que est\u00e1 cargado de emociones compartidas, y que como est\u00edmulo nos ha activado nuestra memoria. <\/strong><\/p>\n<p><strong>La imagen representa a dos \u2018clicks\u2019 de Famobil (luego pasaron a llamarse Playmobil). Juguetes que nacieron en los a\u00f1os 70, de mano de una empresa alemana, Geobra, que seg\u00fan hemos podido saber por Internet, lanzaba en esos a\u00f1os al mercado unos mu\u00f1ecos de 7,5 cent\u00edmetros dise\u00f1ados por Hans Beck que eran llamados \u2018klicky\u2019, por el sonido que se produc\u00eda al conectar las piezas. Poco despu\u00e9s en Espa\u00f1a, la firma espa\u00f1ola Famosa los descubri\u00f3 e introdujo este juguete en el mercado espa\u00f1ol. Una d\u00e9cada despu\u00e9s ya jug\u00e1bamos nosotras con ellos. Pero, cuando los descubrimos, no sab\u00edamos que se les hab\u00eda dado un nombre a las pocas figuras femeninas que entonces se hab\u00edan creado. Al parecer las \u2018clacks\u2019 no cuajaron, con esta denominaci\u00f3n en el mercado. Pero poco nos import\u00f3 a nosotras. Ni sab\u00edamos de su historia, ni nos detuvimos a analizar el prop\u00f3sito del producto. En nuestro contexto, se trataba \u00fanicamente de descubrir las posibilidades que ese juguete nos pod\u00eda dar.<\/strong><\/p>\n<p>[\/et_pb_text][\/et_pb_column][\/et_pb_row][et_pb_row column_structure=\u00bb2_3,1_3&#8243; _builder_version=\u00bb4.17.4&#8243; _module_preset=\u00bbdefault\u00bb width=\u00bb100%\u00bb max_width=\u00bb2560px\u00bb custom_padding=\u00bb41px|||||\u00bb global_colors_info=\u00bb{}\u00bb][et_pb_column type=\u00bb2_3&#8243; _builder_version=\u00bb4.17.4&#8243; _module_preset=\u00bbdefault\u00bb global_colors_info=\u00bb{}\u00bb][et_pb_text _builder_version=\u00bb4.17.4&#8243; _module_preset=\u00bbdefault\u00bb text_text_color=\u00bb#000000&#8243; text_font_size=\u00bb18px\u00bb text_line_height=\u00bb1.8em\u00bb max_width_tablet=\u00bb95%\u00bb max_width_phone=\u00bb90%\u00bb max_width_last_edited=\u00bbon|tablet\u00bb custom_margin=\u00bb|||20px|false|false\u00bb text_font_size_tablet=\u00bb16px\u00bb text_font_size_phone=\u00bb16px\u00bb text_font_size_last_edited=\u00bbon|tablet\u00bb global_colors_info=\u00bb{}\u00bb]<\/p>\n<p><strong>No fuimos ni\u00f1as de mu\u00f1ecas ni de beb\u00e9s. Ni recordamos que jug\u00e1ramos a dar biberones. Cierto es, que tuvimos una vida poco convencional. Nuestro padre, por motivos laborales, trabaj\u00f3 en los a\u00f1os ochenta en Roma, y con \u00e9l la familia se traslad\u00f3 a una nueva y estimulante realidad. En aquella casa comenz\u00f3 nuestra aventura. Llegaron las primeras cajas de clicks, a trav\u00e9s de nuestra hermana mayor, que siempre, desde que tenemos uso de raz\u00f3n, fue en contra de los estereotipos, y mis padres se lo \u201cconsintieron\u201d todo. Entonces, los clicks eran de tem\u00e1ticas muy convencionales: polic\u00edas, indios y vaqueros, bomberos, etc. (pensadas para ser juguetes de ni\u00f1os, no de ni\u00f1as). Pero nosotras los seleccion\u00e1bamos con un criterio muy espec\u00edfico: nos fij\u00e1bamos s\u00f3lo en las figuras, y si adaptaban a nuestros gustos eran elegidas. Busc\u00e1bamos sobre todo mujeres y ni\u00f1os (\u201ccliclitos\u201d, que era como los llam\u00e1bamos), aunque eran muy dif\u00edciles de encontrar. Y as\u00ed fuimos conformando dos familias. Paralelamente, siempre que ten\u00edamos la ocasi\u00f3n, compr\u00e1bamos esos muebles en miniatura de pl\u00e1stico que se vend\u00edan como alternativas baratas para los coleccionistas de las casas de mu\u00f1ecas (entonces los Famobil no comercializaban mobiliario para estas figuras) y fabric\u00e1bamos lo que no ten\u00edamos con objetos varios: cajas de cerillas, cartones, piedras\u2026<\/strong><\/p>\n<p>[\/et_pb_text][\/et_pb_column][et_pb_column type=\u00bb1_3&#8243; _builder_version=\u00bb4.17.4&#8243; _module_preset=\u00bbdefault\u00bb global_colors_info=\u00bb{}\u00bb][et_pb_image src=\u00bbhttps:\/\/grupo.us.es\/mujeryeducacion\/wp-content\/uploads\/2023\/07\/playmobil-1.png\u00bb title_text=\u00bbplaymobil\u00bb align_tablet=\u00bbcenter\u00bb align_phone=\u00bbcenter\u00bb align_last_edited=\u00bbon|tablet\u00bb _builder_version=\u00bb4.17.4&#8243; _module_preset=\u00bbdefault\u00bb global_colors_info=\u00bb{}\u00bb][\/et_pb_image][\/et_pb_column][\/et_pb_row][et_pb_row _builder_version=\u00bb4.17.4&#8243; _module_preset=\u00bbdefault\u00bb width=\u00bb90%\u00bb max_width=\u00bb2560px\u00bb custom_margin=\u00bb|||20px|false|false\u00bb global_colors_info=\u00bb{}\u00bb][et_pb_column type=\u00bb4_4&#8243; _builder_version=\u00bb4.17.4&#8243; _module_preset=\u00bbdefault\u00bb global_colors_info=\u00bb{}\u00bb][et_pb_text _builder_version=\u00bb4.17.4&#8243; _module_preset=\u00bbdefault\u00bb text_text_color=\u00bb#000000&#8243; text_font_size=\u00bb18px\u00bb text_line_height=\u00bb1.8em\u00bb max_width_tablet=\u00bb100%\u00bb max_width_phone=\u00bb100%\u00bb max_width_last_edited=\u00bbon|tablet\u00bb text_font_size_tablet=\u00bb16px\u00bb text_font_size_phone=\u00bb16px\u00bb text_font_size_last_edited=\u00bbon|tablet\u00bb global_colors_info=\u00bb{}\u00bb]<\/p>\n<p><strong>De esta manera, cada una de nosotras se construy\u00f3 un espacio, con habitaciones, que representaba una casa, y que guard\u00e1bamos montadas en dos muebles del pasillo contiguo a nuestro dormitorio (nuestra madre nos \u201ccedi\u00f3\u201d el espacio). As\u00ed tarde tras tarde, cuando volv\u00edamos del cole, nos sent\u00e1bamos frente a nuestras casas y jug\u00e1bamos recreando la cotidianeidad de las dos familias. Llegamos a tener diez miembros por familia, entre hijos e hijas, todos con sus nombres y sus circunstancias. Pero de entre ellos, cada una de nuestras familias ten\u00eda una ni\u00f1a especial, las protagonistas de este relato: Yolanda y Anita (las que aparecen en la foto). Dos \u201ccliclitas\u201d que quiz\u00e1s representaban de forma oculta nuestras personalidades y con las que nos gustaba identificarnos en el juego. \u00c9ramos, en cierta manera, nosotras mismas. Dos ni\u00f1as que hac\u00edan travesuras, que se escapaban por la noche para correr aventuras, que se revelaban contra la rigidez de la escuela a la que asist\u00edan junto a sus hermanos y hermanas, que se saltaban las normas y que ten\u00edan sue\u00f1os de futuro. Cada d\u00eda era una historia, y cada historia era un pedazo de nuestras peque\u00f1as vidas. <\/strong><\/p>\n<p><strong>Mientras el mercado del juguete enfocaba sus anuncios a establecer una distinci\u00f3n entre ni\u00f1as y ni\u00f1os (Est\u00e9vez, 2018) y la escuela fomentaba la transmisi\u00f3n de estereotipos conductuales en funci\u00f3n del g\u00e9nero (Gonz\u00e1lez y Rodr\u00edguez, 2020), Anita y Yolanda, representaban, en su peque\u00f1o espacio, la libertad, y la esperanza de que todo era posible. Pod\u00edan ser y hacer lo que socialmente no era bien visto. Romp\u00edan las reglas, y retaban al modelo educativo tradicionalista (ninguna de nuestras amigas ni jug\u00f3, ni vio bien que jug\u00e1ramos a los clicks). Pero, por encima de todo, pudieron ser y sentirse felices, d\u00eda tras d\u00eda, durante todos los a\u00f1os que compartieron nuestra vida.<\/strong><\/p>\n<p><strong>Probablemente jugar con los clicks nos marc\u00f3 la vida. Yolanda hoy es Teniente Coronel M\u00e9dico de las Fuerzas Armadas y tiene una familia numerosa. Anita es profesora Titular de Universidad, tiene dos hijas y est\u00e1 divorciada. Su recuerdo vivir\u00e1 eternamente en nuestros corazones. Gracias, sinceramente, a las dos y a la familia que pudo hacer realidad ser lo que hoy son.<\/strong><\/p>\n<p>[\/et_pb_text][et_pb_text _builder_version=\u00bb4.17.4&#8243; _module_preset=\u00bbdefault\u00bb text_text_color=\u00bb#000000&#8243; text_font_size=\u00bb18px\u00bb text_line_height=\u00bb1.8em\u00bb max_width_tablet=\u00bb100%\u00bb max_width_phone=\u00bb100%\u00bb max_width_last_edited=\u00bbon|tablet\u00bb text_font_size_tablet=\u00bb16px\u00bb text_font_size_phone=\u00bb16px\u00bb text_font_size_last_edited=\u00bbon|tablet\u00bb global_colors_info=\u00bb{}\u00bb]<\/p>\n<p><strong>Referencias bibliogr\u00e1ficas<\/strong><\/p>\n<p>Est\u00e9vez Carmona, M. Elena (2018): Sexismo y juguetes: an\u00e1lisis de la publicidad gr\u00e1fica y del packaging en el sector juguetero en Espa\u00f1a desde 1980 hasta 2016. (Tesis Doctoral In\u00e9dita). Sevilla: Universidad de Sevilla. <br \/>Gonz\u00e1lez Barea, Eva Mar\u00eda y Rodr\u00edguez Mar\u00edn, Yolanda (2020): Estereotipos de g\u00e9nero en la infancia. Pedagog\u00eda Social: Revista Interuniversitaria, 36, 125-138.<br \/>Vi\u00f1ao Frago, Antonio (2010): Memoria, Patrimonio y Educaci\u00f3n. Educatio Siglo XXI, 28, 17-42.<\/p>\n<p>[\/et_pb_text][\/et_pb_column][\/et_pb_row][\/et_pb_section]<\/p>\n","protected":false},"excerpt":{"rendered":"<p>CLIKS\/PLAYMOBIL\u00a0 \u00a0 \u00a0 \u00a0 \u00a0 \u00a0 \u00a0 \u00a0 \u00a0 \u00a0 \u00a0 \u00a0 \u00a0 \u00a0 \u00bfJUGAMOS A LOS CLIKS?Cristina Yanes Cabrera | Marta Yanes Cabrera Universidad de Sevilla | Fuerzas Armadas yanes@us.es\u00a0Figuras femeninas de Playmobil.Museo Pedag\u00f3gico de la Facultad de Ciencias de la Educaci\u00f3n de la Universidad de SevillaUno de los bienes m\u00e1s preciados que tenemos [&hellip;]<\/p>\n","protected":false},"author":1,"featured_media":0,"parent":0,"menu_order":0,"comment_status":"closed","ping_status":"closed","template":"","meta":{"_et_pb_use_builder":"on","_et_pb_old_content":"","_et_gb_content_width":"","footnotes":""},"class_list":["post-4916","page","type-page","status-publish","hentry"],"_links":{"self":[{"href":"https:\/\/grupo.us.es\/mujeryeducacion\/wp-json\/wp\/v2\/pages\/4916","targetHints":{"allow":["GET"]}}],"collection":[{"href":"https:\/\/grupo.us.es\/mujeryeducacion\/wp-json\/wp\/v2\/pages"}],"about":[{"href":"https:\/\/grupo.us.es\/mujeryeducacion\/wp-json\/wp\/v2\/types\/page"}],"author":[{"embeddable":true,"href":"https:\/\/grupo.us.es\/mujeryeducacion\/wp-json\/wp\/v2\/users\/1"}],"replies":[{"embeddable":true,"href":"https:\/\/grupo.us.es\/mujeryeducacion\/wp-json\/wp\/v2\/comments?post=4916"}],"version-history":[{"count":3,"href":"https:\/\/grupo.us.es\/mujeryeducacion\/wp-json\/wp\/v2\/pages\/4916\/revisions"}],"predecessor-version":[{"id":5197,"href":"https:\/\/grupo.us.es\/mujeryeducacion\/wp-json\/wp\/v2\/pages\/4916\/revisions\/5197"}],"wp:attachment":[{"href":"https:\/\/grupo.us.es\/mujeryeducacion\/wp-json\/wp\/v2\/media?parent=4916"}],"curies":[{"name":"wp","href":"https:\/\/api.w.org\/{rel}","templated":true}]}}