{"id":486,"date":"2023-05-18T23:18:26","date_gmt":"2023-05-18T23:18:26","guid":{"rendered":"http:\/\/localhost\/museo\/?page_id=486"},"modified":"2024-07-08T09:02:00","modified_gmt":"2024-07-08T09:02:00","slug":"patrocinadores-2","status":"publish","type":"page","link":"https:\/\/grupo.us.es\/mujeryeducacion\/patrocinadores-2\/","title":{"rendered":"Patrocinadores"},"content":{"rendered":"<p>[et_pb_section fb_built=\u00bb1&#8243; admin_label=\u00bbHeader\u00bb _builder_version=\u00bb4.17.4&#8243; _module_preset=\u00bbdefault\u00bb background_color=\u00bb#F6EFE7&#8243; custom_margin=\u00bb1px||||false|false\u00bb custom_padding=\u00bb0px||0px|||\u00bb locked=\u00bboff\u00bb global_colors_info=\u00bb{}\u00bb][et_pb_row column_structure=\u00bb2_5,3_5&#8243; _builder_version=\u00bb4.17.4&#8243; _module_preset=\u00bbdefault\u00bb width=\u00bb100%\u00bb max_width=\u00bb2560px\u00bb global_colors_info=\u00bb{}\u00bb][et_pb_column type=\u00bb2_5&#8243; _builder_version=\u00bb4.17.4&#8243; _module_preset=\u00bbdefault\u00bb global_colors_info=\u00bb{}\u00bb][et_pb_image src=\u00bbhttps:\/\/grupo.us.es\/mujeryeducacion\/wp-content\/uploads\/2023\/07\/0-Logo-Museo-Pedagogico-transparente-e1689854632950.png\u00bb title_text=\u00bb0-Logo-Museo-Pedagogico-transparente-recortado\u00bb _builder_version=\u00bb4.17.4&#8243; _module_preset=\u00bbdefault\u00bb transform_scale=\u00bb81%|81%\u00bb global_colors_info=\u00bb{}\u00bb][\/et_pb_image][\/et_pb_column][et_pb_column type=\u00bb3_5&#8243; _builder_version=\u00bb4.17.4&#8243; _module_preset=\u00bbdefault\u00bb global_colors_info=\u00bb{}\u00bb][et_pb_text content_tablet=\u00bb<\/p>\n<p style=%22text-align: center;%22><strong><\/strong><\/p>\n<p style=%22text-align: center;%22><strong>Patrocinadores<\/strong><\/p>\n<p>\u00bb content_phone=\u00bb<\/p>\n<p style=%22text-align: center;%22><strong><\/strong><\/p>\n<p style=%22text-align: center;%22><strong>Patrocinadores<\/strong><\/p>\n<p>\u00bb content_last_edited=\u00bbon|phone\u00bb _builder_version=\u00bb4.17.4&#8243; _module_preset=\u00bbdefault\u00bb text_text_color=\u00bb#000000&#8243; text_font_size=\u00bb58px\u00bb text_font_size_tablet=\u00bb58px\u00bb text_font_size_phone=\u00bb42px\u00bb text_font_size_last_edited=\u00bbon|phone\u00bb global_colors_info=\u00bb{}\u00bb]<\/p>\n<p><strong><\/strong><\/p>\n<p><strong>Patrocinadores<\/strong><\/p>\n<p>[\/et_pb_text][\/et_pb_column][\/et_pb_row][\/et_pb_section][et_pb_section fb_built=\u00bb1&#8243; custom_padding_last_edited=\u00bboff|desktop\u00bb admin_label=\u00bbAbout\u00bb _builder_version=\u00bb4.17.4&#8243; _module_preset=\u00bbdefault\u00bb background_color=\u00bb#F6EFE7&#8243; custom_padding=\u00bb0px|||||\u00bb custom_padding_tablet=\u00bb||80px||false|false\u00bb custom_padding_phone=\u00bb||50px||false|false\u00bb locked=\u00bboff\u00bb global_colors_info=\u00bb{}\u00bb][et_pb_row column_structure=\u00bb1_2,1_2&#8243; _builder_version=\u00bb4.17.4&#8243; _module_preset=\u00bbdefault\u00bb background_color=\u00bb#FFFFFF\u00bb width=\u00bb92%\u00bb max_width=\u00bb1738px\u00bb custom_padding=\u00bb88px||0px||false|false\u00bb global_colors_info=\u00bb{}\u00bb][et_pb_column type=\u00bb1_2&#8243; _builder_version=\u00bb4.17.4&#8243; _module_preset=\u00bbdefault\u00bb global_colors_info=\u00bb{}\u00bb][et_pb_image src=\u00bbhttps:\/\/grupo.us.es\/mujeryeducacion\/wp-content\/uploads\/2023\/07\/26.png\u00bb title_text=\u00bb26&#8243; align=\u00bbright\u00bb align_tablet=\u00bbcenter\u00bb align_phone=\u00bbcenter\u00bb align_last_edited=\u00bbon|desktop\u00bb _builder_version=\u00bb4.17.4&#8243; _module_preset=\u00bbdefault\u00bb width=\u00bb35%\u00bb width_tablet=\u00bb40%\u00bb width_phone=\u00bb50%\u00bb width_last_edited=\u00bbon|phone\u00bb custom_margin=\u00bb-50px||5px||false|false\u00bb global_colors_info=\u00bb{}\u00bb][\/et_pb_image][\/et_pb_column][et_pb_column type=\u00bb1_2&#8243; _builder_version=\u00bb4.17.4&#8243; _module_preset=\u00bbdefault\u00bb global_colors_info=\u00bb{}\u00bb][et_pb_image src=\u00bbhttps:\/\/grupo.us.es\/mujeryeducacion\/wp-content\/uploads\/2024\/07\/Imagen4-logo-mujeres.jpg\u00bb title_text=\u00bbImagen4 logo mujeres\u00bb align_tablet=\u00bbcenter\u00bb align_phone=\u00bbcenter\u00bb align_last_edited=\u00bbon|tablet\u00bb _builder_version=\u00bb4.17.4&#8243; _module_preset=\u00bbdefault\u00bb transform_scale_tablet=\u00bb\u00bb transform_scale_phone=\u00bb\u00bb transform_scale_last_edited=\u00bbon|tablet\u00bb transform_translate_tablet=\u00bb114px|-33px\u00bb transform_translate_phone=\u00bb71px|-46px\u00bb transform_translate_last_edited=\u00bbon|phone\u00bb transform_rotate_tablet=\u00bb\u00bb transform_rotate_phone=\u00bb\u00bb transform_rotate_last_edited=\u00bbon|tablet\u00bb transform_skew_tablet=\u00bb\u00bb transform_skew_phone=\u00bb\u00bb transform_skew_last_edited=\u00bbon|tablet\u00bb transform_origin_tablet=\u00bb\u00bb transform_origin_phone=\u00bb\u00bb transform_origin_last_edited=\u00bbon|tablet\u00bb transform_styles_last_edited=\u00bbon|phone\u00bb width=\u00bb50%\u00bb width_tablet=\u00bb70%\u00bb width_phone=\u00bb63%\u00bb width_last_edited=\u00bbon|desktop\u00bb module_alignment=\u00bbleft\u00bb custom_margin=\u00bb30px||-1px||false|false\u00bb custom_margin_tablet=\u00bb|||0px|false|false\u00bb custom_margin_phone=\u00bb|||0px|false|false\u00bb custom_margin_last_edited=\u00bbon|desktop\u00bb transform_styles_tablet=\u00bb\u00bb transform_styles_phone=\u00bb\u00bb module_alignment_tablet=\u00bbleft\u00bb module_alignment_phone=\u00bbleft\u00bb module_alignment_last_edited=\u00bbon|desktop\u00bb global_colors_info=\u00bb{}\u00bb][\/et_pb_image][\/et_pb_column][\/et_pb_row][et_pb_row _builder_version=\u00bb4.17.4&#8243; _module_preset=\u00bbdefault\u00bb background_color=\u00bb#FFFFFF\u00bb width=\u00bb92%\u00bb max_width=\u00bb1738px\u00bb custom_padding=\u00bb||52px|||\u00bb global_colors_info=\u00bb{}\u00bb][et_pb_column type=\u00bb4_4&#8243; _builder_version=\u00bb4.17.4&#8243; _module_preset=\u00bbdefault\u00bb global_colors_info=\u00bb{}\u00bb][et_pb_text _builder_version=\u00bb4.17.4&#8243; _module_preset=\u00bbdefault\u00bb text_font_size=\u00bb18px\u00bb transform_scale_tablet=\u00bb\u00bb transform_scale_phone=\u00bb\u00bb transform_scale_last_edited=\u00bbon|tablet\u00bb transform_translate=\u00bb95px|11px\u00bb transform_translate_tablet=\u00bb62px|15px\u00bb transform_translate_phone=\u00bb43px|-16px\u00bb transform_translate_last_edited=\u00bbon|phone\u00bb transform_rotate_tablet=\u00bb\u00bb transform_rotate_phone=\u00bb\u00bb transform_rotate_last_edited=\u00bbon|desktop\u00bb transform_skew_tablet=\u00bb\u00bb transform_skew_phone=\u00bb\u00bb transform_skew_last_edited=\u00bbon|desktop\u00bb transform_origin_tablet=\u00bb\u00bb transform_origin_phone=\u00bb\u00bb transform_origin_last_edited=\u00bbon|desktop\u00bb transform_styles_last_edited=\u00bbon|phone\u00bb width=\u00bb100%\u00bb max_width=\u00bb86%\u00bb custom_margin=\u00bb16px|-75px||||\u00bb transform_styles_tablet=\u00bb\u00bb transform_styles_phone=\u00bb\u00bb global_colors_info=\u00bb{}\u00bb]<\/p>\n<p><strong>El desarrollo de este proyecto expositivo ha sido posible gracias al patrocinio de la Universidad de Sevilla y del Instituto de las Mujeres. Ministerio de Igualdad del Gobierno de Espa\u00f1a, a trav\u00e9s de la concesi\u00f3n de las siguientes ayudas conseguidas todas ellas en convocatorias competitivas:<\/strong><\/p>\n<p>[\/et_pb_text][et_pb_text _builder_version=\u00bb4.17.4&#8243; _module_preset=\u00bbdefault\u00bb text_font=\u00bbMerriweather||||||||\u00bb text_text_color=\u00bb#000000&#8243; text_font_size=\u00bb16px\u00bb text_line_height=\u00bb2em\u00bb transform_scale_tablet=\u00bb\u00bb transform_scale_phone=\u00bb\u00bb transform_scale_last_edited=\u00bbon|tablet\u00bb transform_translate=\u00bb96px|5px\u00bb transform_translate_tablet=\u00bb62px|5px\u00bb transform_translate_phone=\u00bb33px|-11px\u00bb transform_translate_last_edited=\u00bbon|phone\u00bb transform_rotate_tablet=\u00bb\u00bb transform_rotate_phone=\u00bb\u00bb transform_rotate_last_edited=\u00bbon|desktop\u00bb transform_skew_tablet=\u00bb\u00bb transform_skew_phone=\u00bb\u00bb transform_skew_last_edited=\u00bbon|desktop\u00bb transform_origin_tablet=\u00bb\u00bb transform_origin_phone=\u00bb\u00bb transform_origin_last_edited=\u00bbon|desktop\u00bb transform_styles_last_edited=\u00bbon|phone\u00bb max_width=\u00bb86%\u00bb custom_margin=\u00bb38px||38px||true|false\u00bb text_font_size_tablet=\u00bb15px\u00bb text_font_size_phone=\u00bb14px\u00bb text_font_size_last_edited=\u00bbon|phone\u00bb header_font_size_tablet=\u00bb55px\u00bb header_font_size_last_edited=\u00bboff|desktop\u00bb transform_styles_tablet=\u00bb\u00bb transform_styles_phone=\u00bb\u00bb global_colors_info=\u00bb{}\u00bb]<\/p>\n<p><strong>\u00b7 <\/strong>Convocatoria <b>Subvenci\u00f3n para la realizaci\u00f3n de <\/b>Postgrados de Estudios feministas y de G\u00e9nero y <b>actividades del \u00e1mbito universitario relacionadas con la Igualdad <\/b>para el a\u00f1o 2024. <b>Instituto de las Mujeres. <\/b>Ministerio de Igualdad.<\/p>\n<p><strong>\u00b7 <\/strong>Convocatoria de <b>Ayudas <\/b>para<b> Actividades de<\/b> <b>Divulgaci\u00f3n Cient\u00edfica.<\/b> Universidad de Sevilla. <b>VI Plan Propio de Investigaci\u00f3n y Transferencia<\/b> (IV.2 \u2013 Anualidad 2023). (Resoluci\u00f3n de 10 de marzo de 2023).<\/p>\n<p><strong>\u00b7 <\/strong>Convocatoria de <b>Ayudas<\/b> para el desarrollo de <b>Iniciativas en Materia de Igualdad de G\u00e9nero<\/b>, 2023. <b>Unidad de Igualdad de la Universidad de Sevilla<\/b>. (Resoluci\u00f3n de 4 de abril de 2023).<\/p>\n<p><strong>\u00b7 <\/strong>Convocatoria de <b>Ayudas <\/b><b>para Iniciativas <\/b><b>C<\/b><b>ulturales <\/b>de la <b>Facultad de Ciencias de la Educaci\u00f3n de la Universidad de Sevilla.<\/b> Vicedecanato de Investigaci\u00f3n, Cultura y Comunicaci\u00f3n Institucional. (Resoluci\u00f3n de 23 de febrero de 2023).<\/p>\n<p><strong>\u00b7 <\/strong>Convocatoria del <b>Programa de Estancias de Investigadores de Otros Centros Nacionales y Extranjeros en Departamentos e Institutos de Investigaci\u00f3n de la US <\/b>\u2013 Modalidad A \u2013 Estancias Breves en la US. III.3A \u2013 Anualidad 2022. (Plan Propio de Investigaci\u00f3n). (Resoluci\u00f3n de 7 de abril de 2022).<\/p>\n<p>&nbsp;<\/p>\n<p>Adem\u00e1s, se ha contado con la colaboraci\u00f3n de la Sociedad Espa\u00f1ola para el Estudio del Patrimonio Hist\u00f3rico Educativo (SEPHE), trav\u00e9s de las siguientes convocatorias:<\/p>\n<p><strong>\u00b7 <\/strong>Convocatoria de <b>Ayudas<\/b> de la <b>Sociedad Espa\u00f1ola para el Estudio del Patrimonio Hist\u00f3rico Educativo (SEPHE)<\/b>, para el desarrollo de actividades relacionadas con el estudio y recuperaci\u00f3n del patrimonio hist\u00f3rico educativo del a\u00f1o 2023. Resoluci\u00f3n de junio de 2023.<\/p>\n<p><strong>\u00b7 <\/strong>Convocatoria de <b>Ayudas<\/b> de la <b>Sociedad Espa\u00f1ola para el Estudio del Patrimonio Hist\u00f3rico Educativo (SEPHE)<\/b>, para el desarrollo de actividades relacionadas con el estudio y recuperaci\u00f3n del patrimonio hist\u00f3rico educativo del a\u00f1o 2024. Resoluci\u00f3n de julio de 2024.<\/p>\n<p>[\/et_pb_text][et_pb_image src=\u00bbhttps:\/\/grupo.us.es\/mujeryeducacion\/wp-content\/uploads\/2023\/07\/sephe.jpg\u00bb title_text=\u00bbsephe\u00bb align=\u00bbcenter\u00bb _builder_version=\u00bb4.17.4&#8243; _module_preset=\u00bbdefault\u00bb custom_padding=\u00bb26px|||||\u00bb hover_enabled=\u00bb0&#8243; global_colors_info=\u00bb{}\u00bb width=\u00bb16%\u00bb sticky_enabled=\u00bb0&#8243; width_last_edited=\u00bbon|phone\u00bb width_phone=\u00bb51%\u00bb width_tablet=\u00bb16%\u00bb][\/et_pb_image][\/et_pb_column][\/et_pb_row][\/et_pb_section]<\/p>\n","protected":false},"excerpt":{"rendered":"<p>PatrocinadoresEl desarrollo de este proyecto expositivo ha sido posible gracias al patrocinio de la Universidad de Sevilla y del Instituto de las Mujeres. Ministerio de Igualdad del Gobierno de Espa\u00f1a, a trav\u00e9s de la concesi\u00f3n de las siguientes ayudas conseguidas todas ellas en convocatorias competitivas:\u00b7 Convocatoria Subvenci\u00f3n para la realizaci\u00f3n de Postgrados de Estudios feministas [&hellip;]<\/p>\n","protected":false},"author":1,"featured_media":0,"parent":0,"menu_order":0,"comment_status":"closed","ping_status":"closed","template":"","meta":{"_et_pb_use_builder":"on","_et_pb_old_content":"","_et_gb_content_width":"","footnotes":""},"class_list":["post-486","page","type-page","status-publish","hentry"],"_links":{"self":[{"href":"https:\/\/grupo.us.es\/mujeryeducacion\/wp-json\/wp\/v2\/pages\/486","targetHints":{"allow":["GET"]}}],"collection":[{"href":"https:\/\/grupo.us.es\/mujeryeducacion\/wp-json\/wp\/v2\/pages"}],"about":[{"href":"https:\/\/grupo.us.es\/mujeryeducacion\/wp-json\/wp\/v2\/types\/page"}],"author":[{"embeddable":true,"href":"https:\/\/grupo.us.es\/mujeryeducacion\/wp-json\/wp\/v2\/users\/1"}],"replies":[{"embeddable":true,"href":"https:\/\/grupo.us.es\/mujeryeducacion\/wp-json\/wp\/v2\/comments?post=486"}],"version-history":[{"count":28,"href":"https:\/\/grupo.us.es\/mujeryeducacion\/wp-json\/wp\/v2\/pages\/486\/revisions"}],"predecessor-version":[{"id":6022,"href":"https:\/\/grupo.us.es\/mujeryeducacion\/wp-json\/wp\/v2\/pages\/486\/revisions\/6022"}],"wp:attachment":[{"href":"https:\/\/grupo.us.es\/mujeryeducacion\/wp-json\/wp\/v2\/media?parent=486"}],"curies":[{"name":"wp","href":"https:\/\/api.w.org\/{rel}","templated":true}]}}