{"id":4832,"date":"2023-07-28T08:04:07","date_gmt":"2023-07-28T08:04:07","guid":{"rendered":"https:\/\/grupo.us.es\/mujeryeducacion\/?page_id=4832"},"modified":"2023-09-11T10:39:22","modified_gmt":"2023-09-11T10:39:22","slug":"079-chasca","status":"publish","type":"page","link":"https:\/\/grupo.us.es\/mujeryeducacion\/079-chasca\/","title":{"rendered":"079. Chasca"},"content":{"rendered":"<p>[et_pb_section fb_built=\u00bb1&#8243; _builder_version=\u00bb4.17.4&#8243; _module_preset=\u00bbdefault\u00bb background_color=\u00bb#F6EFE7&#8243; custom_padding=\u00bb2px|||||\u00bb custom_css_main_element=\u00bbdisplay=flex;\u00bb global_colors_info=\u00bb{}\u00bb][et_pb_row _builder_version=\u00bb4.17.4&#8243; _module_preset=\u00bbdefault\u00bb width=\u00bb100%\u00bb max_width=\u00bb2560px\u00bb custom_padding=\u00bb0px|||||\u00bb global_colors_info=\u00bb{}\u00bb][et_pb_column type=\u00bb4_4&#8243; _builder_version=\u00bb4.17.4&#8243; _module_preset=\u00bbdefault\u00bb global_colors_info=\u00bb{}\u00bb][et_pb_slider _builder_version=\u00bb4.17.4&#8243; _module_preset=\u00bbdefault\u00bb global_colors_info=\u00bb{}\u00bb][et_pb_slide image=\u00bbhttps:\/\/grupo.us.es\/mujeryeducacion\/wp-content\/uploads\/2023\/05\/WhatsApp-Image-2023-05-09-at-13.04.58-1-e1685632681396.jpeg\u00bb _builder_version=\u00bb4.17.4&#8243; _module_preset=\u00bbdefault\u00bb background_color=\u00bbRGBA(255,255,255,0)\u00bb background_enable_color=\u00bbon\u00bb background_image=\u00bbhttps:\/\/grupo.us.es\/mujeryeducacion\/wp-content\/uploads\/2023\/05\/WhatsApp-Image-2023-05-09-at-13.04.58-1-e1685632681396.jpeg\u00bb background_enable_image=\u00bbon\u00bb global_colors_info=\u00bb{}\u00bb sticky_transition=\u00bbon\u00bb][\/et_pb_slide][\/et_pb_slider][\/et_pb_column][\/et_pb_row][et_pb_row column_structure=\u00bb2_5,3_5&#8243; make_equal=\u00bbon\u00bb _builder_version=\u00bb4.17.4&#8243; _module_preset=\u00bbdefault\u00bb width=\u00bb100%\u00bb max_width=\u00bb2560px\u00bb global_colors_info=\u00bb{}\u00bb][et_pb_column type=\u00bb2_5&#8243; _builder_version=\u00bb4.17.4&#8243; _module_preset=\u00bbdefault\u00bb global_colors_info=\u00bb{}\u00bb][et_pb_image src=\u00bbhttps:\/\/grupo.us.es\/mujeryeducacion\/wp-content\/uploads\/2023\/07\/0-Logo-Museo-Pedagogico-transparente-e1689854632950.png\u00bb title_text=\u00bb0-Logo-Museo-Pedagogico-transparente-recortado\u00bb align_tablet=\u00bb\u00bb align_phone=\u00bbcenter\u00bb align_last_edited=\u00bbon|phone\u00bb _builder_version=\u00bb4.17.4&#8243; _module_preset=\u00bbdefault\u00bb width=\u00bb50%\u00bb width_tablet=\u00bb70%\u00bb width_phone=\u00bb70%\u00bb width_last_edited=\u00bbon|tablet\u00bb module_alignment_tablet=\u00bbcenter\u00bb module_alignment_phone=\u00bbcenter\u00bb module_alignment_last_edited=\u00bbon|tablet\u00bb global_colors_info=\u00bb{}\u00bb][\/et_pb_image][\/et_pb_column][et_pb_column type=\u00bb3_5&#8243; _builder_version=\u00bb4.17.4&#8243; _module_preset=\u00bbdefault\u00bb global_colors_info=\u00bb{}\u00bb][et_pb_text content_tablet=\u00bb<\/p>\n<p><strong><\/strong><\/p>\n<p style=%22text-align: center;%22><strong>CHASCA<\/strong><\/p>\n<p>\u00bb content_phone=\u00bb<\/p>\n<p><strong><\/strong><\/p>\n<p style=%22text-align: center;%22><strong>CHASCA<\/strong><\/p>\n<p>\u00bb content_last_edited=\u00bbon|phone\u00bb _builder_version=\u00bb4.17.4&#8243; _module_preset=\u00bbdefault\u00bb text_text_color=\u00bb#000000&#8243; text_font_size=\u00bb58px\u00bb transform_scale_tablet=\u00bb\u00bb transform_scale_phone=\u00bb\u00bb transform_scale_last_edited=\u00bbon|tablet\u00bb transform_translate_tablet=\u00bb72px|-7px\u00bb transform_translate_phone=\u00bb64px|-7px\u00bb transform_translate_last_edited=\u00bbon|tablet\u00bb transform_rotate_tablet=\u00bb\u00bb transform_rotate_phone=\u00bb\u00bb transform_rotate_last_edited=\u00bbon|tablet\u00bb transform_skew_tablet=\u00bb\u00bb transform_skew_phone=\u00bb\u00bb transform_skew_last_edited=\u00bbon|tablet\u00bb transform_origin_tablet=\u00bb\u00bb transform_origin_phone=\u00bb\u00bb transform_origin_last_edited=\u00bbon|tablet\u00bb transform_styles_last_edited=\u00bbon|tablet\u00bb custom_margin=\u00bb|||-127px||\u00bb text_font_size_tablet=\u00bb58px\u00bb text_font_size_phone=\u00bb42px\u00bb text_font_size_last_edited=\u00bbon|phone\u00bb transform_styles_tablet=\u00bb\u00bb transform_styles_phone=\u00bb\u00bb module_alignment_tablet=\u00bbcenter\u00bb module_alignment_phone=\u00bbcenter\u00bb module_alignment_last_edited=\u00bbon|tablet\u00bb global_colors_info=\u00bb{}\u00bb]<\/p>\n<p><strong><\/strong><\/p>\n<p><strong>\u00a0 \u00a0 \u00a0 \u00a0 CHASCA<\/strong><\/p>\n<p>[\/et_pb_text][et_pb_text content_tablet=\u00bb<\/p>\n<p style=%22text-align: center;%22><strong><\/strong><\/p>\n<p style=%22text-align: center;%22><strong>LA SE\u00d1AL, UN OBJETO PARA LA PEDAGOG\u00cdA <\/strong><\/p>\n<p style=%22text-align: center;%22><strong>DEL SILENCIO<\/strong><\/p>\n<p>\u00bb content_phone=\u00bb<\/p>\n<p style=%22text-align: center;%22><strong><\/strong><\/p>\n<p style=%22text-align: center;%22><strong>LA SE\u00d1AL, UN OBJETO PARA LA <\/strong><\/p>\n<p style=%22text-align: center;%22><strong>PEDAGOG\u00cdA DEL SILENCIO<\/strong><\/p>\n<p>\u00bb content_last_edited=\u00bbon|tablet\u00bb _builder_version=\u00bb4.17.4&#8243; _module_preset=\u00bbdefault\u00bb text_text_color=\u00bb#8E8E8E\u00bb text_font_size=\u00bb32px\u00bb text_line_height=\u00bb1.8em\u00bb transform_scale_tablet=\u00bb\u00bb transform_scale_phone=\u00bb\u00bb transform_scale_last_edited=\u00bbon|tablet\u00bb transform_translate_tablet=\u00bb151px|-10px\u00bb transform_translate_phone=\u00bb151px|-10px\u00bb transform_translate_last_edited=\u00bbon|tablet\u00bb transform_rotate_tablet=\u00bb\u00bb transform_rotate_phone=\u00bb\u00bb transform_rotate_last_edited=\u00bbon|tablet\u00bb transform_skew_tablet=\u00bb\u00bb transform_skew_phone=\u00bb\u00bb transform_skew_last_edited=\u00bbon|tablet\u00bb transform_origin_tablet=\u00bb\u00bb transform_origin_phone=\u00bb\u00bb transform_origin_last_edited=\u00bbon|tablet\u00bb transform_styles_last_edited=\u00bbon|tablet\u00bb custom_margin=\u00bb|||-295px||\u00bb text_font_size_tablet=\u00bb32px\u00bb text_font_size_phone=\u00bb24px\u00bb text_font_size_last_edited=\u00bbon|desktop\u00bb transform_styles_tablet=\u00bb\u00bb transform_styles_phone=\u00bb\u00bb global_colors_info=\u00bb{}\u00bb]<\/p>\n<p><strong>\u00a0 \u00a0 \u00a0 \u00a0 \u00a0 \u00a0 \u00a0 \u00a0 \u00a0 \u00a0 \u00a0 \u00a0LA SE\u00d1AL, UN OBJETO PARA <\/strong><\/p>\n<p><strong>\u00a0 \u00a0 \u00a0 \u00a0 \u00a0 \u00a0 \u00a0 \u00a0 \u00a0 \u00a0 \u00a0 LA PEDAGOG\u00cdA DEL SILENCIO<\/strong><\/p>\n<p>[\/et_pb_text][\/et_pb_column][\/et_pb_row][et_pb_row _builder_version=\u00bb4.17.4&#8243; _module_preset=\u00bbdefault\u00bb global_colors_info=\u00bb{}\u00bb][et_pb_column type=\u00bb4_4&#8243; _builder_version=\u00bb4.17.4&#8243; _module_preset=\u00bbdefault\u00bb global_colors_info=\u00bb{}\u00bb][et_pb_text _builder_version=\u00bb4.17.4&#8243; _module_preset=\u00bbdefault\u00bb hover_enabled=\u00bb0&#8243; global_colors_info=\u00bb{}\u00bb sticky_enabled=\u00bb0&#8243;]<\/p>\n<h1 style=\"text-align: center;\">Paul\u00ed D\u00e1vila Balsera | Luis M. Naya Garmendia<\/h1>\n<p><span class=\"EOP SCXW150617363 BCX9\" data-ccp-props=\"{&quot;201341983&quot;:0,&quot;335551550&quot;:3,&quot;335551620&quot;:3,&quot;335559739&quot;:0,&quot;335559740&quot;:240}\"><span class=\"EOP SCXW184100114 BCX9\" data-ccp-props=\"{&quot;201341983&quot;:0,&quot;335551550&quot;:3,&quot;335551620&quot;:3,&quot;335559739&quot;:0,&quot;335559740&quot;:240}\"><span data-contrast=\"auto\" xml:lang=\"ES-ES\" lang=\"ES-ES\" class=\"TextRun SCXW37953205 BCX9\"><span class=\"NormalTextRun SCXW37953205 BCX9\"><span data-contrast=\"auto\" xml:lang=\"ES-ES\" lang=\"ES-ES\" class=\"TextRun SCXW144867011 BCX9\"><span class=\"NormalTextRun SCXW144867011 BCX9\"><span class=\"EOP SCXW91137730 BCX9\" data-ccp-props=\"{&quot;335551550&quot;:3,&quot;335551620&quot;:3}\"><\/span><\/span><\/span><\/span><\/span><\/span><\/span><\/p>\n<h4 style=\"text-align: center;\">Museo de la Educaci\u00f3n. Universidad del Pa\u00eds Vasco<\/h4>\n<p><span data-contrast=\"auto\" xml:lang=\"ES-ES\" lang=\"ES-ES\" class=\"TextRun SCXW38795511 BCX9\"><span class=\"NormalTextRun SCXW38795511 BCX9\"><\/span><\/span><\/p>\n<p style=\"text-align: center;\"><span data-contrast=\"auto\"><\/span><\/p>\n<h6 style=\"text-align: center;\"><span style=\"color: #8e8e8e;\"><span data-contrast=\"none\" xml:lang=\"ES-ES\" lang=\"ES-ES\" class=\"TextRun Underlined SCXW183494506 BCX9\" style=\"color: #8e8e8e;\"><span class=\"NormalTextRun SCXW183494506 BCX9\" data-ccp-charstyle=\"Hyperlink\"><a class=\"Hyperlink SCXW183494506 BCX9\" href=\"mailto:eulalia@uvic.cat\" target=\"_blank\" rel=\"noreferrer noopener\">pauli.davila@ehu.eus | <\/a><\/span><\/span><\/span><span style=\"color: #8e8e8e;\"><span data-contrast=\"none\" xml:lang=\"ES-ES\" lang=\"ES-ES\" class=\"TextRun Underlined SCXW183494506 BCX9\" style=\"color: #8e8e8e;\"><span class=\"NormalTextRun SCXW183494506 BCX9\" data-ccp-charstyle=\"Hyperlink\"><a class=\"Hyperlink SCXW183494506 BCX9\" href=\"mailto:eulalia@uvic.cat\" target=\"_blank\" rel=\"noreferrer noopener\">luisma.naya@ehu.es<\/a><\/span><\/span><\/span><\/h6>\n<h6 style=\"text-align: center;\"><span style=\"color: #8e8e8e;\"><span data-contrast=\"none\" xml:lang=\"ES-ES\" lang=\"ES-ES\" class=\"TextRun Underlined SCXW183494506 BCX9\" style=\"color: #8e8e8e;\"><span class=\"NormalTextRun SCXW183494506 BCX9\" data-ccp-charstyle=\"Hyperlink\"><a class=\"Hyperlink SCXW183494506 BCX9\" href=\"mailto:eulalia@uvic.cat\" target=\"_blank\" rel=\"noreferrer noopener\"><\/a><\/span><\/span><\/span><\/h6>\n<p>[\/et_pb_text][\/et_pb_column][\/et_pb_row][et_pb_row column_structure=\u00bb1_4,3_4&#8243; _builder_version=\u00bb4.17.4&#8243; _module_preset=\u00bbdefault\u00bb width=\u00bb100%\u00bb max_width=\u00bb2560px\u00bb global_colors_info=\u00bb{}\u00bb][et_pb_column type=\u00bb1_4&#8243; _builder_version=\u00bb4.17.4&#8243; _module_preset=\u00bbdefault\u00bb global_colors_info=\u00bb{}\u00bb][et_pb_image src=\u00bbhttps:\/\/grupo.us.es\/mujeryeducacion\/wp-content\/uploads\/2023\/05\/WhatsApp-Image-2023-05-09-at-13.04.58-1-e1685632681396.jpeg\u00bb title_text=\u00bbchasca\u00bb align_tablet=\u00bbcenter\u00bb align_phone=\u00bbcenter\u00bb align_last_edited=\u00bbon|tablet\u00bb _builder_version=\u00bb4.17.4&#8243; _module_preset=\u00bbdefault\u00bb width=\u00bb100%\u00bb max_width=\u00bb100%\u00bb max_width_tablet=\u00bb100%\u00bb max_width_phone=\u00bb89%\u00bb max_width_last_edited=\u00bbon|phone\u00bb custom_margin=\u00bb||28px|20px|false|false\u00bb global_colors_info=\u00bb{}\u00bb][\/et_pb_image][et_pb_text content_tablet=\u00bb<\/p>\n<p style=%22text-align: center;%22><strong>Pandereta. Museo Pedag\u00f3gico de la Facultad de Ciencias de la Educaci\u00f3n de la Universidad de Sevilla<\/strong><\/p>\n<p>\u00bb content_phone=\u00bb<\/p>\n<p style=%22text-align: center;%22><strong>Pandereta. Museo Pedag\u00f3gico de la Facultad de Ciencias de la Educaci\u00f3n de la Universidad de Sevilla<\/strong><\/p>\n<p>\u00bb content_last_edited=\u00bboff|desktop\u00bb _builder_version=\u00bb4.17.4&#8243; _module_preset=\u00bbdefault\u00bb custom_margin=\u00bb|||20px|false|false\u00bb global_colors_info=\u00bb{}\u00bb]<\/p>\n<p><strong>Chasca.<\/strong><br \/><strong>Museo Andaluz de la Educaci\u00f3n<\/strong><\/p>\n<p>[\/et_pb_text][\/et_pb_column][et_pb_column type=\u00bb3_4&#8243; _builder_version=\u00bb4.17.4&#8243; _module_preset=\u00bbdefault\u00bb global_colors_info=\u00bb{}\u00bb][et_pb_text _builder_version=\u00bb4.17.4&#8243; _module_preset=\u00bbdefault\u00bb text_text_color=\u00bb#000000&#8243; text_font_size=\u00bb18px\u00bb text_line_height=\u00bb1.8em\u00bb max_width_tablet=\u00bb95%\u00bb max_width_phone=\u00bb90%\u00bb max_width_last_edited=\u00bbon|tablet\u00bb custom_margin_tablet=\u00bb|||20px|false|false\u00bb custom_margin_phone=\u00bb|||20px|false|false\u00bb custom_margin_last_edited=\u00bbon|tablet\u00bb text_font_size_tablet=\u00bb16px\u00bb text_font_size_phone=\u00bb16px\u00bb text_font_size_last_edited=\u00bbon|tablet\u00bb global_colors_info=\u00bb{}\u00bb]<\/p>\n<p><strong>La se\u00f1al o chasca es un objeto muy simple que, al golpear entre s\u00ed dos de sus componentes de madera, produce un sonido, un chasquido, audible en una clase. Se trata de un invento introducido en las escuelas primarias regentadas por la Congregaci\u00f3n de los Hermanos de las Escuelas Cristianas, creada por Juan Bautista de La Salle (1651-1719), con el objetivo de imponer el silencio en las aulas y lograr la atenci\u00f3n de los alumnos para el desarrollo de los procesos de ense\u00f1anza y aprendizaje de diversas materias. Es un objeto pedag\u00f3gico tecnol\u00f3gicamente sencillo, pero que se convirti\u00f3 en un elemento clave de la pedagog\u00eda lasaliana, ya que, con su uso, se difundi\u00f3 un nuevo modelo de ense\u00f1anza, la ense\u00f1anza simult\u00e1nea, al alcance de las clases populares.<\/strong><\/p>\n<p><strong>Como es conocido, La Salle fue un pedagogo que introdujo una serie de reformas educativas (m\u00e9todo simultaneo, ense\u00f1anza en lengua vern\u00e1cula, entre otras), pero sobre todo su pedagog\u00eda se basaba en el silencio, exigido tanto a los alumnos como a los propios Hermanos maestros. Desde entonces el silencio en el aula es una cuesti\u00f3n fundamental. \u00bfC\u00f3mo podemos ense\u00f1ar si no se consigue un ambiente relajado en el que se pueda escuchar las indicaciones de quien est\u00e9 encargado de dirigir el proceso? Si esta tarea, en pleno siglo XXI, es muy complicada con grupos de 20 estudiantes, mucho m\u00e1s lo era hace 3 siglos, cuando en un aula pod\u00edamos encontrar grupos que superaban los 50 alumnos.<\/strong><\/p>\n<p>[\/et_pb_text][\/et_pb_column][\/et_pb_row][et_pb_row column_structure=\u00bb2_3,1_3&#8243; _builder_version=\u00bb4.17.4&#8243; _module_preset=\u00bbdefault\u00bb width=\u00bb100%\u00bb max_width=\u00bb2560px\u00bb custom_padding=\u00bb41px|||||\u00bb global_colors_info=\u00bb{}\u00bb][et_pb_column type=\u00bb2_3&#8243; _builder_version=\u00bb4.17.4&#8243; _module_preset=\u00bbdefault\u00bb global_colors_info=\u00bb{}\u00bb][et_pb_text _builder_version=\u00bb4.17.4&#8243; _module_preset=\u00bbdefault\u00bb text_text_color=\u00bb#000000&#8243; text_font_size=\u00bb18px\u00bb text_line_height=\u00bb1.8em\u00bb max_width_tablet=\u00bb95%\u00bb max_width_phone=\u00bb90%\u00bb max_width_last_edited=\u00bbon|tablet\u00bb custom_margin=\u00bb|||20px|false|false\u00bb text_font_size_tablet=\u00bb16px\u00bb text_font_size_phone=\u00bb16px\u00bb text_font_size_last_edited=\u00bbon|tablet\u00bb global_colors_info=\u00bb{}\u00bb]<\/p>\n<p><strong>. En aquellos momentos la imposici\u00f3n del orden era fundamental para que los procesos de aprendizaje se pudieran regular con procedimientos claros y ordenados.<\/strong><\/p>\n<p><strong>La pedagog\u00eda lasaliana configura una determinada manera de entender la cultura escolar, sobre todo a trav\u00e9s de los cambios que se introdujeron en el aula. Sus m\u00e9todos son la expresi\u00f3n de un cambio radical en los m\u00e9todos de ense\u00f1anza; propiciando una nueva manera de organizaci\u00f3n escolar, determinando una nueva concepci\u00f3n del tiempo y el espacio escolar. La introducci\u00f3n del sistema simult\u00e1neo, o la graduaci\u00f3n de la ense\u00f1anza en el aula, por ejemplo, hoy parecen muy evidentes, pero, en su momento fueron una gran innovaci\u00f3n pedag\u00f3gica, en contraposici\u00f3n al m\u00e9todo individual. Es decir, impartir una clase simult\u00e1neamente a un conjunto de alumnos, en oposici\u00f3n a la dedicaci\u00f3n individual a cada alumno o grupo de alumnos nos parece algo bien simple, pero, en su momento, supuso introducir cierto orden en el aula, donde el silencio y la capacidad de escucha ten\u00edan que desarrollarse. <\/strong><\/p>\n<p>[\/et_pb_text][\/et_pb_column][et_pb_column type=\u00bb1_3&#8243; _builder_version=\u00bb4.17.4&#8243; _module_preset=\u00bbdefault\u00bb global_colors_info=\u00bb{}\u00bb][et_pb_image src=\u00bbhttps:\/\/grupo.us.es\/mujeryeducacion\/wp-content\/uploads\/2023\/05\/WhatsApp-Image-2023-05-09-at-13.04.58-1-e1685632681396.jpeg\u00bb title_text=\u00bbchasca\u00bb align_tablet=\u00bbcenter\u00bb align_phone=\u00bbcenter\u00bb align_last_edited=\u00bbon|tablet\u00bb _builder_version=\u00bb4.17.4&#8243; _module_preset=\u00bbdefault\u00bb global_colors_info=\u00bb{}\u00bb][\/et_pb_image][\/et_pb_column][\/et_pb_row][et_pb_row _builder_version=\u00bb4.17.4&#8243; _module_preset=\u00bbdefault\u00bb width=\u00bb90%\u00bb max_width=\u00bb2560px\u00bb custom_margin=\u00bb|||20px|false|false\u00bb global_colors_info=\u00bb{}\u00bb][et_pb_column type=\u00bb4_4&#8243; _builder_version=\u00bb4.17.4&#8243; _module_preset=\u00bbdefault\u00bb global_colors_info=\u00bb{}\u00bb][et_pb_text _builder_version=\u00bb4.17.4&#8243; _module_preset=\u00bbdefault\u00bb text_text_color=\u00bb#000000&#8243; text_font_size=\u00bb18px\u00bb text_line_height=\u00bb1.8em\u00bb max_width_tablet=\u00bb100%\u00bb max_width_phone=\u00bb100%\u00bb max_width_last_edited=\u00bbon|tablet\u00bb text_font_size_tablet=\u00bb16px\u00bb text_font_size_phone=\u00bb16px\u00bb text_font_size_last_edited=\u00bbon|tablet\u00bb global_colors_info=\u00bb{}\u00bb]<\/p>\n<p><strong>Por otra parte, no podemos olvidar que los Hermanos de La Salle es una congregaci\u00f3n masculina, dedicada, hist\u00f3rica y principalmente, a la educaci\u00f3n de los hijos de las clases populares, aunque tambi\u00e9n han mantenido centros de prestigio para las clases altas y medias, lo que posibilitaba el sostenimiento de escuelas gratuitas para las clases populares, sobre todo en la formaci\u00f3n profesional. La incorporaci\u00f3n de las ni\u00f1as a las escuelas lasalianas, desde el punto de visto hist\u00f3rico, es un hecho muy reciente, no m\u00e1s all\u00e1 de 50 a\u00f1os, lo mismo podemos decir sobre la incorporaci\u00f3n de la mujer como docente que, aunque en este momento son clara mayor\u00eda, comenzaron esta andadura en los a\u00f1os 70.<\/strong><\/p>\n<p><strong>La \u201cse\u00f1al\u201d es un objeto did\u00e1ctico representado ampliamente en los museos de la educaci\u00f3n, por ejemplo, el Mus\u00e9e National de l\u2019Education de Ru\u00e1n, basa la explicaci\u00f3n de las escuelas de La Salle en este \u00fanico objeto. La \u201cse\u00f1al\u201d es un objeto descrito en La Conduite de San Juan Bautista de La Salle (1706). Desde el punto de vista funcional, tiene un doble sentido, por una parte, serv\u00eda para el seguimiento de materias como la lectura y, por otra, es un objeto comunicativo para indicar ciertos comportamientos disciplinares. Se trata de un objeto de sencilla elaboraci\u00f3n, sin complicaciones t\u00e9cnicas y que, a lo largo de la historia, ha sido utilizada por diferentes congregaciones religiosas. El caso m\u00e1s conocido es el de los maristas que cambiaron su nombre por chasca, convirti\u00e9ndose en un s\u00edmbolo distintivo de esta congregaci\u00f3n. Asimismo, en cuanto a la sociolog\u00eda escolar, se puede afirmar que es un objeto adecuado a las necesidades escolares y que, est\u00e9ticamente, es un objeto sim\u00e9trico y que responde a la funci\u00f3n para lo que fue creado. Por lo tanto, en el contexto hist\u00f3rico y cultural en el que surgi\u00f3, supuso una novedad en las modalidades de escolaridad de la \u00e9poca. Finalmente, y por lo que respecta a la funcionalidad pedag\u00f3gica, podemos decir que satisface la necesidad de un modelo pedag\u00f3gico basado en el silencio, que es un instrumento comunicativo del profesorado, que marca el ritmo del tiempo escolar y que establece un ritual de comportamientos tanto para el aprendizaje escolar como para el orden y la disciplina en el aula. En definitiva, una gran innovaci\u00f3n did\u00e1ctica basada en un peque\u00f1o objeto, caracter\u00edstica, por otra parte, de la pedagog\u00eda lasaliana que lleg\u00f3 a hacer una pedagog\u00eda de los peque\u00f1os detalles para hacer m\u00e1s eficaz el proceso de ense\u00f1anza-aprendizaje.<\/strong><\/p>\n<p>[\/et_pb_text][et_pb_text _builder_version=\u00bb4.17.4&#8243; _module_preset=\u00bbdefault\u00bb text_text_color=\u00bb#000000&#8243; text_font_size=\u00bb18px\u00bb text_line_height=\u00bb1.8em\u00bb max_width_tablet=\u00bb100%\u00bb max_width_phone=\u00bb100%\u00bb max_width_last_edited=\u00bbon|tablet\u00bb text_font_size_tablet=\u00bb16px\u00bb text_font_size_phone=\u00bb16px\u00bb text_font_size_last_edited=\u00bbon|tablet\u00bb global_colors_info=\u00bb{}\u00bb]<\/p>\n<p><strong>Referencias bibliogr\u00e1ficas<\/strong><\/p>\n<p>De La Salle, Juan B. (2012): Gu\u00eda de las escuelas. Dividida en tres partes. Madrid: Biblioteca Nueva, edici\u00f3n a cargo de Jos\u00e9 M\u00aa. Valladolid y Paul\u00ed D\u00e1vila.<br \/>Foucault, Michel (1986): Vigilar y castigar. Buenos Aires: Siglo XXI Editores<br \/>Santacana, Joan y Llonch, N\u00faria (2012): Manual de did\u00e1ctica del objeto en el museo. Gij\u00f3n: Trea<\/p>\n<p>[\/et_pb_text][\/et_pb_column][\/et_pb_row][\/et_pb_section]<\/p>\n","protected":false},"excerpt":{"rendered":"<p>\u00a0 \u00a0 \u00a0 \u00a0 CHASCA\u00a0 \u00a0 \u00a0 \u00a0 \u00a0 \u00a0 \u00a0 \u00a0 \u00a0 \u00a0 \u00a0 \u00a0LA SE\u00d1AL, UN OBJETO PARA \u00a0 \u00a0 \u00a0 \u00a0 \u00a0 \u00a0 \u00a0 \u00a0 \u00a0 \u00a0 \u00a0 LA PEDAGOG\u00cdA DEL SILENCIOPaul\u00ed D\u00e1vila Balsera | Luis M. Naya Garmendia Museo de la Educaci\u00f3n. Universidad del Pa\u00eds Vasco pauli.davila@ehu.eus | luisma.naya@ehu.es Chasca.Museo Andaluz [&hellip;]<\/p>\n","protected":false},"author":1,"featured_media":0,"parent":0,"menu_order":0,"comment_status":"closed","ping_status":"closed","template":"","meta":{"_et_pb_use_builder":"on","_et_pb_old_content":"","_et_gb_content_width":"","footnotes":""},"class_list":["post-4832","page","type-page","status-publish","hentry"],"_links":{"self":[{"href":"https:\/\/grupo.us.es\/mujeryeducacion\/wp-json\/wp\/v2\/pages\/4832","targetHints":{"allow":["GET"]}}],"collection":[{"href":"https:\/\/grupo.us.es\/mujeryeducacion\/wp-json\/wp\/v2\/pages"}],"about":[{"href":"https:\/\/grupo.us.es\/mujeryeducacion\/wp-json\/wp\/v2\/types\/page"}],"author":[{"embeddable":true,"href":"https:\/\/grupo.us.es\/mujeryeducacion\/wp-json\/wp\/v2\/users\/1"}],"replies":[{"embeddable":true,"href":"https:\/\/grupo.us.es\/mujeryeducacion\/wp-json\/wp\/v2\/comments?post=4832"}],"version-history":[{"count":5,"href":"https:\/\/grupo.us.es\/mujeryeducacion\/wp-json\/wp\/v2\/pages\/4832\/revisions"}],"predecessor-version":[{"id":5267,"href":"https:\/\/grupo.us.es\/mujeryeducacion\/wp-json\/wp\/v2\/pages\/4832\/revisions\/5267"}],"wp:attachment":[{"href":"https:\/\/grupo.us.es\/mujeryeducacion\/wp-json\/wp\/v2\/media?parent=4832"}],"curies":[{"name":"wp","href":"https:\/\/api.w.org\/{rel}","templated":true}]}}