{"id":4694,"date":"2023-07-27T12:45:40","date_gmt":"2023-07-27T12:45:40","guid":{"rendered":"https:\/\/grupo.us.es\/mujeryeducacion\/?page_id=4694"},"modified":"2023-09-07T10:06:47","modified_gmt":"2023-09-07T10:06:47","slug":"061-horario-de-escuela-de-nina","status":"publish","type":"page","link":"https:\/\/grupo.us.es\/mujeryeducacion\/061-horario-de-escuela-de-nina\/","title":{"rendered":"061. Horario de escuela de ni\u00f1a"},"content":{"rendered":"<p>[et_pb_section fb_built=\u00bb1&#8243; _builder_version=\u00bb4.17.4&#8243; _module_preset=\u00bbdefault\u00bb background_color=\u00bb#F6EFE7&#8243; custom_padding=\u00bb2px|||||\u00bb custom_css_main_element=\u00bbdisplay=flex;\u00bb global_colors_info=\u00bb{}\u00bb][et_pb_row _builder_version=\u00bb4.17.4&#8243; _module_preset=\u00bbdefault\u00bb width=\u00bb100%\u00bb max_width=\u00bb2560px\u00bb custom_padding=\u00bb0px|||||\u00bb global_colors_info=\u00bb{}\u00bb][et_pb_column type=\u00bb4_4&#8243; _builder_version=\u00bb4.17.4&#8243; _module_preset=\u00bbdefault\u00bb global_colors_info=\u00bb{}\u00bb][et_pb_slider _builder_version=\u00bb4.17.4&#8243; _module_preset=\u00bbdefault\u00bb global_colors_info=\u00bb{}\u00bb][et_pb_slide image=\u00bbhttps:\/\/grupo.us.es\/mujeryeducacion\/wp-content\/uploads\/2023\/05\/61.png\u00bb _builder_version=\u00bb4.17.4&#8243; _module_preset=\u00bbdefault\u00bb background_color=\u00bbRGBA(255,255,255,0)\u00bb background_enable_color=\u00bbon\u00bb background_image=\u00bbhttps:\/\/grupo.us.es\/mujeryeducacion\/wp-content\/uploads\/2023\/05\/61.png\u00bb background_enable_image=\u00bbon\u00bb global_colors_info=\u00bb{}\u00bb sticky_transition=\u00bbon\u00bb][\/et_pb_slide][\/et_pb_slider][\/et_pb_column][\/et_pb_row][et_pb_row column_structure=\u00bb2_5,3_5&#8243; make_equal=\u00bbon\u00bb _builder_version=\u00bb4.17.4&#8243; _module_preset=\u00bbdefault\u00bb width=\u00bb100%\u00bb max_width=\u00bb2560px\u00bb global_colors_info=\u00bb{}\u00bb][et_pb_column type=\u00bb2_5&#8243; _builder_version=\u00bb4.17.4&#8243; _module_preset=\u00bbdefault\u00bb global_colors_info=\u00bb{}\u00bb][et_pb_image src=\u00bbhttps:\/\/grupo.us.es\/mujeryeducacion\/wp-content\/uploads\/2023\/07\/0-Logo-Museo-Pedagogico-transparente-e1689854632950.png\u00bb title_text=\u00bb0-Logo-Museo-Pedagogico-transparente-recortado\u00bb align_tablet=\u00bb\u00bb align_phone=\u00bbcenter\u00bb align_last_edited=\u00bbon|phone\u00bb _builder_version=\u00bb4.17.4&#8243; _module_preset=\u00bbdefault\u00bb width=\u00bb50%\u00bb hover_enabled=\u00bb0&#8243; global_colors_info=\u00bb{}\u00bb width_last_edited=\u00bbon|tablet\u00bb sticky_enabled=\u00bb0&#8243; width_tablet=\u00bb70%\u00bb module_alignment_last_edited=\u00bbon|tablet\u00bb module_alignment_tablet=\u00bbcenter\u00bb width_phone=\u00bb70%\u00bb module_alignment_phone=\u00bbcenter\u00bb][\/et_pb_image][\/et_pb_column][et_pb_column type=\u00bb3_5&#8243; _builder_version=\u00bb4.17.4&#8243; _module_preset=\u00bbdefault\u00bb global_colors_info=\u00bb{}\u00bb][et_pb_text content_tablet=\u00bb<\/p>\n<p><strong><\/strong><\/p>\n<p style=%22text-align: center;%22><strong>HORARIO DE ESCUELA <\/strong><\/p>\n<p style=%22text-align: center;%22><strong>DE NI\u00d1A<\/strong><\/p>\n<p>\u00bb content_phone=\u00bb<\/p>\n<p><strong><\/strong><\/p>\n<p style=%22text-align: center;%22><strong>HORARIO DE <\/strong><\/p>\n<p style=%22text-align: center;%22><strong>ESCUELA DE NI\u00d1A<\/strong><\/p>\n<p>\u00bb content_last_edited=\u00bbon|phone\u00bb _builder_version=\u00bb4.17.4&#8243; _module_preset=\u00bbdefault\u00bb text_text_color=\u00bb#000000&#8243; text_font_size=\u00bb58px\u00bb transform_scale_tablet=\u00bb\u00bb transform_scale_phone=\u00bb\u00bb transform_scale_last_edited=\u00bbon|tablet\u00bb transform_translate_tablet=\u00bb72px|-7px\u00bb transform_translate_phone=\u00bb64px|-7px\u00bb transform_translate_last_edited=\u00bbon|tablet\u00bb transform_rotate_tablet=\u00bb\u00bb transform_rotate_phone=\u00bb\u00bb transform_rotate_last_edited=\u00bbon|tablet\u00bb transform_skew_tablet=\u00bb\u00bb transform_skew_phone=\u00bb\u00bb transform_skew_last_edited=\u00bbon|tablet\u00bb transform_origin_tablet=\u00bb\u00bb transform_origin_phone=\u00bb\u00bb transform_origin_last_edited=\u00bbon|tablet\u00bb transform_styles_last_edited=\u00bbon|tablet\u00bb custom_margin=\u00bb|||-127px||\u00bb hover_enabled=\u00bb0&#8243; text_font_size_tablet=\u00bb58px\u00bb text_font_size_phone=\u00bb42px\u00bb text_font_size_last_edited=\u00bbon|phone\u00bb transform_styles_tablet=\u00bb\u00bb transform_styles_phone=\u00bb\u00bb module_alignment_tablet=\u00bbcenter\u00bb module_alignment_phone=\u00bbcenter\u00bb module_alignment_last_edited=\u00bbon|tablet\u00bb global_colors_info=\u00bb{}\u00bb transform_translate=\u00bb-179px|-23px\u00bb sticky_enabled=\u00bb0&#8243;]<\/p>\n<p><strong><\/strong><\/p>\n<p><strong>HORARIO DE ESCUELA DE NI\u00d1A<\/strong><\/p>\n<p>[\/et_pb_text][et_pb_text content_tablet=\u00bb<\/p>\n<p style=%22text-align: center;%22><strong><\/strong><\/p>\n<p style=%22text-align: center;%22><strong>EL TIEMPO ESCOLAR EN EL PRIMER TERCIO DEL <\/strong><\/p>\n<p style=%22text-align: center;%22><strong>SIGLO XX. UNA LECTURA EN CLAVE DE G\u00c9NERO<\/strong><\/p>\n<p>\u00bb content_phone=\u00bb<\/p>\n<p style=%22text-align: center;%22><strong><\/strong><\/p>\n<p style=%22text-align: center;%22><strong>EL TIEMPO ESCOLAR EN <\/strong><\/p>\n<p style=%22text-align: center;%22><strong>EL PRIMER <\/strong><\/p>\n<p style=%22text-align: center;%22><strong>TERCIO DEL SIGLO XX. UNA <\/strong><\/p>\n<p style=%22text-align: center;%22><strong>LECTURA <\/strong><strong>EN CLAVE DE G\u00c9NERO<\/strong><\/p>\n<p>\u00bb content_last_edited=\u00bbon|phone\u00bb _builder_version=\u00bb4.17.4&#8243; _module_preset=\u00bbdefault\u00bb text_text_color=\u00bb#8E8E8E\u00bb text_font_size=\u00bb32px\u00bb text_line_height=\u00bb1.8em\u00bb transform_scale_tablet=\u00bb\u00bb transform_scale_phone=\u00bb\u00bb transform_scale_last_edited=\u00bbon|tablet\u00bb transform_translate_tablet=\u00bb151px|-10px\u00bb transform_translate_phone=\u00bb151px|-10px\u00bb transform_translate_last_edited=\u00bbon|tablet\u00bb transform_rotate_tablet=\u00bb\u00bb transform_rotate_phone=\u00bb\u00bb transform_rotate_last_edited=\u00bbon|tablet\u00bb transform_skew_tablet=\u00bb\u00bb transform_skew_phone=\u00bb\u00bb transform_skew_last_edited=\u00bbon|tablet\u00bb transform_origin_tablet=\u00bb\u00bb transform_origin_phone=\u00bb\u00bb transform_origin_last_edited=\u00bbon|tablet\u00bb transform_styles_last_edited=\u00bbon|tablet\u00bb custom_margin=\u00bb|||-295px||\u00bb hover_enabled=\u00bb0&#8243; text_font_size_tablet=\u00bb32px\u00bb text_font_size_phone=\u00bb24px\u00bb text_font_size_last_edited=\u00bbon|desktop\u00bb transform_styles_tablet=\u00bb\u00bb transform_styles_phone=\u00bb\u00bb global_colors_info=\u00bb{}\u00bb transform_translate=\u00bb-181px|-11px\u00bb sticky_enabled=\u00bb0&#8243;]<\/p>\n<p><strong>\u00a0 \u00a0 \u00a0 \u00a0 \u00a0 \u00a0 \u00a0 \u00a0 \u00a0 \u00a0 EL TIEMPO ESCOLAR EN EL PRIMER TERCIO DEL SIGLO XX. <\/strong><\/p>\n<p><strong>\u00a0 \u00a0 \u00a0 \u00a0 \u00a0 \u00a0 \u00a0 \u00a0 \u00a0 \u00a0 \u00a0 \u00a0 \u00a0 \u00a0 \u00a0 \u00a0 \u00a0 \u00a0 \u00a0 \u00a0UNA LECTURA EN CLAVE DE G\u00c9NERO<\/strong><\/p>\n<p>[\/et_pb_text][\/et_pb_column][\/et_pb_row][et_pb_row _builder_version=\u00bb4.17.4&#8243; _module_preset=\u00bbdefault\u00bb global_colors_info=\u00bb{}\u00bb][et_pb_column type=\u00bb4_4&#8243; _builder_version=\u00bb4.17.4&#8243; _module_preset=\u00bbdefault\u00bb global_colors_info=\u00bb{}\u00bb][et_pb_text _builder_version=\u00bb4.17.4&#8243; _module_preset=\u00bbdefault\u00bb global_colors_info=\u00bb{}\u00bb]<\/p>\n<h1 style=\"text-align: center;\">Miriam Sonlleva Velasco<\/h1>\n<p><span class=\"EOP SCXW150617363 BCX9\" data-ccp-props=\"{&quot;201341983&quot;:0,&quot;335551550&quot;:3,&quot;335551620&quot;:3,&quot;335559739&quot;:0,&quot;335559740&quot;:240}\"><span class=\"EOP SCXW184100114 BCX9\" data-ccp-props=\"{&quot;201341983&quot;:0,&quot;335551550&quot;:3,&quot;335551620&quot;:3,&quot;335559739&quot;:0,&quot;335559740&quot;:240}\"><span data-contrast=\"auto\" xml:lang=\"ES-ES\" lang=\"ES-ES\" class=\"TextRun SCXW37953205 BCX9\"><span class=\"NormalTextRun SCXW37953205 BCX9\"><span data-contrast=\"auto\" xml:lang=\"ES-ES\" lang=\"ES-ES\" class=\"TextRun SCXW144867011 BCX9\"><span class=\"NormalTextRun SCXW144867011 BCX9\"><span class=\"EOP SCXW91137730 BCX9\" data-ccp-props=\"{&quot;335551550&quot;:3,&quot;335551620&quot;:3}\"><\/span><\/span><\/span><\/span><\/span><\/span><\/span><\/p>\n<h4 style=\"text-align: center;\">Universidad de Valladolid<\/h4>\n<p><span data-contrast=\"auto\" xml:lang=\"ES-ES\" lang=\"ES-ES\" class=\"TextRun SCXW38795511 BCX9\"><span class=\"NormalTextRun SCXW38795511 BCX9\"><\/span><\/span><\/p>\n<p style=\"text-align: center;\"><span data-contrast=\"auto\"><\/span><\/p>\n<h6 style=\"text-align: center;\"><span style=\"color: #8e8e8e;\"><span data-contrast=\"none\" xml:lang=\"ES-ES\" lang=\"ES-ES\" class=\"TextRun Underlined SCXW183494506 BCX9\" style=\"color: #8e8e8e;\"><span class=\"NormalTextRun SCXW183494506 BCX9\" data-ccp-charstyle=\"Hyperlink\"><a class=\"Hyperlink SCXW183494506 BCX9\" href=\"mailto:eulalia@uvic.cat\" target=\"_blank\" rel=\"noreferrer noopener\">miriam.sonlleva@uva.es<\/a><\/span><\/span><\/span><\/h6>\n<p>[\/et_pb_text][\/et_pb_column][\/et_pb_row][et_pb_row column_structure=\u00bb1_4,3_4&#8243; _builder_version=\u00bb4.17.4&#8243; _module_preset=\u00bbdefault\u00bb width=\u00bb100%\u00bb max_width=\u00bb2560px\u00bb global_colors_info=\u00bb{}\u00bb][et_pb_column type=\u00bb1_4&#8243; _builder_version=\u00bb4.17.4&#8243; _module_preset=\u00bbdefault\u00bb global_colors_info=\u00bb{}\u00bb][et_pb_image src=\u00bbhttps:\/\/grupo.us.es\/mujeryeducacion\/wp-content\/uploads\/2023\/05\/61.png\u00bb title_text=\u00bb61&#8243; align_tablet=\u00bbcenter\u00bb align_phone=\u00bbcenter\u00bb align_last_edited=\u00bbon|tablet\u00bb _builder_version=\u00bb4.17.4&#8243; _module_preset=\u00bbdefault\u00bb width=\u00bb100%\u00bb max_width=\u00bb100%\u00bb max_width_tablet=\u00bb100%\u00bb max_width_phone=\u00bb89%\u00bb max_width_last_edited=\u00bbon|phone\u00bb custom_margin=\u00bb||28px|20px|false|false\u00bb global_colors_info=\u00bb{}\u00bb][\/et_pb_image][et_pb_text content_tablet=\u00bb<\/p>\n<p style=%22text-align: center;%22><strong>Pandereta. Museo Pedag\u00f3gico de la Facultad de Ciencias de la Educaci\u00f3n de la Universidad de Sevilla<\/strong><\/p>\n<p>\u00bb content_phone=\u00bb<\/p>\n<p style=%22text-align: center;%22><strong>Pandereta. Museo Pedag\u00f3gico de la Facultad de Ciencias de la Educaci\u00f3n de la Universidad de Sevilla<\/strong><\/p>\n<p>\u00bb content_last_edited=\u00bboff|desktop\u00bb _builder_version=\u00bb4.17.4&#8243; _module_preset=\u00bbdefault\u00bb custom_margin=\u00bb|||20px|false|false\u00bb global_colors_info=\u00bb{}\u00bb]<\/p>\n<p><strong>Horario de escuela de ni\u00f1a.<\/strong><br \/><strong>Museo Pedag\u00f3gico de la Universidad de Huelva<\/strong><\/p>\n<p>[\/et_pb_text][\/et_pb_column][et_pb_column type=\u00bb3_4&#8243; _builder_version=\u00bb4.17.4&#8243; _module_preset=\u00bbdefault\u00bb global_colors_info=\u00bb{}\u00bb][et_pb_text _builder_version=\u00bb4.17.4&#8243; _module_preset=\u00bbdefault\u00bb text_text_color=\u00bb#000000&#8243; text_font_size=\u00bb18px\u00bb text_line_height=\u00bb1.8em\u00bb max_width_tablet=\u00bb95%\u00bb max_width_phone=\u00bb90%\u00bb max_width_last_edited=\u00bbon|tablet\u00bb custom_margin_tablet=\u00bb|||20px|false|false\u00bb custom_margin_phone=\u00bb|||20px|false|false\u00bb custom_margin_last_edited=\u00bbon|tablet\u00bb text_font_size_tablet=\u00bb16px\u00bb text_font_size_phone=\u00bb16px\u00bb text_font_size_last_edited=\u00bbon|tablet\u00bb global_colors_info=\u00bb{}\u00bb]<\/p>\n<p><strong>Los museos pedag\u00f3gicos son espacios sugerentes para despertar la memoria de infancia. El contacto con libros, cuadernos, objetos y materiales escolares hace avivar un sinf\u00edn de sentimientos y emociones (\u00c1lvarez, 2013), que permiten reflexionar, desde la a\u00f1oranza, sobre el paso del tiempo, los recuerdos de la ni\u00f1ez y la formaci\u00f3n recibida. M\u00e1s all\u00e1 de la nostalgia, buceando en el recuerdo, aparecen escondidos rituales escolares, biorritmos institucionales, c\u00f3digos de conducta, reglas, lenguajes y mensajes educativos que nos acercan a la consideraci\u00f3n social de la infancia y su educaci\u00f3n en un periodo hist\u00f3rico determinado.<\/strong><\/p>\n<p><strong>La pieza que motiva la escritura de esta rese\u00f1a es un horario escolar femenino del primer tercio del siglo XX. Este objeto quiz\u00e1 sea uno de los m\u00e1s importantes para conocer c\u00f3mo era ordenada la vida de las ni\u00f1as en la Espa\u00f1a de aquellos a\u00f1os. La infancia ha marcado sus ritmos diarios en funci\u00f3n del horario de la escuela. Los cronosistemas que organizan la vida escolar \u2014el calendario y el horario\u2014 dejan huella en los biorritmos de los ni\u00f1os en sus primeros a\u00f1os de vida, cambiando su sociabilidad afectiva. Con la entrada a la instituci\u00f3n escolar, el colectivo infantil experimenta una nueva vivencia del tiempo, teniendo que acomodar sus relojes familiares y personales a los de la escuela (Escolano, 2018). <\/strong><\/p>\n<p>[\/et_pb_text][\/et_pb_column][\/et_pb_row][et_pb_row column_structure=\u00bb2_3,1_3&#8243; _builder_version=\u00bb4.17.4&#8243; _module_preset=\u00bbdefault\u00bb width=\u00bb100%\u00bb max_width=\u00bb2560px\u00bb custom_padding=\u00bb41px|||||\u00bb global_colors_info=\u00bb{}\u00bb][et_pb_column type=\u00bb2_3&#8243; _builder_version=\u00bb4.17.4&#8243; _module_preset=\u00bbdefault\u00bb global_colors_info=\u00bb{}\u00bb][et_pb_text _builder_version=\u00bb4.17.4&#8243; _module_preset=\u00bbdefault\u00bb text_text_color=\u00bb#000000&#8243; text_font_size=\u00bb18px\u00bb text_line_height=\u00bb1.8em\u00bb max_width_tablet=\u00bb95%\u00bb max_width_phone=\u00bb90%\u00bb max_width_last_edited=\u00bbon|tablet\u00bb custom_margin=\u00bb|||20px|false|false\u00bb text_font_size_tablet=\u00bb16px\u00bb text_font_size_phone=\u00bb16px\u00bb text_font_size_last_edited=\u00bbon|tablet\u00bb global_colors_info=\u00bb{}\u00bb]<\/p>\n<p><strong>La semana y el d\u00eda marcar\u00e1n en el horario escolar la organizaci\u00f3n no solo de la vida dentro de la escuela, sino tambi\u00e9n fuera de ella. Esta distribuci\u00f3n del tiempo infantil, que aparece en Espa\u00f1a en el siglo XIX, condicionar\u00e1 el devenir de las actividades cotidianas, imponiendo lapsos de actividad, reposo y ocio (Le Goff, 1991).<\/strong><\/p>\n<p><strong>La planificaci\u00f3n rigurosa del tiempo invita a pensar sobre la importancia que se ha dado en la escuela a lo largo de la historia al orden temporal, a la disciplina y al rendimiento. El cronos de la escuela ha operado de forma silenciosa en la educaci\u00f3n corporal y sentimental de la infancia. Sin embargo, lo ha hecho de forma distinta para hombres y mujeres. Es incuestionable que las mujeres han tenido una experiencia hist\u00f3rica diferente a la de los hombres. El tiempo ha marcado formas distintas de ordenar sus experiencias. Un tiempo, condicionado a su vez por la desigual frecuentaci\u00f3n de espacios interiores y exteriores \u2014asignados por la divisi\u00f3n sexual del trabajo\u2014, que ha favorecido formas distintas de vivir, percibir y concebir la temporalidad (Ballar\u00edn, 2001). <\/strong><\/p>\n<p>[\/et_pb_text][\/et_pb_column][et_pb_column type=\u00bb1_3&#8243; _builder_version=\u00bb4.17.4&#8243; _module_preset=\u00bbdefault\u00bb global_colors_info=\u00bb{}\u00bb][et_pb_image src=\u00bbhttps:\/\/grupo.us.es\/mujeryeducacion\/wp-content\/uploads\/2023\/05\/61.png\u00bb title_text=\u00bb61&#8243; align_tablet=\u00bbcenter\u00bb align_phone=\u00bbcenter\u00bb align_last_edited=\u00bbon|tablet\u00bb _builder_version=\u00bb4.17.4&#8243; _module_preset=\u00bbdefault\u00bb global_colors_info=\u00bb{}\u00bb][\/et_pb_image][\/et_pb_column][\/et_pb_row][et_pb_row _builder_version=\u00bb4.17.4&#8243; _module_preset=\u00bbdefault\u00bb width=\u00bb90%\u00bb max_width=\u00bb2560px\u00bb custom_margin=\u00bb|||20px|false|false\u00bb global_colors_info=\u00bb{}\u00bb][et_pb_column type=\u00bb4_4&#8243; _builder_version=\u00bb4.17.4&#8243; _module_preset=\u00bbdefault\u00bb global_colors_info=\u00bb{}\u00bb][et_pb_text _builder_version=\u00bb4.17.4&#8243; _module_preset=\u00bbdefault\u00bb text_text_color=\u00bb#000000&#8243; text_font_size=\u00bb18px\u00bb text_line_height=\u00bb1.8em\u00bb max_width_tablet=\u00bb100%\u00bb max_width_phone=\u00bb100%\u00bb max_width_last_edited=\u00bbon|tablet\u00bb text_font_size_tablet=\u00bb16px\u00bb text_font_size_phone=\u00bb16px\u00bb text_font_size_last_edited=\u00bbon|tablet\u00bb global_colors_info=\u00bb{}\u00bb]<\/p>\n<p><strong>Tres tiempos (y en muchos casos solo dos) marcar\u00e1n la vida cotidiana de la infancia femenina espa\u00f1ola en el primer tercio del siglo XX: el tiempo dom\u00e9stico, el tiempo libre y el tiempo escolar. Las ni\u00f1as que pudieron asistir a la escuela vieron condicionadas sus actividades cotidianas por el tiempo escolar, a pesar de que los aprendizajes formales no difer\u00edan demasiado de lo aprendido fuera del aula. Desde el plano pol\u00edtico y social, la escuela ser\u00e1 concebida para las peque\u00f1as como un espacio intermedio entre lo p\u00fablico y lo privado. Ir a la escuela supon\u00eda alejarse f\u00edsicamente del contexto familiar y entrar por unas horas en el espacio p\u00fablico. Sin embargo, en el contexto escolar se segu\u00eda trasmitiendo para ellas la cultura de lo privado.<\/strong><\/p>\n<p><strong>En este tiempo escolar, cuya duraci\u00f3n aproximada era de cinco horas al d\u00eda, hab\u00eda tres momentos esenciales. El primero de ellos se relacionaba con las entradas y salidas de la escuela. Aunque se trataba de lapsos cortos de tiempo, en ellos se recuerdan diversas actividades. La despedida\/recibimiento de las familias, el recorrido diario de ida y vuelta de casa a la escuela, los juegos y la sociabilidad espont\u00e1nea con los iguales antes y despu\u00e9s de la jornada escolar, son acciones emotivas recordadas por las mujeres, especialmente por aquellas de clase popular, conocedoras del valor que ten\u00eda aquel camino a la escuela para ellas (Sonlleva, 2018).<\/strong><\/p>\n<p><strong>Un segundo momento estaba marcado por el tiempo de trabajo en el aula. Con disciplina, las ni\u00f1as realizaban en este horario tareas instructivas bajo la atenta mirada de la maestra. La distribuci\u00f3n del tiempo atendiendo a la importancia de las materias y su dificultad aseguraba el orden y la regularidad. El horario de ma\u00f1ana, especialmente apropiado para el trabajo intenso, estaba destinado a actividades de lectura, escritura, gram\u00e1tica, c\u00e1lculo y religi\u00f3n. Otros contenidos m\u00e1s pr\u00e1cticos, vinculados con la geograf\u00eda, la geometr\u00eda, la historia sagrada, los trabajos manuales o la gimnasia, ser\u00edan programados en horario de tarde.<\/strong><\/p>\n<p><strong>En este horario femenino es rese\u00f1able el peso de los tiempos dedicados a la instrucci\u00f3n religiosa (catecismo, historia sagrada, religi\u00f3n y oraciones). Este tipo de ense\u00f1anzas reforzaban la instrucci\u00f3n moralizante de las mujeres y el inter\u00e9s por dotarlas, como futuras esposas y madres, de una formaci\u00f3n adecuada a su g\u00e9nero.<\/strong><\/p>\n<p><strong>En cuanto a la duraci\u00f3n de los ejercicios y las actividades, los tiempos oscilaban entre los 10 y los 30 minutos, con breves pausas entre actividades y tiempos de descanso. Vemos de esta forma c\u00f3mo en los horarios escolares de finales de la d\u00e9cada de 1920, como el que se muestra en la pieza, existen claros indicadores de modernizaci\u00f3n y respeto por los criterios higienistas en el dise\u00f1o del cronograma escolar (Escolano, 1993). Pero, tambi\u00e9n, c\u00f3mo en la escuela no hab\u00eda tiempos muertos e in\u00fatiles. La jornada escolar estaba orquestada para cumplir con los objetivos propuestos y asegurar la eficacia de los planteamientos institucionales (V\u00e1zquez, 2007). Precisamente, los descansos marcar\u00e1n el \u00faltimo de los tiempos que consideramos destacable en la jornada escolar femenina: el tiempo de recreo. Era el momento de liberarse de la disciplina de trabajo y descansar. Este tiempo favorec\u00eda la espontaneidad de las ni\u00f1as, la diversi\u00f3n, la imitaci\u00f3n a trav\u00e9s del juego simb\u00f3lico de las conductas y acciones de las mujeres adultas y la comunicaci\u00f3n y la socializaci\u00f3n con la infancia del mismo sexo. Sin embargo, estas actividades estaban condicionadas por la atenta mirada de la maestra, encargada de la domesticidad de las peque\u00f1as (Sonlleva, 2018). La reiteraci\u00f3n de la misma secuencia de actividades durante la semana escolar reforzaba el sentido lit\u00fargico de la educaci\u00f3n tradicional. Una educaci\u00f3n, que dej\u00f3 un recuerdo imborrable para las ni\u00f1as sobre la importancia y el valor del tiempo<\/strong><\/p>\n<p>[\/et_pb_text][et_pb_text _builder_version=\u00bb4.17.4&#8243; _module_preset=\u00bbdefault\u00bb text_text_color=\u00bb#000000&#8243; text_font_size=\u00bb18px\u00bb text_line_height=\u00bb1.8em\u00bb max_width_tablet=\u00bb100%\u00bb max_width_phone=\u00bb100%\u00bb max_width_last_edited=\u00bbon|tablet\u00bb text_font_size_tablet=\u00bb16px\u00bb text_font_size_phone=\u00bb16px\u00bb text_font_size_last_edited=\u00bbon|tablet\u00bb global_colors_info=\u00bb{}\u00bb]<\/p>\n<p><strong>Referencias bibliogr\u00e1ficas<\/strong><\/p>\n<p>\u00c1lvarez Dom\u00ednguez, Pablo (2013): Educar en emociones y transmitir valores \u00e9ticos: un desaf\u00edo para los Museos de Pedagog\u00eda, Ense\u00f1anza y Educaci\u00f3n. <em>Educaci\u00f3 i Hist\u00f2ria, <\/em>22, 93-116.<\/p>\n<p>Ballar\u00edn Domingo, Pilar (2001): <em>La educaci\u00f3n de las mujeres en la Espa\u00f1a contempor\u00e1nea (siglos XIX-XX)<\/em>. Madrid: S\u00edntesis educaci\u00f3n.<\/p>\n<p>Escolano Benito, Agust\u00edn (1993): Tiempo y educaci\u00f3n. La formaci\u00f3n del cronosistema. Horario en la escuela elemental (1825-1931). <em>Revista de Educaci\u00f3n, <\/em>301, 55-79.<\/p>\n<p>Escolano Benito, Agust\u00edn (2018): <em>Emociones &amp; Educaci\u00f3n. La construcci\u00f3n hist\u00f3rica de la educaci\u00f3n emocional<\/em>. Madrid: Visi\u00f3n Libros.<\/p>\n<p>Le Goff, Jacques (1991): <em>El orden de la memoria. El tiempo como imaginario<\/em>. Barcelona: Paid\u00f3s.<\/p>\n<p>Sonlleva Velasco, Miriam (2018): <em>Memoria y reconstrucci\u00f3n de la educaci\u00f3n franquista en Segovia. La voz de la infancia de las clases populares<\/em> (Tesis doctoral). Valladolid: Universidad de Valladolid.<\/p>\n<p>V\u00e1zquez Recio, Rosa Mar\u00eda (2007): Reflexiones sobre el tiempo escolar. <em>Revista Iberoamericana de Educaci\u00f3n, 42<\/em>(6), 1-11.<\/p>\n<p>[\/et_pb_text][\/et_pb_column][\/et_pb_row][\/et_pb_section]<\/p>\n","protected":false},"excerpt":{"rendered":"<p>HORARIO DE ESCUELA DE NI\u00d1A\u00a0 \u00a0 \u00a0 \u00a0 \u00a0 \u00a0 \u00a0 \u00a0 \u00a0 \u00a0 EL TIEMPO ESCOLAR EN EL PRIMER TERCIO DEL SIGLO XX. \u00a0 \u00a0 \u00a0 \u00a0 \u00a0 \u00a0 \u00a0 \u00a0 \u00a0 \u00a0 \u00a0 \u00a0 \u00a0 \u00a0 \u00a0 \u00a0 \u00a0 \u00a0 \u00a0 \u00a0UNA LECTURA EN CLAVE DE G\u00c9NEROMiriam Sonlleva Velasco Universidad de Valladolid miriam.sonlleva@uva.esHorario [&hellip;]<\/p>\n","protected":false},"author":1,"featured_media":0,"parent":0,"menu_order":0,"comment_status":"closed","ping_status":"closed","template":"","meta":{"_et_pb_use_builder":"on","_et_pb_old_content":"","_et_gb_content_width":"","footnotes":""},"class_list":["post-4694","page","type-page","status-publish","hentry"],"_links":{"self":[{"href":"https:\/\/grupo.us.es\/mujeryeducacion\/wp-json\/wp\/v2\/pages\/4694","targetHints":{"allow":["GET"]}}],"collection":[{"href":"https:\/\/grupo.us.es\/mujeryeducacion\/wp-json\/wp\/v2\/pages"}],"about":[{"href":"https:\/\/grupo.us.es\/mujeryeducacion\/wp-json\/wp\/v2\/types\/page"}],"author":[{"embeddable":true,"href":"https:\/\/grupo.us.es\/mujeryeducacion\/wp-json\/wp\/v2\/users\/1"}],"replies":[{"embeddable":true,"href":"https:\/\/grupo.us.es\/mujeryeducacion\/wp-json\/wp\/v2\/comments?post=4694"}],"version-history":[{"count":6,"href":"https:\/\/grupo.us.es\/mujeryeducacion\/wp-json\/wp\/v2\/pages\/4694\/revisions"}],"predecessor-version":[{"id":5130,"href":"https:\/\/grupo.us.es\/mujeryeducacion\/wp-json\/wp\/v2\/pages\/4694\/revisions\/5130"}],"wp:attachment":[{"href":"https:\/\/grupo.us.es\/mujeryeducacion\/wp-json\/wp\/v2\/media?parent=4694"}],"curies":[{"name":"wp","href":"https:\/\/api.w.org\/{rel}","templated":true}]}}