{"id":4637,"date":"2023-07-27T09:13:57","date_gmt":"2023-07-27T09:13:57","guid":{"rendered":"https:\/\/grupo.us.es\/mujeryeducacion\/?page_id=4637"},"modified":"2023-09-11T10:40:28","modified_gmt":"2023-09-11T10:40:28","slug":"051-proyector-de-cine","status":"publish","type":"page","link":"https:\/\/grupo.us.es\/mujeryeducacion\/051-proyector-de-cine\/","title":{"rendered":"051. Proyector de cine"},"content":{"rendered":"<p>[et_pb_section fb_built=\u00bb1&#8243; _builder_version=\u00bb4.17.4&#8243; _module_preset=\u00bbdefault\u00bb background_color=\u00bb#F6EFE7&#8243; custom_padding=\u00bb2px|||||\u00bb custom_css_main_element=\u00bbdisplay=flex;\u00bb global_colors_info=\u00bb{}\u00bb][et_pb_row _builder_version=\u00bb4.17.4&#8243; _module_preset=\u00bbdefault\u00bb width=\u00bb100%\u00bb max_width=\u00bb2560px\u00bb custom_padding=\u00bb0px|||||\u00bb global_colors_info=\u00bb{}\u00bb][et_pb_column type=\u00bb4_4&#8243; _builder_version=\u00bb4.17.4&#8243; _module_preset=\u00bbdefault\u00bb global_colors_info=\u00bb{}\u00bb][et_pb_slider _builder_version=\u00bb4.17.4&#8243; _module_preset=\u00bbdefault\u00bb global_colors_info=\u00bb{}\u00bb][et_pb_slide image=\u00bbhttps:\/\/grupo.us.es\/mujeryeducacion\/wp-content\/uploads\/2023\/05\/WhatsApp-Image-2023-05-09-at-13.04.56-7-e1688567413860.jpeg\u00bb _builder_version=\u00bb4.17.4&#8243; _module_preset=\u00bbdefault\u00bb background_color=\u00bbRGBA(255,255,255,0)\u00bb background_enable_color=\u00bbon\u00bb background_image=\u00bbhttps:\/\/grupo.us.es\/mujeryeducacion\/wp-content\/uploads\/2023\/05\/WhatsApp-Image-2023-05-09-at-13.04.56-7-e1688567413860.jpeg\u00bb background_enable_image=\u00bbon\u00bb global_colors_info=\u00bb{}\u00bb sticky_transition=\u00bbon\u00bb][\/et_pb_slide][\/et_pb_slider][\/et_pb_column][\/et_pb_row][et_pb_row column_structure=\u00bb2_5,3_5&#8243; make_equal=\u00bbon\u00bb _builder_version=\u00bb4.17.4&#8243; _module_preset=\u00bbdefault\u00bb width=\u00bb100%\u00bb max_width=\u00bb2560px\u00bb global_colors_info=\u00bb{}\u00bb][et_pb_column type=\u00bb2_5&#8243; _builder_version=\u00bb4.17.4&#8243; _module_preset=\u00bbdefault\u00bb global_colors_info=\u00bb{}\u00bb][et_pb_image src=\u00bbhttps:\/\/grupo.us.es\/mujeryeducacion\/wp-content\/uploads\/2023\/07\/0-Logo-Museo-Pedagogico-transparente-e1689854632950.png\u00bb title_text=\u00bb0-Logo-Museo-Pedagogico-transparente-recortado\u00bb align_tablet=\u00bb\u00bb align_phone=\u00bbcenter\u00bb align_last_edited=\u00bbon|phone\u00bb _builder_version=\u00bb4.17.4&#8243; _module_preset=\u00bbdefault\u00bb width=\u00bb50%\u00bb width_tablet=\u00bb70%\u00bb width_phone=\u00bb50%\u00bb width_last_edited=\u00bbon|tablet\u00bb module_alignment_tablet=\u00bbcenter\u00bb module_alignment_phone=\u00bbcenter\u00bb module_alignment_last_edited=\u00bbon|tablet\u00bb global_colors_info=\u00bb{}\u00bb][\/et_pb_image][\/et_pb_column][et_pb_column type=\u00bb3_5&#8243; _builder_version=\u00bb4.17.4&#8243; _module_preset=\u00bbdefault\u00bb global_colors_info=\u00bb{}\u00bb][et_pb_text content_tablet=\u00bb<\/p>\n<p><strong><\/strong><\/p>\n<p style=%22text-align: center;%22><b>PROYECTOR DE CINE<\/b><\/p>\n<p>\u00bb content_phone=\u00bb<\/p>\n<p><strong><\/strong><\/p>\n<p style=%22text-align: center;%22><b>PROYECTOR DE <\/b><\/p>\n<p style=%22text-align: center;%22><b>CINE<\/b><\/p>\n<p>\u00bb content_last_edited=\u00bbon|phone\u00bb _builder_version=\u00bb4.17.4&#8243; _module_preset=\u00bbdefault\u00bb text_text_color=\u00bb#000000&#8243; text_font_size=\u00bb58px\u00bb transform_scale_tablet=\u00bb\u00bb transform_scale_phone=\u00bb\u00bb transform_scale_last_edited=\u00bbon|tablet\u00bb transform_translate=\u00bb-51px|-8px\u00bb transform_translate_tablet=\u00bb72px|-7px\u00bb transform_translate_phone=\u00bb64px|-7px\u00bb transform_translate_last_edited=\u00bbon|tablet\u00bb transform_rotate_tablet=\u00bb\u00bb transform_rotate_phone=\u00bb\u00bb transform_rotate_last_edited=\u00bbon|tablet\u00bb transform_skew_tablet=\u00bb\u00bb transform_skew_phone=\u00bb\u00bb transform_skew_last_edited=\u00bbon|tablet\u00bb transform_origin_tablet=\u00bb\u00bb transform_origin_phone=\u00bb\u00bb transform_origin_last_edited=\u00bbon|tablet\u00bb transform_styles_last_edited=\u00bbon|tablet\u00bb custom_margin=\u00bb|||-127px||\u00bb text_font_size_tablet=\u00bb58px\u00bb text_font_size_phone=\u00bb42px\u00bb text_font_size_last_edited=\u00bbon|phone\u00bb transform_styles_tablet=\u00bb\u00bb transform_styles_phone=\u00bb\u00bb module_alignment_tablet=\u00bbcenter\u00bb module_alignment_phone=\u00bbcenter\u00bb module_alignment_last_edited=\u00bbon|tablet\u00bb global_colors_info=\u00bb{}\u00bb]<\/p>\n<p><strong><\/strong><\/p>\n<p><strong>\u00a0PROYECTOR DE CINE<\/strong><\/p>\n<p>[\/et_pb_text][et_pb_text content_tablet=\u00bb<\/p>\n<p style=%22text-align: center;%22><strong><\/strong><\/p>\n<p style=%22text-align: center;%22><strong>EN LAS ENTRA\u00d1AS DE UN VIEJO PROYECTOR<\/strong><\/p>\n<p>\u00bb content_phone=\u00bb<\/p>\n<p style=%22text-align: center;%22><strong><\/strong><\/p>\n<p style=%22text-align: center;%22><strong>EN LAS ENTRA\u00d1AS DE UN <\/strong><\/p>\n<p style=%22text-align: center;%22><strong>VIEJO PROYECTOR<\/strong><\/p>\n<p>\u00bb content_last_edited=\u00bbon|phone\u00bb _builder_version=\u00bb4.17.4&#8243; _module_preset=\u00bbdefault\u00bb text_text_color=\u00bb#8E8E8E\u00bb text_font_size=\u00bb32px\u00bb text_line_height=\u00bb1.8em\u00bb transform_scale_tablet=\u00bb\u00bb transform_scale_phone=\u00bb\u00bb transform_scale_last_edited=\u00bbon|tablet\u00bb transform_translate_tablet=\u00bb151px|-10px\u00bb transform_translate_phone=\u00bb151px|-10px\u00bb transform_translate_last_edited=\u00bbon|tablet\u00bb transform_rotate_tablet=\u00bb\u00bb transform_rotate_phone=\u00bb\u00bb transform_rotate_last_edited=\u00bbon|tablet\u00bb transform_skew_tablet=\u00bb\u00bb transform_skew_phone=\u00bb\u00bb transform_skew_last_edited=\u00bbon|tablet\u00bb transform_origin_tablet=\u00bb\u00bb transform_origin_phone=\u00bb\u00bb transform_origin_last_edited=\u00bbon|tablet\u00bb transform_styles_last_edited=\u00bbon|tablet\u00bb custom_margin=\u00bb|||-295px||\u00bb text_font_size_tablet=\u00bb32px\u00bb text_font_size_phone=\u00bb24px\u00bb text_font_size_last_edited=\u00bbon|desktop\u00bb transform_styles_tablet=\u00bb\u00bb transform_styles_phone=\u00bb\u00bb global_colors_info=\u00bb{}\u00bb]<\/p>\n<p><strong>\u00a0 \u00a0 \u00a0 \u00a0 \u00a0EN LAS ENTRA\u00d1AS DE UN VIEJO PROYECTOR<\/strong><\/p>\n<p>[\/et_pb_text][\/et_pb_column][\/et_pb_row][et_pb_row _builder_version=\u00bb4.17.4&#8243; _module_preset=\u00bbdefault\u00bb global_colors_info=\u00bb{}\u00bb][et_pb_column type=\u00bb4_4&#8243; _builder_version=\u00bb4.17.4&#8243; _module_preset=\u00bbdefault\u00bb global_colors_info=\u00bb{}\u00bb][et_pb_text _builder_version=\u00bb4.17.4&#8243; _module_preset=\u00bbdefault\u00bb global_colors_info=\u00bb{}\u00bb]<\/p>\n<h1 style=\"text-align: center;\">Concha P\u00e9rez Curiel<\/h1>\n<p><span class=\"EOP SCXW150617363 BCX9\" data-ccp-props=\"{&quot;201341983&quot;:0,&quot;335551550&quot;:3,&quot;335551620&quot;:3,&quot;335559739&quot;:0,&quot;335559740&quot;:240}\"><span class=\"EOP SCXW184100114 BCX9\" data-ccp-props=\"{&quot;201341983&quot;:0,&quot;335551550&quot;:3,&quot;335551620&quot;:3,&quot;335559739&quot;:0,&quot;335559740&quot;:240}\"><span data-contrast=\"auto\" xml:lang=\"ES-ES\" lang=\"ES-ES\" class=\"TextRun SCXW37953205 BCX9\"><span class=\"NormalTextRun SCXW37953205 BCX9\"><span data-contrast=\"auto\" xml:lang=\"ES-ES\" lang=\"ES-ES\" class=\"TextRun SCXW144867011 BCX9\"><span class=\"NormalTextRun SCXW144867011 BCX9\"><span class=\"EOP SCXW91137730 BCX9\" data-ccp-props=\"{&quot;335551550&quot;:3,&quot;335551620&quot;:3}\"><\/span><\/span><\/span><\/span><\/span><\/span><\/span><\/p>\n<h4 style=\"text-align: center;\">Universidad de Sevilla<\/h4>\n<p><span data-contrast=\"auto\" xml:lang=\"ES-ES\" lang=\"ES-ES\" class=\"TextRun SCXW38795511 BCX9\"><span class=\"NormalTextRun SCXW38795511 BCX9\"><\/span><\/span><\/p>\n<p style=\"text-align: center;\"><span data-contrast=\"auto\"><\/span><\/p>\n<h6 style=\"text-align: center;\"><span style=\"color: #8e8e8e;\"><span data-contrast=\"none\" xml:lang=\"ES-ES\" lang=\"ES-ES\" class=\"TextRun Underlined SCXW183494506 BCX9\" style=\"color: #8e8e8e;\"><span class=\"NormalTextRun SCXW183494506 BCX9\" data-ccp-charstyle=\"Hyperlink\"><a class=\"Hyperlink SCXW183494506 BCX9\" href=\"mailto:eulalia@uvic.cat\" target=\"_blank\" rel=\"noreferrer noopener\">cperez1@us.es<\/a><\/span><\/span><\/span><\/h6>\n<p>[\/et_pb_text][\/et_pb_column][\/et_pb_row][et_pb_row column_structure=\u00bb1_4,3_4&#8243; _builder_version=\u00bb4.17.4&#8243; _module_preset=\u00bbdefault\u00bb width=\u00bb100%\u00bb max_width=\u00bb2560px\u00bb global_colors_info=\u00bb{}\u00bb][et_pb_column type=\u00bb1_4&#8243; _builder_version=\u00bb4.17.4&#8243; _module_preset=\u00bbdefault\u00bb global_colors_info=\u00bb{}\u00bb][et_pb_image src=\u00bbhttps:\/\/grupo.us.es\/mujeryeducacion\/wp-content\/uploads\/2023\/05\/WhatsApp-Image-2023-05-09-at-13.04.56-7-e1688567413860.jpeg\u00bb title_text=\u00bbWhatsApp-Image-2023-05-09-at-13.04.56-7-e1688567413860&#8243; align_tablet=\u00bbcenter\u00bb align_phone=\u00bbcenter\u00bb align_last_edited=\u00bbon|tablet\u00bb _builder_version=\u00bb4.17.4&#8243; _module_preset=\u00bbdefault\u00bb width=\u00bb100%\u00bb max_width=\u00bb100%\u00bb max_width_tablet=\u00bb100%\u00bb max_width_phone=\u00bb89%\u00bb max_width_last_edited=\u00bbon|phone\u00bb custom_margin=\u00bb||28px|20px|false|false\u00bb global_colors_info=\u00bb{}\u00bb][\/et_pb_image][et_pb_text content_tablet=\u00bb<\/p>\n<p style=%22text-align: center;%22><strong>Pandereta. Museo Pedag\u00f3gico de la Facultad de Ciencias de la Educaci\u00f3n de la Universidad de Sevilla<\/strong><\/p>\n<p>\u00bb content_phone=\u00bb<\/p>\n<p style=%22text-align: center;%22><strong>Pandereta. Museo Pedag\u00f3gico de la Facultad de Ciencias de la Educaci\u00f3n de la Universidad de Sevilla<\/strong><\/p>\n<p>\u00bb content_last_edited=\u00bboff|desktop\u00bb _builder_version=\u00bb4.17.4&#8243; _module_preset=\u00bbdefault\u00bb custom_margin=\u00bb|||20px|false|false\u00bb global_colors_info=\u00bb{}\u00bb]<\/p>\n<p><b>Proyector de cine. <br \/>Museo Pedag\u00f3gico de la Universidad de Huelva<br \/><\/b><\/p>\n<p>[\/et_pb_text][\/et_pb_column][et_pb_column type=\u00bb3_4&#8243; _builder_version=\u00bb4.17.4&#8243; _module_preset=\u00bbdefault\u00bb global_colors_info=\u00bb{}\u00bb][et_pb_text _builder_version=\u00bb4.17.4&#8243; _module_preset=\u00bbdefault\u00bb text_text_color=\u00bb#000000&#8243; text_font_size=\u00bb18px\u00bb text_line_height=\u00bb1.8em\u00bb max_width_tablet=\u00bb95%\u00bb max_width_phone=\u00bb90%\u00bb max_width_last_edited=\u00bbon|tablet\u00bb custom_margin_tablet=\u00bb|||20px|false|false\u00bb custom_margin_phone=\u00bb|||20px|false|false\u00bb custom_margin_last_edited=\u00bbon|tablet\u00bb text_font_size_tablet=\u00bb16px\u00bb text_font_size_phone=\u00bb16px\u00bb text_font_size_last_edited=\u00bbon|tablet\u00bb global_colors_info=\u00bb{}\u00bb]<\/p>\n<p><strong>Qu\u00e9 nervios me entraban cuando cada verano, sin temer al calor de Sevilla, aquel artilugio raro y moderno a la vez, se convert\u00eda en el protagonista de la casa. S\u00ed, era el \u00faltimo capricho del t\u00edo Modesto, hermano de mi madre y embajador de \u201clos madriles\u201d, en donde trabajaba hac\u00eda a\u00f1os.<\/strong><\/p>\n<p><strong>La historia de aquel viejo proyector guarda el valioso recuerdo de una familia grande, de ocho hermanos, en la que el caos y el desorden conviv\u00edan con \u00e9xito. Era el escenario ideal para las jugarretas de aquella novedad que nos grababa en cualquier momento y lugar. Dormidos en cualquier sof\u00e1, rebuscando en la despensa de la cocina o jugando en aquel antiguo patio andaluz, repleto de preciosas plantas, que todav\u00eda se conserva intacto.<\/strong><strong><\/strong><\/p>\n<p><strong>El proyector no entend\u00eda de vida privada\u2026 cuando menos lo esperabas, ah\u00ed estaba\u2026. grabando sin fin\u2026. Mis primeros pinitos como periodista y entrevistadora fueron recogidos por la m\u00e1quina, a la que cari\u00f1osamente mi familia llamaba por el diminutivo \u201cMaqui\u201d. <\/strong><\/p>\n<p>[\/et_pb_text][\/et_pb_column][\/et_pb_row][et_pb_row column_structure=\u00bb2_3,1_3&#8243; _builder_version=\u00bb4.17.4&#8243; _module_preset=\u00bbdefault\u00bb width=\u00bb100%\u00bb max_width=\u00bb2560px\u00bb custom_padding=\u00bb41px|||||\u00bb global_colors_info=\u00bb{}\u00bb][et_pb_column type=\u00bb2_3&#8243; _builder_version=\u00bb4.17.4&#8243; _module_preset=\u00bbdefault\u00bb global_colors_info=\u00bb{}\u00bb][et_pb_text _builder_version=\u00bb4.17.4&#8243; _module_preset=\u00bbdefault\u00bb text_text_color=\u00bb#000000&#8243; text_font_size=\u00bb18px\u00bb text_line_height=\u00bb1.8em\u00bb max_width_tablet=\u00bb95%\u00bb max_width_phone=\u00bb90%\u00bb max_width_last_edited=\u00bbon|tablet\u00bb custom_margin=\u00bb|||20px|false|false\u00bb text_font_size_tablet=\u00bb16px\u00bb text_font_size_phone=\u00bb16px\u00bb text_font_size_last_edited=\u00bbon|tablet\u00bb global_colors_info=\u00bb{}\u00bb]<\/p>\n<p><strong>Mi padre ten\u00eda que poner orden en aquella \u201cpel\u00edcula de los ocho\u201d. Cuando llegaba la fresquita, el patio se convert\u00eda en paisaje lunar, oeste americano, circo del Sol, ch\u00e1chara de los abuelos y por supuesto, en continuadas fiestas de cumplea\u00f1os, tan propias de las familias numerosas.<\/strong><\/p>\n<p><strong>Lo de grabar era divertido\u2026 pero ni punto de comparaci\u00f3n ten\u00eda con el placer de vernos reflejados en la enorme pared blanca del patio, que hac\u00eda de gran pantalla de cine.<\/strong><br \/><strong>Cada verano la historia se repet\u00eda y con el oto\u00f1o el proyector dormitaba en un ba\u00fal viejo cerrado bajo llave que lo proteg\u00eda de las travesuras infantiles.<\/strong><\/p>\n<p>[\/et_pb_text][\/et_pb_column][et_pb_column type=\u00bb1_3&#8243; _builder_version=\u00bb4.17.4&#8243; _module_preset=\u00bbdefault\u00bb global_colors_info=\u00bb{}\u00bb][et_pb_image src=\u00bbhttps:\/\/grupo.us.es\/mujeryeducacion\/wp-content\/uploads\/2023\/05\/WhatsApp-Image-2023-05-09-at-13.04.56-7-e1688567413860.jpeg\u00bb title_text=\u00bbWhatsApp-Image-2023-05-09-at-13.04.56-7-e1688567413860&#8243; align_tablet=\u00bbcenter\u00bb align_phone=\u00bbcenter\u00bb align_last_edited=\u00bbon|tablet\u00bb _builder_version=\u00bb4.17.4&#8243; _module_preset=\u00bbdefault\u00bb global_colors_info=\u00bb{}\u00bb][\/et_pb_image][\/et_pb_column][\/et_pb_row][et_pb_row _builder_version=\u00bb4.17.4&#8243; _module_preset=\u00bbdefault\u00bb width=\u00bb90%\u00bb max_width=\u00bb2560px\u00bb custom_margin=\u00bb|||20px|false|false\u00bb global_colors_info=\u00bb{}\u00bb][et_pb_column type=\u00bb4_4&#8243; _builder_version=\u00bb4.17.4&#8243; _module_preset=\u00bbdefault\u00bb global_colors_info=\u00bb{}\u00bb][et_pb_text _builder_version=\u00bb4.17.4&#8243; _module_preset=\u00bbdefault\u00bb text_text_color=\u00bb#000000&#8243; text_font_size=\u00bb18px\u00bb text_line_height=\u00bb1.8em\u00bb max_width_tablet=\u00bb100%\u00bb max_width_phone=\u00bb100%\u00bb max_width_last_edited=\u00bbon|tablet\u00bb text_font_size_tablet=\u00bb16px\u00bb text_font_size_phone=\u00bb16px\u00bb text_font_size_last_edited=\u00bbon|tablet\u00bb global_colors_info=\u00bb{}\u00bb]<\/p>\n<p><strong>Un a\u00f1o, no recuerdo cu\u00e1l, el proyector desapareci\u00f3 de nuestras vidas; no s\u00e9 si lo echamos de menos, si nos preguntamos qu\u00e9 pudo pasar, d\u00f3nde se guard\u00f3 o qui\u00e9n se lo llev\u00f3\u2026 Con el paso del tiempo, comprendimos que nos hab\u00edamos hechos mayores, ya no nos ilusionaba pasar esos ratos en familia, alrededor de la pel\u00edcula que el proyector guardaba en exclusiva. Llegaron los amigos, los novios, los estudios de secundaria y universidad\u2026. Y en nada\u2026 una revoluci\u00f3n tecnol\u00f3gica sin precedentes, que sepult\u00f3 a los antiguos tel\u00e9fonos, a las \u201cpolaroid\u201d, las transparencias o las c\u00e1maras de v\u00eddeos tradicionales\u2026 Con ellos, el proyector de cine se convirti\u00f3 en un objeto para el recuerdo que hoy quiero reivindicar\u2026<\/strong><\/p>\n<p><strong>Como profesora de la Universidad, en contacto directo con muchos estudiantes, observo con pena c\u00f3mo la palabra, c\u00f3mo las relaciones humanas, como el sentido de comunidad, viven momentos de declive\u2026 Alrededor de un m\u00f3vil que lo hace casi todo\u2026 graba, hace fotos, manda audios, crea grupos de gente diversa, env\u00eda mensajes sin ton ni son\u2026 se concentra la vida de los j\u00f3venes y menos j\u00f3venes\u2026 Lejos del calor de aquellas reuniones de hermanos, de amigos, de familias que re\u00edan o lloraban juntas\u2026. con las historias del viejo proyector\u2026 vivimos una invasi\u00f3n de lo digital en una sociedad incomunicada\u2026.<\/strong><\/p>\n<p><strong>Grupos de j\u00f3venes reunidos para mirar, sonre\u00edrse o quejarse ante una pantalla que engancha, j\u00f3venes que no cruzan palabra, j\u00f3venes que no soportan ser feo, gordos o bajitos\u2026 que hacen de su cuerpo un culto a la belleza y a la ignorancia\u2026 como parte de una secta que se entrega a la influencia y la tiran\u00eda de las redes sociales\u2026. Estas palabras no significan un rechazo a lo nuevo, no se pone en cuesti\u00f3n el necesario valor de la tecnolog\u00eda\u2026 s\u00f3lo se advierte un clima contaminado por quienes han encontrado en lo digital un oficio que favorece la mentira, el odio, el sarcasmo o la propaganda\u2026 El calor de aquel viejo proyector que filmaba a la gente sin filtro\u2026 tal y como eran, de risa sana y con respeto y educaci\u00f3n\u2026. ha tornado en lo \u201cviral\u201d que como una apisonadora te convierte en estrella o en estrellado en cuesti\u00f3n de segundos.<\/strong><\/p>\n<p><strong>V\u00eddeos de influencers con millones de visitas, instagramers y youtubers como presidentes del mundo, la vida privada en manos de todos\u2026 y por medio, el gran negocio de las redes sociales, donde el insulto no tiene precio. El poder de la imagen invade una sociedad en la que impera el falso\u2026 nada es verdad\u2026 todo pasa por la brocha del fotoshop\u2026 Caras y cuerpos perfectos que triunfan frente a lo \u201cnatural como la vida misma\u201d. Y cuando aquel viejo proyector grababa no importaban los pelos alborotados, ni la boca con churretes del Colacao, ni aquella camisa mal puesta o los botones mal abrochados\u2026 No hab\u00eda puesta en escena\u2026 Y tambi\u00e9n las risas eran naturales, los chascarrillos, las canciones, los juegos, los d\u00edas de colegio, la visita de los abuelos, la lectura de un cuento, los teatrillos en la calle, el cine de verano, las excursiones al campo, los dibujitos animados \u2026 y las historias de novios y novias que eran el secreto peor guardado entre los amigos\u2026<\/strong><\/p>\n<p><strong>Si revel\u00e1ramos la cinta de aquel viejo proyector, guardado en el antiguo ba\u00fal\u2026 no nos reconocer\u00edamos\u2026 cu\u00e1nto hemos cambiado\u2026 a\u00fan sin querer\u2026 obligados por el sistema\u2026 en la sociedad sin normas menos libre de todos los tiempos\u2026 Los ni\u00f1os son \u201cadultos\u201d desde que nacen, los padres y las madres son ficticios\u2026 con 24 horas fuera de un hogar en manos de \u201ccanguros\u201d y de abuelos que no saben ser padres\u2026 porque son abuelos\u2026 Y en manos de una educaci\u00f3n en la que los maestros y las maestras se han quedado \u201csolos ante el peligro\u201d.<\/strong><\/p>\n<p><strong>Es momento de levantar la voz en nombre de lo simple, de la espontaneidad, de la belleza natural, del equ\u00edvoco, de la sorpresa, de lo natural y de lo imperfecto\u2026 Dentro o fuera de las redes sociales, las PERSONAS importan\u2026 y m\u00e1s sin son aut\u00e9nticas, sin filtro\u2026 todo cabe en ese caj\u00f3n de Internet, que tiene que ser un punto de encuentro y a la vez de debate\u2026 de integraci\u00f3n y de cohesi\u00f3n\u2026 que nos permita estar unidos ante conflictos, guerras y ataques a la intimidad y la verdad.<\/strong><\/p>\n<p><strong>En 2022 se ha hecho famosa BeReal, una nueva aplicaci\u00f3n de redes sociales. Una vez al d\u00eda, BeReal notifica a todos los usuarios que est\u00e1 abierta una ventana de dos minutos para publicar una foto y les pide que compartan una imagen de lo que sea que est\u00e9n haciendo en ese momento. La ventana var\u00eda de un d\u00eda a otro. Si un usuario publica su imagen diaria despu\u00e9s de la ventana de dos minutos, se notifica el hecho a otros usuarios. Los usuarios no pueden publicar m\u00e1s de una foto por d\u00eda. BeReal ha sido descrito como dise\u00f1ado para competir con Instagram mientras que al mismo tiempo resta importancia a la adicci\u00f3n y el uso excesivo a redes sociales La aplicaci\u00f3n no permite ning\u00fan filtro fotogr\u00e1fico y no tiene publicidad ni cuenta de seguidores. Es hasta ahora lo m\u00e1s cercano a romper con el postureo de la perfecci\u00f3n\u2026 y recuerda a aquel viejo proyector que, en modo BeReal, guarda en sus entra\u00f1as la historia m\u00e1s real de las historias\u2026<\/strong><\/p>\n<p><strong>La transparencia frente a la corrupci\u00f3n de la red, la honestidad frente a la mentira, el buen periodismo frente al sensacionalismo, la educaci\u00f3n en valores frente al ego de los dominantes, la naturalidad frente a lo impostado, la originalidad frente al plagio, la libertad frente a la sumisi\u00f3n, la paz frente a la guerra\u2026 y la persona frente a la m\u00e1quina\u2026 Dualidades de siempre que definen a sociedades en riesgo y a sociedades con retos. Vaya esta apuesta por las segundas\u2026 que tienen el RETO de recuperar de anta\u00f1o el valor humano de gente corriente como aquella familia de ocho hermanos que grab\u00f3 \u201cMaqui\u201d, nuestro viejo proyector.<\/strong><\/p>\n<p>[\/et_pb_text][\/et_pb_column][\/et_pb_row][\/et_pb_section]<\/p>\n","protected":false},"excerpt":{"rendered":"<p>\u00a0PROYECTOR DE CINE\u00a0 \u00a0 \u00a0 \u00a0 \u00a0EN LAS ENTRA\u00d1AS DE UN VIEJO PROYECTORConcha P\u00e9rez Curiel Universidad de Sevilla cperez1@us.esProyector de cine. Museo Pedag\u00f3gico de la Universidad de HuelvaQu\u00e9 nervios me entraban cuando cada verano, sin temer al calor de Sevilla, aquel artilugio raro y moderno a la vez, se convert\u00eda en el protagonista de la [&hellip;]<\/p>\n","protected":false},"author":1,"featured_media":0,"parent":0,"menu_order":0,"comment_status":"closed","ping_status":"closed","template":"","meta":{"_et_pb_use_builder":"on","_et_pb_old_content":"","_et_gb_content_width":"","footnotes":""},"class_list":["post-4637","page","type-page","status-publish","hentry"],"_links":{"self":[{"href":"https:\/\/grupo.us.es\/mujeryeducacion\/wp-json\/wp\/v2\/pages\/4637","targetHints":{"allow":["GET"]}}],"collection":[{"href":"https:\/\/grupo.us.es\/mujeryeducacion\/wp-json\/wp\/v2\/pages"}],"about":[{"href":"https:\/\/grupo.us.es\/mujeryeducacion\/wp-json\/wp\/v2\/types\/page"}],"author":[{"embeddable":true,"href":"https:\/\/grupo.us.es\/mujeryeducacion\/wp-json\/wp\/v2\/users\/1"}],"replies":[{"embeddable":true,"href":"https:\/\/grupo.us.es\/mujeryeducacion\/wp-json\/wp\/v2\/comments?post=4637"}],"version-history":[{"count":6,"href":"https:\/\/grupo.us.es\/mujeryeducacion\/wp-json\/wp\/v2\/pages\/4637\/revisions"}],"predecessor-version":[{"id":5268,"href":"https:\/\/grupo.us.es\/mujeryeducacion\/wp-json\/wp\/v2\/pages\/4637\/revisions\/5268"}],"wp:attachment":[{"href":"https:\/\/grupo.us.es\/mujeryeducacion\/wp-json\/wp\/v2\/media?parent=4637"}],"curies":[{"name":"wp","href":"https:\/\/api.w.org\/{rel}","templated":true}]}}