{"id":4601,"date":"2023-07-26T15:14:39","date_gmt":"2023-07-26T15:14:39","guid":{"rendered":"https:\/\/grupo.us.es\/mujeryeducacion\/?page_id=4601"},"modified":"2023-09-07T12:17:25","modified_gmt":"2023-09-07T12:17:25","slug":"044b-recortables-de-munecas","status":"publish","type":"page","link":"https:\/\/grupo.us.es\/mujeryeducacion\/044b-recortables-de-munecas\/","title":{"rendered":"044b. Recortables de mu\u00f1ecas"},"content":{"rendered":"<p>[et_pb_section fb_built=\u00bb1&#8243; _builder_version=\u00bb4.17.4&#8243; _module_preset=\u00bbdefault\u00bb background_color=\u00bb#F6EFE7&#8243; custom_padding=\u00bb2px|||||\u00bb custom_css_main_element=\u00bbdisplay=flex;\u00bb global_colors_info=\u00bb{}\u00bb][et_pb_row _builder_version=\u00bb4.17.4&#8243; _module_preset=\u00bbdefault\u00bb width=\u00bb100%\u00bb max_width=\u00bb2560px\u00bb custom_padding=\u00bb0px|||||\u00bb global_colors_info=\u00bb{}\u00bb][et_pb_column type=\u00bb4_4&#8243; _builder_version=\u00bb4.17.4&#8243; _module_preset=\u00bbdefault\u00bb global_colors_info=\u00bb{}\u00bb][et_pb_slider _builder_version=\u00bb4.17.4&#8243; _module_preset=\u00bbdefault\u00bb global_colors_info=\u00bb{}\u00bb][et_pb_slide image=\u00bbhttps:\/\/grupo.us.es\/mujeryeducacion\/wp-content\/uploads\/2023\/05\/WhatsApp-Image-2023-05-09-at-13.04.55-10.jpeg\u00bb _builder_version=\u00bb4.17.4&#8243; _module_preset=\u00bbdefault\u00bb background_color=\u00bbRGBA(255,255,255,0)\u00bb background_enable_color=\u00bbon\u00bb background_image=\u00bbhttps:\/\/grupo.us.es\/mujeryeducacion\/wp-content\/uploads\/2023\/05\/WhatsApp-Image-2023-05-09-at-13.04.55-10.jpeg\u00bb background_enable_image=\u00bbon\u00bb global_colors_info=\u00bb{}\u00bb sticky_transition=\u00bbon\u00bb][\/et_pb_slide][\/et_pb_slider][\/et_pb_column][\/et_pb_row][et_pb_row column_structure=\u00bb2_5,3_5&#8243; make_equal=\u00bbon\u00bb _builder_version=\u00bb4.17.4&#8243; _module_preset=\u00bbdefault\u00bb width=\u00bb100%\u00bb max_width=\u00bb2560px\u00bb global_colors_info=\u00bb{}\u00bb][et_pb_column type=\u00bb2_5&#8243; _builder_version=\u00bb4.17.4&#8243; _module_preset=\u00bbdefault\u00bb global_colors_info=\u00bb{}\u00bb][et_pb_image src=\u00bbhttps:\/\/grupo.us.es\/mujeryeducacion\/wp-content\/uploads\/2023\/07\/0-Logo-Museo-Pedagogico-transparente-e1689854632950.png\u00bb title_text=\u00bb0-Logo-Museo-Pedagogico-transparente-recortado\u00bb align_tablet=\u00bb\u00bb align_phone=\u00bbcenter\u00bb align_last_edited=\u00bbon|phone\u00bb _builder_version=\u00bb4.17.4&#8243; _module_preset=\u00bbdefault\u00bb width=\u00bb50%\u00bb hover_enabled=\u00bb0&#8243; global_colors_info=\u00bb{}\u00bb width_last_edited=\u00bbon|tablet\u00bb sticky_enabled=\u00bb0&#8243; width_tablet=\u00bb70%\u00bb module_alignment_last_edited=\u00bbon|tablet\u00bb module_alignment_tablet=\u00bbcenter\u00bb width_phone=\u00bb70%\u00bb module_alignment_phone=\u00bbcenter\u00bb][\/et_pb_image][\/et_pb_column][et_pb_column type=\u00bb3_5&#8243; _builder_version=\u00bb4.17.4&#8243; _module_preset=\u00bbdefault\u00bb global_colors_info=\u00bb{}\u00bb][et_pb_text content_tablet=\u00bb<\/p>\n<p><strong><\/strong><\/p>\n<p style=%22text-align: center;%22><strong>RECORTABLES DE <\/strong><\/p>\n<p style=%22text-align: center;%22><strong>MU\u00d1ECAS<\/strong><\/p>\n<p>\u00bb content_phone=\u00bb<\/p>\n<p><strong><\/strong><\/p>\n<p style=%22text-align: center;%22><strong>RECORTABLES DE<\/strong><\/p>\n<p style=%22text-align: center;%22><strong> MU\u00d1ECAS<\/strong><\/p>\n<p>\u00bb content_last_edited=\u00bbon|phone\u00bb _builder_version=\u00bb4.17.4&#8243; _module_preset=\u00bbdefault\u00bb text_text_color=\u00bb#000000&#8243; text_font_size=\u00bb58px\u00bb transform_scale_tablet=\u00bb\u00bb transform_scale_phone=\u00bb\u00bb transform_scale_last_edited=\u00bbon|tablet\u00bb transform_translate=\u00bb-153px|-7px\u00bb transform_translate_tablet=\u00bb72px|-7px\u00bb transform_translate_phone=\u00bb64px|-7px\u00bb transform_translate_last_edited=\u00bbon|tablet\u00bb transform_rotate_tablet=\u00bb\u00bb transform_rotate_phone=\u00bb\u00bb transform_rotate_last_edited=\u00bbon|tablet\u00bb transform_skew_tablet=\u00bb\u00bb transform_skew_phone=\u00bb\u00bb transform_skew_last_edited=\u00bbon|tablet\u00bb transform_origin_tablet=\u00bb\u00bb transform_origin_phone=\u00bb\u00bb transform_origin_last_edited=\u00bbon|tablet\u00bb transform_styles_last_edited=\u00bbon|tablet\u00bb custom_margin=\u00bb|||-127px||\u00bb text_font_size_tablet=\u00bb58px\u00bb text_font_size_phone=\u00bb42px\u00bb text_font_size_last_edited=\u00bbon|phone\u00bb transform_styles_tablet=\u00bb\u00bb transform_styles_phone=\u00bb\u00bb module_alignment_tablet=\u00bbcenter\u00bb module_alignment_phone=\u00bbcenter\u00bb module_alignment_last_edited=\u00bbon|tablet\u00bb global_colors_info=\u00bb{}\u00bb]<\/p>\n<p><strong><\/strong><\/p>\n<p><strong>RECORTABLES DE MU\u00d1ECAS<\/strong><\/p>\n<p>[\/et_pb_text][\/et_pb_column][\/et_pb_row][et_pb_row _builder_version=\u00bb4.17.4&#8243; _module_preset=\u00bbdefault\u00bb global_colors_info=\u00bb{}\u00bb][et_pb_column type=\u00bb4_4&#8243; _builder_version=\u00bb4.17.4&#8243; _module_preset=\u00bbdefault\u00bb global_colors_info=\u00bb{}\u00bb][et_pb_text _builder_version=\u00bb4.17.4&#8243; _module_preset=\u00bbdefault\u00bb global_colors_info=\u00bb{}\u00bb]<\/p>\n<h1 style=\"text-align: center;\">M\u00aa Raquel V\u00e1zquez Ramil<\/h1>\n<p><span class=\"EOP SCXW150617363 BCX9\" data-ccp-props=\"{&quot;201341983&quot;:0,&quot;335551550&quot;:3,&quot;335551620&quot;:3,&quot;335559739&quot;:0,&quot;335559740&quot;:240}\"><span class=\"EOP SCXW184100114 BCX9\" data-ccp-props=\"{&quot;201341983&quot;:0,&quot;335551550&quot;:3,&quot;335551620&quot;:3,&quot;335559739&quot;:0,&quot;335559740&quot;:240}\"><span data-contrast=\"auto\" xml:lang=\"ES-ES\" lang=\"ES-ES\" class=\"TextRun SCXW37953205 BCX9\"><span class=\"NormalTextRun SCXW37953205 BCX9\"><span data-contrast=\"auto\" xml:lang=\"ES-ES\" lang=\"ES-ES\" class=\"TextRun SCXW144867011 BCX9\"><span class=\"NormalTextRun SCXW144867011 BCX9\"><span class=\"EOP SCXW91137730 BCX9\" data-ccp-props=\"{&quot;335551550&quot;:3,&quot;335551620&quot;:3}\"><\/span><\/span><\/span><\/span><\/span><\/span><\/span><\/p>\n<h4 style=\"text-align: center;\">Universidad de Valladolid<\/h4>\n<p><span data-contrast=\"auto\" xml:lang=\"ES-ES\" lang=\"ES-ES\" class=\"TextRun SCXW38795511 BCX9\"><span class=\"NormalTextRun SCXW38795511 BCX9\"><\/span><\/span><\/p>\n<p style=\"text-align: center;\"><span data-contrast=\"auto\"><\/span><\/p>\n<h6 style=\"text-align: center;\"><span style=\"color: #8e8e8e;\"><span data-contrast=\"none\" xml:lang=\"ES-ES\" lang=\"ES-ES\" class=\"TextRun Underlined SCXW183494506 BCX9\" style=\"color: #8e8e8e;\"><span class=\"NormalTextRun SCXW183494506 BCX9\" data-ccp-charstyle=\"Hyperlink\"><a class=\"Hyperlink SCXW183494506 BCX9\" href=\"mailto:eulalia@uvic.cat\" target=\"_blank\" rel=\"noreferrer noopener\">mariaraquel.vazquez@uva.es<\/a><\/span><\/span><\/span><\/h6>\n<p>[\/et_pb_text][\/et_pb_column][\/et_pb_row][et_pb_row column_structure=\u00bb1_4,3_4&#8243; _builder_version=\u00bb4.17.4&#8243; _module_preset=\u00bbdefault\u00bb width=\u00bb100%\u00bb max_width=\u00bb2560px\u00bb global_colors_info=\u00bb{}\u00bb][et_pb_column type=\u00bb1_4&#8243; _builder_version=\u00bb4.17.4&#8243; _module_preset=\u00bbdefault\u00bb global_colors_info=\u00bb{}\u00bb][et_pb_image src=\u00bbhttps:\/\/grupo.us.es\/mujeryeducacion\/wp-content\/uploads\/2023\/05\/WhatsApp-Image-2023-05-09-at-13.04.55-10.jpeg\u00bb title_text=\u00bbWhatsApp-Image-2023-05-09-at-13.04.55-10&#8243; align_tablet=\u00bbcenter\u00bb align_phone=\u00bbcenter\u00bb align_last_edited=\u00bbon|tablet\u00bb _builder_version=\u00bb4.17.4&#8243; _module_preset=\u00bbdefault\u00bb width=\u00bb100%\u00bb max_width=\u00bb100%\u00bb max_width_tablet=\u00bb100%\u00bb max_width_phone=\u00bb89%\u00bb max_width_last_edited=\u00bbon|phone\u00bb custom_margin=\u00bb||28px|20px|false|false\u00bb global_colors_info=\u00bb{}\u00bb][\/et_pb_image][et_pb_text content_tablet=\u00bb<\/p>\n<p style=%22text-align: center;%22><strong>Pandereta. Museo Pedag\u00f3gico de la Facultad de Ciencias de la Educaci\u00f3n de la Universidad de Sevilla<\/strong><\/p>\n<p>\u00bb content_phone=\u00bb<\/p>\n<p style=%22text-align: center;%22><strong>Pandereta. Museo Pedag\u00f3gico de la Facultad de Ciencias de la Educaci\u00f3n de la Universidad de Sevilla<\/strong><\/p>\n<p>\u00bb content_last_edited=\u00bboff|desktop\u00bb _builder_version=\u00bb4.17.4&#8243; _module_preset=\u00bbdefault\u00bb custom_margin=\u00bb|||20px|false|false\u00bb global_colors_info=\u00bb{}\u00bb]<\/p>\n<p><strong>Recortables de mu\u00f1ecas.<\/strong><br \/><strong>Museo Pedag\u00f3gico de la Universidad de Huelva<\/strong><\/p>\n<p>[\/et_pb_text][\/et_pb_column][et_pb_column type=\u00bb3_4&#8243; _builder_version=\u00bb4.17.4&#8243; _module_preset=\u00bbdefault\u00bb global_colors_info=\u00bb{}\u00bb][et_pb_text _builder_version=\u00bb4.17.4&#8243; _module_preset=\u00bbdefault\u00bb text_text_color=\u00bb#000000&#8243; text_font_size=\u00bb18px\u00bb text_line_height=\u00bb1.8em\u00bb max_width_tablet=\u00bb95%\u00bb max_width_phone=\u00bb90%\u00bb max_width_last_edited=\u00bbon|tablet\u00bb custom_margin_tablet=\u00bb|||20px|false|false\u00bb custom_margin_phone=\u00bb|||20px|false|false\u00bb custom_margin_last_edited=\u00bbon|tablet\u00bb text_font_size_tablet=\u00bb16px\u00bb text_font_size_phone=\u00bb16px\u00bb text_font_size_last_edited=\u00bbon|tablet\u00bb global_colors_info=\u00bb{}\u00bb]<\/p>\n<p><strong>Las mu\u00f1ecas recortables o los recortables de mu\u00f1ecas, llamados tambi\u00e9n mariquitas o mariquitinas en algunas zonas de Espa\u00f1a y cuquitas en Am\u00e9rica del Sur, son figuras bidimensionales dibujadas o impresas en papel que representan a una ni\u00f1a o una mujer, generalmente con vestuario y complementos.\u00a0<\/strong><\/p>\n<p><strong>Las figuras recortables alcanzaron notable \u00e9xito a medidos del siglo XVIII en Francia (pantins, similares a las marionetas) y otros pa\u00edses europeos, como entretenimiento de la realeza y las clases altas, muchas veces con intenci\u00f3n sat\u00edrica y para diversi\u00f3n de adultos. En el siglo XIX, el abaratamiento de las t\u00e9cnicas editoriales, la expansi\u00f3n de la prensa y el impulso de la alfabetizaci\u00f3n promovieron la oferta de figuras recortables asequibles y muy estimadas, dirigidas especialmente a las ni\u00f1as, aunque tambi\u00e9n hubo recortables para ni\u00f1os, que representaban soldados o escenas b\u00e9licas, e incluso los hubo de construcciones, m\u00e1s sofisticados.\u00a0<\/strong><br \/><strong>\u00a0<\/strong><br \/><strong>En Espa\u00f1a alcanzaron gran popularidad a partir de los a\u00f1os 30 del siglo pasado, convirti\u00e9ndose en el juguete favorito de muchas ni\u00f1as. Se trataba de un entretenimiento sencillo y econ\u00f3mico, que permit\u00eda desarrollar la motricidad fina en el recorte cuidadoso de contornos y, sobre todo, la creatividad, pues muchas veces el vestuario era ampliado por las ni\u00f1as con sus propios dise\u00f1os y creaciones.\u00a0<\/strong><\/p>\n<p>&nbsp;<\/p>\n<p>[\/et_pb_text][\/et_pb_column][\/et_pb_row][et_pb_row column_structure=\u00bb2_3,1_3&#8243; _builder_version=\u00bb4.17.4&#8243; _module_preset=\u00bbdefault\u00bb width=\u00bb100%\u00bb max_width=\u00bb2560px\u00bb custom_padding=\u00bb41px|||||\u00bb global_colors_info=\u00bb{}\u00bb][et_pb_column type=\u00bb2_3&#8243; _builder_version=\u00bb4.17.4&#8243; _module_preset=\u00bbdefault\u00bb global_colors_info=\u00bb{}\u00bb][et_pb_text _builder_version=\u00bb4.17.4&#8243; _module_preset=\u00bbdefault\u00bb text_text_color=\u00bb#000000&#8243; text_font_size=\u00bb18px\u00bb text_line_height=\u00bb1.8em\u00bb max_width_tablet=\u00bb95%\u00bb max_width_phone=\u00bb90%\u00bb max_width_last_edited=\u00bbon|tablet\u00bb custom_margin=\u00bb|||20px|false|false\u00bb text_font_size_tablet=\u00bb16px\u00bb text_font_size_phone=\u00bb16px\u00bb text_font_size_last_edited=\u00bbon|tablet\u00bb global_colors_info=\u00bb{}\u00bb]<\/p>\n<p><strong>Adem\u00e1s de juguete barato, los recortables son testimonio de su \u00e9poca, de las modas e incluso de las actitudes femeninas. Sirven, por tanto, para observar la evoluci\u00f3n de las costumbres, desde el divertido y entra\u00f1able ajuar de las ni\u00f1as de los a\u00f1os 30, a los trajes m\u00e1s serios de los 40, con sus ideales de la ni\u00f1a bien, hasta llegar al desenfado de los a\u00f1os 60 y 70. A partir de entonces pierden arraigo entre la infancia, para convertirse en objeto de coleccionismo destinado a nost\u00e1lgicos o en elemento pedag\u00f3gico para ense\u00f1ar costumbres o recrear personajes hist\u00f3ricos. <\/strong><\/p>\n<p><strong>Entre quienes dise\u00f1aron mu\u00f1ecas recortables destacan nombres como el escritor Antonio Joaqu\u00edn Robles Soler (1895-1983), conocido como Antoniorrobles, con una peque\u00f1a obra que hoy es un tesoro, 8 cuentos de ni\u00f1as y mu\u00f1ecas recortables (1930). Hubo tambi\u00e9n mujeres, consideradas pioneras del c\u00f3mic espa\u00f1ol, como Violeta Su\u00e1rez Meana (1929-2015), que en la d\u00e9cada de los 40 dise\u00f1\u00f3 la serie de recortables \u201cPitusilla\u201d para la editorial Ameller, adem\u00e1s de ilustrar historias femeninas para sellos como Juvenis o Ferma. La catalana Enriqueta Bomb\u00f3n Espinet (1925-1999) se inici\u00f3 como ilustradora de la revista Pelayos (1937) y dibuj\u00f3 numerosos recortables para editoriales como Bruguera, Casulleras y Ameller; por encargo de esta \u00faltima realiz\u00f3 en los a\u00f1os 40 una serie de recortables con trajes regionales y de algunos pa\u00edses de Europa, muy curiosos y codiciados, que se conservan en la Sala Goya de la Biblioteca Nacional de Espa\u00f1a. <\/strong><\/p>\n<p>[\/et_pb_text][\/et_pb_column][et_pb_column type=\u00bb1_3&#8243; _builder_version=\u00bb4.17.4&#8243; _module_preset=\u00bbdefault\u00bb global_colors_info=\u00bb{}\u00bb][et_pb_image src=\u00bbhttps:\/\/grupo.us.es\/mujeryeducacion\/wp-content\/uploads\/2023\/05\/WhatsApp-Image-2023-05-09-at-13.04.55-10.jpeg\u00bb title_text=\u00bbWhatsApp-Image-2023-05-09-at-13.04.55-10&#8243; align_tablet=\u00bbcenter\u00bb align_phone=\u00bbcenter\u00bb align_last_edited=\u00bbon|tablet\u00bb _builder_version=\u00bb4.17.4&#8243; _module_preset=\u00bbdefault\u00bb global_colors_info=\u00bb{}\u00bb][\/et_pb_image][\/et_pb_column][\/et_pb_row][et_pb_row _builder_version=\u00bb4.17.4&#8243; _module_preset=\u00bbdefault\u00bb width=\u00bb90%\u00bb max_width=\u00bb2560px\u00bb custom_margin=\u00bb|||20px|false|false\u00bb global_colors_info=\u00bb{}\u00bb][et_pb_column type=\u00bb4_4&#8243; _builder_version=\u00bb4.17.4&#8243; _module_preset=\u00bbdefault\u00bb global_colors_info=\u00bb{}\u00bb][et_pb_text _builder_version=\u00bb4.17.4&#8243; _module_preset=\u00bbdefault\u00bb text_text_color=\u00bb#000000&#8243; text_font_size=\u00bb18px\u00bb text_line_height=\u00bb1.8em\u00bb max_width_tablet=\u00bb100%\u00bb max_width_phone=\u00bb100%\u00bb max_width_last_edited=\u00bbon|tablet\u00bb text_font_size_tablet=\u00bb16px\u00bb text_font_size_phone=\u00bb16px\u00bb text_font_size_last_edited=\u00bbon|tablet\u00bb global_colors_info=\u00bb{}\u00bb]<\/p>\n<p><strong>Otros ilustradores destacados son: Daniel Bas (1924-94), que dibuj\u00f3 recortables para editoriales como EVA; Juan Mart\u00ednez Buend\u00edas \u201cT\u00ednez\u201d (1893-1957) que realiz\u00f3 para la editorial TBO recortables como la colecci\u00f3n de \u201cShirley Temple\u201d o \u201cDiana Durbin; o Frank Alpresa (1900-1970), cartelista del PSUC durante la guerra civil, y luego ilustrador de cuentos e historietas para Bruguera y J. Jan\u00e9s, con colecciones tan delicadas como \u201cRecortables para ti\u201d.<\/strong><br \/><strong>\u00a0<\/strong><br \/><strong>El Centro de Investigaci\u00f3n del Patrimonio Etnol\u00f3gico (CIPE), vinculado al Museo del Traje (Madrid), conserva una excelente colecci\u00f3n de recortables, juegos de montaje y ephemera, catalogados y recogidos en las p\u00e1ginas de Ceres, Colecciones en Red del Ministerio de Cultura y Deporte de Espa\u00f1a. En ellas podemos ver las creaciones de Ediciones La Tijera, que entre 1924 y 1965 public\u00f3 preciosas colecciones de recortables de construcciones civiles, escenas militares y, por supuesto, mu\u00f1ecas.\u00a0<\/strong><\/p>\n<p><strong>En la actualidad, Internet ofrece la posibilidad de descargar plantillas e imprimirlas a demanda. Se prefieren otros materiales m\u00e1s resistentes que el papel, como el pl\u00e1stico o los adhesivos, tan f\u00e1ciles de pegar como de olvidar, pero para varias generaciones las mu\u00f1ecas recortables de papel seguir\u00e1n siendo el tesoro que se descubr\u00eda en el peque\u00f1o kiosco del barrio, con el af\u00e1n de elegir la mu\u00f1eca m\u00e1s bonita en el cat\u00e1logo que se expon\u00eda ante nuestros \u00e1vidos ojos infantiles, en los que lat\u00eda la misma curiosidad que en los de nuestras madres a\u00f1os antes. Parafraseando a Machado, puedo decir que \u201cMi infancia son recuerdos\u201d de tardes jugando con las mu\u00f1ecas recortables que conservo en casa, como parte entra\u00f1able de mi peque\u00f1o mundo.<\/strong><\/p>\n<p>&nbsp;<\/p>\n<p>[\/et_pb_text][et_pb_text _builder_version=\u00bb4.17.4&#8243; _module_preset=\u00bbdefault\u00bb text_text_color=\u00bb#000000&#8243; text_font_size=\u00bb18px\u00bb text_line_height=\u00bb1.8em\u00bb max_width_tablet=\u00bb100%\u00bb max_width_phone=\u00bb100%\u00bb max_width_last_edited=\u00bbon|tablet\u00bb text_font_size_tablet=\u00bb16px\u00bb text_font_size_phone=\u00bb16px\u00bb text_font_size_last_edited=\u00bbon|tablet\u00bb global_colors_info=\u00bb{}\u00bb]<\/p>\n<p><strong>Referencias bibliogr\u00e1ficas<\/strong><\/p>\n<p>Capelo, Alejandro (2019): Francisco Alpresa del R\u00edo. <em>Tebeosfera<\/em>. En l\u00ednea: <span><a href=\"https:\/\/www.tebeosfera.com\/autores\/alpresa_del_rio_francisco.html\">https:\/\/www.tebeosfera.com\/autores\/alpresa_del_rio_francisco.html<\/a><\/span><\/p>\n<p>Cepri\u00e1, F\u00e9lix y Gracia, Adolfo (2008): Enriqueta Bomb\u00f3n Espinet. <em>Tebeosfera<\/em>. En l\u00ednea: <span><a href=\"https:\/\/www.tebeosfera.com\/autores\/bombon_espinet_enriqueta.html\">https:\/\/www.tebeosfera.com\/autores\/bombon_espinet_enriqueta.html<\/a><\/span><\/p>\n<p>Cepri\u00e1, F\u00e9lix y Olmedo, Iv\u00e1n (2008): Mar\u00eda del Carmen Violeta Su\u00e1rez Meana.\u00a0<em>Tebeosfera<\/em>. En l\u00ednea: <span><a href=\"https:\/\/www.tebeosfera.com\/autores\/suarez_meana_maria_del_carmen_violeta.html\">https:\/\/www.tebeosfera.com\/autores\/suarez_meana_maria_del_carmen_violeta.html<\/a><\/span><\/p>\n<p>Johnson, Judy M. (2005): History of Paper Dolls. <em>The Dolls Sourcebook. <\/em>En l\u00ednea: <span><a href=\"https:\/\/www.opdag.com\/history.html\">The History of Paper Dolls (opdag.com)<\/a><\/span><\/p>\n<p>L\u00f3pez Sala, Francesc A. y Mart\u00edn Sanz, Lu\u00eds (2009): Los recortables vistos por sus colecionistas. <em>Educaci\u00f3n y biblioteca: revista de documentaci\u00f3n y recursos did\u00e1cticos<\/em>, a\u00f1o 21, n\u00ba 173, 85-90.<\/p>\n<p>Lozano, Margarita (2022): Mu\u00f1ecas recortables. Em l\u00ednea: \u00a0<span><a href=\"https:\/\/mariquitinas.wordpress.com\/\">https:\/\/mariquitinas.wordpress.com\/<\/a><\/span><\/p>\n<p>Ramos P\u00e9rez, Rosario (2003): <em>Ephemera. La vida sobre papel: Colecci\u00f3n de la Biblioteca Nacional. <\/em>Madrid: Biblioteca Nacional de Espa\u00f1a.<\/p>\n<p>Sim\u00f3n, N\u00f9ria y Medina, Guillem (2020): <em>Vestidas de papel. Un recorrido nost\u00e1lgico por las mu\u00f1ecas recortables de nuestra ni\u00f1ez. <\/em>Madrid: Di\u00e1bolo Ediciones.<\/p>\n<p>[\/et_pb_text][\/et_pb_column][\/et_pb_row][\/et_pb_section]<\/p>\n","protected":false},"excerpt":{"rendered":"<p>RECORTABLES DE MU\u00d1ECASM\u00aa Raquel V\u00e1zquez Ramil Universidad de Valladolid mariaraquel.vazquez@uva.esRecortables de mu\u00f1ecas.Museo Pedag\u00f3gico de la Universidad de HuelvaLas mu\u00f1ecas recortables o los recortables de mu\u00f1ecas, llamados tambi\u00e9n mariquitas o mariquitinas en algunas zonas de Espa\u00f1a y cuquitas en Am\u00e9rica del Sur, son figuras bidimensionales dibujadas o impresas en papel que representan a una ni\u00f1a o [&hellip;]<\/p>\n","protected":false},"author":1,"featured_media":0,"parent":0,"menu_order":0,"comment_status":"closed","ping_status":"closed","template":"","meta":{"_et_pb_use_builder":"on","_et_pb_old_content":"","_et_gb_content_width":"","footnotes":""},"class_list":["post-4601","page","type-page","status-publish","hentry"],"_links":{"self":[{"href":"https:\/\/grupo.us.es\/mujeryeducacion\/wp-json\/wp\/v2\/pages\/4601","targetHints":{"allow":["GET"]}}],"collection":[{"href":"https:\/\/grupo.us.es\/mujeryeducacion\/wp-json\/wp\/v2\/pages"}],"about":[{"href":"https:\/\/grupo.us.es\/mujeryeducacion\/wp-json\/wp\/v2\/types\/page"}],"author":[{"embeddable":true,"href":"https:\/\/grupo.us.es\/mujeryeducacion\/wp-json\/wp\/v2\/users\/1"}],"replies":[{"embeddable":true,"href":"https:\/\/grupo.us.es\/mujeryeducacion\/wp-json\/wp\/v2\/comments?post=4601"}],"version-history":[{"count":4,"href":"https:\/\/grupo.us.es\/mujeryeducacion\/wp-json\/wp\/v2\/pages\/4601\/revisions"}],"predecessor-version":[{"id":5256,"href":"https:\/\/grupo.us.es\/mujeryeducacion\/wp-json\/wp\/v2\/pages\/4601\/revisions\/5256"}],"wp:attachment":[{"href":"https:\/\/grupo.us.es\/mujeryeducacion\/wp-json\/wp\/v2\/media?parent=4601"}],"curies":[{"name":"wp","href":"https:\/\/api.w.org\/{rel}","templated":true}]}}