{"id":4586,"date":"2023-07-26T14:47:28","date_gmt":"2023-07-26T14:47:28","guid":{"rendered":"https:\/\/grupo.us.es\/mujeryeducacion\/?page_id=4586"},"modified":"2023-09-07T12:16:14","modified_gmt":"2023-09-07T12:16:14","slug":"043-peonza","status":"publish","type":"page","link":"https:\/\/grupo.us.es\/mujeryeducacion\/043-peonza\/","title":{"rendered":"043. Peonza"},"content":{"rendered":"<p>[et_pb_section fb_built=\u00bb1&#8243; _builder_version=\u00bb4.17.4&#8243; _module_preset=\u00bbdefault\u00bb background_color=\u00bb#F6EFE7&#8243; custom_padding=\u00bb2px|||||\u00bb custom_css_main_element=\u00bbdisplay=flex;\u00bb global_colors_info=\u00bb{}\u00bb][et_pb_row _builder_version=\u00bb4.17.4&#8243; _module_preset=\u00bbdefault\u00bb width=\u00bb100%\u00bb max_width=\u00bb2560px\u00bb custom_padding=\u00bb0px|||||\u00bb global_colors_info=\u00bb{}\u00bb][et_pb_column type=\u00bb4_4&#8243; _builder_version=\u00bb4.17.4&#8243; _module_preset=\u00bbdefault\u00bb global_colors_info=\u00bb{}\u00bb][et_pb_slider _builder_version=\u00bb4.17.4&#8243; _module_preset=\u00bbdefault\u00bb global_colors_info=\u00bb{}\u00bb][et_pb_slide image=\u00bbhttps:\/\/grupo.us.es\/mujeryeducacion\/wp-content\/uploads\/2023\/05\/WhatsApp-Image-2023-05-09-at-13.04.55-7.jpeg\u00bb _builder_version=\u00bb4.17.4&#8243; _module_preset=\u00bbdefault\u00bb background_color=\u00bbRGBA(255,255,255,0)\u00bb background_enable_color=\u00bbon\u00bb background_image=\u00bbhttps:\/\/grupo.us.es\/mujeryeducacion\/wp-content\/uploads\/2023\/05\/WhatsApp-Image-2023-05-09-at-13.04.55-7.jpeg\u00bb background_enable_image=\u00bbon\u00bb global_colors_info=\u00bb{}\u00bb sticky_transition=\u00bbon\u00bb][\/et_pb_slide][\/et_pb_slider][\/et_pb_column][\/et_pb_row][et_pb_row column_structure=\u00bb2_5,3_5&#8243; make_equal=\u00bbon\u00bb _builder_version=\u00bb4.17.4&#8243; _module_preset=\u00bbdefault\u00bb width=\u00bb100%\u00bb max_width=\u00bb2560px\u00bb global_colors_info=\u00bb{}\u00bb][et_pb_column type=\u00bb2_5&#8243; _builder_version=\u00bb4.17.4&#8243; _module_preset=\u00bbdefault\u00bb global_colors_info=\u00bb{}\u00bb][et_pb_image src=\u00bbhttps:\/\/grupo.us.es\/mujeryeducacion\/wp-content\/uploads\/2023\/07\/0-Logo-Museo-Pedagogico-transparente-e1689854632950.png\u00bb title_text=\u00bb0-Logo-Museo-Pedagogico-transparente-recortado\u00bb align_tablet=\u00bb\u00bb align_phone=\u00bbcenter\u00bb align_last_edited=\u00bbon|phone\u00bb _builder_version=\u00bb4.17.4&#8243; _module_preset=\u00bbdefault\u00bb width=\u00bb50%\u00bb hover_enabled=\u00bb0&#8243; global_colors_info=\u00bb{}\u00bb width_last_edited=\u00bbon|tablet\u00bb sticky_enabled=\u00bb0&#8243; width_tablet=\u00bb70%\u00bb module_alignment_last_edited=\u00bbon|tablet\u00bb module_alignment_tablet=\u00bbcenter\u00bb width_phone=\u00bb70%\u00bb module_alignment_phone=\u00bbcenter\u00bb][\/et_pb_image][\/et_pb_column][et_pb_column type=\u00bb3_5&#8243; _builder_version=\u00bb4.17.4&#8243; _module_preset=\u00bbdefault\u00bb global_colors_info=\u00bb{}\u00bb][et_pb_text content_tablet=\u00bb<\/p>\n<p><strong><\/strong><\/p>\n<p style=%22text-align: center;%22><strong>PEONZA<\/strong><\/p>\n<p>\u00bb content_phone=\u00bb<\/p>\n<p><strong><\/strong><\/p>\n<p style=%22text-align: center;%22><strong>PEONZA<\/strong><\/p>\n<p>\u00bb content_last_edited=\u00bbon|phone\u00bb _builder_version=\u00bb4.17.4&#8243; _module_preset=\u00bbdefault\u00bb text_text_color=\u00bb#000000&#8243; text_font_size=\u00bb58px\u00bb transform_scale_tablet=\u00bb\u00bb transform_scale_phone=\u00bb\u00bb transform_scale_last_edited=\u00bbon|tablet\u00bb transform_translate_tablet=\u00bb72px|-7px\u00bb transform_translate_phone=\u00bb64px|-7px\u00bb transform_translate_last_edited=\u00bbon|tablet\u00bb transform_rotate_tablet=\u00bb\u00bb transform_rotate_phone=\u00bb\u00bb transform_rotate_last_edited=\u00bbon|tablet\u00bb transform_skew_tablet=\u00bb\u00bb transform_skew_phone=\u00bb\u00bb transform_skew_last_edited=\u00bbon|tablet\u00bb transform_origin_tablet=\u00bb\u00bb transform_origin_phone=\u00bb\u00bb transform_origin_last_edited=\u00bbon|tablet\u00bb transform_styles_last_edited=\u00bbon|tablet\u00bb custom_margin=\u00bb|||-127px||\u00bb text_font_size_tablet=\u00bb58px\u00bb text_font_size_phone=\u00bb42px\u00bb text_font_size_last_edited=\u00bbon|phone\u00bb transform_styles_tablet=\u00bb\u00bb transform_styles_phone=\u00bb\u00bb module_alignment_tablet=\u00bbcenter\u00bb module_alignment_phone=\u00bbcenter\u00bb module_alignment_last_edited=\u00bbon|tablet\u00bb global_colors_info=\u00bb{}\u00bb]<\/p>\n<p><strong><\/strong><\/p>\n<p><b>\u00a0 \u00a0 \u00a0 \u00a0 \u00a0PEONZA<\/b><\/p>\n<p>[\/et_pb_text][et_pb_text content_tablet=\u00bb<\/p>\n<p style=%22text-align: center;%22><strong><\/strong><\/p>\n<p style=%22text-align: center;%22><strong>LAS VUELTAS QUE DA LA VIDA<\/strong><\/p>\n<p>\u00bb content_phone=\u00bb<\/p>\n<p style=%22text-align: center;%22><strong><\/strong><\/p>\n<p style=%22text-align: center;%22><strong>LAS VUELTAS QUE DA LA VIDA<\/strong><\/p>\n<p>\u00bb content_last_edited=\u00bbon|phone\u00bb _builder_version=\u00bb4.17.4&#8243; _module_preset=\u00bbdefault\u00bb text_text_color=\u00bb#8E8E8E\u00bb text_font_size=\u00bb32px\u00bb text_line_height=\u00bb1.8em\u00bb transform_scale_tablet=\u00bb\u00bb transform_scale_phone=\u00bb\u00bb transform_scale_last_edited=\u00bbon|tablet\u00bb transform_translate_tablet=\u00bb151px|-10px\u00bb transform_translate_phone=\u00bb151px|-10px\u00bb transform_translate_last_edited=\u00bbon|tablet\u00bb transform_rotate_tablet=\u00bb\u00bb transform_rotate_phone=\u00bb\u00bb transform_rotate_last_edited=\u00bbon|tablet\u00bb transform_skew_tablet=\u00bb\u00bb transform_skew_phone=\u00bb\u00bb transform_skew_last_edited=\u00bbon|tablet\u00bb transform_origin_tablet=\u00bb\u00bb transform_origin_phone=\u00bb\u00bb transform_origin_last_edited=\u00bbon|tablet\u00bb transform_styles_last_edited=\u00bbon|tablet\u00bb custom_margin=\u00bb|||-295px||\u00bb text_font_size_tablet=\u00bb32px\u00bb text_font_size_phone=\u00bb24px\u00bb text_font_size_last_edited=\u00bbon|desktop\u00bb transform_styles_tablet=\u00bb\u00bb transform_styles_phone=\u00bb\u00bb global_colors_info=\u00bb{}\u00bb]<\/p>\n<p><strong>\u00a0 \u00a0 \u00a0 \u00a0 \u00a0 \u00a0 \u00a0 \u00a0 \u00a0 \u00a0 \u00a0 \u00a0 LAS VUELTAS QUE DA LA VIDA<\/strong><\/p>\n<p>[\/et_pb_text][\/et_pb_column][\/et_pb_row][et_pb_row _builder_version=\u00bb4.17.4&#8243; _module_preset=\u00bbdefault\u00bb global_colors_info=\u00bb{}\u00bb][et_pb_column type=\u00bb4_4&#8243; _builder_version=\u00bb4.17.4&#8243; _module_preset=\u00bbdefault\u00bb global_colors_info=\u00bb{}\u00bb][et_pb_text _builder_version=\u00bb4.17.4&#8243; _module_preset=\u00bbdefault\u00bb global_colors_info=\u00bb{}\u00bb]<\/p>\n<h1 style=\"text-align: center;\">\u00c1ngel Seraf\u00edn Porto Ucha | M\u00aa Raquel V\u00e1zquez Ramil<\/h1>\n<p><span class=\"EOP SCXW150617363 BCX9\" data-ccp-props=\"{&quot;201341983&quot;:0,&quot;335551550&quot;:3,&quot;335551620&quot;:3,&quot;335559739&quot;:0,&quot;335559740&quot;:240}\"><span class=\"EOP SCXW184100114 BCX9\" data-ccp-props=\"{&quot;201341983&quot;:0,&quot;335551550&quot;:3,&quot;335551620&quot;:3,&quot;335559739&quot;:0,&quot;335559740&quot;:240}\"><span data-contrast=\"auto\" xml:lang=\"ES-ES\" lang=\"ES-ES\" class=\"TextRun SCXW37953205 BCX9\"><span class=\"NormalTextRun SCXW37953205 BCX9\"><span data-contrast=\"auto\" xml:lang=\"ES-ES\" lang=\"ES-ES\" class=\"TextRun SCXW144867011 BCX9\"><span class=\"NormalTextRun SCXW144867011 BCX9\"><span class=\"EOP SCXW91137730 BCX9\" data-ccp-props=\"{&quot;335551550&quot;:3,&quot;335551620&quot;:3}\"><\/span><\/span><\/span><\/span><\/span><\/span><\/span><\/p>\n<h4 style=\"text-align: center;\">Universidad de Santiago de Compostela | Universidad de Valladolid<\/h4>\n<p><span data-contrast=\"auto\" xml:lang=\"ES-ES\" lang=\"ES-ES\" class=\"TextRun SCXW38795511 BCX9\"><span class=\"NormalTextRun SCXW38795511 BCX9\"><\/span><\/span><\/p>\n<p style=\"text-align: center;\"><span data-contrast=\"auto\"><\/span><\/p>\n<h6 style=\"text-align: center;\"><span style=\"color: #8e8e8e;\"><span data-contrast=\"none\" xml:lang=\"ES-ES\" lang=\"ES-ES\" class=\"TextRun Underlined SCXW183494506 BCX9\" style=\"color: #8e8e8e;\"><span class=\"NormalTextRun SCXW183494506 BCX9\" data-ccp-charstyle=\"Hyperlink\"><a class=\"Hyperlink SCXW183494506 BCX9\" href=\"mailto:eulalia@uvic.cat\" target=\"_blank\" rel=\"noreferrer noopener\">\u00a0angelseraf\u00edn.porto@usc.es<\/a> | mariaraquel.vazquez.@uva.es\u00a0<\/span><\/span><\/span><\/h6>\n<p>[\/et_pb_text][\/et_pb_column][\/et_pb_row][et_pb_row column_structure=\u00bb1_4,3_4&#8243; _builder_version=\u00bb4.17.4&#8243; _module_preset=\u00bbdefault\u00bb width=\u00bb100%\u00bb max_width=\u00bb2560px\u00bb global_colors_info=\u00bb{}\u00bb][et_pb_column type=\u00bb1_4&#8243; _builder_version=\u00bb4.17.4&#8243; _module_preset=\u00bbdefault\u00bb global_colors_info=\u00bb{}\u00bb][et_pb_image src=\u00bbhttps:\/\/grupo.us.es\/mujeryeducacion\/wp-content\/uploads\/2023\/05\/WhatsApp-Image-2023-05-09-at-13.04.55-7.jpeg\u00bb title_text=\u00bbWhatsApp-Image-2023-05-09-at-13.04.55-7&#8243; align_tablet=\u00bbcenter\u00bb align_phone=\u00bbcenter\u00bb align_last_edited=\u00bbon|tablet\u00bb _builder_version=\u00bb4.17.4&#8243; _module_preset=\u00bbdefault\u00bb width=\u00bb100%\u00bb max_width=\u00bb100%\u00bb max_width_tablet=\u00bb100%\u00bb max_width_phone=\u00bb89%\u00bb max_width_last_edited=\u00bbon|phone\u00bb custom_margin=\u00bb||28px|20px|false|false\u00bb global_colors_info=\u00bb{}\u00bb][\/et_pb_image][et_pb_text content_tablet=\u00bb<\/p>\n<p style=%22text-align: center;%22><strong>Pandereta. Museo Pedag\u00f3gico de la Facultad de Ciencias de la Educaci\u00f3n de la Universidad de Sevilla<\/strong><\/p>\n<p>\u00bb content_phone=\u00bb<\/p>\n<p style=%22text-align: center;%22><strong>Pandereta. Museo Pedag\u00f3gico de la Facultad de Ciencias de la Educaci\u00f3n de la Universidad de Sevilla<\/strong><\/p>\n<p>\u00bb content_last_edited=\u00bboff|desktop\u00bb _builder_version=\u00bb4.17.4&#8243; _module_preset=\u00bbdefault\u00bb custom_margin=\u00bb|||20px|false|false\u00bb global_colors_info=\u00bb{}\u00bb]<\/p>\n<p><strong>Peonza. <\/strong><strong>Museo Pedag\u00f3gico de la Universidad de Huelva<\/strong><\/p>\n<p>[\/et_pb_text][\/et_pb_column][et_pb_column type=\u00bb3_4&#8243; _builder_version=\u00bb4.17.4&#8243; _module_preset=\u00bbdefault\u00bb global_colors_info=\u00bb{}\u00bb][et_pb_text _builder_version=\u00bb4.17.4&#8243; _module_preset=\u00bbdefault\u00bb text_text_color=\u00bb#000000&#8243; text_font_size=\u00bb18px\u00bb text_line_height=\u00bb1.8em\u00bb max_width_tablet=\u00bb95%\u00bb max_width_phone=\u00bb90%\u00bb max_width_last_edited=\u00bbon|tablet\u00bb custom_margin_tablet=\u00bb|||20px|false|false\u00bb custom_margin_phone=\u00bb|||20px|false|false\u00bb custom_margin_last_edited=\u00bbon|tablet\u00bb text_font_size_tablet=\u00bb16px\u00bb text_font_size_phone=\u00bb16px\u00bb text_font_size_last_edited=\u00bbon|tablet\u00bb global_colors_info=\u00bb{}\u00bb]<\/p>\n<p><strong>Seg\u00fan Mar\u00eda Moliner, en su Diccionario de uso del espa\u00f1ol (2007), la peonza es un juguete, denominado tambi\u00e9n \u201cpe\u00f3n\u201d, particularmente el desprovisto de p\u00faa o punta de hierro, que se hace girar o bailar, azot\u00e1ndolo. En el Diccionario de autoridades (1734) aparece registrado como \u201cgaldrufa\u201d. Otras acepciones relacionadas son \u201ctanguillo\u201d (trompa que se hace bailar con un l\u00e1tigo), \u201ctrompa\u201d o \u201ctrompo\u201d, que la autora citada recoge como \u201cjuguete que consiste en un trozo de madera de forma aproximadamente c\u00f3nica, con una p\u00faa met\u00e1lica en el v\u00e9rtice; se le arrolla una cuerda en espiral [zumbel] y se lanza reteniendo el cabo de \u00e9sta, con lo que gira en el aire y sigue girando sobre su punta al soltarse de ella y llegar al suelo\u201d.<\/strong><strong><\/strong><\/p>\n<p><strong>Estamos, pues, ante una manifestaci\u00f3n del juego infantil, para ni\u00f1os y ni\u00f1as, con distintas modalidades, seg\u00fan los lugares. Tradicionalmente, a nuestro parecer, la peonza desprovista de p\u00faa es la que mejor se adapta al juego infantil femenino. Se trata de un juego funcional, sensomotor, din\u00e1mico, de precisi\u00f3n, que requiere adiestramiento psicomotor, de duraci\u00f3n variable, del que se viene ocupando ampliamente la investigaci\u00f3n etnogr\u00e1fica, la did\u00e1ctica y educativa, la ling\u00fc\u00edstica e incluso la cient\u00edfica. <\/strong><\/p>\n<p>[\/et_pb_text][\/et_pb_column][\/et_pb_row][et_pb_row column_structure=\u00bb2_3,1_3&#8243; _builder_version=\u00bb4.17.4&#8243; _module_preset=\u00bbdefault\u00bb width=\u00bb100%\u00bb max_width=\u00bb2560px\u00bb custom_padding=\u00bb41px|||||\u00bb global_colors_info=\u00bb{}\u00bb][et_pb_column type=\u00bb2_3&#8243; _builder_version=\u00bb4.17.4&#8243; _module_preset=\u00bbdefault\u00bb global_colors_info=\u00bb{}\u00bb][et_pb_text _builder_version=\u00bb4.17.4&#8243; _module_preset=\u00bbdefault\u00bb text_text_color=\u00bb#000000&#8243; text_font_size=\u00bb18px\u00bb text_line_height=\u00bb1.8em\u00bb max_width_tablet=\u00bb95%\u00bb max_width_phone=\u00bb90%\u00bb max_width_last_edited=\u00bbon|tablet\u00bb custom_margin=\u00bb|||20px|false|false\u00bb text_font_size_tablet=\u00bb16px\u00bb text_font_size_phone=\u00bb16px\u00bb text_font_size_last_edited=\u00bbon|tablet\u00bb global_colors_info=\u00bb{}\u00bb]<\/p>\n<p><strong>En su pr\u00e1ctica grupal, se trata de un juego competitivo, de reglas l\u00f3gicas y sociales. El tema aparece recogido en el refranero popular: \u201cBailar como un trompo\u201d (ser diestro en el baile); \u201cPolo San Marti\u00f1o, trompo no cami\u00f1o\u201d, por su car\u00e1cter estacional, pues se practica en oto\u00f1o (Veiga Garc\u00eda 1998: 217). Tambi\u00e9n Goya lo trata en la pintura, en el famoso cuadro \u201cMuchachos jugando a la peonza\u201d, que anuncia una nueva educaci\u00f3n de los j\u00f3venes, con la mentalidad de la Ilustraci\u00f3n.<\/strong><\/p>\n<p><strong>Si nos centramos en el contexto general del juego, desde el punto de vista hist\u00f3rico-filos\u00f3fico, ya Plat\u00f3n se ocup\u00f3 del particular; tradicionalmente se lleva citado como el primero en valorar el juego como actividad \u00fatil en los aprendizajes. As\u00ed, aparece en las Leyes; tambi\u00e9n Arist\u00f3teles abord\u00f3 la bondad del juego como elemento did\u00e1ctico. Otros autores posteriores como Kant y educadores reformistas, Comenio, Rousseau, Pestalozzi o Froebel, significaron la utilidad del juego como estrategia educativa. A partir de las primeras aproximaciones globales, se multiplicaron las teor\u00edas y los estudios; Spencer, Wundt o Groos ser\u00e1n solo los pioneros en las interpretaciones del juego. En el conjunto de la Escuela Nueva, destaca Clapar\u00e9de, ejemplificando las relaciones entre fines l\u00fadicos y fines del trabajo. Desde el punto de vista sociocultural destacan Vigotski o Elkonin, y la teor\u00eda biologicista de Piaget. Entre las distintas clasificaciones, la de Roger Caillois.<\/strong><\/p>\n<p>[\/et_pb_text][\/et_pb_column][et_pb_column type=\u00bb1_3&#8243; _builder_version=\u00bb4.17.4&#8243; _module_preset=\u00bbdefault\u00bb global_colors_info=\u00bb{}\u00bb][et_pb_image src=\u00bbhttps:\/\/grupo.us.es\/mujeryeducacion\/wp-content\/uploads\/2023\/05\/WhatsApp-Image-2023-05-09-at-13.04.55-7.jpeg\u00bb title_text=\u00bbWhatsApp-Image-2023-05-09-at-13.04.55-7&#8243; align_tablet=\u00bbcenter\u00bb align_phone=\u00bbcenter\u00bb align_last_edited=\u00bbon|tablet\u00bb _builder_version=\u00bb4.17.4&#8243; _module_preset=\u00bbdefault\u00bb global_colors_info=\u00bb{}\u00bb][\/et_pb_image][\/et_pb_column][\/et_pb_row][et_pb_row _builder_version=\u00bb4.17.4&#8243; _module_preset=\u00bbdefault\u00bb width=\u00bb90%\u00bb max_width=\u00bb2560px\u00bb custom_margin=\u00bb|||20px|false|false\u00bb global_colors_info=\u00bb{}\u00bb][et_pb_column type=\u00bb4_4&#8243; _builder_version=\u00bb4.17.4&#8243; _module_preset=\u00bbdefault\u00bb global_colors_info=\u00bb{}\u00bb][et_pb_text _builder_version=\u00bb4.17.4&#8243; _module_preset=\u00bbdefault\u00bb text_text_color=\u00bb#000000&#8243; text_font_size=\u00bb18px\u00bb text_line_height=\u00bb1.8em\u00bb max_width_tablet=\u00bb100%\u00bb max_width_phone=\u00bb100%\u00bb max_width_last_edited=\u00bbon|tablet\u00bb text_font_size_tablet=\u00bb16px\u00bb text_font_size_phone=\u00bb16px\u00bb text_font_size_last_edited=\u00bbon|tablet\u00bb global_colors_info=\u00bb{}\u00bb]<\/p>\n<p><strong>Pr\u00e1cticamente, todos los manuales nos presentan maneras distintas de jugar a la peonza, b\u00e1sicamente cuando se trata de la modalidad en grupo. En el caso de los equipos, por ejemplo, se lanza el trompo o peonza, se coge con la palma de la mano bailando, se le dan golpes al juguete sin due\u00f1o depositado en la l\u00ednea central, tratando de acercarlo a la l\u00ednea de la meta, para, finalmente, ganar la partida.<\/strong><\/p>\n<p><strong>Es uno de los juegos tradicionales m\u00e1s delimitados en el tiempo, de pr\u00e1ctica semiabandonada -de ah\u00ed la importancia de estos trabajos de recuperaci\u00f3n-, a menudo con una funci\u00f3n l\u00fadica, de competici\u00f3n, en el que el\/la m\u00e1s h\u00e1bil tirar\u00e1 m\u00e1s veces y en el que pueden establecerse secuencias. Seg\u00fan el criterio de cooptaci\u00f3n, puede practicarse en la escuela, en la aldea o en el barrio. En la escuela, por edades, es adecuado para la Educaci\u00f3n Primaria y Secundaria.<\/strong><\/p>\n<p><strong>En cuanto a materiales, tenemos constancia de peonzas elaboradas con arcilla o frutos secos en \u00e9pocas remotas; las m\u00e1s habituales fueron las de madera, especialmente maderas duras como encina, boj, haya o espino, que resist\u00edan los golpes y se pod\u00edan pintar de diferentes colores o ilustrar con peque\u00f1os dibujos. Dado el material, las peonzas sol\u00edan salir de las manos de artesanos de la madera, como ebanistas, carpinteros o fabricantes de muebles (Gimeno Malumbres 2010). En la actualidad, y aunque el juego como tal ha perdido relevancia, se fabrican peonzas de pl\u00e1stico o fibra de carbono, pero sin el significado del juego tradicional que hizo feliz a tantas generaciones de ni\u00f1os y ni\u00f1as.<\/strong><\/p>\n<p><strong>Grunfeld, en Juegos de todo el mundo (1978) hace referencia a su pr\u00e1ctica en diferentes partes del mundo. En muchos pueblos de Am\u00e9rica se le conoce como \u201ctrompo\u201d. Veiga Garc\u00eda (1998) lleva registradas distintas denominaciones en el conjunto de la Pen\u00ednsula Ib\u00e9rica: chimpa, buxaina, trompo (Galicia); baldufa (Baleares); trompa, peonza (La Rioja, Castilla y Le\u00f3n); trompes (Valencia), pe\u00f3n, peonza, sevillanas (Andaluc\u00eda); o pi\u00e3o (Portugal).<\/strong><\/p>\n<p><strong>Pero la peonza o trompo no es mero juego infantil, es la vida misma, en palabras del poeta uruguayo L\u00edber Falco:<\/strong><br \/><em>La vida es como un trompo, compa\u00f1eros.<\/em><br \/><em>La vida gira como todo gira,<\/em><br \/><em>Y tiene colores como los del cielo.<\/em><br \/><em>La vida es un juguete, compa\u00f1eros.<\/em> <\/p>\n<p>[\/et_pb_text][et_pb_text _builder_version=\u00bb4.17.4&#8243; _module_preset=\u00bbdefault\u00bb text_text_color=\u00bb#000000&#8243; text_font_size=\u00bb18px\u00bb text_line_height=\u00bb1.8em\u00bb max_width_tablet=\u00bb100%\u00bb max_width_phone=\u00bb100%\u00bb max_width_last_edited=\u00bbon|tablet\u00bb text_font_size_tablet=\u00bb16px\u00bb text_font_size_phone=\u00bb16px\u00bb text_font_size_last_edited=\u00bbon|tablet\u00bb global_colors_info=\u00bb{}\u00bb]<\/p>\n<p><strong>Referencias bibliogr\u00e1ficas<\/strong><\/p>\n<p>Gimeno Malumbres, Guillermo (2010): <em>Colecci\u00f3n de juegos infantiles: la Peonza. <\/em>Segovia: Museo del Juego.<\/p>\n<p>Jurado Soto, Juan Jos\u00e9 y Ramas Ram\u00edrez, Lu\u00eds Miguel (2017): <em>Juegos cooperativos con trompos, peonzas y perinolas, y otras actividades con el juguete que gira. <\/em>Madrid: CCS.<\/p>\n<p>Moliner, Mar\u00eda (2007): <em>Diccionario del uso del espa\u00f1ol. <\/em>Madrid: Gredos.<\/p>\n<p>Veiga Garc\u00eda, Francisco Manuel (1998): <em>Xogo popular galego e educaci\u00f3n. Vixencia educativa e funci\u00f3n de identificaci\u00f3n cultural dos xogos e enredos tradicionais<\/em>. [Tesis Doctoral, 2 vols. USC. Facultad de Ciencias de la Educaci\u00f3n. Director: \u00c1ngel Seraf\u00edn Porto Ucha].<\/p>\n<p>&nbsp;<\/p>\n<p>[\/et_pb_text][\/et_pb_column][\/et_pb_row][\/et_pb_section]<\/p>\n","protected":false},"excerpt":{"rendered":"<p>\u00a0 \u00a0 \u00a0 \u00a0 \u00a0PEONZA\u00a0 \u00a0 \u00a0 \u00a0 \u00a0 \u00a0 \u00a0 \u00a0 \u00a0 \u00a0 \u00a0 \u00a0 LAS VUELTAS QUE DA LA VIDA\u00c1ngel Seraf\u00edn Porto Ucha | M\u00aa Raquel V\u00e1zquez Ramil Universidad de Santiago de Compostela | Universidad de Valladolid \u00a0angelseraf\u00edn.porto@usc.es | mariaraquel.vazquez.@uva.es\u00a0Peonza. Museo Pedag\u00f3gico de la Universidad de HuelvaSeg\u00fan Mar\u00eda Moliner, en su Diccionario de [&hellip;]<\/p>\n","protected":false},"author":1,"featured_media":0,"parent":0,"menu_order":0,"comment_status":"closed","ping_status":"closed","template":"","meta":{"_et_pb_use_builder":"on","_et_pb_old_content":"","_et_gb_content_width":"","footnotes":""},"class_list":["post-4586","page","type-page","status-publish","hentry"],"_links":{"self":[{"href":"https:\/\/grupo.us.es\/mujeryeducacion\/wp-json\/wp\/v2\/pages\/4586","targetHints":{"allow":["GET"]}}],"collection":[{"href":"https:\/\/grupo.us.es\/mujeryeducacion\/wp-json\/wp\/v2\/pages"}],"about":[{"href":"https:\/\/grupo.us.es\/mujeryeducacion\/wp-json\/wp\/v2\/types\/page"}],"author":[{"embeddable":true,"href":"https:\/\/grupo.us.es\/mujeryeducacion\/wp-json\/wp\/v2\/users\/1"}],"replies":[{"embeddable":true,"href":"https:\/\/grupo.us.es\/mujeryeducacion\/wp-json\/wp\/v2\/comments?post=4586"}],"version-history":[{"count":5,"href":"https:\/\/grupo.us.es\/mujeryeducacion\/wp-json\/wp\/v2\/pages\/4586\/revisions"}],"predecessor-version":[{"id":5253,"href":"https:\/\/grupo.us.es\/mujeryeducacion\/wp-json\/wp\/v2\/pages\/4586\/revisions\/5253"}],"wp:attachment":[{"href":"https:\/\/grupo.us.es\/mujeryeducacion\/wp-json\/wp\/v2\/media?parent=4586"}],"curies":[{"name":"wp","href":"https:\/\/api.w.org\/{rel}","templated":true}]}}