{"id":4533,"date":"2023-07-26T13:38:38","date_gmt":"2023-07-26T13:38:38","guid":{"rendered":"https:\/\/grupo.us.es\/mujeryeducacion\/?page_id=4533"},"modified":"2023-09-07T12:11:50","modified_gmt":"2023-09-07T12:11:50","slug":"035-cama-y-silla-de-juguete","status":"publish","type":"page","link":"https:\/\/grupo.us.es\/mujeryeducacion\/035-cama-y-silla-de-juguete\/","title":{"rendered":"035. Cama y silla de juguete"},"content":{"rendered":"<p>[et_pb_section fb_built=\u00bb1&#8243; _builder_version=\u00bb4.17.4&#8243; _module_preset=\u00bbdefault\u00bb background_color=\u00bb#F6EFE7&#8243; custom_padding=\u00bb2px|||||\u00bb custom_css_main_element=\u00bbdisplay=flex;\u00bb global_colors_info=\u00bb{}\u00bb][et_pb_row _builder_version=\u00bb4.17.4&#8243; _module_preset=\u00bbdefault\u00bb width=\u00bb100%\u00bb max_width=\u00bb2560px\u00bb custom_padding=\u00bb0px|||||\u00bb global_colors_info=\u00bb{}\u00bb][et_pb_column type=\u00bb4_4&#8243; _builder_version=\u00bb4.17.4&#8243; _module_preset=\u00bbdefault\u00bb global_colors_info=\u00bb{}\u00bb][et_pb_slider _builder_version=\u00bb4.17.4&#8243; _module_preset=\u00bbdefault\u00bb global_colors_info=\u00bb{}\u00bb][et_pb_slide image=\u00bbhttps:\/\/grupo.us.es\/mujeryeducacion\/wp-content\/uploads\/2023\/05\/WhatsApp-Image-2023-05-09-at-13.04.52-1.jpeg\u00bb _builder_version=\u00bb4.17.4&#8243; _module_preset=\u00bbdefault\u00bb background_color=\u00bbRGBA(255,255,255,0)\u00bb background_enable_color=\u00bbon\u00bb background_image=\u00bbhttps:\/\/grupo.us.es\/mujeryeducacion\/wp-content\/uploads\/2023\/05\/WhatsApp-Image-2023-05-09-at-13.04.52-1.jpeg\u00bb background_enable_image=\u00bbon\u00bb global_colors_info=\u00bb{}\u00bb sticky_transition=\u00bbon\u00bb][\/et_pb_slide][\/et_pb_slider][\/et_pb_column][\/et_pb_row][et_pb_row column_structure=\u00bb2_5,3_5&#8243; make_equal=\u00bbon\u00bb _builder_version=\u00bb4.17.4&#8243; _module_preset=\u00bbdefault\u00bb width=\u00bb100%\u00bb max_width=\u00bb2560px\u00bb global_colors_info=\u00bb{}\u00bb][et_pb_column type=\u00bb2_5&#8243; _builder_version=\u00bb4.17.4&#8243; _module_preset=\u00bbdefault\u00bb global_colors_info=\u00bb{}\u00bb][et_pb_image src=\u00bbhttps:\/\/grupo.us.es\/mujeryeducacion\/wp-content\/uploads\/2023\/07\/0-Logo-Museo-Pedagogico-transparente-e1689854632950.png\u00bb title_text=\u00bb0-Logo-Museo-Pedagogico-transparente-recortado\u00bb align_tablet=\u00bb\u00bb align_phone=\u00bbcenter\u00bb align_last_edited=\u00bbon|phone\u00bb _builder_version=\u00bb4.17.4&#8243; _module_preset=\u00bbdefault\u00bb width=\u00bb50%\u00bb width_tablet=\u00bb70%\u00bb width_phone=\u00bb50%\u00bb width_last_edited=\u00bbon|tablet\u00bb hover_enabled=\u00bb0&#8243; global_colors_info=\u00bb{}\u00bb sticky_enabled=\u00bb0&#8243; module_alignment_last_edited=\u00bbon|tablet\u00bb module_alignment_tablet=\u00bbcenter\u00bb module_alignment_phone=\u00bbcenter\u00bb][\/et_pb_image][\/et_pb_column][et_pb_column type=\u00bb3_5&#8243; _builder_version=\u00bb4.17.4&#8243; _module_preset=\u00bbdefault\u00bb global_colors_info=\u00bb{}\u00bb][et_pb_text content_tablet=\u00bb<\/p>\n<p><strong><\/strong><\/p>\n<p style=%22text-align: center;%22><strong>CAMA Y SILLA DE <\/strong><\/p>\n<p style=%22text-align: center;%22><strong>JUGUETE<\/strong><\/p>\n<p>\u00bb content_phone=\u00bb<\/p>\n<p><strong><\/strong><\/p>\n<p style=%22text-align: center;%22><b>CAMA Y SILLA <\/b><\/p>\n<p style=%22text-align: center;%22><b>DE JUGUETE<\/b><\/p>\n<p>\u00bb content_last_edited=\u00bbon|phone\u00bb _builder_version=\u00bb4.17.4&#8243; _module_preset=\u00bbdefault\u00bb text_text_color=\u00bb#000000&#8243; text_font_size=\u00bb58px\u00bb transform_scale_tablet=\u00bb\u00bb transform_scale_phone=\u00bb\u00bb transform_scale_last_edited=\u00bbon|tablet\u00bb transform_translate=\u00bb-139px|0px\u00bb transform_translate_tablet=\u00bb72px|-7px\u00bb transform_translate_phone=\u00bb64px|-7px\u00bb transform_translate_last_edited=\u00bbon|tablet\u00bb transform_rotate_tablet=\u00bb\u00bb transform_rotate_phone=\u00bb\u00bb transform_rotate_last_edited=\u00bbon|tablet\u00bb transform_skew_tablet=\u00bb\u00bb transform_skew_phone=\u00bb\u00bb transform_skew_last_edited=\u00bbon|tablet\u00bb transform_origin_tablet=\u00bb\u00bb transform_origin_phone=\u00bb\u00bb transform_origin_last_edited=\u00bbon|tablet\u00bb transform_styles_last_edited=\u00bbon|tablet\u00bb custom_margin=\u00bb|||-127px||\u00bb text_font_size_tablet=\u00bb58px\u00bb text_font_size_phone=\u00bb42px\u00bb text_font_size_last_edited=\u00bbon|phone\u00bb transform_styles_tablet=\u00bb\u00bb transform_styles_phone=\u00bb\u00bb module_alignment_tablet=\u00bbcenter\u00bb module_alignment_phone=\u00bbcenter\u00bb module_alignment_last_edited=\u00bbon|tablet\u00bb global_colors_info=\u00bb{}\u00bb]<\/p>\n<p><strong><\/strong><\/p>\n<p><strong>CAMA Y SILLA DE JUGUETE<\/strong><\/p>\n<p>[\/et_pb_text][et_pb_text content_tablet=\u00bb<\/p>\n<p style=%22text-align: center;%22><strong><\/strong><\/p>\n<p style=%22text-align: center;%22><strong>CON EL HOGAR NO SE JUEGA<\/strong><\/p>\n<p>\u00bb content_phone=\u00bb<\/p>\n<p style=%22text-align: center;%22><strong><\/strong><\/p>\n<p style=%22text-align: center;%22><strong>CON EL HOGAR NO SE JUEGA<\/strong><\/p>\n<p>\u00bb content_last_edited=\u00bbon|phone\u00bb _builder_version=\u00bb4.17.4&#8243; _module_preset=\u00bbdefault\u00bb text_text_color=\u00bb#8E8E8E\u00bb text_font_size=\u00bb32px\u00bb text_line_height=\u00bb1.8em\u00bb transform_scale_tablet=\u00bb\u00bb transform_scale_phone=\u00bb\u00bb transform_scale_last_edited=\u00bbon|tablet\u00bb transform_translate_tablet=\u00bb151px|-10px\u00bb transform_translate_phone=\u00bb151px|-10px\u00bb transform_translate_last_edited=\u00bbon|tablet\u00bb transform_rotate_tablet=\u00bb\u00bb transform_rotate_phone=\u00bb\u00bb transform_rotate_last_edited=\u00bbon|tablet\u00bb transform_skew_tablet=\u00bb\u00bb transform_skew_phone=\u00bb\u00bb transform_skew_last_edited=\u00bbon|tablet\u00bb transform_origin_tablet=\u00bb\u00bb transform_origin_phone=\u00bb\u00bb transform_origin_last_edited=\u00bbon|tablet\u00bb transform_styles_last_edited=\u00bbon|tablet\u00bb custom_margin=\u00bb|||-295px||\u00bb text_font_size_tablet=\u00bb32px\u00bb text_font_size_phone=\u00bb24px\u00bb text_font_size_last_edited=\u00bbon|desktop\u00bb transform_styles_tablet=\u00bb\u00bb transform_styles_phone=\u00bb\u00bb global_colors_info=\u00bb{}\u00bb]<\/p>\n<p><strong>\u00a0 \u00a0 \u00a0 \u00a0 \u00a0 \u00a0 \u00a0 \u00a0 \u00a0 \u00a0 \u00a0 \u00a0CON EL HOGAR NO SE JUEGA<\/strong><\/p>\n<p>[\/et_pb_text][\/et_pb_column][\/et_pb_row][et_pb_row _builder_version=\u00bb4.17.4&#8243; _module_preset=\u00bbdefault\u00bb global_colors_info=\u00bb{}\u00bb][et_pb_column type=\u00bb4_4&#8243; _builder_version=\u00bb4.17.4&#8243; _module_preset=\u00bbdefault\u00bb global_colors_info=\u00bb{}\u00bb][et_pb_text _builder_version=\u00bb4.17.4&#8243; _module_preset=\u00bbdefault\u00bb global_colors_info=\u00bb{}\u00bb]<\/p>\n<h1 style=\"text-align: center;\">Mar\u00eda Jos\u00e9 Rebollo Espinosa<\/h1>\n<p><span class=\"EOP SCXW150617363 BCX9\" data-ccp-props=\"{&quot;201341983&quot;:0,&quot;335551550&quot;:3,&quot;335551620&quot;:3,&quot;335559739&quot;:0,&quot;335559740&quot;:240}\"><span class=\"EOP SCXW184100114 BCX9\" data-ccp-props=\"{&quot;201341983&quot;:0,&quot;335551550&quot;:3,&quot;335551620&quot;:3,&quot;335559739&quot;:0,&quot;335559740&quot;:240}\"><span data-contrast=\"auto\" xml:lang=\"ES-ES\" lang=\"ES-ES\" class=\"TextRun SCXW37953205 BCX9\"><span class=\"NormalTextRun SCXW37953205 BCX9\"><span data-contrast=\"auto\" xml:lang=\"ES-ES\" lang=\"ES-ES\" class=\"TextRun SCXW144867011 BCX9\"><span class=\"NormalTextRun SCXW144867011 BCX9\"><span class=\"EOP SCXW91137730 BCX9\" data-ccp-props=\"{&quot;335551550&quot;:3,&quot;335551620&quot;:3}\"><\/span><\/span><\/span><\/span><\/span><\/span><\/span><\/p>\n<h4 style=\"text-align: center;\">Universidad de Sevilla &#8211; Museo Pedag\u00f3gico de la Facultad de CC. de la Educaci\u00f3n<\/h4>\n<h6 style=\"text-align: center;\"><span style=\"color: #8e8e8e;\">mjrebo@us.es<\/span><\/h6>\n<p>[\/et_pb_text][\/et_pb_column][\/et_pb_row][et_pb_row column_structure=\u00bb1_4,3_4&#8243; _builder_version=\u00bb4.17.4&#8243; _module_preset=\u00bbdefault\u00bb width=\u00bb100%\u00bb max_width=\u00bb2560px\u00bb global_colors_info=\u00bb{}\u00bb][et_pb_column type=\u00bb1_4&#8243; _builder_version=\u00bb4.17.4&#8243; _module_preset=\u00bbdefault\u00bb global_colors_info=\u00bb{}\u00bb][et_pb_image src=\u00bbhttps:\/\/grupo.us.es\/mujeryeducacion\/wp-content\/uploads\/2023\/05\/WhatsApp-Image-2023-05-09-at-13.04.52-1.jpeg\u00bb title_text=\u00bbWhatsApp-Image-2023-05-09-at-13.04.52-1&#8243; align_tablet=\u00bbcenter\u00bb align_phone=\u00bbcenter\u00bb align_last_edited=\u00bbon|tablet\u00bb _builder_version=\u00bb4.17.4&#8243; _module_preset=\u00bbdefault\u00bb width=\u00bb100%\u00bb max_width=\u00bb100%\u00bb max_width_tablet=\u00bb100%\u00bb max_width_phone=\u00bb89%\u00bb max_width_last_edited=\u00bbon|phone\u00bb custom_margin=\u00bb||28px|20px|false|false\u00bb global_colors_info=\u00bb{}\u00bb][\/et_pb_image][et_pb_text content_tablet=\u00bb<\/p>\n<p style=%22text-align: center;%22><strong>Pandereta. Museo Pedag\u00f3gico de la Facultad de Ciencias de la Educaci\u00f3n de la Universidad de Sevilla<\/strong><\/p>\n<p>\u00bb content_phone=\u00bb<\/p>\n<p style=%22text-align: center;%22><strong>Pandereta. Museo Pedag\u00f3gico de la Facultad de Ciencias de la Educaci\u00f3n de la Universidad de Sevilla<\/strong><\/p>\n<p>\u00bb content_last_edited=\u00bboff|desktop\u00bb _builder_version=\u00bb4.17.4&#8243; _module_preset=\u00bbdefault\u00bb custom_margin=\u00bb|||20px|false|false\u00bb global_colors_info=\u00bb{}\u00bb]<\/p>\n<p><strong>Cama y silla de juguete. <\/strong><strong>Museo Pedag\u00f3gico de la Facultad de Ciencias de la Educaci\u00f3n de la Universidad de Sevilla<\/strong><\/p>\n<p>[\/et_pb_text][\/et_pb_column][et_pb_column type=\u00bb3_4&#8243; _builder_version=\u00bb4.17.4&#8243; _module_preset=\u00bbdefault\u00bb global_colors_info=\u00bb{}\u00bb][et_pb_text _builder_version=\u00bb4.17.4&#8243; _module_preset=\u00bbdefault\u00bb text_text_color=\u00bb#000000&#8243; text_font_size=\u00bb18px\u00bb text_line_height=\u00bb1.8em\u00bb max_width_tablet=\u00bb95%\u00bb max_width_phone=\u00bb90%\u00bb max_width_last_edited=\u00bbon|tablet\u00bb custom_margin_tablet=\u00bb|||20px|false|false\u00bb custom_margin_phone=\u00bb|||20px|false|false\u00bb custom_margin_last_edited=\u00bbon|tablet\u00bb text_font_size_tablet=\u00bb16px\u00bb text_font_size_phone=\u00bb16px\u00bb text_font_size_last_edited=\u00bbon|tablet\u00bb global_colors_info=\u00bb{}\u00bb]<\/p>\n<p><strong>En un principio, esta rese\u00f1a se iba a titular \u201cHogares de juguete\u201d, pero el relato de una de sus protagonistas me ha obligado a cambiar de idea para ser fiel a la verdad de la historia que nos cuentan esta cama y esta silla en miniatura.<\/strong><\/p>\n<p><strong>Creo que debo comenzar explicando que estos \u201cjuguetes\u201d fueron construidos por mi abuelo paterno hace ya casi ochenta a\u00f1os, as\u00ed que son de esos objetos que forman parten del patrimonio familiar, de esos objetos que nos unen a nuestra propia historia personal con una suerte de pegamento emocional. La disposici\u00f3n elegida para la fotograf\u00eda -la silla al lado de la cama- ha despertado en m\u00ed, por ejemplo, los ecos de las nanas aflamencadas que me cantaba mi madre por lo bajinis (\u201ca la nana, nanita, nanita, nana, que mi ni\u00f1a se duerma por sevillanas\u201d) o de los poemas que escribi\u00f3 mi padre para m\u00ed (\u201crebujoncillo de seda, cara de rosa\u2026\u201d).<\/strong><strong><\/strong><\/p>\n<p><strong>Ambas piezas han llegado a aterrizar en los estantes del Museo realizando un viaje en el tiempo y en el espacio. Como si se tratase de la cama de \u201cLa bruja novata\u201d -una pel\u00edcula cl\u00e1sica que marc\u00f3 mi infancia y que, curiosamente, tambi\u00e9n fue un fetiche en la de mi hijo mucho m\u00e1s tarde-, girando el boliche, salieron de las cari\u00f1osas y habilidosas manos de mi abuelo y volaron desde Huelva para llegar hasta aqu\u00ed, una exposici\u00f3n virtual, un lugar que \u00e9l jam\u00e1s habr\u00eda sido capaz ni de imaginar. De esta manera, la magia de los objetos hist\u00f3rico-pedag\u00f3gicos nos va a permitir ahora compartir historias, experiencias y sensibilidades.<\/strong><\/p>\n<p>[\/et_pb_text][\/et_pb_column][\/et_pb_row][et_pb_row column_structure=\u00bb2_3,1_3&#8243; _builder_version=\u00bb4.17.4&#8243; _module_preset=\u00bbdefault\u00bb width=\u00bb100%\u00bb max_width=\u00bb2560px\u00bb custom_padding=\u00bb41px|||||\u00bb global_colors_info=\u00bb{}\u00bb][et_pb_column type=\u00bb2_3&#8243; _builder_version=\u00bb4.17.4&#8243; _module_preset=\u00bbdefault\u00bb global_colors_info=\u00bb{}\u00bb][et_pb_text _builder_version=\u00bb4.17.4&#8243; _module_preset=\u00bbdefault\u00bb text_text_color=\u00bb#000000&#8243; text_font_size=\u00bb18px\u00bb text_line_height=\u00bb1.8em\u00bb max_width_tablet=\u00bb95%\u00bb max_width_phone=\u00bb90%\u00bb max_width_last_edited=\u00bbon|tablet\u00bb custom_margin=\u00bb|||20px|false|false\u00bb text_font_size_tablet=\u00bb16px\u00bb text_font_size_phone=\u00bb16px\u00bb text_font_size_last_edited=\u00bbon|tablet\u00bb global_colors_info=\u00bb{}\u00bb]<\/p>\n<p><strong>De mi abuelo poco recuerdo, porque muri\u00f3 cuando yo solo ten\u00eda tres a\u00f1os. S\u00e9 que llevo su nombre -al rev\u00e9s, ya que el capricho de la gen\u00e9tica quiso que naciera ni\u00f1a-, que se parec\u00eda al retrato de Falla que aparec\u00eda en los viejos billetes de veinte duros, que era un se\u00f1or chapado a la antigua, afiliado a la UGT, honrad\u00edsimo, muy trabajador y diestro en las actividades manuales (quiz\u00e1 de ah\u00ed las haya heredado yo misma). Su hija, mi t\u00eda Carmela, me ha contado que recuerda que, al salir de la f\u00e1brica, repasaba con ella los deberes de las Lecciones de cosas y se ayudaba del peri\u00f3dico para ense\u00f1arle a leer y a comprender el mundo (como recomendara despu\u00e9s Don Milani). Para Carmelita fueron construidos estos peque\u00f1os muebles. De hecho, son el primer regalo de Reyes que esa ni\u00f1a de postguerra recuerda haber recibido, un lujo en la \u201c\u00e9poca mala, mala\u201d de Espa\u00f1a. Pero, y de ah\u00ed el cambio de rumbo de esta rese\u00f1a, nunca pudo jugar con ellos. Su excepcionalidad, y la econom\u00eda de escasez y supervivencia del momento, los colocaron sobre la c\u00f3moda de la alcoba de sus padres, junto al quinqu\u00e9, alejados de las torpes y peligrosas manitas infantiles que pudieran romperlos. Estaba prohibido que bajaran al suelo para protagonizar horas de juego, eran \u201csolo para mirar\u201d, as\u00ed que la obediente ni\u00f1a, lo m\u00e1s que pod\u00eda hacer era subirse a una silla para alcanzar a contemplarlos con los ojos muy abiertos y el deseo de cogerlos contenido a flor de piel. Tampoco yo jugu\u00e9 con ellos, guardados en un armario para protegerlos, ni lo hizo la biznieta del carpintero, por temor asimismo a que se estropearan. Perdieron, pues, su l\u00fadica finalidad inicial, aunque ganaron la posibilidad de mantenerse vivos hasta la actualidad, gracias al empe\u00f1o conservador de mi t\u00eda, a la fuerza de la genealog\u00eda femenina y al azar que me ha nombrado directora de un Museo Pedag\u00f3gico que los ponga en valor y los interprete para las siguientes generaciones.<\/strong><\/p>\n<p>[\/et_pb_text][\/et_pb_column][et_pb_column type=\u00bb1_3&#8243; _builder_version=\u00bb4.17.4&#8243; _module_preset=\u00bbdefault\u00bb global_colors_info=\u00bb{}\u00bb][et_pb_image src=\u00bbhttps:\/\/grupo.us.es\/mujeryeducacion\/wp-content\/uploads\/2023\/05\/WhatsApp-Image-2023-05-09-at-13.04.52-1.jpeg\u00bb title_text=\u00bbWhatsApp-Image-2023-05-09-at-13.04.52-1&#8243; align_tablet=\u00bbcenter\u00bb align_phone=\u00bbcenter\u00bb align_last_edited=\u00bbon|tablet\u00bb _builder_version=\u00bb4.17.4&#8243; _module_preset=\u00bbdefault\u00bb global_colors_info=\u00bb{}\u00bb][\/et_pb_image][\/et_pb_column][\/et_pb_row][et_pb_row _builder_version=\u00bb4.17.4&#8243; _module_preset=\u00bbdefault\u00bb width=\u00bb90%\u00bb max_width=\u00bb2560px\u00bb custom_margin=\u00bb|||20px|false|false\u00bb global_colors_info=\u00bb{}\u00bb][et_pb_column type=\u00bb4_4&#8243; _builder_version=\u00bb4.17.4&#8243; _module_preset=\u00bbdefault\u00bb global_colors_info=\u00bb{}\u00bb][et_pb_text _builder_version=\u00bb4.17.4&#8243; _module_preset=\u00bbdefault\u00bb text_text_color=\u00bb#000000&#8243; text_font_size=\u00bb18px\u00bb text_line_height=\u00bb1.8em\u00bb max_width_tablet=\u00bb100%\u00bb max_width_phone=\u00bb100%\u00bb max_width_last_edited=\u00bbon|tablet\u00bb text_font_size_tablet=\u00bb16px\u00bb text_font_size_phone=\u00bb16px\u00bb text_font_size_last_edited=\u00bbon|tablet\u00bb global_colors_info=\u00bb{}\u00bb]<\/p>\n<p><strong>A pesar de que no sea as\u00ed en este caso particular, estos mueblecitos conformaban a menudo el ajuar de las casas de mu\u00f1ecas, un juguete de ni\u00f1as ricas que, por el Sur no se estilaba mucho. Lo que s\u00ed hac\u00edamos todas de peque\u00f1as era jugar a las casitas, reproduciendo las futuras tareas de las futuras amas de casa, o, como dir\u00edan los modernos didactas, aprendiendo mediante role playing. Yo casi siempre prefer\u00eda jugar a indios y vaqueros con mis vecinos, pero ello no elimin\u00f3 de mi universo de diversi\u00f3n y aprendizaje a las mu\u00f1ecas o las bater\u00edas de cocina de lata y las minivajillas de porcelana. Todos estos juegos me iban preparando casi inconscientemente para una vida real en la que los mandatos de g\u00e9nero me hab\u00edan reservado el papel de esposa y madre que he acabado desempe\u00f1ando (y muchos m\u00e1s, afortunadamente, a\u00fan a costa de multiplicar jornadas). Mar\u00eda Montessori, conocedora de la permeabilidad del per\u00edodo sensible de la infancia para este tipo de aprendizajes, dise\u00f1\u00f3 en su propuesta pedag\u00f3gica un rinc\u00f3n de vida pr\u00e1ctica en sus aulas, en el que ni\u00f1os y ni\u00f1as juegan a desarrollar actividades esenciales en un hogar: cuidado de beb\u00e9s, limpieza, comida, lavado de la ropa, planchado, etc., trasladando la casa a la escuela. La Secci\u00f3n Femenina del Movimiento, \u00f3rgano rector de las ense\u00f1anzas femeninas durante el franquismo, mont\u00f3 igualmente Escuelas del Hogar: Econom\u00eda Dom\u00e9stica, Crianza, Corte y Confecci\u00f3n eran algunas de las asignaturas programadas para entrenar a las muchachas en \u201csus labores\u201d cuando ya no se trataba de un juego.<\/strong><\/p>\n<p><strong>Camitas para acostar mu\u00f1ecos, ropita cosida (o pegada) a su medida, tacitas para tomar un t\u00e9 de mentira, ollitas en miniatura para cocinar manjares imaginarios\u2026 hogares de juguete que fueron instrumentos para la construcci\u00f3n de nuestra identidad femenina. Al menos en parte, porque las influencias educadoras ejercidas por una sociedad patriarcal son infinitas y, adem\u00e1s, el nivel de calado var\u00eda sustancialmente de unas mujeres a otras. Sin ir m\u00e1s lejos, mi t\u00eda, que como dije, no pudo jugar con estas piezas sino tan solo contemplarlas y desearlas o so\u00f1ar con ellas, ha sido toda su vida una perfecta ama de casa; y yo, que s\u00ed cont\u00e9 con muchos m\u00e1s juguetes de esta \u00edndole, me he rebelado contra ese esquema tradicional y procuro dedicarme a otras cosas, mientras que a las tareas dom\u00e9sticas les dedico el tiempo y esfuerzo m\u00ednimos, aunque s\u00ed que me marc\u00f3 la impronta que hace resonar en nuestras cabezas la m\u00e1xima de que \u201ccon el hogar no se juega\u201d.<\/strong><\/p>\n<p><strong>PS: Confieso que justamente hacer las camas es una obligaci\u00f3n que cumplo a rega\u00f1adientes (que lleva aparejados los valores de orden y disciplina, en los que he flaqueado a menudo) y que no he sabido transmitir a mi hijo.<\/strong><\/p>\n<p>[\/et_pb_text][\/et_pb_column][\/et_pb_row][\/et_pb_section]<\/p>\n","protected":false},"excerpt":{"rendered":"<p>CAMA Y SILLA DE JUGUETE\u00a0 \u00a0 \u00a0 \u00a0 \u00a0 \u00a0 \u00a0 \u00a0 \u00a0 \u00a0 \u00a0 \u00a0CON EL HOGAR NO SE JUEGAMar\u00eda Jos\u00e9 Rebollo Espinosa Universidad de Sevilla &#8211; Museo Pedag\u00f3gico de la Facultad de CC. de la Educaci\u00f3n mjrebo@us.esCama y silla de juguete. Museo Pedag\u00f3gico de la Facultad de Ciencias de la Educaci\u00f3n de la [&hellip;]<\/p>\n","protected":false},"author":1,"featured_media":0,"parent":0,"menu_order":0,"comment_status":"closed","ping_status":"closed","template":"","meta":{"_et_pb_use_builder":"on","_et_pb_old_content":"","_et_gb_content_width":"","footnotes":""},"class_list":["post-4533","page","type-page","status-publish","hentry"],"_links":{"self":[{"href":"https:\/\/grupo.us.es\/mujeryeducacion\/wp-json\/wp\/v2\/pages\/4533","targetHints":{"allow":["GET"]}}],"collection":[{"href":"https:\/\/grupo.us.es\/mujeryeducacion\/wp-json\/wp\/v2\/pages"}],"about":[{"href":"https:\/\/grupo.us.es\/mujeryeducacion\/wp-json\/wp\/v2\/types\/page"}],"author":[{"embeddable":true,"href":"https:\/\/grupo.us.es\/mujeryeducacion\/wp-json\/wp\/v2\/users\/1"}],"replies":[{"embeddable":true,"href":"https:\/\/grupo.us.es\/mujeryeducacion\/wp-json\/wp\/v2\/comments?post=4533"}],"version-history":[{"count":6,"href":"https:\/\/grupo.us.es\/mujeryeducacion\/wp-json\/wp\/v2\/pages\/4533\/revisions"}],"predecessor-version":[{"id":5241,"href":"https:\/\/grupo.us.es\/mujeryeducacion\/wp-json\/wp\/v2\/pages\/4533\/revisions\/5241"}],"wp:attachment":[{"href":"https:\/\/grupo.us.es\/mujeryeducacion\/wp-json\/wp\/v2\/media?parent=4533"}],"curies":[{"name":"wp","href":"https:\/\/api.w.org\/{rel}","templated":true}]}}