{"id":4518,"date":"2023-07-26T13:05:33","date_gmt":"2023-07-26T13:05:33","guid":{"rendered":"https:\/\/grupo.us.es\/mujeryeducacion\/?page_id=4518"},"modified":"2023-09-07T12:08:00","modified_gmt":"2023-09-07T12:08:00","slug":"032-vajilla-infantil","status":"publish","type":"page","link":"https:\/\/grupo.us.es\/mujeryeducacion\/032-vajilla-infantil\/","title":{"rendered":"032. Vajilla infantil"},"content":{"rendered":"<p>[et_pb_section fb_built=\u00bb1&#8243; _builder_version=\u00bb4.17.4&#8243; _module_preset=\u00bbdefault\u00bb background_color=\u00bb#F6EFE7&#8243; custom_padding=\u00bb2px|||||\u00bb custom_css_main_element=\u00bbdisplay=flex;\u00bb global_colors_info=\u00bb{}\u00bb][et_pb_row _builder_version=\u00bb4.17.4&#8243; _module_preset=\u00bbdefault\u00bb width=\u00bb100%\u00bb max_width=\u00bb2560px\u00bb custom_padding=\u00bb0px|||||\u00bb global_colors_info=\u00bb{}\u00bb][et_pb_column type=\u00bb4_4&#8243; _builder_version=\u00bb4.17.4&#8243; _module_preset=\u00bbdefault\u00bb global_colors_info=\u00bb{}\u00bb][et_pb_slider _builder_version=\u00bb4.17.4&#8243; _module_preset=\u00bbdefault\u00bb global_colors_info=\u00bb{}\u00bb][et_pb_slide image=\u00bbhttps:\/\/grupo.us.es\/mujeryeducacion\/wp-content\/uploads\/2023\/05\/Vajilla1.jpg\u00bb _builder_version=\u00bb4.17.4&#8243; _module_preset=\u00bbdefault\u00bb background_color=\u00bbRGBA(255,255,255,0)\u00bb background_enable_color=\u00bbon\u00bb background_image=\u00bbhttps:\/\/grupo.us.es\/mujeryeducacion\/wp-content\/uploads\/2023\/05\/Vajilla1.jpg\u00bb background_enable_image=\u00bbon\u00bb global_colors_info=\u00bb{}\u00bb sticky_transition=\u00bbon\u00bb][\/et_pb_slide][\/et_pb_slider][\/et_pb_column][\/et_pb_row][et_pb_row column_structure=\u00bb2_5,3_5&#8243; make_equal=\u00bbon\u00bb _builder_version=\u00bb4.17.4&#8243; _module_preset=\u00bbdefault\u00bb width=\u00bb100%\u00bb max_width=\u00bb2560px\u00bb global_colors_info=\u00bb{}\u00bb][et_pb_column type=\u00bb2_5&#8243; _builder_version=\u00bb4.17.4&#8243; _module_preset=\u00bbdefault\u00bb global_colors_info=\u00bb{}\u00bb][et_pb_image src=\u00bbhttps:\/\/grupo.us.es\/mujeryeducacion\/wp-content\/uploads\/2023\/07\/0-Logo-Museo-Pedagogico-transparente-e1689854632950.png\u00bb title_text=\u00bb0-Logo-Museo-Pedagogico-transparente-recortado\u00bb align_tablet=\u00bb\u00bb align_phone=\u00bbcenter\u00bb align_last_edited=\u00bbon|phone\u00bb _builder_version=\u00bb4.17.4&#8243; _module_preset=\u00bbdefault\u00bb width=\u00bb50%\u00bb width_tablet=\u00bb70%\u00bb width_phone=\u00bb50%\u00bb width_last_edited=\u00bbon|tablet\u00bb hover_enabled=\u00bb0&#8243; global_colors_info=\u00bb{}\u00bb sticky_enabled=\u00bb0&#8243; module_alignment_last_edited=\u00bbon|tablet\u00bb module_alignment_tablet=\u00bbcenter\u00bb module_alignment_phone=\u00bbcenter\u00bb][\/et_pb_image][\/et_pb_column][et_pb_column type=\u00bb3_5&#8243; _builder_version=\u00bb4.17.4&#8243; _module_preset=\u00bbdefault\u00bb global_colors_info=\u00bb{}\u00bb][et_pb_text content_tablet=\u00bb<\/p>\n<p><strong><\/strong><\/p>\n<p style=%22text-align: center;%22><strong>VAJILLA INFANTIL<\/strong><\/p>\n<p>\u00bb content_phone=\u00bb<\/p>\n<p><strong><\/strong><\/p>\n<p style=%22text-align: center;%22><strong>VAJILLA INFANTIL<\/strong><\/p>\n<p>\u00bb content_last_edited=\u00bbon|phone\u00bb _builder_version=\u00bb4.17.4&#8243; _module_preset=\u00bbdefault\u00bb text_text_color=\u00bb#000000&#8243; text_font_size=\u00bb58px\u00bb transform_scale_tablet=\u00bb\u00bb transform_scale_phone=\u00bb\u00bb transform_scale_last_edited=\u00bbon|tablet\u00bb transform_translate_tablet=\u00bb72px|-7px\u00bb transform_translate_phone=\u00bb64px|-7px\u00bb transform_translate_last_edited=\u00bbon|tablet\u00bb transform_rotate_tablet=\u00bb\u00bb transform_rotate_phone=\u00bb\u00bb transform_rotate_last_edited=\u00bbon|tablet\u00bb transform_skew_tablet=\u00bb\u00bb transform_skew_phone=\u00bb\u00bb transform_skew_last_edited=\u00bbon|tablet\u00bb transform_origin_tablet=\u00bb\u00bb transform_origin_phone=\u00bb\u00bb transform_origin_last_edited=\u00bbon|tablet\u00bb transform_styles_last_edited=\u00bbon|tablet\u00bb custom_margin=\u00bb|||-127px||\u00bb text_font_size_tablet=\u00bb58px\u00bb text_font_size_phone=\u00bb42px\u00bb text_font_size_last_edited=\u00bbon|phone\u00bb transform_styles_tablet=\u00bb\u00bb transform_styles_phone=\u00bb\u00bb module_alignment_tablet=\u00bbcenter\u00bb module_alignment_phone=\u00bbcenter\u00bb module_alignment_last_edited=\u00bbon|tablet\u00bb global_colors_info=\u00bb{}\u00bb]<\/p>\n<p><strong><\/strong><\/p>\n<p><strong>VAJILLA INFANTIL<\/strong><\/p>\n<p>[\/et_pb_text][et_pb_text content_tablet=\u00bb<\/p>\n<p style=%22text-align: center;%22><strong><\/strong><\/p>\n<p style=%22text-align: center;%22><strong>EL TESORO<\/strong><\/p>\n<p>\u00bb content_phone=\u00bb<\/p>\n<p style=%22text-align: center;%22><strong><\/strong><\/p>\n<p style=%22text-align: center;%22><strong>EL TESORO<\/strong><\/p>\n<p>\u00bb content_last_edited=\u00bbon|phone\u00bb _builder_version=\u00bb4.17.4&#8243; _module_preset=\u00bbdefault\u00bb text_text_color=\u00bb#8E8E8E\u00bb text_font_size=\u00bb32px\u00bb text_line_height=\u00bb1.8em\u00bb transform_scale_tablet=\u00bb\u00bb transform_scale_phone=\u00bb\u00bb transform_scale_last_edited=\u00bbon|tablet\u00bb transform_translate_tablet=\u00bb151px|-10px\u00bb transform_translate_phone=\u00bb151px|-10px\u00bb transform_translate_last_edited=\u00bbon|tablet\u00bb transform_rotate_tablet=\u00bb\u00bb transform_rotate_phone=\u00bb\u00bb transform_rotate_last_edited=\u00bbon|tablet\u00bb transform_skew_tablet=\u00bb\u00bb transform_skew_phone=\u00bb\u00bb transform_skew_last_edited=\u00bbon|tablet\u00bb transform_origin_tablet=\u00bb\u00bb transform_origin_phone=\u00bb\u00bb transform_origin_last_edited=\u00bbon|tablet\u00bb transform_styles_last_edited=\u00bbon|tablet\u00bb custom_margin=\u00bb|||-295px||\u00bb text_font_size_tablet=\u00bb32px\u00bb text_font_size_phone=\u00bb24px\u00bb text_font_size_last_edited=\u00bbon|desktop\u00bb transform_styles_tablet=\u00bb\u00bb transform_styles_phone=\u00bb\u00bb global_colors_info=\u00bb{}\u00bb]<\/p>\n<p><strong>\u00a0 \u00a0 \u00a0 \u00a0 \u00a0 \u00a0 \u00a0 \u00a0 \u00a0 \u00a0 \u00a0 \u00a0 \u00a0 \u00a0 \u00a0 \u00a0 \u00a0 \u00a0 \u00a0 \u00a0EL TESORO<\/strong><\/p>\n<p>[\/et_pb_text][\/et_pb_column][\/et_pb_row][et_pb_row _builder_version=\u00bb4.17.4&#8243; _module_preset=\u00bbdefault\u00bb global_colors_info=\u00bb{}\u00bb][et_pb_column type=\u00bb4_4&#8243; _builder_version=\u00bb4.17.4&#8243; _module_preset=\u00bbdefault\u00bb global_colors_info=\u00bb{}\u00bb][et_pb_text _builder_version=\u00bb4.17.4&#8243; _module_preset=\u00bbdefault\u00bb global_colors_info=\u00bb{}\u00bb]<\/p>\n<h1 style=\"text-align: center;\">Luis Medina Ram\u00edrez<\/h1>\n<p><span class=\"EOP SCXW150617363 BCX9\" data-ccp-props=\"{&quot;201341983&quot;:0,&quot;335551550&quot;:3,&quot;335551620&quot;:3,&quot;335559739&quot;:0,&quot;335559740&quot;:240}\"><span class=\"EOP SCXW184100114 BCX9\" data-ccp-props=\"{&quot;201341983&quot;:0,&quot;335551550&quot;:3,&quot;335551620&quot;:3,&quot;335559739&quot;:0,&quot;335559740&quot;:240}\"><span data-contrast=\"auto\" xml:lang=\"ES-ES\" lang=\"ES-ES\" class=\"TextRun SCXW37953205 BCX9\"><span class=\"NormalTextRun SCXW37953205 BCX9\"><span data-contrast=\"auto\" xml:lang=\"ES-ES\" lang=\"ES-ES\" class=\"TextRun SCXW144867011 BCX9\"><span class=\"NormalTextRun SCXW144867011 BCX9\"><span class=\"EOP SCXW91137730 BCX9\" data-ccp-props=\"{&quot;335551550&quot;:3,&quot;335551620&quot;:3}\"><\/span><\/span><\/span><\/span><\/span><\/span><\/span><\/p>\n<h4 style=\"text-align: center;\">Maestro jubilado<\/h4>\n<p><span data-contrast=\"auto\" xml:lang=\"ES-ES\" lang=\"ES-ES\" class=\"TextRun SCXW38795511 BCX9\"><span class=\"NormalTextRun SCXW38795511 BCX9\"><\/span><\/span><\/p>\n<p style=\"text-align: center;\"><span data-contrast=\"auto\"><\/span><\/p>\n<h6 style=\"text-align: center;\"><span style=\"color: #8e8e8e;\"><span data-contrast=\"none\" xml:lang=\"ES-ES\" lang=\"ES-ES\" class=\"TextRun Underlined SCXW183494506 BCX9\" style=\"color: #8e8e8e;\"><span class=\"NormalTextRun SCXW183494506 BCX9\" data-ccp-charstyle=\"Hyperlink\"><a class=\"Hyperlink SCXW183494506 BCX9\" href=\"mailto:eulalia@uvic.cat\" target=\"_blank\" rel=\"noreferrer noopener\">luismedram@gmail.com<\/a><\/span><\/span><\/span><\/h6>\n<p>[\/et_pb_text][\/et_pb_column][\/et_pb_row][et_pb_row column_structure=\u00bb1_4,3_4&#8243; _builder_version=\u00bb4.17.4&#8243; _module_preset=\u00bbdefault\u00bb width=\u00bb100%\u00bb max_width=\u00bb2560px\u00bb global_colors_info=\u00bb{}\u00bb][et_pb_column type=\u00bb1_4&#8243; _builder_version=\u00bb4.17.4&#8243; _module_preset=\u00bbdefault\u00bb global_colors_info=\u00bb{}\u00bb][et_pb_image src=\u00bbhttps:\/\/grupo.us.es\/mujeryeducacion\/wp-content\/uploads\/2023\/05\/Vajilla1.jpg\u00bb title_text=\u00bbVajilla1&#8243; align_tablet=\u00bbcenter\u00bb align_phone=\u00bbcenter\u00bb align_last_edited=\u00bbon|tablet\u00bb _builder_version=\u00bb4.17.4&#8243; _module_preset=\u00bbdefault\u00bb width=\u00bb100%\u00bb max_width=\u00bb100%\u00bb max_width_tablet=\u00bb100%\u00bb max_width_phone=\u00bb89%\u00bb max_width_last_edited=\u00bbon|phone\u00bb custom_margin=\u00bb||28px|20px|false|false\u00bb global_colors_info=\u00bb{}\u00bb][\/et_pb_image][et_pb_text content_tablet=\u00bb<\/p>\n<p style=%22text-align: center;%22><strong>Pandereta. Museo Pedag\u00f3gico de la Facultad de Ciencias de la Educaci\u00f3n de la Universidad de Sevilla<\/strong><\/p>\n<p>\u00bb content_phone=\u00bb<\/p>\n<p style=%22text-align: center;%22><strong>Pandereta. Museo Pedag\u00f3gico de la Facultad de Ciencias de la Educaci\u00f3n de la Universidad de Sevilla<\/strong><\/p>\n<p>\u00bb content_last_edited=\u00bboff|desktop\u00bb _builder_version=\u00bb4.17.4&#8243; _module_preset=\u00bbdefault\u00bb custom_margin=\u00bb|||20px|false|false\u00bb global_colors_info=\u00bb{}\u00bb]<\/p>\n<p><strong>Vajilla infantil. <\/strong><strong>Museo Pedag\u00f3gico de la Facultad de Ciencias de la Educaci\u00f3n de la Universidad de Sevilla<\/strong><\/p>\n<p>[\/et_pb_text][\/et_pb_column][et_pb_column type=\u00bb3_4&#8243; _builder_version=\u00bb4.17.4&#8243; _module_preset=\u00bbdefault\u00bb global_colors_info=\u00bb{}\u00bb][et_pb_text _builder_version=\u00bb4.17.4&#8243; _module_preset=\u00bbdefault\u00bb text_text_color=\u00bb#000000&#8243; text_font_size=\u00bb18px\u00bb text_line_height=\u00bb1.8em\u00bb max_width_tablet=\u00bb95%\u00bb max_width_phone=\u00bb90%\u00bb max_width_last_edited=\u00bbon|tablet\u00bb custom_margin_tablet=\u00bb|||20px|false|false\u00bb custom_margin_phone=\u00bb|||20px|false|false\u00bb custom_margin_last_edited=\u00bbon|tablet\u00bb text_font_size_tablet=\u00bb16px\u00bb text_font_size_phone=\u00bb16px\u00bb text_font_size_last_edited=\u00bbon|tablet\u00bb global_colors_info=\u00bb{}\u00bb]<\/p>\n<p><strong>Un d\u00eda cuando ten\u00eda unos cinco a\u00f1os me encontr\u00e9 un tesoro. Estaba, como es normal, escondido; pero yo lo hall\u00e9, lo recog\u00ed, lo llev\u00e9 a mi casa y me lo qued\u00e9 .<\/strong><\/p>\n<p><strong>Pas\u00e9 mi primera infancia a comienzos de los a\u00f1os sesenta en mi pueblo natal. All\u00ed crec\u00ed rodeado de casi toda mi familia paterna y de parte de mi familia materna. Ten\u00eda muchos, muchos primos y primas de todas las edades, algunos ten\u00edan la edad de mis padres ya con hijos que fueron tambi\u00e9n mis compa\u00f1eros de juegos. Seg\u00fan mis recuerdos gran parte de esa primera etapa de mi vida la pas\u00e9 jugando y jugando con ellos en los m\u00e1s diversos escenarios de nuestro \u00e1mbito familiar (patios, solanas, azoteas, pajares, corrales, campos pr\u00f3ximos\u2026).<\/strong><strong><\/strong><\/p>\n<p><strong>Mis primos m\u00e1s \u00edntimos eran y son mis cinco primas y primo maternos. Con edades cercanas, Piedad, Paco y Juani, mi hermano y yo form\u00e1bamos un quinteto inseparable. Nuestras madres le hab\u00edan adjudicado a Piedad el rol de cuidadora del grupo. Aunque ella era tambi\u00e9n una ni\u00f1a, por ser la mayor, se ocupaba de velar por los otros cuatro. <\/strong><\/p>\n<p>[\/et_pb_text][\/et_pb_column][\/et_pb_row][et_pb_row column_structure=\u00bb2_3,1_3&#8243; _builder_version=\u00bb4.17.4&#8243; _module_preset=\u00bbdefault\u00bb width=\u00bb100%\u00bb max_width=\u00bb2560px\u00bb custom_padding=\u00bb41px|||||\u00bb global_colors_info=\u00bb{}\u00bb][et_pb_column type=\u00bb2_3&#8243; _builder_version=\u00bb4.17.4&#8243; _module_preset=\u00bbdefault\u00bb global_colors_info=\u00bb{}\u00bb][et_pb_text _builder_version=\u00bb4.17.4&#8243; _module_preset=\u00bbdefault\u00bb text_text_color=\u00bb#000000&#8243; text_font_size=\u00bb18px\u00bb text_line_height=\u00bb1.8em\u00bb max_width_tablet=\u00bb95%\u00bb max_width_phone=\u00bb90%\u00bb max_width_last_edited=\u00bbon|tablet\u00bb custom_margin=\u00bb|||20px|false|false\u00bb text_font_size_tablet=\u00bb16px\u00bb text_font_size_phone=\u00bb16px\u00bb text_font_size_last_edited=\u00bbon|tablet\u00bb global_colors_info=\u00bb{}\u00bb]<\/p>\n<p><strong>Piedad era nuestra cuidadora, pero tambi\u00e9n la dinamizadora de nuestros juegos. Afectuosa, imaginativa y siempre llena de alegr\u00eda nos pon\u00eda a jugar a todos los juegos reglados de moda en la \u00e9poca (la rayuela, el clavo, las cuatro esquinas, el escondite, el pilla-pilla, las tinieblas de la noche\u2026) y a juegos de rol (indios y vaqueros, polic\u00edas y ladrones, los m\u00e9dicos, las casitas\u2026). Explor\u00e1bamos los alrededores, \u00edbamos a la rambla, a las balsas, busc\u00e1bamos renacuajos, com\u00edamos zarzamoras, tir\u00e1bamos piedras\u2026 En los d\u00edas fr\u00edos mi prima Piedad nos hac\u00eda palomitas (rosetas les llam\u00e1bamos en mi pueblo) o tortas de az\u00facar y almendras; jug\u00e1bamos a la oca, al parch\u00eds, a los cromos; compon\u00edamos recortables; vest\u00edamos mu\u00f1ecas; nos contaba cuentos\u2026<\/strong><\/p>\n<p><strong>La mayor\u00eda de esos juegos eran juegos sin juguetes, en aquellos tiempos los ni\u00f1os y ni\u00f1as ten\u00edamos muy pocos. No recuerdo que ninguna tienda, de las pocas que hab\u00eda en mi pueblo vendiera nada m\u00e1s all\u00e1 de alguna pelota, recortables, plastilina\u2026 <\/strong><\/p>\n<p>[\/et_pb_text][\/et_pb_column][et_pb_column type=\u00bb1_3&#8243; _builder_version=\u00bb4.17.4&#8243; _module_preset=\u00bbdefault\u00bb global_colors_info=\u00bb{}\u00bb][et_pb_image src=\u00bbhttps:\/\/grupo.us.es\/mujeryeducacion\/wp-content\/uploads\/2023\/05\/Vajilla1.jpg\u00bb title_text=\u00bbVajilla1&#8243; align_tablet=\u00bbcenter\u00bb align_phone=\u00bbcenter\u00bb align_last_edited=\u00bbon|tablet\u00bb _builder_version=\u00bb4.17.4&#8243; _module_preset=\u00bbdefault\u00bb global_colors_info=\u00bb{}\u00bb][\/et_pb_image][\/et_pb_column][\/et_pb_row][et_pb_row _builder_version=\u00bb4.17.4&#8243; _module_preset=\u00bbdefault\u00bb width=\u00bb90%\u00bb max_width=\u00bb2560px\u00bb custom_margin=\u00bb|||20px|false|false\u00bb global_colors_info=\u00bb{}\u00bb][et_pb_column type=\u00bb4_4&#8243; _builder_version=\u00bb4.17.4&#8243; _module_preset=\u00bbdefault\u00bb global_colors_info=\u00bb{}\u00bb][et_pb_text _builder_version=\u00bb4.17.4&#8243; _module_preset=\u00bbdefault\u00bb text_text_color=\u00bb#000000&#8243; text_font_size=\u00bb18px\u00bb text_line_height=\u00bb1.8em\u00bb max_width_tablet=\u00bb100%\u00bb max_width_phone=\u00bb100%\u00bb max_width_last_edited=\u00bbon|tablet\u00bb text_font_size_tablet=\u00bb16px\u00bb text_font_size_phone=\u00bb16px\u00bb text_font_size_last_edited=\u00bbon|tablet\u00bb global_colors_info=\u00bb{}\u00bb]<\/p>\n<p><strong>Cuando llegaban las fiestas ven\u00eda alguna t\u00f3mbola y casetas que exhib\u00edan y vend\u00edan juguetes en abundancia (mu\u00f1ecas, pistolas, c\u00e1maras de fotos\u2026) todo muy atractivo para los ojos de un ni\u00f1o, pero de p\u00e9sima calidad. El ambiente festivo favorec\u00eda la condescendencia de nuestros padres o familiares que ante nuestra insistencia acababan compr\u00e1ndonos alguno de aquellos trastos que en pocos d\u00edas dejaban de funcionar o se romp\u00edan. Cuando iba con mi familia a la capital comarcal o a la capital provincial ve\u00eda otros juguetes de gama m\u00e1s alta que yo reclamaba sin ning\u00fan \u00e9xito. Solo el d\u00eda de Reyes, alguna fecha especial o la visita de alg\u00fan familiar o amigo de la familia pod\u00eda depararte un juego algo singular.<\/strong><\/p>\n<p><strong>En mi casa hab\u00eda una habitaci\u00f3n para jugar. Se trataba de una alacena con acceso desde la cocina hecha aprovechando el hueco de la escalera. All\u00ed me recuerdo jugando solo durante largas sesiones. Seguramente era el lugar ideal que mi madre hab\u00eda encontrado para tenerme entretenido y seguro mientras mi hermano estaba en la escuela y ella se ocupaba de las mil tareas del hogar. El ajuar de la habitaci\u00f3n no era nada exiguo, d\u00eda a d\u00eda yo acarreaba hasta all\u00ed cajas de cart\u00f3n, latas, palos, piedras, chapas\u2026para poder montar altares, casitas, procesiones, tiendas\u2026<\/strong><\/p>\n<p><strong>Adem\u00e1s de estos ratos de juego con mis primas y primos y de mis juegos en soledad tambi\u00e9n me recuerdo jugando con las pandillas de ni\u00f1os y ni\u00f1as de mi barriada en descampados, ramblas, en el parque infantil, en el campo de f\u00fatbol, en el pinar\u2026<\/strong><\/p>\n<p><strong>Creo que yo ten\u00eda claro que hab\u00eda juguetes para ni\u00f1os y juguetes para ni\u00f1as, pero en aquellos juegos utiliz\u00e1bamos indistintamente las mu\u00f1ecas, pelotas, cacharritos de cocina, herramientas, indios y vaqueros de pl\u00e1stico\u2026 lo que es seguro es que m\u00e1s de una vez o\u00ed eso de \u201cno juegues con eso que es de ni\u00f1as\u201d. Yo me sent\u00eda atra\u00eddo por esos juguetes \u201cde ni\u00f1a\u201d especialmente por los objetos dom\u00e9sticos en miniatura que eran el grueso de los juguetes que ten\u00edan las ni\u00f1as de mi entorno. Y aunque era muy insistente solo recuerdo tener alguno de esos juguetitos sueltos que no s\u00e9 muy bien c\u00f3mo hab\u00eda conseguido hacerme con ellos.<\/strong><\/p>\n<p><strong>Naturalmente aquel d\u00eda que encontr\u00e9 bajo un puentecito de la carretera una vajilla entera de juguete en dos cajas de cart\u00f3n me qued\u00e9 estupefacto. \u00a1Era un tesoro, un verdadero tesoro! Platos hondos y llanos, tazas, cafetera, tetera, azucarero\u2026 todo el conjunto de pasta blanca con tapas y motivos decorativos florales rojos. Mi excitaci\u00f3n era inmensa: por fin podr\u00eda tener esos juguetes de ni\u00f1a que nadie me iba a regalar. Durante d\u00edas, no s\u00e9 cu\u00e1ntos, disfrut\u00e9 en mi cuarto de juegos de aquellas maravillas que ahora me pertenec\u00edan por ser el art\u00edfice del hallazgo.<\/strong><\/p>\n<p><strong>No es cuestionable que muchos tesoros tienen su maldici\u00f3n y ese la ten\u00eda: un d\u00eda mi madre me dijo que ya sab\u00eda qui\u00e9n era la verdadera due\u00f1a del tesoro. Se trataba de mi vecina Sof\u00eda, una ni\u00f1a de mi edad. As\u00ed que, con mucha resistencia eso s\u00ed, tuve que devolver todas mis joyas dom\u00e9sticas a Sof\u00eda.<\/strong><\/p>\n<p><strong>Yo la ve\u00eda a diario en el patio de su casa sirviendo el caf\u00e9 a sus mu\u00f1ecas, cocinando, poniendo la mesa, a veces sola, a veces con su hermana peque\u00f1a e incluso con su madre\u2026 y yo a\u00f1oraba mi tesoro.<\/strong><\/p>\n<p>[\/et_pb_text][\/et_pb_column][\/et_pb_row][\/et_pb_section]<\/p>\n","protected":false},"excerpt":{"rendered":"<p>VAJILLA INFANTIL\u00a0 \u00a0 \u00a0 \u00a0 \u00a0 \u00a0 \u00a0 \u00a0 \u00a0 \u00a0 \u00a0 \u00a0 \u00a0 \u00a0 \u00a0 \u00a0 \u00a0 \u00a0 \u00a0 \u00a0EL TESOROLuis Medina Ram\u00edrez Maestro jubilado luismedram@gmail.comVajilla infantil. Museo Pedag\u00f3gico de la Facultad de Ciencias de la Educaci\u00f3n de la Universidad de SevillaUn d\u00eda cuando ten\u00eda unos cinco a\u00f1os me encontr\u00e9 un tesoro. Estaba, como [&hellip;]<\/p>\n","protected":false},"author":1,"featured_media":0,"parent":0,"menu_order":0,"comment_status":"closed","ping_status":"closed","template":"","meta":{"_et_pb_use_builder":"on","_et_pb_old_content":"","_et_gb_content_width":"","footnotes":""},"class_list":["post-4518","page","type-page","status-publish","hentry"],"_links":{"self":[{"href":"https:\/\/grupo.us.es\/mujeryeducacion\/wp-json\/wp\/v2\/pages\/4518","targetHints":{"allow":["GET"]}}],"collection":[{"href":"https:\/\/grupo.us.es\/mujeryeducacion\/wp-json\/wp\/v2\/pages"}],"about":[{"href":"https:\/\/grupo.us.es\/mujeryeducacion\/wp-json\/wp\/v2\/types\/page"}],"author":[{"embeddable":true,"href":"https:\/\/grupo.us.es\/mujeryeducacion\/wp-json\/wp\/v2\/users\/1"}],"replies":[{"embeddable":true,"href":"https:\/\/grupo.us.es\/mujeryeducacion\/wp-json\/wp\/v2\/comments?post=4518"}],"version-history":[{"count":4,"href":"https:\/\/grupo.us.es\/mujeryeducacion\/wp-json\/wp\/v2\/pages\/4518\/revisions"}],"predecessor-version":[{"id":5237,"href":"https:\/\/grupo.us.es\/mujeryeducacion\/wp-json\/wp\/v2\/pages\/4518\/revisions\/5237"}],"wp:attachment":[{"href":"https:\/\/grupo.us.es\/mujeryeducacion\/wp-json\/wp\/v2\/media?parent=4518"}],"curies":[{"name":"wp","href":"https:\/\/api.w.org\/{rel}","templated":true}]}}