{"id":4512,"date":"2023-07-26T12:59:01","date_gmt":"2023-07-26T12:59:01","guid":{"rendered":"https:\/\/grupo.us.es\/mujeryeducacion\/?page_id=4512"},"modified":"2023-09-07T12:07:38","modified_gmt":"2023-09-07T12:07:38","slug":"031-diploma-honorifico-de-educacion-cristiana","status":"publish","type":"page","link":"https:\/\/grupo.us.es\/mujeryeducacion\/031-diploma-honorifico-de-educacion-cristiana\/","title":{"rendered":"031. Diploma honor\u00edfico de educacion cristiana"},"content":{"rendered":"<p>[et_pb_section fb_built=\u00bb1&#8243; _builder_version=\u00bb4.17.4&#8243; _module_preset=\u00bbdefault\u00bb background_color=\u00bb#F6EFE7&#8243; custom_padding=\u00bb2px|||||\u00bb custom_css_main_element=\u00bbdisplay=flex;\u00bb global_colors_info=\u00bb{}\u00bb][et_pb_row _builder_version=\u00bb4.17.4&#8243; _module_preset=\u00bbdefault\u00bb width=\u00bb100%\u00bb max_width=\u00bb2560px\u00bb custom_padding=\u00bb0px|||||\u00bb global_colors_info=\u00bb{}\u00bb][et_pb_column type=\u00bb4_4&#8243; _builder_version=\u00bb4.17.4&#8243; _module_preset=\u00bbdefault\u00bb global_colors_info=\u00bb{}\u00bb][et_pb_slider _builder_version=\u00bb4.17.4&#8243; _module_preset=\u00bbdefault\u00bb global_colors_info=\u00bb{}\u00bb][et_pb_slide image=\u00bbhttps:\/\/grupo.us.es\/mujeryeducacion\/wp-content\/uploads\/2023\/05\/WhatsApp-Image-2023-05-09-at-13.04.52-2-e1685375525364.jpeg\u00bb _builder_version=\u00bb4.17.4&#8243; _module_preset=\u00bbdefault\u00bb background_color=\u00bbRGBA(255,255,255,0)\u00bb background_enable_color=\u00bbon\u00bb background_image=\u00bbhttps:\/\/grupo.us.es\/mujeryeducacion\/wp-content\/uploads\/2023\/05\/WhatsApp-Image-2023-05-09-at-13.04.52-2-e1685375525364.jpeg\u00bb background_enable_image=\u00bbon\u00bb global_colors_info=\u00bb{}\u00bb sticky_transition=\u00bbon\u00bb][\/et_pb_slide][\/et_pb_slider][\/et_pb_column][\/et_pb_row][et_pb_row column_structure=\u00bb2_5,3_5&#8243; make_equal=\u00bbon\u00bb _builder_version=\u00bb4.17.4&#8243; _module_preset=\u00bbdefault\u00bb width=\u00bb100%\u00bb max_width=\u00bb2560px\u00bb global_colors_info=\u00bb{}\u00bb][et_pb_column type=\u00bb2_5&#8243; _builder_version=\u00bb4.17.4&#8243; _module_preset=\u00bbdefault\u00bb global_colors_info=\u00bb{}\u00bb][et_pb_image src=\u00bbhttps:\/\/grupo.us.es\/mujeryeducacion\/wp-content\/uploads\/2023\/07\/0-Logo-Museo-Pedagogico-transparente-e1689854632950.png\u00bb title_text=\u00bb0-Logo-Museo-Pedagogico-transparente-recortado\u00bb align_tablet=\u00bb\u00bb align_phone=\u00bbcenter\u00bb align_last_edited=\u00bbon|phone\u00bb _builder_version=\u00bb4.17.4&#8243; _module_preset=\u00bbdefault\u00bb width=\u00bb50%\u00bb width_tablet=\u00bb70%\u00bb width_phone=\u00bb50%\u00bb width_last_edited=\u00bbon|tablet\u00bb hover_enabled=\u00bb0&#8243; global_colors_info=\u00bb{}\u00bb sticky_enabled=\u00bb0&#8243; module_alignment_last_edited=\u00bbon|tablet\u00bb module_alignment_tablet=\u00bbcenter\u00bb module_alignment_phone=\u00bbcenter\u00bb][\/et_pb_image][\/et_pb_column][et_pb_column type=\u00bb3_5&#8243; _builder_version=\u00bb4.17.4&#8243; _module_preset=\u00bbdefault\u00bb global_colors_info=\u00bb{}\u00bb][et_pb_text content_tablet=\u00bb<\/p>\n<p><strong><\/strong><\/p>\n<p style=%22text-align: center;%22><strong>DIPLOMA HONOR\u00cdFICO <\/strong><\/p>\n<p style=%22text-align: center;%22><strong>DE EDUCACI\u00d3N <\/strong><\/p>\n<p style=%22text-align: center;%22><strong>CRISTIANA<\/strong><\/p>\n<p>\u00bb content_phone=\u00bb<\/p>\n<p><strong><\/strong><\/p>\n<p style=%22text-align: center;%22><strong>DIPLOMA <\/strong><\/p>\n<p style=%22text-align: center;%22><strong>HONOR\u00cdFICO <\/strong><\/p>\n<p style=%22text-align: center;%22><strong>DE EDUCACI\u00d3N <\/strong><\/p>\n<p style=%22text-align: center;%22><strong>CRISTIANA<\/strong><\/p>\n<p>\u00bb content_last_edited=\u00bbon|phone\u00bb _builder_version=\u00bb4.17.4&#8243; _module_preset=\u00bbdefault\u00bb text_text_color=\u00bb#000000&#8243; text_font_size=\u00bb58px\u00bb transform_scale_tablet=\u00bb\u00bb transform_scale_phone=\u00bb\u00bb transform_scale_last_edited=\u00bbon|tablet\u00bb transform_translate=\u00bb-106px|-15px\u00bb transform_translate_tablet=\u00bb72px|-7px\u00bb transform_translate_phone=\u00bb90px|-7px\u00bb transform_translate_last_edited=\u00bbon|tablet\u00bb transform_rotate_tablet=\u00bb\u00bb transform_rotate_phone=\u00bb\u00bb transform_rotate_last_edited=\u00bbon|tablet\u00bb transform_skew_tablet=\u00bb\u00bb transform_skew_phone=\u00bb\u00bb transform_skew_last_edited=\u00bbon|tablet\u00bb transform_origin_tablet=\u00bb\u00bb transform_origin_phone=\u00bb\u00bb transform_origin_last_edited=\u00bbon|tablet\u00bb transform_styles_last_edited=\u00bbon|tablet\u00bb custom_margin=\u00bb|||-178px||\u00bb text_font_size_tablet=\u00bb58px\u00bb text_font_size_phone=\u00bb42px\u00bb text_font_size_last_edited=\u00bbon|phone\u00bb transform_styles_tablet=\u00bb\u00bb transform_styles_phone=\u00bb\u00bb module_alignment_tablet=\u00bbcenter\u00bb module_alignment_phone=\u00bbcenter\u00bb module_alignment_last_edited=\u00bbon|tablet\u00bb global_colors_info=\u00bb{}\u00bb]<\/p>\n<p><strong><\/strong><\/p>\n<p><strong>\u00a0 DIPLOMA HONOR\u00cdFICO DE<\/strong><\/p>\n<p><strong>\u00a0 \u00a0 \u00a0EDUCACI\u00d3N CRISTIANA<\/strong><\/p>\n<p>[\/et_pb_text][\/et_pb_column][\/et_pb_row][et_pb_row _builder_version=\u00bb4.17.4&#8243; _module_preset=\u00bbdefault\u00bb global_colors_info=\u00bb{}\u00bb][et_pb_column type=\u00bb4_4&#8243; _builder_version=\u00bb4.17.4&#8243; _module_preset=\u00bbdefault\u00bb global_colors_info=\u00bb{}\u00bb][et_pb_text _builder_version=\u00bb4.17.4&#8243; _module_preset=\u00bbdefault\u00bb global_colors_info=\u00bb{}\u00bb]<\/p>\n<h1 style=\"text-align: center;\">Carmen Diego P\u00e9rez<\/h1>\n<p><span class=\"EOP SCXW150617363 BCX9\" data-ccp-props=\"{&quot;201341983&quot;:0,&quot;335551550&quot;:3,&quot;335551620&quot;:3,&quot;335559739&quot;:0,&quot;335559740&quot;:240}\"><span class=\"EOP SCXW184100114 BCX9\" data-ccp-props=\"{&quot;201341983&quot;:0,&quot;335551550&quot;:3,&quot;335551620&quot;:3,&quot;335559739&quot;:0,&quot;335559740&quot;:240}\"><span data-contrast=\"auto\" xml:lang=\"ES-ES\" lang=\"ES-ES\" class=\"TextRun SCXW37953205 BCX9\"><span class=\"NormalTextRun SCXW37953205 BCX9\"><span data-contrast=\"auto\" xml:lang=\"ES-ES\" lang=\"ES-ES\" class=\"TextRun SCXW144867011 BCX9\"><span class=\"NormalTextRun SCXW144867011 BCX9\"><span class=\"EOP SCXW91137730 BCX9\" data-ccp-props=\"{&quot;335551550&quot;:3,&quot;335551620&quot;:3}\"><\/span><\/span><\/span><\/span><\/span><\/span><\/span><\/p>\n<h4 style=\"text-align: center;\">Universidad de Oviedo<\/h4>\n<p><span data-contrast=\"auto\" xml:lang=\"ES-ES\" lang=\"ES-ES\" class=\"TextRun SCXW38795511 BCX9\"><span class=\"NormalTextRun SCXW38795511 BCX9\"><\/span><\/span><\/p>\n<p style=\"text-align: center;\"><span data-contrast=\"auto\"><\/span><\/p>\n<h6 style=\"text-align: center;\"><span style=\"color: #8e8e8e;\"><span data-contrast=\"none\" xml:lang=\"ES-ES\" lang=\"ES-ES\" class=\"TextRun Underlined SCXW183494506 BCX9\" style=\"color: #8e8e8e;\"><span class=\"NormalTextRun SCXW183494506 BCX9\" data-ccp-charstyle=\"Hyperlink\"><a class=\"Hyperlink SCXW183494506 BCX9\" href=\"mailto:eulalia@uvic.cat\" target=\"_blank\" rel=\"noreferrer noopener\">cdiego@uniovi.es<\/a><\/span><\/span><\/span><\/h6>\n<p>[\/et_pb_text][\/et_pb_column][\/et_pb_row][et_pb_row column_structure=\u00bb1_4,3_4&#8243; _builder_version=\u00bb4.17.4&#8243; _module_preset=\u00bbdefault\u00bb width=\u00bb100%\u00bb max_width=\u00bb2560px\u00bb global_colors_info=\u00bb{}\u00bb][et_pb_column type=\u00bb1_4&#8243; _builder_version=\u00bb4.17.4&#8243; _module_preset=\u00bbdefault\u00bb global_colors_info=\u00bb{}\u00bb][et_pb_image src=\u00bbhttps:\/\/grupo.us.es\/mujeryeducacion\/wp-content\/uploads\/2023\/05\/WhatsApp-Image-2023-05-09-at-13.04.52-2-e1685375525364.jpeg\u00bb title_text=\u00bbWhatsApp-Image-2023-05-09-at-13.04.52-2-e1685375525364&#8243; align_tablet=\u00bbcenter\u00bb align_phone=\u00bbcenter\u00bb align_last_edited=\u00bbon|tablet\u00bb _builder_version=\u00bb4.17.4&#8243; _module_preset=\u00bbdefault\u00bb width=\u00bb100%\u00bb max_width=\u00bb100%\u00bb max_width_tablet=\u00bb100%\u00bb max_width_phone=\u00bb89%\u00bb max_width_last_edited=\u00bbon|phone\u00bb custom_margin=\u00bb||28px|20px|false|false\u00bb global_colors_info=\u00bb{}\u00bb][\/et_pb_image][et_pb_text content_tablet=\u00bb<\/p>\n<p style=%22text-align: center;%22><strong>Pandereta. Museo Pedag\u00f3gico de la Facultad de Ciencias de la Educaci\u00f3n de la Universidad de Sevilla<\/strong><\/p>\n<p>\u00bb content_phone=\u00bb<\/p>\n<p style=%22text-align: center;%22><strong>Pandereta. Museo Pedag\u00f3gico de la Facultad de Ciencias de la Educaci\u00f3n de la Universidad de Sevilla<\/strong><\/p>\n<p>\u00bb content_last_edited=\u00bboff|desktop\u00bb _builder_version=\u00bb4.17.4&#8243; _module_preset=\u00bbdefault\u00bb custom_margin=\u00bb|||20px|false|false\u00bb global_colors_info=\u00bb{}\u00bb]<\/p>\n<p><strong>Diploma honor\u00edfico. <\/strong><strong>Museo Pedag\u00f3gico de la Facultad de Ciencias de la Educaci\u00f3n de la Universidad de Sevilla<\/strong><\/p>\n<p>[\/et_pb_text][\/et_pb_column][et_pb_column type=\u00bb3_4&#8243; _builder_version=\u00bb4.17.4&#8243; _module_preset=\u00bbdefault\u00bb global_colors_info=\u00bb{}\u00bb][et_pb_text _builder_version=\u00bb4.17.4&#8243; _module_preset=\u00bbdefault\u00bb text_text_color=\u00bb#000000&#8243; text_font_size=\u00bb18px\u00bb text_line_height=\u00bb1.8em\u00bb max_width_tablet=\u00bb95%\u00bb max_width_phone=\u00bb90%\u00bb max_width_last_edited=\u00bbon|tablet\u00bb custom_margin_tablet=\u00bb|||20px|false|false\u00bb custom_margin_phone=\u00bb|||20px|false|false\u00bb custom_margin_last_edited=\u00bbon|tablet\u00bb text_font_size_tablet=\u00bb16px\u00bb text_font_size_phone=\u00bb16px\u00bb text_font_size_last_edited=\u00bbon|tablet\u00bb global_colors_info=\u00bb{}\u00bb]<\/p>\n<p><strong>Desde hace siglos los estudiantes m\u00e1s destacados suelen recibir un diploma reconociendo su \u00e9xito. Este diploma \u2013de m\u00e9rito o de honor\u2013 es un documento solemne con firma y sellos en el que se hace constar un galard\u00f3n. Los utilizados para recompensar a los estudiantes eran l\u00e1minas de papel litografiadas a varias tintas o cromolitografiadas, similares a las que acreditan t\u00edtulos acad\u00e9micos, en las que consta el nombre del distinguido, el lugar y la fecha. Las dimensiones de los diplomas oscilan entre los 35 por 80 cent\u00edmetros. El aprecio de quien lo recib\u00eda y de su familia se evidencia al enmarcarlo para conservarlo y colgarlo en una pared del domicilio al objeto de exhibir el logro.<\/strong><strong><\/strong><\/p>\n<p><strong>La ornamentaci\u00f3n que rodea al texto de los diplomas es diversa: motivos florales, religiosos, escolares, aleg\u00f3ricos (una matrona entregando una corona de laurel, s\u00edmbolos de las ciencias, las artes, la agricultura, el comercio, la industria, la lectura, la geograf\u00eda\u2026), siendo, quiz\u00e1, el cuerpo femenino el motivo decorativo m\u00e1s frecuente, pues pocos diplomas hay sin la representaci\u00f3n de alguna diosa, musa o virgen en el centro o en los \u00e1ngulos de las orlas. La est\u00e9tica de los diplomas vari\u00f3 con el paso del tiempo, pero su presencia en la ense\u00f1anza obligatoria permaneci\u00f3. Adem\u00e1s de como premio, el diploma tambi\u00e9n fue utilizado por algunos colegios privados, especialmente los confesionales, desde los a\u00f1os treinta del siglo XX para certificar las calificaciones obtenidas por sus alumnos; en este caso los diplomas impresos estaban adornados con cenefas y el emblema o la imagen del colegio, firmados por la direcci\u00f3n, haciendo constar el curso escolar.<\/strong><\/p>\n<p>[\/et_pb_text][\/et_pb_column][\/et_pb_row][et_pb_row column_structure=\u00bb2_3,1_3&#8243; _builder_version=\u00bb4.17.4&#8243; _module_preset=\u00bbdefault\u00bb width=\u00bb100%\u00bb max_width=\u00bb2560px\u00bb custom_padding=\u00bb41px|||||\u00bb global_colors_info=\u00bb{}\u00bb][et_pb_column type=\u00bb2_3&#8243; _builder_version=\u00bb4.17.4&#8243; _module_preset=\u00bbdefault\u00bb global_colors_info=\u00bb{}\u00bb][et_pb_text _builder_version=\u00bb4.17.4&#8243; _module_preset=\u00bbdefault\u00bb text_text_color=\u00bb#000000&#8243; text_font_size=\u00bb18px\u00bb text_line_height=\u00bb1.8em\u00bb max_width_tablet=\u00bb95%\u00bb max_width_phone=\u00bb90%\u00bb max_width_last_edited=\u00bbon|tablet\u00bb custom_margin=\u00bb|||20px|false|false\u00bb text_font_size_tablet=\u00bb16px\u00bb text_font_size_phone=\u00bb16px\u00bb text_font_size_last_edited=\u00bbon|tablet\u00bb global_colors_info=\u00bb{}\u00bb]<\/p>\n<p><strong>Las editoriales ofrec\u00edan diplomas impresos para ni\u00f1os y ni\u00f1as de dos tipos, unos para reconocer a quienes destacaban en una determinada materia escolar (Gram\u00e1tica, Historia, Geograf\u00eda, Geometr\u00eda, Educaci\u00f3n cristiana, etc.) y otros para los escolares que destacaban por su comportamiento y actitud. Algunas editoras ofertaban tres opciones: con el espacio en blanco para el texto, con la inscripci\u00f3n redactada a prop\u00f3sito para su objeto y para entregar a uno u otro sexo y tambi\u00e9n aceptaban imprimir una redacci\u00f3n especial.<\/strong><\/p>\n<p><strong>En determinadas festividades, los escolares m\u00e1s exitosos y destacados recib\u00edan de las autoridades acad\u00e9micas o municipales diversos premios: diplomas, medallas, objetos de escritorio, juegos, etc. Esta pr\u00e1ctica estuvo presente en todo tipo de instituciones educativas espa\u00f1olas, desde los colegios privados de \u00e9lites a las m\u00e1s modestas escuelas rurales, desde los establecimientos p\u00fablicos de ense\u00f1anza hasta cualquiera centro educativo de origen religioso, filantr\u00f3pico o sindical. Estos actos tienen una vertiente social, una proyecci\u00f3n exterior, pues se entregaban en ceremonias p\u00fablicas que implicaban a la poblaci\u00f3n en las cuestiones educativas, esperando que el reconocimiento p\u00fablico de los mejores estimulara el aprendizaje, el comportamiento y los h\u00e1bitos adecuados en otros. Con estas \u00faltimas finalidades aparecen narraciones e ilustraciones de reparto de premios en los libros utilizados para el perfeccionamiento de la lectura durante la escolaridad obligatoria. Estas distinciones se entregaban en la misma ceremonia al alumnado, ni\u00f1as y ni\u00f1os, de las escuelas p\u00fablicas pero no es frecuente encontrar referencias a aquellas en estos libros. Una excepci\u00f3n son el grabado y fragmento siguientes:<\/strong><\/p>\n<p>[\/et_pb_text][\/et_pb_column][et_pb_column type=\u00bb1_3&#8243; _builder_version=\u00bb4.17.4&#8243; _module_preset=\u00bbdefault\u00bb global_colors_info=\u00bb{}\u00bb][et_pb_image src=\u00bbhttps:\/\/grupo.us.es\/mujeryeducacion\/wp-content\/uploads\/2023\/05\/Diplomas.png\u00bb title_text=\u00bbDiplomas\u00bb align_tablet=\u00bbcenter\u00bb align_phone=\u00bbcenter\u00bb align_last_edited=\u00bbon|tablet\u00bb _builder_version=\u00bb4.17.4&#8243; _module_preset=\u00bbdefault\u00bb global_colors_info=\u00bb{}\u00bb][\/et_pb_image][\/et_pb_column][\/et_pb_row][et_pb_row _builder_version=\u00bb4.17.4&#8243; _module_preset=\u00bbdefault\u00bb width=\u00bb90%\u00bb max_width=\u00bb2560px\u00bb custom_margin=\u00bb|||20px|false|false\u00bb global_colors_info=\u00bb{}\u00bb][et_pb_column type=\u00bb4_4&#8243; _builder_version=\u00bb4.17.4&#8243; _module_preset=\u00bbdefault\u00bb global_colors_info=\u00bb{}\u00bb][et_pb_text _builder_version=\u00bb4.17.4&#8243; _module_preset=\u00bbdefault\u00bb text_text_color=\u00bb#000000&#8243; text_font_size=\u00bb18px\u00bb text_line_height=\u00bb1.8em\u00bb max_width_tablet=\u00bb100%\u00bb max_width_phone=\u00bb100%\u00bb max_width_last_edited=\u00bbon|tablet\u00bb text_font_size_tablet=\u00bb16px\u00bb text_font_size_phone=\u00bb16px\u00bb text_font_size_last_edited=\u00bbon|tablet\u00bb global_colors_info=\u00bb{}\u00bb]<\/p>\n<p>Aquel a\u00f1o se celebr\u00f3 con mayor solemnidad que de ordinario el reparto de premios, que tuvo lugar en la casa Ayuntamiento, concurriendo los ni\u00f1os y ni\u00f1as de las escuelas, sus profesores y pasantes ante las autoridades municipales, con asistencia de las familias y personas invitadas, despu\u00e9s de una solemne misa en la Iglesias parroquial, en la que el se\u00f1or Cura pronunci\u00f3 una sentida pl\u00e1tica.<br \/>A los breves discursos de Do\u00f1a Elisa Recalde y de Don Germ\u00e1n, que hicieron el resumen de las ense\u00f1anzas del curso, sigui\u00f3 la menci\u00f3n de los alumnos y alumnas premiados, recibiendo medallas, libros, estampas y bandas que eran entregados, ya por las autoridades, ya por los padres y abuelos de los favorecidos (\u00c1lvarez, s.f. 232).<\/p>\n<p><strong>No hubo una fecha establecida para este acto, realiz\u00e1ndose durante el siglo XIX como cierre del curso escolar, como apertura del curso siguiente o en cualquier otro d\u00eda significativo para la localidad y coincidiendo durante el siglo XX con otras celebraciones escolares como el d\u00eda del maestro (27 de noviembre, festividad de San Jos\u00e9 de Calasanz) o la fiesta del libro (establecida por Real Orden del 17 de septiembre de 1926). Tambi\u00e9n el modo de reconocer y acreditar los conocimientos y actitud de los escolares vari\u00f3, pues hasta 1913 ni\u00f1as y ni\u00f1os eran examinados p\u00fablicamente por una comisi\u00f3n que identificaba as\u00ed a los que sobresal\u00edan para premiarlos; esta f\u00f3rmula cambi\u00f3 desde el curso acad\u00e9mico 1907-1908 al establecer la normativa la organizaci\u00f3n de exposiciones escolares al final de curso y regular la fiesta escolar de entrega de calificaciones a todos y de reconocimientos y honores a quienes destacaban por su constancia, conocimientos, conducta. La concesi\u00f3n de tantos diplomas y distinciones como se dispensaban anta\u00f1o fue cayendo en desuso a partir de la aplicaci\u00f3n de la Ley General de Educaci\u00f3n de 1970, no obstante, las administraciones educativas contin\u00faan reconociendo con diplomas a final de curso a aquellos que realizan mayores esfuerzos personales durante la escolaridad obligatoria o manifiestan un mayor rendimiento acad\u00e9mico. <\/strong><\/p>\n<p>[\/et_pb_text][et_pb_text _builder_version=\u00bb4.17.4&#8243; _module_preset=\u00bbdefault\u00bb text_text_color=\u00bb#000000&#8243; text_font_size=\u00bb18px\u00bb text_line_height=\u00bb1.8em\u00bb max_width_tablet=\u00bb100%\u00bb max_width_phone=\u00bb100%\u00bb max_width_last_edited=\u00bbon|tablet\u00bb text_font_size_tablet=\u00bb16px\u00bb text_font_size_phone=\u00bb16px\u00bb text_font_size_last_edited=\u00bbon|tablet\u00bb global_colors_info=\u00bb{}\u00bb]<\/p>\n<p><strong>Referencias bibliogr\u00e1ficas<\/strong><\/p>\n<p>\u00c1lvarez de Sotomayor y Zaragoza, Jos\u00e9 (s.f., <em>circa<\/em> 1922): <em>A trav\u00e9s de mi patria. Libro de lecturas y temas de ense\u00f1anza para la juventud espa\u00f1ola, en Espa\u00f1a y en el extranjero<\/em><em>.<\/em> Madrid: Renacimiento.<\/p>\n<p>Diego P\u00e9rez, Carmen y Gonz\u00e1lez Fern\u00e1ndez, Montserrat (2003): Un uso secular que est\u00e1 de moda: los premios y honores escolares. I. Legislaci\u00f3n y tratadistas y Un uso secular que est\u00e1 de moda: los premios y honores escolares. II. Pr\u00e1ctica escolar. En <em>Etnohistoria de la escuela. XII Coloquio Nacional de Historia de la Educaci\u00f3n. <\/em>Burgos: Servicio de Publicaciones Universidad de Burgos, pp. 119-127 y 129-139.<\/p>\n<p>[\/et_pb_text][\/et_pb_column][\/et_pb_row][\/et_pb_section]<\/p>\n","protected":false},"excerpt":{"rendered":"<p>\u00a0 DIPLOMA HONOR\u00cdFICO DE \u00a0 \u00a0 \u00a0EDUCACI\u00d3N CRISTIANACarmen Diego P\u00e9rez Universidad de Oviedo cdiego@uniovi.esDiploma honor\u00edfico. Museo Pedag\u00f3gico de la Facultad de Ciencias de la Educaci\u00f3n de la Universidad de SevillaDesde hace siglos los estudiantes m\u00e1s destacados suelen recibir un diploma reconociendo su \u00e9xito. Este diploma \u2013de m\u00e9rito o de honor\u2013 es un documento solemne con [&hellip;]<\/p>\n","protected":false},"author":1,"featured_media":0,"parent":0,"menu_order":0,"comment_status":"closed","ping_status":"closed","template":"","meta":{"_et_pb_use_builder":"on","_et_pb_old_content":"","_et_gb_content_width":"","footnotes":""},"class_list":["post-4512","page","type-page","status-publish","hentry"],"_links":{"self":[{"href":"https:\/\/grupo.us.es\/mujeryeducacion\/wp-json\/wp\/v2\/pages\/4512","targetHints":{"allow":["GET"]}}],"collection":[{"href":"https:\/\/grupo.us.es\/mujeryeducacion\/wp-json\/wp\/v2\/pages"}],"about":[{"href":"https:\/\/grupo.us.es\/mujeryeducacion\/wp-json\/wp\/v2\/types\/page"}],"author":[{"embeddable":true,"href":"https:\/\/grupo.us.es\/mujeryeducacion\/wp-json\/wp\/v2\/users\/1"}],"replies":[{"embeddable":true,"href":"https:\/\/grupo.us.es\/mujeryeducacion\/wp-json\/wp\/v2\/comments?post=4512"}],"version-history":[{"count":7,"href":"https:\/\/grupo.us.es\/mujeryeducacion\/wp-json\/wp\/v2\/pages\/4512\/revisions"}],"predecessor-version":[{"id":5236,"href":"https:\/\/grupo.us.es\/mujeryeducacion\/wp-json\/wp\/v2\/pages\/4512\/revisions\/5236"}],"wp:attachment":[{"href":"https:\/\/grupo.us.es\/mujeryeducacion\/wp-json\/wp\/v2\/media?parent=4512"}],"curies":[{"name":"wp","href":"https:\/\/api.w.org\/{rel}","templated":true}]}}