{"id":4468,"date":"2023-07-26T10:11:09","date_gmt":"2023-07-26T10:11:09","guid":{"rendered":"https:\/\/grupo.us.es\/mujeryeducacion\/?page_id=4468"},"modified":"2023-09-07T12:04:06","modified_gmt":"2023-09-07T12:04:06","slug":"025a-dedal","status":"publish","type":"page","link":"https:\/\/grupo.us.es\/mujeryeducacion\/025a-dedal\/","title":{"rendered":"025a. Dedal"},"content":{"rendered":"<p>[et_pb_section fb_built=\u00bb1&#8243; _builder_version=\u00bb4.17.4&#8243; _module_preset=\u00bbdefault\u00bb background_color=\u00bb#F6EFE7&#8243; custom_padding=\u00bb2px|||||\u00bb custom_css_main_element=\u00bbdisplay=flex;\u00bb global_colors_info=\u00bb{}\u00bb][et_pb_row _builder_version=\u00bb4.17.4&#8243; _module_preset=\u00bbdefault\u00bb width=\u00bb100%\u00bb max_width=\u00bb2560px\u00bb custom_padding=\u00bb0px|||||\u00bb global_colors_info=\u00bb{}\u00bb][et_pb_column type=\u00bb4_4&#8243; _builder_version=\u00bb4.17.4&#8243; _module_preset=\u00bbdefault\u00bb global_colors_info=\u00bb{}\u00bb][et_pb_slider _builder_version=\u00bb4.17.4&#8243; _module_preset=\u00bbdefault\u00bb global_colors_info=\u00bb{}\u00bb][et_pb_slide image=\u00bbhttps:\/\/grupo.us.es\/mujeryeducacion\/wp-content\/uploads\/2023\/05\/Dedal.png\u00bb _builder_version=\u00bb4.17.4&#8243; _module_preset=\u00bbdefault\u00bb background_color=\u00bbRGBA(255,255,255,0)\u00bb background_enable_color=\u00bbon\u00bb background_image=\u00bbhttps:\/\/grupo.us.es\/mujeryeducacion\/wp-content\/uploads\/2023\/05\/Dedal.png\u00bb background_enable_image=\u00bbon\u00bb global_colors_info=\u00bb{}\u00bb sticky_transition=\u00bbon\u00bb][\/et_pb_slide][\/et_pb_slider][\/et_pb_column][\/et_pb_row][et_pb_row column_structure=\u00bb2_5,3_5&#8243; make_equal=\u00bbon\u00bb _builder_version=\u00bb4.17.4&#8243; _module_preset=\u00bbdefault\u00bb width=\u00bb100%\u00bb max_width=\u00bb2560px\u00bb global_colors_info=\u00bb{}\u00bb][et_pb_column type=\u00bb2_5&#8243; _builder_version=\u00bb4.17.4&#8243; _module_preset=\u00bbdefault\u00bb global_colors_info=\u00bb{}\u00bb][et_pb_image src=\u00bbhttps:\/\/grupo.us.es\/mujeryeducacion\/wp-content\/uploads\/2023\/07\/0-Logo-Museo-Pedagogico-transparente-e1689854632950.png\u00bb title_text=\u00bb0-Logo-Museo-Pedagogico-transparente-recortado\u00bb align_tablet=\u00bb\u00bb align_phone=\u00bbcenter\u00bb align_last_edited=\u00bbon|phone\u00bb _builder_version=\u00bb4.17.4&#8243; _module_preset=\u00bbdefault\u00bb width=\u00bb50%\u00bb width_tablet=\u00bb70%\u00bb width_phone=\u00bb50%\u00bb width_last_edited=\u00bbon|tablet\u00bb hover_enabled=\u00bb0&#8243; global_colors_info=\u00bb{}\u00bb sticky_enabled=\u00bb0&#8243; module_alignment_last_edited=\u00bbon|tablet\u00bb module_alignment_tablet=\u00bbcenter\u00bb module_alignment_phone=\u00bbcenter\u00bb][\/et_pb_image][\/et_pb_column][et_pb_column type=\u00bb3_5&#8243; _builder_version=\u00bb4.17.4&#8243; _module_preset=\u00bbdefault\u00bb global_colors_info=\u00bb{}\u00bb][et_pb_text content_tablet=\u00bb<\/p>\n<p><strong><\/strong><\/p>\n<p style=%22text-align: center;%22><strong>DEDAL<\/strong><\/p>\n<p>\u00bb content_phone=\u00bb<\/p>\n<p><strong><\/strong><\/p>\n<p style=%22text-align: center;%22><strong>DEDAL<\/strong><\/p>\n<p>\u00bb content_last_edited=\u00bbon|phone\u00bb _builder_version=\u00bb4.17.4&#8243; _module_preset=\u00bbdefault\u00bb text_text_color=\u00bb#000000&#8243; text_font_size=\u00bb58px\u00bb transform_scale_tablet=\u00bb\u00bb transform_scale_phone=\u00bb\u00bb transform_scale_last_edited=\u00bbon|tablet\u00bb transform_translate_tablet=\u00bb72px|-7px\u00bb transform_translate_phone=\u00bb64px|-7px\u00bb transform_translate_last_edited=\u00bbon|tablet\u00bb transform_rotate_tablet=\u00bb\u00bb transform_rotate_phone=\u00bb\u00bb transform_rotate_last_edited=\u00bbon|tablet\u00bb transform_skew_tablet=\u00bb\u00bb transform_skew_phone=\u00bb\u00bb transform_skew_last_edited=\u00bbon|tablet\u00bb transform_origin_tablet=\u00bb\u00bb transform_origin_phone=\u00bb\u00bb transform_origin_last_edited=\u00bbon|tablet\u00bb transform_styles_last_edited=\u00bbon|tablet\u00bb custom_margin=\u00bb|||-127px||\u00bb text_font_size_tablet=\u00bb58px\u00bb text_font_size_phone=\u00bb42px\u00bb text_font_size_last_edited=\u00bbon|phone\u00bb transform_styles_tablet=\u00bb\u00bb transform_styles_phone=\u00bb\u00bb module_alignment_tablet=\u00bbcenter\u00bb module_alignment_phone=\u00bbcenter\u00bb module_alignment_last_edited=\u00bbon|tablet\u00bb global_colors_info=\u00bb{}\u00bb]<\/p>\n<p><strong><\/strong><\/p>\n<p><strong>\u00a0 \u00a0 \u00a0 \u00a0 \u00a0 \u00a0DEDAL<\/strong><\/p>\n<p>[\/et_pb_text][et_pb_text content_tablet=\u00bb<\/p>\n<p style=%22text-align: center;%22><strong><\/strong><\/p>\n<p style=%22text-align: center;%22><strong>EL ESCUDO (QUE NO FUE) DE LA BELLA <\/strong><\/p>\n<p style=%22text-align: center;%22><strong>DURMIENTE<\/strong><\/p>\n<p>\u00bb content_phone=\u00bb<\/p>\n<p style=%22text-align: center;%22><strong><\/strong><\/p>\n<p style=%22text-align: center;%22><strong>EL ESCUDO (QUE NO FUE) DE LA <\/strong><\/p>\n<p style=%22text-align: center;%22><strong>BELLA DURMIENTE<\/strong><\/p>\n<p>\u00bb content_last_edited=\u00bbon|phone\u00bb _builder_version=\u00bb4.17.4&#8243; _module_preset=\u00bbdefault\u00bb text_text_color=\u00bb#8E8E8E\u00bb text_font_size=\u00bb32px\u00bb text_line_height=\u00bb1.8em\u00bb transform_scale_tablet=\u00bb\u00bb transform_scale_phone=\u00bb\u00bb transform_scale_last_edited=\u00bbon|tablet\u00bb transform_translate_tablet=\u00bb151px|-10px\u00bb transform_translate_phone=\u00bb151px|-10px\u00bb transform_translate_last_edited=\u00bbon|tablet\u00bb transform_rotate_tablet=\u00bb\u00bb transform_rotate_phone=\u00bb\u00bb transform_rotate_last_edited=\u00bbon|tablet\u00bb transform_skew_tablet=\u00bb\u00bb transform_skew_phone=\u00bb\u00bb transform_skew_last_edited=\u00bbon|tablet\u00bb transform_origin_tablet=\u00bb\u00bb transform_origin_phone=\u00bb\u00bb transform_origin_last_edited=\u00bbon|tablet\u00bb transform_styles_last_edited=\u00bbon|tablet\u00bb custom_margin=\u00bb|||-295px||\u00bb text_font_size_tablet=\u00bb32px\u00bb text_font_size_phone=\u00bb24px\u00bb text_font_size_last_edited=\u00bbon|desktop\u00bb transform_styles_tablet=\u00bb\u00bb transform_styles_phone=\u00bb\u00bb global_colors_info=\u00bb{}\u00bb]<\/p>\n<p><strong>\u00a0 \u00a0 \u00a0 EL ESCUDO (QUE NO FUE) DE LA BELLA DURMIENTE<\/strong><\/p>\n<p>[\/et_pb_text][\/et_pb_column][\/et_pb_row][et_pb_row _builder_version=\u00bb4.17.4&#8243; _module_preset=\u00bbdefault\u00bb global_colors_info=\u00bb{}\u00bb][et_pb_column type=\u00bb4_4&#8243; _builder_version=\u00bb4.17.4&#8243; _module_preset=\u00bbdefault\u00bb global_colors_info=\u00bb{}\u00bb][et_pb_text _builder_version=\u00bb4.17.4&#8243; _module_preset=\u00bbdefault\u00bb global_colors_info=\u00bb{}\u00bb]<\/p>\n<h1 style=\"text-align: center;\">Carmen de la Mata Agudo<\/h1>\n<p><span class=\"EOP SCXW150617363 BCX9\" data-ccp-props=\"{&quot;201341983&quot;:0,&quot;335551550&quot;:3,&quot;335551620&quot;:3,&quot;335559739&quot;:0,&quot;335559740&quot;:240}\"><span class=\"EOP SCXW184100114 BCX9\" data-ccp-props=\"{&quot;201341983&quot;:0,&quot;335551550&quot;:3,&quot;335551620&quot;:3,&quot;335559739&quot;:0,&quot;335559740&quot;:240}\"><span data-contrast=\"auto\" xml:lang=\"ES-ES\" lang=\"ES-ES\" class=\"TextRun SCXW37953205 BCX9\"><span class=\"NormalTextRun SCXW37953205 BCX9\"><span data-contrast=\"auto\" xml:lang=\"ES-ES\" lang=\"ES-ES\" class=\"TextRun SCXW144867011 BCX9\"><span class=\"NormalTextRun SCXW144867011 BCX9\"><span class=\"EOP SCXW91137730 BCX9\" data-ccp-props=\"{&quot;335551550&quot;:3,&quot;335551620&quot;:3}\"><\/span><\/span><\/span><\/span><\/span><\/span><\/span><\/p>\n<h4 style=\"text-align: center;\">Universidad de C\u00f3rdoba<\/h4>\n<p><span data-contrast=\"auto\" xml:lang=\"ES-ES\" lang=\"ES-ES\" class=\"TextRun SCXW38795511 BCX9\"><span class=\"NormalTextRun SCXW38795511 BCX9\"><\/span><\/span><\/p>\n<p style=\"text-align: center;\"><span data-contrast=\"auto\"><\/span><\/p>\n<h6 style=\"text-align: center;\"><span style=\"color: #8e8e8e;\"><span data-contrast=\"none\" xml:lang=\"ES-ES\" lang=\"ES-ES\" class=\"TextRun Underlined SCXW183494506 BCX9\" style=\"color: #8e8e8e;\"><span class=\"NormalTextRun SCXW183494506 BCX9\" data-ccp-charstyle=\"Hyperlink\"><a class=\"Hyperlink SCXW183494506 BCX9\" href=\"mailto:eulalia@uvic.cat\" target=\"_blank\" rel=\"noreferrer noopener\">carmen.mata.agudo@uco.es<\/a><\/span><\/span><\/span><\/h6>\n<p>[\/et_pb_text][\/et_pb_column][\/et_pb_row][et_pb_row column_structure=\u00bb1_4,3_4&#8243; _builder_version=\u00bb4.17.4&#8243; _module_preset=\u00bbdefault\u00bb width=\u00bb100%\u00bb max_width=\u00bb2560px\u00bb global_colors_info=\u00bb{}\u00bb][et_pb_column type=\u00bb1_4&#8243; _builder_version=\u00bb4.17.4&#8243; _module_preset=\u00bbdefault\u00bb global_colors_info=\u00bb{}\u00bb][et_pb_image src=\u00bbhttps:\/\/grupo.us.es\/mujeryeducacion\/wp-content\/uploads\/2023\/05\/Dedal.png\u00bb title_text=\u00bbDedal\u00bb align_tablet=\u00bbcenter\u00bb align_phone=\u00bbcenter\u00bb align_last_edited=\u00bbon|tablet\u00bb _builder_version=\u00bb4.17.4&#8243; _module_preset=\u00bbdefault\u00bb width=\u00bb100%\u00bb max_width=\u00bb100%\u00bb max_width_tablet=\u00bb100%\u00bb max_width_phone=\u00bb89%\u00bb max_width_last_edited=\u00bbon|phone\u00bb custom_margin=\u00bb||28px|20px|false|false\u00bb global_colors_info=\u00bb{}\u00bb][\/et_pb_image][et_pb_text content_tablet=\u00bb<\/p>\n<p style=%22text-align: center;%22><strong>Pandereta. Museo Pedag\u00f3gico de la Facultad de Ciencias de la Educaci\u00f3n de la Universidad de Sevilla<\/strong><\/p>\n<p>\u00bb content_phone=\u00bb<\/p>\n<p style=%22text-align: center;%22><strong>Pandereta. Museo Pedag\u00f3gico de la Facultad de Ciencias de la Educaci\u00f3n de la Universidad de Sevilla<\/strong><\/p>\n<p>\u00bb content_last_edited=\u00bboff|desktop\u00bb _builder_version=\u00bb4.17.4&#8243; _module_preset=\u00bbdefault\u00bb custom_margin=\u00bb|||20px|false|false\u00bb global_colors_info=\u00bb{}\u00bb]<\/p>\n<p><strong>Dedal. <\/strong><strong>Museo Pedag\u00f3gico de la Facultad de Ciencias de la Educaci\u00f3n de la Universidad de Sevilla<\/strong><\/p>\n<p>[\/et_pb_text][\/et_pb_column][et_pb_column type=\u00bb3_4&#8243; _builder_version=\u00bb4.17.4&#8243; _module_preset=\u00bbdefault\u00bb global_colors_info=\u00bb{}\u00bb][et_pb_text _builder_version=\u00bb4.17.4&#8243; _module_preset=\u00bbdefault\u00bb text_text_color=\u00bb#000000&#8243; text_font_size=\u00bb18px\u00bb text_line_height=\u00bb1.8em\u00bb max_width_tablet=\u00bb95%\u00bb max_width_phone=\u00bb90%\u00bb max_width_last_edited=\u00bbon|tablet\u00bb custom_margin_tablet=\u00bb|||20px|false|false\u00bb custom_margin_phone=\u00bb|||20px|false|false\u00bb custom_margin_last_edited=\u00bbon|tablet\u00bb text_font_size_tablet=\u00bb16px\u00bb text_font_size_phone=\u00bb16px\u00bb text_font_size_last_edited=\u00bbon|tablet\u00bb global_colors_info=\u00bb{}\u00bb]<\/p>\n<p><strong>Quiz\u00e1s a las personas m\u00e1s j\u00f3venes que acud\u00eds a esta exposici\u00f3n os costar\u00e1 rescatar un recuerdo vinculado a este objeto. Otras, recordar\u00e9is claramente haberlo visto en el costurero de vuestras abuelas junto al acerico, la bola de cera o el jaboncillo. Tambi\u00e9n pudiera ser que t\u00fa seas gamers y que, al asomarte a esta muestra, puedas reconocer en esta foto el objeto precursor con el que proteges tus dedos durante las interminables partidas de tu juego favorito. El dedal, en la actualidad, nos ofrece una imagen muy futurista, como fundas dactilares de hilo de plata que mantienen los dedos fr\u00edos para que la mejor partida no se resbale. Ah\u00ed es nada.<\/strong><\/p>\n<p><strong>Sin embargo, el dedal tiene un origen y una historia milenaria. Su concepci\u00f3n aparece ligada a la aguja, y es por ello que su denominaci\u00f3n primigenia como acutrudium se traduce como \u201cempujador de aguja\u201d (Beaudry, 2006). Su designaci\u00f3n proviene del sustantivo aguja (del lat\u00edn acus-aceris) y del verbo trudere que significa empujar. <\/strong><\/p>\n<p>&nbsp;<\/p>\n<p>[\/et_pb_text][\/et_pb_column][\/et_pb_row][et_pb_row column_structure=\u00bb2_3,1_3&#8243; _builder_version=\u00bb4.17.4&#8243; _module_preset=\u00bbdefault\u00bb width=\u00bb100%\u00bb max_width=\u00bb2560px\u00bb custom_padding=\u00bb41px|||||\u00bb global_colors_info=\u00bb{}\u00bb][et_pb_column type=\u00bb2_3&#8243; _builder_version=\u00bb4.17.4&#8243; _module_preset=\u00bbdefault\u00bb global_colors_info=\u00bb{}\u00bb][et_pb_text _builder_version=\u00bb4.17.4&#8243; _module_preset=\u00bbdefault\u00bb text_text_color=\u00bb#000000&#8243; text_font_size=\u00bb18px\u00bb text_line_height=\u00bb1.8em\u00bb max_width_tablet=\u00bb95%\u00bb max_width_phone=\u00bb90%\u00bb max_width_last_edited=\u00bbon|tablet\u00bb custom_margin=\u00bb|||20px|false|false\u00bb text_font_size_tablet=\u00bb16px\u00bb text_font_size_phone=\u00bb16px\u00bb text_font_size_last_edited=\u00bbon|tablet\u00bb global_colors_info=\u00bb{}\u00bb]<\/p>\n<p><strong>Distintas fuentes (Beaudry, 2006; Sadurn\u00ed, 2021) datan el origen del dedal a periodos en los que la vida humana era a\u00fan primitiva. Se han encontrado dedales en regiones de Rusia y China, y tambi\u00e9n en el continente africano. En la zona de Egipto, se encuentran junto a enterramientos unos objetos de cuero que parecen servir para la protecci\u00f3n del dedo. Y en Oriente se hayan los denominados yubinukis, anillos que se colocan en la yema del dedo y son decorados con hilos de colores que hacen llamativos dibujos. En cuanto a su forma, los hay muy diversos y fabricados en distintos materiales: hueso, piedra, madera, bronce, hierro, cer\u00e1mica, porcelana, pl\u00e1stico o goma. Se han encontrado dedales con forma de cofre para llevarlos colgados, ejemplares que conten\u00edan un instrumento de medida como el metro, o los que guardaban el hilo y la aguja a modo de secreto. Estos ejemplares nos recuerdan que un roto pod\u00eda asaltar en cualquier parte, y que en otro tiempo la importancia del decoro en las mujeres era tal, que exig\u00eda el remiendo r\u00e1pido y discreto de la prenda en cuesti\u00f3n.<\/strong><\/p>\n<p>[\/et_pb_text][\/et_pb_column][et_pb_column type=\u00bb1_3&#8243; _builder_version=\u00bb4.17.4&#8243; _module_preset=\u00bbdefault\u00bb global_colors_info=\u00bb{}\u00bb][et_pb_image src=\u00bbhttps:\/\/grupo.us.es\/mujeryeducacion\/wp-content\/uploads\/2023\/05\/Dedal.png\u00bb title_text=\u00bbDedal\u00bb align_tablet=\u00bbcenter\u00bb align_phone=\u00bbcenter\u00bb align_last_edited=\u00bbon|tablet\u00bb _builder_version=\u00bb4.17.4&#8243; _module_preset=\u00bbdefault\u00bb global_colors_info=\u00bb{}\u00bb][\/et_pb_image][\/et_pb_column][\/et_pb_row][et_pb_row _builder_version=\u00bb4.17.4&#8243; _module_preset=\u00bbdefault\u00bb width=\u00bb90%\u00bb max_width=\u00bb2560px\u00bb custom_margin=\u00bb|||20px|false|false\u00bb global_colors_info=\u00bb{}\u00bb][et_pb_column type=\u00bb4_4&#8243; _builder_version=\u00bb4.17.4&#8243; _module_preset=\u00bbdefault\u00bb global_colors_info=\u00bb{}\u00bb][et_pb_text _builder_version=\u00bb4.17.4&#8243; _module_preset=\u00bbdefault\u00bb text_text_color=\u00bb#000000&#8243; text_font_size=\u00bb18px\u00bb text_line_height=\u00bb1.8em\u00bb max_width_tablet=\u00bb100%\u00bb max_width_phone=\u00bb100%\u00bb max_width_last_edited=\u00bbon|tablet\u00bb text_font_size_tablet=\u00bb16px\u00bb text_font_size_phone=\u00bb16px\u00bb text_font_size_last_edited=\u00bbon|tablet\u00bb global_colors_info=\u00bb{}\u00bb]<\/p>\n<p><strong>Este objeto atesora miles de historias que tienen un denominador com\u00fan: su valor para aquellas personas para las que zurcir es arte u oficio. El oficio como en otros gremios fue un trabajo controlado por los hombres. Las mujeres que acced\u00edan a ellos lo hac\u00edan para aprender, animadas por sus maridos o padres, pero sus tareas siempre se relacionaban con la preparaci\u00f3n de la prenda: echar desanchas, hilvanar, hacer ojales. Tambi\u00e9n realizaban otras tareas como bordar o hacer puntillas que daban valor al producto. Actividades que se realizaban dentro del hogar, invisibles, y alejadas del gremio al que deb\u00edan pertenecer. Por consiguiente, alejadas tambi\u00e9n, de la dotaci\u00f3n pecuniaria que les correspond\u00eda y de las ventajas de las que gozaban los varones artesanos. Para las mujeres la utilizaci\u00f3n del dedal era parte de su curr\u00edculo como actividad femenina. Para el recuerdo la asignatura Pretecnolog\u00eda, en la escuela de los 70 y 80, que consist\u00eda en hacer y bordar manteles, salvamanteles o servilletas. El dedal no era un objeto c\u00f3modo y azulaba el dedo por el contacto prolongado con el metal. Sin embargo, se agradec\u00eda el utilizarlo, si el pedazo que hab\u00eda que remendar era largo.<\/strong><\/p>\n<p><strong>El dedal est\u00e1 indisolublemente asociado a la figura de la persona que cose. La costurera remendaba la ropa del hogar (enag\u00fcillas, enaguas, prendas con las que cubrirse). Las modistas crean dise\u00f1os, copian, dibujan patrones. En la actualidad, esta actividad es cada vez menor, pero hasta hace poco era usual que las mujeres acudieran a hacerse la ropa con cada cambio de estaci\u00f3n. Clientas y modistas ojeaban las revistas de moda (Cadena, burda, Hola, Patrones), se tomaban medidas, y comenzaba la obra. Las sastras confeccionaban prendas solo para los hombres.<\/strong><\/p>\n<p><strong>En el pasado hab\u00eda m\u00e1s ocasiones para el estreno y el boato, tampoco exist\u00eda la industria textil y de dise\u00f1o como la conocemos hoy. En la actualidad es m\u00e1s r\u00e1pido y menos costoso comprar ropa nueva en grandes almacenes que acudir a la modista. Ahora el dise\u00f1o de un traje se ha convertido en un producto de lujo, por el valor artesanal que implica. Muchos dise\u00f1adores est\u00e1n volviendo a su entorno para realizar el oficio. Philips (2021) escribe \u201cDe vecinas del pueblo, a costureras de pasarela\u201d, interesant\u00edsimo por c\u00f3mo radiograf\u00eda la figura de la costurera y el dise\u00f1ador: \u00abSi hay que coser botones, mi madre se viene a coser botones\u00bb.<\/strong><\/p>\n<p><strong>Zurcir era parte del cuidado de las familias: el sost\u00e9n de un dobladillo, la vuelta de los pu\u00f1os y cuellos de las camisas.<\/strong><\/p>\n<p><strong>\u00abNuestro oficio sigue siendo duro y la costura sigue contando con poco reconocimiento, pero aqu\u00ed vivimos a cinco minutos del taller, hacemos juntas el camino de vuelta y trabajamos con nuestras amigas, hasta con la familia\u00bb.<\/strong><\/p>\n<p><strong>Este objeto atesora experiencias amables y c\u00e1lidas, tambi\u00e9n agudas y punzantes. \u00bfQu\u00e9 hubiera sido de La Bella Durmiente, si hubiera tenido un escudo (un dedal) con el que protegerse el dedo? Pobre Aurora que tuvo que entregarse al sue\u00f1o durante 100 a\u00f1os por obra de Perrault. Y casarse tras un beso, por gracia de los Grimm. Decidme si no hay misoginia tambi\u00e9n ah\u00ed. <\/strong><\/p>\n<p>[\/et_pb_text][et_pb_text _builder_version=\u00bb4.17.4&#8243; _module_preset=\u00bbdefault\u00bb text_text_color=\u00bb#000000&#8243; text_font_size=\u00bb18px\u00bb text_line_height=\u00bb1.8em\u00bb max_width_tablet=\u00bb100%\u00bb max_width_phone=\u00bb100%\u00bb max_width_last_edited=\u00bbon|tablet\u00bb text_font_size_tablet=\u00bb16px\u00bb text_font_size_phone=\u00bb16px\u00bb text_font_size_last_edited=\u00bbon|tablet\u00bb global_colors_info=\u00bb{}\u00bb]<\/p>\n<p><strong>Referencias bibliogr\u00e1ficas<\/strong><\/p>\n<p>Beaudry, Carolyn (2006): <em>Findings: The Material Culture of Needlework and Sewing.<\/em> New Haven: Yale University Press.<\/p>\n<p>Castillo, Francisco (2015): <em>Gabinete de curiosidades N\u00ba7<\/em>. Cecli: Centro de estudios de la cosas lindas e in\u00fatiles. <span><a href=\"https:\/\/ceclirevista.com\/2015\/06\/11\/gabinete-de-curiosidades-n7\/\">https:\/\/ceclirevista.com\/2015\/06\/11\/gabinete-de-curiosidades-n7\/<\/a><\/span><\/p>\n<p>McConnel, Bridget (1990): <em>A Collectors Guide to Thimbles<\/em>. Caba: Editorial Wellfleet.<\/p>\n<p>Philips, Nuala (2021): <em>De vecinas del pueblo, a costureras de pasarela: estas son las manos expertas que confeccionan la moda espa\u00f1ola hoy.<\/em> Vogue. <span><a href=\"https:\/\/www.vogue.es\/moda\/articulos\/talleres-artesania-costureras-disenadores-espanoles-jovenes\">https:\/\/www.vogue.es\/moda\/articulos\/talleres-artesania-costureras-disenadores-espanoles-jovenes<\/a><\/span><\/p>\n<p>Sadurn\u00ed, J. M. (2021): El origen del dedal, el \u00fatil ingenio para proteger nuestros dedos. National Geographic. <span><a href=\"https:\/\/historia.nationalgeographic.com.es\/a\/origen-dedal-util-ingenio-para-proteger-nuestros-dedos_17294\">https:\/\/historia.nationalgeographic.com.es\/a\/origen-dedal-util-ingenio-para-proteger-nuestros-dedos_17294<\/a><\/span><\/p>\n<p>[\/et_pb_text][\/et_pb_column][\/et_pb_row][\/et_pb_section]<\/p>\n","protected":false},"excerpt":{"rendered":"<p>\u00a0 \u00a0 \u00a0 \u00a0 \u00a0 \u00a0DEDAL\u00a0 \u00a0 \u00a0 EL ESCUDO (QUE NO FUE) DE LA BELLA DURMIENTECarmen de la Mata Agudo Universidad de C\u00f3rdoba carmen.mata.agudo@uco.esDedal. Museo Pedag\u00f3gico de la Facultad de Ciencias de la Educaci\u00f3n de la Universidad de SevillaQuiz\u00e1s a las personas m\u00e1s j\u00f3venes que acud\u00eds a esta exposici\u00f3n os costar\u00e1 rescatar un recuerdo [&hellip;]<\/p>\n","protected":false},"author":1,"featured_media":0,"parent":0,"menu_order":0,"comment_status":"closed","ping_status":"closed","template":"","meta":{"_et_pb_use_builder":"on","_et_pb_old_content":"","_et_gb_content_width":"","footnotes":""},"class_list":["post-4468","page","type-page","status-publish","hentry"],"_links":{"self":[{"href":"https:\/\/grupo.us.es\/mujeryeducacion\/wp-json\/wp\/v2\/pages\/4468","targetHints":{"allow":["GET"]}}],"collection":[{"href":"https:\/\/grupo.us.es\/mujeryeducacion\/wp-json\/wp\/v2\/pages"}],"about":[{"href":"https:\/\/grupo.us.es\/mujeryeducacion\/wp-json\/wp\/v2\/types\/page"}],"author":[{"embeddable":true,"href":"https:\/\/grupo.us.es\/mujeryeducacion\/wp-json\/wp\/v2\/users\/1"}],"replies":[{"embeddable":true,"href":"https:\/\/grupo.us.es\/mujeryeducacion\/wp-json\/wp\/v2\/comments?post=4468"}],"version-history":[{"count":6,"href":"https:\/\/grupo.us.es\/mujeryeducacion\/wp-json\/wp\/v2\/pages\/4468\/revisions"}],"predecessor-version":[{"id":5226,"href":"https:\/\/grupo.us.es\/mujeryeducacion\/wp-json\/wp\/v2\/pages\/4468\/revisions\/5226"}],"wp:attachment":[{"href":"https:\/\/grupo.us.es\/mujeryeducacion\/wp-json\/wp\/v2\/media?parent=4468"}],"curies":[{"name":"wp","href":"https:\/\/api.w.org\/{rel}","templated":true}]}}