{"id":4360,"date":"2023-07-25T13:47:21","date_gmt":"2023-07-25T13:47:21","guid":{"rendered":"https:\/\/grupo.us.es\/mujeryeducacion\/?page_id=4360"},"modified":"2023-09-07T11:54:20","modified_gmt":"2023-09-07T11:54:20","slug":"013a-bolso-limosnero","status":"publish","type":"page","link":"https:\/\/grupo.us.es\/mujeryeducacion\/013a-bolso-limosnero\/","title":{"rendered":"013a. Bolso limosnero"},"content":{"rendered":"<p>[et_pb_section fb_built=\u00bb1&#8243; _builder_version=\u00bb4.17.4&#8243; _module_preset=\u00bbdefault\u00bb background_color=\u00bb#F6EFE7&#8243; custom_padding=\u00bb2px|||||\u00bb custom_css_main_element=\u00bbdisplay=flex;\u00bb global_colors_info=\u00bb{}\u00bb][et_pb_row _builder_version=\u00bb4.17.4&#8243; _module_preset=\u00bbdefault\u00bb width=\u00bb100%\u00bb max_width=\u00bb2560px\u00bb custom_padding=\u00bb0px|||||\u00bb global_colors_info=\u00bb{}\u00bb][et_pb_column type=\u00bb4_4&#8243; _builder_version=\u00bb4.17.4&#8243; _module_preset=\u00bbdefault\u00bb global_colors_info=\u00bb{}\u00bb][et_pb_slider _builder_version=\u00bb4.17.4&#8243; _module_preset=\u00bbdefault\u00bb global_colors_info=\u00bb{}\u00bb][et_pb_slide image=\u00bbhttps:\/\/grupo.us.es\/mujeryeducacion\/wp-content\/uploads\/2023\/05\/image002-6.jpg\u00bb _builder_version=\u00bb4.17.4&#8243; _module_preset=\u00bbdefault\u00bb background_color=\u00bbRGBA(255,255,255,0)\u00bb background_enable_color=\u00bbon\u00bb background_image=\u00bbhttps:\/\/grupo.us.es\/mujeryeducacion\/wp-content\/uploads\/2023\/05\/image002-6.jpg\u00bb background_enable_image=\u00bbon\u00bb global_colors_info=\u00bb{}\u00bb sticky_transition=\u00bbon\u00bb][\/et_pb_slide][\/et_pb_slider][\/et_pb_column][\/et_pb_row][et_pb_row column_structure=\u00bb2_5,3_5&#8243; make_equal=\u00bbon\u00bb _builder_version=\u00bb4.17.4&#8243; _module_preset=\u00bbdefault\u00bb width=\u00bb100%\u00bb max_width=\u00bb2560px\u00bb global_colors_info=\u00bb{}\u00bb][et_pb_column type=\u00bb2_5&#8243; _builder_version=\u00bb4.17.4&#8243; _module_preset=\u00bbdefault\u00bb global_colors_info=\u00bb{}\u00bb][et_pb_image src=\u00bbhttps:\/\/grupo.us.es\/mujeryeducacion\/wp-content\/uploads\/2023\/07\/0-Logo-Museo-Pedagogico-transparente-e1689854632950.png\u00bb title_text=\u00bb0-Logo-Museo-Pedagogico-transparente-recortado\u00bb align_tablet=\u00bb\u00bb align_phone=\u00bbcenter\u00bb align_last_edited=\u00bbon|phone\u00bb _builder_version=\u00bb4.17.4&#8243; _module_preset=\u00bbdefault\u00bb width=\u00bb50%\u00bb width_tablet=\u00bb70%\u00bb width_phone=\u00bb50%\u00bb width_last_edited=\u00bbon|tablet\u00bb hover_enabled=\u00bb0&#8243; global_colors_info=\u00bb{}\u00bb sticky_enabled=\u00bb0&#8243; module_alignment_last_edited=\u00bbon|tablet\u00bb module_alignment_tablet=\u00bbcenter\u00bb module_alignment_phone=\u00bbcenter\u00bb][\/et_pb_image][\/et_pb_column][et_pb_column type=\u00bb3_5&#8243; _builder_version=\u00bb4.17.4&#8243; _module_preset=\u00bbdefault\u00bb global_colors_info=\u00bb{}\u00bb][et_pb_text content_tablet=\u00bb<\/p>\n<p><strong><\/strong><\/p>\n<p style=%22text-align: center;%22><strong>BOLSO LIMOSNERO<\/strong><\/p>\n<p>\u00bb content_phone=\u00bb<\/p>\n<p><strong><\/strong><\/p>\n<p style=%22text-align: center;%22><strong>BOLSO <\/strong><\/p>\n<p style=%22text-align: center;%22><strong>LIMOSNERO<\/strong><\/p>\n<p>\u00bb content_last_edited=\u00bbon|phone\u00bb _builder_version=\u00bb4.17.4&#8243; _module_preset=\u00bbdefault\u00bb text_text_color=\u00bb#000000&#8243; text_font_size=\u00bb58px\u00bb transform_scale_tablet=\u00bb\u00bb transform_scale_phone=\u00bb\u00bb transform_scale_last_edited=\u00bbon|tablet\u00bb transform_translate_tablet=\u00bb72px|-7px\u00bb transform_translate_phone=\u00bb64px|-7px\u00bb transform_translate_last_edited=\u00bbon|tablet\u00bb transform_rotate_tablet=\u00bb\u00bb transform_rotate_phone=\u00bb\u00bb transform_rotate_last_edited=\u00bbon|tablet\u00bb transform_skew_tablet=\u00bb\u00bb transform_skew_phone=\u00bb\u00bb transform_skew_last_edited=\u00bbon|tablet\u00bb transform_origin_tablet=\u00bb\u00bb transform_origin_phone=\u00bb\u00bb transform_origin_last_edited=\u00bbon|tablet\u00bb transform_styles_last_edited=\u00bbon|tablet\u00bb custom_margin=\u00bb|||-127px||\u00bb text_font_size_tablet=\u00bb58px\u00bb text_font_size_phone=\u00bb42px\u00bb text_font_size_last_edited=\u00bbon|phone\u00bb transform_styles_tablet=\u00bb\u00bb transform_styles_phone=\u00bb\u00bb module_alignment_tablet=\u00bbcenter\u00bb module_alignment_phone=\u00bbcenter\u00bb module_alignment_last_edited=\u00bbon|tablet\u00bb global_colors_info=\u00bb{}\u00bb]<\/p>\n<p><strong><\/strong><\/p>\n<p><strong>BOLSO LIMOSNERO<\/strong><\/p>\n<p>[\/et_pb_text][et_pb_text content_tablet=\u00bb<\/p>\n<p style=%22text-align: center;%22><strong><\/strong><\/p>\n<p style=%22text-align: center;%22><strong>HERNANDO VI DISFRUTANDO Y YO CON <\/strong><\/p>\n<p style=%22text-align: center;%22><strong>EL BOLSO DANDO<\/strong><\/p>\n<p>\u00bb content_phone=\u00bb<\/p>\n<p style=%22text-align: center;%22><strong><\/strong><\/p>\n<p style=%22text-align: center;%22><strong>HERNANDO VI DISFRUTANDO Y <\/strong><\/p>\n<p style=%22text-align: center;%22><strong>YO CON EL BOLSO DANDO<\/strong><\/p>\n<p>\u00bb content_last_edited=\u00bbon|phone\u00bb _builder_version=\u00bb4.17.4&#8243; _module_preset=\u00bbdefault\u00bb text_text_color=\u00bb#8E8E8E\u00bb text_font_size=\u00bb32px\u00bb text_line_height=\u00bb1.8em\u00bb transform_scale_tablet=\u00bb\u00bb transform_scale_phone=\u00bb\u00bb transform_scale_last_edited=\u00bbon|tablet\u00bb transform_translate_tablet=\u00bb151px|-10px\u00bb transform_translate_phone=\u00bb151px|-10px\u00bb transform_translate_last_edited=\u00bbon|tablet\u00bb transform_rotate_tablet=\u00bb\u00bb transform_rotate_phone=\u00bb\u00bb transform_rotate_last_edited=\u00bbon|tablet\u00bb transform_skew_tablet=\u00bb\u00bb transform_skew_phone=\u00bb\u00bb transform_skew_last_edited=\u00bbon|tablet\u00bb transform_origin_tablet=\u00bb\u00bb transform_origin_phone=\u00bb\u00bb transform_origin_last_edited=\u00bbon|tablet\u00bb transform_styles_last_edited=\u00bbon|tablet\u00bb custom_margin=\u00bb|||-295px||\u00bb text_font_size_tablet=\u00bb32px\u00bb text_font_size_phone=\u00bb24px\u00bb text_font_size_last_edited=\u00bbon|desktop\u00bb transform_styles_tablet=\u00bb\u00bb transform_styles_phone=\u00bb\u00bb global_colors_info=\u00bb{}\u00bb]<\/p>\n<p><strong>HERNANDO VI DISFRUTANDO <\/strong><strong>Y YO <\/strong><strong>CON EL BOLSO DANDO<\/strong><\/p>\n<p>[\/et_pb_text][\/et_pb_column][\/et_pb_row][et_pb_row _builder_version=\u00bb4.17.4&#8243; _module_preset=\u00bbdefault\u00bb global_colors_info=\u00bb{}\u00bb][et_pb_column type=\u00bb4_4&#8243; _builder_version=\u00bb4.17.4&#8243; _module_preset=\u00bbdefault\u00bb global_colors_info=\u00bb{}\u00bb][et_pb_text _builder_version=\u00bb4.17.4&#8243; _module_preset=\u00bbdefault\u00bb global_colors_info=\u00bb{}\u00bb]<\/p>\n<h1 style=\"text-align: center;\">Jorge Zarauza Castro<\/h1>\n<p><span class=\"EOP SCXW150617363 BCX9\" data-ccp-props=\"{&quot;201341983&quot;:0,&quot;335551550&quot;:3,&quot;335551620&quot;:3,&quot;335559739&quot;:0,&quot;335559740&quot;:240}\"><span class=\"EOP SCXW184100114 BCX9\" data-ccp-props=\"{&quot;201341983&quot;:0,&quot;335551550&quot;:3,&quot;335551620&quot;:3,&quot;335559739&quot;:0,&quot;335559740&quot;:240}\"><span data-contrast=\"auto\" xml:lang=\"ES-ES\" lang=\"ES-ES\" class=\"TextRun SCXW37953205 BCX9\"><span class=\"NormalTextRun SCXW37953205 BCX9\"><span data-contrast=\"auto\" xml:lang=\"ES-ES\" lang=\"ES-ES\" class=\"TextRun SCXW144867011 BCX9\"><span class=\"NormalTextRun SCXW144867011 BCX9\"><span class=\"EOP SCXW91137730 BCX9\" data-ccp-props=\"{&quot;335551550&quot;:3,&quot;335551620&quot;:3}\"><\/span><\/span><\/span><\/span><\/span><\/span><\/span><\/p>\n<h4 style=\"text-align: center;\">Centro Universitario San Isidoro (Sevilla)<\/h4>\n<p><span data-contrast=\"auto\" xml:lang=\"ES-ES\" lang=\"ES-ES\" class=\"TextRun SCXW38795511 BCX9\"><span class=\"NormalTextRun SCXW38795511 BCX9\"><\/span><\/span><\/p>\n<p style=\"text-align: center;\"><span data-contrast=\"auto\"><\/span><\/p>\n<h6 style=\"text-align: center;\"><span style=\"color: #8e8e8e;\"><span data-contrast=\"none\" xml:lang=\"ES-ES\" lang=\"ES-ES\" class=\"TextRun Underlined SCXW183494506 BCX9\" style=\"color: #8e8e8e;\"><span class=\"NormalTextRun SCXW183494506 BCX9\" data-ccp-charstyle=\"Hyperlink\"><a class=\"Hyperlink SCXW183494506 BCX9\" href=\"mailto:eulalia@uvic.cat\" target=\"_blank\" rel=\"noreferrer noopener\">jzarauza@centrosanisidoro.es<\/a><\/span><\/span><\/span><\/h6>\n<p>[\/et_pb_text][\/et_pb_column][\/et_pb_row][et_pb_row column_structure=\u00bb1_4,3_4&#8243; _builder_version=\u00bb4.17.4&#8243; _module_preset=\u00bbdefault\u00bb width=\u00bb100%\u00bb max_width=\u00bb2560px\u00bb global_colors_info=\u00bb{}\u00bb][et_pb_column type=\u00bb1_4&#8243; _builder_version=\u00bb4.17.4&#8243; _module_preset=\u00bbdefault\u00bb global_colors_info=\u00bb{}\u00bb][et_pb_image src=\u00bbhttps:\/\/grupo.us.es\/mujeryeducacion\/wp-content\/uploads\/2023\/05\/image002-6.jpg\u00bb title_text=\u00bbimage002-6&#8243; align_tablet=\u00bbcenter\u00bb align_phone=\u00bbcenter\u00bb align_last_edited=\u00bbon|tablet\u00bb _builder_version=\u00bb4.17.4&#8243; _module_preset=\u00bbdefault\u00bb width=\u00bb100%\u00bb max_width=\u00bb100%\u00bb max_width_tablet=\u00bb100%\u00bb max_width_phone=\u00bb89%\u00bb max_width_last_edited=\u00bbon|phone\u00bb custom_margin=\u00bb||28px|20px|false|false\u00bb global_colors_info=\u00bb{}\u00bb][\/et_pb_image][et_pb_text content_tablet=\u00bb<\/p>\n<p style=%22text-align: center;%22><strong>Pandereta. Museo Pedag\u00f3gico de la Facultad de Ciencias de la Educaci\u00f3n de la Universidad de Sevilla<\/strong><\/p>\n<p>\u00bb content_phone=\u00bb<\/p>\n<p style=%22text-align: center;%22><strong>Pandereta. Museo Pedag\u00f3gico de la Facultad de Ciencias de la Educaci\u00f3n de la Universidad de Sevilla<\/strong><\/p>\n<p>\u00bb content_last_edited=\u00bboff|desktop\u00bb _builder_version=\u00bb4.17.4&#8243; _module_preset=\u00bbdefault\u00bb custom_margin=\u00bb|||20px|false|false\u00bb global_colors_info=\u00bb{}\u00bb]<\/p>\n<p><strong>Bolso limosnero. Museo Pedag\u00f3gico de la Facultad de Ciencias de la Educaci\u00f3n de la Universidad de Sevilla<\/strong><\/p>\n<p>[\/et_pb_text][\/et_pb_column][et_pb_column type=\u00bb3_4&#8243; _builder_version=\u00bb4.17.4&#8243; _module_preset=\u00bbdefault\u00bb global_colors_info=\u00bb{}\u00bb][et_pb_text _builder_version=\u00bb4.17.4&#8243; _module_preset=\u00bbdefault\u00bb text_text_color=\u00bb#000000&#8243; text_font_size=\u00bb18px\u00bb text_line_height=\u00bb1.8em\u00bb max_width_tablet=\u00bb95%\u00bb max_width_phone=\u00bb90%\u00bb max_width_last_edited=\u00bbon|tablet\u00bb custom_margin_tablet=\u00bb|||20px|false|false\u00bb custom_margin_phone=\u00bb|||20px|false|false\u00bb custom_margin_last_edited=\u00bbon|tablet\u00bb text_font_size_tablet=\u00bb16px\u00bb text_font_size_phone=\u00bb16px\u00bb text_font_size_last_edited=\u00bbon|tablet\u00bb global_colors_info=\u00bb{}\u00bb]<\/p>\n<p><strong>Queridos lectores, me presento. Soy Juana D\u00edaz de Arriate, m\u00e1s conocida como \u201cLa cortesana que mat\u00f3 al rey Hernando VI con un bolso limosnero\u201d. Aprovecho para denunciar que el nombre con el que se me conoci\u00f3 p\u00fablicamente fue impuesto por la prensa de la \u00e9poca. Como supondr\u00e9is, los diarios que llenaban sus portadas con mi cara, las injuriosas declaraciones de mis enemigos e, incluso, las \u00faltimas palabras de mi padre antes de fallecer no tuvieron en cuenta mis altos conocimientos en marketing a la hora de mi bautizo p\u00fablico. De ser as\u00ed, mis apodos ser\u00edan: \u201cLa mujer que se cans\u00f3 de aguantar a un sob\u00f3n\u201d o \u201c\u00a1Cari\u00f1o, soy cortesana, pero no tu fulana!\u201d. Estoy segur\u00edsima que, si el protagonista de esta historia fuese un hombre, tendr\u00eda un buen apodo, mucha m\u00e1s publicidad y un s\u00e9quito de admiradoras.<\/strong><\/p>\n<p><strong>Antes de continuar, debo aclarar que soy cortesana, entendi\u00e9ndose dicho t\u00e9rmino como mujer guapa, pizpireta, de pocos recursos, con una gran inteligencia y un metabolismo envidiable, que sirve al rey en la corte. Como pod\u00e9is ver por la descripci\u00f3n que os he hecho, entre mis labores como cortesana no est\u00e1n las de acostarme con el monarca o servir como atracci\u00f3n de feria para sus bacanales extramatrimoniales. Por lo tanto, en mi caso, no se debe confundir cortesana con ramera o chica de compa\u00f1\u00eda. <\/strong><\/p>\n<p>[\/et_pb_text][\/et_pb_column][\/et_pb_row][et_pb_row column_structure=\u00bb2_3,1_3&#8243; _builder_version=\u00bb4.17.4&#8243; _module_preset=\u00bbdefault\u00bb width=\u00bb100%\u00bb max_width=\u00bb2560px\u00bb custom_padding=\u00bb41px|||||\u00bb global_colors_info=\u00bb{}\u00bb][et_pb_column type=\u00bb2_3&#8243; _builder_version=\u00bb4.17.4&#8243; _module_preset=\u00bbdefault\u00bb global_colors_info=\u00bb{}\u00bb][et_pb_text _builder_version=\u00bb4.17.4&#8243; _module_preset=\u00bbdefault\u00bb text_text_color=\u00bb#000000&#8243; text_font_size=\u00bb18px\u00bb text_line_height=\u00bb1.8em\u00bb max_width_tablet=\u00bb95%\u00bb max_width_phone=\u00bb90%\u00bb max_width_last_edited=\u00bbon|tablet\u00bb custom_margin=\u00bb|||20px|false|false\u00bb text_font_size_tablet=\u00bb16px\u00bb text_font_size_phone=\u00bb16px\u00bb text_font_size_last_edited=\u00bbon|tablet\u00bb global_colors_info=\u00bb{}\u00bb]<\/p>\n<p><strong>No os cre\u00e1is que mi sue\u00f1o de peque\u00f1a era ser cortesana, ni mucho menos, pero mi andadura laboral no ha sido un camino de rosas. Lejos queda mi deseo de ser maestra de un peque\u00f1o pueblo de la sierra de Huelva, tejedora de mantones de manila en la capital o artista. Sin embargo, y debido a los avatares de la vida, la cabezoner\u00eda de unos padres estrictos y ciertos problemas econ\u00f3micos, empec\u00e9 a trabajar muy pronto. No hay que olvidar que soy la cuarta de doce hermanos, \u201cla docena de septiembre\u201d nos llamaban en el pueblo, ya que todos nacimos dicho mes. Debe ser que mis padres ten\u00edan mucho fr\u00edo en los meses de invierno y pasaban m\u00e1s rato en la cama que fuera. Enero siempre fue un mes de poco trabajo en el campo y mucha lujuria en casa.<\/strong><\/p>\n<p>[\/et_pb_text][\/et_pb_column][et_pb_column type=\u00bb1_3&#8243; _builder_version=\u00bb4.17.4&#8243; _module_preset=\u00bbdefault\u00bb global_colors_info=\u00bb{}\u00bb][et_pb_image src=\u00bbhttps:\/\/grupo.us.es\/mujeryeducacion\/wp-content\/uploads\/2023\/05\/image002-6.jpg\u00bb title_text=\u00bbimage002-6&#8243; align_tablet=\u00bbcenter\u00bb align_phone=\u00bbcenter\u00bb align_last_edited=\u00bbon|tablet\u00bb _builder_version=\u00bb4.17.4&#8243; _module_preset=\u00bbdefault\u00bb global_colors_info=\u00bb{}\u00bb][\/et_pb_image][\/et_pb_column][\/et_pb_row][et_pb_row _builder_version=\u00bb4.17.4&#8243; _module_preset=\u00bbdefault\u00bb width=\u00bb90%\u00bb max_width=\u00bb2560px\u00bb custom_margin=\u00bb|||20px|false|false\u00bb global_colors_info=\u00bb{}\u00bb][et_pb_column type=\u00bb4_4&#8243; _builder_version=\u00bb4.17.4&#8243; _module_preset=\u00bbdefault\u00bb global_colors_info=\u00bb{}\u00bb][et_pb_text _builder_version=\u00bb4.17.4&#8243; _module_preset=\u00bbdefault\u00bb text_text_color=\u00bb#000000&#8243; text_font_size=\u00bb18px\u00bb text_line_height=\u00bb1.8em\u00bb max_width_tablet=\u00bb100%\u00bb max_width_phone=\u00bb100%\u00bb max_width_last_edited=\u00bbon|tablet\u00bb text_font_size_tablet=\u00bb16px\u00bb text_font_size_phone=\u00bb16px\u00bb text_font_size_last_edited=\u00bbon|tablet\u00bb global_colors_info=\u00bb{}\u00bb]<\/p>\n<p><strong>Con 10 a\u00f1os me fui de casa con una maleta y dos reales en el bolsillo. De hecho, tras varios robos sufridos por caminos pocos seguros y alg\u00fan que otro descuido, mis pertenencias familiares se vieron reducidas a lo m\u00ednimo. Os puedo asegurar que en el fondo del ba\u00fal de mi cuarto s\u00f3lo guardo un peque\u00f1o espejo, unos pendientes de carey herencia de mi hermana la mayor y el bolso limosnero con el que hice la comuni\u00f3n. Dicho objeto es peculiar, ya que son dos conchas de una misma vieira, ambas en color blanco roto y diminutas motas marrones, que est\u00e1n unidas a una delicada tela francesa en un tono verde oliva y una puntillita puesta por mi. En ese bolso he guardado grandes recuerdos, alguna moneda y m\u00e1s de un sue\u00f1o imposible. Os tengo que confesar que, de todas mis pertenencias, al objeto que m\u00e1s cari\u00f1o le guardo es a ese bolso, ya que fue un detalle de mi abuelo Lolo, un marinero rudo, de car\u00e1cter \u00e1spero como la arena de las playas del cant\u00e1brico, de piel morena por las horas al sol, parco en palabras y la persona que m\u00e1s he querido en mi vida.<\/strong><\/p>\n<p><strong>Terminadas las presentaciones, debo se\u00f1alar que la historia que aqu\u00ed nos concierne comenz\u00f3 un lluvioso martes 13 de diciembre de 1806, una fecha que marc\u00f3 un antes y un despu\u00e9s en la ciudad de C\u00e1diz. Como ya os he comentado, era un miembro m\u00e1s de la corte del rey, un elemento clave de la plantilla empresarial del imperio mon\u00e1rquico de los reyes Hernando VI y su dulce mujer, Gregoria I de Valpuesta.<\/strong><\/p>\n<p><strong>Aquel diciembre nos encontr\u00e1bamos de turn\u00e9 por los terrenos del reino, tras varias semanas de viaje, alguna que otra parada repentina, diversos festejos, varias discusiones p\u00fablicas entre Gregoria y Hernando, y alg\u00fan que otro noviazgo expr\u00e9s por tierras extreme\u00f1as que me alegraron el alma y me hicieron reencontrarme con esos paisajes de la dehesa, llegamos a nuestro destino, la ciudad de C\u00e1diz, emplazamiento invernal en los meses m\u00e1s fr\u00edos del a\u00f1o. Ya sab\u00e9is que a todo buen soberano no hay nada que le guste m\u00e1s que el buen tiempo, el pescadito fr\u00edo y el acento andaluz.<\/strong><\/p>\n<p><strong>Tras un lunes administrativo repleto de tratados y negociaciones, empez\u00e1bamos un martes con una agenda desahogada. A las 12 ten\u00edamos misa en la Iglesia de San Lorenzo M\u00e1rtir, una peque\u00f1a joya gaditana del maestro Juan Agust\u00edn L\u00f3pez Algar\u00edn, que hab\u00eda sido remodelada parcialmente hac\u00eda unas d\u00e9cadas. Os confieso que no ten\u00eda ninguna gana de ir, ya que me hab\u00edan hablado de una tienda de telas maravillosa cerca de la C\u00e1rcel Real, pero el deber es el deber y hay veces que toca ir a misa.<\/strong><\/p>\n<p><strong>Antes de salir camino de la parroquia, me acerqu\u00e9 a los aposentos de su majestad para ver si necesitaba ayuda o quer\u00eda repasar el discurso que iba a dar, como veis, soy una mezcla entre sirvienta y jefa del gabinete de comunicaci\u00f3n de palacio. Nada m\u00e1s abrir la puerta, me di cuenta de que algo no iba bien, ya que un fuerte olor a vino oloroso me golpe\u00f3 la cara. La verdad es que el panorama que me encontr\u00e9 me desconcert\u00f3 por completo, ya que Hernando no era muy de beber. En ese instante, una mano robusta me agarr\u00f3 por la cintura y la otra me empez\u00f3 a palpar los pechos, dos acciones que no iba a consentir a nadie, por muy rey que fuese. Me solt\u00e9 como pude y golpe\u00e9 la cabeza del monarca con mi bolso limosnero, con tal mala suerte que, tras aturdir al rey, este tropez\u00f3 con las lujosas alfombras que cubr\u00edan el suelo de palacio y la nuca del monarca fue a parar a la esquina afilada de la mesita de noche, muriendo en el acto.<\/strong><\/p>\n<p><strong>Mi cabeza, pragm\u00e1tica para estas cosas, lo primero que pens\u00f3 fue por qu\u00e9 no me hab\u00eda quedado en Extremadura con alguno de esos le\u00f1adores que hab\u00eda conocido durante mi estancia. Tambi\u00e9n pens\u00e9 en la forma m\u00e1s r\u00e1pida de llegar a Portugal sin ser detenida, donde montar\u00eda una tienda de toallas y ropa interior con la que comenzar de cero. Sin embargo, pocas cosas salen como una planea y todo cambi\u00f3 por completo cuando me di cuenta que desde entre las s\u00e1banas de la cama del rey una figura masculina me observaba inm\u00f3vil y ojipl\u00e1tica ante lo que acababa de ver y lo que una servidora hab\u00eda descubierto. <\/strong><\/p>\n<p>[\/et_pb_text][\/et_pb_column][\/et_pb_row][\/et_pb_section]<\/p>\n","protected":false},"excerpt":{"rendered":"<p>BOLSO LIMOSNEROHERNANDO VI DISFRUTANDO Y YO CON EL BOLSO DANDOJorge Zarauza Castro Centro Universitario San Isidoro (Sevilla) jzarauza@centrosanisidoro.esBolso limosnero. Museo Pedag\u00f3gico de la Facultad de Ciencias de la Educaci\u00f3n de la Universidad de SevillaQueridos lectores, me presento. Soy Juana D\u00edaz de Arriate, m\u00e1s conocida como \u201cLa cortesana que mat\u00f3 al rey Hernando VI con un [&hellip;]<\/p>\n","protected":false},"author":1,"featured_media":0,"parent":0,"menu_order":0,"comment_status":"closed","ping_status":"closed","template":"","meta":{"_et_pb_use_builder":"on","_et_pb_old_content":"","_et_gb_content_width":"","footnotes":""},"class_list":["post-4360","page","type-page","status-publish","hentry"],"_links":{"self":[{"href":"https:\/\/grupo.us.es\/mujeryeducacion\/wp-json\/wp\/v2\/pages\/4360","targetHints":{"allow":["GET"]}}],"collection":[{"href":"https:\/\/grupo.us.es\/mujeryeducacion\/wp-json\/wp\/v2\/pages"}],"about":[{"href":"https:\/\/grupo.us.es\/mujeryeducacion\/wp-json\/wp\/v2\/types\/page"}],"author":[{"embeddable":true,"href":"https:\/\/grupo.us.es\/mujeryeducacion\/wp-json\/wp\/v2\/users\/1"}],"replies":[{"embeddable":true,"href":"https:\/\/grupo.us.es\/mujeryeducacion\/wp-json\/wp\/v2\/comments?post=4360"}],"version-history":[{"count":5,"href":"https:\/\/grupo.us.es\/mujeryeducacion\/wp-json\/wp\/v2\/pages\/4360\/revisions"}],"predecessor-version":[{"id":5205,"href":"https:\/\/grupo.us.es\/mujeryeducacion\/wp-json\/wp\/v2\/pages\/4360\/revisions\/5205"}],"wp:attachment":[{"href":"https:\/\/grupo.us.es\/mujeryeducacion\/wp-json\/wp\/v2\/media?parent=4360"}],"curies":[{"name":"wp","href":"https:\/\/api.w.org\/{rel}","templated":true}]}}