{"id":4314,"date":"2023-07-25T12:20:10","date_gmt":"2023-07-25T12:20:10","guid":{"rendered":"https:\/\/grupo.us.es\/mujeryeducacion\/?page_id=4314"},"modified":"2023-09-07T12:14:35","modified_gmt":"2023-09-07T12:14:35","slug":"04-cesta-escolar","status":"publish","type":"page","link":"https:\/\/grupo.us.es\/mujeryeducacion\/04-cesta-escolar\/","title":{"rendered":"04. Cesta escolar"},"content":{"rendered":"<p>[et_pb_section fb_built=\u00bb1&#8243; _builder_version=\u00bb4.17.4&#8243; _module_preset=\u00bbdefault\u00bb background_color=\u00bb#F6EFE7&#8243; custom_padding=\u00bb2px|||||\u00bb custom_css_main_element=\u00bbdisplay=flex;\u00bb global_colors_info=\u00bb{}\u00bb][et_pb_row _builder_version=\u00bb4.17.4&#8243; _module_preset=\u00bbdefault\u00bb width=\u00bb100%\u00bb max_width=\u00bb2560px\u00bb custom_padding=\u00bb0px|||||\u00bb global_colors_info=\u00bb{}\u00bb][et_pb_column type=\u00bb4_4&#8243; _builder_version=\u00bb4.17.4&#8243; _module_preset=\u00bbdefault\u00bb global_colors_info=\u00bb{}\u00bb][et_pb_slider _builder_version=\u00bb4.17.4&#8243; _module_preset=\u00bbdefault\u00bb global_colors_info=\u00bb{}\u00bb][et_pb_slide image=\u00bbhttps:\/\/grupo.us.es\/mujeryeducacion\/wp-content\/uploads\/2023\/05\/cesta-escolar.png\u00bb _builder_version=\u00bb4.17.4&#8243; _module_preset=\u00bbdefault\u00bb background_color=\u00bbRGBA(255,255,255,0)\u00bb background_enable_color=\u00bbon\u00bb background_image=\u00bbhttps:\/\/grupo.us.es\/mujeryeducacion\/wp-content\/uploads\/2023\/05\/cesta-escolar.png\u00bb background_enable_image=\u00bbon\u00bb global_colors_info=\u00bb{}\u00bb sticky_transition=\u00bbon\u00bb][\/et_pb_slide][\/et_pb_slider][\/et_pb_column][\/et_pb_row][et_pb_row column_structure=\u00bb1_3,2_3&#8243; make_equal=\u00bbon\u00bb _builder_version=\u00bb4.17.4&#8243; _module_preset=\u00bbdefault\u00bb width=\u00bb100%\u00bb max_width=\u00bb2560px\u00bb global_colors_info=\u00bb{}\u00bb][et_pb_column type=\u00bb1_3&#8243; _builder_version=\u00bb4.17.4&#8243; _module_preset=\u00bbdefault\u00bb global_colors_info=\u00bb{}\u00bb][et_pb_image src=\u00bbhttps:\/\/grupo.us.es\/mujeryeducacion\/wp-content\/uploads\/2023\/07\/0-Logo-Museo-Pedagogico-transparente-e1689854632950.png\u00bb title_text=\u00bb0-Logo-Museo-Pedagogico-transparente-recortado\u00bb align_tablet=\u00bb\u00bb align_phone=\u00bbcenter\u00bb align_last_edited=\u00bbon|phone\u00bb _builder_version=\u00bb4.17.4&#8243; _module_preset=\u00bbdefault\u00bb width=\u00bb70%\u00bb hover_enabled=\u00bb0&#8243; global_colors_info=\u00bb{}\u00bb width_last_edited=\u00bbon|tablet\u00bb sticky_enabled=\u00bb0&#8243; width_tablet=\u00bb70%\u00bb module_alignment_last_edited=\u00bbon|tablet\u00bb module_alignment_tablet=\u00bbcenter\u00bb width_phone=\u00bb70%\u00bb module_alignment_phone=\u00bbcenter\u00bb][\/et_pb_image][\/et_pb_column][et_pb_column type=\u00bb2_3&#8243; _builder_version=\u00bb4.17.4&#8243; _module_preset=\u00bbdefault\u00bb global_colors_info=\u00bb{}\u00bb][et_pb_text content_tablet=\u00bb<\/p>\n<p><strong><\/strong><\/p>\n<p style=%22text-align: center;%22><strong>CESTA ESCOLAR<\/strong><\/p>\n<p>\u00bb content_phone=\u00bb<\/p>\n<p><strong><\/strong><\/p>\n<p style=%22text-align: center;%22><strong>CESTA ESCOLAR<\/strong><\/p>\n<p>\u00bb content_last_edited=\u00bbon|desktop\u00bb _builder_version=\u00bb4.17.4&#8243; _module_preset=\u00bbdefault\u00bb text_text_color=\u00bb#000000&#8243; text_font_size=\u00bb58px\u00bb transform_scale_tablet=\u00bb\u00bb transform_scale_phone=\u00bb\u00bb transform_scale_last_edited=\u00bbon|tablet\u00bb transform_translate_tablet=\u00bb\u00bb transform_translate_phone=\u00bb3px|0px\u00bb transform_translate_last_edited=\u00bbon|tablet\u00bb transform_rotate_tablet=\u00bb\u00bb transform_rotate_phone=\u00bb\u00bb transform_rotate_last_edited=\u00bbon|tablet\u00bb transform_skew_tablet=\u00bb\u00bb transform_skew_phone=\u00bb\u00bb transform_skew_last_edited=\u00bbon|tablet\u00bb transform_origin_tablet=\u00bb\u00bb transform_origin_phone=\u00bb\u00bb transform_origin_last_edited=\u00bbon|tablet\u00bb transform_styles_last_edited=\u00bbon|tablet\u00bb text_font_size_tablet=\u00bb58px\u00bb text_font_size_phone=\u00bb42px\u00bb text_font_size_last_edited=\u00bbon|phone\u00bb transform_styles_tablet=\u00bb\u00bb transform_styles_phone=\u00bb\u00bb module_alignment_tablet=\u00bbcenter\u00bb module_alignment_phone=\u00bbcenter\u00bb module_alignment_last_edited=\u00bbon|tablet\u00bb global_colors_info=\u00bb{}\u00bb]<\/p>\n<p><strong><\/strong><\/p>\n<p><strong>CESTA ESCOLAR<\/strong><\/p>\n<p>[\/et_pb_text][et_pb_text content_tablet=\u00bb<\/p>\n<p style=%22text-align: center;%22><strong><\/strong><\/p>\n<p><strong>                                       LA HORA DE LA MERIENDA<\/strong><\/p>\n<p>\u00bb content_phone=\u00bb<\/p>\n<p style=%22text-align: center;%22><strong><\/strong><\/p>\n<p style=%22text-align: center;%22><strong> LA HORA DE LA MERIENDA<\/strong><\/p>\n<p>\u00bb content_last_edited=\u00bbon|phone\u00bb _builder_version=\u00bb4.17.4&#8243; _module_preset=\u00bbdefault\u00bb text_text_color=\u00bb#8E8E8E\u00bb text_font_size=\u00bb32px\u00bb text_line_height=\u00bb1.8em\u00bb transform_scale_tablet=\u00bb\u00bb transform_scale_phone=\u00bb\u00bb transform_scale_last_edited=\u00bbon|tablet\u00bb transform_translate_tablet=\u00bb151px|-10px\u00bb transform_translate_phone=\u00bb259px|-22px\u00bb transform_translate_last_edited=\u00bbon|tablet\u00bb transform_rotate_tablet=\u00bb\u00bb transform_rotate_phone=\u00bb\u00bb transform_rotate_last_edited=\u00bbon|tablet\u00bb transform_skew_tablet=\u00bb\u00bb transform_skew_phone=\u00bb\u00bb transform_skew_last_edited=\u00bbon|tablet\u00bb transform_origin_tablet=\u00bb\u00bb transform_origin_phone=\u00bb\u00bb transform_origin_last_edited=\u00bbon|tablet\u00bb transform_styles_last_edited=\u00bbon|tablet\u00bb custom_margin=\u00bb|||-295px||\u00bb custom_padding=\u00bb|218px||0px||\u00bb text_font_size_tablet=\u00bb32px\u00bb text_font_size_phone=\u00bb24px\u00bb text_font_size_last_edited=\u00bbon|desktop\u00bb transform_styles_tablet=\u00bb\u00bb transform_styles_phone=\u00bb\u00bb global_colors_info=\u00bb{}\u00bb]<\/p>\n<p style=\"text-align: center;\"><strong>LA HORA DE LA MERIENDA<\/strong><\/p>\n<p>[\/et_pb_text][\/et_pb_column][\/et_pb_row][et_pb_row _builder_version=\u00bb4.17.4&#8243; _module_preset=\u00bbdefault\u00bb global_colors_info=\u00bb{}\u00bb][et_pb_column type=\u00bb4_4&#8243; _builder_version=\u00bb4.17.4&#8243; _module_preset=\u00bbdefault\u00bb global_colors_info=\u00bb{}\u00bb][et_pb_text _builder_version=\u00bb4.17.4&#8243; _module_preset=\u00bbdefault\u00bb global_colors_info=\u00bb{}\u00bb]<\/p>\n<h1 style=\"text-align: center;\">Elena L\u00f3pez Gil<\/h1>\n<p><span class=\"EOP SCXW150617363 BCX9\" data-ccp-props=\"{&quot;201341983&quot;:0,&quot;335551550&quot;:3,&quot;335551620&quot;:3,&quot;335559739&quot;:0,&quot;335559740&quot;:240}\"><span class=\"EOP SCXW184100114 BCX9\" data-ccp-props=\"{&quot;201341983&quot;:0,&quot;335551550&quot;:3,&quot;335551620&quot;:3,&quot;335559739&quot;:0,&quot;335559740&quot;:240}\"><span data-contrast=\"auto\" xml:lang=\"ES-ES\" lang=\"ES-ES\" class=\"TextRun SCXW37953205 BCX9\"><span class=\"NormalTextRun SCXW37953205 BCX9\"><span data-contrast=\"auto\" xml:lang=\"ES-ES\" lang=\"ES-ES\" class=\"TextRun SCXW144867011 BCX9\"><span class=\"NormalTextRun SCXW144867011 BCX9\"><span class=\"EOP SCXW91137730 BCX9\" data-ccp-props=\"{&quot;335551550&quot;:3,&quot;335551620&quot;:3}\"><\/span><\/span><\/span><\/span><\/span><\/span><\/span><\/p>\n<h4 style=\"text-align: center;\">Asociaci\u00f3n de Muse\u00f3logos y Muse\u00f3grafos de Andaluc\u00eda. AMMA<\/h4>\n<p><span data-contrast=\"auto\" xml:lang=\"ES-ES\" lang=\"ES-ES\" class=\"TextRun SCXW38795511 BCX9\"><span class=\"NormalTextRun SCXW38795511 BCX9\"><\/span><\/span><\/p>\n<p style=\"text-align: center;\"><span data-contrast=\"auto\"><\/span><\/p>\n<h6 style=\"text-align: center;\"><span style=\"color: #8e8e8e;\"><span data-contrast=\"none\" xml:lang=\"ES-ES\" lang=\"ES-ES\" class=\"TextRun Underlined SCXW183494506 BCX9\" style=\"color: #8e8e8e;\"><span class=\"NormalTextRun SCXW183494506 BCX9\" data-ccp-charstyle=\"Hyperlink\"><a class=\"Hyperlink SCXW183494506 BCX9\" href=\"mailto:eulalia@uvic.cat\" target=\"_blank\" rel=\"noreferrer noopener\">elena@asoc-amma.org<\/a><\/span><\/span><\/span><\/h6>\n<p>[\/et_pb_text][\/et_pb_column][\/et_pb_row][et_pb_row column_structure=\u00bb1_4,3_4&#8243; _builder_version=\u00bb4.17.4&#8243; _module_preset=\u00bbdefault\u00bb width=\u00bb100%\u00bb max_width=\u00bb2560px\u00bb global_colors_info=\u00bb{}\u00bb][et_pb_column type=\u00bb1_4&#8243; _builder_version=\u00bb4.17.4&#8243; _module_preset=\u00bbdefault\u00bb global_colors_info=\u00bb{}\u00bb][et_pb_image src=\u00bbhttps:\/\/grupo.us.es\/mujeryeducacion\/wp-content\/uploads\/2023\/05\/cesta-escolar.png\u00bb title_text=\u00bbcesta-escolar\u00bb align_tablet=\u00bbcenter\u00bb align_phone=\u00bbcenter\u00bb align_last_edited=\u00bbon|tablet\u00bb _builder_version=\u00bb4.17.4&#8243; _module_preset=\u00bbdefault\u00bb width=\u00bb100%\u00bb max_width=\u00bb100%\u00bb max_width_tablet=\u00bb100%\u00bb max_width_phone=\u00bb89%\u00bb max_width_last_edited=\u00bbon|phone\u00bb custom_margin=\u00bb||28px|20px|false|false\u00bb global_colors_info=\u00bb{}\u00bb][\/et_pb_image][et_pb_text content_tablet=\u00bb<\/p>\n<p style=%22text-align: center;%22><strong>Pandereta. Museo Pedag\u00f3gico de la Facultad de Ciencias de la Educaci\u00f3n de la Universidad de Sevilla<\/strong><\/p>\n<p>\u00bb content_phone=\u00bb<\/p>\n<p style=%22text-align: center;%22><strong>Pandereta. Museo Pedag\u00f3gico de la Facultad de Ciencias de la Educaci\u00f3n de la Universidad de Sevilla<\/strong><\/p>\n<p>\u00bb content_last_edited=\u00bboff|desktop\u00bb _builder_version=\u00bb4.17.4&#8243; _module_preset=\u00bbdefault\u00bb custom_margin=\u00bb|||20px|false|false\u00bb global_colors_info=\u00bb{}\u00bb]<\/p>\n<p><strong>Cesta escolar. Museo Pedag\u00f3gico de la Facultad de Ciencias de la Educaci\u00f3n de la Universidad de Sevilla<\/strong><\/p>\n<p>[\/et_pb_text][\/et_pb_column][et_pb_column type=\u00bb3_4&#8243; _builder_version=\u00bb4.17.4&#8243; _module_preset=\u00bbdefault\u00bb global_colors_info=\u00bb{}\u00bb][et_pb_text _builder_version=\u00bb4.17.4&#8243; _module_preset=\u00bbdefault\u00bb text_text_color=\u00bb#000000&#8243; text_font_size=\u00bb18px\u00bb text_line_height=\u00bb1.8em\u00bb max_width_tablet=\u00bb95%\u00bb max_width_phone=\u00bb90%\u00bb max_width_last_edited=\u00bbon|tablet\u00bb custom_margin_tablet=\u00bb|||20px|false|false\u00bb custom_margin_phone=\u00bb|||20px|false|false\u00bb custom_margin_last_edited=\u00bbon|tablet\u00bb text_font_size_tablet=\u00bb16px\u00bb text_font_size_phone=\u00bb16px\u00bb text_font_size_last_edited=\u00bbon|tablet\u00bb global_colors_info=\u00bb{}\u00bb]<\/p>\n<p><strong>Seg\u00fan la RAE, una cesta es un \u201crecipiente tejido con mimbre, juncos, ca\u00f1as, varillas de sauce u otra madera flexible, que sirve para recoger o llevar ropas, frutas y otros objetos\u201d y en el caso que nos ocupa se utiliza para llevar la comida al colegio. Estas cestas se cierran con una tapa y cuentan con un asa central para facilitar su manejo.<\/strong><\/p>\n<p><strong>El tesauros del Patrimonio Cultural de Espa\u00f1a publicado en la web del Ministerio de Cultura y Deporte, define la t\u00e9cnica de la cester\u00eda como un \u201cConjunto de t\u00e9cnicas para manufacturar cestos, recipientes u otros objetos (indumentaria, juguetes, escobas, etc.) empleando cualquier parte flexible de una planta (ramas, cortezas, tallos, hojas, ra\u00edces) que puede enrollarse con las manos sin que se rompa. Los materiales m\u00e1s empleados tradicionalmente son el esparto, el mimbre, los juncos y las ramas de sauce\u201d. Y continua con una nota \u201cHabitualmente, los artefactos de cester\u00eda se confeccionan con fibras de origen vegetal aunque tambi\u00e9n se han empleado tradicionalmente fibras de origen animal. En la actualidad en la cester\u00eda encontramos tambi\u00e9n fibras procedentes de diversas materias (sint\u00e9ticas, met\u00e1licas, etc.)\u201d.<\/strong><\/p>\n<p>[\/et_pb_text][\/et_pb_column][\/et_pb_row][et_pb_row column_structure=\u00bb2_3,1_3&#8243; _builder_version=\u00bb4.17.4&#8243; _module_preset=\u00bbdefault\u00bb width=\u00bb100%\u00bb max_width=\u00bb2560px\u00bb custom_padding=\u00bb41px|||||\u00bb global_colors_info=\u00bb{}\u00bb][et_pb_column type=\u00bb2_3&#8243; _builder_version=\u00bb4.17.4&#8243; _module_preset=\u00bbdefault\u00bb global_colors_info=\u00bb{}\u00bb][et_pb_text _builder_version=\u00bb4.17.4&#8243; _module_preset=\u00bbdefault\u00bb text_text_color=\u00bb#000000&#8243; text_font_size=\u00bb18px\u00bb text_line_height=\u00bb1.8em\u00bb max_width_tablet=\u00bb95%\u00bb max_width_phone=\u00bb90%\u00bb max_width_last_edited=\u00bbon|tablet\u00bb custom_margin=\u00bb|||20px|false|false\u00bb text_font_size_tablet=\u00bb16px\u00bb text_font_size_phone=\u00bb16px\u00bb text_font_size_last_edited=\u00bbon|tablet\u00bb global_colors_info=\u00bb{}\u00bb]<\/p>\n<p><strong>Seg\u00fan los registros de mayor antig\u00fcedad se sit\u00faan las primeras referencias a esta actividad en el alto Egipto, eran cestos usados para dar forma a algunos de los primeros artefactos de alfarer\u00eda encontrados. La cester\u00eda de mimbre fue un oficio eminentemente masculino y se ejerc\u00eda como complemento econ\u00f3mico a la actividad agr\u00edcola, de ah\u00ed que la dedicaci\u00f3n fuese parcial pero regular. La funcionalidad de estos objetos se asocia a las tareas de transporte, dentro del \u00e1mbito rural, agr\u00edcola y dom\u00e9stico.<\/strong><\/p>\n<p><strong>El mimbre es el material por excelencia de la cester\u00eda artesanal que se caracteriza por ser: ligero, flexible y maleable. Permite realizar gran diversidad de productos y destaca por su durabilidad a pesar de parecer fr\u00e1gil.<\/strong><\/p>\n<p><strong>Empec\u00e9 a ir al colegio a los cuatro a\u00f1os. Mi colegio era un hotelito, que dec\u00edan entonces, entre la Avenida de la Castellana y Calle Serrano de Madrid donde ni\u00f1os y ni\u00f1as aprend\u00edamos y jug\u00e1bamos todos juntos, salvo cuando ven\u00eda un inspector de educaci\u00f3n, que ten\u00edamos que separarnos y ponernos en un aula distinta los chicos y las chicas. Recuerdo bien el recreo, un jard\u00edn que me parec\u00eda inmenso y en el que nos mezcl\u00e1bamos alumnos de todas las edades para jugar a bal\u00f3n prisionero o a polic\u00edas y ladrones.<\/strong><\/p>\n<p>[\/et_pb_text][\/et_pb_column][et_pb_column type=\u00bb1_3&#8243; _builder_version=\u00bb4.17.4&#8243; _module_preset=\u00bbdefault\u00bb global_colors_info=\u00bb{}\u00bb][et_pb_image src=\u00bbhttps:\/\/grupo.us.es\/mujeryeducacion\/wp-content\/uploads\/2023\/05\/cesta-escolar.png\u00bb title_text=\u00bbcesta-escolar\u00bb align_tablet=\u00bbcenter\u00bb align_phone=\u00bbcenter\u00bb align_last_edited=\u00bbon|tablet\u00bb _builder_version=\u00bb4.17.4&#8243; _module_preset=\u00bbdefault\u00bb global_colors_info=\u00bb{}\u00bb][\/et_pb_image][\/et_pb_column][\/et_pb_row][et_pb_row _builder_version=\u00bb4.17.4&#8243; _module_preset=\u00bbdefault\u00bb width=\u00bb90%\u00bb max_width=\u00bb2560px\u00bb custom_margin=\u00bb|||20px|false|false\u00bb global_colors_info=\u00bb{}\u00bb][et_pb_column type=\u00bb4_4&#8243; _builder_version=\u00bb4.17.4&#8243; _module_preset=\u00bbdefault\u00bb global_colors_info=\u00bb{}\u00bb][et_pb_text _builder_version=\u00bb4.17.4&#8243; _module_preset=\u00bbdefault\u00bb text_text_color=\u00bb#000000&#8243; text_font_size=\u00bb18px\u00bb text_line_height=\u00bb1.8em\u00bb max_width_tablet=\u00bb100%\u00bb max_width_phone=\u00bb100%\u00bb max_width_last_edited=\u00bbon|tablet\u00bb text_font_size_tablet=\u00bb16px\u00bb text_font_size_phone=\u00bb16px\u00bb text_font_size_last_edited=\u00bbon|tablet\u00bb global_colors_info=\u00bb{}\u00bb]<\/p>\n<p><strong>De entre todos los objetos que me vienen a la memoria al pensar en aquellos a\u00f1os, la cesta con la merienda primero y la comida despu\u00e9s era algo que nos distingu\u00eda a unos de otros, algunos llevaban una cesta nueva, reci\u00e9n estrenada cada a\u00f1o, bien pintada y con un cierre que funcionaba perfectamente. Otros, sin embargo, llev\u00e1bamos una cesta que hab\u00eda pasado de un hermano a otro y que cuando llegaba a nosotros no estaba en las mejores condiciones. En aquellos a\u00f1os los alumnos regres\u00e1bamos a comer a nuestras casas y era al volver a las clases de la tarde cuando llev\u00e1bamos la cesta con la merienda. As\u00ed, mientras esper\u00e1bamos a que vinieran a buscarnos, merend\u00e1bamos sentados en lo que debi\u00f3 ser la cochera de la casa.<\/strong><\/p>\n<p><strong>Las meriendas de los a\u00f1os 60 consist\u00edan en un bocadillo de pan, siempre de barra, con unas onzas de chocolate dentro o mantequilla untada y espolvoreada de az\u00facar o aceite de oliva con az\u00facar. Los afortunados que merendaban pan con chocolate sacaban de su cesta un buen trozo de pan al que hac\u00edan un agujero donde se met\u00eda el trozo de chocolate para ir comiendo el pan y poco a poco chupar o morder un trocito de chocolate para que durara lo m\u00e1ximo posible. Aunque era un chocolate con mucha harina, pensado para hacer a la taza, tambi\u00e9n se utilizaba para comer. Siempre mir\u00e9 con envidia aquellos bocadillos porque mi madre nunca consinti\u00f3 ni que tom\u00e1ramos chocolate ni que el bocadillo que nos preparaba a mis hermanas y a mi tuviera unas dimensiones mayor de unos cuatro dedos, para que luego cen\u00e1ramos bien, cuando hab\u00eda algunos compa\u00f1eros que tra\u00edan un bocadillo que era algo m\u00e1s de media barra.<\/strong><\/p>\n<p><strong>En nuestra formaci\u00f3n escolar las salidas del colegio eran muy importantes, lo mismo \u00edbamos a ver una excavaci\u00f3n arqueol\u00f3gica, que asist\u00edamos al pisado de la uva para hacer vino o aprend\u00edamos a curtir pieles de animales. Disfrut\u00e1bamos enormemente estas excursiones porque pas\u00e1bamos todo el d\u00eda fuera del colegio y en nuestra cesta llev\u00e1bamos una comida distinta a la de todos los d\u00edas, era una comida de excursi\u00f3n: el consabido bocadillo de filete empanado o de tortilla de patata que nos d\u00e1bamos a probar unos a otros para decidir cu\u00e1l era el mejor.<\/strong><\/p>\n<p><strong>A\u00f1os despu\u00e9s, cuando la mayor\u00eda de los colegios de Madrid cambiaron su ubicaci\u00f3n a las afueras de la capital, se impuso comer en el colegio. Unos tra\u00edan la comida hecha de su casa y otros com\u00edan el men\u00fa que se hac\u00eda en el centro y antes de que los cabases aparecieran en nuestras vidas y desbancaran a las cestas de la merienda, estas siguieron utiliz\u00e1ndose para llevar la comida del mediod\u00eda.<\/strong><\/p>\n<p><strong>Ni\u00f1os y ni\u00f1as llev\u00e1bamos la misma cesta, no hab\u00eda diferencias entre unos y otros salvo la etiqueta con nuestro nombre para reconocerla, y quiz\u00e1 la cenefa de color que pod\u00eda ser roja o azul o no tener ning\u00fan adorno. Deb\u00eda ser el \u00fanico modelo que exist\u00eda en aquel entonces<\/strong><\/p>\n<p>[\/et_pb_text][\/et_pb_column][\/et_pb_row][\/et_pb_section]<\/p>\n","protected":false},"excerpt":{"rendered":"<p>CESTA ESCOLARLA HORA DE LA MERIENDAElena L\u00f3pez Gil Asociaci\u00f3n de Muse\u00f3logos y Muse\u00f3grafos de Andaluc\u00eda. AMMA elena@asoc-amma.orgCesta escolar. Museo Pedag\u00f3gico de la Facultad de Ciencias de la Educaci\u00f3n de la Universidad de SevillaSeg\u00fan la RAE, una cesta es un \u201crecipiente tejido con mimbre, juncos, ca\u00f1as, varillas de sauce u otra madera flexible, que sirve para [&hellip;]<\/p>\n","protected":false},"author":1,"featured_media":0,"parent":0,"menu_order":0,"comment_status":"closed","ping_status":"closed","template":"","meta":{"_et_pb_use_builder":"on","_et_pb_old_content":"","_et_gb_content_width":"","footnotes":""},"class_list":["post-4314","page","type-page","status-publish","hentry"],"_links":{"self":[{"href":"https:\/\/grupo.us.es\/mujeryeducacion\/wp-json\/wp\/v2\/pages\/4314","targetHints":{"allow":["GET"]}}],"collection":[{"href":"https:\/\/grupo.us.es\/mujeryeducacion\/wp-json\/wp\/v2\/pages"}],"about":[{"href":"https:\/\/grupo.us.es\/mujeryeducacion\/wp-json\/wp\/v2\/types\/page"}],"author":[{"embeddable":true,"href":"https:\/\/grupo.us.es\/mujeryeducacion\/wp-json\/wp\/v2\/users\/1"}],"replies":[{"embeddable":true,"href":"https:\/\/grupo.us.es\/mujeryeducacion\/wp-json\/wp\/v2\/comments?post=4314"}],"version-history":[{"count":5,"href":"https:\/\/grupo.us.es\/mujeryeducacion\/wp-json\/wp\/v2\/pages\/4314\/revisions"}],"predecessor-version":[{"id":5249,"href":"https:\/\/grupo.us.es\/mujeryeducacion\/wp-json\/wp\/v2\/pages\/4314\/revisions\/5249"}],"wp:attachment":[{"href":"https:\/\/grupo.us.es\/mujeryeducacion\/wp-json\/wp\/v2\/media?parent=4314"}],"curies":[{"name":"wp","href":"https:\/\/api.w.org\/{rel}","templated":true}]}}