{"id":4308,"date":"2023-07-25T12:07:16","date_gmt":"2023-07-25T12:07:16","guid":{"rendered":"https:\/\/grupo.us.es\/mujeryeducacion\/?page_id=4308"},"modified":"2023-09-07T12:06:57","modified_gmt":"2023-09-07T12:06:57","slug":"03-castanuelas","status":"publish","type":"page","link":"https:\/\/grupo.us.es\/mujeryeducacion\/03-castanuelas\/","title":{"rendered":"03. Casta\u00f1uelas"},"content":{"rendered":"<p>[et_pb_section fb_built=\u00bb1&#8243; _builder_version=\u00bb4.17.4&#8243; _module_preset=\u00bbdefault\u00bb background_color=\u00bb#F6EFE7&#8243; custom_padding=\u00bb2px|||||\u00bb custom_css_main_element=\u00bbdisplay=flex;\u00bb global_colors_info=\u00bb{}\u00bb][et_pb_row _builder_version=\u00bb4.17.4&#8243; _module_preset=\u00bbdefault\u00bb width=\u00bb100%\u00bb max_width=\u00bb2560px\u00bb custom_padding=\u00bb0px|||||\u00bb global_colors_info=\u00bb{}\u00bb][et_pb_column type=\u00bb4_4&#8243; _builder_version=\u00bb4.17.4&#8243; _module_preset=\u00bbdefault\u00bb global_colors_info=\u00bb{}\u00bb][et_pb_slider _builder_version=\u00bb4.17.4&#8243; _module_preset=\u00bbdefault\u00bb global_colors_info=\u00bb{}\u00bb][et_pb_slide image=\u00bbhttps:\/\/grupo.us.es\/mujeryeducacion\/wp-content\/uploads\/2023\/05\/Castanuelas-1.png\u00bb _builder_version=\u00bb4.17.4&#8243; _module_preset=\u00bbdefault\u00bb background_color=\u00bbRGBA(255,255,255,0)\u00bb background_enable_color=\u00bbon\u00bb background_image=\u00bbhttps:\/\/grupo.us.es\/mujeryeducacion\/wp-content\/uploads\/2023\/05\/Castanuelas-1.png\u00bb background_enable_image=\u00bbon\u00bb global_colors_info=\u00bb{}\u00bb sticky_transition=\u00bbon\u00bb][\/et_pb_slide][\/et_pb_slider][\/et_pb_column][\/et_pb_row][et_pb_row column_structure=\u00bb2_5,3_5&#8243; make_equal=\u00bbon\u00bb _builder_version=\u00bb4.17.4&#8243; _module_preset=\u00bbdefault\u00bb width=\u00bb100%\u00bb max_width=\u00bb2560px\u00bb global_colors_info=\u00bb{}\u00bb][et_pb_column type=\u00bb2_5&#8243; _builder_version=\u00bb4.17.4&#8243; _module_preset=\u00bbdefault\u00bb global_colors_info=\u00bb{}\u00bb][et_pb_image src=\u00bbhttps:\/\/grupo.us.es\/mujeryeducacion\/wp-content\/uploads\/2023\/07\/0-Logo-Museo-Pedagogico-transparente-e1689854632950.png\u00bb title_text=\u00bb0-Logo-Museo-Pedagogico-transparente-recortado\u00bb align_tablet=\u00bb\u00bb align_phone=\u00bbcenter\u00bb align_last_edited=\u00bbon|phone\u00bb _builder_version=\u00bb4.17.4&#8243; _module_preset=\u00bbdefault\u00bb width=\u00bb50%\u00bb width_tablet=\u00bb70%\u00bb width_phone=\u00bb50%\u00bb width_last_edited=\u00bbon|tablet\u00bb hover_enabled=\u00bb0&#8243; global_colors_info=\u00bb{}\u00bb sticky_enabled=\u00bb0&#8243; module_alignment_last_edited=\u00bbon|tablet\u00bb module_alignment_tablet=\u00bbcenter\u00bb module_alignment_phone=\u00bbcenter\u00bb][\/et_pb_image][\/et_pb_column][et_pb_column type=\u00bb3_5&#8243; _builder_version=\u00bb4.17.4&#8243; _module_preset=\u00bbdefault\u00bb global_colors_info=\u00bb{}\u00bb][et_pb_text content_tablet=\u00bb<\/p>\n<p><strong><\/strong><\/p>\n<p style=%22text-align: center;%22><strong>CASTA\u00d1UELAS<\/strong><\/p>\n<p>\u00bb content_phone=\u00bb<\/p>\n<p><strong><\/strong><\/p>\n<p style=%22text-align: center;%22><strong>CASTA\u00d1UELAS<\/strong><\/p>\n<p>\u00bb content_last_edited=\u00bbon|phone\u00bb _builder_version=\u00bb4.17.4&#8243; _module_preset=\u00bbdefault\u00bb text_text_color=\u00bb#000000&#8243; text_font_size=\u00bb58px\u00bb transform_scale_tablet=\u00bb\u00bb transform_scale_phone=\u00bb\u00bb transform_scale_last_edited=\u00bbon|tablet\u00bb transform_translate=\u00bb-96px|0px\u00bb transform_translate_tablet=\u00bb\u00bb transform_translate_phone=\u00bb\u00bb transform_translate_last_edited=\u00bbon|tablet\u00bb transform_rotate_tablet=\u00bb\u00bb transform_rotate_phone=\u00bb\u00bb transform_rotate_last_edited=\u00bbon|tablet\u00bb transform_skew_tablet=\u00bb\u00bb transform_skew_phone=\u00bb\u00bb transform_skew_last_edited=\u00bbon|tablet\u00bb transform_origin_tablet=\u00bb\u00bb transform_origin_phone=\u00bb\u00bb transform_origin_last_edited=\u00bbon|tablet\u00bb transform_styles_last_edited=\u00bbon|tablet\u00bb text_font_size_tablet=\u00bb58px\u00bb text_font_size_phone=\u00bb42px\u00bb text_font_size_last_edited=\u00bbon|phone\u00bb transform_styles_tablet=\u00bb\u00bb transform_styles_phone=\u00bb\u00bb module_alignment_tablet=\u00bbcenter\u00bb module_alignment_phone=\u00bbcenter\u00bb module_alignment_last_edited=\u00bbon|tablet\u00bb global_colors_info=\u00bb{}\u00bb]<\/p>\n<p><strong><\/strong><\/p>\n<p><strong>CASTA\u00d1UELAS<\/strong><\/p>\n<p>[\/et_pb_text][et_pb_text content_tablet=\u00bb<\/p>\n<p style=%22text-align: center;%22><strong><\/strong><\/p>\n<p style=%22text-align: center;%22><strong>INSTRUMENTO <\/strong><strong>ART\u00cdSTICO Y <\/strong><strong>PEDAG\u00d3GICO DEL <\/strong><\/p>\n<p style=%22text-align: center;%22><strong>IMAGINARIO COLECTIVO ANDALUZ<\/strong><\/p>\n<p>\u00bb content_phone=\u00bb<\/p>\n<p style=%22text-align: center;%22><strong><\/strong><\/p>\n<p style=%22text-align: center;%22><strong>INSTRUMENTO <\/strong><strong>ART\u00cdSTICO <\/strong><\/p>\n<p style=%22text-align: center;%22><strong>Y PEDAG\u00d3GICO DEL <\/strong><\/p>\n<p style=%22text-align: center;%22><strong>IMAGINARIO COLECTIVO <\/strong><\/p>\n<p style=%22text-align: center;%22><strong>ANDALUZ<\/strong><\/p>\n<p>\u00bb content_last_edited=\u00bbon|tablet\u00bb _builder_version=\u00bb4.17.4&#8243; _module_preset=\u00bbdefault\u00bb text_text_color=\u00bb#8E8E8E\u00bb text_font_size=\u00bb32px\u00bb text_line_height=\u00bb1.8em\u00bb transform_scale_tablet=\u00bb\u00bb transform_scale_phone=\u00bb\u00bb transform_scale_last_edited=\u00bbon|tablet\u00bb transform_translate_tablet=\u00bb151px|-10px\u00bb transform_translate_phone=\u00bb151px|-10px\u00bb transform_translate_last_edited=\u00bbon|tablet\u00bb transform_rotate_tablet=\u00bb\u00bb transform_rotate_phone=\u00bb\u00bb transform_rotate_last_edited=\u00bbon|tablet\u00bb transform_skew_tablet=\u00bb\u00bb transform_skew_phone=\u00bb\u00bb transform_skew_last_edited=\u00bbon|tablet\u00bb transform_origin_tablet=\u00bb\u00bb transform_origin_phone=\u00bb\u00bb transform_origin_last_edited=\u00bbon|tablet\u00bb transform_styles_last_edited=\u00bbon|tablet\u00bb custom_margin=\u00bb|||-295px||\u00bb text_font_size_tablet=\u00bb32px\u00bb text_font_size_phone=\u00bb24px\u00bb text_font_size_last_edited=\u00bbon|desktop\u00bb transform_styles_tablet=\u00bb\u00bb transform_styles_phone=\u00bb\u00bb global_colors_info=\u00bb{}\u00bb]<\/p>\n<p style=\"text-align: left;\"><strong>\u00a0 \u00a0 \u00a0 \u00a0INSTRUMENTO ART\u00cdSTICO Y PEDAG\u00d3GICO DE<\/strong><\/p>\n<p style=\"text-align: left;\"><strong style=\"font-size: 32px; text-align: center;\">\u00a0 \u00a0 \u00a0 \u00a0 \u00a0 \u00a0 \u00a0 \u00a0IMAGINARIO COLECTIVO ANDALUZ<\/strong><\/p>\n<p>[\/et_pb_text][\/et_pb_column][\/et_pb_row][et_pb_row _builder_version=\u00bb4.17.4&#8243; _module_preset=\u00bbdefault\u00bb global_colors_info=\u00bb{}\u00bb][et_pb_column type=\u00bb4_4&#8243; _builder_version=\u00bb4.17.4&#8243; _module_preset=\u00bbdefault\u00bb global_colors_info=\u00bb{}\u00bb][et_pb_text _builder_version=\u00bb4.17.4&#8243; _module_preset=\u00bbdefault\u00bb global_colors_info=\u00bb{}\u00bb]<\/p>\n<h1 style=\"text-align: center;\">B\u00e1rbara de las Heras Monastero<\/h1>\n<p><span class=\"EOP SCXW150617363 BCX9\" data-ccp-props=\"{&quot;201341983&quot;:0,&quot;335551550&quot;:3,&quot;335551620&quot;:3,&quot;335559739&quot;:0,&quot;335559740&quot;:240}\"><span class=\"EOP SCXW184100114 BCX9\" data-ccp-props=\"{&quot;201341983&quot;:0,&quot;335551550&quot;:3,&quot;335551620&quot;:3,&quot;335559739&quot;:0,&quot;335559740&quot;:240}\"><span data-contrast=\"auto\" xml:lang=\"ES-ES\" lang=\"ES-ES\" class=\"TextRun SCXW37953205 BCX9\"><span class=\"NormalTextRun SCXW37953205 BCX9\"><span data-contrast=\"auto\" xml:lang=\"ES-ES\" lang=\"ES-ES\" class=\"TextRun SCXW144867011 BCX9\"><span class=\"NormalTextRun SCXW144867011 BCX9\"><span class=\"EOP SCXW91137730 BCX9\" data-ccp-props=\"{&quot;335551550&quot;:3,&quot;335551620&quot;:3}\"><\/span><\/span><\/span><\/span><\/span><\/span><\/span><\/p>\n<h4 style=\"text-align: center;\">Universidad de Huelva<\/h4>\n<p><span data-contrast=\"auto\" xml:lang=\"ES-ES\" lang=\"ES-ES\" class=\"TextRun SCXW38795511 BCX9\"><span class=\"NormalTextRun SCXW38795511 BCX9\"><\/span><\/span><\/p>\n<p style=\"text-align: center;\"><span data-contrast=\"auto\"><\/span><\/p>\n<h6 style=\"text-align: center;\"><span style=\"color: #8e8e8e;\"><span data-contrast=\"none\" xml:lang=\"ES-ES\" lang=\"ES-ES\" class=\"TextRun Underlined SCXW183494506 BCX9\" style=\"color: #8e8e8e;\"><span class=\"NormalTextRun SCXW183494506 BCX9\" data-ccp-charstyle=\"Hyperlink\"><a class=\"Hyperlink SCXW183494506 BCX9\" href=\"mailto:eulalia@uvic.cat\" target=\"_blank\" rel=\"noreferrer noopener\">barbara.delasheras@dedu.uhu.es <\/a><\/span><\/span><\/span><\/h6>\n<p>[\/et_pb_text][\/et_pb_column][\/et_pb_row][et_pb_row column_structure=\u00bb1_4,3_4&#8243; _builder_version=\u00bb4.17.4&#8243; _module_preset=\u00bbdefault\u00bb width=\u00bb100%\u00bb max_width=\u00bb2560px\u00bb global_colors_info=\u00bb{}\u00bb][et_pb_column type=\u00bb1_4&#8243; _builder_version=\u00bb4.17.4&#8243; _module_preset=\u00bbdefault\u00bb global_colors_info=\u00bb{}\u00bb][et_pb_image src=\u00bbhttps:\/\/grupo.us.es\/mujeryeducacion\/wp-content\/uploads\/2023\/05\/Castanuelas-1.png\u00bb title_text=\u00bbCastanuelas-1&#8243; align_tablet=\u00bbcenter\u00bb align_phone=\u00bbcenter\u00bb align_last_edited=\u00bbon|tablet\u00bb _builder_version=\u00bb4.17.4&#8243; _module_preset=\u00bbdefault\u00bb width=\u00bb100%\u00bb max_width=\u00bb100%\u00bb max_width_tablet=\u00bb100%\u00bb max_width_phone=\u00bb89%\u00bb max_width_last_edited=\u00bbon|phone\u00bb custom_margin=\u00bb||28px|20px|false|false\u00bb global_colors_info=\u00bb{}\u00bb][\/et_pb_image][et_pb_text content_tablet=\u00bb<\/p>\n<p style=%22text-align: center;%22><strong>Pandereta. Museo Pedag\u00f3gico de la Facultad de Ciencias de la Educaci\u00f3n de la Universidad de Sevilla<\/strong><\/p>\n<p>\u00bb content_phone=\u00bb<\/p>\n<p style=%22text-align: center;%22><strong>Pandereta. Museo Pedag\u00f3gico de la Facultad de Ciencias de la Educaci\u00f3n de la Universidad de Sevilla<\/strong><\/p>\n<p>\u00bb content_last_edited=\u00bboff|desktop\u00bb _builder_version=\u00bb4.17.4&#8243; _module_preset=\u00bbdefault\u00bb custom_margin=\u00bb|||20px|false|false\u00bb global_colors_info=\u00bb{}\u00bb]<\/p>\n<p><strong>Casta\u00f1uelas. Museo Pedag\u00f3gico de la Facultad de Ciencias de la Educaci\u00f3n de la Universidad de Sevilla<\/strong><\/p>\n<p>[\/et_pb_text][\/et_pb_column][et_pb_column type=\u00bb3_4&#8243; _builder_version=\u00bb4.17.4&#8243; _module_preset=\u00bbdefault\u00bb global_colors_info=\u00bb{}\u00bb][et_pb_text _builder_version=\u00bb4.17.4&#8243; _module_preset=\u00bbdefault\u00bb text_text_color=\u00bb#000000&#8243; text_font_size=\u00bb18px\u00bb text_line_height=\u00bb1.8em\u00bb max_width_tablet=\u00bb95%\u00bb max_width_phone=\u00bb90%\u00bb max_width_last_edited=\u00bbon|tablet\u00bb custom_margin_tablet=\u00bb|||20px|false|false\u00bb custom_margin_phone=\u00bb|||20px|false|false\u00bb custom_margin_last_edited=\u00bbon|tablet\u00bb text_font_size_tablet=\u00bb16px\u00bb text_font_size_phone=\u00bb16px\u00bb text_font_size_last_edited=\u00bbon|tablet\u00bb global_colors_info=\u00bb{}\u00bb]<\/p>\n<p><strong>Las casta\u00f1uelas, tambi\u00e9n conocidas con el nombre de <em>palillos<\/em>, han representado el instrumento de percusi\u00f3n por antonomasia en la Danza Espa\u00f1ola<a href=\"#_ftn1\" name=\"_ftnref1\">[1]<\/a>. Desde antiguo, se tiene constancia de destacadas bailarinas, academias, y maestras y maestros que emplearon este recurso en la interpretaci\u00f3n de los bailes y creaci\u00f3n de las coreograf\u00edas. El virtuosismo t\u00e9cnico requerido para su ejecuci\u00f3n danc\u00edstica constituye la principal caracter\u00edstica de las distintas modalidades de danza que integraron las casta\u00f1uelas en su repertorio, tales como, la Escuela Bolera, la Danza Estilizada, los bailes tradicionales espa\u00f1oles o el Baile Flamenco. En esta rese\u00f1a pretendemos mostrar un somero recorrido hist\u00f3rico sobre el empleo de las casta\u00f1uelas centr\u00e1ndonos, sobre todo, en el contexto andaluz.<\/strong><\/p>\n<p><strong><a href=\"#_ftnref1\" name=\"_ftn1\">[1]<\/a> Se refiere al conjunto de especialidades formadas por la <em>danza estilizada<\/em> (o tambi\u00e9n denominado <em>cl\u00e1sico espa\u00f1ol<\/em>), la escuela bolera, el baile flamenco y la danza regional.<\/strong><\/p>\n<p>[\/et_pb_text][\/et_pb_column][\/et_pb_row][et_pb_row column_structure=\u00bb2_3,1_3&#8243; _builder_version=\u00bb4.17.4&#8243; _module_preset=\u00bbdefault\u00bb width=\u00bb100%\u00bb max_width=\u00bb2560px\u00bb custom_padding=\u00bb41px|||||\u00bb global_colors_info=\u00bb{}\u00bb][et_pb_column type=\u00bb2_3&#8243; _builder_version=\u00bb4.17.4&#8243; _module_preset=\u00bbdefault\u00bb global_colors_info=\u00bb{}\u00bb][et_pb_text _builder_version=\u00bb4.17.4&#8243; _module_preset=\u00bbdefault\u00bb text_text_color=\u00bb#000000&#8243; text_font_size=\u00bb18px\u00bb text_line_height=\u00bb1.8em\u00bb max_width_tablet=\u00bb95%\u00bb max_width_phone=\u00bb90%\u00bb max_width_last_edited=\u00bbon|tablet\u00bb custom_margin=\u00bb|||20px|false|false\u00bb text_font_size_tablet=\u00bb16px\u00bb text_font_size_phone=\u00bb16px\u00bb text_font_size_last_edited=\u00bbon|tablet\u00bb global_colors_info=\u00bb{}\u00bb]<\/p>\n<p><strong>La primera noticia que tenemos sobre el acompa\u00f1amiento de este instrumento data de la conquista romana en la pen\u00ednsula ib\u00e9rica a partir del siglo II a. C. y hasta el siglo I d. C. por parte de las bailarinas gaditanas (antigua Gades, Baetica), conocidas como <em>Puellae Gaditanae,<\/em> las cuales gozaron de gran prestigio por su alto nivel interpretativo, al combinar la m\u00fasica y la danza invocando a la diosa Astart\u00e9. Las danzas, caracterizadas por su virtuosismo y vistosidad, eran acompa\u00f1adas de los cr\u00f3talos o casta\u00f1uelas (Baetica crusmata), que se fabricaban con las conchas marinas (S\u00e1nchez, 2016). M\u00e1s adelante, en el siglo XVI empez\u00f3 a gestarse la Escuela Bolera en los escenarios de los teatros. Se consolid\u00f3, fundamentalmente, en Andaluc\u00eda durante el siglo XVIII debido a su aclamado \u00e9xito. Tambi\u00e9n conocida antiguamente como Baile de Palillos, se trataba de una variante de la t\u00e9cnica del ballet cl\u00e1sico acompa\u00f1ada del toque de las casta\u00f1uelas. Destacaba por el virtuosismo y dificultad t\u00e9cnica, as\u00ed como el car\u00e1cter alegre y r\u00edtmico de sus coreograf\u00edas gracias al particular repiqueteo del instrumento. En el contexto popular, era com\u00fan que las mujeres participaran en las funciones con todo tipo de instrumentos. Adem\u00e1s de casta\u00f1uelas, tocaban panderos, botellas, c\u00e1ntaras, bandurrias y guitarras.\u00a0<\/strong><\/p>\n<p>[\/et_pb_text][\/et_pb_column][et_pb_column type=\u00bb1_3&#8243; _builder_version=\u00bb4.17.4&#8243; _module_preset=\u00bbdefault\u00bb global_colors_info=\u00bb{}\u00bb][et_pb_image src=\u00bbhttps:\/\/grupo.us.es\/mujeryeducacion\/wp-content\/uploads\/2023\/05\/Castanuelas-1.png\u00bb title_text=\u00bbCastanuelas-1&#8243; align_tablet=\u00bbcenter\u00bb align_phone=\u00bbcenter\u00bb align_last_edited=\u00bbon|tablet\u00bb _builder_version=\u00bb4.17.4&#8243; _module_preset=\u00bbdefault\u00bb global_colors_info=\u00bb{}\u00bb][\/et_pb_image][\/et_pb_column][\/et_pb_row][et_pb_row _builder_version=\u00bb4.17.4&#8243; _module_preset=\u00bbdefault\u00bb width=\u00bb90%\u00bb max_width=\u00bb2560px\u00bb custom_margin=\u00bb|||20px|false|false\u00bb global_colors_info=\u00bb{}\u00bb][et_pb_column type=\u00bb4_4&#8243; _builder_version=\u00bb4.17.4&#8243; _module_preset=\u00bbdefault\u00bb global_colors_info=\u00bb{}\u00bb][et_pb_text _builder_version=\u00bb4.17.4&#8243; _module_preset=\u00bbdefault\u00bb text_text_color=\u00bb#000000&#8243; text_font_size=\u00bb18px\u00bb text_line_height=\u00bb1.8em\u00bb max_width_tablet=\u00bb100%\u00bb max_width_phone=\u00bb100%\u00bb max_width_last_edited=\u00bbon|tablet\u00bb text_font_size_tablet=\u00bb16px\u00bb text_font_size_phone=\u00bb16px\u00bb text_font_size_last_edited=\u00bbon|tablet\u00bb global_colors_info=\u00bb{}\u00bb]<\/p>\n<p><strong>De la complejidad de su manejo tenemos constancia en tratados de danza. Sirva de ejemplo la obra de Juan Fern\u00e1ndez de Rojas <em>Crotalog\u00eda \u00f3 Ciencia de las casta\u00f1uelas: instrucci\u00f3n cient\u00edfica del modo de tocar las Casta\u00f1uelas para baylar el Bolero, <\/em>publicada en Valencia en 1792. En ella, es llamativa la intencionalidad de car\u00e1cter cient\u00edfico del autor empleando t\u00e9rminos como \u201cciencia\u201d, \u201cinstrucci\u00f3n cient\u00edfica\u201d o \u201cnoci\u00f3n exacta\u201d. De esta manera se evidencia la dificultad del manejo del instrumento elev\u00e1ndolo a la categor\u00eda de m\u00e9todo cient\u00edfico. Dado el \u00e9xito de las danzas donde se emplea las casta\u00f1uelas, a mediados del siglo XIX proliferaron espacios educativos, conocidos como \u201csalones\u201d, donde se impart\u00eda clases de bailes populares que se denominaban \u201cbailes de jaleo\u201d o de \u201cpalillos\u201d y, m\u00e1s tarde, \u201cbailes andaluces\u201d. Uno de los m\u00e1s afamados era el sal\u00f3n \u201cLa Aurora\u201d regentado por la bolera Amparo \u00c1lvarez \u201cla Campanera\u201d, que ayud\u00f3 a consolidar y transmitir el estilo sevillano. De esta gran maestra aprendi\u00f3 \u00c1ngel Pericet Carmona, con quien nacer\u00eda una dinast\u00eda de artistas boleros, la familia Pericet, encargados de la conservaci\u00f3n y transmisi\u00f3n del legado pedag\u00f3gico de la Escuela Bolera. Rescataron bailes desde el siglo XVIII y publicaron los <em>Cuadernillos de los tres cursos Pericet de Escuela Bolera<\/em> (1942) con car\u00e1cter did\u00e1ctico.<\/strong><\/p>\n<p><strong>Tambi\u00e9n en el cine la presencia de las casta\u00f1uelas ha sido recurrente, sobre todo, a partir de la d\u00e9cada de los a\u00f1os treinta con el surgimiento del subg\u00e9nero cinematogr\u00e1fico denominado <em>musical folcl\u00f3rico andaluz,<\/em> que se extender\u00eda hasta las d\u00e9cadas de 1960 y 1970 (Gallardo, 2010). Irrumpe con pel\u00edculas como <em>Rosario la cortijera<\/em> (1935), <em>Morena Clara<\/em> (1936) o <em>Mar\u00eda de la O<\/em> (1936). Y, m\u00e1s adelante, <em>Embrujo<\/em> (1948) o <em>Duende y misterio del flamenco<\/em> (1952), que toman la danza espa\u00f1ola y el baile flamenco como reclamo, destacando figuras como Imperio Argentina o Lola Flores. En todas ellas, se estereotipa a la mujer andaluza o gitana que suele cantar o bailar y, en el transcurso de las escenas musicales, se aprecia las casta\u00f1uelas como un elemento reiterativo que fortalece dicha imagen folcl\u00f3rica y costumbrista, herencia de los viajeros rom\u00e1nticos del siglo XIX.<\/strong><\/p>\n<p><strong>Pero, a medida que se ha ido poniendo de moda el Baile Flamenco a nivel art\u00edstico y formativo, el uso de las casta\u00f1uelas ha ido cayendo en desuso. Aunque, bien es cierto que este hecho se ha acentuado en d\u00e9cadas recientes. Pues, desde la d\u00e9cada de los setenta del siglo XIX con el establecimiento de los caf\u00e9s cantantes este instrumento era empleado tanto en los bailes boleros como en los bailes flamencos. Y a lo largo del siglo XX, bailaoras relevantes del primer cuarto del siglo XX como Pastora Imperio o Antonia Merc\u00e9 y Luque <em>La Argentina<\/em> eran grandes virtuosas del mismo; as\u00ed como, las m\u00e1ximas figuras de las compa\u00f1\u00edas flamencas que empiezan a consolidarse a mediados de siglo como Carmen Amaya, Antonio y Rosario, Encarnaci\u00f3n L\u00f3pez <em>La Argentinita <\/em>o Pilar L\u00f3pez, entre otros, que las inclu\u00edan en sus repertorios coreogr\u00e1ficos.<\/strong><\/p>\n<p><strong>Sin embargo, se produjo un giro a partir de los a\u00f1os setenta y ochenta basado en la falta de uso de los complementos femeninos en el Baile Flamenco que afect\u00f3, no s\u00f3lo a las casta\u00f1uelas, sino tambi\u00e9n al mant\u00f3n, el abanico, el sombrero o la bata de cola. Esto fue debido a la apertura al exterior que experiment\u00f3 nuestro pa\u00eds despu\u00e9s de la dictadura franquista, que afect\u00f3 a la entrada de nuevas modas y formas de entender la vida y, en consecuencia, al arte. Produjo cambios fundamentalmente en el baile femenino, donde ha primado la virtuosidad, fuerza y rapidez de la t\u00e9cnica de pies y, en paralelo, ha mermado la importancia del braceo y del acompa\u00f1amiento de los elementos mencionados. Para contrarrestar la ausencia de las casta\u00f1uelas como elemento de percusi\u00f3n, se ha sustituido mediante las palmas o golpes en el cuerpo. Este fen\u00f3meno se constata en la tesis doctoral De las Heras (2018) a trav\u00e9s del testimonio de la bailaora Loli Flores, quien afirma que en las \u00faltimas d\u00e9cadas el baile de mujer se caracteriza por el aumento del zapateado, la falta de personalidad art\u00edstica entre las distintas bailaoras y la p\u00e9rdida del recurso de los palillos.<\/strong><\/p>\n<p><strong>Por \u00faltimo, las casta\u00f1uelas constituyen un elemento cultural que forma parte del imaginario colectivo de la sociedad andaluza y se utiliza en las ferias, las romer\u00edas o eventos festivos y culturales. Tambi\u00e9n, en el \u00e1mbito educativo, la t\u00e9cnica de las casta\u00f1uelas es aprendida en la ense\u00f1anza del baile por Sevillanas en las actividades extraescolares de las escuelas, en las academias privadas o en centros culturales. En el \u00e1mbito de la educaci\u00f3n formal, se exige como uno de los contenidos obligatorios y se concreta como criterio de evaluaci\u00f3n para la superaci\u00f3n del grado medio de Danza Espa\u00f1ola y de Baile Flamenco. As\u00ed, podemos afirmar que, aunque ha perdido su uso en el \u00e1mbito art\u00edstico, sigue manteni\u00e9ndose vivo en el campo de la ense\u00f1anza.<\/strong><\/p>\n<p>[\/et_pb_text][et_pb_text _builder_version=\u00bb4.17.4&#8243; _module_preset=\u00bbdefault\u00bb text_text_color=\u00bb#000000&#8243; text_font_size=\u00bb18px\u00bb text_line_height=\u00bb1.8em\u00bb max_width_tablet=\u00bb100%\u00bb max_width_phone=\u00bb100%\u00bb max_width_last_edited=\u00bbon|tablet\u00bb text_font_size_tablet=\u00bb16px\u00bb text_font_size_phone=\u00bb16px\u00bb text_font_size_last_edited=\u00bbon|tablet\u00bb global_colors_info=\u00bb{}\u00bb]<\/p>\n<p><strong>Referencias bibliogr\u00e1ficas<\/strong><\/p>\n<p>De las Heras Monastero, B\u00e1rbara (2018): <em>La ense\u00f1anza del baile flamenco en las academias de Sevilla. El legado de tres generaciones de maestras y maestros (1940-2010)<\/em>. (Tesis doctoral). Sevilla: Universidad de Sevilla.<\/p>\n<p>Fern\u00e1ndez de Rojas, Juan (1792): <em>Crotalog\u00eda \u00f3 Ciencia de las casta\u00f1uelas: instrucci\u00f3n cient\u00edfica del modo de tocar las Casta\u00f1uelas para baylar el Bolero<\/em>. Valencia: Salvador Faul\u00ed.<\/p>\n<p>Gallardo Saborido, Emilio (2010): <em>Gitana ten\u00edas que ser: las Andaluc\u00edas imaginadas por las coproducciones f\u00edlmicas iberoamericanas<\/em>. Sevilla: Centro de Estudios Andaluces.<\/p>\n<p>S\u00e1nchez, Manuel (2016): El origen de las casta\u00f1uelas en las bailarinas de Gades. <em>Onda C\u00e1diz Digital<\/em> (prensa). En l\u00ednea: <a href=\"http:\/\/ocadizdigital.es\/noticia\/c%C3%A1diz\/el-origen-de-las-casta%C3%B1uelas-en-las-bailarinas-de-gades\">http:\/\/ocadizdigital.es\/noticia\/c%C3%A1diz\/el-origen-de-las-casta%C3%B1uelas-en-las-bailarinas-de-gades<\/a><\/p>\n<p>[\/et_pb_text][\/et_pb_column][\/et_pb_row][\/et_pb_section]<\/p>\n","protected":false},"excerpt":{"rendered":"<p>CASTA\u00d1UELAS\u00a0 \u00a0 \u00a0 \u00a0INSTRUMENTO ART\u00cdSTICO Y PEDAG\u00d3GICO DE \u00a0 \u00a0 \u00a0 \u00a0 \u00a0 \u00a0 \u00a0 \u00a0IMAGINARIO COLECTIVO ANDALUZB\u00e1rbara de las Heras Monastero Universidad de Huelva barbara.delasheras@dedu.uhu.es Casta\u00f1uelas. Museo Pedag\u00f3gico de la Facultad de Ciencias de la Educaci\u00f3n de la Universidad de SevillaLas casta\u00f1uelas, tambi\u00e9n conocidas con el nombre de palillos, han representado el instrumento de [&hellip;]<\/p>\n","protected":false},"author":1,"featured_media":0,"parent":0,"menu_order":0,"comment_status":"closed","ping_status":"closed","template":"","meta":{"_et_pb_use_builder":"on","_et_pb_old_content":"","_et_gb_content_width":"","footnotes":""},"class_list":["post-4308","page","type-page","status-publish","hentry"],"_links":{"self":[{"href":"https:\/\/grupo.us.es\/mujeryeducacion\/wp-json\/wp\/v2\/pages\/4308","targetHints":{"allow":["GET"]}}],"collection":[{"href":"https:\/\/grupo.us.es\/mujeryeducacion\/wp-json\/wp\/v2\/pages"}],"about":[{"href":"https:\/\/grupo.us.es\/mujeryeducacion\/wp-json\/wp\/v2\/types\/page"}],"author":[{"embeddable":true,"href":"https:\/\/grupo.us.es\/mujeryeducacion\/wp-json\/wp\/v2\/users\/1"}],"replies":[{"embeddable":true,"href":"https:\/\/grupo.us.es\/mujeryeducacion\/wp-json\/wp\/v2\/comments?post=4308"}],"version-history":[{"count":5,"href":"https:\/\/grupo.us.es\/mujeryeducacion\/wp-json\/wp\/v2\/pages\/4308\/revisions"}],"predecessor-version":[{"id":5234,"href":"https:\/\/grupo.us.es\/mujeryeducacion\/wp-json\/wp\/v2\/pages\/4308\/revisions\/5234"}],"wp:attachment":[{"href":"https:\/\/grupo.us.es\/mujeryeducacion\/wp-json\/wp\/v2\/media?parent=4308"}],"curies":[{"name":"wp","href":"https:\/\/api.w.org\/{rel}","templated":true}]}}