{"id":359,"date":"2023-05-18T08:18:06","date_gmt":"2023-05-18T08:18:06","guid":{"rendered":"http:\/\/localhost\/museo\/?page_id=359"},"modified":"2023-09-14T11:47:04","modified_gmt":"2023-09-14T11:47:04","slug":"saluda","status":"publish","type":"page","link":"https:\/\/grupo.us.es\/mujeryeducacion\/saluda\/","title":{"rendered":"Saluda"},"content":{"rendered":"<p>[et_pb_section fb_built=\u00bb1&#8243; admin_label=\u00bbHeader\u00bb _builder_version=\u00bb4.17.4&#8243; _module_preset=\u00bbdefault\u00bb background_color=\u00bb#F6EFE7&#8243; custom_margin=\u00bb1px||||false|false\u00bb custom_padding=\u00bb0px||0px|||\u00bb locked=\u00bboff\u00bb global_colors_info=\u00bb{}\u00bb][et_pb_row column_structure=\u00bb2_5,3_5&#8243; _builder_version=\u00bb4.17.4&#8243; _module_preset=\u00bbdefault\u00bb width=\u00bb100%\u00bb max_width=\u00bb2560px\u00bb global_colors_info=\u00bb{}\u00bb][et_pb_column type=\u00bb2_5&#8243; _builder_version=\u00bb4.17.4&#8243; _module_preset=\u00bbdefault\u00bb global_colors_info=\u00bb{}\u00bb][et_pb_image src=\u00bbhttps:\/\/grupo.us.es\/mujeryeducacion\/wp-content\/uploads\/2023\/07\/0-Logo-Museo-Pedagogico-transparente-e1689854632950.png\u00bb title_text=\u00bb0-Logo-Museo-Pedagogico-transparente-recortado\u00bb _builder_version=\u00bb4.17.4&#8243; _module_preset=\u00bbdefault\u00bb transform_scale=\u00bb81%|81%\u00bb global_colors_info=\u00bb{}\u00bb][\/et_pb_image][\/et_pb_column][et_pb_column type=\u00bb3_5&#8243; _builder_version=\u00bb4.17.4&#8243; _module_preset=\u00bbdefault\u00bb global_colors_info=\u00bb{}\u00bb][et_pb_text _builder_version=\u00bb4.17.4&#8243; _module_preset=\u00bbdefault\u00bb text_text_color=\u00bb#000000&#8243; text_font_size=\u00bb58px\u00bb transform_scale_tablet=\u00bb\u00bb transform_scale_phone=\u00bb\u00bb transform_scale_last_edited=\u00bbon|tablet\u00bb transform_translate_tablet=\u00bb-76px|-8px\u00bb transform_translate_phone=\u00bb34px|-7px\u00bb transform_translate_last_edited=\u00bbon|tablet\u00bb transform_rotate_tablet=\u00bb\u00bb transform_rotate_phone=\u00bb\u00bb transform_rotate_last_edited=\u00bbon|tablet\u00bb transform_skew_tablet=\u00bb\u00bb transform_skew_phone=\u00bb\u00bb transform_skew_last_edited=\u00bbon|tablet\u00bb transform_origin_tablet=\u00bb\u00bb transform_origin_phone=\u00bb\u00bb transform_origin_last_edited=\u00bbon|tablet\u00bb transform_styles_last_edited=\u00bbon|tablet\u00bb width=\u00bb52.5%\u00bb width_tablet=\u00bb52.5%\u00bb width_phone=\u00bb62.8%\u00bb width_last_edited=\u00bbon|phone\u00bb min_height=\u00bb58.8px\u00bb custom_margin=\u00bb|-24px||||\u00bb custom_padding=\u00bb15px|0px|2px|||\u00bb text_font_size_tablet=\u00bb\u00bb text_font_size_phone=\u00bb39px\u00bb text_font_size_last_edited=\u00bbon|phone\u00bb transform_styles_tablet=\u00bb\u00bb transform_styles_phone=\u00bb\u00bb global_colors_info=\u00bb{}\u00bb]<\/p>\n<p style=\"text-align: center;\"><strong><\/strong><\/p>\n<p style=\"text-align: center;\"><strong>\u00a0 \u00a0 \u00a0 \u00a0 <\/strong><strong>Saluda<\/strong><\/p>\n<p>[\/et_pb_text][\/et_pb_column][\/et_pb_row][\/et_pb_section][et_pb_section fb_built=\u00bb1&#8243; custom_padding_last_edited=\u00bboff|desktop\u00bb admin_label=\u00bbAbout\u00bb _builder_version=\u00bb4.17.4&#8243; _module_preset=\u00bbdefault\u00bb background_color=\u00bb#F6EFE7&#8243; custom_margin=\u00bb||13px||false|false\u00bb custom_padding=\u00bb0px|||||\u00bb custom_padding_tablet=\u00bb||80px||false|false\u00bb custom_padding_phone=\u00bb||50px||false|false\u00bb locked=\u00bboff\u00bb global_colors_info=\u00bb{}\u00bb][et_pb_row column_structure=\u00bb1_2,1_2&#8243; _builder_version=\u00bb4.17.4&#8243; _module_preset=\u00bbdefault\u00bb background_color=\u00bb#FFFFFF\u00bb width=\u00bb92%\u00bb max_width=\u00bb1738px\u00bb global_colors_info=\u00bb{}\u00bb][et_pb_column type=\u00bb1_2&#8243; _builder_version=\u00bb4.17.4&#8243; _module_preset=\u00bbdefault\u00bb global_colors_info=\u00bb{}\u00bb][et_pb_text _builder_version=\u00bb4.17.4&#8243; _module_preset=\u00bbdefault\u00bb text_font=\u00bb||||||||\u00bb text_text_color=\u00bb#000000&#8243; text_font_size=\u00bb16px\u00bb text_line_height=\u00bb2em\u00bb custom_margin=\u00bb|21px||21px|false|false\u00bb text_font_size_tablet=\u00bb15px\u00bb text_font_size_phone=\u00bb14px\u00bb text_font_size_last_edited=\u00bbon|phone\u00bb header_font_size_tablet=\u00bb55px\u00bb header_font_size_last_edited=\u00bboff|desktop\u00bb global_colors_info=\u00bb{}\u00bb]<\/p>\n<p><span style=\"font-weight: 400;\"><span style=\"font-size: xx-large;\">\u00a0 \u00a0E<\/span>char la vista atr\u00e1s para conocer, analizar y observar de cerca los utensilios y herramientas que se han utilizado a lo largo de la historia en las aulas de los colegios de nuestro pa\u00eds es un buen ejercicio de autoconocimiento.\u00a0<\/span><\/p>\n<p><span style=\"font-weight: 400;\">Y es que el estudio de estos objetos nos permite hacer un mapa gr\u00e1fico sobre la evoluci\u00f3n del sistema educativo en Espa\u00f1a y nos ayuda a conocer c\u00f3mo el uso de determinados instrumentos ha ido construyendo los modelos identitarios y los roles de g\u00e9nero de hombres y mujeres de diferentes \u00e9pocas que, en muchos casos, siguen vigentes a d\u00eda de hoy.\u00a0<\/span><\/p>\n<p><span style=\"font-weight: 400;\">As\u00ed, este patrimonio hist\u00f3rico educativo supone una pieza fundamental para la reconstrucci\u00f3n de la historia y la memoria en la educaci\u00f3n espa\u00f1ola. Supone tambi\u00e9n un punto de partida para poder analizar los comportamientos de aquellos ni\u00f1os y ni\u00f1as que crecieron aprendiendo con una pizarra, un tintero, una mu\u00f1eca de cart\u00f3n o un costurero.\u00a0<\/span><\/p>\n<p><span style=\"font-weight: 400;\">Estos objetos, que hoy conforman una suerte de ajuar escolar, nos sirven para revivir episodios particulares de nuestras vidas o de las vidas de nuestros antepasados y nos adentran, de manera colectiva, en las costumbres, las creencias y las relaciones de diferentes generaciones.\u00a0<\/span><\/p>\n<p><span style=\"font-weight: 400;\"><\/span><\/p>\n<p><span style=\"font-weight: 400;\">Un cab\u00e1s, una pluma, un saltador, una plancha, un bastidor, una mantilla, una regla, un sacapuntas, un dedal, una tiza, una enciclopedia, un \u00e1lbum de bordados o una lechera son instrumentos que nos pueden ayudar a entender qui\u00e9nes somos y bajo qu\u00e9 modelos pedag\u00f3gicos han sido educados los ni\u00f1os y hombres y, particularmente, las ni\u00f1as y mujeres de nuestro pa\u00eds.\u00a0<\/span><\/p>\n<p><span style=\"font-weight: 400;\">No podemos obviar que los procesos educativos, formales o no formales, que nos acompa\u00f1an durante las primeras etapas de la vida contribuyen a crear nuestras identidades, en especial las de g\u00e9nero, influidas, adem\u00e1s, por los dictados sociales y culturales.\u00a0<\/span><\/p>\n<p><span style=\"font-weight: 400;\">En este sentido, el an\u00e1lisis que se hace en esta exposici\u00f3n sobre el impacto que ciertos objetos tuvieron en la infancia y c\u00f3mo estos construyen la personalidad adulta, supone un estudio valios\u00edsimo para conocer mejor el perfil sociol\u00f3gico de varias generaciones de nuestro pa\u00eds.\u00a0<\/span><\/p>\n<p><span style=\"font-weight: 400;\">Se trata de una exposici\u00f3n virtual que nos ayuda a repensar nuestra historia educativa desde un punto de vista femenino y que nos permite reconstruir el espacio que las ni\u00f1as y mujeres han tenido en las aulas y, como consecuencia, en la sociedad. Un lugar, en muchas ocasiones, invisibilizado y silenciado.<\/span><\/p>\n<p><span style=\"font-weight: 400;\">La muestra, por tanto, nos invita a reflexionar sobre c\u00f3mo el modelo de educaci\u00f3n que recibimos cuando somos ni\u00f1os y ni\u00f1as tiene un impacto definitivo en la configuraci\u00f3n de nuestra personalidad adulta. Nos empuja a viajar al pasado para encontrar respuestas a los roles de g\u00e9nero y a los comportamientos actuales.\u00a0<\/span><\/p>\n<p>&nbsp;<\/p>\n<p>[\/et_pb_text][\/et_pb_column][et_pb_column type=\u00bb1_2&#8243; _builder_version=\u00bb4.17.4&#8243; _module_preset=\u00bbdefault\u00bb global_colors_info=\u00bb{}\u00bb][et_pb_image src=\u00bbhttps:\/\/grupo.us.es\/mujeryeducacion\/wp-content\/uploads\/2023\/07\/Foto-Ministra-Pilar-Alegria.jpg\u00bb title_text=\u00bbFoto-Ministra-Pilar-Alegria\u00bb _builder_version=\u00bb4.17.4&#8243; _module_preset=\u00bbdefault\u00bb global_colors_info=\u00bb{}\u00bb][\/et_pb_image][et_pb_text _builder_version=\u00bb4.17.4&#8243; _module_preset=\u00bbdefault\u00bb custom_margin=\u00bb-43px||||false|false\u00bb custom_margin_tablet=\u00bb-43px||||false|false\u00bb custom_margin_phone=\u00bb-22px||||false|false\u00bb custom_margin_last_edited=\u00bbon|phone\u00bb global_colors_info=\u00bb{}\u00bb]<\/p>\n<p style=\"text-align: right; font-size: 13px;\"><strong><\/strong><\/p>\n<p style=\"text-align: right; font-size: 13px;\"><strong>Pilar Alegr\u00eda Continente\u00a0<\/strong><strong>Ministra de Educaci\u00f3n y Formaci\u00f3n Profesional\u00a0<\/strong><\/p>\n<p>[\/et_pb_text][et_pb_text _builder_version=\u00bb4.17.4&#8243; _module_preset=\u00bbdefault\u00bb text_font=\u00bb||||||||\u00bb text_text_color=\u00bb#000000&#8243; text_font_size=\u00bb16px\u00bb text_line_height=\u00bb2em\u00bb custom_margin=\u00bb|21px||21px|false|false\u00bb text_font_size_tablet=\u00bb15px\u00bb text_font_size_phone=\u00bb14px\u00bb text_font_size_last_edited=\u00bbon|phone\u00bb header_font_size_tablet=\u00bb55px\u00bb header_font_size_last_edited=\u00bboff|desktop\u00bb global_colors_info=\u00bb{}\u00bb]<\/p>\n<p><span style=\"font-weight: 400;\">Y, sobre todo, esta exposici\u00f3n debe hacernos pensar en el presente y en el futuro de nuestra educaci\u00f3n. Debe impulsarnos a seguir construyendo un sistema educativo m\u00e1s abierto, flexible y vanguardista, donde se superen los roles de g\u00e9nero tradicionales, para construir un modelo de sociedad m\u00e1s igualitaria.\u00a0\u00a0<\/span><\/p>\n<p><span style=\"font-weight: 400;\">Esta exposici\u00f3n se suma a la importante labor de divulgaci\u00f3n del patrimonio educativo femenino que se est\u00e1 desarrollando en el Museo Pedag\u00f3gico de la Facultad de Ciencias de la Educaci\u00f3n de la Universidad de Sevilla desde hace m\u00e1s de una d\u00e9cada. Un trabajo que permite difundir e interpretar un conjunto de bienes patrimoniales educativos desde una perspectiva de g\u00e9nero.\u00a0<\/span><\/p>\n<p><span style=\"font-weight: 400;\">Muchas gracias a Pablo \u00c1lvarez, profesor titular de la Universidad de Sevilla, amigo de la innovaci\u00f3n docente y estudioso de la museolog\u00eda pedag\u00f3gica y del patrimonio escolar en Espa\u00f1a, por su invitaci\u00f3n a escribir estas letras a modo de presentaci\u00f3n.\u00a0<\/span><\/p>\n<p><span style=\"font-weight: 400;\">Le agradezco, por supuesto, el trabajo que ha realizado en el dise\u00f1o de esta exposici\u00f3n junto con M\u00aa Jos\u00e9 Rebollo Espinosa, profesora titular de la Universidad de Sevilla, y M\u00aa Celi Chaves Vasconcelos, profesora titular de la Univesidade do Estado de Rio de Janeiro, acompa\u00f1ados por muchos otros estudiosos y profesionales del sector que analizan los diferentes objetos presentados en esta muestra expositiva.\u00a0<\/span><\/p>\n<p><span style=\"font-weight: 400;\">Una mirada colectiva a la historia de nuestra educaci\u00f3n, que trata de impulsar un futuro pedag\u00f3gico m\u00e1s igualitario, diverso e inclusivo.\u00a0<\/span><\/p>\n<p>[\/et_pb_text][\/et_pb_column][\/et_pb_row][\/et_pb_section]<\/p>\n","protected":false},"excerpt":{"rendered":"<p>\u00a0 \u00a0 \u00a0 \u00a0 Saluda\u00a0 \u00a0Echar la vista atr\u00e1s para conocer, analizar y observar de cerca los utensilios y herramientas que se han utilizado a lo largo de la historia en las aulas de los colegios de nuestro pa\u00eds es un buen ejercicio de autoconocimiento.\u00a0 Y es que el estudio de estos objetos nos permite [&hellip;]<\/p>\n","protected":false},"author":1,"featured_media":0,"parent":0,"menu_order":0,"comment_status":"closed","ping_status":"closed","template":"","meta":{"_et_pb_use_builder":"on","_et_pb_old_content":"","_et_gb_content_width":"","footnotes":""},"class_list":["post-359","page","type-page","status-publish","hentry"],"_links":{"self":[{"href":"https:\/\/grupo.us.es\/mujeryeducacion\/wp-json\/wp\/v2\/pages\/359","targetHints":{"allow":["GET"]}}],"collection":[{"href":"https:\/\/grupo.us.es\/mujeryeducacion\/wp-json\/wp\/v2\/pages"}],"about":[{"href":"https:\/\/grupo.us.es\/mujeryeducacion\/wp-json\/wp\/v2\/types\/page"}],"author":[{"embeddable":true,"href":"https:\/\/grupo.us.es\/mujeryeducacion\/wp-json\/wp\/v2\/users\/1"}],"replies":[{"embeddable":true,"href":"https:\/\/grupo.us.es\/mujeryeducacion\/wp-json\/wp\/v2\/comments?post=359"}],"version-history":[{"count":19,"href":"https:\/\/grupo.us.es\/mujeryeducacion\/wp-json\/wp\/v2\/pages\/359\/revisions"}],"predecessor-version":[{"id":5284,"href":"https:\/\/grupo.us.es\/mujeryeducacion\/wp-json\/wp\/v2\/pages\/359\/revisions\/5284"}],"wp:attachment":[{"href":"https:\/\/grupo.us.es\/mujeryeducacion\/wp-json\/wp\/v2\/media?parent=359"}],"curies":[{"name":"wp","href":"https:\/\/api.w.org\/{rel}","templated":true}]}}