{"id":131,"date":"2023-05-08T22:46:48","date_gmt":"2023-05-08T22:46:48","guid":{"rendered":"http:\/\/localhost\/museo\/?page_id=131"},"modified":"2024-07-02T10:39:53","modified_gmt":"2024-07-02T10:39:53","slug":"el-proyecto","status":"publish","type":"page","link":"https:\/\/grupo.us.es\/mujeryeducacion\/el-proyecto\/","title":{"rendered":"Presentaci\u00f3n"},"content":{"rendered":"<p>[et_pb_section fb_built=\u00bb1&#8243; admin_label=\u00bbHeader\u00bb _builder_version=\u00bb4.17.4&#8243; _module_preset=\u00bbdefault\u00bb background_color=\u00bb#F6EFE7&#8243; custom_margin=\u00bb1px||||false|false\u00bb custom_padding=\u00bb0px||89px|||\u00bb locked=\u00bboff\u00bb global_colors_info=\u00bb{}\u00bb][et_pb_row column_structure=\u00bb2_5,3_5&#8243; make_equal=\u00bbon\u00bb _builder_version=\u00bb4.17.4&#8243; _module_preset=\u00bbdefault\u00bb width=\u00bb90.7%\u00bb module_alignment=\u00bbleft\u00bb global_colors_info=\u00bb{}\u00bb][et_pb_column type=\u00bb2_5&#8243; _builder_version=\u00bb4.17.4&#8243; _module_preset=\u00bbdefault\u00bb global_colors_info=\u00bb{}\u00bb][et_pb_image src=\u00bbhttps:\/\/grupo.us.es\/mujeryeducacion\/wp-content\/uploads\/2023\/07\/0-Logo-Museo-Pedagogico-transparente-e1689854632950.png\u00bb title_text=\u00bb0-Logo-Museo-Pedagogico-transparente-recortado\u00bb _builder_version=\u00bb4.17.4&#8243; _module_preset=\u00bbdefault\u00bb global_colors_info=\u00bb{}\u00bb][\/et_pb_image][\/et_pb_column][et_pb_column type=\u00bb3_5&#8243; _builder_version=\u00bb4.17.4&#8243; _module_preset=\u00bbdefault\u00bb global_colors_info=\u00bb{}\u00bb][et_pb_text _builder_version=\u00bb4.17.4&#8243; _module_preset=\u00bbdefault\u00bb text_text_color=\u00bb#000000&#8243; text_font_size=\u00bb58px\u00bb transform_scale_tablet=\u00bb\u00bb transform_scale_phone=\u00bb\u00bb transform_scale_last_edited=\u00bbon|tablet\u00bb transform_translate=\u00bb178px|-4px\u00bb transform_translate_tablet=\u00bb39px|0px\u00bb transform_translate_phone=\u00bb16px|0px\u00bb transform_translate_last_edited=\u00bbon|phone\u00bb transform_rotate_tablet=\u00bb\u00bb transform_rotate_phone=\u00bb\u00bb transform_rotate_last_edited=\u00bbon|tablet\u00bb transform_skew_tablet=\u00bb\u00bb transform_skew_phone=\u00bb\u00bb transform_skew_last_edited=\u00bbon|tablet\u00bb transform_origin_tablet=\u00bb\u00bb transform_origin_phone=\u00bb\u00bb transform_origin_last_edited=\u00bbon|tablet\u00bb transform_styles_last_edited=\u00bbon|phone\u00bb text_font_size_tablet=\u00bb58px\u00bb text_font_size_phone=\u00bb39px\u00bb text_font_size_last_edited=\u00bbon|phone\u00bb transform_styles_tablet=\u00bb\u00bb transform_styles_phone=\u00bb\u00bb global_colors_info=\u00bb{}\u00bb]<\/p>\n<p><strong><\/strong><\/p>\n<p style=\"text-align: center;\"><strong>Presentaci\u00f3n<\/strong><\/p>\n<p>[\/et_pb_text][\/et_pb_column][\/et_pb_row][et_pb_row _builder_version=\u00bb4.17.4&#8243; _module_preset=\u00bbdefault\u00bb background_color=\u00bb#FFFFFF\u00bb width=\u00bb100%\u00bb min_height=\u00bb1000px\u00bb height=\u00bb1903px\u00bb height_tablet=\u00bb2500px\u00bb height_phone=\u00bb5000px\u00bb height_last_edited=\u00bbon|desktop\u00bb max_height=\u00bb10000px\u00bb custom_margin=\u00bb24px|auto||auto||\u00bb custom_padding=\u00bb23px||16px|||\u00bb global_colors_info=\u00bb{}\u00bb][et_pb_column type=\u00bb4_4&#8243; _builder_version=\u00bb4.17.4&#8243; _module_preset=\u00bbdefault\u00bb global_colors_info=\u00bb{}\u00bb][et_pb_text _builder_version=\u00bb4.17.4&#8243; _module_preset=\u00bbdefault\u00bb text_text_color=\u00bb#000000&#8243; text_font_size=\u00bb18px\u00bb text_line_height=\u00bb1.8em\u00bb background_color=\u00bb#FFFFFF\u00bb width=\u00bb100%\u00bb max_width=\u00bb97%\u00bb max_height=\u00bb1000px\u00bb custom_padding=\u00bb|||29px||\u00bb hover_enabled=\u00bb0&#8243; global_colors_info=\u00bb{}\u00bb sticky_enabled=\u00bb0&#8243;]<\/p>\n<div style=\"text-align: left;\">\u00a0 \u00a0 \u00a0 \u00a0 El estudio y recuperaci\u00f3n del patrimonio hist\u00f3rico educativo nos ha permitido abrir, especialmente en los \u00faltimos veinte a\u00f1os, nuevas oportunidades y posibilidades para generar conocimiento ligado a la interpretaci\u00f3n del utillaje etnogr\u00e1fico y arqueol\u00f3gico de la escuela. Las universidades, a trav\u00e9s de sus museos y colecciones patrimoniales, tienen en sus manos el poder de ejecutar un compromiso firme con la construcci\u00f3n de historias desde el presente, as\u00ed como de ilustrar y materializar disciplinas y tem\u00e1ticas espec\u00edficas, contribuyendo al desarrollo de la investigaci\u00f3n y de la cultura contempor\u00e1neas.<\/div>\n<div aria-hidden=\"true\" style=\"text-align: left;\"><\/div>\n<div style=\"text-align: left;\"><\/div>\n<div style=\"text-align: left;\"><\/div>\n<div style=\"text-align: left;\">\u00a0 \u00a0 \u00a0 \u00a0 La historia, la memoria y el patrimonio de las instituciones educativas y culturales no pueden difundirse y ponerse en valor sin la recuperaci\u00f3n de la voz de la mitad de la poblaci\u00f3n, las mujeres, tantas veces injustamente invisibilizadas por la narrativa museol\u00f3gica y museogr\u00e1fica. El reto para la museolog\u00eda de la educaci\u00f3n en este sentido, reside en emprender acciones divulgativas que contribuyan a rescatar, interpretar y exhibir un patrimonio hist\u00f3rico educativo que tambi\u00e9n de voz a las mujeres. Precisamente, las relaciones de g\u00e9nero desempe\u00f1an un papel determinante en la configuraci\u00f3n de aquello que interpretamos y valoramos como patrimonio; por eso, se ha de reconocer que la exposici\u00f3n, transmisi\u00f3n y difusi\u00f3n del patrimonio educativo de un museo pedag\u00f3gico puede contribuir notablemente a promover la igualdad de g\u00e9nero.<\/div>\n<div aria-hidden=\"true\" style=\"text-align: left;\"><\/div>\n<div style=\"text-align: left;\"><\/div>\n<div style=\"text-align: left;\"><\/div>\n<div style=\"text-align: left;\">\u00a0 \u00a0 \u00a0 \u00a0 La obra que se presenta es fruto de un proyecto patrimonial interuniversitario coordinado por el Museo Pedag\u00f3gico de la Facultad de Ciencias de la Educaci\u00f3n de la Universidad de Sevilla, en colaboraci\u00f3n con un conjunto de varios museos pedag\u00f3gicos espa\u00f1oles, entre los que se encuentran: el Museo Pedag\u00f3gico de la Universidad de Huelva; el Museo Andaluz de la Educaci\u00f3n de Alhaur\u00edn de la Torre (M\u00e1laga); el Centro Museo Pedag\u00f3gico de la Universidad de Salamanca (CEMUPE); el Museo Complutense de Educaci\u00f3n de la Universidad Complutense de Madrid; el Museo de la Educaci\u00f3n \u201cAntonio Molero\u201d de la Universidad de Alcal\u00e1; el Centro de Estudios sobre la Memoria de la Universidad de Murcia (CEME); el Museo Pedag\u00f3gico de Castell\u00f3n de la Universidad Jaume I; y el Museo de Historia de la Escuela de la Universidad de Valencia. Bajo el t\u00edtulo \u201cMujeres y educaci\u00f3n: artefactos y sensibilidades\u201d, esta muestra se ha concebido como una oportunidad para la difusi\u00f3n y promoci\u00f3n de bienes patrimoniales de car\u00e1cter hist\u00f3rico educativo a trav\u00e9s de un ejercicio de divulgaci\u00f3n del patrimonio educacional desde una perspectiva de g\u00e9nero. Se trata de una propuesta que nos permite, mediante un ejercicio de transferencia del conocimiento, la visibilizaci\u00f3n y puesta en valor del g\u00e9nero femenino como ingrediente esencial a la hora de reconstruir, estudiar, analizar e interpretar la historicidad patrimonial del hecho educativo de una forma m\u00e1s vivencial y sentida. Esta iniciativa de extensi\u00f3n cultural tiene como objeto presentar y dar a conocer a la comunidad una colecci\u00f3n de objetos muse\u00edstico pedag\u00f3gicos, escritos y materiales educativos referenciados como artefactos que de una u otra forma fueron utilizados por las mujeres en la historia. El prop\u00f3sito de la exposici\u00f3n se centra en dar a conocer distintos instrumentales, fuentes documentales y sensibilidades en perspectiva femenina, que contribuyen a revelar todo aquello que tiene que ver con la vida cotidiana, las identidades y los procesos educativos vividos por ni\u00f1as y mujeres.<\/div>\n<div aria-hidden=\"true\" style=\"text-align: left;\"><\/div>\n<div style=\"text-align: left;\"><\/div>\n<div style=\"text-align: left;\"><\/div>\n<div style=\"text-align: left;\">\u00a0 \u00a0 \u00a0 \u00a0 En esta ocasi\u00f3n se han elegido 200 piezas pertenecientes a parte del patrimonio educativo expuesto en los museos pedag\u00f3gicos se\u00f1alados -universitarios en su mayor\u00eda-, con la intenci\u00f3n de facilitar un di\u00e1logo con ellas desde un posicionamiento cr\u00edtico emocional, as\u00ed como para ser relacionadas con la educaci\u00f3n femenina y la cotidianeidad de ni\u00f1as y mujeres en perspectiva hist\u00f3rica y patrimonial. Cada uno de estos objetos van acompa\u00f1ados de una serie de aportaciones escritas producidas por un nutrido grupo de profesorado interuniversitario vinculado al tema de estudio. Los textos que se presentan se encargan de subrayar la concepci\u00f3n objetual de las piezas, as\u00ed como lo que cada una de ellas representaba\/inspiraba espec\u00edficamente para la vida, la educaci\u00f3n y la cotidianeidad femenina. Esta exposici\u00f3n virtual nos permite reflexionar sobre la importancia de rescatar a trav\u00e9s de la memoria y el patrimonio pedag\u00f3gico, la historia de la educaci\u00f3n de las mujeres, que durante tanto tiempo ha permanecido mermada, silenciada e incluso borrada.<\/div>\n<div aria-hidden=\"true\" style=\"text-align: left;\"><\/div>\n<div style=\"text-align: left;\"><\/div>\n<div style=\"text-align: left;\"><\/div>\n<div style=\"text-align: left;\">\u00a0 \u00a0 \u00a0 \u00a0 En definitiva, la coordinaci\u00f3n de este trabajo de transferencia del conocimiento en el \u00e1mbito de la museolog\u00eda de la educaci\u00f3n carecer\u00eda de valor, sobre todo si no lo hubi\u00e9ramos abordado con la pretensi\u00f3n de poner a disposici\u00f3n de la ciudadan\u00eda una serie de discursos museogr\u00e1ficos y hermen\u00e9uticos, ligados a nuevos planteamientos, memorias y narrativas escolares, pensadas como alternativas a las que, desde un punto de vista androc\u00e9ntrico, han ido configurando la historia de la educaci\u00f3n m\u00e1s tradicional. Las piezas compiladas en esta obra no tienen voz, pero a trav\u00e9s de los inspiradores textos que las acompa\u00f1an, el lector\/a podr\u00e1 encontrar respuestas a sus inquietudes e interrogantes en sus di\u00e1logos interiores con cada una de ellas.<\/div>\n<div style=\"text-align: left;\"><\/div>\n<div style=\"text-align: left;\"><\/div>\n<div aria-hidden=\"true\" style=\"text-align: right;\"><\/div>\n<div align=\"right\" style=\"text-align: right;\"><\/div>\n<div align=\"right\" style=\"text-align: right;\"><\/div>\n<div align=\"right\" style=\"text-align: right;\"><\/div>\n<div align=\"right\" style=\"text-align: right;\"><\/div>\n<div align=\"right\" style=\"text-align: right;\"><\/div>\n<div align=\"right\" style=\"text-align: right;\"><\/div>\n<div align=\"right\" style=\"text-align: right;\"><\/div>\n<div align=\"right\" style=\"text-align: right;\"><\/div>\n<div align=\"right\" style=\"text-align: right;\"><\/div>\n<div align=\"right\" style=\"text-align: right;\"><\/div>\n<div align=\"right\" style=\"text-align: right;\"><\/div>\n<div align=\"right\" style=\"text-align: right;\"><\/div>\n<div align=\"right\" style=\"text-align: right;\">Pablo \u00c1lvarez Dom\u00ednguez (US)<\/div>\n<div align=\"right\" style=\"text-align: right;\">Mar\u00eda Jos\u00e9 Rebollo Espinosa (US)<\/div>\n<div align=\"right\" style=\"text-align: right;\"><span>Maria Celi Chaves Vasconcelos (UERJ)<\/span><\/div>\n<p>[\/et_pb_text][\/et_pb_column][\/et_pb_row][\/et_pb_section]<\/p>\n","protected":false},"excerpt":{"rendered":"<p>Presentaci\u00f3n\u00a0 \u00a0 \u00a0 \u00a0 El estudio y recuperaci\u00f3n del patrimonio hist\u00f3rico educativo nos ha permitido abrir, especialmente en los \u00faltimos veinte a\u00f1os, nuevas oportunidades y posibilidades para generar conocimiento ligado a la interpretaci\u00f3n del utillaje etnogr\u00e1fico y arqueol\u00f3gico de la escuela. Las universidades, a trav\u00e9s de sus museos y colecciones patrimoniales, tienen en sus manos [&hellip;]<\/p>\n","protected":false},"author":1,"featured_media":0,"parent":0,"menu_order":0,"comment_status":"closed","ping_status":"closed","template":"","meta":{"_et_pb_use_builder":"on","_et_pb_old_content":"","_et_gb_content_width":"","footnotes":""},"class_list":["post-131","page","type-page","status-publish","hentry"],"_links":{"self":[{"href":"https:\/\/grupo.us.es\/mujeryeducacion\/wp-json\/wp\/v2\/pages\/131","targetHints":{"allow":["GET"]}}],"collection":[{"href":"https:\/\/grupo.us.es\/mujeryeducacion\/wp-json\/wp\/v2\/pages"}],"about":[{"href":"https:\/\/grupo.us.es\/mujeryeducacion\/wp-json\/wp\/v2\/types\/page"}],"author":[{"embeddable":true,"href":"https:\/\/grupo.us.es\/mujeryeducacion\/wp-json\/wp\/v2\/users\/1"}],"replies":[{"embeddable":true,"href":"https:\/\/grupo.us.es\/mujeryeducacion\/wp-json\/wp\/v2\/comments?post=131"}],"version-history":[{"count":39,"href":"https:\/\/grupo.us.es\/mujeryeducacion\/wp-json\/wp\/v2\/pages\/131\/revisions"}],"predecessor-version":[{"id":5997,"href":"https:\/\/grupo.us.es\/mujeryeducacion\/wp-json\/wp\/v2\/pages\/131\/revisions\/5997"}],"wp:attachment":[{"href":"https:\/\/grupo.us.es\/mujeryeducacion\/wp-json\/wp\/v2\/media?parent=131"}],"curies":[{"name":"wp","href":"https:\/\/api.w.org\/{rel}","templated":true}]}}