{"id":37,"date":"2022-02-18T09:00:25","date_gmt":"2022-02-18T09:00:25","guid":{"rendered":"http:\/\/grupo.us.es\/modeloecsmec\/?page_id=37"},"modified":"2025-09-06T16:48:24","modified_gmt":"2025-09-06T14:48:24","slug":"inicio","status":"publish","type":"page","link":"https:\/\/grupo.us.es\/modeloecsmec\/","title":{"rendered":"Portada"},"content":{"rendered":"\t\t<div data-elementor-type=\"wp-page\" data-elementor-id=\"37\" class=\"elementor elementor-37\" data-elementor-post-type=\"page\">\n\t\t\t\t<div class=\"elementor-element elementor-element-deedc3f e-con-full animated-slow e-flex elementor-invisible e-con e-child\" data-id=\"deedc3f\" data-element_type=\"container\" data-settings=\"{&quot;animation&quot;:&quot;fadeInRight&quot;,&quot;background_background&quot;:&quot;gradient&quot;}\">\n\t\t<div class=\"elementor-element elementor-element-1b500b6 e-con-full e-flex e-con e-child\" data-id=\"1b500b6\" data-element_type=\"container\">\n\t\t\t\t<div class=\"elementor-element elementor-element-24be554 elementor-widget elementor-widget-heading\" data-id=\"24be554\" data-element_type=\"widget\" data-widget_type=\"heading.default\">\n\t\t\t\t<div class=\"elementor-widget-container\">\n\t\t\t\t\t<h5 class=\"elementor-heading-title elementor-size-default\">CENTRO INTERNACIONAL PERMANENTE NUEVA ESCUELA DE POL\u00cdTICA ECON\u00d3MICA<\/h5>\t\t\t\t<\/div>\n\t\t\t\t<\/div>\n\t\t<div class=\"elementor-element elementor-element-11ca03d e-con-full e-flex e-con e-child\" data-id=\"11ca03d\" data-element_type=\"container\">\n\t\t<div class=\"elementor-element elementor-element-a2b8172 e-con-full e-flex e-con e-child\" data-id=\"a2b8172\" data-element_type=\"container\">\n\t\t<div class=\"elementor-element elementor-element-f70ea68 e-con-full e-flex e-con e-child\" data-id=\"f70ea68\" data-element_type=\"container\">\n\t\t\t\t<div class=\"elementor-element elementor-element-d2802f0 elementor-widget elementor-widget-image\" data-id=\"d2802f0\" data-element_type=\"widget\" data-widget_type=\"image.default\">\n\t\t\t\t<div class=\"elementor-widget-container\">\n\t\t\t\t\t\t\t\t\t\t\t\t\t\t\t<img fetchpriority=\"high\" decoding=\"async\" width=\"500\" height=\"238\" src=\"https:\/\/grupo.us.es\/modeloecsmec\/wp-content\/uploads\/2025\/09\/Logo-Centro-Internacional-e1757169811528.png\" class=\"attachment-large size-large wp-image-3015\" alt=\"\" \/>\t\t\t\t\t\t\t\t\t\t\t\t\t\t\t<\/div>\n\t\t\t\t<\/div>\n\t\t\t\t<\/div>\n\t\t<div class=\"elementor-element elementor-element-17d91c6 e-con-full e-flex e-con e-child\" data-id=\"17d91c6\" data-element_type=\"container\">\n\t\t\t\t<div class=\"elementor-element elementor-element-3e6ff1f elementor-align-center elementor-widget elementor-widget-button\" data-id=\"3e6ff1f\" data-element_type=\"widget\" data-widget_type=\"button.default\">\n\t\t\t\t<div class=\"elementor-widget-container\">\n\t\t\t\t\t\t\t\t\t<div class=\"elementor-button-wrapper\">\n\t\t\t\t\t<a class=\"elementor-button elementor-button-link elementor-size-sm\" href=\"https:\/\/grupo.us.es\/modeloecsmec\/inicio-ecsmec\/por-que-esta-iniciativa\/\">\n\t\t\t\t\t\t<span class=\"elementor-button-content-wrapper\">\n\t\t\t\t\t\t\t\t\t<span class=\"elementor-button-text\">\u00bfPor qu\u00e9 esta iniciativa?<\/span>\n\t\t\t\t\t<\/span>\n\t\t\t\t\t<\/a>\n\t\t\t\t<\/div>\n\t\t\t\t\t\t\t\t<\/div>\n\t\t\t\t<\/div>\n\t\t\t\t<div class=\"elementor-element elementor-element-c37371d elementor-align-center elementor-widget elementor-widget-button\" data-id=\"c37371d\" data-element_type=\"widget\" data-widget_type=\"button.default\">\n\t\t\t\t<div class=\"elementor-widget-container\">\n\t\t\t\t\t\t\t\t\t<div class=\"elementor-button-wrapper\">\n\t\t\t\t\t<a class=\"elementor-button elementor-button-link elementor-size-sm\" href=\"https:\/\/grupo.us.es\/modeloecsmec\/inicio-ecsmec\/relevancia-y-beneficios\/\">\n\t\t\t\t\t\t<span class=\"elementor-button-content-wrapper\">\n\t\t\t\t\t\t\t\t\t<span class=\"elementor-button-text\">Relevancia y beneficios<\/span>\n\t\t\t\t\t<\/span>\n\t\t\t\t\t<\/a>\n\t\t\t\t<\/div>\n\t\t\t\t\t\t\t\t<\/div>\n\t\t\t\t<\/div>\n\t\t\t\t<div class=\"elementor-element elementor-element-55711f5 elementor-align-center elementor-widget elementor-widget-button\" data-id=\"55711f5\" data-element_type=\"widget\" data-widget_type=\"button.default\">\n\t\t\t\t<div class=\"elementor-widget-container\">\n\t\t\t\t\t\t\t\t\t<div class=\"elementor-button-wrapper\">\n\t\t\t\t\t<a class=\"elementor-button elementor-button-link elementor-size-sm\" href=\"https:\/\/grupo.us.es\/modeloecsmec\/inicio-ecsmec\/modelo-ecs-mec\/\">\n\t\t\t\t\t\t<span class=\"elementor-button-content-wrapper\">\n\t\t\t\t\t\t\t\t\t<span class=\"elementor-button-text\">Modelo ECS-MEC<\/span>\n\t\t\t\t\t<\/span>\n\t\t\t\t\t<\/a>\n\t\t\t\t<\/div>\n\t\t\t\t\t\t\t\t<\/div>\n\t\t\t\t<\/div>\n\t\t\t\t<\/div>\n\t\t\t\t<\/div>\n\t\t<div class=\"elementor-element elementor-element-27530b6 e-con-full e-flex e-con e-child\" data-id=\"27530b6\" data-element_type=\"container\">\n\t\t\t\t<div class=\"elementor-element elementor-element-993dc9d elementor-widget elementor-widget-text-editor\" data-id=\"993dc9d\" data-element_type=\"widget\" data-widget_type=\"text-editor.default\">\n\t\t\t\t<div class=\"elementor-widget-container\">\n\t\t\t\t\t\t\t\t\t<p>\u00a1Bienvenidas y Bienvenidos al apasionante debate sobre el futuro de la Pol\u00edtica Econ\u00f3mica!\u00a0<\/p><p>Nos encontramos ante la creaci\u00f3n de una nueva escuela de pensamiento econ\u00f3mico que instrumentamos a trav\u00e9s del\u202f Centro Internacional Permanente Nueva Escuela de Pol\u00edtica Econ\u00f3mica. Si bien se parte de la propuesta para acabar con las recesiones de onda media, requiere de mucho apoyo cient\u00edfico para completarlo, basado en aportaciones que pasan por el Movimiento (dinamismo, acci\u00f3n), el Esfuerzo (actividad) y la Confianza (intra e interpersonal e institucional), frente a la tradicional escasez, utilidad y marginalidad. Se trata de un instrumento para completar el nuevo\u202fparadigma econ\u00f3mico\u202finiciado en \u00abEl final de las crisis econ\u00f3micas nacionales. El modelo ECS-MEC\u00bb (Mor\u00e1n-\u00c1lvarez, 2024).<\/p><p>La Facultad de Ciencias Econ\u00f3micas y Empresariales de la Universidad de Sevilla se enorgullece de apoyar este proyecto pionero, que promete posicionar a quienes se involucren a la vanguardia de la investigaci\u00f3n y la innovaci\u00f3n econ\u00f3mica. Juntos, trabajaremos para sumar universidades de todo el mundo, construyendo una plataforma global para liderar el debate econ\u00f3mico del siglo XXI.<\/p><p><strong>\u00a1Gracias por unirte a este viaje transformador hacia el futuro!\u00a0<\/strong><\/p>\t\t\t\t\t\t\t\t<\/div>\n\t\t\t\t<\/div>\n\t\t\t\t<\/div>\n\t\t\t\t<\/div>\n\t\t\t\t<\/div>\n\t\t\t\t<\/div>\n\t\t<div class=\"elementor-element elementor-element-cb71b9c e-con-full animated-slow e-flex elementor-invisible e-con e-child\" data-id=\"cb71b9c\" data-element_type=\"container\" data-settings=\"{&quot;animation&quot;:&quot;fadeInLeft&quot;,&quot;background_background&quot;:&quot;gradient&quot;}\">\n\t\t<div class=\"elementor-element elementor-element-9b2e238 e-con-full e-flex e-con e-child\" data-id=\"9b2e238\" data-element_type=\"container\">\n\t\t\t\t<div class=\"elementor-element elementor-element-b3e2581 elementor-widget elementor-widget-heading\" data-id=\"b3e2581\" data-element_type=\"widget\" data-widget_type=\"heading.default\">\n\t\t\t\t<div class=\"elementor-widget-container\">\n\t\t\t\t\t<h5 class=\"elementor-heading-title elementor-size-default\">JORNADAS INTERNACIONALES DE POL\u00cdTICA ECON\u00d3MICA<\/h5>\t\t\t\t<\/div>\n\t\t\t\t<\/div>\n\t\t<div class=\"elementor-element elementor-element-a397802 e-con-full e-flex e-con e-child\" data-id=\"a397802\" data-element_type=\"container\">\n\t\t<div class=\"elementor-element elementor-element-cc9cc67 e-con-full e-flex e-con e-child\" data-id=\"cc9cc67\" data-element_type=\"container\">\n\t\t\t\t<div class=\"elementor-element elementor-element-1b46bdc elementor-widget elementor-widget-text-editor\" data-id=\"1b46bdc\" data-element_type=\"widget\" data-widget_type=\"text-editor.default\">\n\t\t\t\t<div class=\"elementor-widget-container\">\n\t\t\t\t\t\t\t\t\t<p>\u00a1Bienvenidas y bienvenidos a las XVII Jornadas Internacionales de Pol\u00edtica Econ\u00f3mica!\u00a0<\/p><p>Este a\u00f1o la organizaci\u00f3n de este importante evento est\u00e1 a cargo del Grupo de Investigaci\u00f3n de Planificaci\u00f3n y An\u00e1lisis Econ\u00f3mico, del Departamento de Econom\u00eda Aplicada III en la Facultad de Ciencias Econ\u00f3micas y Empresariales de la Universidad de Sevilla.\u202f\u202f\u00a0<\/p><p>Nos enorgullece celebrar estas Jornadas cuyo eje tem\u00e1tico enmarcamos en torno a la defensa de la necesidad de un nuevo paradigma de pol\u00edtica econ\u00f3mica y a la presentaci\u00f3n de un espacio para la construcci\u00f3n de una\u00a0<strong>Nueva Escuela de Pol\u00edtica Econ\u00f3mica<\/strong>, basada en el <strong>modelo ECS-MEC<sup>1<\/sup><\/strong>.\u00a0<\/p><p><strong>\u00a1Gracias por tu generosidad y esfuerzo por impulsar la Pol\u00edtica Econ\u00f3mica desde la ciencia!<\/strong><\/p><p style=\"text-align: right;\"><span style=\"font-size: 8pt;\"><span style=\"font-size: 10pt;\"><strong><sup>1 <\/sup><\/strong><\/span>Econom\u00eda Con Sentido &#8211; Movimiento, Esfuerzo y Confianza<\/span><\/p>\t\t\t\t\t\t\t\t<\/div>\n\t\t\t\t<\/div>\n\t\t\t\t<\/div>\n\t\t<div class=\"elementor-element elementor-element-3cd2ee7 e-con-full e-flex e-con e-child\" data-id=\"3cd2ee7\" data-element_type=\"container\">\n\t\t<div class=\"elementor-element elementor-element-ead6f4e e-con-full e-flex e-con e-child\" data-id=\"ead6f4e\" data-element_type=\"container\">\n\t\t\t\t<div class=\"elementor-element elementor-element-ecbae07 elementor-widget elementor-widget-image\" data-id=\"ecbae07\" data-element_type=\"widget\" data-widget_type=\"image.default\">\n\t\t\t\t<div class=\"elementor-widget-container\">\n\t\t\t\t\t\t\t\t\t\t\t\t\t\t\t<img decoding=\"async\" width=\"1280\" height=\"720\" src=\"https:\/\/grupo.us.es\/modeloecsmec\/wp-content\/uploads\/2024\/10\/XVII-Jornadas-Internacionales.png\" class=\"attachment-large size-large wp-image-2701\" alt=\"\" \/>\t\t\t\t\t\t\t\t\t\t\t\t\t\t\t<\/div>\n\t\t\t\t<\/div>\n\t\t\t\t<\/div>\n\t\t<div class=\"elementor-element elementor-element-c6822b8 e-con-full e-flex e-con e-child\" data-id=\"c6822b8\" data-element_type=\"container\">\n\t\t\t\t<div class=\"elementor-element elementor-element-34d0803 elementor-widget elementor-widget-button\" data-id=\"34d0803\" data-element_type=\"widget\" data-widget_type=\"button.default\">\n\t\t\t\t<div class=\"elementor-widget-container\">\n\t\t\t\t\t\t\t\t\t<div class=\"elementor-button-wrapper\">\n\t\t\t\t\t<a class=\"elementor-button elementor-button-link elementor-size-sm\" href=\"https:\/\/grupo.us.es\/modeloecsmec\/xvii-jornadas-internacionales-de-politica-economica\/inicio\/\">\n\t\t\t\t\t\t<span class=\"elementor-button-content-wrapper\">\n\t\t\t\t\t\t\t\t\t<span class=\"elementor-button-text\">XVII Jornadas Internacionales de Pol\u00edtica econ\u00f3mica<\/span>\n\t\t\t\t\t<\/span>\n\t\t\t\t\t<\/a>\n\t\t\t\t<\/div>\n\t\t\t\t\t\t\t\t<\/div>\n\t\t\t\t<\/div>\n\t\t\t\t<\/div>\n\t\t\t\t<\/div>\n\t\t\t\t<\/div>\n\t\t\t\t<\/div>\n\t\t\t\t<\/div>\n\t\t\t\t<\/div>\n\t\t","protected":false},"excerpt":{"rendered":"<p>CENTRO INTERNACIONAL PERMANENTE NUEVA ESCUELA DE POL\u00cdTICA ECON\u00d3MICA \u00bfPor qu\u00e9 esta iniciativa? Relevancia y beneficios Modelo ECS-MEC \u00a1Bienvenidas y Bienvenidos al apasionante debate sobre el futuro de la Pol\u00edtica Econ\u00f3mica!\u00a0 Nos encontramos ante la creaci\u00f3n de una nueva escuela de pensamiento econ\u00f3mico que instrumentamos a trav\u00e9s del\u202f Centro Internacional Permanente Nueva Escuela de Pol\u00edtica Econ\u00f3mica. [&hellip;]<\/p>\n","protected":false},"author":1,"featured_media":0,"parent":0,"menu_order":0,"comment_status":"closed","ping_status":"closed","template":"","meta":{"footnotes":""},"class_list":["post-37","page","type-page","status-publish","hentry"],"yoast_head":"<!-- This site is optimized with the Yoast SEO plugin v25.2 - https:\/\/yoast.com\/wordpress\/plugins\/seo\/ -->\n<title>Portada - Modelo ECSMEC<\/title>\n<meta name=\"description\" content=\"Congreso Internacional Permanente de la Nueva Escuela de Pol\u00edtica Econ\u00f3mica \u00a1Bienvenidos al apasionante debate sobre el futuro de la Pol\u00edtica Econ\u00f3mica!\" \/>\n<meta name=\"robots\" content=\"index, follow, max-snippet:-1, max-image-preview:large, max-video-preview:-1\" \/>\n<link rel=\"canonical\" href=\"https:\/\/grupo.us.es\/modeloecsmec\/\" \/>\n<meta property=\"og:locale\" content=\"es_ES\" \/>\n<meta property=\"og:type\" content=\"article\" \/>\n<meta property=\"og:title\" content=\"Portada - Modelo ECSMEC\" \/>\n<meta property=\"og:description\" content=\"Congreso Internacional Permanente de la Nueva Escuela de Pol\u00edtica Econ\u00f3mica \u00a1Bienvenidos al apasionante debate sobre el futuro de la Pol\u00edtica Econ\u00f3mica!\" \/>\n<meta property=\"og:url\" content=\"https:\/\/grupo.us.es\/modeloecsmec\/\" \/>\n<meta property=\"og:site_name\" content=\"Modelo ECSMEC\" \/>\n<meta property=\"article:modified_time\" content=\"2025-09-06T14:48:24+00:00\" \/>\n<meta property=\"og:image\" content=\"https:\/\/grupo.us.es\/modeloecsmec\/wp-content\/uploads\/2025\/09\/Logo-Centro-Internacional-e1757169811528.png\" \/>\n\t<meta property=\"og:image:width\" content=\"500\" \/>\n\t<meta property=\"og:image:height\" content=\"238\" \/>\n\t<meta property=\"og:image:type\" content=\"image\/png\" \/>\n<meta name=\"twitter:card\" content=\"summary_large_image\" \/>\n<meta name=\"twitter:label1\" content=\"Tiempo de lectura\" \/>\n\t<meta name=\"twitter:data1\" content=\"2 minutos\" \/>\n<script type=\"application\/ld+json\" class=\"yoast-schema-graph\">{\"@context\":\"https:\/\/schema.org\",\"@graph\":[{\"@type\":\"WebPage\",\"@id\":\"https:\/\/grupo.us.es\/modeloecsmec\/\",\"url\":\"https:\/\/grupo.us.es\/modeloecsmec\/\",\"name\":\"Portada - Modelo ECSMEC\",\"isPartOf\":{\"@id\":\"https:\/\/grupo.us.es\/modeloecsmec\/#website\"},\"primaryImageOfPage\":{\"@id\":\"https:\/\/grupo.us.es\/modeloecsmec\/#primaryimage\"},\"image\":{\"@id\":\"https:\/\/grupo.us.es\/modeloecsmec\/#primaryimage\"},\"thumbnailUrl\":\"https:\/\/grupo.us.es\/modeloecsmec\/wp-content\/uploads\/2025\/09\/Logo-Centro-Internacional-e1757169811528.png\",\"datePublished\":\"2022-02-18T09:00:25+00:00\",\"dateModified\":\"2025-09-06T14:48:24+00:00\",\"description\":\"Congreso Internacional Permanente de la Nueva Escuela de Pol\u00edtica Econ\u00f3mica \u00a1Bienvenidos al apasionante debate sobre el futuro de la Pol\u00edtica Econ\u00f3mica!\",\"inLanguage\":\"es\",\"potentialAction\":[{\"@type\":\"ReadAction\",\"target\":[\"https:\/\/grupo.us.es\/modeloecsmec\/\"]}]},{\"@type\":\"ImageObject\",\"inLanguage\":\"es\",\"@id\":\"https:\/\/grupo.us.es\/modeloecsmec\/#primaryimage\",\"url\":\"https:\/\/grupo.us.es\/modeloecsmec\/wp-content\/uploads\/2025\/09\/Logo-Centro-Internacional-e1757169811528.png\",\"contentUrl\":\"https:\/\/grupo.us.es\/modeloecsmec\/wp-content\/uploads\/2025\/09\/Logo-Centro-Internacional-e1757169811528.png\",\"width\":500,\"height\":238},{\"@type\":\"WebSite\",\"@id\":\"https:\/\/grupo.us.es\/modeloecsmec\/#website\",\"url\":\"https:\/\/grupo.us.es\/modeloecsmec\/\",\"name\":\"Modelo ECSMEC\",\"description\":\"Nueva Escuela de Pol\u00edtica Econ\u00f3mica\",\"publisher\":{\"@id\":\"https:\/\/grupo.us.es\/modeloecsmec\/#organization\"},\"potentialAction\":[{\"@type\":\"SearchAction\",\"target\":{\"@type\":\"EntryPoint\",\"urlTemplate\":\"https:\/\/grupo.us.es\/modeloecsmec\/?s={search_term_string}\"},\"query-input\":{\"@type\":\"PropertyValueSpecification\",\"valueRequired\":true,\"valueName\":\"search_term_string\"}}],\"inLanguage\":\"es\"},{\"@type\":\"Organization\",\"@id\":\"https:\/\/grupo.us.es\/modeloecsmec\/#organization\",\"name\":\"Modelo ECSMEC\",\"url\":\"https:\/\/grupo.us.es\/modeloecsmec\/\",\"logo\":{\"@type\":\"ImageObject\",\"inLanguage\":\"es\",\"@id\":\"https:\/\/grupo.us.es\/modeloecsmec\/#\/schema\/logo\/image\/\",\"url\":\"https:\/\/grupo.us.es\/modeloecsmec\/wp-content\/uploads\/2025\/09\/Logo-Centro-Internacional-e1757169811528.png\",\"contentUrl\":\"https:\/\/grupo.us.es\/modeloecsmec\/wp-content\/uploads\/2025\/09\/Logo-Centro-Internacional-e1757169811528.png\",\"width\":500,\"height\":238,\"caption\":\"Modelo ECSMEC\"},\"image\":{\"@id\":\"https:\/\/grupo.us.es\/modeloecsmec\/#\/schema\/logo\/image\/\"}}]}<\/script>\n<!-- \/ Yoast SEO plugin. -->","yoast_head_json":{"title":"Portada - Modelo ECSMEC","description":"Congreso Internacional Permanente de la Nueva Escuela de Pol\u00edtica Econ\u00f3mica \u00a1Bienvenidos al apasionante debate sobre el futuro de la Pol\u00edtica Econ\u00f3mica!","robots":{"index":"index","follow":"follow","max-snippet":"max-snippet:-1","max-image-preview":"max-image-preview:large","max-video-preview":"max-video-preview:-1"},"canonical":"https:\/\/grupo.us.es\/modeloecsmec\/","og_locale":"es_ES","og_type":"article","og_title":"Portada - Modelo ECSMEC","og_description":"Congreso Internacional Permanente de la Nueva Escuela de Pol\u00edtica Econ\u00f3mica \u00a1Bienvenidos al apasionante debate sobre el futuro de la Pol\u00edtica Econ\u00f3mica!","og_url":"https:\/\/grupo.us.es\/modeloecsmec\/","og_site_name":"Modelo ECSMEC","article_modified_time":"2025-09-06T14:48:24+00:00","og_image":[{"width":500,"height":238,"url":"https:\/\/grupo.us.es\/modeloecsmec\/wp-content\/uploads\/2025\/09\/Logo-Centro-Internacional-e1757169811528.png","type":"image\/png"}],"twitter_card":"summary_large_image","twitter_misc":{"Tiempo de lectura":"2 minutos"},"schema":{"@context":"https:\/\/schema.org","@graph":[{"@type":"WebPage","@id":"https:\/\/grupo.us.es\/modeloecsmec\/","url":"https:\/\/grupo.us.es\/modeloecsmec\/","name":"Portada - Modelo ECSMEC","isPartOf":{"@id":"https:\/\/grupo.us.es\/modeloecsmec\/#website"},"primaryImageOfPage":{"@id":"https:\/\/grupo.us.es\/modeloecsmec\/#primaryimage"},"image":{"@id":"https:\/\/grupo.us.es\/modeloecsmec\/#primaryimage"},"thumbnailUrl":"https:\/\/grupo.us.es\/modeloecsmec\/wp-content\/uploads\/2025\/09\/Logo-Centro-Internacional-e1757169811528.png","datePublished":"2022-02-18T09:00:25+00:00","dateModified":"2025-09-06T14:48:24+00:00","description":"Congreso Internacional Permanente de la Nueva Escuela de Pol\u00edtica Econ\u00f3mica \u00a1Bienvenidos al apasionante debate sobre el futuro de la Pol\u00edtica Econ\u00f3mica!","inLanguage":"es","potentialAction":[{"@type":"ReadAction","target":["https:\/\/grupo.us.es\/modeloecsmec\/"]}]},{"@type":"ImageObject","inLanguage":"es","@id":"https:\/\/grupo.us.es\/modeloecsmec\/#primaryimage","url":"https:\/\/grupo.us.es\/modeloecsmec\/wp-content\/uploads\/2025\/09\/Logo-Centro-Internacional-e1757169811528.png","contentUrl":"https:\/\/grupo.us.es\/modeloecsmec\/wp-content\/uploads\/2025\/09\/Logo-Centro-Internacional-e1757169811528.png","width":500,"height":238},{"@type":"WebSite","@id":"https:\/\/grupo.us.es\/modeloecsmec\/#website","url":"https:\/\/grupo.us.es\/modeloecsmec\/","name":"Modelo ECSMEC","description":"Nueva Escuela de Pol\u00edtica Econ\u00f3mica","publisher":{"@id":"https:\/\/grupo.us.es\/modeloecsmec\/#organization"},"potentialAction":[{"@type":"SearchAction","target":{"@type":"EntryPoint","urlTemplate":"https:\/\/grupo.us.es\/modeloecsmec\/?s={search_term_string}"},"query-input":{"@type":"PropertyValueSpecification","valueRequired":true,"valueName":"search_term_string"}}],"inLanguage":"es"},{"@type":"Organization","@id":"https:\/\/grupo.us.es\/modeloecsmec\/#organization","name":"Modelo ECSMEC","url":"https:\/\/grupo.us.es\/modeloecsmec\/","logo":{"@type":"ImageObject","inLanguage":"es","@id":"https:\/\/grupo.us.es\/modeloecsmec\/#\/schema\/logo\/image\/","url":"https:\/\/grupo.us.es\/modeloecsmec\/wp-content\/uploads\/2025\/09\/Logo-Centro-Internacional-e1757169811528.png","contentUrl":"https:\/\/grupo.us.es\/modeloecsmec\/wp-content\/uploads\/2025\/09\/Logo-Centro-Internacional-e1757169811528.png","width":500,"height":238,"caption":"Modelo ECSMEC"},"image":{"@id":"https:\/\/grupo.us.es\/modeloecsmec\/#\/schema\/logo\/image\/"}}]}},"_links":{"self":[{"href":"https:\/\/grupo.us.es\/modeloecsmec\/wp-json\/wp\/v2\/pages\/37","targetHints":{"allow":["GET"]}}],"collection":[{"href":"https:\/\/grupo.us.es\/modeloecsmec\/wp-json\/wp\/v2\/pages"}],"about":[{"href":"https:\/\/grupo.us.es\/modeloecsmec\/wp-json\/wp\/v2\/types\/page"}],"author":[{"embeddable":true,"href":"https:\/\/grupo.us.es\/modeloecsmec\/wp-json\/wp\/v2\/users\/1"}],"replies":[{"embeddable":true,"href":"https:\/\/grupo.us.es\/modeloecsmec\/wp-json\/wp\/v2\/comments?post=37"}],"version-history":[{"count":0,"href":"https:\/\/grupo.us.es\/modeloecsmec\/wp-json\/wp\/v2\/pages\/37\/revisions"}],"wp:attachment":[{"href":"https:\/\/grupo.us.es\/modeloecsmec\/wp-json\/wp\/v2\/media?parent=37"}],"curies":[{"name":"wp","href":"https:\/\/api.w.org\/{rel}","templated":true}]}}