{"id":2729,"date":"2024-10-30T13:10:58","date_gmt":"2024-10-30T12:10:58","guid":{"rendered":"https:\/\/grupo.us.es\/modeloecsmec\/?page_id=2729"},"modified":"2024-11-21T09:54:41","modified_gmt":"2024-11-21T08:54:41","slug":"novedades-destacadas","status":"publish","type":"page","link":"https:\/\/grupo.us.es\/modeloecsmec\/xvii-jornadas-internacionales-de-politica-economica\/novedades-destacadas\/","title":{"rendered":"Novedades Destacadas"},"content":{"rendered":"\t\t<div data-elementor-type=\"wp-page\" data-elementor-id=\"2729\" class=\"elementor elementor-2729\" data-elementor-post-type=\"page\">\n\t\t\t\t<div class=\"elementor-element elementor-element-e5e0a74 animated-slow e-flex e-con-boxed elementor-invisible e-con e-parent\" data-id=\"e5e0a74\" data-element_type=\"container\" data-settings=\"{&quot;animation&quot;:&quot;fadeIn&quot;}\">\n\t\t\t\t\t<div class=\"e-con-inner\">\n\t\t\t\t<div class=\"elementor-element elementor-element-e6a8052 elementor-widget elementor-widget-heading\" data-id=\"e6a8052\" data-element_type=\"widget\" data-widget_type=\"heading.default\">\n\t\t\t\t<div class=\"elementor-widget-container\">\n\t\t\t\t\t<h4 class=\"elementor-heading-title elementor-size-default\">Novedades sobre las Jornadas Internacionales de Pol\u00edtica Econ\u00f3mica<\/h4>\t\t\t\t<\/div>\n\t\t\t\t<\/div>\n\t\t\t\t<div class=\"elementor-element elementor-element-5c3634b elementor-posts--align-left elementor-grid-4 elementor-grid-tablet-2 elementor-grid-mobile-1 elementor-posts--thumbnail-top elementor-widget elementor-widget-posts\" data-id=\"5c3634b\" data-element_type=\"widget\" data-settings=\"{&quot;pagination_type&quot;:&quot;numbers_and_prev_next&quot;,&quot;classic_columns&quot;:&quot;4&quot;,&quot;classic_columns_tablet&quot;:&quot;2&quot;,&quot;classic_columns_mobile&quot;:&quot;1&quot;,&quot;classic_row_gap&quot;:{&quot;unit&quot;:&quot;px&quot;,&quot;size&quot;:35,&quot;sizes&quot;:[]},&quot;classic_row_gap_tablet&quot;:{&quot;unit&quot;:&quot;px&quot;,&quot;size&quot;:&quot;&quot;,&quot;sizes&quot;:[]},&quot;classic_row_gap_mobile&quot;:{&quot;unit&quot;:&quot;px&quot;,&quot;size&quot;:&quot;&quot;,&quot;sizes&quot;:[]}}\" data-widget_type=\"posts.classic\">\n\t\t\t\t<div class=\"elementor-widget-container\">\n\t\t\t\t\t\t\t<div class=\"elementor-posts-container elementor-posts elementor-posts--skin-classic elementor-grid\">\n\t\t\t\t<article class=\"elementor-post elementor-grid-item post-2772 post type-post status-publish format-standard has-post-thumbnail hentry category-novedades-jipe\">\n\t\t\t\t<a class=\"elementor-post__thumbnail__link\" href=\"https:\/\/grupo.us.es\/modeloecsmec\/2025\/04\/08\/amplia-participacion-nacional-e-internacional-en-el-evento\/\" tabindex=\"-1\" >\n\t\t\t<div class=\"elementor-post__thumbnail\"><img fetchpriority=\"high\" decoding=\"async\" width=\"1854\" height=\"2717\" src=\"https:\/\/grupo.us.es\/modeloecsmec\/wp-content\/uploads\/2025\/01\/primera_cub_ingles.jpg\" class=\"attachment-medium size-medium wp-image-2882\" alt=\"\" \/><\/div>\n\t\t<\/a>\n\t\t\t\t<div class=\"elementor-post__text\">\n\t\t\t\t<h3 class=\"elementor-post__title\">\n\t\t\t<a href=\"https:\/\/grupo.us.es\/modeloecsmec\/2025\/04\/08\/amplia-participacion-nacional-e-internacional-en-el-evento\/\" >\n\t\t\t\tAmplia participaci\u00f3n nacional e internacional en el evento\t\t\t<\/a>\n\t\t<\/h3>\n\t\t\t\t<div class=\"elementor-post__meta-data\">\n\t\t\t\t\t<span class=\"elementor-post-date\">\n\t\t\t8 de abril de 2025\t\t<\/span>\n\t\t\t\t<\/div>\n\t\t\t\t<div class=\"elementor-post__excerpt\">\n\t\t\t<p>El evento ha superado ya las\u00a050 inscripciones, consolid\u00e1ndose como un espacio acad\u00e9mico de gran alcance y proyecci\u00f3n. Contamos con la\u00a0representaci\u00f3n de numerosas universidades espa\u00f1olas, entre las que destacan: la\u00a0Universidad del<\/p>\n\t\t<\/div>\n\t\t\n\t\t<a class=\"elementor-post__read-more\" href=\"https:\/\/grupo.us.es\/modeloecsmec\/2025\/04\/08\/amplia-participacion-nacional-e-internacional-en-el-evento\/\" aria-label=\"M\u00e1s informaci\u00f3n sobre Amplia participaci\u00f3n nacional e internacional en el evento\" tabindex=\"-1\" >\n\t\t\tLeer m\u00e1s \u00bb\t\t<\/a>\n\n\t\t\t\t<\/div>\n\t\t\t\t<\/article>\n\t\t\t\t<article class=\"elementor-post elementor-grid-item post-2771 post type-post status-publish format-standard has-post-thumbnail hentry category-novedades-jipe\">\n\t\t\t\t<a class=\"elementor-post__thumbnail__link\" href=\"https:\/\/grupo.us.es\/modeloecsmec\/2025\/04\/08\/nuevo-numero-de-noticias-de-politica-economica\/\" tabindex=\"-1\" >\n\t\t\t<div class=\"elementor-post__thumbnail\"><img decoding=\"async\" width=\"853\" height=\"1280\" src=\"https:\/\/grupo.us.es\/modeloecsmec\/wp-content\/uploads\/2024\/10\/skyscrapers-639339_1280.jpg\" class=\"attachment-medium size-medium wp-image-2719\" alt=\"\" \/><\/div>\n\t\t<\/a>\n\t\t\t\t<div class=\"elementor-post__text\">\n\t\t\t\t<h3 class=\"elementor-post__title\">\n\t\t\t<a href=\"https:\/\/grupo.us.es\/modeloecsmec\/2025\/04\/08\/nuevo-numero-de-noticias-de-politica-economica\/\" >\n\t\t\t\tNuevo n\u00famero de Noticias de Pol\u00edtica Econ\u00f3mica\t\t\t<\/a>\n\t\t<\/h3>\n\t\t\t\t<div class=\"elementor-post__meta-data\">\n\t\t\t\t\t<span class=\"elementor-post-date\">\n\t\t\t8 de abril de 2025\t\t<\/span>\n\t\t\t\t<\/div>\n\t\t\t\t<div class=\"elementor-post__excerpt\">\n\t\t\t<p>El nuevo n\u00famero de\u00a0Noticias de Pol\u00edtica Econ\u00f3mica\u00a0ha sido publicado cuidadosamente por la Universidad de Valencia, como parte de su compromiso con la divulgaci\u00f3n en la actual Pol\u00edtica Econ\u00f3mica. Como es<\/p>\n\t\t<\/div>\n\t\t\n\t\t<a class=\"elementor-post__read-more\" href=\"https:\/\/grupo.us.es\/modeloecsmec\/2025\/04\/08\/nuevo-numero-de-noticias-de-politica-economica\/\" aria-label=\"M\u00e1s informaci\u00f3n sobre Nuevo n\u00famero de Noticias de Pol\u00edtica Econ\u00f3mica\" tabindex=\"-1\" >\n\t\t\tLeer m\u00e1s \u00bb\t\t<\/a>\n\n\t\t\t\t<\/div>\n\t\t\t\t<\/article>\n\t\t\t\t<article class=\"elementor-post elementor-grid-item post-2770 post type-post status-publish format-standard has-post-thumbnail hentry category-novedades-jipe\">\n\t\t\t\t<a class=\"elementor-post__thumbnail__link\" href=\"https:\/\/grupo.us.es\/modeloecsmec\/2024\/11\/06\/ampliacion-del-plazo-para-la-entrega-de-resumenes\/\" tabindex=\"-1\" >\n\t\t\t<div class=\"elementor-post__thumbnail\"><img decoding=\"async\" width=\"851\" height=\"1280\" src=\"https:\/\/grupo.us.es\/modeloecsmec\/wp-content\/uploads\/2024\/10\/diagrams-5146203_1280.jpg\" class=\"attachment-medium size-medium wp-image-2721\" alt=\"\" \/><\/div>\n\t\t<\/a>\n\t\t\t\t<div class=\"elementor-post__text\">\n\t\t\t\t<h3 class=\"elementor-post__title\">\n\t\t\t<a href=\"https:\/\/grupo.us.es\/modeloecsmec\/2024\/11\/06\/ampliacion-del-plazo-para-la-entrega-de-resumenes\/\" >\n\t\t\t\tAmpliaci\u00f3n del plazo para la entrega de res\u00famenes\t\t\t<\/a>\n\t\t<\/h3>\n\t\t\t\t<div class=\"elementor-post__meta-data\">\n\t\t\t\t\t<span class=\"elementor-post-date\">\n\t\t\t6 de noviembre de 2024\t\t<\/span>\n\t\t\t\t<\/div>\n\t\t\t\t<div class=\"elementor-post__excerpt\">\n\t\t\t<p>Se informa a las personas interesadas que el plazo para la\u00a0entrega de res\u00famenes\u00a0ha sido\u00a0ampliado hasta el d\u00eda 7 de marzo de 2025. Esta medida tiene como objetivo brindar mayores facilidades<\/p>\n\t\t<\/div>\n\t\t\n\t\t<a class=\"elementor-post__read-more\" href=\"https:\/\/grupo.us.es\/modeloecsmec\/2024\/11\/06\/ampliacion-del-plazo-para-la-entrega-de-resumenes\/\" aria-label=\"M\u00e1s informaci\u00f3n sobre Ampliaci\u00f3n del plazo para la entrega de res\u00famenes\" tabindex=\"-1\" >\n\t\t\tLeer m\u00e1s \u00bb\t\t<\/a>\n\n\t\t\t\t<\/div>\n\t\t\t\t<\/article>\n\t\t\t\t<article class=\"elementor-post elementor-grid-item post-2769 post type-post status-publish format-standard has-post-thumbnail hentry category-novedades-jipe\">\n\t\t\t\t<a class=\"elementor-post__thumbnail__link\" href=\"https:\/\/grupo.us.es\/modeloecsmec\/2024\/11\/06\/xvii-jornadas-internacionales-de-politica-economica\/\" tabindex=\"-1\" >\n\t\t\t<div class=\"elementor-post__thumbnail\"><img loading=\"lazy\" decoding=\"async\" width=\"1280\" height=\"720\" src=\"https:\/\/grupo.us.es\/modeloecsmec\/wp-content\/uploads\/2024\/10\/XVII-Jornadas-Internacionales.png\" class=\"attachment-medium size-medium wp-image-2701\" alt=\"\" \/><\/div>\n\t\t<\/a>\n\t\t\t\t<div class=\"elementor-post__text\">\n\t\t\t\t<h3 class=\"elementor-post__title\">\n\t\t\t<a href=\"https:\/\/grupo.us.es\/modeloecsmec\/2024\/11\/06\/xvii-jornadas-internacionales-de-politica-economica\/\" >\n\t\t\t\tXVII Jornadas Internacionales de Pol\u00edtica Econ\u00f3mica\t\t\t<\/a>\n\t\t<\/h3>\n\t\t\t\t<div class=\"elementor-post__meta-data\">\n\t\t\t\t\t<span class=\"elementor-post-date\">\n\t\t\t6 de noviembre de 2024\t\t<\/span>\n\t\t\t\t<\/div>\n\t\t\t\t<div class=\"elementor-post__excerpt\">\n\t\t\t<p>Un espacio consolidado para el debate acad\u00e9mico Las\u00a0XVII Jornadas Internacionales de Pol\u00edtica Econ\u00f3mica\u00a0constituyen un foro consolidado para el\u00a0intercambio de ideas y la presentaci\u00f3n de aportaciones cient\u00edficas\u00a0en el \u00e1mbito de la<\/p>\n\t\t<\/div>\n\t\t\n\t\t<a class=\"elementor-post__read-more\" href=\"https:\/\/grupo.us.es\/modeloecsmec\/2024\/11\/06\/xvii-jornadas-internacionales-de-politica-economica\/\" aria-label=\"M\u00e1s informaci\u00f3n sobre XVII Jornadas Internacionales de Pol\u00edtica Econ\u00f3mica\" tabindex=\"-1\" >\n\t\t\tLeer m\u00e1s \u00bb\t\t<\/a>\n\n\t\t\t\t<\/div>\n\t\t\t\t<\/article>\n\t\t\t\t<\/div>\n\t\t\n\t\t\t\t\t\t<\/div>\n\t\t\t\t<\/div>\n\t\t\t\t<div class=\"elementor-element elementor-element-83d60e7 elementor-align-right elementor-widget elementor-widget-button\" data-id=\"83d60e7\" data-element_type=\"widget\" data-widget_type=\"button.default\">\n\t\t\t\t<div class=\"elementor-widget-container\">\n\t\t\t\t\t\t\t\t\t<div class=\"elementor-button-wrapper\">\n\t\t\t\t\t<a class=\"elementor-button elementor-button-link elementor-size-sm\" href=\"https:\/\/grupo.us.es\/modeloecsmec\/novedades-investigacion\/novedades-sobre-el-funcionamiento-y-futuro-de-la-nueva-escuela-de-politica-economica\/\">\n\t\t\t\t\t\t<span class=\"elementor-button-content-wrapper\">\n\t\t\t\t\t\t\t\t\t<span class=\"elementor-button-text\">Ver todas >><\/span>\n\t\t\t\t\t<\/span>\n\t\t\t\t\t<\/a>\n\t\t\t\t<\/div>\n\t\t\t\t\t\t\t\t<\/div>\n\t\t\t\t<\/div>\n\t\t\t\t\t<\/div>\n\t\t\t\t<\/div>\n\t\t\t\t<\/div>\n\t\t","protected":false},"excerpt":{"rendered":"<p>Novedades sobre las Jornadas Internacionales de Pol\u00edtica Econ\u00f3mica Ver todas &gt;&gt;<\/p>\n","protected":false},"author":7,"featured_media":0,"parent":2669,"menu_order":0,"comment_status":"closed","ping_status":"closed","template":"","meta":{"footnotes":""},"class_list":["post-2729","page","type-page","status-publish","hentry"],"yoast_head":"<!-- This site is optimized with the Yoast SEO plugin v25.2 - https:\/\/yoast.com\/wordpress\/plugins\/seo\/ -->\n<title>Novedades Destacadas - Modelo ECSMEC<\/title>\n<meta name=\"description\" content=\"Descubre las \u00faltimas novedades sobre las XVII Jornadas Internacionales de Pol\u00edtica Econ\u00f3mica\" \/>\n<meta name=\"robots\" content=\"index, follow, max-snippet:-1, max-image-preview:large, max-video-preview:-1\" \/>\n<link rel=\"canonical\" href=\"https:\/\/grupo.us.es\/modeloecsmec\/xvii-jornadas-internacionales-de-politica-economica\/novedades-destacadas\/\" \/>\n<meta property=\"og:locale\" content=\"es_ES\" \/>\n<meta property=\"og:type\" content=\"article\" \/>\n<meta property=\"og:title\" content=\"Novedades Destacadas - Modelo ECSMEC\" \/>\n<meta property=\"og:description\" content=\"Descubre las \u00faltimas novedades sobre las XVII Jornadas Internacionales de Pol\u00edtica Econ\u00f3mica\" \/>\n<meta property=\"og:url\" content=\"https:\/\/grupo.us.es\/modeloecsmec\/xvii-jornadas-internacionales-de-politica-economica\/novedades-destacadas\/\" \/>\n<meta property=\"og:site_name\" content=\"Modelo ECSMEC\" \/>\n<meta property=\"article:modified_time\" content=\"2024-11-21T08:54:41+00:00\" \/>\n<meta name=\"twitter:card\" content=\"summary_large_image\" \/>\n<meta name=\"twitter:label1\" content=\"Tiempo de lectura\" \/>\n\t<meta name=\"twitter:data1\" content=\"1 minuto\" \/>\n<script type=\"application\/ld+json\" class=\"yoast-schema-graph\">{\"@context\":\"https:\/\/schema.org\",\"@graph\":[{\"@type\":\"WebPage\",\"@id\":\"https:\/\/grupo.us.es\/modeloecsmec\/xvii-jornadas-internacionales-de-politica-economica\/novedades-destacadas\/\",\"url\":\"https:\/\/grupo.us.es\/modeloecsmec\/xvii-jornadas-internacionales-de-politica-economica\/novedades-destacadas\/\",\"name\":\"Novedades Destacadas - Modelo ECSMEC\",\"isPartOf\":{\"@id\":\"https:\/\/grupo.us.es\/modeloecsmec\/#website\"},\"datePublished\":\"2024-10-30T12:10:58+00:00\",\"dateModified\":\"2024-11-21T08:54:41+00:00\",\"description\":\"Descubre las \u00faltimas novedades sobre las XVII Jornadas Internacionales de Pol\u00edtica Econ\u00f3mica\",\"breadcrumb\":{\"@id\":\"https:\/\/grupo.us.es\/modeloecsmec\/xvii-jornadas-internacionales-de-politica-economica\/novedades-destacadas\/#breadcrumb\"},\"inLanguage\":\"es\",\"potentialAction\":[{\"@type\":\"ReadAction\",\"target\":[\"https:\/\/grupo.us.es\/modeloecsmec\/xvii-jornadas-internacionales-de-politica-economica\/novedades-destacadas\/\"]}]},{\"@type\":\"BreadcrumbList\",\"@id\":\"https:\/\/grupo.us.es\/modeloecsmec\/xvii-jornadas-internacionales-de-politica-economica\/novedades-destacadas\/#breadcrumb\",\"itemListElement\":[{\"@type\":\"ListItem\",\"position\":1,\"name\":\"XVII Jornadas Internacionales de Pol\u00edtica Econ\u00f3mica\",\"item\":\"https:\/\/grupo.us.es\/modeloecsmec\/xvii-jornadas-internacionales-de-politica-economica\/\"},{\"@type\":\"ListItem\",\"position\":2,\"name\":\"Novedades Destacadas\"}]},{\"@type\":\"WebSite\",\"@id\":\"https:\/\/grupo.us.es\/modeloecsmec\/#website\",\"url\":\"https:\/\/grupo.us.es\/modeloecsmec\/\",\"name\":\"Modelo ECSMEC\",\"description\":\"Nueva Escuela de Pol\u00edtica Econ\u00f3mica\",\"publisher\":{\"@id\":\"https:\/\/grupo.us.es\/modeloecsmec\/#organization\"},\"potentialAction\":[{\"@type\":\"SearchAction\",\"target\":{\"@type\":\"EntryPoint\",\"urlTemplate\":\"https:\/\/grupo.us.es\/modeloecsmec\/?s={search_term_string}\"},\"query-input\":{\"@type\":\"PropertyValueSpecification\",\"valueRequired\":true,\"valueName\":\"search_term_string\"}}],\"inLanguage\":\"es\"},{\"@type\":\"Organization\",\"@id\":\"https:\/\/grupo.us.es\/modeloecsmec\/#organization\",\"name\":\"Modelo ECSMEC\",\"url\":\"https:\/\/grupo.us.es\/modeloecsmec\/\",\"logo\":{\"@type\":\"ImageObject\",\"inLanguage\":\"es\",\"@id\":\"https:\/\/grupo.us.es\/modeloecsmec\/#\/schema\/logo\/image\/\",\"url\":\"https:\/\/grupo.us.es\/modeloecsmec\/wp-content\/uploads\/2025\/09\/Logo-Centro-Internacional-e1757169811528.png\",\"contentUrl\":\"https:\/\/grupo.us.es\/modeloecsmec\/wp-content\/uploads\/2025\/09\/Logo-Centro-Internacional-e1757169811528.png\",\"width\":500,\"height\":238,\"caption\":\"Modelo ECSMEC\"},\"image\":{\"@id\":\"https:\/\/grupo.us.es\/modeloecsmec\/#\/schema\/logo\/image\/\"}}]}<\/script>\n<!-- \/ Yoast SEO plugin. -->","yoast_head_json":{"title":"Novedades Destacadas - Modelo ECSMEC","description":"Descubre las \u00faltimas novedades sobre las XVII Jornadas Internacionales de Pol\u00edtica Econ\u00f3mica","robots":{"index":"index","follow":"follow","max-snippet":"max-snippet:-1","max-image-preview":"max-image-preview:large","max-video-preview":"max-video-preview:-1"},"canonical":"https:\/\/grupo.us.es\/modeloecsmec\/xvii-jornadas-internacionales-de-politica-economica\/novedades-destacadas\/","og_locale":"es_ES","og_type":"article","og_title":"Novedades Destacadas - Modelo ECSMEC","og_description":"Descubre las \u00faltimas novedades sobre las XVII Jornadas Internacionales de Pol\u00edtica Econ\u00f3mica","og_url":"https:\/\/grupo.us.es\/modeloecsmec\/xvii-jornadas-internacionales-de-politica-economica\/novedades-destacadas\/","og_site_name":"Modelo ECSMEC","article_modified_time":"2024-11-21T08:54:41+00:00","twitter_card":"summary_large_image","twitter_misc":{"Tiempo de lectura":"1 minuto"},"schema":{"@context":"https:\/\/schema.org","@graph":[{"@type":"WebPage","@id":"https:\/\/grupo.us.es\/modeloecsmec\/xvii-jornadas-internacionales-de-politica-economica\/novedades-destacadas\/","url":"https:\/\/grupo.us.es\/modeloecsmec\/xvii-jornadas-internacionales-de-politica-economica\/novedades-destacadas\/","name":"Novedades Destacadas - Modelo ECSMEC","isPartOf":{"@id":"https:\/\/grupo.us.es\/modeloecsmec\/#website"},"datePublished":"2024-10-30T12:10:58+00:00","dateModified":"2024-11-21T08:54:41+00:00","description":"Descubre las \u00faltimas novedades sobre las XVII Jornadas Internacionales de Pol\u00edtica Econ\u00f3mica","breadcrumb":{"@id":"https:\/\/grupo.us.es\/modeloecsmec\/xvii-jornadas-internacionales-de-politica-economica\/novedades-destacadas\/#breadcrumb"},"inLanguage":"es","potentialAction":[{"@type":"ReadAction","target":["https:\/\/grupo.us.es\/modeloecsmec\/xvii-jornadas-internacionales-de-politica-economica\/novedades-destacadas\/"]}]},{"@type":"BreadcrumbList","@id":"https:\/\/grupo.us.es\/modeloecsmec\/xvii-jornadas-internacionales-de-politica-economica\/novedades-destacadas\/#breadcrumb","itemListElement":[{"@type":"ListItem","position":1,"name":"XVII Jornadas Internacionales de Pol\u00edtica Econ\u00f3mica","item":"https:\/\/grupo.us.es\/modeloecsmec\/xvii-jornadas-internacionales-de-politica-economica\/"},{"@type":"ListItem","position":2,"name":"Novedades Destacadas"}]},{"@type":"WebSite","@id":"https:\/\/grupo.us.es\/modeloecsmec\/#website","url":"https:\/\/grupo.us.es\/modeloecsmec\/","name":"Modelo ECSMEC","description":"Nueva Escuela de Pol\u00edtica Econ\u00f3mica","publisher":{"@id":"https:\/\/grupo.us.es\/modeloecsmec\/#organization"},"potentialAction":[{"@type":"SearchAction","target":{"@type":"EntryPoint","urlTemplate":"https:\/\/grupo.us.es\/modeloecsmec\/?s={search_term_string}"},"query-input":{"@type":"PropertyValueSpecification","valueRequired":true,"valueName":"search_term_string"}}],"inLanguage":"es"},{"@type":"Organization","@id":"https:\/\/grupo.us.es\/modeloecsmec\/#organization","name":"Modelo ECSMEC","url":"https:\/\/grupo.us.es\/modeloecsmec\/","logo":{"@type":"ImageObject","inLanguage":"es","@id":"https:\/\/grupo.us.es\/modeloecsmec\/#\/schema\/logo\/image\/","url":"https:\/\/grupo.us.es\/modeloecsmec\/wp-content\/uploads\/2025\/09\/Logo-Centro-Internacional-e1757169811528.png","contentUrl":"https:\/\/grupo.us.es\/modeloecsmec\/wp-content\/uploads\/2025\/09\/Logo-Centro-Internacional-e1757169811528.png","width":500,"height":238,"caption":"Modelo ECSMEC"},"image":{"@id":"https:\/\/grupo.us.es\/modeloecsmec\/#\/schema\/logo\/image\/"}}]}},"_links":{"self":[{"href":"https:\/\/grupo.us.es\/modeloecsmec\/wp-json\/wp\/v2\/pages\/2729","targetHints":{"allow":["GET"]}}],"collection":[{"href":"https:\/\/grupo.us.es\/modeloecsmec\/wp-json\/wp\/v2\/pages"}],"about":[{"href":"https:\/\/grupo.us.es\/modeloecsmec\/wp-json\/wp\/v2\/types\/page"}],"author":[{"embeddable":true,"href":"https:\/\/grupo.us.es\/modeloecsmec\/wp-json\/wp\/v2\/users\/7"}],"replies":[{"embeddable":true,"href":"https:\/\/grupo.us.es\/modeloecsmec\/wp-json\/wp\/v2\/comments?post=2729"}],"version-history":[{"count":0,"href":"https:\/\/grupo.us.es\/modeloecsmec\/wp-json\/wp\/v2\/pages\/2729\/revisions"}],"up":[{"embeddable":true,"href":"https:\/\/grupo.us.es\/modeloecsmec\/wp-json\/wp\/v2\/pages\/2669"}],"wp:attachment":[{"href":"https:\/\/grupo.us.es\/modeloecsmec\/wp-json\/wp\/v2\/media?parent=2729"}],"curies":[{"name":"wp","href":"https:\/\/api.w.org\/{rel}","templated":true}]}}