{"id":2668,"date":"2024-10-29T10:00:38","date_gmt":"2024-10-29T09:00:38","guid":{"rendered":"https:\/\/grupo.us.es\/modeloecsmec\/?page_id=2668"},"modified":"2024-11-21T18:26:26","modified_gmt":"2024-11-21T17:26:26","slug":"convenios-editoriales","status":"publish","type":"page","link":"https:\/\/grupo.us.es\/modeloecsmec\/revistas\/convenios-editoriales\/","title":{"rendered":"Convenios Editoriales"},"content":{"rendered":"\t\t<div data-elementor-type=\"wp-page\" data-elementor-id=\"2668\" class=\"elementor elementor-2668\" data-elementor-post-type=\"page\">\n\t\t\t\t<div class=\"elementor-element elementor-element-63737a7 e-flex e-con-boxed e-con e-parent\" data-id=\"63737a7\" data-element_type=\"container\">\n\t\t\t\t\t<div class=\"e-con-inner\">\n\t\t\t\t<div class=\"elementor-element elementor-element-31498a8 elementor-widget elementor-widget-text-editor\" data-id=\"31498a8\" data-element_type=\"widget\" data-widget_type=\"text-editor.default\">\n\t\t\t\t<div class=\"elementor-widget-container\">\n\t\t\t\t\t\t\t\t\t<p><strong>Si perteneces a la Nueva Escuela de Pol\u00edtica Econ\u00f3mica en este apartado podr\u00e1s visionar los Convenios Editoriales, conforme se vayan firmando, pero tambi\u00e9n los acuerdos puntuales con las editoriales. <\/strong><\/p><p>Este espacio est\u00e1 destinado a recoger los convenios editoriales en los que est\u00e1 trabajando el CIPPE o que ha firmado.<\/p><p>A medida que se vayan recogiendo se mostrar\u00e1 un listado con la siguiente informaci\u00f3n:<\/p>\t\t\t\t\t\t\t\t<\/div>\n\t\t\t\t<\/div>\n\t\t<div class=\"elementor-element elementor-element-5923d61 e-con-full e-flex e-con e-child\" data-id=\"5923d61\" data-element_type=\"container\">\n\t\t\t\t<div class=\"elementor-element elementor-element-e2b7603 elementor-widget elementor-widget-text-editor\" data-id=\"e2b7603\" data-element_type=\"widget\" data-widget_type=\"text-editor.default\">\n\t\t\t\t<div class=\"elementor-widget-container\">\n\t\t\t\t\t\t\t\t\t<p><strong>REVISTA<\/strong>: <em>Nombre de la revista<\/em><\/p>\t\t\t\t\t\t\t\t<\/div>\n\t\t\t\t<\/div>\n\t\t\t\t<div class=\"elementor-element elementor-element-cd6ad4e elementor-widget elementor-widget-text-editor\" data-id=\"cd6ad4e\" data-element_type=\"widget\" data-widget_type=\"text-editor.default\">\n\t\t\t\t<div class=\"elementor-widget-container\">\n\t\t\t\t\t\t\t\t\t<p><strong>Recogida en<\/strong>:<\/p><ul><li>WoS\u00a0<\/li><li>Scopus\u00a0<\/li><li>Latindex\u00a0<\/li><li>Google Scholar Citations\u00a0<\/li><li>CIRC\u00a0<\/li><li>DICE\u00a0<\/li><li>MIAR<\/li><\/ul>\t\t\t\t\t\t\t\t<\/div>\n\t\t\t\t<\/div>\n\t\t\t\t<div class=\"elementor-element elementor-element-9bca92f elementor-widget elementor-widget-text-editor\" data-id=\"9bca92f\" data-element_type=\"widget\" data-widget_type=\"text-editor.default\">\n\t\t\t\t<div class=\"elementor-widget-container\">\n\t\t\t\t\t\t\t\t\t<p><strong>Situaci\u00f3n<\/strong>:<\/p><ul><li>En preparaci\u00f3n\u00a0<\/li><li>En curso\u00a0<\/li><li>En estudio\u00a0<\/li><li>Cerrado acuerdo<\/li><\/ul>\t\t\t\t\t\t\t\t<\/div>\n\t\t\t\t<\/div>\n\t\t\t\t<div class=\"elementor-element elementor-element-538aab9 elementor-widget elementor-widget-text-editor\" data-id=\"538aab9\" data-element_type=\"widget\" data-widget_type=\"text-editor.default\">\n\t\t\t\t<div class=\"elementor-widget-container\">\n\t\t\t\t\t\t\t\t\t<p><strong>Informaci\u00f3n relevante del acuerdo<\/strong><\/p><p>\u00a0<\/p><p><strong>Archivo adjunto del convenio o acuerdo firmado<\/strong><\/p>\t\t\t\t\t\t\t\t<\/div>\n\t\t\t\t<\/div>\n\t\t\t\t<\/div>\n\t\t\t\t\t<\/div>\n\t\t\t\t<\/div>\n\t\t\t\t<\/div>\n\t\t","protected":false},"excerpt":{"rendered":"<p>Si perteneces a la Nueva Escuela de Pol\u00edtica Econ\u00f3mica en este apartado podr\u00e1s visionar los Convenios Editoriales, conforme se vayan firmando, pero tambi\u00e9n los acuerdos puntuales con las editoriales. Este espacio est\u00e1 destinado a recoger los convenios editoriales en los que est\u00e1 trabajando el CIPPE o que ha firmado. A medida que se vayan recogiendo [&hellip;]<\/p>\n","protected":false},"author":7,"featured_media":0,"parent":2666,"menu_order":0,"comment_status":"closed","ping_status":"closed","template":"","meta":{"footnotes":""},"class_list":["post-2668","page","type-page","status-publish","hentry"],"yoast_head":"<!-- This site is optimized with the Yoast SEO plugin v25.2 - https:\/\/yoast.com\/wordpress\/plugins\/seo\/ -->\n<title>Convenios Editoriales - Modelo ECSMEC<\/title>\n<meta name=\"description\" content=\"Convenios editoriales del Congreso Internacional Permanente de la Nueva Escuela de Pol\u00edtica Econ\u00f3mica\" \/>\n<meta name=\"robots\" content=\"index, follow, max-snippet:-1, max-image-preview:large, max-video-preview:-1\" \/>\n<link rel=\"canonical\" href=\"https:\/\/grupo.us.es\/modeloecsmec\/revistas\/convenios-editoriales\/\" \/>\n<meta property=\"og:locale\" content=\"es_ES\" \/>\n<meta property=\"og:type\" content=\"article\" \/>\n<meta property=\"og:title\" content=\"Convenios Editoriales - Modelo ECSMEC\" \/>\n<meta property=\"og:description\" content=\"Convenios editoriales del Congreso Internacional Permanente de la Nueva Escuela de Pol\u00edtica Econ\u00f3mica\" \/>\n<meta property=\"og:url\" content=\"https:\/\/grupo.us.es\/modeloecsmec\/revistas\/convenios-editoriales\/\" \/>\n<meta property=\"og:site_name\" content=\"Modelo ECSMEC\" \/>\n<meta property=\"article:modified_time\" content=\"2024-11-21T17:26:26+00:00\" \/>\n<meta name=\"twitter:card\" content=\"summary_large_image\" \/>\n<meta name=\"twitter:label1\" content=\"Tiempo de lectura\" \/>\n\t<meta name=\"twitter:data1\" content=\"1 minuto\" \/>\n<script type=\"application\/ld+json\" class=\"yoast-schema-graph\">{\"@context\":\"https:\/\/schema.org\",\"@graph\":[{\"@type\":\"WebPage\",\"@id\":\"https:\/\/grupo.us.es\/modeloecsmec\/revistas\/convenios-editoriales\/\",\"url\":\"https:\/\/grupo.us.es\/modeloecsmec\/revistas\/convenios-editoriales\/\",\"name\":\"Convenios Editoriales - Modelo ECSMEC\",\"isPartOf\":{\"@id\":\"https:\/\/grupo.us.es\/modeloecsmec\/#website\"},\"datePublished\":\"2024-10-29T09:00:38+00:00\",\"dateModified\":\"2024-11-21T17:26:26+00:00\",\"description\":\"Convenios editoriales del Congreso Internacional Permanente de la Nueva Escuela de Pol\u00edtica Econ\u00f3mica\",\"breadcrumb\":{\"@id\":\"https:\/\/grupo.us.es\/modeloecsmec\/revistas\/convenios-editoriales\/#breadcrumb\"},\"inLanguage\":\"es\",\"potentialAction\":[{\"@type\":\"ReadAction\",\"target\":[\"https:\/\/grupo.us.es\/modeloecsmec\/revistas\/convenios-editoriales\/\"]}]},{\"@type\":\"BreadcrumbList\",\"@id\":\"https:\/\/grupo.us.es\/modeloecsmec\/revistas\/convenios-editoriales\/#breadcrumb\",\"itemListElement\":[{\"@type\":\"ListItem\",\"position\":1,\"name\":\"Revistas\",\"item\":\"https:\/\/grupo.us.es\/modeloecsmec\/revistas\/\"},{\"@type\":\"ListItem\",\"position\":2,\"name\":\"Convenios Editoriales\"}]},{\"@type\":\"WebSite\",\"@id\":\"https:\/\/grupo.us.es\/modeloecsmec\/#website\",\"url\":\"https:\/\/grupo.us.es\/modeloecsmec\/\",\"name\":\"Modelo ECSMEC\",\"description\":\"Nueva Escuela de Pol\u00edtica Econ\u00f3mica\",\"publisher\":{\"@id\":\"https:\/\/grupo.us.es\/modeloecsmec\/#organization\"},\"potentialAction\":[{\"@type\":\"SearchAction\",\"target\":{\"@type\":\"EntryPoint\",\"urlTemplate\":\"https:\/\/grupo.us.es\/modeloecsmec\/?s={search_term_string}\"},\"query-input\":{\"@type\":\"PropertyValueSpecification\",\"valueRequired\":true,\"valueName\":\"search_term_string\"}}],\"inLanguage\":\"es\"},{\"@type\":\"Organization\",\"@id\":\"https:\/\/grupo.us.es\/modeloecsmec\/#organization\",\"name\":\"Modelo ECSMEC\",\"url\":\"https:\/\/grupo.us.es\/modeloecsmec\/\",\"logo\":{\"@type\":\"ImageObject\",\"inLanguage\":\"es\",\"@id\":\"https:\/\/grupo.us.es\/modeloecsmec\/#\/schema\/logo\/image\/\",\"url\":\"https:\/\/grupo.us.es\/modeloecsmec\/wp-content\/uploads\/2025\/09\/Logo-Centro-Internacional-e1757169811528.png\",\"contentUrl\":\"https:\/\/grupo.us.es\/modeloecsmec\/wp-content\/uploads\/2025\/09\/Logo-Centro-Internacional-e1757169811528.png\",\"width\":500,\"height\":238,\"caption\":\"Modelo ECSMEC\"},\"image\":{\"@id\":\"https:\/\/grupo.us.es\/modeloecsmec\/#\/schema\/logo\/image\/\"}}]}<\/script>\n<!-- \/ Yoast SEO plugin. -->","yoast_head_json":{"title":"Convenios Editoriales - Modelo ECSMEC","description":"Convenios editoriales del Congreso Internacional Permanente de la Nueva Escuela de Pol\u00edtica Econ\u00f3mica","robots":{"index":"index","follow":"follow","max-snippet":"max-snippet:-1","max-image-preview":"max-image-preview:large","max-video-preview":"max-video-preview:-1"},"canonical":"https:\/\/grupo.us.es\/modeloecsmec\/revistas\/convenios-editoriales\/","og_locale":"es_ES","og_type":"article","og_title":"Convenios Editoriales - Modelo ECSMEC","og_description":"Convenios editoriales del Congreso Internacional Permanente de la Nueva Escuela de Pol\u00edtica Econ\u00f3mica","og_url":"https:\/\/grupo.us.es\/modeloecsmec\/revistas\/convenios-editoriales\/","og_site_name":"Modelo ECSMEC","article_modified_time":"2024-11-21T17:26:26+00:00","twitter_card":"summary_large_image","twitter_misc":{"Tiempo de lectura":"1 minuto"},"schema":{"@context":"https:\/\/schema.org","@graph":[{"@type":"WebPage","@id":"https:\/\/grupo.us.es\/modeloecsmec\/revistas\/convenios-editoriales\/","url":"https:\/\/grupo.us.es\/modeloecsmec\/revistas\/convenios-editoriales\/","name":"Convenios Editoriales - Modelo ECSMEC","isPartOf":{"@id":"https:\/\/grupo.us.es\/modeloecsmec\/#website"},"datePublished":"2024-10-29T09:00:38+00:00","dateModified":"2024-11-21T17:26:26+00:00","description":"Convenios editoriales del Congreso Internacional Permanente de la Nueva Escuela de Pol\u00edtica Econ\u00f3mica","breadcrumb":{"@id":"https:\/\/grupo.us.es\/modeloecsmec\/revistas\/convenios-editoriales\/#breadcrumb"},"inLanguage":"es","potentialAction":[{"@type":"ReadAction","target":["https:\/\/grupo.us.es\/modeloecsmec\/revistas\/convenios-editoriales\/"]}]},{"@type":"BreadcrumbList","@id":"https:\/\/grupo.us.es\/modeloecsmec\/revistas\/convenios-editoriales\/#breadcrumb","itemListElement":[{"@type":"ListItem","position":1,"name":"Revistas","item":"https:\/\/grupo.us.es\/modeloecsmec\/revistas\/"},{"@type":"ListItem","position":2,"name":"Convenios Editoriales"}]},{"@type":"WebSite","@id":"https:\/\/grupo.us.es\/modeloecsmec\/#website","url":"https:\/\/grupo.us.es\/modeloecsmec\/","name":"Modelo ECSMEC","description":"Nueva Escuela de Pol\u00edtica Econ\u00f3mica","publisher":{"@id":"https:\/\/grupo.us.es\/modeloecsmec\/#organization"},"potentialAction":[{"@type":"SearchAction","target":{"@type":"EntryPoint","urlTemplate":"https:\/\/grupo.us.es\/modeloecsmec\/?s={search_term_string}"},"query-input":{"@type":"PropertyValueSpecification","valueRequired":true,"valueName":"search_term_string"}}],"inLanguage":"es"},{"@type":"Organization","@id":"https:\/\/grupo.us.es\/modeloecsmec\/#organization","name":"Modelo ECSMEC","url":"https:\/\/grupo.us.es\/modeloecsmec\/","logo":{"@type":"ImageObject","inLanguage":"es","@id":"https:\/\/grupo.us.es\/modeloecsmec\/#\/schema\/logo\/image\/","url":"https:\/\/grupo.us.es\/modeloecsmec\/wp-content\/uploads\/2025\/09\/Logo-Centro-Internacional-e1757169811528.png","contentUrl":"https:\/\/grupo.us.es\/modeloecsmec\/wp-content\/uploads\/2025\/09\/Logo-Centro-Internacional-e1757169811528.png","width":500,"height":238,"caption":"Modelo ECSMEC"},"image":{"@id":"https:\/\/grupo.us.es\/modeloecsmec\/#\/schema\/logo\/image\/"}}]}},"_links":{"self":[{"href":"https:\/\/grupo.us.es\/modeloecsmec\/wp-json\/wp\/v2\/pages\/2668","targetHints":{"allow":["GET"]}}],"collection":[{"href":"https:\/\/grupo.us.es\/modeloecsmec\/wp-json\/wp\/v2\/pages"}],"about":[{"href":"https:\/\/grupo.us.es\/modeloecsmec\/wp-json\/wp\/v2\/types\/page"}],"author":[{"embeddable":true,"href":"https:\/\/grupo.us.es\/modeloecsmec\/wp-json\/wp\/v2\/users\/7"}],"replies":[{"embeddable":true,"href":"https:\/\/grupo.us.es\/modeloecsmec\/wp-json\/wp\/v2\/comments?post=2668"}],"version-history":[{"count":0,"href":"https:\/\/grupo.us.es\/modeloecsmec\/wp-json\/wp\/v2\/pages\/2668\/revisions"}],"up":[{"embeddable":true,"href":"https:\/\/grupo.us.es\/modeloecsmec\/wp-json\/wp\/v2\/pages\/2666"}],"wp:attachment":[{"href":"https:\/\/grupo.us.es\/modeloecsmec\/wp-json\/wp\/v2\/media?parent=2668"}],"curies":[{"name":"wp","href":"https:\/\/api.w.org\/{rel}","templated":true}]}}