{"id":2667,"date":"2024-10-29T10:00:11","date_gmt":"2024-10-29T09:00:11","guid":{"rendered":"https:\/\/grupo.us.es\/modeloecsmec\/?page_id=2667"},"modified":"2025-09-06T17:00:07","modified_gmt":"2025-09-06T15:00:07","slug":"cooperacion-editorial","status":"publish","type":"page","link":"https:\/\/grupo.us.es\/modeloecsmec\/revistas\/cooperacion-editorial\/","title":{"rendered":"Cooperaci\u00f3n Editorial"},"content":{"rendered":"\t\t<div data-elementor-type=\"wp-page\" data-elementor-id=\"2667\" class=\"elementor elementor-2667\" data-elementor-post-type=\"page\">\n\t\t\t\t<div class=\"elementor-element elementor-element-9920875 e-flex e-con-boxed e-con e-parent\" data-id=\"9920875\" data-element_type=\"container\">\n\t\t\t\t\t<div class=\"e-con-inner\">\n\t\t\t\t<div class=\"elementor-element elementor-element-93c16f2 elementor-widget elementor-widget-text-editor\" data-id=\"93c16f2\" data-element_type=\"widget\" data-widget_type=\"text-editor.default\">\n\t\t\t\t<div class=\"elementor-widget-container\">\n\t\t\t\t\t\t\t\t\t<p>Este es un espacio para que las editoriales de revistas con factor de impacto reconocido en los \u00faltimos tres a\u00f1os muestren su inter\u00e9s por:<\/p><p><span style=\"color: #ff914d;\"><strong>Opci\u00f3n 1.<\/strong><\/span> Firmar colaboraciones para la publicaci\u00f3n de art\u00edculos de investigadores destacados de la Nueva Escuela de Pol\u00edtica Econ\u00f3mica escuela por aportaciones que procedan de investigaciones en n\u00fameros completos reservados para la promoci\u00f3n del nuevo paradigma.<\/p><p><span style=\"color: #ff914d;\"><strong>Opci\u00f3n 2. <\/strong><\/span>Firmar colaboraciones para la publicaci\u00f3n puntual de art\u00edculos de investigadores destacados de la Nueva Escuela de Pol\u00edtica Econ\u00f3mica escuela.<\/p><p><span style=\"color: #ff914d;\"><strong>Opci\u00f3n 3. <\/strong><\/span>Firmar colaboraciones para que miembros de la Nueva Escuela de Pol\u00edtica Econ\u00f3mica (CIPPE) formen parte de sus comit\u00e9s Cient\u00edficos o como revisores de art\u00edculos.<\/p>\t\t\t\t\t\t\t\t<\/div>\n\t\t\t\t<\/div>\n\t\t\t\t\t<\/div>\n\t\t\t\t<\/div>\n\t\t<div class=\"elementor-element elementor-element-19344af animated-slow e-flex e-con-boxed elementor-invisible e-con e-parent\" data-id=\"19344af\" data-element_type=\"container\" data-settings=\"{&quot;background_background&quot;:&quot;classic&quot;,&quot;animation&quot;:&quot;fadeIn&quot;}\">\n\t\t\t\t\t<div class=\"e-con-inner\">\n\t\t\t\t<div class=\"elementor-element elementor-element-b326fb8 elementor-widget elementor-widget-heading\" data-id=\"b326fb8\" data-element_type=\"widget\" data-widget_type=\"heading.default\">\n\t\t\t\t<div class=\"elementor-widget-container\">\n\t\t\t\t\t<h5 class=\"elementor-heading-title elementor-size-default\">SOLICITUD DE COLABORACI\u00d3N DE EDITORIALES DE REVISTAS CON FACTOR DE IMPACTO PARA SER MIEMBRO COLABORADOR E IMPULSOR DE LOS RESULTADOS DE LA NUEVA ESCUELA DE POL\u00cdTICA ECON\u00d3MICA: <\/h5>\t\t\t\t<\/div>\n\t\t\t\t<\/div>\n\t\t\t\t<div class=\"elementor-element elementor-element-6b19758 elementor-button-align-stretch elementor-widget elementor-widget-form\" data-id=\"6b19758\" data-element_type=\"widget\" data-settings=\"{&quot;button_width&quot;:&quot;25&quot;,&quot;step_next_label&quot;:&quot;Siguiente&quot;,&quot;step_previous_label&quot;:&quot;Anterior&quot;,&quot;step_type&quot;:&quot;number_text&quot;,&quot;step_icon_shape&quot;:&quot;circle&quot;}\" data-widget_type=\"form.default\">\n\t\t\t\t<div class=\"elementor-widget-container\">\n\t\t\t\t\t\t\t<form class=\"elementor-form\" method=\"post\" name=\"Comit\u00e9 Organizador\">\n\t\t\t<input type=\"hidden\" name=\"post_id\" value=\"2667\"\/>\n\t\t\t<input type=\"hidden\" name=\"form_id\" value=\"6b19758\"\/>\n\t\t\t<input type=\"hidden\" name=\"referer_title\" value=\"Modelo ECSMEC\" \/>\n\n\t\t\t\n\t\t\t<div class=\"elementor-form-fields-wrapper elementor-labels-above\">\n\t\t\t\t\t\t\t\t<div class=\"elementor-field-type-text elementor-field-group elementor-column elementor-field-group-name elementor-col-33 elementor-field-required elementor-mark-required\">\n\t\t\t\t\t\t\t\t\t\t\t\t<label for=\"form-field-name\" class=\"elementor-field-label\">\n\t\t\t\t\t\t\t\tApellidos y nombre de la persona de contacto:\t\t\t\t\t\t\t<\/label>\n\t\t\t\t\t\t\t\t\t\t\t\t\t\t<input size=\"1\" type=\"text\" name=\"form_fields[name]\" id=\"form-field-name\" class=\"elementor-field elementor-size-sm  elementor-field-textual\" required=\"required\">\n\t\t\t\t\t\t\t\t\t\t\t<\/div>\n\t\t\t\t\t\t\t\t<div class=\"elementor-field-type-text elementor-field-group elementor-column elementor-field-group-field_468a3d0 elementor-col-33 elementor-field-required elementor-mark-required\">\n\t\t\t\t\t\t\t\t\t\t\t\t<label for=\"form-field-field_468a3d0\" class=\"elementor-field-label\">\n\t\t\t\t\t\t\t\tN\u00ba tel\u00e9fono de contacto:\t\t\t\t\t\t\t<\/label>\n\t\t\t\t\t\t\t\t\t\t\t\t\t\t<input size=\"1\" type=\"text\" name=\"form_fields[field_468a3d0]\" id=\"form-field-field_468a3d0\" class=\"elementor-field elementor-size-sm  elementor-field-textual\" required=\"required\">\n\t\t\t\t\t\t\t\t\t\t\t<\/div>\n\t\t\t\t\t\t\t\t<div class=\"elementor-field-type-email elementor-field-group elementor-column elementor-field-group-email elementor-col-33 elementor-field-required elementor-mark-required\">\n\t\t\t\t\t\t\t\t\t\t\t\t<label for=\"form-field-email\" class=\"elementor-field-label\">\n\t\t\t\t\t\t\t\tE-mail de contacto:\t\t\t\t\t\t\t<\/label>\n\t\t\t\t\t\t\t\t\t\t\t\t\t\t<input size=\"1\" type=\"email\" name=\"form_fields[email]\" id=\"form-field-email\" class=\"elementor-field elementor-size-sm  elementor-field-textual\" required=\"required\">\n\t\t\t\t\t\t\t\t\t\t\t<\/div>\n\t\t\t\t\t\t\t\t<div class=\"elementor-field-type-text elementor-field-group elementor-column elementor-field-group-field_fcef4a6 elementor-col-50 elementor-field-required elementor-mark-required\">\n\t\t\t\t\t\t\t\t\t\t\t\t<label for=\"form-field-field_fcef4a6\" class=\"elementor-field-label\">\n\t\t\t\t\t\t\t\tRevista\t\t\t\t\t\t\t<\/label>\n\t\t\t\t\t\t\t\t\t\t\t\t\t\t<input size=\"1\" type=\"text\" name=\"form_fields[field_fcef4a6]\" id=\"form-field-field_fcef4a6\" class=\"elementor-field elementor-size-sm  elementor-field-textual\" required=\"required\">\n\t\t\t\t\t\t\t\t\t\t\t<\/div>\n\t\t\t\t\t\t\t\t<div class=\"elementor-field-type-text elementor-field-group elementor-column elementor-field-group-field_83b9c03 elementor-col-50 elementor-field-required elementor-mark-required\">\n\t\t\t\t\t\t\t\t\t\t\t\t<label for=\"form-field-field_83b9c03\" class=\"elementor-field-label\">\n\t\t\t\t\t\t\t\tEditorial\t\t\t\t\t\t\t<\/label>\n\t\t\t\t\t\t\t\t\t\t\t\t\t\t<input size=\"1\" type=\"text\" name=\"form_fields[field_83b9c03]\" id=\"form-field-field_83b9c03\" class=\"elementor-field elementor-size-sm  elementor-field-textual\" required=\"required\">\n\t\t\t\t\t\t\t\t\t\t\t<\/div>\n\t\t\t\t\t\t\t\t<div class=\"elementor-field-type-text elementor-field-group elementor-column elementor-field-group-field_20739b0 elementor-col-33\">\n\t\t\t\t\t\t\t\t\t\t\t\t<label for=\"form-field-field_20739b0\" class=\"elementor-field-label\">\n\t\t\t\t\t\t\t\tFactor de impacto \u00faltimos tres a\u00f1os: <br>A\u00f1o n:\t\t\t\t\t\t\t<\/label>\n\t\t\t\t\t\t\t\t\t\t\t\t\t\t<input size=\"1\" type=\"text\" name=\"form_fields[field_20739b0]\" id=\"form-field-field_20739b0\" class=\"elementor-field elementor-size-sm  elementor-field-textual\">\n\t\t\t\t\t\t\t\t\t\t\t<\/div>\n\t\t\t\t\t\t\t\t<div class=\"elementor-field-type-text elementor-field-group elementor-column elementor-field-group-field_995c4db elementor-col-33\">\n\t\t\t\t\t\t\t\t\t\t\t\t<label for=\"form-field-field_995c4db\" class=\"elementor-field-label\">\n\t\t\t\t\t\t\t\t<br>A\u00f1o n-1:\t\t\t\t\t\t\t<\/label>\n\t\t\t\t\t\t\t\t\t\t\t\t\t\t<input size=\"1\" type=\"text\" name=\"form_fields[field_995c4db]\" id=\"form-field-field_995c4db\" class=\"elementor-field elementor-size-sm  elementor-field-textual\">\n\t\t\t\t\t\t\t\t\t\t\t<\/div>\n\t\t\t\t\t\t\t\t<div class=\"elementor-field-type-text elementor-field-group elementor-column elementor-field-group-field_ea7410d elementor-col-33\">\n\t\t\t\t\t\t\t\t\t\t\t\t<label for=\"form-field-field_ea7410d\" class=\"elementor-field-label\">\n\t\t\t\t\t\t\t\t<br>A\u00f1o n-2:\t\t\t\t\t\t\t<\/label>\n\t\t\t\t\t\t\t\t\t\t\t\t\t\t<input size=\"1\" type=\"text\" name=\"form_fields[field_ea7410d]\" id=\"form-field-field_ea7410d\" class=\"elementor-field elementor-size-sm  elementor-field-textual\">\n\t\t\t\t\t\t\t\t\t\t\t<\/div>\n\t\t\t\t\t\t\t\t<div class=\"elementor-field-type-checkbox elementor-field-group elementor-column elementor-field-group-field_638e7e2 elementor-col-100\">\n\t\t\t\t\t\t\t\t\t\t\t\t<label for=\"form-field-field_638e7e2\" class=\"elementor-field-label\">\n\t\t\t\t\t\t\t\tForma de participaci\u00f3n:\t\t\t\t\t\t\t<\/label>\n\t\t\t\t\t\t<div class=\"elementor-field-subgroup  \"><span class=\"elementor-field-option\"><input type=\"checkbox\" value=\"Opci\u00f3n 1\" id=\"form-field-field_638e7e2-0\" name=\"form_fields[field_638e7e2][]\"> <label for=\"form-field-field_638e7e2-0\">Opci\u00f3n 1<\/label><\/span><span class=\"elementor-field-option\"><input type=\"checkbox\" value=\"Opci\u00f3n 2\" id=\"form-field-field_638e7e2-1\" name=\"form_fields[field_638e7e2][]\"> <label for=\"form-field-field_638e7e2-1\">Opci\u00f3n 2<\/label><\/span><span class=\"elementor-field-option\"><input type=\"checkbox\" value=\"Opci\u00f3n 3\" id=\"form-field-field_638e7e2-2\" name=\"form_fields[field_638e7e2][]\"> <label for=\"form-field-field_638e7e2-2\">Opci\u00f3n 3<\/label><\/span><\/div>\t\t\t\t<\/div>\n\t\t\t\t\t\t\t\t<div class=\"elementor-field-type-text elementor-field-group elementor-column elementor-field-group-field_2bf5d35 elementor-col-50\">\n\t\t\t\t\t\t\t\t\t\t\t\t<label for=\"form-field-field_2bf5d35\" class=\"elementor-field-label\">\n\t\t\t\t\t\t\t\tWeb institucional\/Empresarial:\t\t\t\t\t\t\t<\/label>\n\t\t\t\t\t\t\t\t\t\t\t\t\t\t<input size=\"1\" type=\"text\" name=\"form_fields[field_2bf5d35]\" id=\"form-field-field_2bf5d35\" class=\"elementor-field elementor-size-sm  elementor-field-textual\">\n\t\t\t\t\t\t\t\t\t\t\t<\/div>\n\t\t\t\t\t\t\t\t<div class=\"elementor-field-type-radio elementor-field-group elementor-column elementor-field-group-field_ec94d24 elementor-col-60 elementor-field-required elementor-mark-required\">\n\t\t\t\t\t\t\t\t\t\t\t\t<label for=\"form-field-field_ec94d24\" class=\"elementor-field-label\">\n\t\t\t\t\t\t\t\t Autorizaci\u00f3n para poder incorporar el acuerdo para promocionar la Nueva Escuela CIPPE:\t\t\t\t\t\t\t<\/label>\n\t\t\t\t\t\t<div class=\"elementor-field-subgroup  elementor-subgroup-inline\"><span class=\"elementor-field-option\"><input type=\"radio\" value=\"S\u00ed autorizo\" id=\"form-field-field_ec94d24-0\" name=\"form_fields[field_ec94d24]\" required=\"required\"> <label for=\"form-field-field_ec94d24-0\">S\u00ed autorizo<\/label><\/span><span class=\"elementor-field-option\"><input type=\"radio\" value=\"No autorizo\" id=\"form-field-field_ec94d24-1\" name=\"form_fields[field_ec94d24]\" required=\"required\"> <label for=\"form-field-field_ec94d24-1\">No autorizo<\/label><\/span><\/div>\t\t\t\t<\/div>\n\t\t\t\t\t\t\t\t<div class=\"elementor-field-type-radio elementor-field-group elementor-column elementor-field-group-field_cb7e2ec elementor-col-100\">\n\t\t\t\t\t\t\t\t\t\t\t\t<label for=\"form-field-field_cb7e2ec\" class=\"elementor-field-label\">\n\t\t\t\t\t\t\t\tDesea constar como patrocinador del Modelo ECS-MEC y la nueva escuela CIPPE:\t\t\t\t\t\t\t<\/label>\n\t\t\t\t\t\t<div class=\"elementor-field-subgroup  elementor-subgroup-inline\"><span class=\"elementor-field-option\"><input type=\"radio\" value=\"S\u00ed deseo\" id=\"form-field-field_cb7e2ec-0\" name=\"form_fields[field_cb7e2ec]\"> <label for=\"form-field-field_cb7e2ec-0\">S\u00ed deseo<\/label><\/span><span class=\"elementor-field-option\"><input type=\"radio\" value=\"No deseo\" id=\"form-field-field_cb7e2ec-1\" name=\"form_fields[field_cb7e2ec]\"> <label for=\"form-field-field_cb7e2ec-1\">No deseo<\/label><\/span><\/div>\t\t\t\t<\/div>\n\t\t\t\t\t\t\t\t<div class=\"elementor-field-type-radio elementor-field-group elementor-column elementor-field-group-field_50eb420 elementor-col-100\">\n\t\t\t\t\t\t\t\t\t\t\t\t<label for=\"form-field-field_50eb420\" class=\"elementor-field-label\">\n\t\t\t\t\t\t\t\tEn caso de que esta colaboraci\u00f3n requiera de la firma de un convenio, adjunte un borrador del mismo: \t\t\t\t\t\t\t<\/label>\n\t\t\t\t\t\t<div class=\"elementor-field-subgroup  elementor-subgroup-inline\"><span class=\"elementor-field-option\"><input type=\"radio\" value=\"S\u00ed\" id=\"form-field-field_50eb420-0\" name=\"form_fields[field_50eb420]\"> <label for=\"form-field-field_50eb420-0\">S\u00ed<\/label><\/span><span class=\"elementor-field-option\"><input type=\"radio\" value=\"No\" id=\"form-field-field_50eb420-1\" name=\"form_fields[field_50eb420]\"> <label for=\"form-field-field_50eb420-1\">No<\/label><\/span><\/div>\t\t\t\t<\/div>\n\t\t\t\t\t\t\t\t<div class=\"elementor-field-type-upload elementor-field-group elementor-column elementor-field-group-field_f40d02d elementor-col-100\">\n\t\t\t\t\t\t\t<input type=\"file\" name=\"form_fields[field_f40d02d]\" id=\"form-field-field_f40d02d\" class=\"elementor-field elementor-size-sm  elementor-upload-field\">\n\n\t\t\t\t\t\t<\/div>\n\t\t\t\t\t\t\t\t<div class=\"elementor-field-type-text\">\n\t\t\t\t\t<input size=\"1\" type=\"text\" name=\"form_fields[field_2bf53ba]\" id=\"form-field-field_2bf53ba\" class=\"elementor-field elementor-size-sm \" style=\"display:none !important;\">\t\t\t\t<\/div>\n\t\t\t\t\t\t\t\t<div class=\"elementor-field-type-recaptcha_v3 elementor-field-group elementor-column elementor-field-group-field_14793ae elementor-col-100 recaptcha_v3-bottomright\">\n\t\t\t\t\t<div class=\"elementor-field\" id=\"form-field-field_14793ae\"><div class=\"elementor-g-recaptcha\" data-sitekey=\"6LfT79IoAAAAANqZ9qpUOU0zuGXTGl9FUzQ3MtNE\" data-type=\"v3\" data-action=\"Form\" data-badge=\"bottomright\" data-size=\"invisible\"><\/div><\/div>\t\t\t\t<\/div>\n\t\t\t\t\t\t\t\t<div class=\"elementor-field-group elementor-column elementor-field-type-submit elementor-col-25 e-form__buttons\">\n\t\t\t\t\t<button class=\"elementor-button elementor-size-sm\" type=\"submit\">\n\t\t\t\t\t\t<span class=\"elementor-button-content-wrapper\">\n\t\t\t\t\t\t\t\t\t\t\t\t\t\t\t\t\t\t\t\t\t\t<span class=\"elementor-button-text\">Enviar<\/span>\n\t\t\t\t\t\t\t\t\t\t\t\t\t<\/span>\n\t\t\t\t\t<\/button>\n\t\t\t\t<\/div>\n\t\t\t<\/div>\n\t\t<\/form>\n\t\t\t\t\t\t<\/div>\n\t\t\t\t<\/div>\n\t\t\t\t\t<\/div>\n\t\t\t\t<\/div>\n\t\t\t\t<\/div>\n\t\t","protected":false},"excerpt":{"rendered":"<p>Este es un espacio para que las editoriales de revistas con factor de impacto reconocido en los \u00faltimos tres a\u00f1os muestren su inter\u00e9s por: Opci\u00f3n 1. Firmar colaboraciones para la publicaci\u00f3n de art\u00edculos de investigadores destacados de la Nueva Escuela de Pol\u00edtica Econ\u00f3mica escuela por aportaciones que procedan de investigaciones en n\u00fameros completos reservados para [&hellip;]<\/p>\n","protected":false},"author":7,"featured_media":0,"parent":2666,"menu_order":0,"comment_status":"closed","ping_status":"closed","template":"","meta":{"footnotes":""},"class_list":["post-2667","page","type-page","status-publish","hentry"],"yoast_head":"<!-- This site is optimized with the Yoast SEO plugin v25.2 - https:\/\/yoast.com\/wordpress\/plugins\/seo\/ -->\n<title>Cooperaci\u00f3n Editorial - Modelo ECSMEC<\/title>\n<meta name=\"description\" content=\"Cooperaci\u00f3n editorial del Congreso Internacional Permanente de la Nueva Escuela de Pol\u00edtica Econ\u00f3mica\" \/>\n<meta name=\"robots\" content=\"index, follow, max-snippet:-1, max-image-preview:large, max-video-preview:-1\" \/>\n<link rel=\"canonical\" href=\"https:\/\/grupo.us.es\/modeloecsmec\/revistas\/cooperacion-editorial\/\" \/>\n<meta property=\"og:locale\" content=\"es_ES\" \/>\n<meta property=\"og:type\" content=\"article\" \/>\n<meta property=\"og:title\" content=\"Cooperaci\u00f3n Editorial - Modelo ECSMEC\" \/>\n<meta property=\"og:description\" content=\"Cooperaci\u00f3n editorial del Congreso Internacional Permanente de la Nueva Escuela de Pol\u00edtica Econ\u00f3mica\" \/>\n<meta property=\"og:url\" content=\"https:\/\/grupo.us.es\/modeloecsmec\/revistas\/cooperacion-editorial\/\" \/>\n<meta property=\"og:site_name\" content=\"Modelo ECSMEC\" \/>\n<meta property=\"article:modified_time\" content=\"2025-09-06T15:00:07+00:00\" \/>\n<meta name=\"twitter:card\" content=\"summary_large_image\" \/>\n<meta name=\"twitter:label1\" content=\"Tiempo de lectura\" \/>\n\t<meta name=\"twitter:data1\" content=\"2 minutos\" \/>\n<script type=\"application\/ld+json\" class=\"yoast-schema-graph\">{\"@context\":\"https:\/\/schema.org\",\"@graph\":[{\"@type\":\"WebPage\",\"@id\":\"https:\/\/grupo.us.es\/modeloecsmec\/revistas\/cooperacion-editorial\/\",\"url\":\"https:\/\/grupo.us.es\/modeloecsmec\/revistas\/cooperacion-editorial\/\",\"name\":\"Cooperaci\u00f3n Editorial - Modelo ECSMEC\",\"isPartOf\":{\"@id\":\"https:\/\/grupo.us.es\/modeloecsmec\/#website\"},\"datePublished\":\"2024-10-29T09:00:11+00:00\",\"dateModified\":\"2025-09-06T15:00:07+00:00\",\"description\":\"Cooperaci\u00f3n editorial del Congreso Internacional Permanente de la Nueva Escuela de Pol\u00edtica Econ\u00f3mica\",\"breadcrumb\":{\"@id\":\"https:\/\/grupo.us.es\/modeloecsmec\/revistas\/cooperacion-editorial\/#breadcrumb\"},\"inLanguage\":\"es\",\"potentialAction\":[{\"@type\":\"ReadAction\",\"target\":[\"https:\/\/grupo.us.es\/modeloecsmec\/revistas\/cooperacion-editorial\/\"]}]},{\"@type\":\"BreadcrumbList\",\"@id\":\"https:\/\/grupo.us.es\/modeloecsmec\/revistas\/cooperacion-editorial\/#breadcrumb\",\"itemListElement\":[{\"@type\":\"ListItem\",\"position\":1,\"name\":\"Revistas\",\"item\":\"https:\/\/grupo.us.es\/modeloecsmec\/revistas\/\"},{\"@type\":\"ListItem\",\"position\":2,\"name\":\"Cooperaci\u00f3n Editorial\"}]},{\"@type\":\"WebSite\",\"@id\":\"https:\/\/grupo.us.es\/modeloecsmec\/#website\",\"url\":\"https:\/\/grupo.us.es\/modeloecsmec\/\",\"name\":\"Modelo ECSMEC\",\"description\":\"Nueva Escuela de Pol\u00edtica Econ\u00f3mica\",\"publisher\":{\"@id\":\"https:\/\/grupo.us.es\/modeloecsmec\/#organization\"},\"potentialAction\":[{\"@type\":\"SearchAction\",\"target\":{\"@type\":\"EntryPoint\",\"urlTemplate\":\"https:\/\/grupo.us.es\/modeloecsmec\/?s={search_term_string}\"},\"query-input\":{\"@type\":\"PropertyValueSpecification\",\"valueRequired\":true,\"valueName\":\"search_term_string\"}}],\"inLanguage\":\"es\"},{\"@type\":\"Organization\",\"@id\":\"https:\/\/grupo.us.es\/modeloecsmec\/#organization\",\"name\":\"Modelo ECSMEC\",\"url\":\"https:\/\/grupo.us.es\/modeloecsmec\/\",\"logo\":{\"@type\":\"ImageObject\",\"inLanguage\":\"es\",\"@id\":\"https:\/\/grupo.us.es\/modeloecsmec\/#\/schema\/logo\/image\/\",\"url\":\"https:\/\/grupo.us.es\/modeloecsmec\/wp-content\/uploads\/2025\/09\/Logo-Centro-Internacional-e1757169811528.png\",\"contentUrl\":\"https:\/\/grupo.us.es\/modeloecsmec\/wp-content\/uploads\/2025\/09\/Logo-Centro-Internacional-e1757169811528.png\",\"width\":500,\"height\":238,\"caption\":\"Modelo ECSMEC\"},\"image\":{\"@id\":\"https:\/\/grupo.us.es\/modeloecsmec\/#\/schema\/logo\/image\/\"}}]}<\/script>\n<!-- \/ Yoast SEO plugin. -->","yoast_head_json":{"title":"Cooperaci\u00f3n Editorial - Modelo ECSMEC","description":"Cooperaci\u00f3n editorial del Congreso Internacional Permanente de la Nueva Escuela de Pol\u00edtica Econ\u00f3mica","robots":{"index":"index","follow":"follow","max-snippet":"max-snippet:-1","max-image-preview":"max-image-preview:large","max-video-preview":"max-video-preview:-1"},"canonical":"https:\/\/grupo.us.es\/modeloecsmec\/revistas\/cooperacion-editorial\/","og_locale":"es_ES","og_type":"article","og_title":"Cooperaci\u00f3n Editorial - Modelo ECSMEC","og_description":"Cooperaci\u00f3n editorial del Congreso Internacional Permanente de la Nueva Escuela de Pol\u00edtica Econ\u00f3mica","og_url":"https:\/\/grupo.us.es\/modeloecsmec\/revistas\/cooperacion-editorial\/","og_site_name":"Modelo ECSMEC","article_modified_time":"2025-09-06T15:00:07+00:00","twitter_card":"summary_large_image","twitter_misc":{"Tiempo de lectura":"2 minutos"},"schema":{"@context":"https:\/\/schema.org","@graph":[{"@type":"WebPage","@id":"https:\/\/grupo.us.es\/modeloecsmec\/revistas\/cooperacion-editorial\/","url":"https:\/\/grupo.us.es\/modeloecsmec\/revistas\/cooperacion-editorial\/","name":"Cooperaci\u00f3n Editorial - Modelo ECSMEC","isPartOf":{"@id":"https:\/\/grupo.us.es\/modeloecsmec\/#website"},"datePublished":"2024-10-29T09:00:11+00:00","dateModified":"2025-09-06T15:00:07+00:00","description":"Cooperaci\u00f3n editorial del Congreso Internacional Permanente de la Nueva Escuela de Pol\u00edtica Econ\u00f3mica","breadcrumb":{"@id":"https:\/\/grupo.us.es\/modeloecsmec\/revistas\/cooperacion-editorial\/#breadcrumb"},"inLanguage":"es","potentialAction":[{"@type":"ReadAction","target":["https:\/\/grupo.us.es\/modeloecsmec\/revistas\/cooperacion-editorial\/"]}]},{"@type":"BreadcrumbList","@id":"https:\/\/grupo.us.es\/modeloecsmec\/revistas\/cooperacion-editorial\/#breadcrumb","itemListElement":[{"@type":"ListItem","position":1,"name":"Revistas","item":"https:\/\/grupo.us.es\/modeloecsmec\/revistas\/"},{"@type":"ListItem","position":2,"name":"Cooperaci\u00f3n Editorial"}]},{"@type":"WebSite","@id":"https:\/\/grupo.us.es\/modeloecsmec\/#website","url":"https:\/\/grupo.us.es\/modeloecsmec\/","name":"Modelo ECSMEC","description":"Nueva Escuela de Pol\u00edtica Econ\u00f3mica","publisher":{"@id":"https:\/\/grupo.us.es\/modeloecsmec\/#organization"},"potentialAction":[{"@type":"SearchAction","target":{"@type":"EntryPoint","urlTemplate":"https:\/\/grupo.us.es\/modeloecsmec\/?s={search_term_string}"},"query-input":{"@type":"PropertyValueSpecification","valueRequired":true,"valueName":"search_term_string"}}],"inLanguage":"es"},{"@type":"Organization","@id":"https:\/\/grupo.us.es\/modeloecsmec\/#organization","name":"Modelo ECSMEC","url":"https:\/\/grupo.us.es\/modeloecsmec\/","logo":{"@type":"ImageObject","inLanguage":"es","@id":"https:\/\/grupo.us.es\/modeloecsmec\/#\/schema\/logo\/image\/","url":"https:\/\/grupo.us.es\/modeloecsmec\/wp-content\/uploads\/2025\/09\/Logo-Centro-Internacional-e1757169811528.png","contentUrl":"https:\/\/grupo.us.es\/modeloecsmec\/wp-content\/uploads\/2025\/09\/Logo-Centro-Internacional-e1757169811528.png","width":500,"height":238,"caption":"Modelo ECSMEC"},"image":{"@id":"https:\/\/grupo.us.es\/modeloecsmec\/#\/schema\/logo\/image\/"}}]}},"_links":{"self":[{"href":"https:\/\/grupo.us.es\/modeloecsmec\/wp-json\/wp\/v2\/pages\/2667","targetHints":{"allow":["GET"]}}],"collection":[{"href":"https:\/\/grupo.us.es\/modeloecsmec\/wp-json\/wp\/v2\/pages"}],"about":[{"href":"https:\/\/grupo.us.es\/modeloecsmec\/wp-json\/wp\/v2\/types\/page"}],"author":[{"embeddable":true,"href":"https:\/\/grupo.us.es\/modeloecsmec\/wp-json\/wp\/v2\/users\/7"}],"replies":[{"embeddable":true,"href":"https:\/\/grupo.us.es\/modeloecsmec\/wp-json\/wp\/v2\/comments?post=2667"}],"version-history":[{"count":0,"href":"https:\/\/grupo.us.es\/modeloecsmec\/wp-json\/wp\/v2\/pages\/2667\/revisions"}],"up":[{"embeddable":true,"href":"https:\/\/grupo.us.es\/modeloecsmec\/wp-json\/wp\/v2\/pages\/2666"}],"wp:attachment":[{"href":"https:\/\/grupo.us.es\/modeloecsmec\/wp-json\/wp\/v2\/media?parent=2667"}],"curies":[{"name":"wp","href":"https:\/\/api.w.org\/{rel}","templated":true}]}}