{"id":2665,"date":"2024-10-29T09:59:29","date_gmt":"2024-10-29T08:59:29","guid":{"rendered":"https:\/\/grupo.us.es\/modeloecsmec\/?page_id=2665"},"modified":"2024-11-21T09:32:14","modified_gmt":"2024-11-21T08:32:14","slug":"solicitud-de-uso-bibnotes","status":"publish","type":"page","link":"https:\/\/grupo.us.es\/modeloecsmec\/apoyo-investigacion\/solicitud-de-uso-bibnotes\/","title":{"rendered":"Solicitud de uso bibnotes"},"content":{"rendered":"\t\t<div data-elementor-type=\"wp-page\" data-elementor-id=\"2665\" class=\"elementor elementor-2665\" data-elementor-post-type=\"page\">\n\t\t\t\t<div class=\"elementor-element elementor-element-ae06912 e-flex e-con-boxed e-con e-parent\" data-id=\"ae06912\" data-element_type=\"container\">\n\t\t\t\t\t<div class=\"e-con-inner\">\n\t\t\t\t<div class=\"elementor-element elementor-element-b2df11e elementor-list-item-link-inline elementor-icon-list--layout-traditional elementor-widget elementor-widget-icon-list\" data-id=\"b2df11e\" data-element_type=\"widget\" data-widget_type=\"icon-list.default\">\n\t\t\t\t<div class=\"elementor-widget-container\">\n\t\t\t\t\t\t\t<ul class=\"elementor-icon-list-items\">\n\t\t\t\t\t\t\t<li class=\"elementor-icon-list-item\">\n\t\t\t\t\t\t\t\t\t\t\t<a href=\"https:\/\/www.bibnotes.es\/Promo\/VideoPromo720.mp4\" target=\"_blank\" rel=\"nofollow\">\n\n\t\t\t\t\t\t\t\t\t\t\t\t<span class=\"elementor-icon-list-icon\">\n\t\t\t\t\t\t\t<i aria-hidden=\"true\" class=\"fas fa-video\"><\/i>\t\t\t\t\t\t<\/span>\n\t\t\t\t\t\t\t\t\t\t<span class=\"elementor-icon-list-text\">V\u00eddeo demostraci\u00f3n<\/span>\n\t\t\t\t\t\t\t\t\t\t\t<\/a>\n\t\t\t\t\t\t\t\t\t<\/li>\n\t\t\t\t\t\t\t\t<li class=\"elementor-icon-list-item\">\n\t\t\t\t\t\t\t\t\t\t\t<a href=\"https:\/\/www.bibnotes.es\/videotutoriales.php\" target=\"_blank\" rel=\"nofollow\">\n\n\t\t\t\t\t\t\t\t\t\t\t\t<span class=\"elementor-icon-list-icon\">\n\t\t\t\t\t\t\t<i aria-hidden=\"true\" class=\"fas fa-video\"><\/i>\t\t\t\t\t\t<\/span>\n\t\t\t\t\t\t\t\t\t\t<span class=\"elementor-icon-list-text\">V\u00eddeos tutoriales<\/span>\n\t\t\t\t\t\t\t\t\t\t\t<\/a>\n\t\t\t\t\t\t\t\t\t<\/li>\n\t\t\t\t\t\t<\/ul>\n\t\t\t\t\t\t<\/div>\n\t\t\t\t<\/div>\n\t\t\t\t<div class=\"elementor-element elementor-element-1fbc4dd elementor-widget elementor-widget-heading\" data-id=\"1fbc4dd\" data-element_type=\"widget\" data-widget_type=\"heading.default\">\n\t\t\t\t<div class=\"elementor-widget-container\">\n\t\t\t\t\t<h5 class=\"elementor-heading-title elementor-size-default\">V\u00eddeos tutoriales<\/h5>\t\t\t\t<\/div>\n\t\t\t\t<\/div>\n\t\t\t\t<div class=\"elementor-element elementor-element-e87c7f7 elementor-widget elementor-widget-text-editor\" data-id=\"e87c7f7\" data-element_type=\"widget\" data-widget_type=\"text-editor.default\">\n\t\t\t\t<div class=\"elementor-widget-container\">\n\t\t\t\t\t\t\t\t\t<ol>\n \t<li><strong>Documentos<\/strong>\n<ol style=\"list-style-type: lower-alpha;\">\n \t<li>Subir nuevo documento<\/li>\n \t<li>Editar documento\n<ol style=\"list-style-type: lower-roman;\">\n \t<li>Marcar t\u00edtulo de secci\u00f3n<\/li>\n \t<li>Desmarcar t\u00edtulo de secci\u00f3n<\/li>\n \t<li>Modificar texto<\/li>\n \t<li>Eliminar texto<\/li>\n \t<li>A\u00f1adir texto al final del documento<\/li>\n<\/ol>\n<\/li>\n<\/ol>\n<\/li>\n \t<li><strong>Categoria de notas<\/strong>\n<ol style=\"list-style-type: lower-alpha;\">\n \t<li>Crear nueva categor\u00eda de nota<\/li>\n \t<li>Importar categor\u00edas de notas de otros proyectos<\/li>\n<\/ol>\n<\/li>\n \t<li><strong>Tomar notas<\/strong>\n<ol style=\"list-style-type: lower-alpha;\">\n \t<li>Crear nuevas notas \/ Subrayar un documento<\/li>\n \t<li>Modificar nota<\/li>\n \t<li>Eliminar nota<\/li>\n \t<li>Traslado de nota a otra categor\u00eda<\/li>\n<\/ol>\n<\/li>\n \t<li><strong>Mapa mental de notas<\/strong>\n<ol style=\"list-style-type: lower-alpha;\">\n \t<li>Descargar mapa de notas actualizado<\/li>\n \t<li>Abrir un mapa mental de notas con software &#8216;MindMaple&#8217;<\/li>\n<\/ol>\n<\/li>\n<\/ol>\n\t\t\t\t\t\t\t\t<\/div>\n\t\t\t\t<\/div>\n\t\t\t\t<div class=\"elementor-element elementor-element-24a2ee0 elementor-list-item-link-inline elementor-icon-list--layout-traditional elementor-widget elementor-widget-icon-list\" data-id=\"24a2ee0\" data-element_type=\"widget\" data-widget_type=\"icon-list.default\">\n\t\t\t\t<div class=\"elementor-widget-container\">\n\t\t\t\t\t\t\t<ul class=\"elementor-icon-list-items\">\n\t\t\t\t\t\t\t<li class=\"elementor-icon-list-item\">\n\t\t\t\t\t\t\t\t\t\t\t<a href=\"https:\/\/www.bibnotes.es\/Login.php?ancho=1920&#038;alto=1080\" target=\"_blank\" rel=\"nofollow\">\n\n\t\t\t\t\t\t\t\t\t\t\t\t<span class=\"elementor-icon-list-icon\">\n\t\t\t\t\t\t\t<i aria-hidden=\"true\" class=\"fas fa-external-link-alt\"><\/i>\t\t\t\t\t\t<\/span>\n\t\t\t\t\t\t\t\t\t\t<span class=\"elementor-icon-list-text\">Enlace para pedir acceso y registrarse<\/span>\n\t\t\t\t\t\t\t\t\t\t\t<\/a>\n\t\t\t\t\t\t\t\t\t<\/li>\n\t\t\t\t\t\t<\/ul>\n\t\t\t\t\t\t<\/div>\n\t\t\t\t<\/div>\n\t\t\t\t\t<\/div>\n\t\t\t\t<\/div>\n\t\t\t\t<\/div>\n\t\t","protected":false},"excerpt":{"rendered":"<p>V\u00eddeo demostraci\u00f3n V\u00eddeos tutoriales V\u00eddeos tutoriales Documentos Subir nuevo documento Editar documento Marcar t\u00edtulo de secci\u00f3n Desmarcar t\u00edtulo de secci\u00f3n Modificar texto Eliminar texto A\u00f1adir texto al final del documento Categoria de notas Crear nueva categor\u00eda de nota Importar categor\u00edas de notas de otros proyectos Tomar notas Crear nuevas notas \/ Subrayar un documento Modificar [&hellip;]<\/p>\n","protected":false},"author":7,"featured_media":0,"parent":2663,"menu_order":0,"comment_status":"closed","ping_status":"closed","template":"","meta":{"footnotes":""},"class_list":["post-2665","page","type-page","status-publish","hentry"],"yoast_head":"<!-- This site is optimized with the Yoast SEO plugin v25.2 - https:\/\/yoast.com\/wordpress\/plugins\/seo\/ -->\n<title>Solicitud de uso bibnotes - Modelo ECSMEC<\/title>\n<meta name=\"description\" content=\"Solicitud de uso bibnotes del Congreso Internacional Permanente de la Nueva Escuela de Pol\u00edtica Econ\u00f3mica\" \/>\n<meta name=\"robots\" content=\"index, follow, max-snippet:-1, max-image-preview:large, max-video-preview:-1\" \/>\n<link rel=\"canonical\" href=\"https:\/\/grupo.us.es\/modeloecsmec\/apoyo-investigacion\/solicitud-de-uso-bibnotes\/\" \/>\n<meta property=\"og:locale\" content=\"es_ES\" \/>\n<meta property=\"og:type\" content=\"article\" \/>\n<meta property=\"og:title\" content=\"Solicitud de uso bibnotes - Modelo ECSMEC\" \/>\n<meta property=\"og:description\" content=\"Solicitud de uso bibnotes del Congreso Internacional Permanente de la Nueva Escuela de Pol\u00edtica Econ\u00f3mica\" \/>\n<meta property=\"og:url\" content=\"https:\/\/grupo.us.es\/modeloecsmec\/apoyo-investigacion\/solicitud-de-uso-bibnotes\/\" \/>\n<meta property=\"og:site_name\" content=\"Modelo ECSMEC\" \/>\n<meta property=\"article:modified_time\" content=\"2024-11-21T08:32:14+00:00\" \/>\n<meta name=\"twitter:card\" content=\"summary_large_image\" \/>\n<meta name=\"twitter:label1\" content=\"Tiempo de lectura\" \/>\n\t<meta name=\"twitter:data1\" content=\"1 minuto\" \/>\n<script type=\"application\/ld+json\" class=\"yoast-schema-graph\">{\"@context\":\"https:\/\/schema.org\",\"@graph\":[{\"@type\":\"WebPage\",\"@id\":\"https:\/\/grupo.us.es\/modeloecsmec\/apoyo-investigacion\/solicitud-de-uso-bibnotes\/\",\"url\":\"https:\/\/grupo.us.es\/modeloecsmec\/apoyo-investigacion\/solicitud-de-uso-bibnotes\/\",\"name\":\"Solicitud de uso bibnotes - Modelo ECSMEC\",\"isPartOf\":{\"@id\":\"https:\/\/grupo.us.es\/modeloecsmec\/#website\"},\"datePublished\":\"2024-10-29T08:59:29+00:00\",\"dateModified\":\"2024-11-21T08:32:14+00:00\",\"description\":\"Solicitud de uso bibnotes del Congreso Internacional Permanente de la Nueva Escuela de Pol\u00edtica Econ\u00f3mica\",\"breadcrumb\":{\"@id\":\"https:\/\/grupo.us.es\/modeloecsmec\/apoyo-investigacion\/solicitud-de-uso-bibnotes\/#breadcrumb\"},\"inLanguage\":\"es\",\"potentialAction\":[{\"@type\":\"ReadAction\",\"target\":[\"https:\/\/grupo.us.es\/modeloecsmec\/apoyo-investigacion\/solicitud-de-uso-bibnotes\/\"]}]},{\"@type\":\"BreadcrumbList\",\"@id\":\"https:\/\/grupo.us.es\/modeloecsmec\/apoyo-investigacion\/solicitud-de-uso-bibnotes\/#breadcrumb\",\"itemListElement\":[{\"@type\":\"ListItem\",\"position\":1,\"name\":\"Apoyo Investigaci\u00f3n\",\"item\":\"https:\/\/grupo.us.es\/modeloecsmec\/apoyo-investigacion\/\"},{\"@type\":\"ListItem\",\"position\":2,\"name\":\"Solicitud de uso bibnotes\"}]},{\"@type\":\"WebSite\",\"@id\":\"https:\/\/grupo.us.es\/modeloecsmec\/#website\",\"url\":\"https:\/\/grupo.us.es\/modeloecsmec\/\",\"name\":\"Modelo ECSMEC\",\"description\":\"Nueva Escuela de Pol\u00edtica Econ\u00f3mica\",\"publisher\":{\"@id\":\"https:\/\/grupo.us.es\/modeloecsmec\/#organization\"},\"potentialAction\":[{\"@type\":\"SearchAction\",\"target\":{\"@type\":\"EntryPoint\",\"urlTemplate\":\"https:\/\/grupo.us.es\/modeloecsmec\/?s={search_term_string}\"},\"query-input\":{\"@type\":\"PropertyValueSpecification\",\"valueRequired\":true,\"valueName\":\"search_term_string\"}}],\"inLanguage\":\"es\"},{\"@type\":\"Organization\",\"@id\":\"https:\/\/grupo.us.es\/modeloecsmec\/#organization\",\"name\":\"Modelo ECSMEC\",\"url\":\"https:\/\/grupo.us.es\/modeloecsmec\/\",\"logo\":{\"@type\":\"ImageObject\",\"inLanguage\":\"es\",\"@id\":\"https:\/\/grupo.us.es\/modeloecsmec\/#\/schema\/logo\/image\/\",\"url\":\"https:\/\/grupo.us.es\/modeloecsmec\/wp-content\/uploads\/2025\/09\/Logo-Centro-Internacional-e1757169811528.png\",\"contentUrl\":\"https:\/\/grupo.us.es\/modeloecsmec\/wp-content\/uploads\/2025\/09\/Logo-Centro-Internacional-e1757169811528.png\",\"width\":500,\"height\":238,\"caption\":\"Modelo ECSMEC\"},\"image\":{\"@id\":\"https:\/\/grupo.us.es\/modeloecsmec\/#\/schema\/logo\/image\/\"}}]}<\/script>\n<!-- \/ Yoast SEO plugin. -->","yoast_head_json":{"title":"Solicitud de uso bibnotes - Modelo ECSMEC","description":"Solicitud de uso bibnotes del Congreso Internacional Permanente de la Nueva Escuela de Pol\u00edtica Econ\u00f3mica","robots":{"index":"index","follow":"follow","max-snippet":"max-snippet:-1","max-image-preview":"max-image-preview:large","max-video-preview":"max-video-preview:-1"},"canonical":"https:\/\/grupo.us.es\/modeloecsmec\/apoyo-investigacion\/solicitud-de-uso-bibnotes\/","og_locale":"es_ES","og_type":"article","og_title":"Solicitud de uso bibnotes - Modelo ECSMEC","og_description":"Solicitud de uso bibnotes del Congreso Internacional Permanente de la Nueva Escuela de Pol\u00edtica Econ\u00f3mica","og_url":"https:\/\/grupo.us.es\/modeloecsmec\/apoyo-investigacion\/solicitud-de-uso-bibnotes\/","og_site_name":"Modelo ECSMEC","article_modified_time":"2024-11-21T08:32:14+00:00","twitter_card":"summary_large_image","twitter_misc":{"Tiempo de lectura":"1 minuto"},"schema":{"@context":"https:\/\/schema.org","@graph":[{"@type":"WebPage","@id":"https:\/\/grupo.us.es\/modeloecsmec\/apoyo-investigacion\/solicitud-de-uso-bibnotes\/","url":"https:\/\/grupo.us.es\/modeloecsmec\/apoyo-investigacion\/solicitud-de-uso-bibnotes\/","name":"Solicitud de uso bibnotes - Modelo ECSMEC","isPartOf":{"@id":"https:\/\/grupo.us.es\/modeloecsmec\/#website"},"datePublished":"2024-10-29T08:59:29+00:00","dateModified":"2024-11-21T08:32:14+00:00","description":"Solicitud de uso bibnotes del Congreso Internacional Permanente de la Nueva Escuela de Pol\u00edtica Econ\u00f3mica","breadcrumb":{"@id":"https:\/\/grupo.us.es\/modeloecsmec\/apoyo-investigacion\/solicitud-de-uso-bibnotes\/#breadcrumb"},"inLanguage":"es","potentialAction":[{"@type":"ReadAction","target":["https:\/\/grupo.us.es\/modeloecsmec\/apoyo-investigacion\/solicitud-de-uso-bibnotes\/"]}]},{"@type":"BreadcrumbList","@id":"https:\/\/grupo.us.es\/modeloecsmec\/apoyo-investigacion\/solicitud-de-uso-bibnotes\/#breadcrumb","itemListElement":[{"@type":"ListItem","position":1,"name":"Apoyo Investigaci\u00f3n","item":"https:\/\/grupo.us.es\/modeloecsmec\/apoyo-investigacion\/"},{"@type":"ListItem","position":2,"name":"Solicitud de uso bibnotes"}]},{"@type":"WebSite","@id":"https:\/\/grupo.us.es\/modeloecsmec\/#website","url":"https:\/\/grupo.us.es\/modeloecsmec\/","name":"Modelo ECSMEC","description":"Nueva Escuela de Pol\u00edtica Econ\u00f3mica","publisher":{"@id":"https:\/\/grupo.us.es\/modeloecsmec\/#organization"},"potentialAction":[{"@type":"SearchAction","target":{"@type":"EntryPoint","urlTemplate":"https:\/\/grupo.us.es\/modeloecsmec\/?s={search_term_string}"},"query-input":{"@type":"PropertyValueSpecification","valueRequired":true,"valueName":"search_term_string"}}],"inLanguage":"es"},{"@type":"Organization","@id":"https:\/\/grupo.us.es\/modeloecsmec\/#organization","name":"Modelo ECSMEC","url":"https:\/\/grupo.us.es\/modeloecsmec\/","logo":{"@type":"ImageObject","inLanguage":"es","@id":"https:\/\/grupo.us.es\/modeloecsmec\/#\/schema\/logo\/image\/","url":"https:\/\/grupo.us.es\/modeloecsmec\/wp-content\/uploads\/2025\/09\/Logo-Centro-Internacional-e1757169811528.png","contentUrl":"https:\/\/grupo.us.es\/modeloecsmec\/wp-content\/uploads\/2025\/09\/Logo-Centro-Internacional-e1757169811528.png","width":500,"height":238,"caption":"Modelo ECSMEC"},"image":{"@id":"https:\/\/grupo.us.es\/modeloecsmec\/#\/schema\/logo\/image\/"}}]}},"_links":{"self":[{"href":"https:\/\/grupo.us.es\/modeloecsmec\/wp-json\/wp\/v2\/pages\/2665","targetHints":{"allow":["GET"]}}],"collection":[{"href":"https:\/\/grupo.us.es\/modeloecsmec\/wp-json\/wp\/v2\/pages"}],"about":[{"href":"https:\/\/grupo.us.es\/modeloecsmec\/wp-json\/wp\/v2\/types\/page"}],"author":[{"embeddable":true,"href":"https:\/\/grupo.us.es\/modeloecsmec\/wp-json\/wp\/v2\/users\/7"}],"replies":[{"embeddable":true,"href":"https:\/\/grupo.us.es\/modeloecsmec\/wp-json\/wp\/v2\/comments?post=2665"}],"version-history":[{"count":0,"href":"https:\/\/grupo.us.es\/modeloecsmec\/wp-json\/wp\/v2\/pages\/2665\/revisions"}],"up":[{"embeddable":true,"href":"https:\/\/grupo.us.es\/modeloecsmec\/wp-json\/wp\/v2\/pages\/2663"}],"wp:attachment":[{"href":"https:\/\/grupo.us.es\/modeloecsmec\/wp-json\/wp\/v2\/media?parent=2665"}],"curies":[{"name":"wp","href":"https:\/\/api.w.org\/{rel}","templated":true}]}}