{"id":2657,"date":"2024-10-29T09:55:39","date_gmt":"2024-10-29T08:55:39","guid":{"rendered":"https:\/\/grupo.us.es\/modeloecsmec\/?page_id=2657"},"modified":"2025-09-06T17:05:22","modified_gmt":"2025-09-06T15:05:22","slug":"inscripcion-cippe","status":"publish","type":"page","link":"https:\/\/grupo.us.es\/modeloecsmec\/solicitudes-inscripcion\/inscripcion-cippe\/","title":{"rendered":"Inscripci\u00f3n CIPPE"},"content":{"rendered":"\t\t<div data-elementor-type=\"wp-page\" data-elementor-id=\"2657\" class=\"elementor elementor-2657\" data-elementor-post-type=\"page\">\n\t\t\t\t<div class=\"elementor-element elementor-element-05cbc04 animated-slow e-flex e-con-boxed elementor-invisible e-con e-parent\" data-id=\"05cbc04\" data-element_type=\"container\" data-settings=\"{&quot;animation&quot;:&quot;fadeIn&quot;}\">\n\t\t\t\t\t<div class=\"e-con-inner\">\n\t\t\t\t<div class=\"elementor-element elementor-element-d076edf elementor-widget elementor-widget-text-editor\" data-id=\"d076edf\" data-element_type=\"widget\" data-widget_type=\"text-editor.default\">\n\t\t\t\t<div class=\"elementor-widget-container\">\n\t\t\t\t\t\t\t\t\t<p>Si desea formar parte del Centro Internacional Permanente Nueva Escuela de Pol\u00edtica Econ\u00f3mica (CIPPE) para contribuir al dise\u00f1o de un nuevo Paradigma de Intervenci\u00f3n Econ\u00f3mica rellene el siguiente formulario:<\/p>\t\t\t\t\t\t\t\t<\/div>\n\t\t\t\t<\/div>\n\t\t\t\t\t<\/div>\n\t\t\t\t<\/div>\n\t\t<div class=\"elementor-element elementor-element-53b8851 animated-slow e-flex e-con-boxed elementor-invisible e-con e-parent\" data-id=\"53b8851\" data-element_type=\"container\" data-settings=\"{&quot;background_background&quot;:&quot;classic&quot;,&quot;animation&quot;:&quot;fadeIn&quot;}\">\n\t\t\t\t\t<div class=\"e-con-inner\">\n\t\t\t\t<div class=\"elementor-element elementor-element-b4dfd9d elementor-widget elementor-widget-heading\" data-id=\"b4dfd9d\" data-element_type=\"widget\" data-widget_type=\"heading.default\">\n\t\t\t\t<div class=\"elementor-widget-container\">\n\t\t\t\t\t<h5 class=\"elementor-heading-title elementor-size-default\">SOLICITUD AUTORIZACI\u00d3N PARA PARTICIPAR Y SER MIEMBRO:<\/h5>\t\t\t\t<\/div>\n\t\t\t\t<\/div>\n\t\t\t\t<div class=\"elementor-element elementor-element-c139344 elementor-button-align-stretch elementor-widget elementor-widget-form\" data-id=\"c139344\" data-element_type=\"widget\" data-settings=\"{&quot;button_width&quot;:&quot;25&quot;,&quot;step_next_label&quot;:&quot;Siguiente&quot;,&quot;step_previous_label&quot;:&quot;Anterior&quot;,&quot;step_type&quot;:&quot;number_text&quot;,&quot;step_icon_shape&quot;:&quot;circle&quot;}\" data-widget_type=\"form.default\">\n\t\t\t\t<div class=\"elementor-widget-container\">\n\t\t\t\t\t\t\t<form class=\"elementor-form\" method=\"post\" name=\"Inscripci\u00f3n CIPPE\">\n\t\t\t<input type=\"hidden\" name=\"post_id\" value=\"2657\"\/>\n\t\t\t<input type=\"hidden\" name=\"form_id\" value=\"c139344\"\/>\n\t\t\t<input type=\"hidden\" name=\"referer_title\" value=\"Modelo ECSMEC\" \/>\n\n\t\t\t\n\t\t\t<div class=\"elementor-form-fields-wrapper elementor-labels-above\">\n\t\t\t\t\t\t\t\t<div class=\"elementor-field-type-text elementor-field-group elementor-column elementor-field-group-name elementor-col-33 elementor-field-required elementor-mark-required\">\n\t\t\t\t\t\t\t\t\t\t\t\t<label for=\"form-field-name\" class=\"elementor-field-label\">\n\t\t\t\t\t\t\t\tApellidos:\t\t\t\t\t\t\t<\/label>\n\t\t\t\t\t\t\t\t\t\t\t\t\t\t<input size=\"1\" type=\"text\" name=\"form_fields[name]\" id=\"form-field-name\" class=\"elementor-field elementor-size-sm  elementor-field-textual\" required=\"required\">\n\t\t\t\t\t\t\t\t\t\t\t<\/div>\n\t\t\t\t\t\t\t\t<div class=\"elementor-field-type-text elementor-field-group elementor-column elementor-field-group-field_468a3d0 elementor-col-33 elementor-field-required elementor-mark-required\">\n\t\t\t\t\t\t\t\t\t\t\t\t<label for=\"form-field-field_468a3d0\" class=\"elementor-field-label\">\n\t\t\t\t\t\t\t\tNombre:\t\t\t\t\t\t\t<\/label>\n\t\t\t\t\t\t\t\t\t\t\t\t\t\t<input size=\"1\" type=\"text\" name=\"form_fields[field_468a3d0]\" id=\"form-field-field_468a3d0\" class=\"elementor-field elementor-size-sm  elementor-field-textual\" required=\"required\">\n\t\t\t\t\t\t\t\t\t\t\t<\/div>\n\t\t\t\t\t\t\t\t<div class=\"elementor-field-type-text elementor-field-group elementor-column elementor-field-group-field_8c07441 elementor-col-33\">\n\t\t\t\t\t\t\t\t\t\t\t\t<label for=\"form-field-field_8c07441\" class=\"elementor-field-label\">\n\t\t\t\t\t\t\t\tORCID:\t\t\t\t\t\t\t<\/label>\n\t\t\t\t\t\t\t\t\t\t\t\t\t\t<input size=\"1\" type=\"text\" name=\"form_fields[field_8c07441]\" id=\"form-field-field_8c07441\" class=\"elementor-field elementor-size-sm  elementor-field-textual\">\n\t\t\t\t\t\t\t\t\t\t\t<\/div>\n\t\t\t\t\t\t\t\t<div class=\"elementor-field-type-text elementor-field-group elementor-column elementor-field-group-field_fcef4a6 elementor-col-100 elementor-field-required elementor-mark-required\">\n\t\t\t\t\t\t\t\t\t\t\t\t<label for=\"form-field-field_fcef4a6\" class=\"elementor-field-label\">\n\t\t\t\t\t\t\t\tUniversidad o instituci\u00f3n de investigaci\u00f3n de origen:\t\t\t\t\t\t\t<\/label>\n\t\t\t\t\t\t\t\t\t\t\t\t\t\t<input size=\"1\" type=\"text\" name=\"form_fields[field_fcef4a6]\" id=\"form-field-field_fcef4a6\" class=\"elementor-field elementor-size-sm  elementor-field-textual\" required=\"required\">\n\t\t\t\t\t\t\t\t\t\t\t<\/div>\n\t\t\t\t\t\t\t\t<div class=\"elementor-field-type-checkbox elementor-field-group elementor-column elementor-field-group-field_638e7e2 elementor-col-100\">\n\t\t\t\t\t\t\t\t\t\t\t\t<label for=\"form-field-field_638e7e2\" class=\"elementor-field-label\">\n\t\t\t\t\t\t\t\tForma de participaci\u00f3n:\t\t\t\t\t\t\t<\/label>\n\t\t\t\t\t\t<div class=\"elementor-field-subgroup  elementor-subgroup-inline\"><span class=\"elementor-field-option\"><input type=\"checkbox\" value=\"Participar XVII Jornadas Internacionales de Pol\u00edtica Econ\u00f3mica \" id=\"form-field-field_638e7e2-0\" name=\"form_fields[field_638e7e2][]\"> <label for=\"form-field-field_638e7e2-0\">Participar XVII Jornadas Internacionales de Pol\u00edtica Econ\u00f3mica <\/label><\/span><span class=\"elementor-field-option\"><input type=\"checkbox\" value=\"Facilitador y promotor de resultados  \" id=\"form-field-field_638e7e2-1\" name=\"form_fields[field_638e7e2][]\"> <label for=\"form-field-field_638e7e2-1\">Facilitador y promotor de resultados  <\/label><\/span><span class=\"elementor-field-option\"><input type=\"checkbox\" value=\"Presentaci\u00f3n de aportaciones cient\u00edficas \" id=\"form-field-field_638e7e2-2\" name=\"form_fields[field_638e7e2][]\"> <label for=\"form-field-field_638e7e2-2\">Presentaci\u00f3n de aportaciones cient\u00edficas <\/label><\/span><span class=\"elementor-field-option\"><input type=\"checkbox\" value=\"Contactos con revistas \" id=\"form-field-field_638e7e2-3\" name=\"form_fields[field_638e7e2][]\"> <label for=\"form-field-field_638e7e2-3\">Contactos con revistas <\/label><\/span><span class=\"elementor-field-option\"><input type=\"checkbox\" value=\"Delimitar elementos necesarios a completar\" id=\"form-field-field_638e7e2-4\" name=\"form_fields[field_638e7e2][]\"> <label for=\"form-field-field_638e7e2-4\">Delimitar elementos necesarios a completar<\/label><\/span><\/div>\t\t\t\t<\/div>\n\t\t\t\t\t\t\t\t<div class=\"elementor-field-type-checkbox elementor-field-group elementor-column elementor-field-group-Otras_Formas_Check elementor-col-20\">\n\t\t\t\t\t<div class=\"elementor-field-subgroup  elementor-subgroup-inline\"><span class=\"elementor-field-option\"><input type=\"checkbox\" value=\"Otras formas (indicar)\" id=\"form-field-Otras_Formas_Check-0\" name=\"form_fields[Otras_Formas_Check]\"> <label for=\"form-field-Otras_Formas_Check-0\">Otras formas (indicar)<\/label><\/span><\/div>\t\t\t\t<\/div>\n\t\t\t\t\t\t\t\t<div class=\"elementor-field-type-text elementor-field-group elementor-column elementor-field-group-Otras_Formas elementor-col-80\">\n\t\t\t\t\t\t\t\t\t\t\t\t\t<input size=\"1\" type=\"text\" name=\"form_fields[Otras_Formas]\" id=\"form-field-Otras_Formas\" class=\"elementor-field elementor-size-sm  elementor-field-textual\">\n\t\t\t\t\t\t\t\t\t\t\t<\/div>\n\t\t\t\t\t\t\t\t<div class=\"elementor-field-type-text elementor-field-group elementor-column elementor-field-group-field_0d25579 elementor-col-25\">\n\t\t\t\t\t\t\t\t\t\t\t\t<label for=\"form-field-field_0d25579\" class=\"elementor-field-label\">\n\t\t\t\t\t\t\t\tN\u00ba tel\u00e9fono:\t\t\t\t\t\t\t<\/label>\n\t\t\t\t\t\t\t\t\t\t\t\t\t\t<input size=\"1\" type=\"text\" name=\"form_fields[field_0d25579]\" id=\"form-field-field_0d25579\" class=\"elementor-field elementor-size-sm  elementor-field-textual\">\n\t\t\t\t\t\t\t\t\t\t\t<\/div>\n\t\t\t\t\t\t\t\t<div class=\"elementor-field-type-email elementor-field-group elementor-column elementor-field-group-email elementor-col-25 elementor-field-required elementor-mark-required\">\n\t\t\t\t\t\t\t\t\t\t\t\t<label for=\"form-field-email\" class=\"elementor-field-label\">\n\t\t\t\t\t\t\t\tE-mail:\t\t\t\t\t\t\t<\/label>\n\t\t\t\t\t\t\t\t\t\t\t\t\t\t<input size=\"1\" type=\"email\" name=\"form_fields[email]\" id=\"form-field-email\" class=\"elementor-field elementor-size-sm  elementor-field-textual\" required=\"required\">\n\t\t\t\t\t\t\t\t\t\t\t<\/div>\n\t\t\t\t\t\t\t\t<div class=\"elementor-field-type-text elementor-field-group elementor-column elementor-field-group-field_2bf5d35 elementor-col-25\">\n\t\t\t\t\t\t\t\t\t\t\t\t<label for=\"form-field-field_2bf5d35\" class=\"elementor-field-label\">\n\t\t\t\t\t\t\t\tWeb personal:\t\t\t\t\t\t\t<\/label>\n\t\t\t\t\t\t\t\t\t\t\t\t\t\t<input size=\"1\" type=\"text\" name=\"form_fields[field_2bf5d35]\" id=\"form-field-field_2bf5d35\" class=\"elementor-field elementor-size-sm  elementor-field-textual\">\n\t\t\t\t\t\t\t\t\t\t\t<\/div>\n\t\t\t\t\t\t\t\t<div class=\"elementor-field-type-text elementor-field-group elementor-column elementor-field-group-field_8e19b5b elementor-col-25\">\n\t\t\t\t\t\t\t\t\t\t\t\t<label for=\"form-field-field_8e19b5b\" class=\"elementor-field-label\">\n\t\t\t\t\t\t\t\tLinkedIn:\t\t\t\t\t\t\t<\/label>\n\t\t\t\t\t\t\t\t\t\t\t\t\t\t<input size=\"1\" type=\"text\" name=\"form_fields[field_8e19b5b]\" id=\"form-field-field_8e19b5b\" class=\"elementor-field elementor-size-sm  elementor-field-textual\">\n\t\t\t\t\t\t\t\t\t\t\t<\/div>\n\t\t\t\t\t\t\t\t<div class=\"elementor-field-type-text elementor-field-group elementor-column elementor-field-group-field_c9411ad elementor-col-25\">\n\t\t\t\t\t\t\t\t\t\t\t\t<label for=\"form-field-field_c9411ad\" class=\"elementor-field-label\">\n\t\t\t\t\t\t\t\tX:\t\t\t\t\t\t\t<\/label>\n\t\t\t\t\t\t\t\t\t\t\t\t\t\t<input size=\"1\" type=\"text\" name=\"form_fields[field_c9411ad]\" id=\"form-field-field_c9411ad\" class=\"elementor-field elementor-size-sm  elementor-field-textual\">\n\t\t\t\t\t\t\t\t\t\t\t<\/div>\n\t\t\t\t\t\t\t\t<div class=\"elementor-field-type-text elementor-field-group elementor-column elementor-field-group-field_f093cf6 elementor-col-25\">\n\t\t\t\t\t\t\t\t\t\t\t\t<label for=\"form-field-field_f093cf6\" class=\"elementor-field-label\">\n\t\t\t\t\t\t\t\tInstagram:\t\t\t\t\t\t\t<\/label>\n\t\t\t\t\t\t\t\t\t\t\t\t\t\t<input size=\"1\" type=\"text\" name=\"form_fields[field_f093cf6]\" id=\"form-field-field_f093cf6\" class=\"elementor-field elementor-size-sm  elementor-field-textual\">\n\t\t\t\t\t\t\t\t\t\t\t<\/div>\n\t\t\t\t\t\t\t\t<div class=\"elementor-field-type-text elementor-field-group elementor-column elementor-field-group-field_b425c51 elementor-col-25\">\n\t\t\t\t\t\t\t\t\t\t\t\t<label for=\"form-field-field_b425c51\" class=\"elementor-field-label\">\n\t\t\t\t\t\t\t\tTikTok:\t\t\t\t\t\t\t<\/label>\n\t\t\t\t\t\t\t\t\t\t\t\t\t\t<input size=\"1\" type=\"text\" name=\"form_fields[field_b425c51]\" id=\"form-field-field_b425c51\" class=\"elementor-field elementor-size-sm  elementor-field-textual\">\n\t\t\t\t\t\t\t\t\t\t\t<\/div>\n\t\t\t\t\t\t\t\t<div class=\"elementor-field-type-text elementor-field-group elementor-column elementor-field-group-field_ab781fd elementor-col-25\">\n\t\t\t\t\t\t\t\t\t\t\t\t<label for=\"form-field-field_ab781fd\" class=\"elementor-field-label\">\n\t\t\t\t\t\t\t\tOtra red social:\t\t\t\t\t\t\t<\/label>\n\t\t\t\t\t\t\t\t\t\t\t\t\t\t<input size=\"1\" type=\"text\" name=\"form_fields[field_ab781fd]\" id=\"form-field-field_ab781fd\" class=\"elementor-field elementor-size-sm  elementor-field-textual\">\n\t\t\t\t\t\t\t\t\t\t\t<\/div>\n\t\t\t\t\t\t\t\t<div class=\"elementor-field-type-acceptance elementor-field-group elementor-column elementor-field-group-Aurorizacion elementor-col-100\">\n\t\t\t\t\t\t\t<div class=\"elementor-field-subgroup\">\n\t\t\t<span class=\"elementor-field-option\">\n\t\t\t\t<input type=\"checkbox\" name=\"form_fields[Aurorizacion]\" id=\"form-field-Aurorizacion\" class=\"elementor-field elementor-size-sm  elementor-acceptance-field\" checked=\"checked\">\n\t\t\t\t<label for=\"form-field-Aurorizacion\">Autorizo a poder utilizar mi imagen y trabajo presentado con objeto de promover mi aporte cient\u00edfico a nivel cient\u00edfico y\/o de aplicabilidad de Pol\u00edtica Econ\u00f3mica.<\/label>\t\t\t<\/span>\n\t\t<\/div>\n\t\t\t\t\t\t<\/div>\n\t\t\t\t\t\t\t\t<div class=\"elementor-field-type-recaptcha_v3 elementor-field-group elementor-column elementor-field-group-field_14793ae elementor-col-100 recaptcha_v3-bottomright\">\n\t\t\t\t\t<div class=\"elementor-field\" id=\"form-field-field_14793ae\"><div class=\"elementor-g-recaptcha\" data-sitekey=\"6LfT79IoAAAAANqZ9qpUOU0zuGXTGl9FUzQ3MtNE\" data-type=\"v3\" data-action=\"Form\" data-badge=\"bottomright\" data-size=\"invisible\"><\/div><\/div>\t\t\t\t<\/div>\n\t\t\t\t\t\t\t\t<div class=\"elementor-field-type-text\">\n\t\t\t\t\t<input size=\"1\" type=\"text\" name=\"form_fields[field_2bf53ba]\" id=\"form-field-field_2bf53ba\" class=\"elementor-field elementor-size-sm \" style=\"display:none !important;\">\t\t\t\t<\/div>\n\t\t\t\t\t\t\t\t<div class=\"elementor-field-group elementor-column elementor-field-type-submit elementor-col-25 e-form__buttons\">\n\t\t\t\t\t<button class=\"elementor-button elementor-size-sm\" type=\"submit\">\n\t\t\t\t\t\t<span class=\"elementor-button-content-wrapper\">\n\t\t\t\t\t\t\t\t\t\t\t\t\t\t\t\t\t\t\t\t\t\t<span class=\"elementor-button-text\">Enviar<\/span>\n\t\t\t\t\t\t\t\t\t\t\t\t\t<\/span>\n\t\t\t\t\t<\/button>\n\t\t\t\t<\/div>\n\t\t\t<\/div>\n\t\t<\/form>\n\t\t\t\t\t\t<\/div>\n\t\t\t\t<\/div>\n\t\t\t\t\t<\/div>\n\t\t\t\t<\/div>\n\t\t\t\t<\/div>\n\t\t","protected":false},"excerpt":{"rendered":"<p>Si desea formar parte del Centro Internacional Permanente Nueva Escuela de Pol\u00edtica Econ\u00f3mica (CIPPE) para contribuir al dise\u00f1o de un nuevo Paradigma de Intervenci\u00f3n Econ\u00f3mica rellene el siguiente formulario: SOLICITUD AUTORIZACI\u00d3N PARA PARTICIPAR Y SER MIEMBRO:<\/p>\n","protected":false},"author":7,"featured_media":0,"parent":2656,"menu_order":0,"comment_status":"closed","ping_status":"closed","template":"","meta":{"footnotes":""},"class_list":["post-2657","page","type-page","status-publish","hentry"],"yoast_head":"<!-- This site is optimized with the Yoast SEO plugin v25.2 - https:\/\/yoast.com\/wordpress\/plugins\/seo\/ -->\n<title>Inscripci\u00f3n CIPPE - Modelo ECSMEC<\/title>\n<meta name=\"description\" content=\"Solicitud de inscripci\u00f3n para el Congreso Internacional Permanente de la Nueva Escuela de Pol\u00edtica Econ\u00f3mica\" \/>\n<meta name=\"robots\" content=\"index, follow, max-snippet:-1, max-image-preview:large, max-video-preview:-1\" \/>\n<link rel=\"canonical\" href=\"https:\/\/grupo.us.es\/modeloecsmec\/solicitudes-inscripcion\/inscripcion-cippe\/\" \/>\n<meta property=\"og:locale\" content=\"es_ES\" \/>\n<meta property=\"og:type\" content=\"article\" \/>\n<meta property=\"og:title\" content=\"Inscripci\u00f3n CIPPE - Modelo ECSMEC\" \/>\n<meta property=\"og:description\" content=\"Solicitud de inscripci\u00f3n para el Congreso Internacional Permanente de la Nueva Escuela de Pol\u00edtica Econ\u00f3mica\" \/>\n<meta property=\"og:url\" content=\"https:\/\/grupo.us.es\/modeloecsmec\/solicitudes-inscripcion\/inscripcion-cippe\/\" \/>\n<meta property=\"og:site_name\" content=\"Modelo ECSMEC\" \/>\n<meta property=\"article:modified_time\" content=\"2025-09-06T15:05:22+00:00\" \/>\n<meta name=\"twitter:card\" content=\"summary_large_image\" \/>\n<meta name=\"twitter:label1\" content=\"Tiempo de lectura\" \/>\n\t<meta name=\"twitter:data1\" content=\"1 minuto\" \/>\n<script type=\"application\/ld+json\" class=\"yoast-schema-graph\">{\"@context\":\"https:\/\/schema.org\",\"@graph\":[{\"@type\":\"WebPage\",\"@id\":\"https:\/\/grupo.us.es\/modeloecsmec\/solicitudes-inscripcion\/inscripcion-cippe\/\",\"url\":\"https:\/\/grupo.us.es\/modeloecsmec\/solicitudes-inscripcion\/inscripcion-cippe\/\",\"name\":\"Inscripci\u00f3n CIPPE - Modelo ECSMEC\",\"isPartOf\":{\"@id\":\"https:\/\/grupo.us.es\/modeloecsmec\/#website\"},\"datePublished\":\"2024-10-29T08:55:39+00:00\",\"dateModified\":\"2025-09-06T15:05:22+00:00\",\"description\":\"Solicitud de inscripci\u00f3n para el Congreso Internacional Permanente de la Nueva Escuela de Pol\u00edtica Econ\u00f3mica\",\"breadcrumb\":{\"@id\":\"https:\/\/grupo.us.es\/modeloecsmec\/solicitudes-inscripcion\/inscripcion-cippe\/#breadcrumb\"},\"inLanguage\":\"es\",\"potentialAction\":[{\"@type\":\"ReadAction\",\"target\":[\"https:\/\/grupo.us.es\/modeloecsmec\/solicitudes-inscripcion\/inscripcion-cippe\/\"]}]},{\"@type\":\"BreadcrumbList\",\"@id\":\"https:\/\/grupo.us.es\/modeloecsmec\/solicitudes-inscripcion\/inscripcion-cippe\/#breadcrumb\",\"itemListElement\":[{\"@type\":\"ListItem\",\"position\":1,\"name\":\"Solicitudes \/ Inscripci\u00f3n\",\"item\":\"https:\/\/grupo.us.es\/modeloecsmec\/solicitudes-inscripcion\/\"},{\"@type\":\"ListItem\",\"position\":2,\"name\":\"Inscripci\u00f3n CIPPE\"}]},{\"@type\":\"WebSite\",\"@id\":\"https:\/\/grupo.us.es\/modeloecsmec\/#website\",\"url\":\"https:\/\/grupo.us.es\/modeloecsmec\/\",\"name\":\"Modelo ECSMEC\",\"description\":\"Nueva Escuela de Pol\u00edtica Econ\u00f3mica\",\"publisher\":{\"@id\":\"https:\/\/grupo.us.es\/modeloecsmec\/#organization\"},\"potentialAction\":[{\"@type\":\"SearchAction\",\"target\":{\"@type\":\"EntryPoint\",\"urlTemplate\":\"https:\/\/grupo.us.es\/modeloecsmec\/?s={search_term_string}\"},\"query-input\":{\"@type\":\"PropertyValueSpecification\",\"valueRequired\":true,\"valueName\":\"search_term_string\"}}],\"inLanguage\":\"es\"},{\"@type\":\"Organization\",\"@id\":\"https:\/\/grupo.us.es\/modeloecsmec\/#organization\",\"name\":\"Modelo ECSMEC\",\"url\":\"https:\/\/grupo.us.es\/modeloecsmec\/\",\"logo\":{\"@type\":\"ImageObject\",\"inLanguage\":\"es\",\"@id\":\"https:\/\/grupo.us.es\/modeloecsmec\/#\/schema\/logo\/image\/\",\"url\":\"https:\/\/grupo.us.es\/modeloecsmec\/wp-content\/uploads\/2025\/09\/Logo-Centro-Internacional-e1757169811528.png\",\"contentUrl\":\"https:\/\/grupo.us.es\/modeloecsmec\/wp-content\/uploads\/2025\/09\/Logo-Centro-Internacional-e1757169811528.png\",\"width\":500,\"height\":238,\"caption\":\"Modelo ECSMEC\"},\"image\":{\"@id\":\"https:\/\/grupo.us.es\/modeloecsmec\/#\/schema\/logo\/image\/\"}}]}<\/script>\n<!-- \/ Yoast SEO plugin. -->","yoast_head_json":{"title":"Inscripci\u00f3n CIPPE - Modelo ECSMEC","description":"Solicitud de inscripci\u00f3n para el Congreso Internacional Permanente de la Nueva Escuela de Pol\u00edtica Econ\u00f3mica","robots":{"index":"index","follow":"follow","max-snippet":"max-snippet:-1","max-image-preview":"max-image-preview:large","max-video-preview":"max-video-preview:-1"},"canonical":"https:\/\/grupo.us.es\/modeloecsmec\/solicitudes-inscripcion\/inscripcion-cippe\/","og_locale":"es_ES","og_type":"article","og_title":"Inscripci\u00f3n CIPPE - Modelo ECSMEC","og_description":"Solicitud de inscripci\u00f3n para el Congreso Internacional Permanente de la Nueva Escuela de Pol\u00edtica Econ\u00f3mica","og_url":"https:\/\/grupo.us.es\/modeloecsmec\/solicitudes-inscripcion\/inscripcion-cippe\/","og_site_name":"Modelo ECSMEC","article_modified_time":"2025-09-06T15:05:22+00:00","twitter_card":"summary_large_image","twitter_misc":{"Tiempo de lectura":"1 minuto"},"schema":{"@context":"https:\/\/schema.org","@graph":[{"@type":"WebPage","@id":"https:\/\/grupo.us.es\/modeloecsmec\/solicitudes-inscripcion\/inscripcion-cippe\/","url":"https:\/\/grupo.us.es\/modeloecsmec\/solicitudes-inscripcion\/inscripcion-cippe\/","name":"Inscripci\u00f3n CIPPE - Modelo ECSMEC","isPartOf":{"@id":"https:\/\/grupo.us.es\/modeloecsmec\/#website"},"datePublished":"2024-10-29T08:55:39+00:00","dateModified":"2025-09-06T15:05:22+00:00","description":"Solicitud de inscripci\u00f3n para el Congreso Internacional Permanente de la Nueva Escuela de Pol\u00edtica Econ\u00f3mica","breadcrumb":{"@id":"https:\/\/grupo.us.es\/modeloecsmec\/solicitudes-inscripcion\/inscripcion-cippe\/#breadcrumb"},"inLanguage":"es","potentialAction":[{"@type":"ReadAction","target":["https:\/\/grupo.us.es\/modeloecsmec\/solicitudes-inscripcion\/inscripcion-cippe\/"]}]},{"@type":"BreadcrumbList","@id":"https:\/\/grupo.us.es\/modeloecsmec\/solicitudes-inscripcion\/inscripcion-cippe\/#breadcrumb","itemListElement":[{"@type":"ListItem","position":1,"name":"Solicitudes \/ Inscripci\u00f3n","item":"https:\/\/grupo.us.es\/modeloecsmec\/solicitudes-inscripcion\/"},{"@type":"ListItem","position":2,"name":"Inscripci\u00f3n CIPPE"}]},{"@type":"WebSite","@id":"https:\/\/grupo.us.es\/modeloecsmec\/#website","url":"https:\/\/grupo.us.es\/modeloecsmec\/","name":"Modelo ECSMEC","description":"Nueva Escuela de Pol\u00edtica Econ\u00f3mica","publisher":{"@id":"https:\/\/grupo.us.es\/modeloecsmec\/#organization"},"potentialAction":[{"@type":"SearchAction","target":{"@type":"EntryPoint","urlTemplate":"https:\/\/grupo.us.es\/modeloecsmec\/?s={search_term_string}"},"query-input":{"@type":"PropertyValueSpecification","valueRequired":true,"valueName":"search_term_string"}}],"inLanguage":"es"},{"@type":"Organization","@id":"https:\/\/grupo.us.es\/modeloecsmec\/#organization","name":"Modelo ECSMEC","url":"https:\/\/grupo.us.es\/modeloecsmec\/","logo":{"@type":"ImageObject","inLanguage":"es","@id":"https:\/\/grupo.us.es\/modeloecsmec\/#\/schema\/logo\/image\/","url":"https:\/\/grupo.us.es\/modeloecsmec\/wp-content\/uploads\/2025\/09\/Logo-Centro-Internacional-e1757169811528.png","contentUrl":"https:\/\/grupo.us.es\/modeloecsmec\/wp-content\/uploads\/2025\/09\/Logo-Centro-Internacional-e1757169811528.png","width":500,"height":238,"caption":"Modelo ECSMEC"},"image":{"@id":"https:\/\/grupo.us.es\/modeloecsmec\/#\/schema\/logo\/image\/"}}]}},"_links":{"self":[{"href":"https:\/\/grupo.us.es\/modeloecsmec\/wp-json\/wp\/v2\/pages\/2657","targetHints":{"allow":["GET"]}}],"collection":[{"href":"https:\/\/grupo.us.es\/modeloecsmec\/wp-json\/wp\/v2\/pages"}],"about":[{"href":"https:\/\/grupo.us.es\/modeloecsmec\/wp-json\/wp\/v2\/types\/page"}],"author":[{"embeddable":true,"href":"https:\/\/grupo.us.es\/modeloecsmec\/wp-json\/wp\/v2\/users\/7"}],"replies":[{"embeddable":true,"href":"https:\/\/grupo.us.es\/modeloecsmec\/wp-json\/wp\/v2\/comments?post=2657"}],"version-history":[{"count":0,"href":"https:\/\/grupo.us.es\/modeloecsmec\/wp-json\/wp\/v2\/pages\/2657\/revisions"}],"up":[{"embeddable":true,"href":"https:\/\/grupo.us.es\/modeloecsmec\/wp-json\/wp\/v2\/pages\/2656"}],"wp:attachment":[{"href":"https:\/\/grupo.us.es\/modeloecsmec\/wp-json\/wp\/v2\/media?parent=2657"}],"curies":[{"name":"wp","href":"https:\/\/api.w.org\/{rel}","templated":true}]}}