{"id":2655,"date":"2024-10-29T09:54:27","date_gmt":"2024-10-29T08:54:27","guid":{"rendered":"https:\/\/grupo.us.es\/modeloecsmec\/?page_id=2655"},"modified":"2024-11-21T09:21:52","modified_gmt":"2024-11-21T08:21:52","slug":"novedades-investigacion","status":"publish","type":"page","link":"https:\/\/grupo.us.es\/modeloecsmec\/novedades-investigacion\/","title":{"rendered":"Novedades Investigaci\u00f3n"},"content":{"rendered":"\t\t<div data-elementor-type=\"wp-page\" data-elementor-id=\"2655\" class=\"elementor elementor-2655\" data-elementor-post-type=\"page\">\n\t\t\t\t<div class=\"elementor-element elementor-element-e6f9a86 animated-slow e-flex e-con-boxed elementor-invisible e-con e-parent\" data-id=\"e6f9a86\" data-element_type=\"container\" data-settings=\"{&quot;animation&quot;:&quot;fadeIn&quot;}\">\n\t\t\t\t\t<div class=\"e-con-inner\">\n\t\t\t\t<div class=\"elementor-element elementor-element-cce7da2 elementor-widget elementor-widget-heading\" data-id=\"cce7da2\" data-element_type=\"widget\" data-widget_type=\"heading.default\">\n\t\t\t\t<div class=\"elementor-widget-container\">\n\t\t\t\t\t<h4 class=\"elementor-heading-title elementor-size-default\">Novedades sobre el nuevo paradigma econ\u00f3mico:<\/h4>\t\t\t\t<\/div>\n\t\t\t\t<\/div>\n\t\t\t\t<div class=\"elementor-element elementor-element-24e5b78 elementor-posts--align-left elementor-grid-4 elementor-grid-tablet-2 elementor-grid-mobile-1 elementor-posts--thumbnail-top elementor-widget elementor-widget-posts\" data-id=\"24e5b78\" data-element_type=\"widget\" data-settings=\"{&quot;pagination_type&quot;:&quot;numbers_and_prev_next&quot;,&quot;classic_columns&quot;:&quot;4&quot;,&quot;classic_columns_tablet&quot;:&quot;2&quot;,&quot;classic_columns_mobile&quot;:&quot;1&quot;,&quot;classic_row_gap&quot;:{&quot;unit&quot;:&quot;px&quot;,&quot;size&quot;:35,&quot;sizes&quot;:[]},&quot;classic_row_gap_tablet&quot;:{&quot;unit&quot;:&quot;px&quot;,&quot;size&quot;:&quot;&quot;,&quot;sizes&quot;:[]},&quot;classic_row_gap_mobile&quot;:{&quot;unit&quot;:&quot;px&quot;,&quot;size&quot;:&quot;&quot;,&quot;sizes&quot;:[]}}\" data-widget_type=\"posts.classic\">\n\t\t\t\t<div class=\"elementor-widget-container\">\n\t\t\t\t\t\t\t<div class=\"elementor-posts-container elementor-posts elementor-posts--skin-classic elementor-grid\">\n\t\t\t\t<article class=\"elementor-post elementor-grid-item post-2764 post type-post status-publish format-standard has-post-thumbnail hentry category-novedades-npe\">\n\t\t\t\t<a class=\"elementor-post__thumbnail__link\" href=\"https:\/\/grupo.us.es\/modeloecsmec\/2024\/11\/06\/novedades-sobre-el-nuevo-paradigma-economico-4\/\" tabindex=\"-1\" >\n\t\t\t<div class=\"elementor-post__thumbnail\"><img fetchpriority=\"high\" decoding=\"async\" width=\"1280\" height=\"853\" src=\"https:\/\/grupo.us.es\/modeloecsmec\/wp-content\/uploads\/2024\/11\/room-1489768_1280.jpg\" class=\"attachment-medium size-medium wp-image-2763\" alt=\"\" \/><\/div>\n\t\t<\/a>\n\t\t\t\t<div class=\"elementor-post__text\">\n\t\t\t\t<h3 class=\"elementor-post__title\">\n\t\t\t<a href=\"https:\/\/grupo.us.es\/modeloecsmec\/2024\/11\/06\/novedades-sobre-el-nuevo-paradigma-economico-4\/\" >\n\t\t\t\tNovedades sobre el nuevo paradigma econ\u00f3mico 4\t\t\t<\/a>\n\t\t<\/h3>\n\t\t\t\t<div class=\"elementor-post__meta-data\">\n\t\t\t\t\t<span class=\"elementor-post-date\">\n\t\t\t6 de noviembre de 2024\t\t<\/span>\n\t\t\t\t<\/div>\n\t\t\t\t<div class=\"elementor-post__excerpt\">\n\t\t\t<p>L-<\/p>\n\t\t<\/div>\n\t\t\n\t\t<a class=\"elementor-post__read-more\" href=\"https:\/\/grupo.us.es\/modeloecsmec\/2024\/11\/06\/novedades-sobre-el-nuevo-paradigma-economico-4\/\" aria-label=\"M\u00e1s informaci\u00f3n sobre Novedades sobre el nuevo paradigma econ\u00f3mico 4\" tabindex=\"-1\" >\n\t\t\tLeer m\u00e1s \u00bb\t\t<\/a>\n\n\t\t\t\t<\/div>\n\t\t\t\t<\/article>\n\t\t\t\t<article class=\"elementor-post elementor-grid-item post-2718 post type-post status-publish format-standard has-post-thumbnail hentry category-novedades-npe\">\n\t\t\t\t<a class=\"elementor-post__thumbnail__link\" href=\"https:\/\/grupo.us.es\/modeloecsmec\/2024\/10\/30\/novedades-sobre-el-nuevo-paradigma-economico-3\/\" tabindex=\"-1\" >\n\t\t\t<div class=\"elementor-post__thumbnail\"><img decoding=\"async\" width=\"853\" height=\"1280\" src=\"https:\/\/grupo.us.es\/modeloecsmec\/wp-content\/uploads\/2024\/10\/skyscrapers-639339_1280.jpg\" class=\"attachment-medium size-medium wp-image-2719\" alt=\"\" \/><\/div>\n\t\t<\/a>\n\t\t\t\t<div class=\"elementor-post__text\">\n\t\t\t\t<h3 class=\"elementor-post__title\">\n\t\t\t<a href=\"https:\/\/grupo.us.es\/modeloecsmec\/2024\/10\/30\/novedades-sobre-el-nuevo-paradigma-economico-3\/\" >\n\t\t\t\tNovedades sobre el nuevo paradigma econ\u00f3mico 3\t\t\t<\/a>\n\t\t<\/h3>\n\t\t\t\t<div class=\"elementor-post__meta-data\">\n\t\t\t\t\t<span class=\"elementor-post-date\">\n\t\t\t30 de octubre de 2024\t\t<\/span>\n\t\t\t\t<\/div>\n\t\t\t\t<div class=\"elementor-post__excerpt\">\n\t\t\t<p>&#8211;<\/p>\n\t\t<\/div>\n\t\t\n\t\t<a class=\"elementor-post__read-more\" href=\"https:\/\/grupo.us.es\/modeloecsmec\/2024\/10\/30\/novedades-sobre-el-nuevo-paradigma-economico-3\/\" aria-label=\"M\u00e1s informaci\u00f3n sobre Novedades sobre el nuevo paradigma econ\u00f3mico 3\" tabindex=\"-1\" >\n\t\t\tLeer m\u00e1s \u00bb\t\t<\/a>\n\n\t\t\t\t<\/div>\n\t\t\t\t<\/article>\n\t\t\t\t<article class=\"elementor-post elementor-grid-item post-2717 post type-post status-publish format-standard has-post-thumbnail hentry category-novedades-npe\">\n\t\t\t\t<a class=\"elementor-post__thumbnail__link\" href=\"https:\/\/grupo.us.es\/modeloecsmec\/2024\/10\/30\/novedades-sobre-el-nuevo-paradigma-economico-2\/\" tabindex=\"-1\" >\n\t\t\t<div class=\"elementor-post__thumbnail\"><img decoding=\"async\" width=\"1854\" height=\"2717\" src=\"https:\/\/grupo.us.es\/modeloecsmec\/wp-content\/uploads\/2025\/01\/primera_cub_ingles-1.jpg\" class=\"attachment-medium size-medium wp-image-2883\" alt=\"\" \/><\/div>\n\t\t<\/a>\n\t\t\t\t<div class=\"elementor-post__text\">\n\t\t\t\t<h3 class=\"elementor-post__title\">\n\t\t\t<a href=\"https:\/\/grupo.us.es\/modeloecsmec\/2024\/10\/30\/novedades-sobre-el-nuevo-paradigma-economico-2\/\" >\n\t\t\t\tNovedades sobre el nuevo paradigma econ\u00f3mico 2\t\t\t<\/a>\n\t\t<\/h3>\n\t\t\t\t<div class=\"elementor-post__meta-data\">\n\t\t\t\t\t<span class=\"elementor-post-date\">\n\t\t\t30 de octubre de 2024\t\t<\/span>\n\t\t\t\t<\/div>\n\t\t\t\t<div class=\"elementor-post__excerpt\">\n\t\t\t<p>Traducci\u00f3n al ingl\u00e9s editado<\/p>\n\t\t<\/div>\n\t\t\n\t\t<a class=\"elementor-post__read-more\" href=\"https:\/\/grupo.us.es\/modeloecsmec\/2024\/10\/30\/novedades-sobre-el-nuevo-paradigma-economico-2\/\" aria-label=\"M\u00e1s informaci\u00f3n sobre Novedades sobre el nuevo paradigma econ\u00f3mico 2\" tabindex=\"-1\" >\n\t\t\tLeer m\u00e1s \u00bb\t\t<\/a>\n\n\t\t\t\t<\/div>\n\t\t\t\t<\/article>\n\t\t\t\t<article class=\"elementor-post elementor-grid-item post-2711 post type-post status-publish format-standard has-post-thumbnail hentry category-novedades-npe\">\n\t\t\t\t<a class=\"elementor-post__thumbnail__link\" href=\"https:\/\/grupo.us.es\/modeloecsmec\/2024\/10\/30\/novedades-sobre-el-nuevo-paradigma-economico1\/\" tabindex=\"-1\" >\n\t\t\t<div class=\"elementor-post__thumbnail\"><img loading=\"lazy\" decoding=\"async\" width=\"249\" height=\"338\" src=\"https:\/\/grupo.us.es\/modeloecsmec\/wp-content\/uploads\/2024\/11\/relevancia-y-beneficios.png\" class=\"attachment-medium size-medium wp-image-2756\" alt=\"\" \/><\/div>\n\t\t<\/a>\n\t\t\t\t<div class=\"elementor-post__text\">\n\t\t\t\t<h3 class=\"elementor-post__title\">\n\t\t\t<a href=\"https:\/\/grupo.us.es\/modeloecsmec\/2024\/10\/30\/novedades-sobre-el-nuevo-paradigma-economico1\/\" >\n\t\t\t\tNovedades sobre el nuevo paradigma econ\u00f3mico1\t\t\t<\/a>\n\t\t<\/h3>\n\t\t\t\t<div class=\"elementor-post__meta-data\">\n\t\t\t\t\t<span class=\"elementor-post-date\">\n\t\t\t30 de octubre de 2024\t\t<\/span>\n\t\t\t\t<\/div>\n\t\t\t\t<div class=\"elementor-post__excerpt\">\n\t\t\t<p>TASA DE RETORNO DEL DINERO E \u00cdNDICE DE ACUMULACI\u00d3N DE LA LIQUIDEZ Hay dos elementos nuevos que se han incorporado recientemente y que no aparecen en el libro: El modelo<\/p>\n\t\t<\/div>\n\t\t\n\t\t<a class=\"elementor-post__read-more\" href=\"https:\/\/grupo.us.es\/modeloecsmec\/2024\/10\/30\/novedades-sobre-el-nuevo-paradigma-economico1\/\" aria-label=\"M\u00e1s informaci\u00f3n sobre Novedades sobre el nuevo paradigma econ\u00f3mico1\" tabindex=\"-1\" >\n\t\t\tLeer m\u00e1s \u00bb\t\t<\/a>\n\n\t\t\t\t<\/div>\n\t\t\t\t<\/article>\n\t\t\t\t<\/div>\n\t\t\n\t\t\t\t\t\t<\/div>\n\t\t\t\t<\/div>\n\t\t\t\t<div class=\"elementor-element elementor-element-11294df elementor-align-right elementor-widget elementor-widget-button\" data-id=\"11294df\" data-element_type=\"widget\" data-widget_type=\"button.default\">\n\t\t\t\t<div class=\"elementor-widget-container\">\n\t\t\t\t\t\t\t\t\t<div class=\"elementor-button-wrapper\">\n\t\t\t\t\t<a class=\"elementor-button elementor-button-link elementor-size-sm\" href=\"https:\/\/grupo.us.es\/modeloecsmec\/novedades-investigacion\/novedades-sobre-el-nuevo-paradigma-economico\/\">\n\t\t\t\t\t\t<span class=\"elementor-button-content-wrapper\">\n\t\t\t\t\t\t\t\t\t<span class=\"elementor-button-text\">Ver todas >><\/span>\n\t\t\t\t\t<\/span>\n\t\t\t\t\t<\/a>\n\t\t\t\t<\/div>\n\t\t\t\t\t\t\t\t<\/div>\n\t\t\t\t<\/div>\n\t\t\t\t\t<\/div>\n\t\t\t\t<\/div>\n\t\t<div class=\"elementor-element elementor-element-82984bd animated-slow e-flex e-con-boxed elementor-invisible e-con e-parent\" data-id=\"82984bd\" data-element_type=\"container\" data-settings=\"{&quot;animation&quot;:&quot;fadeIn&quot;}\">\n\t\t\t\t\t<div class=\"e-con-inner\">\n\t\t\t\t<div class=\"elementor-element elementor-element-aa2edca elementor-widget elementor-widget-heading\" data-id=\"aa2edca\" data-element_type=\"widget\" data-widget_type=\"heading.default\">\n\t\t\t\t<div class=\"elementor-widget-container\">\n\t\t\t\t\t<h4 class=\"elementor-heading-title elementor-size-default\">Novedades sobre el funcionamiento y futuro de la Nueva Escuela de Pol\u00edtica Econ\u00f3mica:<\/h4>\t\t\t\t<\/div>\n\t\t\t\t<\/div>\n\t\t\t\t<div class=\"elementor-element elementor-element-c48281d elementor-posts--align-left elementor-grid-4 elementor-grid-tablet-2 elementor-grid-mobile-1 elementor-posts--thumbnail-top elementor-widget elementor-widget-posts\" data-id=\"c48281d\" data-element_type=\"widget\" data-settings=\"{&quot;pagination_type&quot;:&quot;numbers_and_prev_next&quot;,&quot;classic_columns&quot;:&quot;4&quot;,&quot;classic_columns_tablet&quot;:&quot;2&quot;,&quot;classic_columns_mobile&quot;:&quot;1&quot;,&quot;classic_row_gap&quot;:{&quot;unit&quot;:&quot;px&quot;,&quot;size&quot;:35,&quot;sizes&quot;:[]},&quot;classic_row_gap_tablet&quot;:{&quot;unit&quot;:&quot;px&quot;,&quot;size&quot;:&quot;&quot;,&quot;sizes&quot;:[]},&quot;classic_row_gap_mobile&quot;:{&quot;unit&quot;:&quot;px&quot;,&quot;size&quot;:&quot;&quot;,&quot;sizes&quot;:[]}}\" data-widget_type=\"posts.classic\">\n\t\t\t\t<div class=\"elementor-widget-container\">\n\t\t\t\t\t\t\t<div class=\"elementor-posts-container elementor-posts elementor-posts--skin-classic elementor-grid\">\n\t\t\t\t<article class=\"elementor-post elementor-grid-item post-2768 post type-post status-publish format-standard has-post-thumbnail hentry category-novedades-funcionamiento-y-futuro\">\n\t\t\t\t<a class=\"elementor-post__thumbnail__link\" href=\"https:\/\/grupo.us.es\/modeloecsmec\/2024\/11\/06\/novedades-sobre-el-funcionamiento-y-futuro-de-la-nueva-escuela-de-politica-economica-4\/\" tabindex=\"-1\" >\n\t\t\t<div class=\"elementor-post__thumbnail\"><img fetchpriority=\"high\" decoding=\"async\" width=\"1280\" height=\"853\" src=\"https:\/\/grupo.us.es\/modeloecsmec\/wp-content\/uploads\/2024\/11\/room-1489768_1280.jpg\" class=\"attachment-medium size-medium wp-image-2763\" alt=\"\" \/><\/div>\n\t\t<\/a>\n\t\t\t\t<div class=\"elementor-post__text\">\n\t\t\t\t<h3 class=\"elementor-post__title\">\n\t\t\t<a href=\"https:\/\/grupo.us.es\/modeloecsmec\/2024\/11\/06\/novedades-sobre-el-funcionamiento-y-futuro-de-la-nueva-escuela-de-politica-economica-4\/\" >\n\t\t\t\tNovedades sobre el funcionamiento y futuro de la Nueva Escuela de Pol\u00edtica Econ\u00f3mica 4\t\t\t<\/a>\n\t\t<\/h3>\n\t\t\t\t<div class=\"elementor-post__meta-data\">\n\t\t\t\t\t<span class=\"elementor-post-date\">\n\t\t\t6 de noviembre de 2024\t\t<\/span>\n\t\t\t\t<\/div>\n\t\t\t\t<div class=\"elementor-post__excerpt\">\n\t\t\t<p>ACLARACIONES SOBRE LA INFORMACI\u00d3N REMITIDA DEL CONGRESO INTERNACIONAL PERMANENTE NUEVA ESCUELA DE POL\u00cdTICA ECON\u00d3MICA (IV) &nbsp; Este nuevo paradigma ya iniciado, est\u00e1 abierto a las nuevas aportaciones en diferentes sentidos:<\/p>\n\t\t<\/div>\n\t\t\n\t\t<a class=\"elementor-post__read-more\" href=\"https:\/\/grupo.us.es\/modeloecsmec\/2024\/11\/06\/novedades-sobre-el-funcionamiento-y-futuro-de-la-nueva-escuela-de-politica-economica-4\/\" aria-label=\"M\u00e1s informaci\u00f3n sobre Novedades sobre el funcionamiento y futuro de la Nueva Escuela de Pol\u00edtica Econ\u00f3mica 4\" tabindex=\"-1\" >\n\t\t\tLeer m\u00e1s \u00bb\t\t<\/a>\n\n\t\t\t\t<\/div>\n\t\t\t\t<\/article>\n\t\t\t\t<article class=\"elementor-post elementor-grid-item post-2767 post type-post status-publish format-standard has-post-thumbnail hentry category-novedades-funcionamiento-y-futuro\">\n\t\t\t\t<a class=\"elementor-post__thumbnail__link\" href=\"https:\/\/grupo.us.es\/modeloecsmec\/2024\/11\/06\/novedades-sobre-el-funcionamiento-y-futuro-de-la-nueva-escuela-de-politica-economica-3\/\" tabindex=\"-1\" >\n\t\t\t<div class=\"elementor-post__thumbnail\"><img decoding=\"async\" width=\"853\" height=\"1280\" src=\"https:\/\/grupo.us.es\/modeloecsmec\/wp-content\/uploads\/2024\/10\/skyscrapers-639339_1280.jpg\" class=\"attachment-medium size-medium wp-image-2719\" alt=\"\" \/><\/div>\n\t\t<\/a>\n\t\t\t\t<div class=\"elementor-post__text\">\n\t\t\t\t<h3 class=\"elementor-post__title\">\n\t\t\t<a href=\"https:\/\/grupo.us.es\/modeloecsmec\/2024\/11\/06\/novedades-sobre-el-funcionamiento-y-futuro-de-la-nueva-escuela-de-politica-economica-3\/\" >\n\t\t\t\tNovedades sobre el funcionamiento y futuro de la Nueva Escuela de Pol\u00edtica Econ\u00f3mica 3\t\t\t<\/a>\n\t\t<\/h3>\n\t\t\t\t<div class=\"elementor-post__meta-data\">\n\t\t\t\t\t<span class=\"elementor-post-date\">\n\t\t\t6 de noviembre de 2024\t\t<\/span>\n\t\t\t\t<\/div>\n\t\t\t\t<div class=\"elementor-post__excerpt\">\n\t\t\t<p>ACLARACIONES SOBRE LA INFORMACI\u00d3N REMITIDA DEL CONGRESO INTERNACIONAL PERMANENTE NUEVA ESCUELA DE POL\u00cdTICA ECON\u00d3MICA (III) Al plantear el Modelo ECS-MEC implica que existe un nuevo paradigma de Pol\u00edtica Econ\u00f3mica con<\/p>\n\t\t<\/div>\n\t\t\n\t\t<a class=\"elementor-post__read-more\" href=\"https:\/\/grupo.us.es\/modeloecsmec\/2024\/11\/06\/novedades-sobre-el-funcionamiento-y-futuro-de-la-nueva-escuela-de-politica-economica-3\/\" aria-label=\"M\u00e1s informaci\u00f3n sobre Novedades sobre el funcionamiento y futuro de la Nueva Escuela de Pol\u00edtica Econ\u00f3mica 3\" tabindex=\"-1\" >\n\t\t\tLeer m\u00e1s \u00bb\t\t<\/a>\n\n\t\t\t\t<\/div>\n\t\t\t\t<\/article>\n\t\t\t\t<article class=\"elementor-post elementor-grid-item post-2766 post type-post status-publish format-standard has-post-thumbnail hentry category-novedades-funcionamiento-y-futuro\">\n\t\t\t\t<a class=\"elementor-post__thumbnail__link\" href=\"https:\/\/grupo.us.es\/modeloecsmec\/2024\/11\/06\/novedades-sobre-el-funcionamiento-y-futuro-de-la-nueva-escuela-de-politica-economica-2\/\" tabindex=\"-1\" >\n\t\t\t<div class=\"elementor-post__thumbnail\"><img loading=\"lazy\" decoding=\"async\" width=\"851\" height=\"1280\" src=\"https:\/\/grupo.us.es\/modeloecsmec\/wp-content\/uploads\/2024\/10\/diagrams-5146203_1280.jpg\" class=\"attachment-medium size-medium wp-image-2721\" alt=\"\" \/><\/div>\n\t\t<\/a>\n\t\t\t\t<div class=\"elementor-post__text\">\n\t\t\t\t<h3 class=\"elementor-post__title\">\n\t\t\t<a href=\"https:\/\/grupo.us.es\/modeloecsmec\/2024\/11\/06\/novedades-sobre-el-funcionamiento-y-futuro-de-la-nueva-escuela-de-politica-economica-2\/\" >\n\t\t\t\tNovedades sobre el funcionamiento y futuro de la Nueva Escuela de Pol\u00edtica Econ\u00f3mica 2\t\t\t<\/a>\n\t\t<\/h3>\n\t\t\t\t<div class=\"elementor-post__meta-data\">\n\t\t\t\t\t<span class=\"elementor-post-date\">\n\t\t\t6 de noviembre de 2024\t\t<\/span>\n\t\t\t\t<\/div>\n\t\t\t\t<div class=\"elementor-post__excerpt\">\n\t\t\t<p>ACLARACIONES SOBRE LA INFORMACI\u00d3N REMITIDA DEL CONGRESO INTERNACIONAL PERMANENTE NUEVA ESCUELA DE POL\u00cdTICA ECON\u00d3MICA (II) La Nueva Escuela de Pol\u00edtica Econ\u00f3mica es un reto iniciado en torno a un nuevo<\/p>\n\t\t<\/div>\n\t\t\n\t\t<a class=\"elementor-post__read-more\" href=\"https:\/\/grupo.us.es\/modeloecsmec\/2024\/11\/06\/novedades-sobre-el-funcionamiento-y-futuro-de-la-nueva-escuela-de-politica-economica-2\/\" aria-label=\"M\u00e1s informaci\u00f3n sobre Novedades sobre el funcionamiento y futuro de la Nueva Escuela de Pol\u00edtica Econ\u00f3mica 2\" tabindex=\"-1\" >\n\t\t\tLeer m\u00e1s \u00bb\t\t<\/a>\n\n\t\t\t\t<\/div>\n\t\t\t\t<\/article>\n\t\t\t\t<article class=\"elementor-post elementor-grid-item post-2765 post type-post status-publish format-standard has-post-thumbnail hentry category-novedades-funcionamiento-y-futuro\">\n\t\t\t\t<a class=\"elementor-post__thumbnail__link\" href=\"https:\/\/grupo.us.es\/modeloecsmec\/2024\/11\/06\/novedades-sobre-el-funcionamiento-y-futuro-de-la-nueva-escuela-de-politica-economica-1\/\" tabindex=\"-1\" >\n\t\t\t<div class=\"elementor-post__thumbnail\"><img loading=\"lazy\" decoding=\"async\" width=\"1280\" height=\"905\" src=\"https:\/\/grupo.us.es\/modeloecsmec\/wp-content\/uploads\/2024\/10\/win-544953_1280.jpg\" class=\"attachment-medium size-medium wp-image-2712\" alt=\"\" \/><\/div>\n\t\t<\/a>\n\t\t\t\t<div class=\"elementor-post__text\">\n\t\t\t\t<h3 class=\"elementor-post__title\">\n\t\t\t<a href=\"https:\/\/grupo.us.es\/modeloecsmec\/2024\/11\/06\/novedades-sobre-el-funcionamiento-y-futuro-de-la-nueva-escuela-de-politica-economica-1\/\" >\n\t\t\t\tNovedades sobre el funcionamiento y futuro de la Nueva Escuela de Pol\u00edtica Econ\u00f3mica 1\t\t\t<\/a>\n\t\t<\/h3>\n\t\t\t\t<div class=\"elementor-post__meta-data\">\n\t\t\t\t\t<span class=\"elementor-post-date\">\n\t\t\t6 de noviembre de 2024\t\t<\/span>\n\t\t\t\t<\/div>\n\t\t\t\t<div class=\"elementor-post__excerpt\">\n\t\t\t<p>ACLARACIONES SOBRE LA INFORMACI\u00d3N REMITIDA DEL CONGRESO INTERNACIONAL PERMANENTE NUEVA ESCUELA DE POL\u00cdTICA ECON\u00d3MICA (I) Aclaraciones sobre los repositorios para que los miembros de la academia puedan tomar sus decisiones<\/p>\n\t\t<\/div>\n\t\t\n\t\t<a class=\"elementor-post__read-more\" href=\"https:\/\/grupo.us.es\/modeloecsmec\/2024\/11\/06\/novedades-sobre-el-funcionamiento-y-futuro-de-la-nueva-escuela-de-politica-economica-1\/\" aria-label=\"M\u00e1s informaci\u00f3n sobre Novedades sobre el funcionamiento y futuro de la Nueva Escuela de Pol\u00edtica Econ\u00f3mica 1\" tabindex=\"-1\" >\n\t\t\tLeer m\u00e1s \u00bb\t\t<\/a>\n\n\t\t\t\t<\/div>\n\t\t\t\t<\/article>\n\t\t\t\t<\/div>\n\t\t\n\t\t\t\t\t\t<\/div>\n\t\t\t\t<\/div>\n\t\t\t\t<div class=\"elementor-element elementor-element-3c2e7ea elementor-align-right elementor-widget elementor-widget-button\" data-id=\"3c2e7ea\" data-element_type=\"widget\" data-widget_type=\"button.default\">\n\t\t\t\t<div class=\"elementor-widget-container\">\n\t\t\t\t\t\t\t\t\t<div class=\"elementor-button-wrapper\">\n\t\t\t\t\t<a class=\"elementor-button elementor-button-link elementor-size-sm\" href=\"https:\/\/grupo.us.es\/modeloecsmec\/novedades-investigacion\/novedades-sobre-el-funcionamiento-y-futuro-de-la-nueva-escuela-de-politica-economica\/\">\n\t\t\t\t\t\t<span class=\"elementor-button-content-wrapper\">\n\t\t\t\t\t\t\t\t\t<span class=\"elementor-button-text\">Ver todas >><\/span>\n\t\t\t\t\t<\/span>\n\t\t\t\t\t<\/a>\n\t\t\t\t<\/div>\n\t\t\t\t\t\t\t\t<\/div>\n\t\t\t\t<\/div>\n\t\t\t\t\t<\/div>\n\t\t\t\t<\/div>\n\t\t\t\t<\/div>\n\t\t","protected":false},"excerpt":{"rendered":"<p>Novedades sobre el nuevo paradigma econ\u00f3mico: Ver todas &gt;&gt; Novedades sobre el funcionamiento y futuro de la Nueva Escuela de Pol\u00edtica Econ\u00f3mica: Ver todas &gt;&gt;<\/p>\n","protected":false},"author":7,"featured_media":0,"parent":0,"menu_order":0,"comment_status":"closed","ping_status":"closed","template":"","meta":{"footnotes":""},"class_list":["post-2655","page","type-page","status-publish","hentry"],"yoast_head":"<!-- This site is optimized with the Yoast SEO plugin v25.2 - https:\/\/yoast.com\/wordpress\/plugins\/seo\/ -->\n<title>Novedades Investigaci\u00f3n - Modelo ECSMEC<\/title>\n<meta name=\"robots\" content=\"index, follow, max-snippet:-1, max-image-preview:large, max-video-preview:-1\" \/>\n<link rel=\"canonical\" href=\"https:\/\/grupo.us.es\/modeloecsmec\/novedades-investigacion\/\" \/>\n<meta property=\"og:locale\" content=\"es_ES\" \/>\n<meta property=\"og:type\" content=\"article\" \/>\n<meta property=\"og:title\" content=\"Novedades Investigaci\u00f3n - Modelo ECSMEC\" \/>\n<meta property=\"og:description\" content=\"Novedades sobre el nuevo paradigma econ\u00f3mico: Ver todas &gt;&gt; Novedades sobre el funcionamiento y futuro de la Nueva Escuela de Pol\u00edtica Econ\u00f3mica: Ver todas &gt;&gt;\" \/>\n<meta property=\"og:url\" content=\"https:\/\/grupo.us.es\/modeloecsmec\/novedades-investigacion\/\" \/>\n<meta property=\"og:site_name\" content=\"Modelo ECSMEC\" \/>\n<meta property=\"article:modified_time\" content=\"2024-11-21T08:21:52+00:00\" \/>\n<meta name=\"twitter:card\" content=\"summary_large_image\" \/>\n<meta name=\"twitter:label1\" content=\"Tiempo de lectura\" \/>\n\t<meta name=\"twitter:data1\" content=\"1 minuto\" \/>\n<script type=\"application\/ld+json\" class=\"yoast-schema-graph\">{\"@context\":\"https:\/\/schema.org\",\"@graph\":[{\"@type\":\"WebPage\",\"@id\":\"https:\/\/grupo.us.es\/modeloecsmec\/novedades-investigacion\/\",\"url\":\"https:\/\/grupo.us.es\/modeloecsmec\/novedades-investigacion\/\",\"name\":\"Novedades Investigaci\u00f3n - Modelo ECSMEC\",\"isPartOf\":{\"@id\":\"https:\/\/grupo.us.es\/modeloecsmec\/#website\"},\"datePublished\":\"2024-10-29T08:54:27+00:00\",\"dateModified\":\"2024-11-21T08:21:52+00:00\",\"inLanguage\":\"es\",\"potentialAction\":[{\"@type\":\"ReadAction\",\"target\":[\"https:\/\/grupo.us.es\/modeloecsmec\/novedades-investigacion\/\"]}]},{\"@type\":\"WebSite\",\"@id\":\"https:\/\/grupo.us.es\/modeloecsmec\/#website\",\"url\":\"https:\/\/grupo.us.es\/modeloecsmec\/\",\"name\":\"Modelo ECSMEC\",\"description\":\"Nueva Escuela de Pol\u00edtica Econ\u00f3mica\",\"publisher\":{\"@id\":\"https:\/\/grupo.us.es\/modeloecsmec\/#organization\"},\"potentialAction\":[{\"@type\":\"SearchAction\",\"target\":{\"@type\":\"EntryPoint\",\"urlTemplate\":\"https:\/\/grupo.us.es\/modeloecsmec\/?s={search_term_string}\"},\"query-input\":{\"@type\":\"PropertyValueSpecification\",\"valueRequired\":true,\"valueName\":\"search_term_string\"}}],\"inLanguage\":\"es\"},{\"@type\":\"Organization\",\"@id\":\"https:\/\/grupo.us.es\/modeloecsmec\/#organization\",\"name\":\"Modelo ECSMEC\",\"url\":\"https:\/\/grupo.us.es\/modeloecsmec\/\",\"logo\":{\"@type\":\"ImageObject\",\"inLanguage\":\"es\",\"@id\":\"https:\/\/grupo.us.es\/modeloecsmec\/#\/schema\/logo\/image\/\",\"url\":\"https:\/\/grupo.us.es\/modeloecsmec\/wp-content\/uploads\/2025\/09\/Logo-Centro-Internacional-e1757169811528.png\",\"contentUrl\":\"https:\/\/grupo.us.es\/modeloecsmec\/wp-content\/uploads\/2025\/09\/Logo-Centro-Internacional-e1757169811528.png\",\"width\":500,\"height\":238,\"caption\":\"Modelo ECSMEC\"},\"image\":{\"@id\":\"https:\/\/grupo.us.es\/modeloecsmec\/#\/schema\/logo\/image\/\"}}]}<\/script>\n<!-- \/ Yoast SEO plugin. -->","yoast_head_json":{"title":"Novedades Investigaci\u00f3n - Modelo ECSMEC","robots":{"index":"index","follow":"follow","max-snippet":"max-snippet:-1","max-image-preview":"max-image-preview:large","max-video-preview":"max-video-preview:-1"},"canonical":"https:\/\/grupo.us.es\/modeloecsmec\/novedades-investigacion\/","og_locale":"es_ES","og_type":"article","og_title":"Novedades Investigaci\u00f3n - Modelo ECSMEC","og_description":"Novedades sobre el nuevo paradigma econ\u00f3mico: Ver todas &gt;&gt; Novedades sobre el funcionamiento y futuro de la Nueva Escuela de Pol\u00edtica Econ\u00f3mica: Ver todas &gt;&gt;","og_url":"https:\/\/grupo.us.es\/modeloecsmec\/novedades-investigacion\/","og_site_name":"Modelo ECSMEC","article_modified_time":"2024-11-21T08:21:52+00:00","twitter_card":"summary_large_image","twitter_misc":{"Tiempo de lectura":"1 minuto"},"schema":{"@context":"https:\/\/schema.org","@graph":[{"@type":"WebPage","@id":"https:\/\/grupo.us.es\/modeloecsmec\/novedades-investigacion\/","url":"https:\/\/grupo.us.es\/modeloecsmec\/novedades-investigacion\/","name":"Novedades Investigaci\u00f3n - Modelo ECSMEC","isPartOf":{"@id":"https:\/\/grupo.us.es\/modeloecsmec\/#website"},"datePublished":"2024-10-29T08:54:27+00:00","dateModified":"2024-11-21T08:21:52+00:00","inLanguage":"es","potentialAction":[{"@type":"ReadAction","target":["https:\/\/grupo.us.es\/modeloecsmec\/novedades-investigacion\/"]}]},{"@type":"WebSite","@id":"https:\/\/grupo.us.es\/modeloecsmec\/#website","url":"https:\/\/grupo.us.es\/modeloecsmec\/","name":"Modelo ECSMEC","description":"Nueva Escuela de Pol\u00edtica Econ\u00f3mica","publisher":{"@id":"https:\/\/grupo.us.es\/modeloecsmec\/#organization"},"potentialAction":[{"@type":"SearchAction","target":{"@type":"EntryPoint","urlTemplate":"https:\/\/grupo.us.es\/modeloecsmec\/?s={search_term_string}"},"query-input":{"@type":"PropertyValueSpecification","valueRequired":true,"valueName":"search_term_string"}}],"inLanguage":"es"},{"@type":"Organization","@id":"https:\/\/grupo.us.es\/modeloecsmec\/#organization","name":"Modelo ECSMEC","url":"https:\/\/grupo.us.es\/modeloecsmec\/","logo":{"@type":"ImageObject","inLanguage":"es","@id":"https:\/\/grupo.us.es\/modeloecsmec\/#\/schema\/logo\/image\/","url":"https:\/\/grupo.us.es\/modeloecsmec\/wp-content\/uploads\/2025\/09\/Logo-Centro-Internacional-e1757169811528.png","contentUrl":"https:\/\/grupo.us.es\/modeloecsmec\/wp-content\/uploads\/2025\/09\/Logo-Centro-Internacional-e1757169811528.png","width":500,"height":238,"caption":"Modelo ECSMEC"},"image":{"@id":"https:\/\/grupo.us.es\/modeloecsmec\/#\/schema\/logo\/image\/"}}]}},"_links":{"self":[{"href":"https:\/\/grupo.us.es\/modeloecsmec\/wp-json\/wp\/v2\/pages\/2655","targetHints":{"allow":["GET"]}}],"collection":[{"href":"https:\/\/grupo.us.es\/modeloecsmec\/wp-json\/wp\/v2\/pages"}],"about":[{"href":"https:\/\/grupo.us.es\/modeloecsmec\/wp-json\/wp\/v2\/types\/page"}],"author":[{"embeddable":true,"href":"https:\/\/grupo.us.es\/modeloecsmec\/wp-json\/wp\/v2\/users\/7"}],"replies":[{"embeddable":true,"href":"https:\/\/grupo.us.es\/modeloecsmec\/wp-json\/wp\/v2\/comments?post=2655"}],"version-history":[{"count":0,"href":"https:\/\/grupo.us.es\/modeloecsmec\/wp-json\/wp\/v2\/pages\/2655\/revisions"}],"wp:attachment":[{"href":"https:\/\/grupo.us.es\/modeloecsmec\/wp-json\/wp\/v2\/media?parent=2655"}],"curies":[{"name":"wp","href":"https:\/\/api.w.org\/{rel}","templated":true}]}}