{"id":2650,"date":"2024-10-29T09:51:23","date_gmt":"2024-10-29T08:51:23","guid":{"rendered":"https:\/\/grupo.us.es\/modeloecsmec\/?page_id=2650"},"modified":"2024-12-14T17:16:14","modified_gmt":"2024-12-14T16:16:14","slug":"modelo-ecs-mec","status":"publish","type":"page","link":"https:\/\/grupo.us.es\/modeloecsmec\/inicio-ecsmec\/modelo-ecs-mec\/","title":{"rendered":"Modelo ECS-MEC"},"content":{"rendered":"\t\t<div data-elementor-type=\"wp-page\" data-elementor-id=\"2650\" class=\"elementor elementor-2650\" data-elementor-post-type=\"page\">\n\t\t\t\t<div class=\"elementor-element elementor-element-6790d1d e-flex e-con-boxed e-con e-parent\" data-id=\"6790d1d\" data-element_type=\"container\">\n\t\t\t\t\t<div class=\"e-con-inner\">\n\t\t\t\t<div class=\"elementor-element elementor-element-c1ea022 animated-slow elementor-invisible elementor-widget elementor-widget-heading\" data-id=\"c1ea022\" data-element_type=\"widget\" data-settings=\"{&quot;_animation&quot;:&quot;zoomIn&quot;}\" data-widget_type=\"heading.default\">\n\t\t\t\t<div class=\"elementor-widget-container\">\n\t\t\t\t\t<h4 class=\"elementor-heading-title elementor-size-default\">Descubriendo el Modelo ECS-MEC: entendiendo la propuesta y las aplicaciones<\/h4>\t\t\t\t<\/div>\n\t\t\t\t<\/div>\n\t\t\t\t<div class=\"elementor-element elementor-element-4cead0e animated-slow elementor-invisible elementor-widget elementor-widget-text-editor\" data-id=\"4cead0e\" data-element_type=\"widget\" data-settings=\"{&quot;_animation&quot;:&quot;fadeInLeft&quot;}\" data-widget_type=\"text-editor.default\">\n\t\t\t\t<div class=\"elementor-widget-container\">\n\t\t\t\t\t\t\t\t\t<p>Como se recoge de la petici\u00f3n de la, por entonces, Vicepresidenta Econ\u00f3mica del Gobierno de Espa\u00f1a recogida en el <a href=\"https:\/\/grupo.us.es\/modeloecsmec\/inicio-ecsmec\/por-que-esta-iniciativa\/\">\u00bfpor qu\u00e9 de esta iniciativa?<\/a>, a la que se unen diversas iniciativas de debate y estudio, desarrolladas en el seno de instituciones internacionales como el Fondo Monetario Internacional a trav\u00e9s de lo que se ha llamado \u201crepensar la\u00a0 econom\u00eda\u201d, para acceder a propuestas de cambio en la intervenci\u00f3n en pol\u00edtica econ\u00f3mica. \u00a0La Reserva Federal Estadounidense y el Banco Central Europeo han hablado de resetear la moneda. Todo ello conduce a la aceptaci\u00f3n de que los paradigmas existentes no son \u00fatiles para intervenir desde las instituciones nacionales e internacionales en el siglo XXI. Se requiere un nuevo paradigma de Intervenci\u00f3n.<\/p><p>Por su parte, la ciudadan\u00eda, los agentes econ\u00f3micos y sociales reivindican una adaptaci\u00f3n de la intervenci\u00f3n al futuro, y no encuentran una respuesta apropiada, de forma que el proceso de despolarizaci\u00f3n de la econom\u00eda y la pol\u00edtica dejan a muchas personas descontentas, reivindicando y provocando cambios en la forma de actuar.<\/p><p>Todo ello provoca una deriva sin direcci\u00f3n ni metas claras, lo que acaba provocando planteamientos radicales, en respuesta contra un momento en que la globalizaci\u00f3n y la integraci\u00f3n genera tantos beneficios para una sociedad menos polarizada. Es por ello que se requiere de un nuevo paradigma de Pol\u00edtica Econ\u00f3mica que sirva, como se dice en qu\u00edmica, de ANF\u00d3TERO. En la naturaleza hay elementos que tienen la capacidad de servir como tamp\u00f3n, evitando que haya extremos, y tiende a centrar el pH tanto para el alcalino como para el \u00e1cido: el agua es un anf\u00f3tero por excelencia, el m\u00e1s natural. Hay productos qu\u00edmicos que contribuyen a elevar el pH como el caso de cualquier alcalino, y otros como cualquier \u00e1cido que rebajan el pH, como el \u00e1cido clorh\u00eddrico o el sulf\u00farico.<\/p><p>El planteamiento que se hace para acabar con las crisis econ\u00f3micas nacionales se convierte as\u00ed en una Pol\u00edtica Econ\u00f3mica que pretende actuar como el agua, en forma de anf\u00f3tero, equilibrando de forma clara c\u00f3mo actuar en cada momento, y permitiendo que cada gobierno pueda mantener la defensa ideol\u00f3gica, siempre que no act\u00fae ni como alcalino ni como \u00e1cido; debe cumplir un pacto que defina una acci\u00f3n clara, con posibles matices, seg\u00fan el momento en cada territorio.<\/p><p>El modelo ECS-MEC, en construcci\u00f3n, se basa en principios econ\u00f3micos fundamentales con flexibilidad para perfeccionar su paradigma. Su objetivo es crear un sistema comprensible y accesible tanto para la ciudadan\u00eda como para las personas responsables de pol\u00edtica econ\u00f3mica, minimizando fricciones y generando confianza. Este modelo promueve una \u00abpedagog\u00eda pol\u00edtica\u00bb que va m\u00e1s all\u00e1 de las ideolog\u00edas para lograr un enfoque econ\u00f3mico unificado que, respetando las diferencias territoriales, permita afrontar retos comunes. Con esto, busca reducir las recesiones y mejorar la calidad de vida, el bienestar social, la libertad, la igualdad y la justicia, sin que las diferencias ideol\u00f3gicas interfieran en estos objetivos.<\/p><p>En el esquema que se adjunta a continuaci\u00f3n se explica la acci\u00f3n de pol\u00edtica estabilizadora, una vez aceptado que en un sistema econ\u00f3mico, dado el comportamiento humano y sus impactos econ\u00f3micos, hay un quebranto continuo de capacidad generadora de mayor renta, dada la p\u00e9rdida de poder adquisitivo de la renta como efecto del comportamiento de los precios; la salida de la moneda nacional cuando es admitida como medio de pagos internacional o fuga de liquidez y los cambios en la preferencia por la liquidez de la poblaci\u00f3n (S). A ello hay que sumarle la necesidad de potenciar que la renta crezca al nivel deseado y adecuado. Es esencial que un BC tenga como principal intervenci\u00f3n inyectar liquidez suficiente y necesaria para cubrir TODOS esos efectos se\u00f1alados, con el \u00fanico l\u00edmite de la estabilidad de precios a medio plazo (2%, ni por encima ni por debajo):\u00a0<\/p>\t\t\t\t\t\t\t\t<\/div>\n\t\t\t\t<\/div>\n\t\t\t\t<div class=\"elementor-element elementor-element-6935250 animated-slow elementor-invisible elementor-widget elementor-widget-image\" data-id=\"6935250\" data-element_type=\"widget\" data-settings=\"{&quot;_animation&quot;:&quot;fadeInLeft&quot;}\" data-widget_type=\"image.default\">\n\t\t\t\t<div class=\"elementor-widget-container\">\n\t\t\t\t\t\t\t\t\t\t\t\t\t\t\t<img fetchpriority=\"high\" decoding=\"async\" width=\"1080\" height=\"739\" src=\"https:\/\/grupo.us.es\/modeloecsmec\/wp-content\/uploads\/2024\/10\/esquema-e1730199385566.png\" class=\"attachment-large size-large wp-image-2710\" alt=\"\" srcset=\"https:\/\/grupo.us.es\/modeloecsmec\/wp-content\/uploads\/2024\/10\/esquema-e1730199385566.png 1080w, https:\/\/grupo.us.es\/modeloecsmec\/wp-content\/uploads\/2024\/10\/esquema-e1730199385566-768x526.png 768w\" sizes=\"(max-width: 1080px) 100vw, 1080px\" \/>\t\t\t\t\t\t\t\t\t\t\t\t\t\t\t<\/div>\n\t\t\t\t<\/div>\n\t\t\t\t<div class=\"elementor-element elementor-element-b384d2c animated-slow elementor-invisible elementor-widget elementor-widget-text-editor\" data-id=\"b384d2c\" data-element_type=\"widget\" data-settings=\"{&quot;_animation&quot;:&quot;fadeInLeft&quot;}\" data-widget_type=\"text-editor.default\">\n\t\t\t\t<div class=\"elementor-widget-container\">\n\t\t\t\t\t\t\t\t\t<p>Este modelo parte de una perspectiva diferente sobre la teor\u00eda del dinero y est\u00e1 centrado en la necesidad de inyectar liquidez continuada en un sistema econ\u00f3mico, por ejemplo el Eurosistema, y que esta debe producirse en t\u00e9rminos \u00a0necesarios y suficientes por parte del banco central (1\u00aa funci\u00f3n). Hasta este momento la forma de hacerlo consiste en que el Banco Central Europeo (BCE) promueve un endeudamiento creciente del tejido productivo, las familias y las administraciones a trav\u00e9s de operaciones principales de financiaci\u00f3n, de forma que mientras que el endeudamiento crezca en el sistema de forma precisa el proceso de crecimiento econ\u00f3mico estar\u00e1 garantizado.<\/p><p>Lo que se pretende es buscar una alternativa de inyecci\u00f3n de diferente a esta, evitando provocar endeudamiento continuo de los agentes econ\u00f3micos y sociales, puesto que esto es lo que acaba provocando el inicio de una recesi\u00f3n econ\u00f3mica, y ello en situaci\u00f3n de asfixia econ\u00f3mica de los mismos. Mientras este nivel de endeudamiento crece a largo plazo, garantizando la estabilidad de precios, el crecimiento econ\u00f3mico sigue avanzando, pero es cierto que a partir de un punto la desconfianza de familias y empresas crece dado el nivel tan alto de deuda, de manera que cualquier suceso puede convertirse en detonante del freno en el proceso, renunciando a solicitar m\u00e1s pr\u00e9stamos, dejando pues de llegar liquidez creciente necesaria y es entonces cuando se frena a demanda agregada y el crecimiento econ\u00f3mico.<\/p><p>El nuevo planteamiento cambia la forma de inyectar liquidez a una f\u00f3rmula estable; consistente en hacerlo a trav\u00e9s de una transferencia de renta mensual a los jubilados mayores de 71 a\u00f1os, por ejemplo, a los que ya no se les puede exigir esfuerzo laboral alguno, ni presente ni futuro, representando un colectivo prudente en precios y con alto componente de gasto local. Esta nueva liquidez adicional llegar\u00eda al sistema financiero a trav\u00e9s de una competencia m\u00e1s elevada y de proximidad al cliente, lo que favorecer\u00eda una atomizaci\u00f3n de empresas financieras frente al proceso de fusiones actual que parece no tener l\u00edmites para cumplir con las garant\u00edas que el Banco Central pone sobre ellas para formar parte del sistema monetario existente.<\/p><p>Esta nueva liquidez en manos del sistema financiero generar\u00e1 dinero bancario a trav\u00e9s de pr\u00e9stamos a familias y empresas, endeudamiento sobre el cual el BCE (2\u00aa funci\u00f3n) debe ejercer un control en t\u00e9rminos de calidad y cantidad como regulador financiero.<\/p><p>Con la nueva liquidez en el mercado y los cambios en la velocidad de circulaci\u00f3n del dinero se puede producir momentos en los que haya excesos de liquidez, para el cual el BCE no tendr\u00eda capacidad de intervenci\u00f3n, a pesar de su capacidad de \u00e9xito en tales situaciones. Este objetivo de retirada de liquidez le corresponder\u00eda a la pol\u00edtica fiscal y presupuestaria estabilizadora, a trav\u00e9s de un Pacto de Estabilidad dise\u00f1ado de la siguiente manera: conforme el crecimiento econ\u00f3mico est\u00e9 en direcci\u00f3n y pr\u00f3ximo a su nivel sostenido, en situaci\u00f3n de estabilidad de precios, el sector p\u00fablico deber\u00eda proceder a retirar tanto la recaudaci\u00f3n adicional generada por este, como el menor gasto p\u00fablico necesario dado que la situaci\u00f3n econ\u00f3mica es \u00f3ptima y adaptada a los dinamismos econ\u00f3micos existentes (limito excesos de liquidez), provocando super\u00e1vits p\u00fablicos primarios crecientes conforme se superen ciertos niveles pr\u00f3ximos al de crecimiento sostenido, a ingresar en una cuenta nacional en el BCE. A m\u00e1s tensiones inflacionistas puedan producirse, mayor deber\u00e1 ser la retirada de liquidez, en t\u00e9rminos de recaudaci\u00f3n fiscal o de menos gasto p\u00fablico, seg\u00fan preferencias ideol\u00f3gicas. Esto permitir\u00eda afrontar, dentro del Eurosistema, una situaci\u00f3n diferente seg\u00fan el pa\u00eds, pudiendo hacer frente a los shocks asim\u00e9tricos.<\/p><p>Si en otro momento, el nivel de crecimiento sostenido en un pa\u00eds miembro muestra s\u00edntomas de debilidad, se procede a utilizar prudentemente la parte necesaria de su dep\u00f3sito en el BC para un mayor gasto p\u00fablico o una promoci\u00f3n del gasto privado (transferencias o bajada de impuestos) seg\u00fan las causas de la desaceleraci\u00f3n, y seg\u00fan las preferencias ideol\u00f3gicas gubernamentales, si bien es cierto que la eficacia y eficiencia pueden ser dispares.<\/p>\t\t\t\t\t\t\t\t<\/div>\n\t\t\t\t<\/div>\n\t\t\t\t<div class=\"elementor-element elementor-element-14afcf3 animated-slow elementor-invisible elementor-widget elementor-widget-heading\" data-id=\"14afcf3\" data-element_type=\"widget\" data-settings=\"{&quot;_animation&quot;:&quot;zoomIn&quot;}\" data-widget_type=\"heading.default\">\n\t\t\t\t<div class=\"elementor-widget-container\">\n\t\t\t\t\t<h4 class=\"elementor-heading-title elementor-size-default\">Ventajas del nuevo modelo si se aplicara en el Eurosistema<\/h4>\t\t\t\t<\/div>\n\t\t\t\t<\/div>\n\t\t\t\t<div class=\"elementor-element elementor-element-f188bf5 animated-slow elementor-invisible elementor-widget elementor-widget-text-editor\" data-id=\"f188bf5\" data-element_type=\"widget\" data-settings=\"{&quot;_animation&quot;:&quot;fadeInLeft&quot;}\" data-widget_type=\"text-editor.default\">\n\t\t\t\t<div class=\"elementor-widget-container\">\n\t\t\t\t\t\t\t\t\t<ol><li>Eliminaci\u00f3n de un modelo de inyecci\u00f3n de liquidez presionando en favor de un mayor endeudamiento.<\/li><li>Se garantiza una inyecci\u00f3n de dinero continuada de forma estable, mes a mes, suficiente y necesaria.<\/li><li>Contribuye a resolver un problema de pago de pensiones creciente en los pa\u00edses de la UE.<\/li><li>Evitar que se realicen pr\u00e1cticas electoralistas peligrosas por inflacionistas cuando hay un nivel de crecimiento sostenido:<ul><li>bajando impuestos para ganar votos y contribuir as\u00ed a un mayor gasto privado cuando este ya es suficiente;<\/li><li>incrementar el gasto p\u00fablico para atender reivindicaciones ciudadanas y as\u00ed ganar votos cuando el nivel de demanda agregada ya es suficiente y necesario o<\/li><li>bajar deuda p\u00fablica y dejar liquidez excesiva en el mercado a cambio de dichos t\u00edtulos, lo que puede provocar tensiones inflacionistas.<\/li><\/ul><\/li><li>La pol\u00edtica fiscal y presupuestaria ser\u00e1 la encargada de regular los excesos de liquidez posibles retir\u00e1ndolos de forma creciente, evitando as\u00ed tanto gasto p\u00fablico como privado excesivo.<\/li><li>Cuando la tasa de crecimiento sostenido muestra s\u00edntoma de cansancio y la demanda privada empieza a retroceder, el sector p\u00fablico puede incrementar sus niveles de gasto p\u00fablico que compensen la ca\u00edda del privado, hasta logar la recuperaci\u00f3n del nivel.<\/li><li>Se evitan, por control del nuevo Pacto de Estabilidad y Crecimiento (o disciplina constitucional), las recesiones econ\u00f3micas.<\/li><li>El Banco Central ejerce activamente de regulador financiero controlando la cantidad y calidad del endeudamiento en el mercado privado (dinero bancario), evitando niveles excesivos.<\/li><li>Este modelo permite actuar frente a los Shock asim\u00e9tricos.<\/li><li>La UE se har\u00eda cargo de mantener en parte importante a sus jubilados, a la poblaci\u00f3n que ya ha trabajado por su construcci\u00f3n, lo que supondr\u00eda un lavado de imagen extraordinario.<\/li><li>El sistema financiero deja de ser instrumento del BC, dejando de garantizar beneficios continuados o estar a merced de la colaboraci\u00f3n del mismo para el logro de objetivos.<\/li><li>El sistema financiero sigue siendo instituci\u00f3n esencial en el funcionamiento de la econom\u00eda, d\u00e1ndole movilidad m\u00e1xima a la liquidez existente, pero en t\u00e9rminos de libre competencia, como empresas que han de competir en el mercado por conseguir clientes: depositantes retribuidos a un tipo de inter\u00e9s de dep\u00f3sito y prestatarios que pagar\u00edan un tipo de inter\u00e9s por el endeudamiento, ambos tipos fruto de la libre competencia. Esta libre competencia, sin sometimiento a una pol\u00edtica monetaria agresiva sino al propio mercado, har\u00eda que este sistema estuviese m\u00e1s atomizado, por no ser esencial el tama\u00f1o elevado de las entidades financieras, frenando un proceso de fusiones continuadas que parece no tener l\u00edmites.<\/li><li>El tipo de inter\u00e9s de la econom\u00eda no resulta tanto de una decisi\u00f3n, acertada o no, del BCE, sino del libre funcionamiento del mercado financiero, en base a la competencia, quedando influenciada por la liquidez generada en cada momento y un comportamiento ciudadano variable que debe someterse a una acci\u00f3n estabilizadora presupuestaria y fiscal.<\/li><li>La disciplina presupuestaria, gasto publico mayor o menor e impuestos mayores o menores, est\u00e1 sometida a una norma que evita los caprichos ideol\u00f3gicos m\u00e1s all\u00e1 de la l\u00f3gica del crecimiento econ\u00f3mico sostenido (ESTABILIDAD DE PRECIOS) y de los comportamientos electoralistas que afectan al presupuesto p\u00fablico.<\/li><\/ol>\t\t\t\t\t\t\t\t<\/div>\n\t\t\t\t<\/div>\n\t\t\t\t\t<\/div>\n\t\t\t\t<\/div>\n\t\t\t\t<\/div>\n\t\t","protected":false},"excerpt":{"rendered":"<p>Descubriendo el Modelo ECS-MEC: entendiendo la propuesta y las aplicaciones Como se recoge de la petici\u00f3n de la, por entonces, Vicepresidenta Econ\u00f3mica del Gobierno de Espa\u00f1a recogida en el \u00bfpor qu\u00e9 de esta iniciativa?, a la que se unen diversas iniciativas de debate y estudio, desarrolladas en el seno de instituciones internacionales como el Fondo [&hellip;]<\/p>\n","protected":false},"author":7,"featured_media":0,"parent":2648,"menu_order":0,"comment_status":"closed","ping_status":"closed","template":"","meta":{"footnotes":""},"class_list":["post-2650","page","type-page","status-publish","hentry"],"yoast_head":"<!-- This site is optimized with the Yoast SEO plugin v25.2 - https:\/\/yoast.com\/wordpress\/plugins\/seo\/ -->\n<title>Modelo ECS-MEC - Modelo ECSMEC<\/title>\n<meta name=\"description\" content=\"Descubriendo el Modelo ECS-MEC: entendiendo la propuesta y las aplicaciones\" \/>\n<meta name=\"robots\" content=\"index, follow, max-snippet:-1, max-image-preview:large, max-video-preview:-1\" \/>\n<link rel=\"canonical\" href=\"https:\/\/grupo.us.es\/modeloecsmec\/inicio-ecsmec\/modelo-ecs-mec\/\" \/>\n<meta property=\"og:locale\" content=\"es_ES\" \/>\n<meta property=\"og:type\" content=\"article\" \/>\n<meta property=\"og:title\" content=\"Modelo ECS-MEC - Modelo ECSMEC\" \/>\n<meta property=\"og:description\" content=\"Descubriendo el Modelo ECS-MEC: entendiendo la propuesta y las aplicaciones\" \/>\n<meta property=\"og:url\" content=\"https:\/\/grupo.us.es\/modeloecsmec\/inicio-ecsmec\/modelo-ecs-mec\/\" \/>\n<meta property=\"og:site_name\" content=\"Modelo ECSMEC\" \/>\n<meta property=\"article:modified_time\" content=\"2024-12-14T16:16:14+00:00\" \/>\n<meta property=\"og:image\" content=\"https:\/\/grupo.us.es\/modeloecsmec\/wp-content\/uploads\/2024\/10\/esquema-e1730199385566.png\" \/>\n\t<meta property=\"og:image:width\" content=\"1080\" \/>\n\t<meta property=\"og:image:height\" content=\"739\" \/>\n\t<meta property=\"og:image:type\" content=\"image\/png\" \/>\n<meta name=\"twitter:card\" content=\"summary_large_image\" \/>\n<meta name=\"twitter:label1\" content=\"Tiempo de lectura\" \/>\n\t<meta name=\"twitter:data1\" content=\"9 minutos\" \/>\n<script type=\"application\/ld+json\" class=\"yoast-schema-graph\">{\"@context\":\"https:\/\/schema.org\",\"@graph\":[{\"@type\":\"WebPage\",\"@id\":\"https:\/\/grupo.us.es\/modeloecsmec\/inicio-ecsmec\/modelo-ecs-mec\/\",\"url\":\"https:\/\/grupo.us.es\/modeloecsmec\/inicio-ecsmec\/modelo-ecs-mec\/\",\"name\":\"Modelo ECS-MEC - Modelo ECSMEC\",\"isPartOf\":{\"@id\":\"https:\/\/grupo.us.es\/modeloecsmec\/#website\"},\"primaryImageOfPage\":{\"@id\":\"https:\/\/grupo.us.es\/modeloecsmec\/inicio-ecsmec\/modelo-ecs-mec\/#primaryimage\"},\"image\":{\"@id\":\"https:\/\/grupo.us.es\/modeloecsmec\/inicio-ecsmec\/modelo-ecs-mec\/#primaryimage\"},\"thumbnailUrl\":\"https:\/\/grupo.us.es\/modeloecsmec\/wp-content\/uploads\/2024\/10\/esquema-e1730199385566.png\",\"datePublished\":\"2024-10-29T08:51:23+00:00\",\"dateModified\":\"2024-12-14T16:16:14+00:00\",\"description\":\"Descubriendo el Modelo ECS-MEC: entendiendo la propuesta y las aplicaciones\",\"breadcrumb\":{\"@id\":\"https:\/\/grupo.us.es\/modeloecsmec\/inicio-ecsmec\/modelo-ecs-mec\/#breadcrumb\"},\"inLanguage\":\"es\",\"potentialAction\":[{\"@type\":\"ReadAction\",\"target\":[\"https:\/\/grupo.us.es\/modeloecsmec\/inicio-ecsmec\/modelo-ecs-mec\/\"]}]},{\"@type\":\"ImageObject\",\"inLanguage\":\"es\",\"@id\":\"https:\/\/grupo.us.es\/modeloecsmec\/inicio-ecsmec\/modelo-ecs-mec\/#primaryimage\",\"url\":\"https:\/\/grupo.us.es\/modeloecsmec\/wp-content\/uploads\/2024\/10\/esquema-e1730199385566.png\",\"contentUrl\":\"https:\/\/grupo.us.es\/modeloecsmec\/wp-content\/uploads\/2024\/10\/esquema-e1730199385566.png\",\"width\":1080,\"height\":739},{\"@type\":\"BreadcrumbList\",\"@id\":\"https:\/\/grupo.us.es\/modeloecsmec\/inicio-ecsmec\/modelo-ecs-mec\/#breadcrumb\",\"itemListElement\":[{\"@type\":\"ListItem\",\"position\":1,\"name\":\"Inicio\",\"item\":\"https:\/\/grupo.us.es\/modeloecsmec\/inicio-ecsmec\/\"},{\"@type\":\"ListItem\",\"position\":2,\"name\":\"Modelo ECS-MEC\"}]},{\"@type\":\"WebSite\",\"@id\":\"https:\/\/grupo.us.es\/modeloecsmec\/#website\",\"url\":\"https:\/\/grupo.us.es\/modeloecsmec\/\",\"name\":\"Modelo ECSMEC\",\"description\":\"Nueva Escuela de Pol\u00edtica Econ\u00f3mica\",\"publisher\":{\"@id\":\"https:\/\/grupo.us.es\/modeloecsmec\/#organization\"},\"potentialAction\":[{\"@type\":\"SearchAction\",\"target\":{\"@type\":\"EntryPoint\",\"urlTemplate\":\"https:\/\/grupo.us.es\/modeloecsmec\/?s={search_term_string}\"},\"query-input\":{\"@type\":\"PropertyValueSpecification\",\"valueRequired\":true,\"valueName\":\"search_term_string\"}}],\"inLanguage\":\"es\"},{\"@type\":\"Organization\",\"@id\":\"https:\/\/grupo.us.es\/modeloecsmec\/#organization\",\"name\":\"Modelo ECSMEC\",\"url\":\"https:\/\/grupo.us.es\/modeloecsmec\/\",\"logo\":{\"@type\":\"ImageObject\",\"inLanguage\":\"es\",\"@id\":\"https:\/\/grupo.us.es\/modeloecsmec\/#\/schema\/logo\/image\/\",\"url\":\"https:\/\/grupo.us.es\/modeloecsmec\/wp-content\/uploads\/2025\/09\/Logo-Centro-Internacional-e1757169811528.png\",\"contentUrl\":\"https:\/\/grupo.us.es\/modeloecsmec\/wp-content\/uploads\/2025\/09\/Logo-Centro-Internacional-e1757169811528.png\",\"width\":500,\"height\":238,\"caption\":\"Modelo ECSMEC\"},\"image\":{\"@id\":\"https:\/\/grupo.us.es\/modeloecsmec\/#\/schema\/logo\/image\/\"}}]}<\/script>\n<!-- \/ Yoast SEO plugin. -->","yoast_head_json":{"title":"Modelo ECS-MEC - Modelo ECSMEC","description":"Descubriendo el Modelo ECS-MEC: entendiendo la propuesta y las aplicaciones","robots":{"index":"index","follow":"follow","max-snippet":"max-snippet:-1","max-image-preview":"max-image-preview:large","max-video-preview":"max-video-preview:-1"},"canonical":"https:\/\/grupo.us.es\/modeloecsmec\/inicio-ecsmec\/modelo-ecs-mec\/","og_locale":"es_ES","og_type":"article","og_title":"Modelo ECS-MEC - Modelo ECSMEC","og_description":"Descubriendo el Modelo ECS-MEC: entendiendo la propuesta y las aplicaciones","og_url":"https:\/\/grupo.us.es\/modeloecsmec\/inicio-ecsmec\/modelo-ecs-mec\/","og_site_name":"Modelo ECSMEC","article_modified_time":"2024-12-14T16:16:14+00:00","og_image":[{"width":1080,"height":739,"url":"https:\/\/grupo.us.es\/modeloecsmec\/wp-content\/uploads\/2024\/10\/esquema-e1730199385566.png","type":"image\/png"}],"twitter_card":"summary_large_image","twitter_misc":{"Tiempo de lectura":"9 minutos"},"schema":{"@context":"https:\/\/schema.org","@graph":[{"@type":"WebPage","@id":"https:\/\/grupo.us.es\/modeloecsmec\/inicio-ecsmec\/modelo-ecs-mec\/","url":"https:\/\/grupo.us.es\/modeloecsmec\/inicio-ecsmec\/modelo-ecs-mec\/","name":"Modelo ECS-MEC - Modelo ECSMEC","isPartOf":{"@id":"https:\/\/grupo.us.es\/modeloecsmec\/#website"},"primaryImageOfPage":{"@id":"https:\/\/grupo.us.es\/modeloecsmec\/inicio-ecsmec\/modelo-ecs-mec\/#primaryimage"},"image":{"@id":"https:\/\/grupo.us.es\/modeloecsmec\/inicio-ecsmec\/modelo-ecs-mec\/#primaryimage"},"thumbnailUrl":"https:\/\/grupo.us.es\/modeloecsmec\/wp-content\/uploads\/2024\/10\/esquema-e1730199385566.png","datePublished":"2024-10-29T08:51:23+00:00","dateModified":"2024-12-14T16:16:14+00:00","description":"Descubriendo el Modelo ECS-MEC: entendiendo la propuesta y las aplicaciones","breadcrumb":{"@id":"https:\/\/grupo.us.es\/modeloecsmec\/inicio-ecsmec\/modelo-ecs-mec\/#breadcrumb"},"inLanguage":"es","potentialAction":[{"@type":"ReadAction","target":["https:\/\/grupo.us.es\/modeloecsmec\/inicio-ecsmec\/modelo-ecs-mec\/"]}]},{"@type":"ImageObject","inLanguage":"es","@id":"https:\/\/grupo.us.es\/modeloecsmec\/inicio-ecsmec\/modelo-ecs-mec\/#primaryimage","url":"https:\/\/grupo.us.es\/modeloecsmec\/wp-content\/uploads\/2024\/10\/esquema-e1730199385566.png","contentUrl":"https:\/\/grupo.us.es\/modeloecsmec\/wp-content\/uploads\/2024\/10\/esquema-e1730199385566.png","width":1080,"height":739},{"@type":"BreadcrumbList","@id":"https:\/\/grupo.us.es\/modeloecsmec\/inicio-ecsmec\/modelo-ecs-mec\/#breadcrumb","itemListElement":[{"@type":"ListItem","position":1,"name":"Inicio","item":"https:\/\/grupo.us.es\/modeloecsmec\/inicio-ecsmec\/"},{"@type":"ListItem","position":2,"name":"Modelo ECS-MEC"}]},{"@type":"WebSite","@id":"https:\/\/grupo.us.es\/modeloecsmec\/#website","url":"https:\/\/grupo.us.es\/modeloecsmec\/","name":"Modelo ECSMEC","description":"Nueva Escuela de Pol\u00edtica Econ\u00f3mica","publisher":{"@id":"https:\/\/grupo.us.es\/modeloecsmec\/#organization"},"potentialAction":[{"@type":"SearchAction","target":{"@type":"EntryPoint","urlTemplate":"https:\/\/grupo.us.es\/modeloecsmec\/?s={search_term_string}"},"query-input":{"@type":"PropertyValueSpecification","valueRequired":true,"valueName":"search_term_string"}}],"inLanguage":"es"},{"@type":"Organization","@id":"https:\/\/grupo.us.es\/modeloecsmec\/#organization","name":"Modelo ECSMEC","url":"https:\/\/grupo.us.es\/modeloecsmec\/","logo":{"@type":"ImageObject","inLanguage":"es","@id":"https:\/\/grupo.us.es\/modeloecsmec\/#\/schema\/logo\/image\/","url":"https:\/\/grupo.us.es\/modeloecsmec\/wp-content\/uploads\/2025\/09\/Logo-Centro-Internacional-e1757169811528.png","contentUrl":"https:\/\/grupo.us.es\/modeloecsmec\/wp-content\/uploads\/2025\/09\/Logo-Centro-Internacional-e1757169811528.png","width":500,"height":238,"caption":"Modelo ECSMEC"},"image":{"@id":"https:\/\/grupo.us.es\/modeloecsmec\/#\/schema\/logo\/image\/"}}]}},"_links":{"self":[{"href":"https:\/\/grupo.us.es\/modeloecsmec\/wp-json\/wp\/v2\/pages\/2650","targetHints":{"allow":["GET"]}}],"collection":[{"href":"https:\/\/grupo.us.es\/modeloecsmec\/wp-json\/wp\/v2\/pages"}],"about":[{"href":"https:\/\/grupo.us.es\/modeloecsmec\/wp-json\/wp\/v2\/types\/page"}],"author":[{"embeddable":true,"href":"https:\/\/grupo.us.es\/modeloecsmec\/wp-json\/wp\/v2\/users\/7"}],"replies":[{"embeddable":true,"href":"https:\/\/grupo.us.es\/modeloecsmec\/wp-json\/wp\/v2\/comments?post=2650"}],"version-history":[{"count":0,"href":"https:\/\/grupo.us.es\/modeloecsmec\/wp-json\/wp\/v2\/pages\/2650\/revisions"}],"up":[{"embeddable":true,"href":"https:\/\/grupo.us.es\/modeloecsmec\/wp-json\/wp\/v2\/pages\/2648"}],"wp:attachment":[{"href":"https:\/\/grupo.us.es\/modeloecsmec\/wp-json\/wp\/v2\/media?parent=2650"}],"curies":[{"name":"wp","href":"https:\/\/api.w.org\/{rel}","templated":true}]}}