{"id":2649,"date":"2024-10-29T09:51:00","date_gmt":"2024-10-29T08:51:00","guid":{"rendered":"https:\/\/grupo.us.es\/modeloecsmec\/?page_id=2649"},"modified":"2025-09-06T16:52:05","modified_gmt":"2025-09-06T14:52:05","slug":"relevancia-y-beneficios","status":"publish","type":"page","link":"https:\/\/grupo.us.es\/modeloecsmec\/inicio-ecsmec\/relevancia-y-beneficios\/","title":{"rendered":"Relevancia y beneficios"},"content":{"rendered":"\t\t<div data-elementor-type=\"wp-page\" data-elementor-id=\"2649\" class=\"elementor elementor-2649\" data-elementor-post-type=\"page\">\n\t\t\t\t<div class=\"elementor-element elementor-element-d7bb86a e-flex e-con-boxed e-con e-parent\" data-id=\"d7bb86a\" data-element_type=\"container\">\n\t\t\t\t\t<div class=\"e-con-inner\">\n\t\t\t\t<div class=\"elementor-element elementor-element-f24435d animated-slow elementor-invisible elementor-widget elementor-widget-text-editor\" data-id=\"f24435d\" data-element_type=\"widget\" data-settings=\"{&quot;_animation&quot;:&quot;fadeInLeft&quot;}\" data-widget_type=\"text-editor.default\">\n\t\t\t\t<div class=\"elementor-widget-container\">\n\t\t\t\t\t\t\t\t\t<p><img fetchpriority=\"high\" decoding=\"async\" class=\"size-full wp-image-2756 alignright\" src=\"https:\/\/grupo.us.es\/modeloecsmec\/wp-content\/uploads\/2024\/11\/relevancia-y-beneficios.png\" alt=\"\" width=\"249\" height=\"338\" \/>La creaci\u00f3n de un Congreso Permanente y una Nueva Escuela de pensamiento econ\u00f3mico basada en el modelo ECS-MEC del Dr. Juan Carlos Mor\u00e1n-\u00c1lvarez, cuyo objetivo es reunir a cient\u00edficos y especialistas en Pol\u00edtica Econ\u00f3mica de universidades de todo el mundo para impulsar la investigaci\u00f3n y a instituciones y gobiernos para la innovaci\u00f3n econ\u00f3mica. Este congreso posicionar\u00e1 a las personas participantes a la vanguardia del debate sobre pol\u00edticas econ\u00f3micas contempor\u00e1neas en el siglo XXI.<\/p><p><strong>Oportunidades:\u00a0<\/strong><\/p><ul><li>Liderazgo Acad\u00e9mico: movimiento acad\u00e9mico global que busca redefinir y modernizar los paradigmas econ\u00f3micos. Este congreso permanente fortalecer\u00e1 nuestra reputaci\u00f3n como una instituci\u00f3n que promueve el pensamiento innovador y el desarrollo de soluciones pr\u00e1cticas a problemas econ\u00f3micos actuales.<\/li><li>Colaboraciones Internacionales: a trav\u00e9s de la participaci\u00f3n de destacados investigadores y universidades de todo el mundo, el congreso fomentar\u00e1 la creaci\u00f3n de redes internacionales de colaboraci\u00f3n. Esto no solo enriquecer\u00e1 nuestro entorno acad\u00e9mico, sino que tambi\u00e9n abrir\u00e1 nuevas puertas para proyectos conjuntos y publicaciones de alto impacto.<\/li><li>Impacto Social y Econ\u00f3mico: la promoci\u00f3n de un nuevo paradigma econ\u00f3mico tiene el potencial de influir directamente en la formulaci\u00f3n de pol\u00edticas a nivel local, regional, nacional e internacional. Este impacto positivo en la sociedad y en la econom\u00eda subraya la relevancia y la aplicabilidad pr\u00e1ctica de nuestras investigaciones.<\/li><li>Innovaci\u00f3n en la Investigaci\u00f3n: este congreso proporcionar\u00e1 un espacio continuo para el intercambio de ideas innovadoras y la generaci\u00f3n de nuevo conocimiento. Los participantes se beneficiar\u00e1n de una constante actualizaci\u00f3n y enriquecimiento de su agenda de investigaci\u00f3n.<\/li><li>Promoci\u00f3n de las personas acad\u00e9micas participantes: la visibilidad internacional del congreso permitir\u00e1 que los acad\u00e9micos y sus investigaciones obtengan reconocimiento global, fomentando as\u00ed un ambiente de excelencia acad\u00e9mica y cient\u00edfica dentro de nuestra facultad.<\/li><li>Desarrollo Profesional: la interacci\u00f3n con investigadores de alto nivel y la participaci\u00f3n en debates de relevancia global ofrecer\u00e1n a nuestro estudiantado y profesorado oportunidades \u00fanicas de desarrollo profesional y acad\u00e9mico, potenciando sus habilidades y conocimientos.<\/li><\/ul><p>Estamos convencidos de que el Centro Internacional Permanente Nueva Escuela de Pol\u00edtica Econ\u00f3mica ser\u00e1 un \u00e9xito rotundo, pero para ello necesitamos una respuesta de apoyo a un nuevo planteamiento en que la escasez deja de ser el elemento m\u00e1s relevante de la construcci\u00f3n econ\u00f3mica, para incorporar los nuevos elementos y construir un nuevo paradigma.\u00a0<\/p>\t\t\t\t\t\t\t\t<\/div>\n\t\t\t\t<\/div>\n\t\t\t\t\t<\/div>\n\t\t\t\t<\/div>\n\t\t\t\t<\/div>\n\t\t","protected":false},"excerpt":{"rendered":"<p>La creaci\u00f3n de un Congreso Permanente y una Nueva Escuela de pensamiento econ\u00f3mico basada en el modelo ECS-MEC del Dr. Juan Carlos Mor\u00e1n-\u00c1lvarez, cuyo objetivo es reunir a cient\u00edficos y especialistas en Pol\u00edtica Econ\u00f3mica de universidades de todo el mundo para impulsar la investigaci\u00f3n y a instituciones y gobiernos para la innovaci\u00f3n econ\u00f3mica. Este congreso [&hellip;]<\/p>\n","protected":false},"author":7,"featured_media":0,"parent":2648,"menu_order":0,"comment_status":"closed","ping_status":"closed","template":"","meta":{"footnotes":""},"class_list":["post-2649","page","type-page","status-publish","hentry"],"yoast_head":"<!-- This site is optimized with the Yoast SEO plugin v25.2 - https:\/\/yoast.com\/wordpress\/plugins\/seo\/ -->\n<title>Relevancia y beneficios - Modelo ECSMEC<\/title>\n<meta name=\"description\" content=\"Relevancia y beneficios del Modelos ECSMEC del Congreso Internacional Permanente de la Nueva Escuela de Pol\u00edtica Econ\u00f3mica\" \/>\n<meta name=\"robots\" content=\"index, follow, max-snippet:-1, max-image-preview:large, max-video-preview:-1\" \/>\n<link rel=\"canonical\" href=\"https:\/\/grupo.us.es\/modeloecsmec\/inicio-ecsmec\/relevancia-y-beneficios\/\" \/>\n<meta property=\"og:locale\" content=\"es_ES\" \/>\n<meta property=\"og:type\" content=\"article\" \/>\n<meta property=\"og:title\" content=\"Relevancia y beneficios - Modelo ECSMEC\" \/>\n<meta property=\"og:description\" content=\"Relevancia y beneficios del Modelos ECSMEC del Congreso Internacional Permanente de la Nueva Escuela de Pol\u00edtica Econ\u00f3mica\" \/>\n<meta property=\"og:url\" content=\"https:\/\/grupo.us.es\/modeloecsmec\/inicio-ecsmec\/relevancia-y-beneficios\/\" \/>\n<meta property=\"og:site_name\" content=\"Modelo ECSMEC\" \/>\n<meta property=\"article:modified_time\" content=\"2025-09-06T14:52:05+00:00\" \/>\n<meta property=\"og:image\" content=\"https:\/\/grupo.us.es\/modeloecsmec\/wp-content\/uploads\/2024\/11\/relevancia-y-beneficios.png\" \/>\n\t<meta property=\"og:image:width\" content=\"249\" \/>\n\t<meta property=\"og:image:height\" content=\"338\" \/>\n\t<meta property=\"og:image:type\" content=\"image\/png\" \/>\n<meta name=\"twitter:card\" content=\"summary_large_image\" \/>\n<meta name=\"twitter:label1\" content=\"Tiempo de lectura\" \/>\n\t<meta name=\"twitter:data1\" content=\"2 minutos\" \/>\n<script type=\"application\/ld+json\" class=\"yoast-schema-graph\">{\"@context\":\"https:\/\/schema.org\",\"@graph\":[{\"@type\":\"WebPage\",\"@id\":\"https:\/\/grupo.us.es\/modeloecsmec\/inicio-ecsmec\/relevancia-y-beneficios\/\",\"url\":\"https:\/\/grupo.us.es\/modeloecsmec\/inicio-ecsmec\/relevancia-y-beneficios\/\",\"name\":\"Relevancia y beneficios - Modelo ECSMEC\",\"isPartOf\":{\"@id\":\"https:\/\/grupo.us.es\/modeloecsmec\/#website\"},\"primaryImageOfPage\":{\"@id\":\"https:\/\/grupo.us.es\/modeloecsmec\/inicio-ecsmec\/relevancia-y-beneficios\/#primaryimage\"},\"image\":{\"@id\":\"https:\/\/grupo.us.es\/modeloecsmec\/inicio-ecsmec\/relevancia-y-beneficios\/#primaryimage\"},\"thumbnailUrl\":\"https:\/\/grupo.us.es\/modeloecsmec\/wp-content\/uploads\/2024\/11\/relevancia-y-beneficios.png\",\"datePublished\":\"2024-10-29T08:51:00+00:00\",\"dateModified\":\"2025-09-06T14:52:05+00:00\",\"description\":\"Relevancia y beneficios del Modelos ECSMEC del Congreso Internacional Permanente de la Nueva Escuela de Pol\u00edtica Econ\u00f3mica\",\"breadcrumb\":{\"@id\":\"https:\/\/grupo.us.es\/modeloecsmec\/inicio-ecsmec\/relevancia-y-beneficios\/#breadcrumb\"},\"inLanguage\":\"es\",\"potentialAction\":[{\"@type\":\"ReadAction\",\"target\":[\"https:\/\/grupo.us.es\/modeloecsmec\/inicio-ecsmec\/relevancia-y-beneficios\/\"]}]},{\"@type\":\"ImageObject\",\"inLanguage\":\"es\",\"@id\":\"https:\/\/grupo.us.es\/modeloecsmec\/inicio-ecsmec\/relevancia-y-beneficios\/#primaryimage\",\"url\":\"https:\/\/grupo.us.es\/modeloecsmec\/wp-content\/uploads\/2024\/11\/relevancia-y-beneficios.png\",\"contentUrl\":\"https:\/\/grupo.us.es\/modeloecsmec\/wp-content\/uploads\/2024\/11\/relevancia-y-beneficios.png\",\"width\":249,\"height\":338},{\"@type\":\"BreadcrumbList\",\"@id\":\"https:\/\/grupo.us.es\/modeloecsmec\/inicio-ecsmec\/relevancia-y-beneficios\/#breadcrumb\",\"itemListElement\":[{\"@type\":\"ListItem\",\"position\":1,\"name\":\"Inicio\",\"item\":\"https:\/\/grupo.us.es\/modeloecsmec\/inicio-ecsmec\/\"},{\"@type\":\"ListItem\",\"position\":2,\"name\":\"Relevancia y beneficios\"}]},{\"@type\":\"WebSite\",\"@id\":\"https:\/\/grupo.us.es\/modeloecsmec\/#website\",\"url\":\"https:\/\/grupo.us.es\/modeloecsmec\/\",\"name\":\"Modelo ECSMEC\",\"description\":\"Nueva Escuela de Pol\u00edtica Econ\u00f3mica\",\"publisher\":{\"@id\":\"https:\/\/grupo.us.es\/modeloecsmec\/#organization\"},\"potentialAction\":[{\"@type\":\"SearchAction\",\"target\":{\"@type\":\"EntryPoint\",\"urlTemplate\":\"https:\/\/grupo.us.es\/modeloecsmec\/?s={search_term_string}\"},\"query-input\":{\"@type\":\"PropertyValueSpecification\",\"valueRequired\":true,\"valueName\":\"search_term_string\"}}],\"inLanguage\":\"es\"},{\"@type\":\"Organization\",\"@id\":\"https:\/\/grupo.us.es\/modeloecsmec\/#organization\",\"name\":\"Modelo ECSMEC\",\"url\":\"https:\/\/grupo.us.es\/modeloecsmec\/\",\"logo\":{\"@type\":\"ImageObject\",\"inLanguage\":\"es\",\"@id\":\"https:\/\/grupo.us.es\/modeloecsmec\/#\/schema\/logo\/image\/\",\"url\":\"https:\/\/grupo.us.es\/modeloecsmec\/wp-content\/uploads\/2025\/09\/Logo-Centro-Internacional-e1757169811528.png\",\"contentUrl\":\"https:\/\/grupo.us.es\/modeloecsmec\/wp-content\/uploads\/2025\/09\/Logo-Centro-Internacional-e1757169811528.png\",\"width\":500,\"height\":238,\"caption\":\"Modelo ECSMEC\"},\"image\":{\"@id\":\"https:\/\/grupo.us.es\/modeloecsmec\/#\/schema\/logo\/image\/\"}}]}<\/script>\n<!-- \/ Yoast SEO plugin. -->","yoast_head_json":{"title":"Relevancia y beneficios - Modelo ECSMEC","description":"Relevancia y beneficios del Modelos ECSMEC del Congreso Internacional Permanente de la Nueva Escuela de Pol\u00edtica Econ\u00f3mica","robots":{"index":"index","follow":"follow","max-snippet":"max-snippet:-1","max-image-preview":"max-image-preview:large","max-video-preview":"max-video-preview:-1"},"canonical":"https:\/\/grupo.us.es\/modeloecsmec\/inicio-ecsmec\/relevancia-y-beneficios\/","og_locale":"es_ES","og_type":"article","og_title":"Relevancia y beneficios - Modelo ECSMEC","og_description":"Relevancia y beneficios del Modelos ECSMEC del Congreso Internacional Permanente de la Nueva Escuela de Pol\u00edtica Econ\u00f3mica","og_url":"https:\/\/grupo.us.es\/modeloecsmec\/inicio-ecsmec\/relevancia-y-beneficios\/","og_site_name":"Modelo ECSMEC","article_modified_time":"2025-09-06T14:52:05+00:00","og_image":[{"width":249,"height":338,"url":"https:\/\/grupo.us.es\/modeloecsmec\/wp-content\/uploads\/2024\/11\/relevancia-y-beneficios.png","type":"image\/png"}],"twitter_card":"summary_large_image","twitter_misc":{"Tiempo de lectura":"2 minutos"},"schema":{"@context":"https:\/\/schema.org","@graph":[{"@type":"WebPage","@id":"https:\/\/grupo.us.es\/modeloecsmec\/inicio-ecsmec\/relevancia-y-beneficios\/","url":"https:\/\/grupo.us.es\/modeloecsmec\/inicio-ecsmec\/relevancia-y-beneficios\/","name":"Relevancia y beneficios - Modelo ECSMEC","isPartOf":{"@id":"https:\/\/grupo.us.es\/modeloecsmec\/#website"},"primaryImageOfPage":{"@id":"https:\/\/grupo.us.es\/modeloecsmec\/inicio-ecsmec\/relevancia-y-beneficios\/#primaryimage"},"image":{"@id":"https:\/\/grupo.us.es\/modeloecsmec\/inicio-ecsmec\/relevancia-y-beneficios\/#primaryimage"},"thumbnailUrl":"https:\/\/grupo.us.es\/modeloecsmec\/wp-content\/uploads\/2024\/11\/relevancia-y-beneficios.png","datePublished":"2024-10-29T08:51:00+00:00","dateModified":"2025-09-06T14:52:05+00:00","description":"Relevancia y beneficios del Modelos ECSMEC del Congreso Internacional Permanente de la Nueva Escuela de Pol\u00edtica Econ\u00f3mica","breadcrumb":{"@id":"https:\/\/grupo.us.es\/modeloecsmec\/inicio-ecsmec\/relevancia-y-beneficios\/#breadcrumb"},"inLanguage":"es","potentialAction":[{"@type":"ReadAction","target":["https:\/\/grupo.us.es\/modeloecsmec\/inicio-ecsmec\/relevancia-y-beneficios\/"]}]},{"@type":"ImageObject","inLanguage":"es","@id":"https:\/\/grupo.us.es\/modeloecsmec\/inicio-ecsmec\/relevancia-y-beneficios\/#primaryimage","url":"https:\/\/grupo.us.es\/modeloecsmec\/wp-content\/uploads\/2024\/11\/relevancia-y-beneficios.png","contentUrl":"https:\/\/grupo.us.es\/modeloecsmec\/wp-content\/uploads\/2024\/11\/relevancia-y-beneficios.png","width":249,"height":338},{"@type":"BreadcrumbList","@id":"https:\/\/grupo.us.es\/modeloecsmec\/inicio-ecsmec\/relevancia-y-beneficios\/#breadcrumb","itemListElement":[{"@type":"ListItem","position":1,"name":"Inicio","item":"https:\/\/grupo.us.es\/modeloecsmec\/inicio-ecsmec\/"},{"@type":"ListItem","position":2,"name":"Relevancia y beneficios"}]},{"@type":"WebSite","@id":"https:\/\/grupo.us.es\/modeloecsmec\/#website","url":"https:\/\/grupo.us.es\/modeloecsmec\/","name":"Modelo ECSMEC","description":"Nueva Escuela de Pol\u00edtica Econ\u00f3mica","publisher":{"@id":"https:\/\/grupo.us.es\/modeloecsmec\/#organization"},"potentialAction":[{"@type":"SearchAction","target":{"@type":"EntryPoint","urlTemplate":"https:\/\/grupo.us.es\/modeloecsmec\/?s={search_term_string}"},"query-input":{"@type":"PropertyValueSpecification","valueRequired":true,"valueName":"search_term_string"}}],"inLanguage":"es"},{"@type":"Organization","@id":"https:\/\/grupo.us.es\/modeloecsmec\/#organization","name":"Modelo ECSMEC","url":"https:\/\/grupo.us.es\/modeloecsmec\/","logo":{"@type":"ImageObject","inLanguage":"es","@id":"https:\/\/grupo.us.es\/modeloecsmec\/#\/schema\/logo\/image\/","url":"https:\/\/grupo.us.es\/modeloecsmec\/wp-content\/uploads\/2025\/09\/Logo-Centro-Internacional-e1757169811528.png","contentUrl":"https:\/\/grupo.us.es\/modeloecsmec\/wp-content\/uploads\/2025\/09\/Logo-Centro-Internacional-e1757169811528.png","width":500,"height":238,"caption":"Modelo ECSMEC"},"image":{"@id":"https:\/\/grupo.us.es\/modeloecsmec\/#\/schema\/logo\/image\/"}}]}},"_links":{"self":[{"href":"https:\/\/grupo.us.es\/modeloecsmec\/wp-json\/wp\/v2\/pages\/2649","targetHints":{"allow":["GET"]}}],"collection":[{"href":"https:\/\/grupo.us.es\/modeloecsmec\/wp-json\/wp\/v2\/pages"}],"about":[{"href":"https:\/\/grupo.us.es\/modeloecsmec\/wp-json\/wp\/v2\/types\/page"}],"author":[{"embeddable":true,"href":"https:\/\/grupo.us.es\/modeloecsmec\/wp-json\/wp\/v2\/users\/7"}],"replies":[{"embeddable":true,"href":"https:\/\/grupo.us.es\/modeloecsmec\/wp-json\/wp\/v2\/comments?post=2649"}],"version-history":[{"count":0,"href":"https:\/\/grupo.us.es\/modeloecsmec\/wp-json\/wp\/v2\/pages\/2649\/revisions"}],"up":[{"embeddable":true,"href":"https:\/\/grupo.us.es\/modeloecsmec\/wp-json\/wp\/v2\/pages\/2648"}],"wp:attachment":[{"href":"https:\/\/grupo.us.es\/modeloecsmec\/wp-json\/wp\/v2\/media?parent=2649"}],"curies":[{"name":"wp","href":"https:\/\/api.w.org\/{rel}","templated":true}]}}