{"id":754,"date":"2020-01-01T12:00:00","date_gmt":"2020-01-01T12:00:00","guid":{"rendered":"https:\/\/grupo.us.es\/minerva\/on-the-performance-of-one-stage-and-two-stage-object-detectors-in-autonomous-vehicles-using-camera-data\/"},"modified":"2020-01-01T12:00:00","modified_gmt":"2020-01-01T12:00:00","slug":"on-the-performance-of-one-stage-and-two-stage-object-detectors-in-autonomous-vehicles-using-camera-data","status":"publish","type":"page","link":"https:\/\/grupo.us.es\/minerva\/on-the-performance-of-one-stage-and-two-stage-object-detectors-in-autonomous-vehicles-using-camera-data\/","title":{"rendered":"On the Performance of One-Stage and Two-Stage Object Detectors in Autonomous Vehicles Using Camera Data"},"content":{"rendered":"<p><div class=\"tp_single_publication\"><span class=\"tp_single_author\">Manuel Carranza-Garc\u00eda, Jes\u00fas Torres-Mateo, Pedro Lara-Ben\u00edtez, Jorge Garc\u00eda-Guti\u00e9rrez: <\/span> <span class=\"tp_single_title\">On the Performance of One-Stage and Two-Stage Object Detectors in Autonomous Vehicles Using Camera Data<\/span>. <span class=\"tp_single_additional\"><span class=\"tp_pub_additional_in\">En: <\/span><span class=\"tp_pub_additional_journal\">Remote Sensing, <\/span><span class=\"tp_pub_additional_volume\">vol. 13, <\/span><span class=\"tp_pub_additional_pages\">pp. 89, <\/span><span class=\"tp_pub_additional_year\">2020<\/span>.<\/span><\/div><!--more--><\/p>\n<h2 class=\"tp_abstract\">Resumen<\/h2><p class=\"tp_abstract\"><\/p>\n<h2 class=\"tp_links\">Enlaces<\/h2><p class=\"tp_abstract\"><ul class=\"tp_pub_list\"><li><i class=\"fas fa-globe\"><\/i><a class=\"tp_pub_list\" href=\"https:\/\/doi.org\/10.3390\/rs13010089\" title=\"https:\/\/doi.org\/10.3390\/rs13010089\" target=\"_blank\">https:\/\/doi.org\/10.3390\/rs13010089<\/a><\/li><li><i class=\"ai ai-doi\"><\/i><a class=\"tp_pub_list\" href=\"https:\/\/dx.doi.org\/10.3390\/rs13010089\" title=\"DOI de seguimiento:10.3390\/rs13010089\" target=\"_blank\">doi:10.3390\/rs13010089<\/a><\/li><\/ul><\/p>\n<h2 class=\"tp_bibtex\">BibTeX (<a href=\"https:\/\/grupo.us.es\/minerva?feed=tp_pub_bibtex&amp;key=10.3390\/rs13010089\">Download<\/a>)<\/h2><pre class=\"tp_bibtex\">@article{10.3390\/rs13010089,\r\ntitle = {On the Performance of One-Stage and Two-Stage Object Detectors in Autonomous Vehicles Using Camera Data},\r\nauthor = {Manuel Carranza-Garc\u00eda and Jes\u00fas Torres-Mateo and Pedro Lara-Ben\u00edtez and Jorge Garc\u00eda-Guti\u00e9rrez},\r\nurl = {https:\/\/doi.org\/10.3390\/rs13010089},\r\ndoi = {10.3390\/rs13010089},\r\nyear  = {2020},\r\ndate = {2020-01-01},\r\njournal = {Remote Sensing},\r\nvolume = {13},\r\npages = {89},\r\nkeywords = {},\r\npubstate = {published},\r\ntppubtype = {article}\r\n}\r\n<\/pre>\n","protected":false},"excerpt":{"rendered":"","protected":false},"author":1,"featured_media":0,"parent":0,"menu_order":0,"comment_status":"closed","ping_status":"closed","template":"","meta":{"footnotes":""},"class_list":["post-754","page","type-page","status-publish","hentry","post-item clearfix"],"_links":{"self":[{"href":"https:\/\/grupo.us.es\/minerva\/wp-json\/wp\/v2\/pages\/754","targetHints":{"allow":["GET"]}}],"collection":[{"href":"https:\/\/grupo.us.es\/minerva\/wp-json\/wp\/v2\/pages"}],"about":[{"href":"https:\/\/grupo.us.es\/minerva\/wp-json\/wp\/v2\/types\/page"}],"author":[{"embeddable":true,"href":"https:\/\/grupo.us.es\/minerva\/wp-json\/wp\/v2\/users\/1"}],"replies":[{"embeddable":true,"href":"https:\/\/grupo.us.es\/minerva\/wp-json\/wp\/v2\/comments?post=754"}],"version-history":[{"count":0,"href":"https:\/\/grupo.us.es\/minerva\/wp-json\/wp\/v2\/pages\/754\/revisions"}],"wp:attachment":[{"href":"https:\/\/grupo.us.es\/minerva\/wp-json\/wp\/v2\/media?parent=754"}],"curies":[{"name":"wp","href":"https:\/\/api.w.org\/{rel}","templated":true}]}}