{"id":748,"date":"2023-01-01T12:00:00","date_gmt":"2023-01-01T12:00:00","guid":{"rendered":"https:\/\/grupo.us.es\/minerva\/a-bayesian-optimization-based-lstm-model-for-wind-power-forecasting-in-the-adama-district-ethiopia\/"},"modified":"2023-01-01T12:00:00","modified_gmt":"2023-01-01T12:00:00","slug":"a-bayesian-optimization-based-lstm-model-for-wind-power-forecasting-in-the-adama-district-ethiopia","status":"publish","type":"page","link":"https:\/\/grupo.us.es\/minerva\/a-bayesian-optimization-based-lstm-model-for-wind-power-forecasting-in-the-adama-district-ethiopia\/","title":{"rendered":"A Bayesian Optimization-Based LSTM Model for Wind Power Forecasting in the Adama District, Ethiopia"},"content":{"rendered":"<p><div class=\"tp_single_publication\"><span class=\"tp_single_author\">Ejigu Tefera Habtemariam, Kula Kekeba, Mar\u00eda Mart\u00ednez-Ballesteros, Francisco Mart\u00ednez-\u00c1lvarez: <\/span> <span class=\"tp_single_title\">A Bayesian Optimization-Based LSTM Model for Wind Power Forecasting in the Adama District, Ethiopia<\/span>. <span class=\"tp_single_additional\"><span class=\"tp_pub_additional_in\">En: <\/span><span class=\"tp_pub_additional_journal\">Energies, <\/span><span class=\"tp_pub_additional_volume\">vol. 16, <\/span><span class=\"tp_pub_additional_pages\">pp. 2317, <\/span><span class=\"tp_pub_additional_year\">2023<\/span>.<\/span><\/div><!--more--><\/p>\n<h2 class=\"tp_abstract\">Resumen<\/h2><p class=\"tp_abstract\"><\/p>\n<h2 class=\"tp_links\">Enlaces<\/h2><p class=\"tp_abstract\"><ul class=\"tp_pub_list\"><li><i class=\"fas fa-globe\"><\/i><a class=\"tp_pub_list\" href=\"https:\/\/doi.org\/10.3390\/en16052317\" title=\"https:\/\/doi.org\/10.3390\/en16052317\" target=\"_blank\">https:\/\/doi.org\/10.3390\/en16052317<\/a><\/li><li><i class=\"ai ai-doi\"><\/i><a class=\"tp_pub_list\" href=\"https:\/\/dx.doi.org\/10.3390\/en16052317\" title=\"DOI de seguimiento:10.3390\/en16052317\" target=\"_blank\">doi:10.3390\/en16052317<\/a><\/li><\/ul><\/p>\n<h2 class=\"tp_bibtex\">BibTeX (<a href=\"https:\/\/grupo.us.es\/minerva?feed=tp_pub_bibtex&amp;key=10.3390\/en16052317\">Download<\/a>)<\/h2><pre class=\"tp_bibtex\">@article{10.3390\/en16052317,\r\ntitle = {A Bayesian Optimization-Based LSTM Model for Wind Power Forecasting in the Adama District, Ethiopia},\r\nauthor = {Ejigu Tefera Habtemariam and Kula Kekeba and Mar\u00eda Mart\u00ednez-Ballesteros and Francisco Mart\u00ednez-\u00c1lvarez},\r\nurl = {https:\/\/doi.org\/10.3390\/en16052317},\r\ndoi = {10.3390\/en16052317},\r\nyear  = {2023},\r\ndate = {2023-01-01},\r\njournal = {Energies},\r\nvolume = {16},\r\npages = {2317},\r\nkeywords = {},\r\npubstate = {published},\r\ntppubtype = {article}\r\n}\r\n<\/pre>\n","protected":false},"excerpt":{"rendered":"","protected":false},"author":1,"featured_media":0,"parent":0,"menu_order":0,"comment_status":"closed","ping_status":"closed","template":"","meta":{"footnotes":""},"class_list":["post-748","page","type-page","status-publish","hentry","post-item clearfix"],"_links":{"self":[{"href":"https:\/\/grupo.us.es\/minerva\/wp-json\/wp\/v2\/pages\/748","targetHints":{"allow":["GET"]}}],"collection":[{"href":"https:\/\/grupo.us.es\/minerva\/wp-json\/wp\/v2\/pages"}],"about":[{"href":"https:\/\/grupo.us.es\/minerva\/wp-json\/wp\/v2\/types\/page"}],"author":[{"embeddable":true,"href":"https:\/\/grupo.us.es\/minerva\/wp-json\/wp\/v2\/users\/1"}],"replies":[{"embeddable":true,"href":"https:\/\/grupo.us.es\/minerva\/wp-json\/wp\/v2\/comments?post=748"}],"version-history":[{"count":0,"href":"https:\/\/grupo.us.es\/minerva\/wp-json\/wp\/v2\/pages\/748\/revisions"}],"wp:attachment":[{"href":"https:\/\/grupo.us.es\/minerva\/wp-json\/wp\/v2\/media?parent=748"}],"curies":[{"name":"wp","href":"https:\/\/api.w.org\/{rel}","templated":true}]}}