{"id":534,"date":"2021-12-03T16:35:51","date_gmt":"2021-12-03T16:35:51","guid":{"rendered":"https:\/\/grupo.us.es\/minerva\/?page_id=534"},"modified":"2025-10-10T17:20:42","modified_gmt":"2025-10-10T16:20:42","slug":"home-2","status":"publish","type":"page","link":"https:\/\/grupo.us.es\/minerva\/","title":{"rendered":""},"content":{"rendered":"<div id=\"pl-534\"  class=\"panel-layout\" ><div id=\"pg-534-0\"  class=\"panel-grid panel-has-style\" ><div class=\"siteorigin-panels-stretch panel-row-style panel-row-style-for-534-0\" style=\"padding-top: 0px; padding-bottom: 0px; \" data-stretch-type=\"full-width-stretch\" data-mobile-padding=\"0px\" data-overlay-color=\"#000000\" ><div id=\"pgc-534-0-0\"  class=\"panel-grid-cell\" ><div id=\"panel-534-0-0-0\" class=\"so-panel widget widget_sow-hero panel-first-child panel-last-child\" data-index=\"0\" ><div style=\"text-align: left;\" data-title-color=\"#2d3142\" data-headings-color=\"#2d3142\" class=\"panel-widget-style panel-widget-style-for-534-0-0-0\" ><div\n\t\t\t\n\t\t\tclass=\"so-widget-sow-hero so-widget-sow-hero-default-ba16482e1c80-534 so-widget-fittext-wrapper\"\n\t\t\t data-fit-text-compressor=\"0.85\"\n\t\t>\t\t\t\t<div class=\"sow-slider-base\" style=\"display: none\" tabindex=\"0\">\n\t\t\t\t\t<ul\n\t\t\t\t\tclass=\"sow-slider-images\"\n\t\t\t\t\tdata-settings=\"{&quot;pagination&quot;:true,&quot;speed&quot;:800,&quot;timeout&quot;:8000,&quot;paused&quot;:false,&quot;pause_on_hover&quot;:false,&quot;swipe&quot;:true,&quot;nav_always_show_desktop&quot;:&quot;&quot;,&quot;nav_always_show_mobile&quot;:&quot;&quot;,&quot;breakpoint&quot;:&quot;780px&quot;,&quot;unmute&quot;:false,&quot;anchor&quot;:null}\"\n\t\t\t\t\tstyle=\"min-height: 714px\"\t\t\t\t\tdata-anchor-id=\"\"\n\t\t\t\t>\t\t<li class=\"sow-slider-image  sow-slider-image-cover\" style=\"visibility: visible;;background-color: #333333\" >\n\t\t\t\t\t<div class=\"sow-slider-image-container\">\n\t\t\t<div class=\"sow-slider-image-wrapper\">\n\t\t\t\t<h1 style=\"text-align: center\"><span style=\"color: #ffffff\">Minerva<\/span><\/h1>\n<h2 style=\"text-align: center\"><span style=\"color: #ffffff\">Grupo de investigaci\u00f3n de la Universidad de Sevilla especializado en proyectos de Machine Learning<\/span><\/h2>\n<div class=\"sow-hero-buttons\" style=\"text-align: center\"><div\n\t\t\t\n\t\t\tclass=\"so-widget-sow-button so-widget-sow-button-wire-1c178810668d\"\n\t\t\t\n\t\t><div class=\"ow-button-base ow-button-align-center\"\n>\n\t\t\t<a\n\t\t\t\t\thref=\"https:\/\/grupo.us.es\/minerva\/proyectos\/\"\n\t\t\t\t\tclass=\"sowb-button ow-icon-placement-left ow-button-hover\" \t>\n\t\t<span>\n\t\t\t\n\t\t\tPROYECTOS\t\t<\/span>\n\t\t\t<\/a>\n\t<\/div>\n<\/div><\/div>\t\t\t<\/div>\n\t\t<\/div>\n\t\t<div class=\"sow-slider-image-overlay sow-slider-image-cover\" style=\"opacity: 0.5;background-image: url(https:\/\/grupo.us.es\/minerva\/wp-content\/uploads\/2022\/02\/DataSciente_Sevilla.jpg)\"  ><\/div>\t\t<\/li>\n\t\t<\/ul>\t\t\t\t<ol class=\"sow-slider-pagination\">\n\t\t\t\t\t\t\t\t\t\t\t<li><a href=\"#\" data-goto=\"0\" aria-label=\"mostrar diapositiva 1\"><\/a><\/li>\n\t\t\t\t\t\t\t\t\t<\/ol>\n\n\t\t\t\t<div class=\"sow-slide-nav sow-slide-nav-next\">\n\t\t\t\t\t<a href=\"#\" data-goto=\"next\" aria-label=\"diapositiva siguiente\" data-action=\"next\">\n\t\t\t\t\t\t<em class=\"sow-sld-icon-thin-right\"><\/em>\n\t\t\t\t\t<\/a>\n\t\t\t\t<\/div>\n\n\t\t\t\t<div class=\"sow-slide-nav sow-slide-nav-prev\">\n\t\t\t\t\t<a href=\"#\" data-goto=\"previous\" aria-label=\"diapositiva anterior\" data-action=\"prev\">\n\t\t\t\t\t\t<em class=\"sow-sld-icon-thin-left\"><\/em>\n\t\t\t\t\t<\/a>\n\t\t\t\t<\/div>\n\t\t\t\t<\/div><\/div><\/div><\/div><\/div><\/div><\/div><div id=\"pg-534-1\"  class=\"panel-grid panel-has-style\" ><div class=\"siteorigin-panels-stretch panel-row-style panel-row-style-for-534-1\" style=\"padding-top: 100px; padding-bottom: 100px; \" id=\"services\" data-stretch-type=\"full\" data-mobile-padding=\"50px\" data-overlay-color=\"#000000\" ><div id=\"pgc-534-1-0\"  class=\"panel-grid-cell\" ><div id=\"panel-534-1-0-0\" class=\"so-panel widget widget_athemes_blog athemes_blog_widget panel-first-child\" data-index=\"1\" ><div style=\"text-align: center;\" data-title-color=\"#2d3142\" data-headings-color=\"#2d3142\" class=\"panel-widget-style panel-widget-style-for-534-1-0-0\" >\r\n\t\t\t<div class=\"home-blog-section\">\r\n\t\t\t<h3 class=\"widget-title\">\u00daltimas Noticias<\/h3>\t\t\t<div class=\"clearfix\">\r\n\t\t\t\t\t\t\t\t<div class=\"col-sm-4\">\r\n\t\t\t\t\t<div class=\"home-blog-item\">\r\n\t\t\t\t\t\t\t\t\t\t\t\t<div class=\"home-blog-img\">\r\n\t\t\t\t\t\t\t<a href=\"https:\/\/grupo.us.es\/minerva\/nueva-publicacion-en-applied-soft-computing-un-marco-para-seleccionar-modelos-en-series-temporales-basado-en-rendimiento-y-sostenibilidad\/\" title=\"Nueva publicaci\u00f3n en Applied Soft Computing: un marco para seleccionar modelos en series temporales basado en rendimiento y sostenibilidad\">\r\n\t\t\t\t\t\t\t\t<img loading=\"lazy\" decoding=\"async\" width=\"280\" height=\"280\" src=\"https:\/\/grupo.us.es\/minerva\/wp-content\/uploads\/2026\/04\/applied-soft-computing-280x280.jpg\" class=\"attachment-talon-home-large size-talon-home-large wp-post-image\" alt=\"\" srcset=\"https:\/\/grupo.us.es\/minerva\/wp-content\/uploads\/2026\/04\/applied-soft-computing-280x280.jpg 280w, https:\/\/grupo.us.es\/minerva\/wp-content\/uploads\/2026\/04\/applied-soft-computing-300x300.jpg 300w, https:\/\/grupo.us.es\/minerva\/wp-content\/uploads\/2026\/04\/applied-soft-computing-400x400.jpg 400w\" sizes=\"auto, (max-width: 280px) 100vw, 280px\" \/>\t\t\t\t\t\t\t<\/a>\t\t\t\r\n\t\t\t\t\t\t<\/div>\t\r\n\t\t\t\t\t\t\t\r\n\t\t\t\t\t\t<div class=\"entry-meta meta-home\">\r\n\t\t\t\t\t\t\t<p><span class=\"byline\"><span class=\"author vcard\"><a class=\"url fn n\" href=\"https:\/\/grupo.us.es\/minerva\/author\/minervadmin\/\">Jos\u00e9 Mar\u00eda Luna<\/a><\/span><span class=\"meta-dash\">&ndash;<\/span><\/span><span class=\"cat-links\"><a href=\"https:\/\/grupo.us.es\/minerva\/category\/noticias\/\" rel=\"category tag\">Noticias<\/a><\/span><span class=\"meta-dash\">&ndash;<\/span><span class=\"posted-on\"><time class=\"entry-date published updated\" datetime=\"2026-04-07T15:00:57+01:00\">07\/04\/2026<\/time><\/span><\/p>\r\n\t\t\t\t\t\t<\/div>\r\n\t\t\t\t\t\t<div class=\"home-post-title\">\r\n\t\t\t\t\t\t\t<h3><a href=\"https:\/\/grupo.us.es\/minerva\/nueva-publicacion-en-applied-soft-computing-un-marco-para-seleccionar-modelos-en-series-temporales-basado-en-rendimiento-y-sostenibilidad\/\" rel=\"bookmark\">Nueva publicaci\u00f3n en Applied Soft Computing: un marco para seleccionar modelos en series temporales basado en rendimiento y sostenibilidad<\/a><\/h3>\t\t\t\t\t\t<\/div>\r\n\t\t\t\t\t<\/div>\r\n\t\t\t\t<\/div>\r\n\t\t\t\t\t\t\t\t<div class=\"col-sm-4\">\r\n\t\t\t\t\t<div class=\"home-blog-item\">\r\n\t\t\t\t\t\t\t\t\t\t\t\t<div class=\"home-blog-img\">\r\n\t\t\t\t\t\t\t<a href=\"https:\/\/grupo.us.es\/minerva\/seminario-sobre-computacion-cuantica-una-puerta-de-entrada-a-los-fundamentos-paradigmas-y-aplicaciones\/\" title=\"Seminario sobre computaci\u00f3n cu\u00e1ntica: una puerta de entrada a los fundamentos, paradigmas y aplicaciones\">\r\n\t\t\t\t\t\t\t\t<img loading=\"lazy\" decoding=\"async\" width=\"280\" height=\"280\" src=\"https:\/\/grupo.us.es\/minerva\/wp-content\/uploads\/2026\/04\/Charla-Computacion-Cuantica-280x280.png\" class=\"attachment-talon-home-large size-talon-home-large wp-post-image\" alt=\"\" srcset=\"https:\/\/grupo.us.es\/minerva\/wp-content\/uploads\/2026\/04\/Charla-Computacion-Cuantica-280x280.png 280w, https:\/\/grupo.us.es\/minerva\/wp-content\/uploads\/2026\/04\/Charla-Computacion-Cuantica-300x300.png 300w, https:\/\/grupo.us.es\/minerva\/wp-content\/uploads\/2026\/04\/Charla-Computacion-Cuantica-400x400.png 400w\" sizes=\"auto, (max-width: 280px) 100vw, 280px\" \/>\t\t\t\t\t\t\t<\/a>\t\t\t\r\n\t\t\t\t\t\t<\/div>\t\r\n\t\t\t\t\t\t\t\r\n\t\t\t\t\t\t<div class=\"entry-meta meta-home\">\r\n\t\t\t\t\t\t\t<p><span class=\"byline\"><span class=\"author vcard\"><a class=\"url fn n\" href=\"https:\/\/grupo.us.es\/minerva\/author\/minervadmin\/\">Jos\u00e9 Mar\u00eda Luna<\/a><\/span><span class=\"meta-dash\">&ndash;<\/span><\/span><span class=\"cat-links\"><a href=\"https:\/\/grupo.us.es\/minerva\/category\/noticias\/\" rel=\"category tag\">Noticias<\/a>, <a href=\"https:\/\/grupo.us.es\/minerva\/category\/seminarios\/\" rel=\"category tag\">Seminarios<\/a><\/span><span class=\"meta-dash\">&ndash;<\/span><span class=\"posted-on\"><time class=\"entry-date published\" datetime=\"2026-02-23T15:06:35+01:00\">23\/02\/2026<\/time><time class=\"updated\" datetime=\"2026-04-07T15:24:49+01:00\">07\/04\/2026<\/time><\/span><\/p>\r\n\t\t\t\t\t\t<\/div>\r\n\t\t\t\t\t\t<div class=\"home-post-title\">\r\n\t\t\t\t\t\t\t<h3><a href=\"https:\/\/grupo.us.es\/minerva\/seminario-sobre-computacion-cuantica-una-puerta-de-entrada-a-los-fundamentos-paradigmas-y-aplicaciones\/\" rel=\"bookmark\">Seminario sobre computaci\u00f3n cu\u00e1ntica: una puerta de entrada a los fundamentos, paradigmas y aplicaciones<\/a><\/h3>\t\t\t\t\t\t<\/div>\r\n\t\t\t\t\t<\/div>\r\n\t\t\t\t<\/div>\r\n\t\t\t\t\t\t\t\t<div class=\"col-sm-4\">\r\n\t\t\t\t\t<div class=\"home-blog-item\">\r\n\t\t\t\t\t\t\t\t\t\t\t\t<div class=\"home-blog-img\">\r\n\t\t\t\t\t\t\t<a href=\"https:\/\/grupo.us.es\/minerva\/hefs-un-metodo-eficiente-y-sostenible-para-la-seleccion-de-caracteristicas-en-series-temporales\/\" title=\"HEFS, un m\u00e9todo eficiente y sostenible para la selecci\u00f3n de caracter\u00edsticas en series temporales\">\r\n\t\t\t\t\t\t\t\t<img loading=\"lazy\" decoding=\"async\" width=\"280\" height=\"280\" src=\"https:\/\/grupo.us.es\/minerva\/wp-content\/uploads\/2026\/02\/Sustainable-Computing-280x280.jpg\" class=\"attachment-talon-home-large size-talon-home-large wp-post-image\" alt=\"\" srcset=\"https:\/\/grupo.us.es\/minerva\/wp-content\/uploads\/2026\/02\/Sustainable-Computing-280x280.jpg 280w, https:\/\/grupo.us.es\/minerva\/wp-content\/uploads\/2026\/02\/Sustainable-Computing-300x300.jpg 300w, https:\/\/grupo.us.es\/minerva\/wp-content\/uploads\/2026\/02\/Sustainable-Computing-400x400.jpg 400w\" sizes=\"auto, (max-width: 280px) 100vw, 280px\" \/>\t\t\t\t\t\t\t<\/a>\t\t\t\r\n\t\t\t\t\t\t<\/div>\t\r\n\t\t\t\t\t\t\t\r\n\t\t\t\t\t\t<div class=\"entry-meta meta-home\">\r\n\t\t\t\t\t\t\t<p><span class=\"byline\"><span class=\"author vcard\"><a class=\"url fn n\" href=\"https:\/\/grupo.us.es\/minerva\/author\/minervadmin\/\">Jos\u00e9 Mar\u00eda Luna<\/a><\/span><span class=\"meta-dash\">&ndash;<\/span><\/span><span class=\"cat-links\"><a href=\"https:\/\/grupo.us.es\/minerva\/category\/noticias\/\" rel=\"category tag\">Noticias<\/a><\/span><span class=\"meta-dash\">&ndash;<\/span><span class=\"posted-on\"><time class=\"entry-date published updated\" datetime=\"2026-02-18T11:35:06+01:00\">18\/02\/2026<\/time><\/span><\/p>\r\n\t\t\t\t\t\t<\/div>\r\n\t\t\t\t\t\t<div class=\"home-post-title\">\r\n\t\t\t\t\t\t\t<h3><a href=\"https:\/\/grupo.us.es\/minerva\/hefs-un-metodo-eficiente-y-sostenible-para-la-seleccion-de-caracteristicas-en-series-temporales\/\" rel=\"bookmark\">HEFS, un m\u00e9todo eficiente y sostenible para la selecci\u00f3n de caracter\u00edsticas en series temporales<\/a><\/h3>\t\t\t\t\t\t<\/div>\r\n\t\t\t\t\t<\/div>\r\n\t\t\t\t<\/div>\r\n\t\t\t\t\t\t\t\t<\/div>\r\n\t\t\t\t\t\t\t\t\t\t<div class=\"blog-button\"><a href=\"https:\/\/grupo.us.es\/minerva\/category\/noticias\/\">+ Ver m\u00e1s<\/a><\/div>\r\n\t\t\t\t\t\r\n\t\t\t\t\t\t<\/div>\r\n\t\t\t<\/div><\/div><div id=\"panel-534-1-0-1\" class=\"so-panel widget widget_sow-headline\" data-index=\"2\" ><div style=\"text-align: left;\" data-title-color=\"#2d3142\" data-headings-color=\"#2d3142\" class=\"panel-widget-style panel-widget-style-for-534-1-0-1\" ><div\n\t\t\t\n\t\t\tclass=\"so-widget-sow-headline so-widget-sow-headline-default-d07e1e83720a-909 so-widget-fittext-wrapper\"\n\t\t\t data-fit-text-compressor=\"0.85\"\n\t\t><div class=\"sow-headline-container \">\n\t\t\t\t\t\t\t<h1 class=\"sow-headline\">\n\t\t\t\t\t\tQU\u00c9 HACEMOS\t\t\t\t\t\t<\/h1>\n\t\t\t\t\t\t\t\t\t\t\t<div class=\"decoration\">\n\t\t\t\t\t\t<div class=\"decoration-inside\"><\/div>\n\t\t\t\t\t<\/div>\n\t\t\t\t\t\t\t\t\t\t\t<p class=\"sow-sub-headline\">\n\t\t\t\t\t\tSomos un grupo de investigaci\u00f3n del departamento de Lenguajes y Sistemas Inform\u00e1ticos de la Escuela T\u00e9cnica Superior de la Universidad de Sevilla\t\t\t\t\t\t<\/p>\n\t\t\t\t\t\t<\/div>\n<\/div><\/div><\/div><div id=\"panel-534-1-0-2\" class=\"so-panel widget widget_sow-features panel-last-child\" data-index=\"3\" ><div style=\"text-align: left;\" data-title-color=\"#2d3142\" data-headings-color=\"#2d3142\" class=\"panel-widget-style panel-widget-style-for-534-1-0-2\" ><div\n\t\t\t\n\t\t\tclass=\"so-widget-sow-features so-widget-sow-features-default-0d9d299bc709-909\"\n\t\t\t\n\t\t><ul\n\tclass=\"sow-features-list\n\tsow-features-responsive\">\n\n\t\t\t<li\n\t\t\tclass=\"sow-features-feature sow-icon-container-position-top\"\n\t\t\tstyle=\"display: flex; flex-direction: column; width: calc(25% - 25px);\"\n\t\t>\n\t\t\t\n\t\t\t\t\t\t<div\t\t\t\tclass=\"sow-icon-container sow-container-none\"\n\t\t\t\tstyle=\"color: #404040; \"\n\t\t\t\t\n\t\t\t\t\t\t\t>\n\t\t\t\t<span class=\"sow-icon-elegantline\" data-sow-icon=\"&#xe007;\"\n\t\tstyle=\"font-size: 54px; color: #333333\" \n\t\taria-hidden=\"true\"><\/span>\t\t\t<\/div>\n\n\t\t\t<div class=\"textwidget\">\n\t\t\t\t\n\t\t\t\t\t\t\t\t\t<h5 class=\"sow-features-feature-title\">\n\t\t\t\t\t\tMachine Learning\t\t\t\t\t<\/h5>\n\t\t\t\t\n\t\t\t\t\t\t\t\t\t<div class=\"sow-features-feature-text\">\n\t\t\t\t\t<p>Proyectos de miner\u00eda de datos en los que entrenamos un modelo matem\u00e1tico para que aprenda y pueda clasificar datos, buscar relaciones entre ellos o realizar predicciones.<\/p>\n\t\t\t\t\t<\/div>\n\t\t\t\t\t\t\t\t<\/div>\n\t\t\t\t\t\t\t\t<\/li>\n\n\t\t\t<li\n\t\t\tclass=\"sow-features-feature sow-icon-container-position-top\"\n\t\t\tstyle=\"display: flex; flex-direction: column; width: calc(25% - 25px);\"\n\t\t>\n\t\t\t\n\t\t\t\t\t\t<div\t\t\t\tclass=\"sow-icon-container sow-container-none\"\n\t\t\t\tstyle=\"color: #404040; \"\n\t\t\t\t\n\t\t\t\t\t\t\t>\n\t\t\t\t<span class=\"sow-icon-elegantline\" data-sow-icon=\"&#xe039;\"\n\t\tstyle=\"font-size: 54px; color: #333333\" \n\t\taria-hidden=\"true\"><\/span>\t\t\t<\/div>\n\n\t\t\t<div class=\"textwidget\">\n\t\t\t\t\n\t\t\t\t\t\t\t\t\t<h5 class=\"sow-features-feature-title\">\n\t\t\t\t\t\tBioinform\u00e1tica\t\t\t\t\t<\/h5>\n\t\t\t\t\n\t\t\t\t\t\t\t\t\t<div class=\"sow-features-feature-text\">\n\t\t\t\t\t<p>Tratamiento, desarrollo y soluciones a datos biom\u00e9dicos con el fin de descubrir conocimiento oculto en ellos.<\/p>\n\t\t\t\t\t<\/div>\n\t\t\t\t\t\t\t\t<\/div>\n\t\t\t\t\t\t\t\t<\/li>\n\n\t\t\t<li\n\t\t\tclass=\"sow-features-feature sow-icon-container-position-top\"\n\t\t\tstyle=\"display: flex; flex-direction: column; width: calc(25% - 25px);\"\n\t\t>\n\t\t\t\n\t\t\t\t\t\t<div\t\t\t\tclass=\"sow-icon-container sow-container-none\"\n\t\t\t\tstyle=\"color: #404040; \"\n\t\t\t\t\n\t\t\t\t\t\t\t>\n\t\t\t\t<span class=\"sow-icon-elegantline\" data-sow-icon=\"&#xe031;\"\n\t\tstyle=\"font-size: 54px; color: #333333\" \n\t\taria-hidden=\"true\"><\/span>\t\t\t<\/div>\n\n\t\t\t<div class=\"textwidget\">\n\t\t\t\t\n\t\t\t\t\t\t\t\t\t<h5 class=\"sow-features-feature-title\">\n\t\t\t\t\t\tBig Data\t\t\t\t\t<\/h5>\n\t\t\t\t\n\t\t\t\t\t\t\t\t\t<div class=\"sow-features-feature-text\">\n\t\t\t\t\t<p>Desarrollo y uso de tecnolog\u00edas para el tratamiento masivo de datos orientado a la aplicaci\u00f3n de t\u00e9cnicas de machine learning.<\/p>\n\t\t\t\t\t<\/div>\n\t\t\t\t\t\t\t\t<\/div>\n\t\t\t\t\t\t\t\t<\/li>\n\n\t\t\t<li\n\t\t\tclass=\"sow-features-feature sow-icon-container-position-top\"\n\t\t\tstyle=\"display: flex; flex-direction: column; width: calc(25% - 25px);\"\n\t\t>\n\t\t\t\n\t\t\t\t\t\t<div\t\t\t\tclass=\"sow-icon-container sow-container-none\"\n\t\t\t\tstyle=\"color: #404040; \"\n\t\t\t\t\n\t\t\t\t\t\t\t>\n\t\t\t\t<span class=\"sow-icon-elegantline\" data-sow-icon=\"&#xe019;\"\n\t\tstyle=\"font-size: 54px; color: #333333\" \n\t\taria-hidden=\"true\"><\/span>\t\t\t<\/div>\n\n\t\t\t<div class=\"textwidget\">\n\t\t\t\t\n\t\t\t\t\t\t\t\t\t<h5 class=\"sow-features-feature-title\">\n\t\t\t\t\t\tDeep Learning\t\t\t\t\t<\/h5>\n\t\t\t\t\n\t\t\t\t\t\t\t\t\t<div class=\"sow-features-feature-text\">\n\t\t\t\t\t<p>Dise\u00f1o y explotaci\u00f3n de nuevas metodolog\u00edas con redes neuronales profundas en proyectos para el tratamiento de im\u00e1genes o v\u00eddeos.<\/p>\n\t\t\t\t\t<\/div>\n\t\t\t\t\t\t\t\t<\/div>\n\t\t\t\t\t\t\t\t<\/li>\n\n\t<\/ul>\n<\/div><\/div><\/div><\/div><\/div><\/div><div id=\"pg-534-2\"  class=\"panel-grid panel-has-style\" ><div class=\"siteorigin-panels-stretch panel-row-style panel-row-style-for-534-2\" style=\"padding-top: 100px; padding-bottom: 100px; \" data-stretch-type=\"full-width-stretch\" data-mobile-padding=\"50px\" ><div id=\"pgc-534-2-0\"  class=\"panel-grid-cell\" ><div id=\"panel-534-2-0-0\" class=\"so-panel widget widget_sow-headline panel-first-child panel-last-child\" data-index=\"4\" ><div style=\"text-align: left;\" data-title-color=\"#2d3142\" data-headings-color=\"#2d3142\" class=\"panel-widget-style panel-widget-style-for-534-2-0-0\" ><div\n\t\t\t\n\t\t\tclass=\"so-widget-sow-headline so-widget-sow-headline-default-362c3d5da4ba-909 so-widget-fittext-wrapper\"\n\t\t\t data-fit-text-compressor=\"0.85\"\n\t\t><div class=\"sow-headline-container \">\n\t\t\t\t\t\t\t<h3 class=\"sow-sub-headline\">\n\t\t\t\t\t\t\u201cThe world is one big data problem.\u201d \u2014 Andrew McAfee\t\t\t\t\t\t<\/h3>\n\t\t\t\t\t\t<\/div>\n<\/div><\/div><\/div><\/div><\/div><\/div><div id=\"pg-534-3\"  class=\"panel-grid panel-has-style\" ><div class=\"colaboradores panel-row-style panel-row-style-for-534-3\" style=\"padding-top: 100px; padding-bottom: 100px; \" data-mobile-padding=\"50px\" data-overlay-color=\"#000000\" ><div id=\"pgc-534-3-0\"  class=\"panel-grid-cell\" ><div id=\"panel-534-3-0-0\" class=\"so-panel widget widget_sow-editor panel-first-child panel-last-child\" data-index=\"5\" ><div style=\"text-align: left;\" data-title-color=\"#2d3142\" data-headings-color=\"#2d3142\" class=\"panel-widget-style panel-widget-style-for-534-3-0-0\" ><div\n\t\t\t\n\t\t\tclass=\"so-widget-sow-editor so-widget-sow-editor-base\"\n\t\t\t\n\t\t><h3 class=\"widget-title\">Entidades colaboradoras<\/h3>\n<div class=\"siteorigin-widget-tinymce textwidget\">\n\t<p><img loading=\"lazy\" decoding=\"async\" class=\"alignnone  wp-image-894\" src=\"https:\/\/grupo.us.es\/minerva\/wp-content\/uploads\/2025\/10\/ree_logo.png\" alt=\"\" width=\"440\" height=\"55\" srcset=\"https:\/\/grupo.us.es\/minerva\/wp-content\/uploads\/2025\/10\/ree_logo.png 1024w, https:\/\/grupo.us.es\/minerva\/wp-content\/uploads\/2025\/10\/ree_logo-600x75.png 600w, https:\/\/grupo.us.es\/minerva\/wp-content\/uploads\/2025\/10\/ree_logo-768x96.png 768w, https:\/\/grupo.us.es\/minerva\/wp-content\/uploads\/2025\/10\/ree_logo-200x25.png 200w, https:\/\/grupo.us.es\/minerva\/wp-content\/uploads\/2025\/10\/ree_logo-690x86.png 690w\" sizes=\"auto, (max-width: 440px) 100vw, 440px\" \/> \u00a0 <img loading=\"lazy\" decoding=\"async\" class=\"alignnone  wp-image-895\" src=\"https:\/\/grupo.us.es\/minerva\/wp-content\/uploads\/2025\/10\/junta_andalucia_logo.png\" alt=\"\" width=\"223\" height=\"126\" srcset=\"https:\/\/grupo.us.es\/minerva\/wp-content\/uploads\/2025\/10\/junta_andalucia_logo.png 1024w, https:\/\/grupo.us.es\/minerva\/wp-content\/uploads\/2025\/10\/junta_andalucia_logo-600x339.png 600w, https:\/\/grupo.us.es\/minerva\/wp-content\/uploads\/2025\/10\/junta_andalucia_logo-768x434.png 768w, https:\/\/grupo.us.es\/minerva\/wp-content\/uploads\/2025\/10\/junta_andalucia_logo-200x113.png 200w, https:\/\/grupo.us.es\/minerva\/wp-content\/uploads\/2025\/10\/junta_andalucia_logo-690x390.png 690w\" sizes=\"auto, (max-width: 223px) 100vw, 223px\" \/>\u00a0 \u00a0<img loading=\"lazy\" decoding=\"async\" class=\"alignnone  wp-image-897\" src=\"https:\/\/grupo.us.es\/minerva\/wp-content\/uploads\/2025\/10\/AICIA_logo.png\" alt=\"\" width=\"56\" height=\"81\" \/><\/p>\n<p><img loading=\"lazy\" decoding=\"async\" class=\"alignnone  wp-image-896\" src=\"https:\/\/grupo.us.es\/minerva\/wp-content\/uploads\/2025\/10\/miciu_logo.png\" alt=\"\" width=\"318\" height=\"83\" srcset=\"https:\/\/grupo.us.es\/minerva\/wp-content\/uploads\/2025\/10\/miciu_logo.png 1200w, https:\/\/grupo.us.es\/minerva\/wp-content\/uploads\/2025\/10\/miciu_logo-600x157.png 600w, https:\/\/grupo.us.es\/minerva\/wp-content\/uploads\/2025\/10\/miciu_logo-1024x267.png 1024w, https:\/\/grupo.us.es\/minerva\/wp-content\/uploads\/2025\/10\/miciu_logo-768x200.png 768w, https:\/\/grupo.us.es\/minerva\/wp-content\/uploads\/2025\/10\/miciu_logo-200x52.png 200w, https:\/\/grupo.us.es\/minerva\/wp-content\/uploads\/2025\/10\/miciu_logo-690x180.png 690w\" sizes=\"auto, (max-width: 318px) 100vw, 318px\" \/><img loading=\"lazy\" decoding=\"async\" class=\"alignnone  wp-image-898\" src=\"https:\/\/grupo.us.es\/minerva\/wp-content\/uploads\/2025\/10\/Ayesa.jpg\" alt=\"\" width=\"387\" height=\"108\" srcset=\"https:\/\/grupo.us.es\/minerva\/wp-content\/uploads\/2025\/10\/Ayesa.jpg 1920w, https:\/\/grupo.us.es\/minerva\/wp-content\/uploads\/2025\/10\/Ayesa-600x168.jpg 600w, https:\/\/grupo.us.es\/minerva\/wp-content\/uploads\/2025\/10\/Ayesa-1024x286.jpg 1024w, https:\/\/grupo.us.es\/minerva\/wp-content\/uploads\/2025\/10\/Ayesa-768x214.jpg 768w, https:\/\/grupo.us.es\/minerva\/wp-content\/uploads\/2025\/10\/Ayesa-1536x429.jpg 1536w, https:\/\/grupo.us.es\/minerva\/wp-content\/uploads\/2025\/10\/Ayesa-200x56.jpg 200w, https:\/\/grupo.us.es\/minerva\/wp-content\/uploads\/2025\/10\/Ayesa-690x193.jpg 690w\" sizes=\"auto, (max-width: 387px) 100vw, 387px\" \/><\/p>\n<p><img loading=\"lazy\" decoding=\"async\" class=\"alignnone size-full wp-image-899\" src=\"https:\/\/grupo.us.es\/minerva\/wp-content\/uploads\/2025\/10\/sol-ution_logo.png\" alt=\"\" width=\"311\" height=\"84\" srcset=\"https:\/\/grupo.us.es\/minerva\/wp-content\/uploads\/2025\/10\/sol-ution_logo.png 311w, https:\/\/grupo.us.es\/minerva\/wp-content\/uploads\/2025\/10\/sol-ution_logo-200x54.png 200w\" sizes=\"auto, (max-width: 311px) 100vw, 311px\" \/>\u00a0 \u00a0<img loading=\"lazy\" decoding=\"async\" class=\"alignnone  wp-image-900\" src=\"https:\/\/grupo.us.es\/minerva\/wp-content\/uploads\/2025\/10\/tecnova_logo.png\" alt=\"\" width=\"121\" height=\"121\" srcset=\"https:\/\/grupo.us.es\/minerva\/wp-content\/uploads\/2025\/10\/tecnova_logo.png 250w, https:\/\/grupo.us.es\/minerva\/wp-content\/uploads\/2025\/10\/tecnova_logo-200x200.png 200w\" sizes=\"auto, (max-width: 121px) 100vw, 121px\" \/><\/p>\n<\/div>\n<\/div><\/div><\/div><\/div><\/div><\/div><div id=\"pg-534-4\"  class=\"panel-grid panel-has-style\" ><div style=\"padding-top: 100px; padding-bottom: 100px; \" data-mobile-padding=\"50px\" data-overlay-color=\"#000000\" class=\"panel-row-style panel-row-style-for-534-4\" ><div id=\"pgc-534-4-0\"  class=\"panel-grid-cell\" ><div id=\"panel-534-4-0-0\" class=\"so-panel widget widget_text panel-first-child panel-last-child\" data-index=\"6\" ><div style=\"text-align: left;\" data-title-color=\"#2d3142\" data-headings-color=\"#2d3142\" class=\"panel-widget-style panel-widget-style-for-534-4-0-0\" ><h3 class=\"widget-title\">Inteligencia Artificial, Ciencia Abierta e Innovaci\u00f3n desde la Universidad de Sevilla<\/h3>\t\t\t<div class=\"textwidget\"><p class=\"\" data-start=\"438\" data-end=\"983\">Desde nuestro grupo de investigaci\u00f3n en la <strong data-start=\"481\" data-end=\"507\">Universidad de Sevilla<\/strong>, desarrollamos herramientas innovadoras y de <strong data-start=\"553\" data-end=\"571\">c\u00f3digo abierto<\/strong> aplicadas a la <strong data-start=\"587\" data-end=\"614\">inteligencia artificial<\/strong>, el <strong data-start=\"619\" data-end=\"645\">aprendizaje autom\u00e1tico<\/strong> y la <strong data-start=\"651\" data-end=\"676\">medicina de precisi\u00f3n<\/strong>, como <strong data-start=\"683\" data-end=\"695\">DeepSeek<\/strong> y <strong data-start=\"698\" data-end=\"709\">MetaGen<\/strong>. Participamos activamente en proyectos de transferencia, eventos de divulgaci\u00f3n como <em data-start=\"795\" data-end=\"813\">Caf\u00e9 con Ciencia<\/em>, y ciclos de seminarios sobre IA, abordando temas clave como el procesamiento de datos cl\u00ednicos, las metaheur\u00edsticas, o la \u00e9tica en el desarrollo de modelos predictivos.<\/p>\n<p class=\"\" data-start=\"985\" data-end=\"1373\">Promovemos una <strong data-start=\"1000\" data-end=\"1045\">ciencia abierta, inclusiva y colaborativa<\/strong>, que conecta la investigaci\u00f3n con la sociedad y fomenta el talento joven. A trav\u00e9s de publicaciones cient\u00edficas, charlas, entrevistas en medios y recursos educativos, contribuimos al avance del conocimiento en \u00e1reas como la <strong data-start=\"1270\" data-end=\"1296\">IA aplicada a la salud<\/strong>, la <strong data-start=\"1301\" data-end=\"1319\">bioinform\u00e1tica<\/strong> y la <strong data-start=\"1325\" data-end=\"1372\">optimizaci\u00f3n de modelos de machine learning<\/strong>.<\/p>\n<\/div>\n\t\t<\/div><\/div><\/div><\/div><\/div><\/div>","protected":false},"excerpt":{"rendered":"<p>Minerva Grupo de investigaci\u00f3n de la Universidad de Sevilla especializado en proyectos de Machine Learning PROYECTOS \u00daltimas Noticias Jos\u00e9 Mar\u00eda <a class=\"read-more\" href=\"https:\/\/grupo.us.es\/minerva\/\">Leer m\u00e1s<\/a><\/p>\n","protected":false},"author":1,"featured_media":0,"parent":0,"menu_order":0,"comment_status":"closed","ping_status":"closed","template":"page-templates\/template_fullwidth.php","meta":{"footnotes":""},"class_list":["post-534","page","type-page","status-publish","hentry","post-item clearfix"],"_links":{"self":[{"href":"https:\/\/grupo.us.es\/minerva\/wp-json\/wp\/v2\/pages\/534","targetHints":{"allow":["GET"]}}],"collection":[{"href":"https:\/\/grupo.us.es\/minerva\/wp-json\/wp\/v2\/pages"}],"about":[{"href":"https:\/\/grupo.us.es\/minerva\/wp-json\/wp\/v2\/types\/page"}],"author":[{"embeddable":true,"href":"https:\/\/grupo.us.es\/minerva\/wp-json\/wp\/v2\/users\/1"}],"replies":[{"embeddable":true,"href":"https:\/\/grupo.us.es\/minerva\/wp-json\/wp\/v2\/comments?post=534"}],"version-history":[{"count":0,"href":"https:\/\/grupo.us.es\/minerva\/wp-json\/wp\/v2\/pages\/534\/revisions"}],"wp:attachment":[{"href":"https:\/\/grupo.us.es\/minerva\/wp-json\/wp\/v2\/media?parent=534"}],"curies":[{"name":"wp","href":"https:\/\/api.w.org\/{rel}","templated":true}]}}